{"id":6305,"date":"2025-11-11T14:06:32","date_gmt":"2025-11-11T13:06:32","guid":{"rendered":"https:\/\/www.filtnor.com\/?page_id=6305"},"modified":"2025-11-11T14:22:56","modified_gmt":"2025-11-11T13:22:56","slug":"filter-for-betongproduktion","status":"publish","type":"page","link":"https:\/\/www.filtnor.com\/se\/anvandningsomraden-for-tryckfilter\/filter-for-betongproduktion\/","title":{"rendered":"Filter f\u00f6r betongproduktion"},"content":{"rendered":"<div class=\"wpb-content-wrapper\"><div class=\"vc_row wpb_row vc_row-fluid vc_custom_1762867343120\"><div class=\"wpb_column vc_column_container vc_col-sm-12 vc_col-lg-6 vc_col-md-6\"><div class=\"vc_column-inner\"><div class=\"wpb_wrapper\"><div class=\"section-title-wrapper shortcode-rand-2 induzy-inline-css\" data-css=\"&quot;.shortcode-rand-2 .title-separator.separator-border { background-color: ; }.shortcode-rand-2 .section-title { text-transform: none; }&quot;\"><div class=\"title-wrap\"><h2 class=\"section-title\">Filtreringsl\u00f6sningar f\u00f6r betongproduktion<\/h2><span class=\"title-separator separator-border theme-color-bg\"><\/span><\/div><!-- .title-wrap --><div class=\"section-description\">Vid betongproduktion \u00e4r hanteringen av processvatten och slam avg\u00f6rande f\u00f6r b\u00e5de driftseffektivitet och milj\u00f6efterlevnad. Filterpressar \u00e4r en bepr\u00f6vad l\u00f6sning f\u00f6r att separera fasta \u00e4mnen och v\u00e4tskor fr\u00e5n tv\u00e4ttvatten som genereras vid betongblandning, tv\u00e4ttning av ballast och reng\u00f6ring av betongbilar.<\/p>\n<p>Genom att anv\u00e4nda en filterpress kan betongproducenter \u00e5tervinna rent vatten f\u00f6r \u00e5teranv\u00e4ndning i produktionen, medan det avvattnade slammet enkelt kan hanteras och bortskaffas. Detta minskar inte bara avfallsvolymen utan minimerar ocks\u00e5 behovet av kostsamma vattenrenings- och utsl\u00e4ppsavgifter \u2013 vilket ger b\u00e5de ekonomiska och milj\u00f6m\u00e4ssiga f\u00f6rdelar.<\/p>\n<p>Filtnor levererar kompletta filtreringsl\u00f6sningar f\u00f6r betonganl\u00e4ggningar, inklusive filterpressar, reservdelar och teknisk support f\u00f6r optimering och service. V\u00e5r erfarenhet av industriell processfiltrering s\u00e4kerst\u00e4ller tillf\u00f6rlitlig drift \u00e4ven i kr\u00e4vande applikationer som betongtv\u00e4ttvatten.<\/div><!-- .section-description --><\/div><!-- .section-title-wrapper --><div class=\"feature-box-wrapper feature-box-style-1 vc_custom_1762866973136 shortcode-rand-3 induzy-inline-css\" data-css=\"&quot;.shortcode-rand-3.feature-box-wrapper {background: -moz-linear-gradient(141deg,  0%,  51%,  75%);\\r\\n\\t\\t\\t\\tbackground: -webkit-linear-gradient(141deg,  0%,  51%,  75%);\\r\\n\\t\\t\\t\\tbackground: linear-gradient(141deg,  0%,  51%,  75%);}.shortcode-rand-3 .feature-box-icon { font-size: 24px; }.shortcode-rand-3 .feature-box-icon { height: 48px; width: 48px; }.shortcode-rand-3 .feature-box-icon &gt; span { line-height: 2; }.shortcode-rand-3:hover .feature-box-icon { background: none; }&quot;\" ><div class=\"feature-box-btn\"><a class=\"btn default\" href=\"https:\/\/www.filtnor.com\/se\/kontakta-oss\/\" title=\"SKICKA F\u00d6RFR\u00c5GAN \u00bb\">SKICKA F\u00d6RFR\u00c5GAN \u00bb<\/a><\/div><!-- .feature-box-btn --><\/div><!-- .feature-box-wrapper --><\/div><\/div><\/div><div class=\"wpb_column vc_column_container vc_col-sm-12 vc_col-lg-6 vc_col-md-6\"><div class=\"vc_column-inner\"><div class=\"wpb_wrapper\">\n\t<div  class=\"wpb_single_image wpb_content_element vc_align_left wpb_content_element\">\n\t\t\n\t\t<figure class=\"wpb_wrapper vc_figure\">\n\t\t\t<div class=\"vc_single_image-wrapper   vc_box_border_grey\"><img loading=\"lazy\" decoding=\"async\" width=\"1024\" height=\"1024\" src=\"https:\/\/www.filtnor.com\/wp-content\/uploads\/2025\/11\/areas-of-use_concrete-production.png\" class=\"vc_single_image-img attachment-full\" alt=\"Filterdukar f\u00f6r filterpressar som anv\u00e4nds vid betongproduktion f\u00f6r att rena och \u00e5tervinna tv\u00e4ttvatten.\" title=\"filterduk-betongproduktion-filtnor\" srcset=\"https:\/\/www.filtnor.com\/wp-content\/uploads\/2025\/11\/areas-of-use_concrete-production.png 1024w, https:\/\/www.filtnor.com\/wp-content\/uploads\/2025\/11\/areas-of-use_concrete-production-80x80.png 80w, https:\/\/www.filtnor.com\/wp-content\/uploads\/2025\/11\/areas-of-use_concrete-production-768x768.png 768w, https:\/\/www.filtnor.com\/wp-content\/uploads\/2025\/11\/areas-of-use_concrete-production-12x12.png 12w, https:\/\/www.filtnor.com\/wp-content\/uploads\/2025\/11\/areas-of-use_concrete-production-600x600.png 600w, https:\/\/www.filtnor.com\/wp-content\/uploads\/2025\/11\/areas-of-use_concrete-production-300x300.png 300w, https:\/\/www.filtnor.com\/wp-content\/uploads\/2025\/11\/areas-of-use_concrete-production-100x100.png 100w\" sizes=\"auto, (max-width: 1024px) 100vw, 1024px\" \/><\/div>\n\t\t<\/figure>\n\t<\/div>\n<\/div><\/div><\/div><\/div><div class=\"vc_row wpb_row vc_row-fluid vc_custom_1691588774257\"><div class=\"wpb_column vc_column_container vc_col-sm-6\"><div class=\"vc_column-inner\"><div class=\"wpb_wrapper\"><div class=\"section-title-wrapper shortcode-rand-5 induzy-inline-css\" data-css=\"&quot;.shortcode-rand-5 .title-separator.separator-border { background-color: ; }.shortcode-rand-5 .section-title { text-transform: none; }&quot;\"><div class=\"title-wrap\"><h4 class=\"section-title\">Filterdukar f\u00f6r filterpressar i betongproduktion<\/h4><span class=\"title-separator separator-border theme-color-bg\"><\/span><\/div><!-- .title-wrap --><div class=\"section-description\"><\/p>\n<p data-start=\"1289\" data-end=\"1584\">Filterduken \u00e4r den viktigaste komponenten i en filterpress och avg\u00f6r direkt filtreringseffektivitet, kakans torrhet och cykeltid. I betongapplikationer uts\u00e4tts dukarna f\u00f6r slipande partiklar som sand och cementrester, vilket kr\u00e4ver h\u00e5llbara och exakt anpassade material.<\/p>\n<p data-start=\"1586\" data-end=\"1788\">Filtnor erbjuder skr\u00e4ddarsydda filterdukar f\u00f6r alla vanliga filterpressmodeller som anv\u00e4nds inom betongindustrin. V\u00e5ra dukar \u00e4r tillverkade av h\u00f6gkvalitativa monofilament- eller multifilamentv\u00e4var, optimerade f\u00f6r:<\/p>\n<ul data-start=\"1789\" data-end=\"2052\">\n<li data-start=\"1789\" data-end=\"1841\">\n<p data-start=\"1791\" data-end=\"1841\"><strong data-start=\"1791\" data-end=\"1819\">H\u00f6g mekanisk h\u00e5llfasthet<\/strong> och slitstyrka<\/p>\n<\/li>\n<li data-start=\"1842\" data-end=\"1908\">\n<p data-start=\"1844\" data-end=\"1908\"><strong data-start=\"1844\" data-end=\"1874\">Utm\u00e4rkt filtratklarhet<\/strong> \u00e4ven med fina cementpartiklar<\/p>\n<\/li>\n<li data-start=\"1909\" data-end=\"1975\">\n<p data-start=\"1911\" data-end=\"1975\"><strong data-start=\"1911\" data-end=\"1937\">Effektiv kakfris\u00e4ttning<\/strong> f\u00f6r snabba och rena urladdningscykler<\/p>\n<\/li>\n<li data-start=\"1976\" data-end=\"2052\">\n<p data-start=\"1978\" data-end=\"2052\"><strong data-start=\"1978\" data-end=\"1997\">Exakt passform<\/strong> enligt plattans dimensioner och h\u00e5lkonfiguration<\/p>\n<\/li>\n<\/ul>\n<p data-start=\"2054\" data-end=\"2320\">Vi levererar tyger till <strong data-start=\"2075\" data-end=\"2114\">kammar- och membranfilterpressar<\/strong> fr\u00e5n olika tillverkare och kan hj\u00e4lpa till med b\u00e5de optimering och utbytesplanering. Oavsett om du beh\u00f6ver en enskild duk eller ett komplett set, s\u00e4kerst\u00e4ller Filtnor r\u00e4tt design och material f\u00f6r din process.<\/p>\n<p><\/div><!-- .section-description --><\/div><!-- .section-title-wrapper --><\/div><\/div><\/div><div class=\"wpb_column vc_column_container vc_col-sm-6\"><div class=\"vc_column-inner\"><div class=\"wpb_wrapper\"><div class=\"section-title-wrapper margin-bottom-30 shortcode-rand-6 induzy-inline-css\" data-css=\"&quot;.shortcode-rand-6 .title-separator.separator-border { background-color: ; }.shortcode-rand-6 .section-title { text-transform: none; }&quot;\"><div class=\"title-wrap\"><h4 class=\"section-title\">N\u00e5gra f\u00f6rdelar med v\u00e5r filterduk<\/h4><span class=\"title-separator separator-border theme-color-bg\"><\/span><\/div><!-- .title-wrap --><div class=\"section-description\"><\/div><!-- .section-description --><\/div><!-- .section-title-wrapper --><div class=\"list-item-wrapper\" data-css=\"&quot;&quot;\"><div class=\"list-item-inner\" data-css=\"&quot;&quot;\"><div class=\"list-item-title media\"><span class=\"mr-3 icon-light fa fa-solid fa-check\"><\/span><div class=\"media-body align-self-center list-item-desc\">L\u00e5ng livsl\u00e4ngd \u2013 H\u00f6g mekanisk h\u00e5llfasthet och n\u00f6tningsbest\u00e4ndighet f\u00f6r betongslam.<\/div><\/div><!-- .list-item-title --><\/div><!-- .list-item-inner --><div class=\"list-item-inner\" data-css=\"&quot;&quot;\"><div class=\"list-item-title media\"><span class=\"mr-3 icon-light fa fa-solid fa-check\"><\/span><div class=\"media-body align-self-center list-item-desc\">Rent filtrat \u2013 Optimerad tygstruktur s\u00e4kerst\u00e4ller utm\u00e4rkt klarhet i \u00e5tervunnet vatten.<\/div><\/div><!-- .list-item-title --><\/div><!-- .list-item-inner --><div class=\"list-item-inner\" data-css=\"&quot;&quot;\"><div class=\"list-item-title media\"><span class=\"mr-3 icon-light fa fa-solid fa-check\"><\/span><div class=\"media-body align-self-center list-item-desc\">Enkel kaklossning \u2013 Sl\u00e4t yta och exakt passform minskar cykeltiden och reng\u00f6ringsarbetet.<\/div><\/div><!-- .list-item-title --><\/div><!-- .list-item-inner --><div class=\"list-item-inner\" data-css=\"&quot;&quot;\"><div class=\"list-item-title media\"><span class=\"mr-3 icon-light fa fa-solid fa-check\"><\/span><div class=\"media-body align-self-center list-item-desc\">Perfekt passform \u2013 Skr\u00e4ddarsydd f\u00f6r varje filterpresstyp f\u00f6r optimal t\u00e4tning och prestanda.<\/div><\/div><!-- .list-item-title --><\/div><!-- .list-item-inner --><\/div><!-- .list-item-wrapper --><\/div><\/div><\/div><\/div><div data-vc-full-width=\"true\" data-vc-full-width-init=\"false\" class=\"vc_row wpb_row vc_row-fluid additional-call-to-action vc_custom_1691588100630 vc_row-has-fill\"><div class=\"wpb_column vc_column_container vc_col-sm-12\"><div class=\"vc_column-inner\"><div class=\"wpb_wrapper\"><div class=\"vc_row wpb_row vc_inner vc_row-fluid\"><div class=\"wpb_column vc_column_container vc_col-sm-12 vc_col-lg-9 vc_col-md-12\"><div class=\"vc_column-inner\"><div class=\"wpb_wrapper\"><div class=\"feature-box-wrapper feature-box-style-1 shortcode-rand-13 induzy-inline-css feature-list-1\" data-css=\"&quot;.shortcode-rand-13.feature-box-wrapper { color: #000000; }.shortcode-rand-13.feature-box-wrapper {background: -moz-linear-gradient(141deg,  0%,  51%,  75%);\\r\\n\\t\\t\\t\\tbackground: -webkit-linear-gradient(141deg,  0%,  51%,  75%);\\r\\n\\t\\t\\t\\tbackground: linear-gradient(141deg,  0%,  51%,  75%);}.shortcode-rand-13 .feature-box-icon { font-size: 30px; }.shortcode-rand-13 .feature-box-icon { height: 60px; width: 60px; }.shortcode-rand-13 .feature-box-icon &gt; span { line-height: 2; }.shortcode-rand-13:hover .feature-box-icon { background: none; }&quot;\" ><div class=\"fbox-list\"><div class=\"media\"><div class=\"feature-box-icon mr-3 text-center rounded-circle none\"><span class=\"\"><\/span><\/div><!-- .feature-box-icon --><div class=\"media-body\"><div class=\"feature-box-title\"><h4 class=\"section-title\">Hittar du inte det du s\u00f6ker efter?<\/h4><\/div><!-- .feature-box-title --><div class=\"feature-box-content\">Kontakta oss s\u00e5 hj\u00e4lper vi dig att hitta ut!<\/div><!-- .feature-box-content --><\/div><\/div><\/div><\/div><!-- .feature-box-wrapper --><\/div><\/div><\/div><div class=\"wpb_column vc_column_container vc_col-sm-12 vc_col-lg-3 vc_col-md-12\"><div class=\"vc_column-inner vc_custom_1691588352947\"><div class=\"wpb_wrapper\"><div class=\"vc_btn3-container  additional-btn vc_btn3-right vc_custom_1762866940096 vc_do_btn\" ><a style=\"background-color:#06295e; color:#ffffff;\" class=\"vc_general vc_btn3 vc_btn3-size-md vc_btn3-shape-rounded vc_btn3-style-custom\" href=\"https:\/\/www.filtnor.com\/se\/kontakta-oss\/\" title=\"Kontakta oss\">SKICKA F\u00d6RFR\u00c5GAN \u00bb<\/a><\/div><\/div><\/div><\/div><\/div><\/div><\/div><\/div><\/div><div class=\"vc_row-full-width vc_clearfix\"><\/div>\n<\/div>","protected":false},"excerpt":{"rendered":"Filtreringsl\u00f6sningar f\u00f6r betongproduktionInom betongproduktion \u00e4r hanteringen av processvatten och slam avg\u00f6rande f\u00f6r b\u00e5de driftseffektivitet och milj\u00f6efterlevnad. Filterpressar \u00e4r en bepr\u00f6vad l\u00f6sning f\u00f6r att separera fasta \u00e4mnen och v\u00e4tskor fr\u00e5n tv\u00e4ttvatten som genereras under betongblandning, tv\u00e4ttning av ballast och reng\u00f6ring av betongbilar. Genom att anv\u00e4nda en filterpress kan betongproducenter","protected":false},"author":1,"featured_media":0,"parent":4070,"menu_order":0,"comment_status":"closed","ping_status":"closed","template":"","meta":{"om_disable_all_campaigns":false,"footnotes":""},"class_list":["post-6305","page","type-page","status-publish","hentry"],"yoast_head":"<!-- This site is optimized with the Yoast SEO Premium plugin v26.1 (Yoast SEO v27.5) - https:\/\/yoast.com\/product\/yoast-seo-premium-wordpress\/ -->\n<title>Filters for Concrete Production - Filtnor<\/title>\n<meta name=\"description\" content=\"Filter presses and filter cloths for concrete production \u2013 long lifetime, clean filtrate, fast release, and perfect fit for all filter presses.\" \/>\n<meta name=\"robots\" content=\"index, follow, max-snippet:-1, max-image-preview:large, max-video-preview:-1\" \/>\n<link rel=\"canonical\" href=\"https:\/\/www.filtnor.com\/se\/anvandningsomraden-for-tryckfilter\/filter-for-betongproduktion\/\" \/>\n<meta property=\"og:locale\" content=\"sv_SE\" \/>\n<meta property=\"og:type\" content=\"article\" \/>\n<meta property=\"og:title\" content=\"Filters for Concrete Production\" \/>\n<meta property=\"og:description\" content=\"Filter presses and filter cloths for concrete production \u2013 long lifetime, clean filtrate, fast release, and perfect fit for all filter presses.\" \/>\n<meta property=\"og:url\" content=\"https:\/\/www.filtnor.com\/se\/anvandningsomraden-for-tryckfilter\/filter-for-betongproduktion\/\" \/>\n<meta property=\"og:site_name\" content=\"Filtnor\" \/>\n<meta property=\"article:modified_time\" content=\"2025-11-11T13:22:56+00:00\" \/>\n<meta name=\"twitter:card\" content=\"summary_large_image\" \/>\n<meta name=\"twitter:label1\" content=\"Ber\u00e4knad l\u00e4stid\" \/>\n\t<meta name=\"twitter:data1\" content=\"3 minuter\" \/>\n<script type=\"application\/ld+json\" class=\"yoast-schema-graph\">{\"@context\":\"https:\\\/\\\/schema.org\",\"@graph\":[{\"@type\":\"WebPage\",\"@id\":\"https:\\\/\\\/www.filtnor.com\\\/areas-of-use-for-pressure-filters\\\/filters-for-concrete-production\\\/\",\"url\":\"https:\\\/\\\/www.filtnor.com\\\/areas-of-use-for-pressure-filters\\\/filters-for-concrete-production\\\/\",\"name\":\"Filters for Concrete Production - Filtnor\",\"isPartOf\":{\"@id\":\"https:\\\/\\\/www.filtnor.com\\\/#website\"},\"datePublished\":\"2025-11-11T13:06:32+00:00\",\"dateModified\":\"2025-11-11T13:22:56+00:00\",\"description\":\"Filter presses and filter cloths for concrete production \u2013 long lifetime, clean filtrate, fast release, and perfect fit for all filter presses.\",\"breadcrumb\":{\"@id\":\"https:\\\/\\\/www.filtnor.com\\\/areas-of-use-for-pressure-filters\\\/filters-for-concrete-production\\\/#breadcrumb\"},\"inLanguage\":\"sv-SE\",\"potentialAction\":[{\"@type\":\"ReadAction\",\"target\":[\"https:\\\/\\\/www.filtnor.com\\\/areas-of-use-for-pressure-filters\\\/filters-for-concrete-production\\\/\"]}]},{\"@type\":\"BreadcrumbList\",\"@id\":\"https:\\\/\\\/www.filtnor.com\\\/areas-of-use-for-pressure-filters\\\/filters-for-concrete-production\\\/#breadcrumb\",\"itemListElement\":[{\"@type\":\"ListItem\",\"position\":1,\"name\":\"Home\",\"item\":\"https:\\\/\\\/www.filtnor.com\\\/\"},{\"@type\":\"ListItem\",\"position\":2,\"name\":\"Areas of Use for Pressure Filters\",\"item\":\"https:\\\/\\\/www.filtnor.com\\\/areas-of-use-for-pressure-filters\\\/\"},{\"@type\":\"ListItem\",\"position\":3,\"name\":\"Filters for Concrete Production\"}]},{\"@type\":\"WebSite\",\"@id\":\"https:\\\/\\\/www.filtnor.com\\\/#website\",\"url\":\"https:\\\/\\\/www.filtnor.com\\\/\",\"name\":\"Filtnor\",\"description\":\"Filtration you can trust. Performance that lasts.\",\"potentialAction\":[{\"@type\":\"SearchAction\",\"target\":{\"@type\":\"EntryPoint\",\"urlTemplate\":\"https:\\\/\\\/www.filtnor.com\\\/?s={search_term_string}\"},\"query-input\":{\"@type\":\"PropertyValueSpecification\",\"valueRequired\":true,\"valueName\":\"search_term_string\"}}],\"inLanguage\":\"sv-SE\"}]}<\/script>\n<!-- \/ Yoast SEO Premium plugin. -->","yoast_head_json":{"title":"Filter f\u00f6r betongproduktion - Filtnor","description":"Filterpressar och filterdukar f\u00f6r betongproduktion \u2013 l\u00e5ng livsl\u00e4ngd, rent filtrat, snabb fris\u00e4ttning och perfekt passform f\u00f6r alla filterpressar.","robots":{"index":"index","follow":"follow","max-snippet":"max-snippet:-1","max-image-preview":"max-image-preview:large","max-video-preview":"max-video-preview:-1"},"canonical":"https:\/\/www.filtnor.com\/se\/anvandningsomraden-for-tryckfilter\/filter-for-betongproduktion\/","og_locale":"sv_SE","og_type":"article","og_title":"Filters for Concrete Production","og_description":"Filter presses and filter cloths for concrete production \u2013 long lifetime, clean filtrate, fast release, and perfect fit for all filter presses.","og_url":"https:\/\/www.filtnor.com\/se\/anvandningsomraden-for-tryckfilter\/filter-for-betongproduktion\/","og_site_name":"Filtnor","article_modified_time":"2025-11-11T13:22:56+00:00","twitter_card":"summary_large_image","twitter_misc":{"Ber\u00e4knad l\u00e4stid":"3 minuter"},"schema":{"@context":"https:\/\/schema.org","@graph":[{"@type":"WebPage","@id":"https:\/\/www.filtnor.com\/areas-of-use-for-pressure-filters\/filters-for-concrete-production\/","url":"https:\/\/www.filtnor.com\/areas-of-use-for-pressure-filters\/filters-for-concrete-production\/","name":"Filter f\u00f6r betongproduktion - Filtnor","isPartOf":{"@id":"https:\/\/www.filtnor.com\/#website"},"datePublished":"2025-11-11T13:06:32+00:00","dateModified":"2025-11-11T13:22:56+00:00","description":"Filterpressar och filterdukar f\u00f6r betongproduktion \u2013 l\u00e5ng livsl\u00e4ngd, rent filtrat, snabb fris\u00e4ttning och perfekt passform f\u00f6r alla filterpressar.","breadcrumb":{"@id":"https:\/\/www.filtnor.com\/areas-of-use-for-pressure-filters\/filters-for-concrete-production\/#breadcrumb"},"inLanguage":"sv-SE","potentialAction":[{"@type":"ReadAction","target":["https:\/\/www.filtnor.com\/areas-of-use-for-pressure-filters\/filters-for-concrete-production\/"]}]},{"@type":"BreadcrumbList","@id":"https:\/\/www.filtnor.com\/areas-of-use-for-pressure-filters\/filters-for-concrete-production\/#breadcrumb","itemListElement":[{"@type":"ListItem","position":1,"name":"Home","item":"https:\/\/www.filtnor.com\/"},{"@type":"ListItem","position":2,"name":"Areas of Use for Pressure Filters","item":"https:\/\/www.filtnor.com\/areas-of-use-for-pressure-filters\/"},{"@type":"ListItem","position":3,"name":"Filters for Concrete Production"}]},{"@type":"WebSite","@id":"https:\/\/www.filtnor.com\/#website","url":"https:\/\/www.filtnor.com\/","name":"Filtnor","description":"Filtrering du kan lita p\u00e5. Prestanda som varar.","potentialAction":[{"@type":"SearchAction","target":{"@type":"EntryPoint","urlTemplate":"https:\/\/www.filtnor.com\/?s={search_term_string}"},"query-input":{"@type":"PropertyValueSpecification","valueRequired":true,"valueName":"search_term_string"}}],"inLanguage":"sv-SE"}]}},"_links":{"self":[{"href":"https:\/\/www.filtnor.com\/se\/wp-json\/wp\/v2\/pages\/6305","targetHints":{"allow":["GET"]}}],"collection":[{"href":"https:\/\/www.filtnor.com\/se\/wp-json\/wp\/v2\/pages"}],"about":[{"href":"https:\/\/www.filtnor.com\/se\/wp-json\/wp\/v2\/types\/page"}],"author":[{"embeddable":true,"href":"https:\/\/www.filtnor.com\/se\/wp-json\/wp\/v2\/users\/1"}],"replies":[{"embeddable":true,"href":"https:\/\/www.filtnor.com\/se\/wp-json\/wp\/v2\/comments?post=6305"}],"version-history":[{"count":9,"href":"https:\/\/www.filtnor.com\/se\/wp-json\/wp\/v2\/pages\/6305\/revisions"}],"predecessor-version":[{"id":6316,"href":"https:\/\/www.filtnor.com\/se\/wp-json\/wp\/v2\/pages\/6305\/revisions\/6316"}],"up":[{"embeddable":true,"href":"https:\/\/www.filtnor.com\/se\/wp-json\/wp\/v2\/pages\/4070"}],"wp:attachment":[{"href":"https:\/\/www.filtnor.com\/se\/wp-json\/wp\/v2\/media?parent=6305"}],"curies":[{"name":"wp","href":"https:\/\/api.w.org\/{rel}","templated":true}]}}