{"id":5211,"date":"2024-09-03T19:35:54","date_gmt":"2024-09-03T17:35:54","guid":{"rendered":"https:\/\/www.filtnor.com\/?page_id=5211"},"modified":"2025-05-12T20:33:04","modified_gmt":"2025-05-12T18:33:04","slug":"plasmaoxidationsmedel","status":"publish","type":"page","link":"https:\/\/www.filtnor.com\/se\/produkter\/vattenbehandling\/plasmaoxidationsmedel\/","title":{"rendered":"Plasma Oxidizer"},"content":{"rendered":"<div class=\"wpb-content-wrapper\"><div class=\"vc_row wpb_row vc_row-fluid vc_custom_1728327317684\"><div class=\"wpb_column vc_column_container vc_col-sm-12 vc_col-lg-6 vc_col-md-6\"><div class=\"vc_column-inner\"><div class=\"wpb_wrapper\"><div class=\"section-title-wrapper shortcode-rand-2 induzy-inline-css\" data-css=\"&quot;.shortcode-rand-2 .title-separator.separator-border { background-color: ; }.shortcode-rand-2 .section-title { text-transform: none; }&quot;\"><div class=\"title-wrap\"><h2 class=\"section-title\">VuOxi <span class=\"title-suffix theme-color\">Plasma Oxidizer<\/span><\/h2><span class=\"title-separator separator-border theme-color-bg\"><\/span><\/div><!-- .title-wrap --><div class=\"section-description\">En mycket effektiv och kemikaliefri vattenreningsl\u00f6sning som \u00e4r baserad p\u00e5 icke-termisk plasmateknologi f\u00f6r att:<br \/>\n\u2013 <strong>Desinficera<\/strong><br \/>\n\u2013 <strong>Tar bort lukt<\/strong><br \/>\n\u2013 <strong>Tar bort missf\u00e4rgning<\/strong><\/p>\n<p>Vattenreningen sker genom att plasmagenererade oxidanter effektivt tar bort f\u00e4rg, lukt och organiska rester samtidigt som vattnet desinficeras. Processen \u00e4r energieffektiv och automatiserad, vilket g\u00f6r den till ett utm\u00e4rkt alternativ till ozon-, UV- och kemisk behandling.<\/p>\n<p>N\u00e5gra av anv\u00e4ndningsomr\u00e5dena:<br \/>\n\u2013 <strong>Industriellt f\u00f6rorenat processvatten<\/strong><br \/>\n\u2013 <strong>Vatten f\u00f6r livsmedelsproduktion<\/strong><br \/>\n\u2013 <strong>Sjukhus avloppsvatten<\/strong><\/p>\n<p>F\u00f6rutom desinfektion och borttagning av d\u00e5lig lukt och missf\u00e4rgning \u00e4r Plasma Ozidizer ocks\u00e5 mycket effektiv f\u00f6r att ta bort mediciner och antibiotikaresistenta bakterier fr\u00e5n avloppsvatten och v\u00e4l l\u00e4mpad f\u00f6r rening av avloppsvatten fr\u00e5n sjukhus och v\u00e5rdhem innan vattnet sl\u00e4pps ut till det kommunala avloppssystemet.<\/p>\n<p>&nbsp;<\/p>\n<blockquote><p><em>&quot;Plasma Ozidizer ett fullfj\u00e4drat och milj\u00f6v\u00e4nligt alternativ till ozon och UV.&quot;<\/em><\/p><\/blockquote>\n<p><\/div><!-- .section-description --><\/div><!-- .section-title-wrapper --><div class=\"feature-box-wrapper feature-box-style-1 vc_custom_1719170944067 shortcode-rand-3 induzy-inline-css\" data-css=\"&quot;.shortcode-rand-3.feature-box-wrapper {background: -moz-linear-gradient(141deg,  0%,  51%,  75%);\\r\\n\\t\\t\\t\\tbackground: -webkit-linear-gradient(141deg,  0%,  51%,  75%);\\r\\n\\t\\t\\t\\tbackground: linear-gradient(141deg,  0%,  51%,  75%);}.shortcode-rand-3 .feature-box-icon { font-size: 24px; }.shortcode-rand-3 .feature-box-icon { height: 48px; width: 48px; }.shortcode-rand-3 .feature-box-icon &gt; span { line-height: 2; }.shortcode-rand-3:hover .feature-box-icon { background: none; }&quot;\" ><div class=\"feature-box-btn\"><a class=\"btn default\" href=\"https:\/\/www.filtnor.com\/se\/kontakta-oss\/\" title=\"SKICKA F\u00d6RFR\u00c5GAN \u00bb\">SKICKA F\u00d6RFR\u00c5GAN \u00bb<\/a><\/div><!-- .feature-box-btn --><\/div><!-- .feature-box-wrapper --><\/div><\/div><\/div><div class=\"wpb_column vc_column_container vc_col-sm-12 vc_col-lg-6 vc_col-md-6\"><div class=\"vc_column-inner\"><div class=\"wpb_wrapper\">\n\t<div  class=\"wpb_single_image wpb_content_element vc_align_left wpb_content_element\">\n\t\t\n\t\t<figure class=\"wpb_wrapper vc_figure\">\n\t\t\t<div class=\"vc_single_image-wrapper   vc_box_border_grey\"><img loading=\"lazy\" decoding=\"async\" width=\"800\" height=\"640\" src=\"https:\/\/www.filtnor.com\/wp-content\/uploads\/2025\/05\/products_water-treatment_plasma-oxidizer-003.png\" class=\"vc_single_image-img attachment-full\" alt=\"Vuoxi plasmaoxidator\" title=\"products_water-treatment_plasma-oxidator-003\" srcset=\"https:\/\/www.filtnor.com\/wp-content\/uploads\/2025\/05\/products_water-treatment_plasma-oxidizer-003.png 800w, https:\/\/www.filtnor.com\/wp-content\/uploads\/2025\/05\/products_water-treatment_plasma-oxidizer-003-768x614.png 768w, https:\/\/www.filtnor.com\/wp-content\/uploads\/2025\/05\/products_water-treatment_plasma-oxidizer-003-15x12.png 15w, https:\/\/www.filtnor.com\/wp-content\/uploads\/2025\/05\/products_water-treatment_plasma-oxidizer-003-600x480.png 600w\" sizes=\"auto, (max-width: 800px) 100vw, 800px\" \/><\/div>\n\t\t<\/figure>\n\t<\/div>\n<\/div><\/div><\/div><\/div><div class=\"vc_row wpb_row vc_row-fluid vc_custom_1691588774257\"><div class=\"wpb_column vc_column_container vc_col-sm-6\"><div class=\"vc_column-inner\"><div class=\"wpb_wrapper\"><div class=\"section-title-wrapper shortcode-rand-5 induzy-inline-css\" data-css=\"&quot;.shortcode-rand-5 .title-separator.separator-border { background-color: ; }.shortcode-rand-5 .section-title { text-transform: none; }&quot;\"><div class=\"title-wrap\"><h4 class=\"section-title\">Kraftfull <span class=\"title-suffix theme-color\">Vattenreningsteknik<\/span><\/h4><span class=\"title-separator separator-border theme-color-bg\"><\/span><\/div><!-- .title-wrap --><div class=\"section-description\">Vuoxi Plasma Oxidizer\u2122 \u00e4r en effektiv icke-termisk plasmateknologi f\u00f6r industriell vattenrening. Plasmagenererade oxidanter tar effektivt bort f\u00e4rg, lukt och organiska rester samtidigt som de desinficerar vattnet. Roxia Plasma Oxidizer (RPO) \u00e4r det suver\u00e4na vattenreningssystemet alternativ till ozon, UV och kemisk behandling.<\/p>\n<h5>Undvik att anv\u00e4nda farliga kemikalier<\/h5>\n<p>VuOxi Plasma Oxidizer (VPO) tar bort behovet av att transportera, lagra och hantera h\u00f6griskkemikalier. Med sin unika industriella vattenbehandlingsteknik anv\u00e4nder den icke-termisk plasma i direkt kontakt med vattnet f\u00f6r att f\u00f6rst\u00f6ra l\u00f6sta organiska f\u00f6roreningar. Detta g\u00f6r det inte bara s\u00e4krare f\u00f6r operat\u00f6rerna, utan ocks\u00e5 mer milj\u00f6v\u00e4nligt.<\/p>\n<p><\/div><!-- .section-description --><\/div><!-- .section-title-wrapper --><\/div><\/div><\/div><div class=\"wpb_column vc_column_container vc_col-sm-6\"><div class=\"vc_column-inner\"><div class=\"wpb_wrapper\"><div class=\"section-title-wrapper margin-bottom-30 shortcode-rand-6 induzy-inline-css\" data-css=\"&quot;.shortcode-rand-6 .title-separator.separator-border { background-color: ; }.shortcode-rand-6 .section-title { text-transform: none; }&quot;\"><div class=\"title-wrap\"><h4 class=\"section-title\">Vissa f\u00f6rdelar med <span class=\"title-suffix theme-color\">Plasma Oxidizer<\/span><\/h4><span class=\"title-separator separator-border theme-color-bg\"><\/span><\/div><!-- .title-wrap --><div class=\"section-description\"><\/div><!-- .section-description --><\/div><!-- .section-title-wrapper --><div class=\"list-item-wrapper\" data-css=\"&quot;&quot;\"><div class=\"list-item-inner\" data-css=\"&quot;&quot;\"><div class=\"list-item-title media\"><span class=\"mr-3 icon-light fas fa-check\"><\/span><div class=\"media-body align-self-center list-item-desc\">Ingen anv\u00e4ndning av kemikalier<\/div><\/div><!-- .list-item-title --><\/div><!-- .list-item-inner --><div class=\"list-item-inner\" data-css=\"&quot;&quot;\"><div class=\"list-item-title media\"><span class=\"mr-3 icon-light fas fa-check\"><\/span><div class=\"media-body align-self-center list-item-desc\">L\u00e5g energif\u00f6rbrukning<\/div><\/div><!-- .list-item-title --><\/div><!-- .list-item-inner --><div class=\"list-item-inner\" data-css=\"&quot;&quot;\"><div class=\"list-item-title media\"><span class=\"mr-3 icon-light fas fa-check\"><\/span><div class=\"media-body align-self-center list-item-desc\">Helautomatisk<\/div><\/div><!-- .list-item-title --><\/div><!-- .list-item-inner --><div class=\"list-item-inner\" data-css=\"&quot;&quot;\"><div class=\"list-item-title media\"><span class=\"mr-3 icon-light fas fa-check\"><\/span><div class=\"media-body align-self-center list-item-desc\">L\u00e5gt underh\u00e5ll<\/div><\/div><!-- .list-item-title --><\/div><!-- .list-item-inner --><\/div><!-- .list-item-wrapper -->\n\t<div class=\"wpb_raw_code wpb_raw_html wpb_content_element\" >\n\t\t<div class=\"wpb_wrapper\">\n\t\t\t<br>\n<div class=\"vc_btn3-container vc_btn3-left vc_do_btn\" ><a style=\"background-color:#6C9E30; color:#ffffff;\" class=\"vc_general vc_btn3 vc_btn3-size-md vc_btn3-shape-rounded vc_btn3-style-custom vc_btn3-icon-left\" href=\"http:\/\/www.filtnor.com\/se\/vuoxi-plasma-oxidizer-filtnor-25-eng.pdf\/\" title=\"\"><i class=\"vc_btn3-icon fa fa-file-pdf-o\"><\/i> LADDA NED BROSCHYR<\/a><\/div>\n\t\t<\/div>\n\t<\/div>\n<\/div><\/div><\/div><\/div><div class=\"vc_row wpb_row vc_row-fluid vc_custom_1691588774257\"><div class=\"wpb_column vc_column_container vc_col-sm-6\"><div class=\"vc_column-inner\"><div class=\"wpb_wrapper\"><div class=\"section-title-wrapper shortcode-rand-13 induzy-inline-css\" data-css=\"&quot;.shortcode-rand-13 .title-separator.separator-border { background-color: ; }.shortcode-rand-13 .section-title { text-transform: none; }&quot;\"><div class=\"title-wrap\"><h4 class=\"section-title\">Hur fungerar <span class=\"title-suffix theme-color\">Fungerar Plasma Oxidizer?<\/span><\/h4><span class=\"title-separator separator-border theme-color-bg\"><\/span><\/div><!-- .title-wrap --><div class=\"section-description\">Vuoxi Plasma Oxidizer (RPO) f\u00f6rvandlar direkt plasmaoxidation till en industriell produkt genom att:<\/p>\n<ol>\n<li>Behandlat vatten rinner genom icke-termiskt plasmaf\u00e4lt<\/li>\n<li>Detta skapar starka oxidanter fr\u00e5n det behandlade vattnet och omgivande luft<\/li>\n<li>Oxidanterna f\u00f6rst\u00f6r sedan f\u00f6roreningar och desinficerar vattnet med en best\u00e5ende effekt<\/li>\n<\/ol>\n<p>&nbsp;<\/p>\n<p>&nbsp;<\/p>\n<p><\/div><!-- .section-description --><\/div><!-- .section-title-wrapper --><\/div><\/div><\/div><div class=\"wpb_column vc_column_container vc_col-sm-6\"><div class=\"vc_column-inner\"><div class=\"wpb_wrapper\">\n\t<div  class=\"wpb_single_image wpb_content_element vc_align_left wpb_content_element\">\n\t\t\n\t\t<figure class=\"wpb_wrapper vc_figure\">\n\t\t\t<div class=\"vc_single_image-wrapper   vc_box_border_grey\"><img loading=\"lazy\" decoding=\"async\" width=\"768\" height=\"456\" src=\"https:\/\/www.filtnor.com\/wp-content\/uploads\/2025\/05\/products_water-treatment_plasma-oxidizer-004-768x456.jpg\" class=\"vc_single_image-img attachment-medium\" alt=\"Plasmaoxidator f\u00f6r avancerad icke-termisk plasmaoxidation.\" title=\"products_water-treatment_plasma-oxidator-004\" srcset=\"https:\/\/www.filtnor.com\/wp-content\/uploads\/2025\/05\/products_water-treatment_plasma-oxidizer-004-768x456.jpg 768w, https:\/\/www.filtnor.com\/wp-content\/uploads\/2025\/05\/products_water-treatment_plasma-oxidizer-004-1170x694.jpg 1170w, https:\/\/www.filtnor.com\/wp-content\/uploads\/2025\/05\/products_water-treatment_plasma-oxidizer-004-18x12.jpg 18w, https:\/\/www.filtnor.com\/wp-content\/uploads\/2025\/05\/products_water-treatment_plasma-oxidizer-004-440x260.jpg 440w, https:\/\/www.filtnor.com\/wp-content\/uploads\/2025\/05\/products_water-treatment_plasma-oxidizer-004-390x231.jpg 390w, https:\/\/www.filtnor.com\/wp-content\/uploads\/2025\/05\/products_water-treatment_plasma-oxidizer-004-220x130.jpg 220w\" sizes=\"auto, (max-width: 768px) 100vw, 768px\" \/><\/div>\n\t\t<\/figure>\n\t<\/div>\n<\/div><\/div><\/div><\/div><div class=\"vc_row wpb_row vc_row-fluid vc_custom_1691587893368\"><div class=\"wpb_column vc_column_container vc_col-sm-12\"><div class=\"vc_column-inner\"><div class=\"wpb_wrapper\"><div class=\"vc_separator wpb_content_element vc_separator_align_center vc_sep_width_100 vc_sep_dashed vc_sep_pos_align_center vc_separator_no_text wpb_content_element  wpb_content_element\" ><span class=\"vc_sep_holder vc_sep_holder_l\"><span class=\"vc_sep_line\"><\/span><\/span><span class=\"vc_sep_holder vc_sep_holder_r\"><span class=\"vc_sep_line\"><\/span><\/span>\n<\/div><\/div><\/div><\/div><\/div><div data-vc-full-width=\"true\" data-vc-full-width-init=\"false\" class=\"vc_row wpb_row vc_row-fluid additional-call-to-action vc_custom_1691588100630 vc_row-has-fill\"><div class=\"wpb_column vc_column_container vc_col-sm-12\"><div class=\"vc_column-inner\"><div class=\"wpb_wrapper\"><div class=\"vc_row wpb_row vc_inner vc_row-fluid\"><div class=\"wpb_column vc_column_container vc_col-sm-12 vc_col-lg-9 vc_col-md-12\"><div class=\"vc_column-inner\"><div class=\"wpb_wrapper\"><div class=\"feature-box-wrapper feature-box-style-1 shortcode-rand-16 induzy-inline-css feature-list-1\" data-css=\"&quot;.shortcode-rand-16.feature-box-wrapper { color: #000000; }.shortcode-rand-16.feature-box-wrapper {background: -moz-linear-gradient(141deg,  0%,  51%,  75%);\\r\\n\\t\\t\\t\\tbackground: -webkit-linear-gradient(141deg,  0%,  51%,  75%);\\r\\n\\t\\t\\t\\tbackground: linear-gradient(141deg,  0%,  51%,  75%);}.shortcode-rand-16 .feature-box-icon { font-size: 30px; }.shortcode-rand-16 .feature-box-icon { height: 60px; width: 60px; }.shortcode-rand-16 .feature-box-icon &gt; span { line-height: 2; }.shortcode-rand-16:hover .feature-box-icon { background: none; }&quot;\" ><div class=\"fbox-list\"><div class=\"media\"><div class=\"feature-box-icon mr-3 text-center rounded-circle none\"><span class=\"\"><\/span><\/div><!-- .feature-box-icon --><div class=\"media-body\"><div class=\"feature-box-title\"><h4 class=\"section-title\">Hittar du inte det du s\u00f6ker efter?<\/h4><\/div><!-- .feature-box-title --><div class=\"feature-box-content\">Kontakta oss s\u00e5 hj\u00e4lper vi dig att hitta ut!<\/div><!-- .feature-box-content --><\/div><\/div><\/div><\/div><!-- .feature-box-wrapper --><\/div><\/div><\/div><div class=\"wpb_column vc_column_container vc_col-sm-12 vc_col-lg-3 vc_col-md-12\"><div class=\"vc_column-inner vc_custom_1691588352947\"><div class=\"wpb_wrapper\"><div class=\"vc_btn3-container  additional-btn vc_btn3-right vc_custom_1719171031114 vc_do_btn\" ><a style=\"background-color:#06295e; color:#ffffff;\" class=\"vc_general vc_btn3 vc_btn3-size-md vc_btn3-shape-rounded vc_btn3-style-custom\" href=\"https:\/\/www.filtnor.com\/se\/kontakta-oss\/\" title=\"Kontakta oss\">SKICKA F\u00d6RFR\u00c5GAN \u00bb<\/a><\/div><\/div><\/div><\/div><\/div><\/div><\/div><\/div><\/div><div class=\"vc_row-full-width vc_clearfix\"><\/div>\n<\/div>","protected":false},"excerpt":{"rendered":"VuOxi Plasma OxidizerEn h\u00f6geffektiv och kemikaliefri vattenreningsl\u00f6sning som \u00e4r baserad p\u00e5 icke-termisk plasmateknologi f\u00f6r att: - Desinficera - Tar bort lukt - Tar bort missf\u00e4rgning Vattenreningen sker genom att plasmagenererade oxidanter effektivt tar bort f\u00e4rg, lukt och organiska rester vid samtidigt som vattnet desinficeras. Processen \u00e4r energieffektiv","protected":false},"author":1,"featured_media":0,"parent":3996,"menu_order":0,"comment_status":"closed","ping_status":"closed","template":"","meta":{"om_disable_all_campaigns":false,"footnotes":""},"class_list":["post-5211","page","type-page","status-publish","hentry"],"yoast_head":"<!-- This site is optimized with the Yoast SEO Premium plugin v26.1 (Yoast SEO v27.4) - https:\/\/yoast.com\/product\/yoast-seo-premium-wordpress\/ -->\n<title>Plasma Oxidizer - Filtnor<\/title>\n<meta name=\"description\" content=\"Vuoxi plasma oxidizer for industrial water treatment uses plasma technology to disinfecting water and remove colour and smell.\" \/>\n<meta name=\"robots\" content=\"index, follow, max-snippet:-1, max-image-preview:large, max-video-preview:-1\" \/>\n<link rel=\"canonical\" href=\"https:\/\/www.filtnor.com\/se\/produkter\/vattenbehandling\/plasmaoxidationsmedel\/\" \/>\n<meta property=\"og:locale\" content=\"sv_SE\" \/>\n<meta property=\"og:type\" content=\"article\" \/>\n<meta property=\"og:title\" content=\"Plasma Oxidizer\" \/>\n<meta property=\"og:description\" content=\"Vuoxi plasma oxidizer for industrial water treatment uses plasma technology to disinfecting water and remove colour and smell.\" \/>\n<meta property=\"og:url\" content=\"https:\/\/www.filtnor.com\/se\/produkter\/vattenbehandling\/plasmaoxidationsmedel\/\" \/>\n<meta property=\"og:site_name\" content=\"Filtnor\" \/>\n<meta property=\"article:modified_time\" content=\"2025-05-12T18:33:04+00:00\" \/>\n<meta name=\"twitter:card\" content=\"summary_large_image\" \/>\n<meta name=\"twitter:label1\" content=\"Ber\u00e4knad l\u00e4stid\" \/>\n\t<meta name=\"twitter:data1\" content=\"3 minuter\" \/>\n<script type=\"application\/ld+json\" class=\"yoast-schema-graph\">{\"@context\":\"https:\\\/\\\/schema.org\",\"@graph\":[{\"@type\":\"WebPage\",\"@id\":\"https:\\\/\\\/www.filtnor.com\\\/products\\\/water-treatment\\\/plasma-oxidizer\\\/\",\"url\":\"https:\\\/\\\/www.filtnor.com\\\/products\\\/water-treatment\\\/plasma-oxidizer\\\/\",\"name\":\"Plasma Oxidizer - Filtnor\",\"isPartOf\":{\"@id\":\"https:\\\/\\\/www.filtnor.com\\\/#website\"},\"datePublished\":\"2024-09-03T17:35:54+00:00\",\"dateModified\":\"2025-05-12T18:33:04+00:00\",\"description\":\"Vuoxi plasma oxidizer for industrial water treatment uses plasma technology to disinfecting water and remove colour and smell.\",\"breadcrumb\":{\"@id\":\"https:\\\/\\\/www.filtnor.com\\\/products\\\/water-treatment\\\/plasma-oxidizer\\\/#breadcrumb\"},\"inLanguage\":\"sv-SE\",\"potentialAction\":[{\"@type\":\"ReadAction\",\"target\":[\"https:\\\/\\\/www.filtnor.com\\\/products\\\/water-treatment\\\/plasma-oxidizer\\\/\"]}]},{\"@type\":\"BreadcrumbList\",\"@id\":\"https:\\\/\\\/www.filtnor.com\\\/products\\\/water-treatment\\\/plasma-oxidizer\\\/#breadcrumb\",\"itemListElement\":[{\"@type\":\"ListItem\",\"position\":1,\"name\":\"Home\",\"item\":\"https:\\\/\\\/www.filtnor.com\\\/\"},{\"@type\":\"ListItem\",\"position\":2,\"name\":\"Product groups from Filtnor\",\"item\":\"https:\\\/\\\/www.filtnor.com\\\/products\\\/\"},{\"@type\":\"ListItem\",\"position\":3,\"name\":\"Water treatment\",\"item\":\"https:\\\/\\\/www.filtnor.com\\\/products\\\/water-treatment\\\/\"},{\"@type\":\"ListItem\",\"position\":4,\"name\":\"Plasma Oxidizer\"}]},{\"@type\":\"WebSite\",\"@id\":\"https:\\\/\\\/www.filtnor.com\\\/#website\",\"url\":\"https:\\\/\\\/www.filtnor.com\\\/\",\"name\":\"Filtnor\",\"description\":\"Filtration you can trust. Performance that lasts.\",\"potentialAction\":[{\"@type\":\"SearchAction\",\"target\":{\"@type\":\"EntryPoint\",\"urlTemplate\":\"https:\\\/\\\/www.filtnor.com\\\/?s={search_term_string}\"},\"query-input\":{\"@type\":\"PropertyValueSpecification\",\"valueRequired\":true,\"valueName\":\"search_term_string\"}}],\"inLanguage\":\"sv-SE\"}]}<\/script>\n<!-- \/ Yoast SEO Premium plugin. -->","yoast_head_json":{"title":"Plasma Oxidizer - Filtnor","description":"Vuoxi plasmaoxidator f\u00f6r industriell vattenbehandling anv\u00e4nder plasmateknik f\u00f6r att desinficera vatten och ta bort f\u00e4rg och lukt.","robots":{"index":"index","follow":"follow","max-snippet":"max-snippet:-1","max-image-preview":"max-image-preview:large","max-video-preview":"max-video-preview:-1"},"canonical":"https:\/\/www.filtnor.com\/se\/produkter\/vattenbehandling\/plasmaoxidationsmedel\/","og_locale":"sv_SE","og_type":"article","og_title":"Plasma Oxidizer","og_description":"Vuoxi plasma oxidizer for industrial water treatment uses plasma technology to disinfecting water and remove colour and smell.","og_url":"https:\/\/www.filtnor.com\/se\/produkter\/vattenbehandling\/plasmaoxidationsmedel\/","og_site_name":"Filtnor","article_modified_time":"2025-05-12T18:33:04+00:00","twitter_card":"summary_large_image","twitter_misc":{"Ber\u00e4knad l\u00e4stid":"3 minuter"},"schema":{"@context":"https:\/\/schema.org","@graph":[{"@type":"WebPage","@id":"https:\/\/www.filtnor.com\/products\/water-treatment\/plasma-oxidizer\/","url":"https:\/\/www.filtnor.com\/products\/water-treatment\/plasma-oxidizer\/","name":"Plasma Oxidizer - Filtnor","isPartOf":{"@id":"https:\/\/www.filtnor.com\/#website"},"datePublished":"2024-09-03T17:35:54+00:00","dateModified":"2025-05-12T18:33:04+00:00","description":"Vuoxi plasmaoxidator f\u00f6r industriell vattenbehandling anv\u00e4nder plasmateknik f\u00f6r att desinficera vatten och ta bort f\u00e4rg och lukt.","breadcrumb":{"@id":"https:\/\/www.filtnor.com\/products\/water-treatment\/plasma-oxidizer\/#breadcrumb"},"inLanguage":"sv-SE","potentialAction":[{"@type":"ReadAction","target":["https:\/\/www.filtnor.com\/products\/water-treatment\/plasma-oxidizer\/"]}]},{"@type":"BreadcrumbList","@id":"https:\/\/www.filtnor.com\/products\/water-treatment\/plasma-oxidizer\/#breadcrumb","itemListElement":[{"@type":"ListItem","position":1,"name":"Home","item":"https:\/\/www.filtnor.com\/"},{"@type":"ListItem","position":2,"name":"Product groups from Filtnor","item":"https:\/\/www.filtnor.com\/products\/"},{"@type":"ListItem","position":3,"name":"Water treatment","item":"https:\/\/www.filtnor.com\/products\/water-treatment\/"},{"@type":"ListItem","position":4,"name":"Plasma Oxidizer"}]},{"@type":"WebSite","@id":"https:\/\/www.filtnor.com\/#website","url":"https:\/\/www.filtnor.com\/","name":"Filtnor","description":"Filtrering du kan lita p\u00e5. Prestanda som varar.","potentialAction":[{"@type":"SearchAction","target":{"@type":"EntryPoint","urlTemplate":"https:\/\/www.filtnor.com\/?s={search_term_string}"},"query-input":{"@type":"PropertyValueSpecification","valueRequired":true,"valueName":"search_term_string"}}],"inLanguage":"sv-SE"}]}},"_links":{"self":[{"href":"https:\/\/www.filtnor.com\/se\/wp-json\/wp\/v2\/pages\/5211","targetHints":{"allow":["GET"]}}],"collection":[{"href":"https:\/\/www.filtnor.com\/se\/wp-json\/wp\/v2\/pages"}],"about":[{"href":"https:\/\/www.filtnor.com\/se\/wp-json\/wp\/v2\/types\/page"}],"author":[{"embeddable":true,"href":"https:\/\/www.filtnor.com\/se\/wp-json\/wp\/v2\/users\/1"}],"replies":[{"embeddable":true,"href":"https:\/\/www.filtnor.com\/se\/wp-json\/wp\/v2\/comments?post=5211"}],"version-history":[{"count":31,"href":"https:\/\/www.filtnor.com\/se\/wp-json\/wp\/v2\/pages\/5211\/revisions"}],"predecessor-version":[{"id":5405,"href":"https:\/\/www.filtnor.com\/se\/wp-json\/wp\/v2\/pages\/5211\/revisions\/5405"}],"up":[{"embeddable":true,"href":"https:\/\/www.filtnor.com\/se\/wp-json\/wp\/v2\/pages\/3996"}],"wp:attachment":[{"href":"https:\/\/www.filtnor.com\/se\/wp-json\/wp\/v2\/media?parent=5211"}],"curies":[{"name":"wp","href":"https:\/\/api.w.org\/{rel}","templated":true}]}}