{"id":5153,"date":"2024-08-30T17:41:03","date_gmt":"2024-08-30T15:41:03","guid":{"rendered":"https:\/\/www.filtnor.com\/?page_id=5153"},"modified":"2024-09-14T12:49:50","modified_gmt":"2024-09-14T10:49:50","slug":"fiberpackningar","status":"publish","type":"page","link":"https:\/\/www.filtnor.com\/se\/produkter\/vatskehantering\/packningar-tatningar\/fiberpackningar\/","title":{"rendered":"Fiberpackningar"},"content":{"rendered":"<div class=\"wpb-content-wrapper\"><div class=\"vc_row wpb_row vc_row-fluid vc_custom_1724585508983\"><div class=\"wpb_column vc_column_container vc_col-sm-12 vc_col-lg-6 vc_col-md-6\"><div class=\"vc_column-inner\"><div class=\"wpb_wrapper\"><div class=\"section-title-wrapper shortcode-rand-2 induzy-inline-css\" data-css=\"&quot;.shortcode-rand-2 .title-separator.separator-border { background-color: ; }.shortcode-rand-2 .section-title { text-transform: none; }&quot;\"><div class=\"title-wrap\"><h2 class=\"section-title\">Fiberpackningar <span class=\"title-suffix theme-color\">\/ CNAF packningar<\/span><\/h2><span class=\"title-separator separator-border theme-color-bg\"><\/span><\/div><!-- .title-wrap --><div class=\"section-description\">Fiberpackningar, eller CNAF-packningar som de ocks\u00e5 kallas, \u00e4r gjorda av gummibundna icke-asbestfibrer.<\/p>\n<p>Fiberpackningar \u00e4r v\u00e4l l\u00e4mpade f\u00f6r medelstora temperaturer och tryck och \u00e4r tillg\u00e4ngliga i valfri DIN- eller ANSI-storlek eller anpassad storlek.<\/p>\n<p>&nbsp;<\/p>\n<p><strong>Vi har m\u00e5nga olika packningsmaterial i v\u00e5r portf\u00f6lj, d\u00e4r vissa \u00e4r b\u00e4ttre l\u00e4mpade \u00e4n andra f\u00f6r vissa applikationer, s\u00e5 kontakta oss och l\u00e5t v\u00e5ra ventilexperter hitta den mest l\u00e4mpliga packningen f\u00f6r din process.<\/strong><\/p>\n<p><\/div><!-- .section-description --><\/div><!-- .section-title-wrapper --><div class=\"feature-box-wrapper feature-box-style-1 vc_custom_1724587656213 shortcode-rand-3 induzy-inline-css\" data-css=\"&quot;.shortcode-rand-3.feature-box-wrapper {background: -moz-linear-gradient(141deg,  0%,  51%,  75%);\\r\\n\\t\\t\\t\\tbackground: -webkit-linear-gradient(141deg,  0%,  51%,  75%);\\r\\n\\t\\t\\t\\tbackground: linear-gradient(141deg,  0%,  51%,  75%);}.shortcode-rand-3 .feature-box-icon { font-size: 24px; }.shortcode-rand-3 .feature-box-icon { height: 48px; width: 48px; }.shortcode-rand-3 .feature-box-icon &gt; span { line-height: 2; }.shortcode-rand-3:hover .feature-box-icon { background: none; }&quot;\" ><div class=\"feature-box-btn\"><a class=\"btn default\" href=\"https:\/\/www.filtnor.com\/se\/kontakta-oss\/\" title=\"SKICKA F\u00d6RFR\u00c5GAN \u00bb\">SKICKA F\u00d6RFR\u00c5GAN \u00bb<\/a><\/div><!-- .feature-box-btn --><\/div><!-- .feature-box-wrapper --><\/div><\/div><\/div><div class=\"wpb_column vc_column_container vc_col-sm-12 vc_col-lg-6 vc_col-md-6\"><div class=\"vc_column-inner\"><div class=\"wpb_wrapper\">\n\t<div  class=\"wpb_single_image wpb_content_element vc_align_left wpb_content_element\">\n\t\t\n\t\t<figure class=\"wpb_wrapper vc_figure\">\n\t\t\t<div class=\"vc_single_image-wrapper   vc_box_border_grey\"><\/div>\n\t\t<\/figure>\n\t<\/div>\n<\/div><\/div><\/div><\/div><div class=\"vc_row wpb_row vc_row-fluid vc_custom_1724525180141\"><div class=\"wpb_column vc_column_container vc_col-sm-6\"><div class=\"vc_column-inner\"><div class=\"wpb_wrapper\"><div class=\"section-title-wrapper shortcode-rand-5 induzy-inline-css\" data-css=\"&quot;.shortcode-rand-5 .title-separator.separator-border { background-color: ; }.shortcode-rand-5 .section-title { text-transform: none; }&quot;\"><div class=\"title-wrap\"><h4 class=\"section-title\">V\u00e4lj din <span class=\"title-suffix theme-color\">tjocklek<\/span><\/h4><span class=\"title-separator separator-border theme-color-bg\"><\/span><\/div><!-- .title-wrap --><div class=\"section-description\">V\u00e5r standardtjocklek p\u00e5 packningar \u00e4r 1,5 mm, men de kan levereras tunnare eller tjockare efter \u00f6nskem\u00e5l.<\/p>\n<p>Normalt vill man att packningen ska vara s\u00e5 tunn som m\u00f6jligt, men \u00e4nd\u00e5 tillr\u00e4ckligt tjock f\u00f6r att absorbera alla oj\u00e4mnheter p\u00e5 fl\u00e4nsen.<\/p>\n<p><\/div><!-- .section-description --><\/div><!-- .section-title-wrapper --><\/div><\/div><\/div><div class=\"wpb_column vc_column_container vc_col-sm-6\"><div class=\"vc_column-inner\"><div class=\"wpb_wrapper\"><div class=\"section-title-wrapper margin-bottom-30 shortcode-rand-6 induzy-inline-css\" data-css=\"&quot;.shortcode-rand-6 .title-separator.separator-border { background-color: ; }.shortcode-rand-6 .section-title { text-transform: none; }&quot;\"><div class=\"title-wrap\"><h4 class=\"section-title\">N\u00e5gra av f\u00f6rdelarna <span class=\"title-suffix theme-color\">med fiberpackningar<\/span><\/h4><span class=\"title-separator separator-border theme-color-bg\"><\/span><\/div><!-- .title-wrap --><div class=\"section-description\"><\/div><!-- .section-description --><\/div><!-- .section-title-wrapper --><div class=\"list-item-wrapper\" data-css=\"&quot;&quot;\"><div class=\"list-item-inner\" data-css=\"&quot;&quot;\"><div class=\"list-item-title media\"><span class=\"mr-3 icon-light fas fa-check\"><\/span><div class=\"media-body align-self-center list-item-desc\">L\u00e4mplig f\u00f6r universell anv\u00e4ndning<\/div><\/div><!-- .list-item-title --><\/div><!-- .list-item-inner --><div class=\"list-item-inner\" data-css=\"&quot;&quot;\"><div class=\"list-item-title media\"><span class=\"mr-3 icon-light fas fa-check\"><\/span><div class=\"media-body align-self-center list-item-desc\">L\u00e4mplig f\u00f6r de flesta flytande medier<\/div><\/div><!-- .list-item-title --><\/div><!-- .list-item-inner --><div class=\"list-item-inner\" data-css=\"&quot;&quot;\"><div class=\"list-item-title media\"><span class=\"mr-3 icon-light fas fa-check\"><\/span><div class=\"media-body align-self-center list-item-desc\">Fungerar bra vid medelh\u00f6ga temperaturer\/tryck<\/div><\/div><!-- .list-item-title --><\/div><!-- .list-item-inner --><div class=\"list-item-inner\" data-css=\"&quot;&quot;\"><div class=\"list-item-title media\"><span class=\"mr-3 icon-light fas fa-check\"><\/span><div class=\"media-body align-self-center list-item-desc\">Finns i anpassade storlekar<\/div><\/div><!-- .list-item-title --><\/div><!-- .list-item-inner --><\/div><!-- .list-item-wrapper --><\/div><\/div><\/div><\/div><div class=\"vc_row wpb_row vc_row-fluid vc_custom_1691588774257\"><div class=\"wpb_column vc_column_container vc_col-sm-6\"><div class=\"vc_column-inner\"><div class=\"wpb_wrapper\"><div class=\"section-title-wrapper shortcode-rand-13 induzy-inline-css\" data-css=\"&quot;.shortcode-rand-13 .title-separator.separator-border { background-color: ; }.shortcode-rand-13 .section-title { text-transform: none; }&quot;\"><div class=\"title-wrap\"><h4 class=\"section-title\">Ring typ <span class=\"title-suffix theme-color\">eller full-face packningar?<\/span><\/h4><span class=\"title-separator separator-border theme-color-bg\"><\/span><\/div><!-- .title-wrap --><div class=\"section-description\">Ringpackningar \u00e4r utan bulth\u00e5l och stannar inuti bultarna, medan full-face packningar inkluderar bulth\u00e5l och g\u00e5r runt bultarna.<\/p>\n<p>Ringpackningar \u00e4r vanligast, och full-face packningar anv\u00e4nds vanligtvis p\u00e5 plana fl\u00e4nsar och sk\u00e4rs med bulth\u00e5l som till\u00e5ter inf\u00f6rande av fl\u00e4nsbultar genom packningen.<\/p>\n<p><\/div><!-- .section-description --><\/div><!-- .section-title-wrapper --><\/div><\/div><\/div><div class=\"wpb_column vc_column_container vc_col-sm-6\"><div class=\"vc_column-inner\"><div class=\"wpb_wrapper\">\n\t<div  class=\"wpb_single_image wpb_content_element vc_align_left wpb_content_element\">\n\t\t\n\t\t<figure class=\"wpb_wrapper vc_figure\">\n\t\t\t<div class=\"vc_single_image-wrapper   vc_box_border_grey\"><img loading=\"lazy\" decoding=\"async\" width=\"768\" height=\"456\" src=\"https:\/\/www.filtnor.com\/wp-content\/uploads\/2024\/09\/products_flow_gaskets-sealing-_fiber-gaskets_001-768x456.jpg\" class=\"vc_single_image-img attachment-medium\" alt=\"Fiberpackningar\" title=\"produkter_fl\u00f6despackningar-t\u00e4tning_fiberpackningar_001\" srcset=\"https:\/\/www.filtnor.com\/wp-content\/uploads\/2024\/09\/products_flow_gaskets-sealing-_fiber-gaskets_001-768x456.jpg 768w, https:\/\/www.filtnor.com\/wp-content\/uploads\/2024\/09\/products_flow_gaskets-sealing-_fiber-gaskets_001-1170x694.jpg 1170w, https:\/\/www.filtnor.com\/wp-content\/uploads\/2024\/09\/products_flow_gaskets-sealing-_fiber-gaskets_001-18x10.jpg 18w, https:\/\/www.filtnor.com\/wp-content\/uploads\/2024\/09\/products_flow_gaskets-sealing-_fiber-gaskets_001-440x260.jpg 440w, https:\/\/www.filtnor.com\/wp-content\/uploads\/2024\/09\/products_flow_gaskets-sealing-_fiber-gaskets_001-390x231.jpg 390w, https:\/\/www.filtnor.com\/wp-content\/uploads\/2024\/09\/products_flow_gaskets-sealing-_fiber-gaskets_001-220x130.jpg 220w\" sizes=\"auto, (max-width: 768px) 100vw, 768px\" \/><\/div>\n\t\t<\/figure>\n\t<\/div>\n<\/div><\/div><\/div><\/div><div class=\"vc_row wpb_row vc_row-fluid vc_custom_1724525173424\"><div class=\"wpb_column vc_column_container vc_col-sm-8\"><div class=\"vc_column-inner\"><div class=\"wpb_wrapper\"><div class=\"section-title-wrapper shortcode-rand-15 induzy-inline-css\" data-css=\"&quot;.shortcode-rand-15 .title-separator.separator-border { background-color: ; }.shortcode-rand-15 .section-title { text-transform: none; }&quot;\"><div class=\"title-wrap\"><h4 class=\"section-title\">Specifikationer<\/h4><span class=\"title-separator separator-border theme-color-bg\"><\/span><\/div><!-- .title-wrap --><div class=\"section-description\"><strong>Temperaturomr\u00e5de:<\/strong><br \/>\nFr\u00e5n -200 till +400 grader Celsius<\/p>\n<p><\/div><!-- .section-description --><\/div><!-- .section-title-wrapper --><\/div><\/div><\/div><div class=\"wpb_column vc_column_container vc_col-sm-4\"><div class=\"vc_column-inner\"><div class=\"wpb_wrapper\"><\/div><\/div><\/div><\/div><div data-vc-full-width=\"true\" data-vc-full-width-init=\"false\" class=\"vc_row wpb_row vc_row-fluid additional-call-to-action vc_custom_1691588100630 vc_row-has-fill\"><div class=\"wpb_column vc_column_container vc_col-sm-12\"><div class=\"vc_column-inner\"><div class=\"wpb_wrapper\"><div class=\"vc_row wpb_row vc_inner vc_row-fluid\"><div class=\"wpb_column vc_column_container vc_col-sm-12 vc_col-lg-9 vc_col-md-12\"><div class=\"vc_column-inner\"><div class=\"wpb_wrapper\"><div class=\"feature-box-wrapper feature-box-style-1 shortcode-rand-17 induzy-inline-css feature-list-1\" data-css=\"&quot;.shortcode-rand-17.feature-box-wrapper { color: #000000; }.shortcode-rand-17.feature-box-wrapper {background: -moz-linear-gradient(141deg,  0%,  51%,  75%);\\r\\n\\t\\t\\t\\tbackground: -webkit-linear-gradient(141deg,  0%,  51%,  75%);\\r\\n\\t\\t\\t\\tbackground: linear-gradient(141deg,  0%,  51%,  75%);}.shortcode-rand-17 .feature-box-icon { font-size: 30px; }.shortcode-rand-17 .feature-box-icon { height: 60px; width: 60px; }.shortcode-rand-17 .feature-box-icon &gt; span { line-height: 2; }.shortcode-rand-17:hover .feature-box-icon { background: none; }&quot;\" ><div class=\"fbox-list\"><div class=\"media\"><div class=\"feature-box-icon mr-3 text-center rounded-circle none\"><span class=\"\"><\/span><\/div><!-- .feature-box-icon --><div class=\"media-body\"><div class=\"feature-box-title\"><h4 class=\"section-title\">Hittar du inte det du s\u00f6ker efter?<\/h4><\/div><!-- .feature-box-title --><div class=\"feature-box-content\">Kontakta oss s\u00e5 hj\u00e4lper vi dig att hitta ut!<\/div><!-- .feature-box-content --><\/div><\/div><\/div><\/div><!-- .feature-box-wrapper --><\/div><\/div><\/div><div class=\"wpb_column vc_column_container vc_col-sm-12 vc_col-lg-3 vc_col-md-12\"><div class=\"vc_column-inner vc_custom_1691588352947\"><div class=\"wpb_wrapper\"><div class=\"vc_btn3-container  additional-btn vc_btn3-right vc_custom_1724524458603 vc_do_btn\" ><a style=\"background-color:#06295e; color:#ffffff;\" class=\"vc_general vc_btn3 vc_btn3-size-md vc_btn3-shape-rounded vc_btn3-style-custom\" href=\"https:\/\/www.filtnor.com\/se\/kontakta-oss\/\" title=\"Kontakta oss\">SKICKA F\u00d6RFR\u00c5GAN \u00bb<\/a><\/div><\/div><\/div><\/div><\/div><\/div><\/div><\/div><\/div><div class=\"vc_row-full-width vc_clearfix\"><\/div>\n<\/div>","protected":false},"excerpt":{"rendered":"Fiber gaskets \/ CNAF gasketsFiber gaskets, or CNAF gaskets as they are also called, are made of rubber\u2011bonded non\u2011asbestos fibers. Fiber gaskets are well suited for medium teperatures and pressures and are availabel in any DIN or ANSI size or custom size. &nbsp; We have many different gasket materials our portfolio, where some are better","protected":false},"author":1,"featured_media":0,"parent":4178,"menu_order":0,"comment_status":"closed","ping_status":"closed","template":"","meta":{"om_disable_all_campaigns":false,"footnotes":""},"class_list":["post-5153","page","type-page","status-publish","hentry"],"yoast_head":"<!-- This site is optimized with the Yoast SEO Premium plugin v26.1 (Yoast SEO v27.5) - https:\/\/yoast.com\/product\/yoast-seo-premium-wordpress\/ -->\n<title>Fiber gaskets - Filtnor<\/title>\n<meta name=\"description\" content=\"Fiber gasket sealings, or CNAF gaskets, are non\u2011asbestos gasket materials for universal usage on many different medias.\" \/>\n<meta name=\"robots\" content=\"index, follow, max-snippet:-1, max-image-preview:large, max-video-preview:-1\" \/>\n<link rel=\"canonical\" href=\"https:\/\/www.filtnor.com\/se\/produkter\/vatskehantering\/packningar-tatningar\/fiberpackningar\/\" \/>\n<meta property=\"og:locale\" content=\"sv_SE\" \/>\n<meta property=\"og:type\" content=\"article\" \/>\n<meta property=\"og:title\" content=\"Fiber gaskets\" \/>\n<meta property=\"og:description\" content=\"Fiber gasket sealings, or CNAF gaskets, are non\u2011asbestos gasket materials for universal usage on many different medias.\" \/>\n<meta property=\"og:url\" content=\"https:\/\/www.filtnor.com\/se\/produkter\/vatskehantering\/packningar-tatningar\/fiberpackningar\/\" \/>\n<meta property=\"og:site_name\" content=\"Filtnor\" \/>\n<meta property=\"article:modified_time\" content=\"2024-09-14T10:49:50+00:00\" \/>\n<meta name=\"twitter:card\" content=\"summary_large_image\" \/>\n<meta name=\"twitter:label1\" content=\"Ber\u00e4knad l\u00e4stid\" \/>\n\t<meta name=\"twitter:data1\" content=\"2 minuter\" \/>\n<script type=\"application\/ld+json\" class=\"yoast-schema-graph\">{\"@context\":\"https:\\\/\\\/schema.org\",\"@graph\":[{\"@type\":\"WebPage\",\"@id\":\"https:\\\/\\\/www.filtnor.com\\\/products\\\/fluid-handling\\\/gaskets-seals\\\/fiber-gaskets\\\/\",\"url\":\"https:\\\/\\\/www.filtnor.com\\\/products\\\/fluid-handling\\\/gaskets-seals\\\/fiber-gaskets\\\/\",\"name\":\"Fiber gaskets - Filtnor\",\"isPartOf\":{\"@id\":\"https:\\\/\\\/www.filtnor.com\\\/#website\"},\"datePublished\":\"2024-08-30T15:41:03+00:00\",\"dateModified\":\"2024-09-14T10:49:50+00:00\",\"description\":\"Fiber gasket sealings, or CNAF gaskets, are non\u2011asbestos gasket materials for universal usage on many different medias.\",\"breadcrumb\":{\"@id\":\"https:\\\/\\\/www.filtnor.com\\\/products\\\/fluid-handling\\\/gaskets-seals\\\/fiber-gaskets\\\/#breadcrumb\"},\"inLanguage\":\"sv-SE\",\"potentialAction\":[{\"@type\":\"ReadAction\",\"target\":[\"https:\\\/\\\/www.filtnor.com\\\/products\\\/fluid-handling\\\/gaskets-seals\\\/fiber-gaskets\\\/\"]}]},{\"@type\":\"BreadcrumbList\",\"@id\":\"https:\\\/\\\/www.filtnor.com\\\/products\\\/fluid-handling\\\/gaskets-seals\\\/fiber-gaskets\\\/#breadcrumb\",\"itemListElement\":[{\"@type\":\"ListItem\",\"position\":1,\"name\":\"Home\",\"item\":\"https:\\\/\\\/www.filtnor.com\\\/\"},{\"@type\":\"ListItem\",\"position\":2,\"name\":\"Product groups from Filtnor\",\"item\":\"https:\\\/\\\/www.filtnor.com\\\/products\\\/\"},{\"@type\":\"ListItem\",\"position\":3,\"name\":\"Fluid handling\",\"item\":\"https:\\\/\\\/www.filtnor.com\\\/products\\\/fluid-handling\\\/\"},{\"@type\":\"ListItem\",\"position\":4,\"name\":\"Gaskets and Seals\",\"item\":\"https:\\\/\\\/www.filtnor.com\\\/products\\\/fluid-handling\\\/gaskets-seals\\\/\"},{\"@type\":\"ListItem\",\"position\":5,\"name\":\"Fiber gaskets\"}]},{\"@type\":\"WebSite\",\"@id\":\"https:\\\/\\\/www.filtnor.com\\\/#website\",\"url\":\"https:\\\/\\\/www.filtnor.com\\\/\",\"name\":\"Filtnor\",\"description\":\"Filtration you can trust. Performance that lasts.\",\"potentialAction\":[{\"@type\":\"SearchAction\",\"target\":{\"@type\":\"EntryPoint\",\"urlTemplate\":\"https:\\\/\\\/www.filtnor.com\\\/?s={search_term_string}\"},\"query-input\":{\"@type\":\"PropertyValueSpecification\",\"valueRequired\":true,\"valueName\":\"search_term_string\"}}],\"inLanguage\":\"sv-SE\"}]}<\/script>\n<!-- \/ Yoast SEO Premium plugin. -->","yoast_head_json":{"title":"Fiberpackningar - Filtnor","description":"Fiberpackningar, eller CNAF-packningar, \u00e4r icke-asbestpackningsmaterial f\u00f6r universell anv\u00e4ndning p\u00e5 m\u00e5nga olika medier.","robots":{"index":"index","follow":"follow","max-snippet":"max-snippet:-1","max-image-preview":"max-image-preview:large","max-video-preview":"max-video-preview:-1"},"canonical":"https:\/\/www.filtnor.com\/se\/produkter\/vatskehantering\/packningar-tatningar\/fiberpackningar\/","og_locale":"sv_SE","og_type":"article","og_title":"Fiber gaskets","og_description":"Fiber gasket sealings, or CNAF gaskets, are non\u2011asbestos gasket materials for universal usage on many different medias.","og_url":"https:\/\/www.filtnor.com\/se\/produkter\/vatskehantering\/packningar-tatningar\/fiberpackningar\/","og_site_name":"Filtnor","article_modified_time":"2024-09-14T10:49:50+00:00","twitter_card":"summary_large_image","twitter_misc":{"Ber\u00e4knad l\u00e4stid":"2 minuter"},"schema":{"@context":"https:\/\/schema.org","@graph":[{"@type":"WebPage","@id":"https:\/\/www.filtnor.com\/products\/fluid-handling\/gaskets-seals\/fiber-gaskets\/","url":"https:\/\/www.filtnor.com\/products\/fluid-handling\/gaskets-seals\/fiber-gaskets\/","name":"Fiberpackningar - Filtnor","isPartOf":{"@id":"https:\/\/www.filtnor.com\/#website"},"datePublished":"2024-08-30T15:41:03+00:00","dateModified":"2024-09-14T10:49:50+00:00","description":"Fiberpackningar, eller CNAF-packningar, \u00e4r icke-asbestpackningsmaterial f\u00f6r universell anv\u00e4ndning p\u00e5 m\u00e5nga olika medier.","breadcrumb":{"@id":"https:\/\/www.filtnor.com\/products\/fluid-handling\/gaskets-seals\/fiber-gaskets\/#breadcrumb"},"inLanguage":"sv-SE","potentialAction":[{"@type":"ReadAction","target":["https:\/\/www.filtnor.com\/products\/fluid-handling\/gaskets-seals\/fiber-gaskets\/"]}]},{"@type":"BreadcrumbList","@id":"https:\/\/www.filtnor.com\/products\/fluid-handling\/gaskets-seals\/fiber-gaskets\/#breadcrumb","itemListElement":[{"@type":"ListItem","position":1,"name":"Home","item":"https:\/\/www.filtnor.com\/"},{"@type":"ListItem","position":2,"name":"Product groups from Filtnor","item":"https:\/\/www.filtnor.com\/products\/"},{"@type":"ListItem","position":3,"name":"Fluid handling","item":"https:\/\/www.filtnor.com\/products\/fluid-handling\/"},{"@type":"ListItem","position":4,"name":"Gaskets and Seals","item":"https:\/\/www.filtnor.com\/products\/fluid-handling\/gaskets-seals\/"},{"@type":"ListItem","position":5,"name":"Fiber gaskets"}]},{"@type":"WebSite","@id":"https:\/\/www.filtnor.com\/#website","url":"https:\/\/www.filtnor.com\/","name":"Filtnor","description":"Filtrering du kan lita p\u00e5. Prestanda som varar.","potentialAction":[{"@type":"SearchAction","target":{"@type":"EntryPoint","urlTemplate":"https:\/\/www.filtnor.com\/?s={search_term_string}"},"query-input":{"@type":"PropertyValueSpecification","valueRequired":true,"valueName":"search_term_string"}}],"inLanguage":"sv-SE"}]}},"_links":{"self":[{"href":"https:\/\/www.filtnor.com\/se\/wp-json\/wp\/v2\/pages\/5153","targetHints":{"allow":["GET"]}}],"collection":[{"href":"https:\/\/www.filtnor.com\/se\/wp-json\/wp\/v2\/pages"}],"about":[{"href":"https:\/\/www.filtnor.com\/se\/wp-json\/wp\/v2\/types\/page"}],"author":[{"embeddable":true,"href":"https:\/\/www.filtnor.com\/se\/wp-json\/wp\/v2\/users\/1"}],"replies":[{"embeddable":true,"href":"https:\/\/www.filtnor.com\/se\/wp-json\/wp\/v2\/comments?post=5153"}],"version-history":[{"count":11,"href":"https:\/\/www.filtnor.com\/se\/wp-json\/wp\/v2\/pages\/5153\/revisions"}],"predecessor-version":[{"id":5310,"href":"https:\/\/www.filtnor.com\/se\/wp-json\/wp\/v2\/pages\/5153\/revisions\/5310"}],"up":[{"embeddable":true,"href":"https:\/\/www.filtnor.com\/se\/wp-json\/wp\/v2\/pages\/4178"}],"wp:attachment":[{"href":"https:\/\/www.filtnor.com\/se\/wp-json\/wp\/v2\/media?parent=5153"}],"curies":[{"name":"wp","href":"https:\/\/api.w.org\/{rel}","templated":true}]}}