{"id":5058,"date":"2024-08-25T14:40:13","date_gmt":"2024-08-25T12:40:13","guid":{"rendered":"https:\/\/www.filtnor.com\/?page_id=5058"},"modified":"2024-08-25T22:32:52","modified_gmt":"2024-08-25T20:32:52","slug":"membranventiler","status":"publish","type":"page","link":"https:\/\/www.filtnor.com\/se\/produkter\/vatskehantering\/ventiler\/membranventiler\/","title":{"rendered":"Membranventiler"},"content":{"rendered":"<div class=\"wpb-content-wrapper\"><div class=\"vc_row wpb_row vc_row-fluid vc_custom_1724585508983\"><div class=\"wpb_column vc_column_container vc_col-sm-12 vc_col-lg-6 vc_col-md-6\"><div class=\"vc_column-inner\"><div class=\"wpb_wrapper\"><div class=\"section-title-wrapper shortcode-rand-2 induzy-inline-css\" data-css=\"&quot;.shortcode-rand-2 .title-separator.separator-border { background-color: ; }.shortcode-rand-2 .section-title { text-transform: none; }&quot;\"><div class=\"title-wrap\"><h2 class=\"section-title\">Membranventiler <span class=\"title-suffix theme-color\">\/ membranventiler<\/span><\/h2><span class=\"title-separator separator-border theme-color-bg\"><\/span><\/div><!-- .title-wrap --><div class=\"section-description\">Membranventiler, \u00e4ven k\u00e4nda som membranventiler, \u00e4r dubbelriktade, vilket inneb\u00e4r att de kan anv\u00e4ndas f\u00f6r fl\u00f6de som g\u00e5r \u00e5t b\u00e5da h\u00e5llen.<\/p>\n<p>&nbsp;<\/p>\n<p><strong>Vi har m\u00e5nga olika membranventiler i v\u00e5r portf\u00f6lj, d\u00e4r vissa \u00e4r b\u00e4ttre l\u00e4mpade \u00e4n andra f\u00f6r vissa applikationer, s\u00e5 kontakta oss och l\u00e5t v\u00e5ra ventilexperter hitta den mest l\u00e4mpliga membranventilen f\u00f6r din process.<\/strong><\/div><!-- .section-description --><\/div><!-- .section-title-wrapper --><div class=\"feature-box-wrapper feature-box-style-1 vc_custom_1724587656213 shortcode-rand-3 induzy-inline-css\" data-css=\"&quot;.shortcode-rand-3.feature-box-wrapper {background: -moz-linear-gradient(141deg,  0%,  51%,  75%);\\r\\n\\t\\t\\t\\tbackground: -webkit-linear-gradient(141deg,  0%,  51%,  75%);\\r\\n\\t\\t\\t\\tbackground: linear-gradient(141deg,  0%,  51%,  75%);}.shortcode-rand-3 .feature-box-icon { font-size: 24px; }.shortcode-rand-3 .feature-box-icon { height: 48px; width: 48px; }.shortcode-rand-3 .feature-box-icon &gt; span { line-height: 2; }.shortcode-rand-3:hover .feature-box-icon { background: none; }&quot;\" ><div class=\"feature-box-btn\"><a class=\"btn default\" href=\"https:\/\/www.filtnor.com\/se\/kontakta-oss\/\" title=\"SKICKA F\u00d6RFR\u00c5GAN \u00bb\">SKICKA F\u00d6RFR\u00c5GAN \u00bb<\/a><\/div><!-- .feature-box-btn --><\/div><!-- .feature-box-wrapper --><\/div><\/div><\/div><div class=\"wpb_column vc_column_container vc_col-sm-12 vc_col-lg-6 vc_col-md-6\"><div class=\"vc_column-inner\"><div class=\"wpb_wrapper\">\n\t<div  class=\"wpb_single_image wpb_content_element vc_align_left wpb_content_element\">\n\t\t\n\t\t<figure class=\"wpb_wrapper vc_figure\">\n\t\t\t<div class=\"vc_single_image-wrapper   vc_box_border_grey\"><\/div>\n\t\t<\/figure>\n\t<\/div>\n<\/div><\/div><\/div><\/div><div class=\"vc_row wpb_row vc_row-fluid vc_custom_1724525180141\"><div class=\"wpb_column vc_column_container vc_col-sm-6\"><div class=\"vc_column-inner\"><div class=\"wpb_wrapper\"><div class=\"section-title-wrapper shortcode-rand-5 induzy-inline-css\" data-css=\"&quot;.shortcode-rand-5 .title-separator.separator-border { background-color: ; }.shortcode-rand-5 .section-title { text-transform: none; }&quot;\"><div class=\"title-wrap\"><h4 class=\"section-title\">Avst\u00e4ngningsventil <span class=\"title-suffix theme-color\">eller Styrventil<\/span><\/h4><span class=\"title-separator separator-border theme-color-bg\"><\/span><\/div><!-- .title-wrap --><div class=\"section-description\">Membranventiler finns b\u00e5de som avst\u00e4ngningsventiler och som reglerventiler och finns b\u00e5de med manuell styrning och med automatisk styrning genom st\u00e4lldon.<\/div><!-- .section-description --><\/div><!-- .section-title-wrapper --><\/div><\/div><\/div><div class=\"wpb_column vc_column_container vc_col-sm-6\"><div class=\"vc_column-inner\"><div class=\"wpb_wrapper\"><div class=\"section-title-wrapper margin-bottom-30 shortcode-rand-6 induzy-inline-css\" data-css=\"&quot;.shortcode-rand-6 .title-separator.separator-border { background-color: ; }.shortcode-rand-6 .section-title { text-transform: none; }&quot;\"><div class=\"title-wrap\"><h4 class=\"section-title\">N\u00e5gra av f\u00f6rdelarna <span class=\"title-suffix theme-color\">med membranventiler<\/span><\/h4><span class=\"title-separator separator-border theme-color-bg\"><\/span><\/div><!-- .title-wrap --><div class=\"section-description\"><\/div><!-- .section-description --><\/div><!-- .section-title-wrapper --><div class=\"list-item-wrapper\" data-css=\"&quot;&quot;\"><div class=\"list-item-inner\" data-css=\"&quot;&quot;\"><div class=\"list-item-title media\"><span class=\"mr-3 icon-light fas fa-check\"><\/span><div class=\"media-body align-self-center list-item-desc\">Dubbelriktad,<\/div><\/div><!-- .list-item-title --><\/div><!-- .list-item-inner --><div class=\"list-item-inner\" data-css=\"&quot;&quot;\"><div class=\"list-item-title media\"><span class=\"mr-3 icon-light fas fa-check\"><\/span><div class=\"media-body align-self-center list-item-desc\">Inneh\u00e5ller n\u00e5gra r\u00f6rliga delar.<\/div><\/div><!-- .list-item-title --><\/div><!-- .list-item-inner --><div class=\"list-item-inner\" data-css=\"&quot;&quot;\"><div class=\"list-item-title media\"><span class=\"mr-3 icon-light fas fa-check\"><\/span><div class=\"media-body align-self-center list-item-desc\">L\u00e4tt att reng\u00f6ra och sterilisera<\/div><\/div><!-- .list-item-title --><\/div><!-- .list-item-inner --><div class=\"list-item-inner\" data-css=\"&quot;&quot;\"><div class=\"list-item-title media\"><span class=\"mr-3 icon-light fas fa-check\"><\/span><div class=\"media-body align-self-center list-item-desc\">Finns med automation och som smart ventil (IIoT)<\/div><\/div><!-- .list-item-title --><\/div><!-- .list-item-inner --><\/div><!-- .list-item-wrapper --><\/div><\/div><\/div><\/div><div class=\"vc_row wpb_row vc_row-fluid vc_custom_1691588774257\"><div class=\"wpb_column vc_column_container vc_col-sm-6\"><div class=\"vc_column-inner\"><div class=\"wpb_wrapper\"><div class=\"section-title-wrapper shortcode-rand-13 induzy-inline-css\" data-css=\"&quot;.shortcode-rand-13 .title-separator.separator-border { background-color: ; }.shortcode-rand-13 .section-title { text-transform: none; }&quot;\"><div class=\"title-wrap\"><h4 class=\"section-title\">Smart-ventil <span class=\"title-suffix theme-color\">med IIoT<\/span><\/h4><span class=\"title-separator separator-border theme-color-bg\"><\/span><\/div><!-- .title-wrap --><div class=\"section-description\">V\u00e5ra membranventiler kan levereras som smarta ventiler f\u00f6r IIoT, redo att anv\u00e4ndas med en smart produktprogramvara. Detta l\u00e5ter dig \u00f6vervaka ventilen direkt fr\u00e5n din sk\u00e4rm och ta emot rapporter och meddelanden.<\/p>\n<p>Kombinera denna ventil med v\u00e5r smarta produktprogramvara Roxia Malibu och f\u00e5 kombinerad onlineprocess\u00f6vervakning med maskintillst\u00e5nds\u00f6vervakning. Detta hj\u00e4lper dig att \u00f6ka effektiviteten och minska kostnaderna genom att minska on\u00f6digt underh\u00e5ll och optimera energif\u00f6rbrukningen.<\/div><!-- .section-description --><\/div><!-- .section-title-wrapper --><\/div><\/div><\/div><div class=\"wpb_column vc_column_container vc_col-sm-6\"><div class=\"vc_column-inner\"><div class=\"wpb_wrapper\">\n\t<div  class=\"wpb_single_image wpb_content_element vc_align_left wpb_content_element\">\n\t\t\n\t\t<figure class=\"wpb_wrapper vc_figure\">\n\t\t\t<div class=\"vc_single_image-wrapper   vc_box_border_grey\"><img loading=\"lazy\" decoding=\"async\" width=\"768\" height=\"456\" src=\"https:\/\/www.filtnor.com\/wp-content\/uploads\/2024\/06\/products_smart-solutions-01-768x456.png\" class=\"vc_single_image-img attachment-medium\" alt=\"Smarta l\u00f6sningar\" title=\"products_smart-solutions-01\" srcset=\"https:\/\/www.filtnor.com\/wp-content\/uploads\/2024\/06\/products_smart-solutions-01-768x456.png 768w, https:\/\/www.filtnor.com\/wp-content\/uploads\/2024\/06\/products_smart-solutions-01-1170x694.png 1170w, https:\/\/www.filtnor.com\/wp-content\/uploads\/2024\/06\/products_smart-solutions-01-18x12.png 18w, https:\/\/www.filtnor.com\/wp-content\/uploads\/2024\/06\/products_smart-solutions-01-440x260.png 440w, https:\/\/www.filtnor.com\/wp-content\/uploads\/2024\/06\/products_smart-solutions-01-390x231.png 390w, https:\/\/www.filtnor.com\/wp-content\/uploads\/2024\/06\/products_smart-solutions-01-220x130.png 220w\" sizes=\"auto, (max-width: 768px) 100vw, 768px\" \/><\/div>\n\t\t<\/figure>\n\t<\/div>\n<\/div><\/div><\/div><\/div><div class=\"vc_row wpb_row vc_row-fluid vc_custom_1724525173424\"><div class=\"wpb_column vc_column_container vc_col-sm-8\"><div class=\"vc_column-inner\"><div class=\"wpb_wrapper\"><div class=\"section-title-wrapper shortcode-rand-15 induzy-inline-css\" data-css=\"&quot;.shortcode-rand-15 .title-separator.separator-border { background-color: ; }.shortcode-rand-15 .section-title { text-transform: none; }&quot;\"><div class=\"title-wrap\"><h4 class=\"section-title\">Specifikationer<\/h4><span class=\"title-separator separator-border theme-color-bg\"><\/span><\/div><!-- .title-wrap --><div class=\"section-description\"><strong>M\u00e5tt:<\/strong><br \/>\nKontakta oss<\/p>\n<p><strong>Gummialternativ:<\/strong><br \/>\nKontakta oss<\/div><!-- .section-description --><\/div><!-- .section-title-wrapper --><\/div><\/div><\/div><div class=\"wpb_column vc_column_container vc_col-sm-4\"><div class=\"vc_column-inner\"><div class=\"wpb_wrapper\"><\/div><\/div><\/div><\/div><div data-vc-full-width=\"true\" data-vc-full-width-init=\"false\" class=\"vc_row wpb_row vc_row-fluid additional-call-to-action vc_custom_1691588100630 vc_row-has-fill\"><div class=\"wpb_column vc_column_container vc_col-sm-12\"><div class=\"vc_column-inner\"><div class=\"wpb_wrapper\"><div class=\"vc_row wpb_row vc_inner vc_row-fluid\"><div class=\"wpb_column vc_column_container vc_col-sm-12 vc_col-lg-9 vc_col-md-12\"><div class=\"vc_column-inner\"><div class=\"wpb_wrapper\"><div class=\"feature-box-wrapper feature-box-style-1 shortcode-rand-17 induzy-inline-css feature-list-1\" data-css=\"&quot;.shortcode-rand-17.feature-box-wrapper { color: #000000; }.shortcode-rand-17.feature-box-wrapper {background: -moz-linear-gradient(141deg,  0%,  51%,  75%);\\r\\n\\t\\t\\t\\tbackground: -webkit-linear-gradient(141deg,  0%,  51%,  75%);\\r\\n\\t\\t\\t\\tbackground: linear-gradient(141deg,  0%,  51%,  75%);}.shortcode-rand-17 .feature-box-icon { font-size: 30px; }.shortcode-rand-17 .feature-box-icon { height: 60px; width: 60px; }.shortcode-rand-17 .feature-box-icon &gt; span { line-height: 2; }.shortcode-rand-17:hover .feature-box-icon { background: none; }&quot;\" ><div class=\"fbox-list\"><div class=\"media\"><div class=\"feature-box-icon mr-3 text-center rounded-circle none\"><span class=\"\"><\/span><\/div><!-- .feature-box-icon --><div class=\"media-body\"><div class=\"feature-box-title\"><h4 class=\"section-title\">Hittar du inte det du s\u00f6ker efter?<\/h4><\/div><!-- .feature-box-title --><div class=\"feature-box-content\">Kontakta oss s\u00e5 hj\u00e4lper vi dig att hitta ut!<\/div><!-- .feature-box-content --><\/div><\/div><\/div><\/div><!-- .feature-box-wrapper --><\/div><\/div><\/div><div class=\"wpb_column vc_column_container vc_col-sm-12 vc_col-lg-3 vc_col-md-12\"><div class=\"vc_column-inner vc_custom_1691588352947\"><div class=\"wpb_wrapper\"><div class=\"vc_btn3-container  additional-btn vc_btn3-right vc_custom_1724524458603 vc_do_btn\" ><a style=\"background-color:#06295e; color:#ffffff;\" class=\"vc_general vc_btn3 vc_btn3-size-md vc_btn3-shape-rounded vc_btn3-style-custom\" href=\"https:\/\/www.filtnor.com\/se\/kontakta-oss\/\" title=\"Kontakta oss\">SKICKA F\u00d6RFR\u00c5GAN \u00bb<\/a><\/div><\/div><\/div><\/div><\/div><\/div><\/div><\/div><\/div><div class=\"vc_row-full-width vc_clearfix\"><\/div>\n<\/div>","protected":false},"excerpt":{"rendered":"Diaphragm valves \/ membrane valvesDiaphragm valves, also known as membrane valves, are bi-directional, which mean the can be used for flow that goes both ways. &nbsp; We have many different diaphragm valves in our portfolio, where some are better suited than others for certain applications, so contact us and let our valve experts find the","protected":false},"author":1,"featured_media":0,"parent":4130,"menu_order":0,"comment_status":"closed","ping_status":"closed","template":"","meta":{"om_disable_all_campaigns":false,"footnotes":""},"class_list":["post-5058","page","type-page","status-publish","hentry"],"yoast_head":"<!-- This site is optimized with the Yoast SEO Premium plugin v26.1 (Yoast SEO v27.4) - https:\/\/yoast.com\/product\/yoast-seo-premium-wordpress\/ -->\n<title>Diaphragm valves - Filtnor<\/title>\n<meta name=\"description\" content=\"Diaphragm valves with actuators and limit switches. Get your industrial diaphragm valve today as a smart valve. Many material options.\" \/>\n<meta name=\"robots\" content=\"index, follow, max-snippet:-1, max-image-preview:large, max-video-preview:-1\" \/>\n<link rel=\"canonical\" href=\"https:\/\/www.filtnor.com\/se\/produkter\/vatskehantering\/ventiler\/membranventiler\/\" \/>\n<meta property=\"og:locale\" content=\"sv_SE\" \/>\n<meta property=\"og:type\" content=\"article\" \/>\n<meta property=\"og:title\" content=\"Diaphragm valves\" \/>\n<meta property=\"og:description\" content=\"Diaphragm valves with actuators and limit switches. Get your industrial diaphragm valve today as a smart valve. Many material options.\" \/>\n<meta property=\"og:url\" content=\"https:\/\/www.filtnor.com\/se\/produkter\/vatskehantering\/ventiler\/membranventiler\/\" \/>\n<meta property=\"og:site_name\" content=\"Filtnor\" \/>\n<meta property=\"article:modified_time\" content=\"2024-08-25T20:32:52+00:00\" \/>\n<meta name=\"twitter:card\" content=\"summary_large_image\" \/>\n<meta name=\"twitter:label1\" content=\"Ber\u00e4knad l\u00e4stid\" \/>\n\t<meta name=\"twitter:data1\" content=\"2 minuter\" \/>\n<script type=\"application\/ld+json\" class=\"yoast-schema-graph\">{\"@context\":\"https:\\\/\\\/schema.org\",\"@graph\":[{\"@type\":\"WebPage\",\"@id\":\"https:\\\/\\\/www.filtnor.com\\\/products\\\/fluid-handling\\\/valves\\\/diaphragm-valves\\\/\",\"url\":\"https:\\\/\\\/www.filtnor.com\\\/products\\\/fluid-handling\\\/valves\\\/diaphragm-valves\\\/\",\"name\":\"Diaphragm valves - Filtnor\",\"isPartOf\":{\"@id\":\"https:\\\/\\\/www.filtnor.com\\\/#website\"},\"datePublished\":\"2024-08-25T12:40:13+00:00\",\"dateModified\":\"2024-08-25T20:32:52+00:00\",\"description\":\"Diaphragm valves with actuators and limit switches. Get your industrial diaphragm valve today as a smart valve. Many material options.\",\"breadcrumb\":{\"@id\":\"https:\\\/\\\/www.filtnor.com\\\/products\\\/fluid-handling\\\/valves\\\/diaphragm-valves\\\/#breadcrumb\"},\"inLanguage\":\"sv-SE\",\"potentialAction\":[{\"@type\":\"ReadAction\",\"target\":[\"https:\\\/\\\/www.filtnor.com\\\/products\\\/fluid-handling\\\/valves\\\/diaphragm-valves\\\/\"]}]},{\"@type\":\"BreadcrumbList\",\"@id\":\"https:\\\/\\\/www.filtnor.com\\\/products\\\/fluid-handling\\\/valves\\\/diaphragm-valves\\\/#breadcrumb\",\"itemListElement\":[{\"@type\":\"ListItem\",\"position\":1,\"name\":\"Home\",\"item\":\"https:\\\/\\\/www.filtnor.com\\\/\"},{\"@type\":\"ListItem\",\"position\":2,\"name\":\"Product groups from Filtnor\",\"item\":\"https:\\\/\\\/www.filtnor.com\\\/products\\\/\"},{\"@type\":\"ListItem\",\"position\":3,\"name\":\"Fluid handling\",\"item\":\"https:\\\/\\\/www.filtnor.com\\\/products\\\/fluid-handling\\\/\"},{\"@type\":\"ListItem\",\"position\":4,\"name\":\"Valves\",\"item\":\"https:\\\/\\\/www.filtnor.com\\\/products\\\/fluid-handling\\\/valves\\\/\"},{\"@type\":\"ListItem\",\"position\":5,\"name\":\"Diaphragm valves\"}]},{\"@type\":\"WebSite\",\"@id\":\"https:\\\/\\\/www.filtnor.com\\\/#website\",\"url\":\"https:\\\/\\\/www.filtnor.com\\\/\",\"name\":\"Filtnor\",\"description\":\"Filtration you can trust. Performance that lasts.\",\"potentialAction\":[{\"@type\":\"SearchAction\",\"target\":{\"@type\":\"EntryPoint\",\"urlTemplate\":\"https:\\\/\\\/www.filtnor.com\\\/?s={search_term_string}\"},\"query-input\":{\"@type\":\"PropertyValueSpecification\",\"valueRequired\":true,\"valueName\":\"search_term_string\"}}],\"inLanguage\":\"sv-SE\"}]}<\/script>\n<!-- \/ Yoast SEO Premium plugin. -->","yoast_head_json":{"title":"Membranventiler - Filtnor","description":"Membranventiler med st\u00e4lldon och gr\u00e4nsl\u00e4gesbrytare. Skaffa din industriella membranventil idag som en smart ventil. M\u00e5nga materialalternativ.","robots":{"index":"index","follow":"follow","max-snippet":"max-snippet:-1","max-image-preview":"max-image-preview:large","max-video-preview":"max-video-preview:-1"},"canonical":"https:\/\/www.filtnor.com\/se\/produkter\/vatskehantering\/ventiler\/membranventiler\/","og_locale":"sv_SE","og_type":"article","og_title":"Diaphragm valves","og_description":"Diaphragm valves with actuators and limit switches. Get your industrial diaphragm valve today as a smart valve. Many material options.","og_url":"https:\/\/www.filtnor.com\/se\/produkter\/vatskehantering\/ventiler\/membranventiler\/","og_site_name":"Filtnor","article_modified_time":"2024-08-25T20:32:52+00:00","twitter_card":"summary_large_image","twitter_misc":{"Ber\u00e4knad l\u00e4stid":"2 minuter"},"schema":{"@context":"https:\/\/schema.org","@graph":[{"@type":"WebPage","@id":"https:\/\/www.filtnor.com\/products\/fluid-handling\/valves\/diaphragm-valves\/","url":"https:\/\/www.filtnor.com\/products\/fluid-handling\/valves\/diaphragm-valves\/","name":"Membranventiler - Filtnor","isPartOf":{"@id":"https:\/\/www.filtnor.com\/#website"},"datePublished":"2024-08-25T12:40:13+00:00","dateModified":"2024-08-25T20:32:52+00:00","description":"Membranventiler med st\u00e4lldon och gr\u00e4nsl\u00e4gesbrytare. Skaffa din industriella membranventil idag som en smart ventil. M\u00e5nga materialalternativ.","breadcrumb":{"@id":"https:\/\/www.filtnor.com\/products\/fluid-handling\/valves\/diaphragm-valves\/#breadcrumb"},"inLanguage":"sv-SE","potentialAction":[{"@type":"ReadAction","target":["https:\/\/www.filtnor.com\/products\/fluid-handling\/valves\/diaphragm-valves\/"]}]},{"@type":"BreadcrumbList","@id":"https:\/\/www.filtnor.com\/products\/fluid-handling\/valves\/diaphragm-valves\/#breadcrumb","itemListElement":[{"@type":"ListItem","position":1,"name":"Home","item":"https:\/\/www.filtnor.com\/"},{"@type":"ListItem","position":2,"name":"Product groups from Filtnor","item":"https:\/\/www.filtnor.com\/products\/"},{"@type":"ListItem","position":3,"name":"Fluid handling","item":"https:\/\/www.filtnor.com\/products\/fluid-handling\/"},{"@type":"ListItem","position":4,"name":"Valves","item":"https:\/\/www.filtnor.com\/products\/fluid-handling\/valves\/"},{"@type":"ListItem","position":5,"name":"Diaphragm valves"}]},{"@type":"WebSite","@id":"https:\/\/www.filtnor.com\/#website","url":"https:\/\/www.filtnor.com\/","name":"Filtnor","description":"Filtrering du kan lita p\u00e5. Prestanda som varar.","potentialAction":[{"@type":"SearchAction","target":{"@type":"EntryPoint","urlTemplate":"https:\/\/www.filtnor.com\/?s={search_term_string}"},"query-input":{"@type":"PropertyValueSpecification","valueRequired":true,"valueName":"search_term_string"}}],"inLanguage":"sv-SE"}]}},"_links":{"self":[{"href":"https:\/\/www.filtnor.com\/se\/wp-json\/wp\/v2\/pages\/5058","targetHints":{"allow":["GET"]}}],"collection":[{"href":"https:\/\/www.filtnor.com\/se\/wp-json\/wp\/v2\/pages"}],"about":[{"href":"https:\/\/www.filtnor.com\/se\/wp-json\/wp\/v2\/types\/page"}],"author":[{"embeddable":true,"href":"https:\/\/www.filtnor.com\/se\/wp-json\/wp\/v2\/users\/1"}],"replies":[{"embeddable":true,"href":"https:\/\/www.filtnor.com\/se\/wp-json\/wp\/v2\/comments?post=5058"}],"version-history":[{"count":4,"href":"https:\/\/www.filtnor.com\/se\/wp-json\/wp\/v2\/pages\/5058\/revisions"}],"predecessor-version":[{"id":5105,"href":"https:\/\/www.filtnor.com\/se\/wp-json\/wp\/v2\/pages\/5058\/revisions\/5105"}],"up":[{"embeddable":true,"href":"https:\/\/www.filtnor.com\/se\/wp-json\/wp\/v2\/pages\/4130"}],"wp:attachment":[{"href":"https:\/\/www.filtnor.com\/se\/wp-json\/wp\/v2\/media?parent=5058"}],"curies":[{"name":"wp","href":"https:\/\/api.w.org\/{rel}","templated":true}]}}