{"id":4948,"date":"2024-08-13T12:22:56","date_gmt":"2024-08-13T10:22:56","guid":{"rendered":"https:\/\/www.filtnor.com\/?page_id=4948"},"modified":"2024-08-31T01:28:30","modified_gmt":"2024-08-30T23:28:30","slug":"faq","status":"publish","type":"page","link":"https:\/\/www.filtnor.com\/se\/faq\/","title":{"rendered":"FAQ"},"content":{"rendered":"<div class=\"wpb-content-wrapper\"><div class=\"vc_row wpb_row vc_row-fluid vc_custom_1509079967549\"><div class=\"wpb_column vc_column_container vc_col-sm-6\"><div class=\"vc_column-inner\"><div class=\"wpb_wrapper\"><div  class=\"vc_do_toggle vc_toggle vc_toggle_default vc_toggle_color_default  vc_toggle_size_md vc_toggle_active\"><div class=\"vc_toggle_title\"><h4>Vilka \u00e4r viktiga faktorer vid filtrering?<\/h4><i class=\"vc_toggle_icon\"><\/i><\/div><div class=\"vc_toggle_content\"><p>Det \u00e4r m\u00e5nga faktorer som p\u00e5verkar filtreringsegenskaperna, men n\u00e5gra av de viktigaste faktorerna \u00e4r inneh\u00e5llet av fasta \u00e4mnen, partikelstorlekar, temperatur, PH-v\u00e4rde med mera.<\/p>\n<\/div><\/div><div  class=\"vc_do_toggle vc_toggle vc_toggle_default vc_toggle_color_default  vc_toggle_size_md\"><div class=\"vc_toggle_title\"><h4>Vad kan orsaka en l\u00e4ngre filtreringstid?<\/h4><i class=\"vc_toggle_icon\"><\/i><\/div><div class=\"vc_toggle_content\"><p>Om det \u00e4r sv\u00e5rt att bilda en filterkaka kan det beh\u00f6vas att \u00f6ka halten fast material och anv\u00e4nda ett f\u00f6rtjockningsmedel.<\/p>\n<\/div><\/div><div  class=\"vc_do_toggle vc_toggle vc_toggle_default vc_toggle_color_default  vc_toggle_size_md\"><div class=\"vc_toggle_title\"><h4>Varf\u00f6r \u00e4r filtratet inte klart i b\u00f6rjan av en ny cykel?<\/h4><i class=\"vc_toggle_icon\"><\/i><\/div><div class=\"vc_toggle_content\"><p>Det kommer att ta lite f\u00f6r filterkakan att b\u00f6rja byggas upp och skapa en f\u00f6rbel\u00e4ggning, och v\u00e4tskan som passerar innan detta \u00e4r gjort kommer inte att filtreras lika klar. D\u00e4rf\u00f6r \u00e4r det vanligt att slingra det f\u00f6rsta filtratet tillbaka till slammet om man bara vill ha filtrat av h\u00f6gsta kvalitet.<\/p>\n<\/div><\/div><div  class=\"vc_do_toggle vc_toggle vc_toggle_default vc_toggle_color_default  vc_toggle_size_md\"><div class=\"vc_toggle_title\"><h4>Hur vet man n\u00e4r en cykel \u00e4r klar?<\/h4><i class=\"vc_toggle_icon\"><\/i><\/div><div class=\"vc_toggle_content\"><p>I slutet av en cykel kommer du att uppleva uppbyggnad av ett h\u00f6gre tryck och filtratfl\u00f6det blir mycket litet. Detta indikerar att kammaren \u00e4r full och att en kakutsl\u00e4pp beh\u00f6vs.<\/p>\n<\/div><\/div><div  class=\"vc_do_toggle vc_toggle vc_toggle_default vc_toggle_color_default  vc_toggle_size_md\"><div class=\"vc_toggle_title\"><h4>Kan filterkakan tv\u00e4ttas?<\/h4><i class=\"vc_toggle_icon\"><\/i><\/div><div class=\"vc_toggle_content\"><p>Om du till exempel beh\u00f6ver justera filterkakans PH-v\u00e4rde kan du h\u00f6gtrycksvatten i slutet av en cykel f\u00f6r att tv\u00e4tta filterkakan.<\/p>\n<\/div><\/div><div  class=\"vc_do_toggle vc_toggle vc_toggle_default vc_toggle_color_default  vc_toggle_size_md\"><div class=\"vc_toggle_title\"><h4>Kan filterkakan torkas?<\/h4><i class=\"vc_toggle_icon\"><\/i><\/div><div class=\"vc_toggle_content\"><p>Om filterkakan inte \u00e4r tillr\u00e4ckligt torr kan tryckluft anv\u00e4ndas f\u00f6r att bl\u00e5sa igenom filterkakan f\u00f6r att torka den \u00e4nnu mer.<\/p>\n<\/div><\/div><div class=\"vc_empty_space\"   style=\"height: 50px\"><span class=\"vc_empty_space_inner\"><\/span><\/div><\/div><\/div><\/div><\/div><div data-vc-full-width=\"true\" data-vc-full-width-init=\"false\" class=\"vc_row wpb_row vc_row-fluid additional-call-to-action vc_custom_1723546147923 vc_row-has-fill\"><div class=\"wpb_column vc_column_container vc_col-sm-12\"><div class=\"vc_column-inner\"><div class=\"wpb_wrapper\"><div class=\"vc_row wpb_row vc_inner vc_row-fluid\"><div class=\"wpb_column vc_column_container vc_col-sm-12 vc_col-lg-9 vc_col-md-12\"><div class=\"vc_column-inner\"><div class=\"wpb_wrapper\"><div class=\"feature-box-wrapper feature-box-style-1 vc_custom_1723545974043 shortcode-rand-3 induzy-inline-css feature-list-1\" data-css=\"&quot;.shortcode-rand-3.feature-box-wrapper .section-title { color: #ffffff; }.shortcode-rand-3.feature-box-wrapper { color: #ffffff; }.shortcode-rand-3.feature-box-wrapper {background: -moz-linear-gradient(141deg,  0%,  51%,  75%);\\r\\n\\t\\t\\t\\tbackground: -webkit-linear-gradient(141deg,  0%,  51%,  75%);\\r\\n\\t\\t\\t\\tbackground: linear-gradient(141deg,  0%,  51%,  75%);}.shortcode-rand-3 .feature-box-icon { font-size: 30px; }.shortcode-rand-3 .feature-box-icon { height: 60px; width: 60px; }.shortcode-rand-3 .feature-box-icon &gt; span { line-height: 2; }.shortcode-rand-3 .feature-box-icon { color: #ffffff; }.shortcode-rand-3:hover .feature-box-icon { background: none; }.shortcode-rand-3 .feature-box-icon { border-style: solid; border-color: #ffffff; }.shortcode-rand-3 .feature-box-icon { border-width: 2px; }&quot;\" ><div class=\"fbox-list\"><div class=\"media\"><div class=\"feature-box-icon mr-3 text-center rounded-circle none\"><span class=\"fa fa-phone\"><\/span><\/div><!-- .feature-box-icon --><div class=\"media-body\"><div class=\"feature-box-title\"><h4 class=\"section-title\">Hittar du inte det du s\u00f6ker efter?<\/h4><\/div><!-- .feature-box-title --><div class=\"feature-box-content\">Kontakta oss s\u00e5 hj\u00e4lper vi dig att hitta ut!<\/div><!-- .feature-box-content --><\/div><\/div><\/div><\/div><!-- .feature-box-wrapper --><\/div><\/div><\/div><div class=\"wpb_column vc_column_container vc_col-sm-12 vc_col-lg-3 vc_col-md-12\"><div class=\"vc_column-inner vc_custom_1507708598258\"><div class=\"wpb_wrapper\"><div class=\"vc_btn3-container  additional-btn vc_btn3-right vc_custom_1723545928618 vc_do_btn\" ><a style=\"background-color:#ffffff; color:#000000;\" class=\"vc_general vc_btn3 vc_btn3-size-md vc_btn3-shape-square vc_btn3-style-custom\" href=\"https:\/\/www.filtnor.com\/se\/kontakta-oss\/\" title=\"Kontakta oss\">SKICKA F\u00d6RFR\u00c5GAN \u00bb<\/a><\/div><\/div><\/div><\/div><\/div><\/div><\/div><\/div><\/div><div class=\"vc_row-full-width vc_clearfix\"><\/div>\n<\/div>","protected":false},"excerpt":{"rendered":"Vilka \u00e4r viktiga faktorer vid filtrering? Det finns m\u00e5nga faktorer som p\u00e5verkar filtreringsegenskaperna, men n\u00e5gra av de viktigaste faktorerna \u00e4r inneh\u00e5llet av fasta \u00e4mnen, partikelstorlekar, temperatur, PH-v\u00e4rde med mera. Vad kan orsaka en l\u00e4ngre filtreringstid? Om det \u00e4r sv\u00e5rt att bilda en filterkaka kan det beh\u00f6vas f\u00f6r att \u00f6ka fasta \u00e4mnen","protected":false},"author":1,"featured_media":0,"parent":0,"menu_order":0,"comment_status":"closed","ping_status":"closed","template":"","meta":{"om_disable_all_campaigns":false,"footnotes":""},"class_list":["post-4948","page","type-page","status-publish","hentry"],"yoast_head":"<!-- This site is optimized with the Yoast SEO Premium plugin v26.1 (Yoast SEO v27.5) - https:\/\/yoast.com\/product\/yoast-seo-premium-wordpress\/ -->\n<title>FAQ - Filtnor<\/title>\n<meta name=\"description\" content=\"Questions and answers regarding pressure filters and industrial filtration processes. Learn about filter cake and filtration filtrate liquid.\" \/>\n<meta name=\"robots\" content=\"index, follow, max-snippet:-1, max-image-preview:large, max-video-preview:-1\" \/>\n<link rel=\"canonical\" href=\"https:\/\/www.filtnor.com\/se\/faq\/\" \/>\n<meta property=\"og:locale\" content=\"sv_SE\" \/>\n<meta property=\"og:type\" content=\"article\" \/>\n<meta property=\"og:title\" content=\"FAQ\" \/>\n<meta property=\"og:description\" content=\"Questions and answers regarding pressure filters and industrial filtration processes. Learn about filter cake and filtration filtrate liquid.\" \/>\n<meta property=\"og:url\" content=\"https:\/\/www.filtnor.com\/se\/faq\/\" \/>\n<meta property=\"og:site_name\" content=\"Filtnor\" \/>\n<meta property=\"article:modified_time\" content=\"2024-08-30T23:28:30+00:00\" \/>\n<meta name=\"twitter:card\" content=\"summary_large_image\" \/>\n<meta name=\"twitter:label1\" content=\"Ber\u00e4knad l\u00e4stid\" \/>\n\t<meta name=\"twitter:data1\" content=\"2 minuter\" \/>\n<script type=\"application\/ld+json\" class=\"yoast-schema-graph\">{\"@context\":\"https:\\\/\\\/schema.org\",\"@graph\":[{\"@type\":\"WebPage\",\"@id\":\"https:\\\/\\\/www.filtnor.com\\\/faq\\\/\",\"url\":\"https:\\\/\\\/www.filtnor.com\\\/faq\\\/\",\"name\":\"FAQ - Filtnor\",\"isPartOf\":{\"@id\":\"https:\\\/\\\/www.filtnor.com\\\/#website\"},\"datePublished\":\"2024-08-13T10:22:56+00:00\",\"dateModified\":\"2024-08-30T23:28:30+00:00\",\"description\":\"Questions and answers regarding pressure filters and industrial filtration processes. Learn about filter cake and filtration filtrate liquid.\",\"breadcrumb\":{\"@id\":\"https:\\\/\\\/www.filtnor.com\\\/faq\\\/#breadcrumb\"},\"inLanguage\":\"sv-SE\",\"potentialAction\":[{\"@type\":\"ReadAction\",\"target\":[\"https:\\\/\\\/www.filtnor.com\\\/faq\\\/\"]}]},{\"@type\":\"BreadcrumbList\",\"@id\":\"https:\\\/\\\/www.filtnor.com\\\/faq\\\/#breadcrumb\",\"itemListElement\":[{\"@type\":\"ListItem\",\"position\":1,\"name\":\"Home\",\"item\":\"https:\\\/\\\/www.filtnor.com\\\/\"},{\"@type\":\"ListItem\",\"position\":2,\"name\":\"FAQ\"}]},{\"@type\":\"WebSite\",\"@id\":\"https:\\\/\\\/www.filtnor.com\\\/#website\",\"url\":\"https:\\\/\\\/www.filtnor.com\\\/\",\"name\":\"Filtnor\",\"description\":\"Filtration you can trust. Performance that lasts.\",\"potentialAction\":[{\"@type\":\"SearchAction\",\"target\":{\"@type\":\"EntryPoint\",\"urlTemplate\":\"https:\\\/\\\/www.filtnor.com\\\/?s={search_term_string}\"},\"query-input\":{\"@type\":\"PropertyValueSpecification\",\"valueRequired\":true,\"valueName\":\"search_term_string\"}}],\"inLanguage\":\"sv-SE\"}]}<\/script>\n<!-- \/ Yoast SEO Premium plugin. -->","yoast_head_json":{"title":"FAQ - Filtnor","description":"Fr\u00e5gor och svar ang\u00e5ende tryckfilter och industriella filtreringsprocesser. L\u00e4r dig mer om filterkaka och filtreringsfiltratv\u00e4tska.","robots":{"index":"index","follow":"follow","max-snippet":"max-snippet:-1","max-image-preview":"max-image-preview:large","max-video-preview":"max-video-preview:-1"},"canonical":"https:\/\/www.filtnor.com\/se\/faq\/","og_locale":"sv_SE","og_type":"article","og_title":"FAQ","og_description":"Questions and answers regarding pressure filters and industrial filtration processes. Learn about filter cake and filtration filtrate liquid.","og_url":"https:\/\/www.filtnor.com\/se\/faq\/","og_site_name":"Filtnor","article_modified_time":"2024-08-30T23:28:30+00:00","twitter_card":"summary_large_image","twitter_misc":{"Ber\u00e4knad l\u00e4stid":"2 minuter"},"schema":{"@context":"https:\/\/schema.org","@graph":[{"@type":"WebPage","@id":"https:\/\/www.filtnor.com\/faq\/","url":"https:\/\/www.filtnor.com\/faq\/","name":"FAQ - Filtnor","isPartOf":{"@id":"https:\/\/www.filtnor.com\/#website"},"datePublished":"2024-08-13T10:22:56+00:00","dateModified":"2024-08-30T23:28:30+00:00","description":"Fr\u00e5gor och svar ang\u00e5ende tryckfilter och industriella filtreringsprocesser. L\u00e4r dig mer om filterkaka och filtreringsfiltratv\u00e4tska.","breadcrumb":{"@id":"https:\/\/www.filtnor.com\/faq\/#breadcrumb"},"inLanguage":"sv-SE","potentialAction":[{"@type":"ReadAction","target":["https:\/\/www.filtnor.com\/faq\/"]}]},{"@type":"BreadcrumbList","@id":"https:\/\/www.filtnor.com\/faq\/#breadcrumb","itemListElement":[{"@type":"ListItem","position":1,"name":"Home","item":"https:\/\/www.filtnor.com\/"},{"@type":"ListItem","position":2,"name":"FAQ"}]},{"@type":"WebSite","@id":"https:\/\/www.filtnor.com\/#website","url":"https:\/\/www.filtnor.com\/","name":"Filtnor","description":"Filtrering du kan lita p\u00e5. Prestanda som varar.","potentialAction":[{"@type":"SearchAction","target":{"@type":"EntryPoint","urlTemplate":"https:\/\/www.filtnor.com\/?s={search_term_string}"},"query-input":{"@type":"PropertyValueSpecification","valueRequired":true,"valueName":"search_term_string"}}],"inLanguage":"sv-SE"}]}},"_links":{"self":[{"href":"https:\/\/www.filtnor.com\/se\/wp-json\/wp\/v2\/pages\/4948","targetHints":{"allow":["GET"]}}],"collection":[{"href":"https:\/\/www.filtnor.com\/se\/wp-json\/wp\/v2\/pages"}],"about":[{"href":"https:\/\/www.filtnor.com\/se\/wp-json\/wp\/v2\/types\/page"}],"author":[{"embeddable":true,"href":"https:\/\/www.filtnor.com\/se\/wp-json\/wp\/v2\/users\/1"}],"replies":[{"embeddable":true,"href":"https:\/\/www.filtnor.com\/se\/wp-json\/wp\/v2\/comments?post=4948"}],"version-history":[{"count":5,"href":"https:\/\/www.filtnor.com\/se\/wp-json\/wp\/v2\/pages\/4948\/revisions"}],"predecessor-version":[{"id":4954,"href":"https:\/\/www.filtnor.com\/se\/wp-json\/wp\/v2\/pages\/4948\/revisions\/4954"}],"wp:attachment":[{"href":"https:\/\/www.filtnor.com\/se\/wp-json\/wp\/v2\/media?parent=4948"}],"curies":[{"name":"wp","href":"https:\/\/api.w.org\/{rel}","templated":true}]}}