{"id":4422,"date":"2024-05-09T22:41:26","date_gmt":"2024-05-09T21:41:26","guid":{"rendered":"https:\/\/www.filtnor.no\/?page_id=4422"},"modified":"2025-04-11T10:39:58","modified_gmt":"2025-04-11T08:39:58","slug":"sprangbleck","status":"publish","type":"page","link":"https:\/\/www.filtnor.com\/se\/produkter\/vatskehantering\/sprangbleck\/","title":{"rendered":"Spr\u00e4ngbleck"},"content":{"rendered":"<div class=\"wpb-content-wrapper\"><div class=\"vc_row wpb_row vc_row-fluid vc_custom_1709489854154\"><div class=\"wpb_column vc_column_container vc_col-sm-12\"><div class=\"vc_column-inner\"><div class=\"wpb_wrapper\"><div class=\"section-title-wrapper shortcode-rand-2 induzy-inline-css\" data-css=\"&quot;.shortcode-rand-2 .title-separator.separator-border { background-color: ; }.shortcode-rand-2 .section-title { text-transform: none; }&quot;\"><div class=\"title-wrap\"><h4 class=\"section-title\">Spr\u00e4ngbleck <span class=\"title-suffix theme-color\">och h\u00e5llare<\/span><\/h4><span class=\"title-separator separator-border theme-color-bg\"><\/span><\/div><!-- .title-wrap --><div class=\"section-description\">Filtnor levererar h\u00f6gpresterande spr\u00e4ngskivor och matchande h\u00e5llare f\u00f6r ett brett utbud av industriella s\u00e4kerhets- och tryckavlastningsapplikationer. V\u00e5ra spr\u00e4ngskivor \u00e4r designade f\u00f6r att ge ett snabbt, tillf\u00f6rlitligt skydd mot \u00f6vertryck eller vakuumf\u00f6rh\u00e5llanden \u2013 vilket garanterar s\u00e4kerheten f\u00f6r din process och utrustning.<\/p>\n<p>Vi erbjuder b\u00e5de fram\u00e5t- och bak\u00e5tverkande spr\u00e4ngskivor, tillg\u00e4ngliga i en m\u00e4ngd olika konfigurationer f\u00f6r att passa olika processmedia, driftsf\u00f6rh\u00e5llanden och installationskrav.<\/p>\n<p>Viktiga funktioner och alternativ inkluderar:<br \/>\n\u2013 <strong>Spr\u00e4ngtrycksomr\u00e5den<\/strong> fr\u00e5n mycket l\u00e5ga till h\u00f6gtrycksapplikationer<br \/>\n\u2013 <strong>Vakuumst\u00f6d<\/strong> alternativ f\u00f6r att f\u00f6rhindra f\u00f6r tidigt fel under vakuumf\u00f6rh\u00e5llanden<br \/>\n\u2013 <strong>Icke-fragmenterande design<\/strong> f\u00f6r hygieniska eller k\u00e4nsliga applikationer<br \/>\n\u2013 <strong>Anpassad storlek<\/strong> f\u00f6r att matcha befintliga h\u00e5llare eller utrustning<br \/>\n\u2013 <strong>Gjorde i f\u00f6rv\u00e4g<\/strong> eller precisionskonstruerade brottlinjer f\u00f6r exakt spr\u00e4ngprestanda<\/p>\n<p>Material tillg\u00e4ngligt:<br \/>\n\u2013 <strong>Rostfritt st\u00e5l<\/strong><br \/>\n\u2013 <strong>Hastelloy<\/strong><br \/>\n\u2013 <strong>Duplex<\/strong><br \/>\n\u2013 <strong>Monel<\/strong><br \/>\n\u2013 <strong>Nickel<\/strong>, <strong>Inconel<\/strong>, och andra legeringar p\u00e5 beg\u00e4ran<\/p>\n<p>Vi levererar \u00e4ven brottskivh\u00e5llare i olika standarder och material, kompatibla med b\u00e5de DIN- och ANSI-fl\u00e4nsar. V\u00e5ra h\u00e5llare \u00e4r designade f\u00f6r att s\u00e4kerst\u00e4lla en t\u00e4t t\u00e4tning och optimal spr\u00e4ngprestanda, \u00e4ven i kr\u00e4vande milj\u00f6er.<\/p>\n<p>Oavsett om du designar ett nytt system eller byter ut en befintlig s\u00e4kerhetskomponent hj\u00e4lper Filtnor dig att hitta r\u00e4tt spr\u00e4ngskiva och h\u00e5llarl\u00f6sning \u2013 skr\u00e4ddarsydd efter din process, tryck och s\u00e4kerhetskrav.<\/div><!-- .section-description --><\/div><!-- .section-title-wrapper --><\/div><\/div><\/div><\/div><div class=\"vc_row wpb_row vc_row-fluid vc_custom_1709405342198\"><div class=\"wpb_column vc_column_container vc_col-sm-12 vc_col-lg-6 vc_col-md-6\"><div class=\"vc_column-inner\"><div class=\"wpb_wrapper\"><div class=\"section-title-wrapper shortcode-rand-4 induzy-inline-css\" data-css=\"&quot;.shortcode-rand-4 .title-separator.separator-border { background-color: ; }.shortcode-rand-4 .section-title { text-transform: none; }&quot;\"><div class=\"title-wrap\"><h2 class=\"section-title\">Spr\u00e4ngbleck<\/h2><span class=\"title-separator separator-border theme-color-bg\"><\/span><\/div><!-- .title-wrap --><div class=\"section-description\">Vi harspr\u00e4ngbleck och spr\u00e4ngpaneler f\u00f6r de flesta h\u00e5llare i ett brett urval av material. N\u00e5gra av de vanligaste materialen:<br \/>\n\u2013 Rostfritt st\u00e5l<br \/>\n\u2013 Hasteloy<br \/>\n\u2013 Duplex<br \/>\n\u2013 Monel<\/p>\n<p>Hj\u00e4lp \u00e4r om du beh\u00f6ver hj\u00e4lp med att hitta r\u00e4tt uppryckningsskiva f\u00f6r din h\u00e5llare eller process.<\/p>\n<p>&nbsp;<\/p>\n<p><\/div><!-- .section-description --><\/div><!-- .section-title-wrapper --><div class=\"feature-box-wrapper feature-box-style-1 vc_custom_1726439488764 shortcode-rand-5 induzy-inline-css\" data-css=\"&quot;.shortcode-rand-5.feature-box-wrapper {background: -moz-linear-gradient(141deg,  0%,  51%,  75%);\\r\\n\\t\\t\\t\\tbackground: -webkit-linear-gradient(141deg,  0%,  51%,  75%);\\r\\n\\t\\t\\t\\tbackground: linear-gradient(141deg,  0%,  51%,  75%);}.shortcode-rand-5 .feature-box-icon { font-size: 24px; }.shortcode-rand-5 .feature-box-icon { height: 48px; width: 48px; }.shortcode-rand-5 .feature-box-icon &gt; span { line-height: 2; }.shortcode-rand-5:hover .feature-box-icon { background: none; }&quot;\" ><div class=\"feature-box-btn\"><a class=\"btn default\" href=\"https:\/\/www.filtnor.com\/se\/kontakta-oss\/\" title=\"SKICKA F\u00d6RFR\u00c5GAN \u00bb\">SKICKA F\u00d6RFR\u00c5GAN \u00bb<\/a><\/div><!-- .feature-box-btn --><\/div><!-- .feature-box-wrapper --><\/div><\/div><\/div><div class=\"wpb_column vc_column_container vc_col-sm-12 vc_col-lg-6 vc_col-md-6\"><div class=\"vc_column-inner\"><div class=\"wpb_wrapper\">\n\t<div  class=\"wpb_single_image wpb_content_element vc_align_left wpb_content_element\">\n\t\t\n\t\t<figure class=\"wpb_wrapper vc_figure\">\n\t\t\t<div class=\"vc_single_image-wrapper   vc_box_border_grey\"><\/div>\n\t\t<\/figure>\n\t<\/div>\n<\/div><\/div><\/div><\/div><div class=\"vc_row wpb_row vc_row-fluid vc_custom_1709405274198\"><div class=\"wpb_column vc_column_container vc_col-sm-12\"><div class=\"vc_column-inner\"><div class=\"wpb_wrapper\"><div class=\"vc_separator wpb_content_element vc_separator_align_center vc_sep_width_100 vc_sep_dashed vc_sep_pos_align_center vc_separator_no_text wpb_content_element  wpb_content_element\" ><span class=\"vc_sep_holder vc_sep_holder_l\"><span class=\"vc_sep_line\"><\/span><\/span><span class=\"vc_sep_holder vc_sep_holder_r\"><span class=\"vc_sep_line\"><\/span><\/span>\n<\/div><\/div><\/div><\/div><\/div><div class=\"vc_row wpb_row vc_row-fluid vc_custom_1710151320060\"><div class=\"wpb_column vc_column_container vc_col-sm-12 vc_col-lg-6 vc_col-md-6\"><div class=\"vc_column-inner\"><div class=\"wpb_wrapper\"><div class=\"section-title-wrapper shortcode-rand-8 induzy-inline-css\" data-css=\"&quot;.shortcode-rand-8 .title-separator.separator-border { background-color: ; }.shortcode-rand-8 .section-title { text-transform: none; }&quot;\"><div class=\"title-wrap\"><h2 class=\"section-title\">H\u00e5llare <span class=\"title-suffix theme-color\">f\u00f6r uppryckningsskivor<\/span><\/h2><span class=\"title-separator separator-border theme-color-bg\"><\/span><\/div><!-- .title-wrap --><div class=\"section-description\">Rapture skivh\u00e5llare f\u00f6r b\u00e5de DIN och ANSI fl\u00e4nsar i en m\u00e4ngd olika material.<\/p>\n<p><\/div><!-- .section-description --><\/div><!-- .section-title-wrapper --><div class=\"feature-box-wrapper feature-box-style-1 vc_custom_1726439502283 shortcode-rand-9 induzy-inline-css\" data-css=\"&quot;.shortcode-rand-9.feature-box-wrapper {background: -moz-linear-gradient(141deg,  0%,  51%,  75%);\\r\\n\\t\\t\\t\\tbackground: -webkit-linear-gradient(141deg,  0%,  51%,  75%);\\r\\n\\t\\t\\t\\tbackground: linear-gradient(141deg,  0%,  51%,  75%);}.shortcode-rand-9 .feature-box-icon { font-size: 24px; }.shortcode-rand-9 .feature-box-icon { height: 48px; width: 48px; }.shortcode-rand-9 .feature-box-icon &gt; span { line-height: 2; }.shortcode-rand-9:hover .feature-box-icon { background: none; }&quot;\" ><div class=\"feature-box-btn\"><a class=\"btn default\" href=\"https:\/\/www.filtnor.com\/se\/kontakta-oss\/\" title=\"SKICKA F\u00d6RFR\u00c5GAN \u00bb\">SKICKA F\u00d6RFR\u00c5GAN \u00bb<\/a><\/div><!-- .feature-box-btn --><\/div><!-- .feature-box-wrapper --><\/div><\/div><\/div><div class=\"wpb_column vc_column_container vc_col-sm-12 vc_col-lg-6 vc_col-md-6\"><div class=\"vc_column-inner\"><div class=\"wpb_wrapper\">\n\t<div  class=\"wpb_single_image wpb_content_element vc_align_left wpb_content_element\">\n\t\t\n\t\t<figure class=\"wpb_wrapper vc_figure\">\n\t\t\t<div class=\"vc_single_image-wrapper   vc_box_border_grey\"><\/div>\n\t\t<\/figure>\n\t<\/div>\n<\/div><\/div><\/div><\/div><div class=\"vc_row wpb_row vc_row-fluid vc_custom_1709405274198\"><div class=\"wpb_column vc_column_container vc_col-sm-12\"><div class=\"vc_column-inner\"><div class=\"wpb_wrapper\"><div class=\"vc_separator wpb_content_element vc_separator_align_center vc_sep_width_100 vc_sep_dashed vc_sep_pos_align_center vc_separator_no_text wpb_content_element  wpb_content_element\" ><span class=\"vc_sep_holder vc_sep_holder_l\"><span class=\"vc_sep_line\"><\/span><\/span><span class=\"vc_sep_holder vc_sep_holder_r\"><span class=\"vc_sep_line\"><\/span><\/span>\n<\/div><\/div><\/div><\/div><\/div><div data-vc-full-width=\"true\" data-vc-full-width-init=\"false\" class=\"vc_row wpb_row vc_row-fluid additional-call-to-action vc_custom_1691588100630 vc_row-has-fill\"><div class=\"wpb_column vc_column_container vc_col-sm-12\"><div class=\"vc_column-inner\"><div class=\"wpb_wrapper\"><div class=\"vc_row wpb_row vc_inner vc_row-fluid\"><div class=\"wpb_column vc_column_container vc_col-sm-12 vc_col-lg-9 vc_col-md-12\"><div class=\"vc_column-inner\"><div class=\"wpb_wrapper\"><div class=\"feature-box-wrapper feature-box-style-1 shortcode-rand-12 induzy-inline-css feature-list-1\" data-css=\"&quot;.shortcode-rand-12.feature-box-wrapper { color: #000000; }.shortcode-rand-12.feature-box-wrapper {background: -moz-linear-gradient(141deg,  0%,  51%,  75%);\\r\\n\\t\\t\\t\\tbackground: -webkit-linear-gradient(141deg,  0%,  51%,  75%);\\r\\n\\t\\t\\t\\tbackground: linear-gradient(141deg,  0%,  51%,  75%);}.shortcode-rand-12 .feature-box-icon { font-size: 30px; }.shortcode-rand-12 .feature-box-icon { height: 60px; width: 60px; }.shortcode-rand-12 .feature-box-icon &gt; span { line-height: 2; }.shortcode-rand-12:hover .feature-box-icon { background: none; }&quot;\" ><div class=\"fbox-list\"><div class=\"media\"><div class=\"feature-box-icon mr-3 text-center rounded-circle none\"><span class=\"\"><\/span><\/div><!-- .feature-box-icon --><div class=\"media-body\"><div class=\"feature-box-title\"><h4 class=\"section-title\">Hittar du inte det du s\u00f6ker efter?<\/h4><\/div><!-- .feature-box-title --><div class=\"feature-box-content\">Kontakta oss s\u00e5 hj\u00e4lper vi dig att hitta ut!<\/div><!-- .feature-box-content --><\/div><\/div><\/div><\/div><!-- .feature-box-wrapper --><\/div><\/div><\/div><div class=\"wpb_column vc_column_container vc_col-sm-12 vc_col-lg-3 vc_col-md-12\"><div class=\"vc_column-inner vc_custom_1691588352947\"><div class=\"wpb_wrapper\"><div class=\"vc_btn3-container  additional-btn vc_btn3-right vc_custom_1726439567391 vc_do_btn\" ><a style=\"background-color:#06295e; color:#ffffff;\" class=\"vc_general vc_btn3 vc_btn3-size-md vc_btn3-shape-rounded vc_btn3-style-custom\" href=\"https:\/\/www.filtnor.com\/se\/kontakta-oss\/\" title=\"Kontakta oss\">SKICKA F\u00d6RFR\u00c5GAN \u00bb<\/a><\/div><\/div><\/div><\/div><\/div><\/div><\/div><\/div><\/div><div class=\"vc_row-full-width vc_clearfix\"><\/div>\n<\/div>","protected":false},"excerpt":{"rendered":"Rapture-skivor och h\u00e5llareFiltnor levererar h\u00f6gpresterande spr\u00e4ngskivor och matchande h\u00e5llare f\u00f6r ett brett utbud av industriella s\u00e4kerhets- och tryckavlastningsapplikationer. V\u00e5ra spr\u00e4ngskivor \u00e4r designade f\u00f6r att ge ett snabbt, tillf\u00f6rlitligt skydd mot \u00f6vertryck eller vakuumf\u00f6rh\u00e5llanden \u2013 vilket garanterar s\u00e4kerheten f\u00f6r din process och utrustning. Vi erbjuder b\u00e5de fram\u00e5t- och bak\u00e5tverkande spr\u00e4ngskivor, tillg\u00e4ngliga i en","protected":false},"author":1,"featured_media":0,"parent":3984,"menu_order":0,"comment_status":"closed","ping_status":"closed","template":"","meta":{"om_disable_all_campaigns":false,"footnotes":""},"class_list":["post-4422","page","type-page","status-publish","hentry"],"yoast_head":"<!-- This site is optimized with the Yoast SEO Premium plugin v26.1 (Yoast SEO v27.5) - https:\/\/yoast.com\/product\/yoast-seo-premium-wordpress\/ -->\n<title>Rapture discs - Filtnor<\/title>\n<meta name=\"description\" content=\"Rapture discs for most holders in DIN og ANSI with stainless steel, duplex, hasteloy and monel materials. Contact us for your new rature disc.\" \/>\n<meta name=\"robots\" content=\"index, follow, max-snippet:-1, max-image-preview:large, max-video-preview:-1\" \/>\n<link rel=\"canonical\" href=\"https:\/\/www.filtnor.com\/se\/produkter\/vatskehantering\/sprangbleck\/\" \/>\n<meta property=\"og:locale\" content=\"sv_SE\" \/>\n<meta property=\"og:type\" content=\"article\" \/>\n<meta property=\"og:title\" content=\"Rapture discs\" \/>\n<meta property=\"og:description\" content=\"Rapture discs for most holders in DIN og ANSI with stainless steel, duplex, hasteloy and monel materials. Contact us for your new rature disc.\" \/>\n<meta property=\"og:url\" content=\"https:\/\/www.filtnor.com\/se\/produkter\/vatskehantering\/sprangbleck\/\" \/>\n<meta property=\"og:site_name\" content=\"Filtnor\" \/>\n<meta property=\"article:modified_time\" content=\"2025-04-11T08:39:58+00:00\" \/>\n<meta name=\"twitter:card\" content=\"summary_large_image\" \/>\n<meta name=\"twitter:label1\" content=\"Ber\u00e4knad l\u00e4stid\" \/>\n\t<meta name=\"twitter:data1\" content=\"2 minuter\" \/>\n<script type=\"application\/ld+json\" class=\"yoast-schema-graph\">{\"@context\":\"https:\\\/\\\/schema.org\",\"@graph\":[{\"@type\":\"WebPage\",\"@id\":\"https:\\\/\\\/www.filtnor.com\\\/products\\\/fluid-handling\\\/rapture-discs\\\/\",\"url\":\"https:\\\/\\\/www.filtnor.com\\\/products\\\/fluid-handling\\\/rapture-discs\\\/\",\"name\":\"Rapture discs - Filtnor\",\"isPartOf\":{\"@id\":\"https:\\\/\\\/www.filtnor.com\\\/#website\"},\"datePublished\":\"2024-05-09T21:41:26+00:00\",\"dateModified\":\"2025-04-11T08:39:58+00:00\",\"description\":\"Rapture discs for most holders in DIN og ANSI with stainless steel, duplex, hasteloy and monel materials. Contact us for your new rature disc.\",\"breadcrumb\":{\"@id\":\"https:\\\/\\\/www.filtnor.com\\\/products\\\/fluid-handling\\\/rapture-discs\\\/#breadcrumb\"},\"inLanguage\":\"sv-SE\",\"potentialAction\":[{\"@type\":\"ReadAction\",\"target\":[\"https:\\\/\\\/www.filtnor.com\\\/products\\\/fluid-handling\\\/rapture-discs\\\/\"]}]},{\"@type\":\"BreadcrumbList\",\"@id\":\"https:\\\/\\\/www.filtnor.com\\\/products\\\/fluid-handling\\\/rapture-discs\\\/#breadcrumb\",\"itemListElement\":[{\"@type\":\"ListItem\",\"position\":1,\"name\":\"Home\",\"item\":\"https:\\\/\\\/www.filtnor.com\\\/\"},{\"@type\":\"ListItem\",\"position\":2,\"name\":\"Product groups from Filtnor\",\"item\":\"https:\\\/\\\/www.filtnor.com\\\/products\\\/\"},{\"@type\":\"ListItem\",\"position\":3,\"name\":\"Fluid handling\",\"item\":\"https:\\\/\\\/www.filtnor.com\\\/products\\\/fluid-handling\\\/\"},{\"@type\":\"ListItem\",\"position\":4,\"name\":\"Rapture discs\"}]},{\"@type\":\"WebSite\",\"@id\":\"https:\\\/\\\/www.filtnor.com\\\/#website\",\"url\":\"https:\\\/\\\/www.filtnor.com\\\/\",\"name\":\"Filtnor\",\"description\":\"Filtration you can trust. Performance that lasts.\",\"potentialAction\":[{\"@type\":\"SearchAction\",\"target\":{\"@type\":\"EntryPoint\",\"urlTemplate\":\"https:\\\/\\\/www.filtnor.com\\\/?s={search_term_string}\"},\"query-input\":{\"@type\":\"PropertyValueSpecification\",\"valueRequired\":true,\"valueName\":\"search_term_string\"}}],\"inLanguage\":\"sv-SE\"}]}<\/script>\n<!-- \/ Yoast SEO Premium plugin. -->","yoast_head_json":{"title":"Rapture-skivor - Filtnor","description":"Rapture-skivor f\u00f6r de flesta h\u00e5llare i DIN och ANSI med rostfritt st\u00e5l, duplex, hasteloy och monel material. Kontakta oss f\u00f6r din nya rature-skiva.","robots":{"index":"index","follow":"follow","max-snippet":"max-snippet:-1","max-image-preview":"max-image-preview:large","max-video-preview":"max-video-preview:-1"},"canonical":"https:\/\/www.filtnor.com\/se\/produkter\/vatskehantering\/sprangbleck\/","og_locale":"sv_SE","og_type":"article","og_title":"Rapture discs","og_description":"Rapture discs for most holders in DIN og ANSI with stainless steel, duplex, hasteloy and monel materials. Contact us for your new rature disc.","og_url":"https:\/\/www.filtnor.com\/se\/produkter\/vatskehantering\/sprangbleck\/","og_site_name":"Filtnor","article_modified_time":"2025-04-11T08:39:58+00:00","twitter_card":"summary_large_image","twitter_misc":{"Ber\u00e4knad l\u00e4stid":"2 minuter"},"schema":{"@context":"https:\/\/schema.org","@graph":[{"@type":"WebPage","@id":"https:\/\/www.filtnor.com\/products\/fluid-handling\/rapture-discs\/","url":"https:\/\/www.filtnor.com\/products\/fluid-handling\/rapture-discs\/","name":"Rapture-skivor - Filtnor","isPartOf":{"@id":"https:\/\/www.filtnor.com\/#website"},"datePublished":"2024-05-09T21:41:26+00:00","dateModified":"2025-04-11T08:39:58+00:00","description":"Rapture-skivor f\u00f6r de flesta h\u00e5llare i DIN och ANSI med rostfritt st\u00e5l, duplex, hasteloy och monel material. Kontakta oss f\u00f6r din nya rature-skiva.","breadcrumb":{"@id":"https:\/\/www.filtnor.com\/products\/fluid-handling\/rapture-discs\/#breadcrumb"},"inLanguage":"sv-SE","potentialAction":[{"@type":"ReadAction","target":["https:\/\/www.filtnor.com\/products\/fluid-handling\/rapture-discs\/"]}]},{"@type":"BreadcrumbList","@id":"https:\/\/www.filtnor.com\/products\/fluid-handling\/rapture-discs\/#breadcrumb","itemListElement":[{"@type":"ListItem","position":1,"name":"Home","item":"https:\/\/www.filtnor.com\/"},{"@type":"ListItem","position":2,"name":"Product groups from Filtnor","item":"https:\/\/www.filtnor.com\/products\/"},{"@type":"ListItem","position":3,"name":"Fluid handling","item":"https:\/\/www.filtnor.com\/products\/fluid-handling\/"},{"@type":"ListItem","position":4,"name":"Rapture discs"}]},{"@type":"WebSite","@id":"https:\/\/www.filtnor.com\/#website","url":"https:\/\/www.filtnor.com\/","name":"Filtnor","description":"Filtrering du kan lita p\u00e5. Prestanda som varar.","potentialAction":[{"@type":"SearchAction","target":{"@type":"EntryPoint","urlTemplate":"https:\/\/www.filtnor.com\/?s={search_term_string}"},"query-input":{"@type":"PropertyValueSpecification","valueRequired":true,"valueName":"search_term_string"}}],"inLanguage":"sv-SE"}]}},"_links":{"self":[{"href":"https:\/\/www.filtnor.com\/se\/wp-json\/wp\/v2\/pages\/4422","targetHints":{"allow":["GET"]}}],"collection":[{"href":"https:\/\/www.filtnor.com\/se\/wp-json\/wp\/v2\/pages"}],"about":[{"href":"https:\/\/www.filtnor.com\/se\/wp-json\/wp\/v2\/types\/page"}],"author":[{"embeddable":true,"href":"https:\/\/www.filtnor.com\/se\/wp-json\/wp\/v2\/users\/1"}],"replies":[{"embeddable":true,"href":"https:\/\/www.filtnor.com\/se\/wp-json\/wp\/v2\/comments?post=4422"}],"version-history":[{"count":11,"href":"https:\/\/www.filtnor.com\/se\/wp-json\/wp\/v2\/pages\/4422\/revisions"}],"predecessor-version":[{"id":5939,"href":"https:\/\/www.filtnor.com\/se\/wp-json\/wp\/v2\/pages\/4422\/revisions\/5939"}],"up":[{"embeddable":true,"href":"https:\/\/www.filtnor.com\/se\/wp-json\/wp\/v2\/pages\/3984"}],"wp:attachment":[{"href":"https:\/\/www.filtnor.com\/se\/wp-json\/wp\/v2\/media?parent=4422"}],"curies":[{"name":"wp","href":"https:\/\/api.w.org\/{rel}","templated":true}]}}