{"id":4336,"date":"2024-04-11T19:03:07","date_gmt":"2024-04-11T18:03:07","guid":{"rendered":"https:\/\/www.filtnor.no\/?page_id=4336"},"modified":"2024-08-07T18:33:50","modified_gmt":"2024-08-07T16:33:50","slug":"filter-for-batteriatervinning","status":"publish","type":"page","link":"https:\/\/www.filtnor.com\/se\/anvandningsomraden-for-tryckfilter\/filter-for-batteriatervinning\/","title":{"rendered":"Filter f\u00f6r batteri\u00e5tervinning"},"content":{"rendered":"<div class=\"wpb-content-wrapper\"><div class=\"vc_row wpb_row vc_row-fluid vc_custom_1691587735553\"><div class=\"wpb_column vc_column_container vc_col-sm-12 vc_col-lg-6 vc_col-md-6\"><div class=\"vc_column-inner\"><div class=\"wpb_wrapper\"><div class=\"section-title-wrapper shortcode-rand-2 induzy-inline-css\" data-css=\"&quot;.shortcode-rand-2 .title-separator.separator-border { background-color: ; }.shortcode-rand-2 .section-title { text-transform: none; }&quot;\"><div class=\"title-wrap\"><h2 class=\"section-title\">Filtrering vid batterigjenvinning<\/h2><span class=\"title-separator separator-border theme-color-bg\"><\/span><\/div><!-- .title-wrap --><div class=\"section-description\">Vi har erfarenhet av pressfilter f\u00f6r vinning av batterier.<\/p>\n<p>V\u00e5ra filterpresser f\u00f6r batteriproduktion \u00e4r specialtillg\u00e4ngliga f\u00f6r batteri\u00e5tervinning och filtrering av &quot;svart massa&quot;.<\/div><!-- .section-description --><\/div><!-- .section-title-wrapper --><div class=\"feature-box-wrapper feature-box-style-1 vc_custom_1691588732498 shortcode-rand-3 induzy-inline-css\" data-css=\"&quot;.shortcode-rand-3.feature-box-wrapper {background: -moz-linear-gradient(141deg,  0%,  51%,  75%);\\r\\n\\t\\t\\t\\tbackground: -webkit-linear-gradient(141deg,  0%,  51%,  75%);\\r\\n\\t\\t\\t\\tbackground: linear-gradient(141deg,  0%,  51%,  75%);}.shortcode-rand-3 .feature-box-icon { font-size: 24px; }.shortcode-rand-3 .feature-box-icon { height: 48px; width: 48px; }.shortcode-rand-3 .feature-box-icon &gt; span { line-height: 2; }.shortcode-rand-3:hover .feature-box-icon { background: none; }&quot;\" ><div class=\"feature-box-btn\"><a class=\"btn default\" href=\"https:\/\/www.filtnor.no\/kontakt-oss\/\" title=\"Skicka f\u00f6rfr\u00e5gan\">Skicka f\u00f6rfr\u00e5gan<\/a><\/div><!-- .feature-box-btn --><\/div><!-- .feature-box-wrapper --><\/div><\/div><\/div><div class=\"wpb_column vc_column_container vc_col-sm-12 vc_col-lg-6 vc_col-md-6\"><div class=\"vc_column-inner\"><div class=\"wpb_wrapper\">\n\t<div  class=\"wpb_single_image wpb_content_element vc_align_left wpb_content_element\">\n\t\t\n\t\t<figure class=\"wpb_wrapper vc_figure\">\n\t\t\t<div class=\"vc_single_image-wrapper   vc_box_border_grey\"><\/div>\n\t\t<\/figure>\n\t<\/div>\n<\/div><\/div><\/div><\/div><div class=\"vc_row wpb_row vc_row-fluid vc_custom_1691588774257\"><div class=\"wpb_column vc_column_container vc_col-sm-6\"><div class=\"vc_column-inner\"><div class=\"wpb_wrapper\"><div class=\"section-title-wrapper shortcode-rand-5 induzy-inline-css\" data-css=\"&quot;.shortcode-rand-5 .title-separator.separator-border { background-color: ; }.shortcode-rand-5 .section-title { text-transform: none; }&quot;\"><div class=\"title-wrap\"><h4 class=\"section-title\">Optimalisert f\u00f6r \u00f8lbrygging<\/h4><span class=\"title-separator separator-border theme-color-bg\"><\/span><\/div><!-- .title-wrap --><div class=\"section-description\">V\u00e5r Roxia Smart Filter Press Brewing Edition \u00e4r en helautomatiserad filterpress som \u00e4r optimaliserad f\u00f6r filtrering av \u00f8l. Detta \u00e4r en smart-filterpress, vilket betyder att den \u00e4r sj\u00e4lvjusterande och inte beh\u00f6ver operat\u00f6r. Den har upp till \u00f6ver 98% automatiskt uppetid, och \u00e4r till\u00e4gget mycket underh\u00e5llsv\u00e4nligt. Skifte av filterduker osv. g\u00e5r snabbt snabbt och kan enkelt utf\u00f6ras av en person ensam.<\/p>\n<p>Maskinen forurenser inte, och kan d\u00e4rf\u00f6r st\u00e5 i rene omgivelser utan \u00e5 skitne til. Hela processer \u00e4r skyddade i ett kabinett, och genom att visa dem finns avtrekk i en lukt som kan tas bort fr\u00e5n detta problem f\u00f6r omgivning.<\/p>\n<p>Maskinen kontaktr de starkaste kvalitetskraven f\u00f6r bruk p\u00e5 n\u00e4ringsmedelsprodukter.<\/div><!-- .section-description --><\/div><!-- .section-title-wrapper --><\/div><\/div><\/div><div class=\"wpb_column vc_column_container vc_col-sm-6\"><div class=\"vc_column-inner\"><div class=\"wpb_wrapper\"><div class=\"section-title-wrapper margin-bottom-30 shortcode-rand-6 induzy-inline-css\" data-css=\"&quot;.shortcode-rand-6 .title-separator.separator-border { background-color: ; }.shortcode-rand-6 .section-title { text-transform: none; }&quot;\"><div class=\"title-wrap\"><h4 class=\"section-title\">Fordeler<\/h4><span class=\"title-separator separator-border theme-color-bg\"><\/span><\/div><!-- .title-wrap --><div class=\"section-description\"><\/div><!-- .section-description --><\/div><!-- .section-title-wrapper --><div class=\"list-item-wrapper\" data-css=\"&quot;&quot;\"><div class=\"list-item-inner\" data-css=\"&quot;&quot;\"><div class=\"list-item-title media\"><span class=\"mr-3 icon-light fas fa-check\"><\/span><div class=\"media-body align-self-center list-item-desc\">Optimaliserad f\u00f6r batterigjenvinning<\/div><\/div><!-- .list-item-title --><\/div><!-- .list-item-inner --><div class=\"list-item-inner\" data-css=\"&quot;&quot;\"><div class=\"list-item-title media\"><span class=\"mr-3 icon-light fas fa-check\"><\/span><div class=\"media-body align-self-center list-item-desc\">Lavt energif\u00f6rbrukning<\/div><\/div><!-- .list-item-title --><\/div><!-- .list-item-inner --><div class=\"list-item-inner\" data-css=\"&quot;&quot;\"><div class=\"list-item-title media\"><span class=\"mr-3 icon-light fas fa-check\"><\/span><div class=\"media-body align-self-center list-item-desc\">Smart-filterpress utan behov f\u00f6r operat\u00f6r<\/div><\/div><!-- .list-item-title --><\/div><!-- .list-item-inner --><div class=\"list-item-inner\" data-css=\"&quot;&quot;\"><div class=\"list-item-title media\"><span class=\"mr-3 icon-light fas fa-check\"><\/span><div class=\"media-body align-self-center list-item-desc\">Effektiv p\u00e5 filtrering av svart massa<\/div><\/div><!-- .list-item-title --><\/div><!-- .list-item-inner --><\/div><!-- .list-item-wrapper --><\/div><\/div><\/div><\/div><div class=\"vc_row wpb_row vc_row-fluid vc_custom_1691587893368\"><div class=\"wpb_column vc_column_container vc_col-sm-12\"><div class=\"vc_column-inner\"><div class=\"wpb_wrapper\"><div class=\"vc_separator wpb_content_element vc_separator_align_center vc_sep_width_100 vc_sep_dashed vc_sep_pos_align_center vc_separator_no_text wpb_content_element  wpb_content_element\" ><span class=\"vc_sep_holder vc_sep_holder_l\"><span class=\"vc_sep_line\"><\/span><\/span><span class=\"vc_sep_holder vc_sep_holder_r\"><span class=\"vc_sep_line\"><\/span><\/span>\n<\/div><\/div><\/div><\/div><\/div><div data-vc-full-width=\"true\" data-vc-full-width-init=\"false\" class=\"vc_row wpb_row vc_row-fluid additional-call-to-action vc_custom_1691588100630 vc_row-has-fill\"><div class=\"wpb_column vc_column_container vc_col-sm-12\"><div class=\"vc_column-inner\"><div class=\"wpb_wrapper\"><div class=\"vc_row wpb_row vc_inner vc_row-fluid\"><div class=\"wpb_column vc_column_container vc_col-sm-12 vc_col-lg-9 vc_col-md-12\"><div class=\"vc_column-inner\"><div class=\"wpb_wrapper\"><div class=\"feature-box-wrapper feature-box-style-1 shortcode-rand-14 induzy-inline-css feature-list-1\" data-css=\"&quot;.shortcode-rand-14.feature-box-wrapper { color: #000000; }.shortcode-rand-14.feature-box-wrapper {background: -moz-linear-gradient(141deg,  0%,  51%,  75%);\\r\\n\\t\\t\\t\\tbackground: -webkit-linear-gradient(141deg,  0%,  51%,  75%);\\r\\n\\t\\t\\t\\tbackground: linear-gradient(141deg,  0%,  51%,  75%);}.shortcode-rand-14 .feature-box-icon { font-size: 30px; }.shortcode-rand-14 .feature-box-icon { height: 60px; width: 60px; }.shortcode-rand-14 .feature-box-icon &gt; span { line-height: 2; }.shortcode-rand-14:hover .feature-box-icon { background: none; }&quot;\" ><div class=\"fbox-list\"><div class=\"media\"><div class=\"feature-box-icon mr-3 text-center rounded-circle none\"><span class=\"\"><\/span><\/div><!-- .feature-box-icon --><div class=\"media-body\"><div class=\"feature-box-title\"><h4 class=\"section-title\">Vill du veta mer?<\/h4><\/div><!-- .feature-box-title --><div class=\"feature-box-content\">Ta kontakt med oss f\u00f6r ett uforpliktande erbjudande!<\/div><!-- .feature-box-content --><\/div><\/div><\/div><\/div><!-- .feature-box-wrapper --><\/div><\/div><\/div><div class=\"wpb_column vc_column_container vc_col-sm-12 vc_col-lg-3 vc_col-md-12\"><div class=\"vc_column-inner vc_custom_1691588352947\"><div class=\"wpb_wrapper\"><div class=\"vc_btn3-container  additional-btn vc_btn3-right vc_custom_1691589162716 vc_do_btn\" ><a style=\"background-color:#06295e; color:#ffffff;\" class=\"vc_general vc_btn3 vc_btn3-size-md vc_btn3-shape-rounded vc_btn3-style-custom\" href=\"https:\/\/www.filtnor.no\/kontakt-oss\/\" title=\"\">Skicka f\u00f6rfr\u00e5gan<\/a><\/div><\/div><\/div><\/div><\/div><\/div><\/div><\/div><\/div><div class=\"vc_row-full-width vc_clearfix\"><\/div>\n<\/div>","protected":false},"excerpt":{"rendered":"Filtrering ved batterigjenvinningVi har erfaring med pressfilter for gjjenvinning av batterier. V\u00e5re filterpresser til batteriproduksjon er spesialtilpasset for batterigjenvinning og filtrering av \"black mass\".Send foresp\u00f8rsel Optimalisert for \u00f8lbryggingV\u00e5r Roxia Smart Filter Press brewing edition er en helautomatisert filterpresse som er optimalisert for filtrering av \u00f8l. Dette er en smart-filterpresse, hvilket betyr at den er selvjusterende","protected":false},"author":1,"featured_media":0,"parent":4070,"menu_order":0,"comment_status":"closed","ping_status":"closed","template":"","meta":{"om_disable_all_campaigns":false,"footnotes":""},"class_list":["post-4336","page","type-page","status-publish","hentry"],"yoast_head":"<!-- This site is optimized with the Yoast SEO Premium plugin v26.1 (Yoast SEO v27.5) - https:\/\/yoast.com\/product\/yoast-seo-premium-wordpress\/ -->\n<title>Filters for Battery Recycling - Filtnor<\/title>\n<meta name=\"description\" content=\"Filterpresser til gjenvinning av batterier. V\u00e5re pressfilter er optimalisert for batterigjenvinning og filtrering av black mass.\" \/>\n<meta name=\"robots\" content=\"index, follow, max-snippet:-1, max-image-preview:large, max-video-preview:-1\" \/>\n<link rel=\"canonical\" href=\"https:\/\/www.filtnor.com\/se\/anvandningsomraden-for-tryckfilter\/filter-for-batteriatervinning\/\" \/>\n<meta property=\"og:locale\" content=\"sv_SE\" \/>\n<meta property=\"og:type\" content=\"article\" \/>\n<meta property=\"og:title\" content=\"Filters for Battery Recycling\" \/>\n<meta property=\"og:description\" content=\"Filterpresser til gjenvinning av batterier. V\u00e5re pressfilter er optimalisert for batterigjenvinning og filtrering av black mass.\" \/>\n<meta property=\"og:url\" content=\"https:\/\/www.filtnor.com\/se\/anvandningsomraden-for-tryckfilter\/filter-for-batteriatervinning\/\" \/>\n<meta property=\"og:site_name\" content=\"Filtnor\" \/>\n<meta property=\"article:modified_time\" content=\"2024-08-07T16:33:50+00:00\" \/>\n<meta name=\"twitter:card\" content=\"summary_large_image\" \/>\n<meta name=\"twitter:label1\" content=\"Ber\u00e4knad l\u00e4stid\" \/>\n\t<meta name=\"twitter:data1\" content=\"2 minuter\" \/>\n<script type=\"application\/ld+json\" class=\"yoast-schema-graph\">{\"@context\":\"https:\\\/\\\/schema.org\",\"@graph\":[{\"@type\":\"WebPage\",\"@id\":\"https:\\\/\\\/www.filtnor.com\\\/areas-of-use-for-pressure-filters\\\/filters-for-battery-recycling\\\/\",\"url\":\"https:\\\/\\\/www.filtnor.com\\\/areas-of-use-for-pressure-filters\\\/filters-for-battery-recycling\\\/\",\"name\":\"Filters for Battery Recycling - Filtnor\",\"isPartOf\":{\"@id\":\"https:\\\/\\\/www.filtnor.com\\\/#website\"},\"datePublished\":\"2024-04-11T18:03:07+00:00\",\"dateModified\":\"2024-08-07T16:33:50+00:00\",\"description\":\"Filterpresser til gjenvinning av batterier. V\u00e5re pressfilter er optimalisert for batterigjenvinning og filtrering av black mass.\",\"breadcrumb\":{\"@id\":\"https:\\\/\\\/www.filtnor.com\\\/areas-of-use-for-pressure-filters\\\/filters-for-battery-recycling\\\/#breadcrumb\"},\"inLanguage\":\"sv-SE\",\"potentialAction\":[{\"@type\":\"ReadAction\",\"target\":[\"https:\\\/\\\/www.filtnor.com\\\/areas-of-use-for-pressure-filters\\\/filters-for-battery-recycling\\\/\"]}]},{\"@type\":\"BreadcrumbList\",\"@id\":\"https:\\\/\\\/www.filtnor.com\\\/areas-of-use-for-pressure-filters\\\/filters-for-battery-recycling\\\/#breadcrumb\",\"itemListElement\":[{\"@type\":\"ListItem\",\"position\":1,\"name\":\"Home\",\"item\":\"https:\\\/\\\/www.filtnor.com\\\/\"},{\"@type\":\"ListItem\",\"position\":2,\"name\":\"Areas of Use for Pressure Filters\",\"item\":\"https:\\\/\\\/www.filtnor.com\\\/areas-of-use-for-pressure-filters\\\/\"},{\"@type\":\"ListItem\",\"position\":3,\"name\":\"Filters for Battery Recycling\"}]},{\"@type\":\"WebSite\",\"@id\":\"https:\\\/\\\/www.filtnor.com\\\/#website\",\"url\":\"https:\\\/\\\/www.filtnor.com\\\/\",\"name\":\"Filtnor\",\"description\":\"Filtration you can trust. Performance that lasts.\",\"potentialAction\":[{\"@type\":\"SearchAction\",\"target\":{\"@type\":\"EntryPoint\",\"urlTemplate\":\"https:\\\/\\\/www.filtnor.com\\\/?s={search_term_string}\"},\"query-input\":{\"@type\":\"PropertyValueSpecification\",\"valueRequired\":true,\"valueName\":\"search_term_string\"}}],\"inLanguage\":\"sv-SE\"}]}<\/script>\n<!-- \/ Yoast SEO Premium plugin. -->","yoast_head_json":{"title":"Filter f\u00f6r batteri\u00e5tervinning - Filtnor","description":"Filterpresser till \u00e5tervinning av batterier. V\u00e5rt pressfilter \u00e4r optimaliserat f\u00f6r batteri\u00e5tervinning och filtrering av svart massa.","robots":{"index":"index","follow":"follow","max-snippet":"max-snippet:-1","max-image-preview":"max-image-preview:large","max-video-preview":"max-video-preview:-1"},"canonical":"https:\/\/www.filtnor.com\/se\/anvandningsomraden-for-tryckfilter\/filter-for-batteriatervinning\/","og_locale":"sv_SE","og_type":"article","og_title":"Filters for Battery Recycling","og_description":"Filterpresser til gjenvinning av batterier. V\u00e5re pressfilter er optimalisert for batterigjenvinning og filtrering av black mass.","og_url":"https:\/\/www.filtnor.com\/se\/anvandningsomraden-for-tryckfilter\/filter-for-batteriatervinning\/","og_site_name":"Filtnor","article_modified_time":"2024-08-07T16:33:50+00:00","twitter_card":"summary_large_image","twitter_misc":{"Ber\u00e4knad l\u00e4stid":"2 minuter"},"schema":{"@context":"https:\/\/schema.org","@graph":[{"@type":"WebPage","@id":"https:\/\/www.filtnor.com\/areas-of-use-for-pressure-filters\/filters-for-battery-recycling\/","url":"https:\/\/www.filtnor.com\/areas-of-use-for-pressure-filters\/filters-for-battery-recycling\/","name":"Filter f\u00f6r batteri\u00e5tervinning - Filtnor","isPartOf":{"@id":"https:\/\/www.filtnor.com\/#website"},"datePublished":"2024-04-11T18:03:07+00:00","dateModified":"2024-08-07T16:33:50+00:00","description":"Filterpresser till \u00e5tervinning av batterier. V\u00e5rt pressfilter \u00e4r optimaliserat f\u00f6r batteri\u00e5tervinning och filtrering av svart massa.","breadcrumb":{"@id":"https:\/\/www.filtnor.com\/areas-of-use-for-pressure-filters\/filters-for-battery-recycling\/#breadcrumb"},"inLanguage":"sv-SE","potentialAction":[{"@type":"ReadAction","target":["https:\/\/www.filtnor.com\/areas-of-use-for-pressure-filters\/filters-for-battery-recycling\/"]}]},{"@type":"BreadcrumbList","@id":"https:\/\/www.filtnor.com\/areas-of-use-for-pressure-filters\/filters-for-battery-recycling\/#breadcrumb","itemListElement":[{"@type":"ListItem","position":1,"name":"Home","item":"https:\/\/www.filtnor.com\/"},{"@type":"ListItem","position":2,"name":"Areas of Use for Pressure Filters","item":"https:\/\/www.filtnor.com\/areas-of-use-for-pressure-filters\/"},{"@type":"ListItem","position":3,"name":"Filters for Battery Recycling"}]},{"@type":"WebSite","@id":"https:\/\/www.filtnor.com\/#website","url":"https:\/\/www.filtnor.com\/","name":"Filtnor","description":"Filtrering du kan lita p\u00e5. Prestanda som varar.","potentialAction":[{"@type":"SearchAction","target":{"@type":"EntryPoint","urlTemplate":"https:\/\/www.filtnor.com\/?s={search_term_string}"},"query-input":{"@type":"PropertyValueSpecification","valueRequired":true,"valueName":"search_term_string"}}],"inLanguage":"sv-SE"}]}},"_links":{"self":[{"href":"https:\/\/www.filtnor.com\/se\/wp-json\/wp\/v2\/pages\/4336","targetHints":{"allow":["GET"]}}],"collection":[{"href":"https:\/\/www.filtnor.com\/se\/wp-json\/wp\/v2\/pages"}],"about":[{"href":"https:\/\/www.filtnor.com\/se\/wp-json\/wp\/v2\/types\/page"}],"author":[{"embeddable":true,"href":"https:\/\/www.filtnor.com\/se\/wp-json\/wp\/v2\/users\/1"}],"replies":[{"embeddable":true,"href":"https:\/\/www.filtnor.com\/se\/wp-json\/wp\/v2\/comments?post=4336"}],"version-history":[{"count":2,"href":"https:\/\/www.filtnor.com\/se\/wp-json\/wp\/v2\/pages\/4336\/revisions"}],"predecessor-version":[{"id":4936,"href":"https:\/\/www.filtnor.com\/se\/wp-json\/wp\/v2\/pages\/4336\/revisions\/4936"}],"up":[{"embeddable":true,"href":"https:\/\/www.filtnor.com\/se\/wp-json\/wp\/v2\/pages\/4070"}],"wp:attachment":[{"href":"https:\/\/www.filtnor.com\/se\/wp-json\/wp\/v2\/media?parent=4336"}],"curies":[{"name":"wp","href":"https:\/\/api.w.org\/{rel}","templated":true}]}}