{"id":4179,"date":"2024-03-13T10:57:39","date_gmt":"2024-03-13T09:57:39","guid":{"rendered":"https:\/\/www.filtnor.no\/?page_id=4179"},"modified":"2025-04-11T10:11:00","modified_gmt":"2025-04-11T08:11:00","slug":"flansar","status":"publish","type":"page","link":"https:\/\/www.filtnor.com\/se\/produkter\/vatskehantering\/flansar\/","title":{"rendered":"Fl\u00e4nsar fr\u00e5n Filtnor"},"content":{"rendered":"<div class=\"wpb-content-wrapper\"><div class=\"vc_row wpb_row vc_row-fluid vc_custom_1709489854154\"><div class=\"wpb_column vc_column_container vc_col-sm-12\"><div class=\"vc_column-inner\"><div class=\"wpb_wrapper\"><div class=\"section-title-wrapper shortcode-rand-2 induzy-inline-css\" data-css=\"&quot;.shortcode-rand-2 .title-separator.separator-border { background-color: ; }.shortcode-rand-2 .section-title { text-transform: none; }&quot;\"><div class=\"title-wrap\"><h4 class=\"section-title\">Fl\u00e4nsar <span class=\"title-suffix theme-color\">och speciella fl\u00e4nsar<\/span><\/h4><span class=\"title-separator separator-border theme-color-bg\"><\/span><\/div><!-- .title-wrap --><div class=\"section-description\">Fl\u00e4nsar \u00e4r kritiska komponenter som anv\u00e4nds f\u00f6r att ansluta r\u00f6r, ventiler, pumpar och annan utrustning i industriella r\u00f6rsystem. Filtnor levererar ett brett utbud av fl\u00e4nsar i olika konstruktioner, tryckklasser, material och standarder \u2013 skr\u00e4ddarsydda f\u00f6r att m\u00f6ta kraven fr\u00e5n b\u00e5de standard och specialiserade applikationer.<\/p>\n<p>Vi levererar fl\u00e4nsar i enlighet med stora internationella standarder:<br \/>\n\u2013 <strong>SV \/ DIN<\/strong><br \/>\n\u2013 <strong>ANSI \/ ASME<\/strong><br \/>\n\u2013 <strong>JIS<\/strong><br \/>\n\u2013 <strong>BS<\/strong><\/p>\n<p>V\u00e5ra fl\u00e4nsar finns i tryckklasser som:<br \/>\n\u2013 <strong>PN10 \u2013 PN100<\/strong> (EN\/DIN)<br \/>\n\u2013 <strong>Klass 150 \u2013 Klass 600<\/strong> (ANSI\/ASME)<\/p>\n<p>Materialalternativ inkluderar:<br \/>\n\u2013 <strong>Kolst\u00e5l<\/strong><br \/>\n\u2013 <strong>Rostfritt st\u00e5l (304)<\/strong><br \/>\n\u2013 <strong>Syrabest\u00e4ndigt st\u00e5l (316)<\/strong><br \/>\n\u2013 <strong>Andra specialiserade legeringar<\/strong> p\u00e5 beg\u00e4ran<\/p>\n<p>Vi erbjuder f\u00f6ljande typer:<br \/>\n\u2013 <strong>Svetsfl\u00e4nsar<\/strong><br \/>\n\u2013 <strong>L\u00f6sa fl\u00e4nsar<\/strong><br \/>\n\u2013 <strong>Blindfl\u00e4nsar<\/strong><br \/>\n\u2013 <strong>Special\/anpassade fl\u00e4nsar<\/strong> (framst\u00e4lld fr\u00e5n ritningar eller m\u00e5tt)<br \/>\n\u2013 <strong>G\u00e4ngade fl\u00e4nsar<\/strong><br \/>\n\u2013 <strong>Skottfl\u00e4nsar<\/strong><\/p>\n<p>Ytbehandlingar finns tillg\u00e4ngliga f\u00f6r att passa din applikation, inklusive:<br \/>\n\u2013 <strong>Betning och passivering<\/strong><br \/>\n\u2013 <strong>Galvanisering<\/strong><br \/>\n\u2013 <strong>Pulverlackering<\/strong><br \/>\n\u2013 <strong>Andra bel\u00e4ggningar<\/strong> p\u00e5 beg\u00e4ran<\/p>\n<p>Oavsett om det g\u00e4ller h\u00f6gtrycks-, korrosiva eller h\u00f6gtemperaturmilj\u00f6er hj\u00e4lper vi dig att v\u00e4lja r\u00e4tt fl\u00e4nsl\u00f6sning f\u00f6r din process.<\/div><!-- .section-description --><\/div><!-- .section-title-wrapper --><\/div><\/div><\/div><\/div><div class=\"vc_row wpb_row vc_row-fluid vc_custom_1709405342198\"><div class=\"wpb_column vc_column_container vc_col-sm-12 vc_col-lg-6 vc_col-md-6\"><div class=\"vc_column-inner\"><div class=\"wpb_wrapper\"><div class=\"section-title-wrapper shortcode-rand-4 induzy-inline-css\" data-css=\"&quot;.shortcode-rand-4 .title-separator.separator-border { background-color: ; }.shortcode-rand-4 .section-title { text-transform: none; }&quot;\"><div class=\"title-wrap\"><h2 class=\"section-title\">Kragfl\u00e4nsar \/ Svetsfl\u00e4nsar<\/h2><span class=\"title-separator separator-border theme-color-bg\"><\/span><\/div><!-- .title-wrap --><div class=\"section-description\">Den vanligaste fl\u00e4nsvarianten och v\u00e4l l\u00e4mpad upp till h\u00f6ga tryck och temperaturer.<\/div><!-- .section-description --><\/div><!-- .section-title-wrapper --><div class=\"feature-box-wrapper feature-box-style-1 vc_custom_1729017516747 shortcode-rand-5 induzy-inline-css\" data-css=\"&quot;.shortcode-rand-5.feature-box-wrapper {background: -moz-linear-gradient(141deg,  0%,  51%,  75%);\\r\\n\\t\\t\\t\\tbackground: -webkit-linear-gradient(141deg,  0%,  51%,  75%);\\r\\n\\t\\t\\t\\tbackground: linear-gradient(141deg,  0%,  51%,  75%);}.shortcode-rand-5 .feature-box-icon { font-size: 24px; }.shortcode-rand-5 .feature-box-icon { height: 48px; width: 48px; }.shortcode-rand-5 .feature-box-icon &gt; span { line-height: 2; }.shortcode-rand-5:hover .feature-box-icon { background: none; }&quot;\" ><div class=\"feature-box-btn\"><a class=\"btn default\" href=\"https:\/\/www.filtnor.com\/se\/kontakta-oss\/\" title=\"SKICKA F\u00d6RFR\u00c5GAN \u00bb\">SKICKA F\u00d6RFR\u00c5GAN \u00bb<\/a><\/div><!-- .feature-box-btn --><\/div><!-- .feature-box-wrapper --><\/div><\/div><\/div><div class=\"wpb_column vc_column_container vc_col-sm-12 vc_col-lg-6 vc_col-md-6\"><div class=\"vc_column-inner\"><div class=\"wpb_wrapper\">\n\t<div  class=\"wpb_single_image wpb_content_element vc_align_left wpb_content_element\">\n\t\t\n\t\t<figure class=\"wpb_wrapper vc_figure\">\n\t\t\t<div class=\"vc_single_image-wrapper   vc_box_border_grey\"><\/div>\n\t\t<\/figure>\n\t<\/div>\n<\/div><\/div><\/div><\/div><div class=\"vc_row wpb_row vc_row-fluid vc_custom_1709405274198\"><div class=\"wpb_column vc_column_container vc_col-sm-12\"><div class=\"vc_column-inner\"><div class=\"wpb_wrapper\"><div class=\"vc_separator wpb_content_element vc_separator_align_center vc_sep_width_100 vc_sep_dashed vc_sep_pos_align_center vc_separator_no_text wpb_content_element  wpb_content_element\" ><span class=\"vc_sep_holder vc_sep_holder_l\"><span class=\"vc_sep_line\"><\/span><\/span><span class=\"vc_sep_holder vc_sep_holder_r\"><span class=\"vc_sep_line\"><\/span><\/span>\n<\/div><\/div><\/div><\/div><\/div><div class=\"vc_row wpb_row vc_row-fluid vc_custom_1710151320060\"><div class=\"wpb_column vc_column_container vc_col-sm-12 vc_col-lg-6 vc_col-md-6\"><div class=\"vc_column-inner\"><div class=\"wpb_wrapper\"><div class=\"section-title-wrapper shortcode-rand-8 induzy-inline-css\" data-css=\"&quot;.shortcode-rand-8 .title-separator.separator-border { background-color: ; }.shortcode-rand-8 .section-title { text-transform: none; }&quot;\"><div class=\"title-wrap\"><h2 class=\"section-title\">L\u00f6sa fl\u00e4nsar<\/h2><span class=\"title-separator separator-border theme-color-bg\"><\/span><\/div><!-- .title-wrap --><div class=\"section-description\">F\u00f6r montering utan anv\u00e4ndning av svetsning. L\u00f6sa fl\u00e4nsar med \u00e4ndar finns som RF, RTJ och MFM.<\/div><!-- .section-description --><\/div><!-- .section-title-wrapper --><div class=\"feature-box-wrapper feature-box-style-1 vc_custom_1729017516747 shortcode-rand-9 induzy-inline-css\" data-css=\"&quot;.shortcode-rand-9.feature-box-wrapper {background: -moz-linear-gradient(141deg,  0%,  51%,  75%);\\r\\n\\t\\t\\t\\tbackground: -webkit-linear-gradient(141deg,  0%,  51%,  75%);\\r\\n\\t\\t\\t\\tbackground: linear-gradient(141deg,  0%,  51%,  75%);}.shortcode-rand-9 .feature-box-icon { font-size: 24px; }.shortcode-rand-9 .feature-box-icon { height: 48px; width: 48px; }.shortcode-rand-9 .feature-box-icon &gt; span { line-height: 2; }.shortcode-rand-9:hover .feature-box-icon { background: none; }&quot;\" ><div class=\"feature-box-btn\"><a class=\"btn default\" href=\"https:\/\/www.filtnor.com\/se\/kontakta-oss\/\" title=\"SKICKA F\u00d6RFR\u00c5GAN \u00bb\">SKICKA F\u00d6RFR\u00c5GAN \u00bb<\/a><\/div><!-- .feature-box-btn --><\/div><!-- .feature-box-wrapper --><\/div><\/div><\/div><div class=\"wpb_column vc_column_container vc_col-sm-12 vc_col-lg-6 vc_col-md-6\"><div class=\"vc_column-inner\"><div class=\"wpb_wrapper\">\n\t<div  class=\"wpb_single_image wpb_content_element vc_align_left wpb_content_element\">\n\t\t\n\t\t<figure class=\"wpb_wrapper vc_figure\">\n\t\t\t<div class=\"vc_single_image-wrapper   vc_box_border_grey\"><\/div>\n\t\t<\/figure>\n\t<\/div>\n<\/div><\/div><\/div><\/div><div class=\"vc_row wpb_row vc_row-fluid vc_custom_1709405274198\"><div class=\"wpb_column vc_column_container vc_col-sm-12\"><div class=\"vc_column-inner\"><div class=\"wpb_wrapper\"><div class=\"vc_separator wpb_content_element vc_separator_align_center vc_sep_width_100 vc_sep_dashed vc_sep_pos_align_center vc_separator_no_text wpb_content_element  wpb_content_element\" ><span class=\"vc_sep_holder vc_sep_holder_l\"><span class=\"vc_sep_line\"><\/span><\/span><span class=\"vc_sep_holder vc_sep_holder_r\"><span class=\"vc_sep_line\"><\/span><\/span>\n<\/div><\/div><\/div><\/div><\/div><div class=\"vc_row wpb_row vc_row-fluid vc_custom_1710151320060\"><div class=\"wpb_column vc_column_container vc_col-sm-12 vc_col-lg-6 vc_col-md-6\"><div class=\"vc_column-inner\"><div class=\"wpb_wrapper\"><div class=\"section-title-wrapper shortcode-rand-12 induzy-inline-css\" data-css=\"&quot;.shortcode-rand-12 .title-separator.separator-border { background-color: ; }.shortcode-rand-12 .section-title { text-transform: none; }&quot;\"><div class=\"title-wrap\"><h2 class=\"section-title\">G\u00e4ngade fl\u00e4nsar<\/h2><span class=\"title-separator separator-border theme-color-bg\"><\/span><\/div><!-- .title-wrap --><div class=\"section-description\">G\u00e4ngfl\u00e4ns, eller skruvfl\u00e4ns som det ofta kallas, har inv\u00e4ndiga g\u00e4ngor f\u00f6r r\u00f6rets utv\u00e4ndiga g\u00e4ngor.<\/div><!-- .section-description --><\/div><!-- .section-title-wrapper --><div class=\"feature-box-wrapper feature-box-style-1 vc_custom_1729017516747 shortcode-rand-13 induzy-inline-css\" data-css=\"&quot;.shortcode-rand-13.feature-box-wrapper {background: -moz-linear-gradient(141deg,  0%,  51%,  75%);\\r\\n\\t\\t\\t\\tbackground: -webkit-linear-gradient(141deg,  0%,  51%,  75%);\\r\\n\\t\\t\\t\\tbackground: linear-gradient(141deg,  0%,  51%,  75%);}.shortcode-rand-13 .feature-box-icon { font-size: 24px; }.shortcode-rand-13 .feature-box-icon { height: 48px; width: 48px; }.shortcode-rand-13 .feature-box-icon &gt; span { line-height: 2; }.shortcode-rand-13:hover .feature-box-icon { background: none; }&quot;\" ><div class=\"feature-box-btn\"><a class=\"btn default\" href=\"https:\/\/www.filtnor.com\/se\/kontakta-oss\/\" title=\"SKICKA F\u00d6RFR\u00c5GAN \u00bb\">SKICKA F\u00d6RFR\u00c5GAN \u00bb<\/a><\/div><!-- .feature-box-btn --><\/div><!-- .feature-box-wrapper --><\/div><\/div><\/div><div class=\"wpb_column vc_column_container vc_col-sm-12 vc_col-lg-6 vc_col-md-6\"><div class=\"vc_column-inner\"><div class=\"wpb_wrapper\">\n\t<div  class=\"wpb_single_image wpb_content_element vc_align_left wpb_content_element\">\n\t\t\n\t\t<figure class=\"wpb_wrapper vc_figure\">\n\t\t\t<div class=\"vc_single_image-wrapper   vc_box_border_grey\"><\/div>\n\t\t<\/figure>\n\t<\/div>\n<\/div><\/div><\/div><\/div><div class=\"vc_row wpb_row vc_row-fluid vc_custom_1709405274198\"><div class=\"wpb_column vc_column_container vc_col-sm-12\"><div class=\"vc_column-inner\"><div class=\"wpb_wrapper\"><div class=\"vc_separator wpb_content_element vc_separator_align_center vc_sep_width_100 vc_sep_dashed vc_sep_pos_align_center vc_separator_no_text wpb_content_element  wpb_content_element\" ><span class=\"vc_sep_holder vc_sep_holder_l\"><span class=\"vc_sep_line\"><\/span><\/span><span class=\"vc_sep_holder vc_sep_holder_r\"><span class=\"vc_sep_line\"><\/span><\/span>\n<\/div><\/div><\/div><\/div><\/div><div class=\"vc_row wpb_row vc_row-fluid vc_custom_1729017681837\"><div class=\"wpb_column vc_column_container vc_col-sm-12 vc_col-lg-6 vc_col-md-6\"><div class=\"vc_column-inner\"><div class=\"wpb_wrapper\"><div class=\"section-title-wrapper shortcode-rand-16 induzy-inline-css\" data-css=\"&quot;.shortcode-rand-16 .title-separator.separator-border { background-color: ; }.shortcode-rand-16 .section-title { text-transform: none; }&quot;\"><div class=\"title-wrap\"><h2 class=\"section-title\">Blindfl\u00e4nsar<\/h2><span class=\"title-separator separator-border theme-color-bg\"><\/span><\/div><!-- .title-wrap --><div class=\"section-description\">Helt\u00e4ckande blindfl\u00e4ns f\u00f6r att st\u00e4nga av r\u00f6ret.<\/div><!-- .section-description --><\/div><!-- .section-title-wrapper --><div class=\"feature-box-wrapper feature-box-style-1 vc_custom_1729017516747 shortcode-rand-17 induzy-inline-css\" data-css=\"&quot;.shortcode-rand-17.feature-box-wrapper {background: -moz-linear-gradient(141deg,  0%,  51%,  75%);\\r\\n\\t\\t\\t\\tbackground: -webkit-linear-gradient(141deg,  0%,  51%,  75%);\\r\\n\\t\\t\\t\\tbackground: linear-gradient(141deg,  0%,  51%,  75%);}.shortcode-rand-17 .feature-box-icon { font-size: 24px; }.shortcode-rand-17 .feature-box-icon { height: 48px; width: 48px; }.shortcode-rand-17 .feature-box-icon &gt; span { line-height: 2; }.shortcode-rand-17:hover .feature-box-icon { background: none; }&quot;\" ><div class=\"feature-box-btn\"><a class=\"btn default\" href=\"https:\/\/www.filtnor.com\/se\/kontakta-oss\/\" title=\"SKICKA F\u00d6RFR\u00c5GAN \u00bb\">SKICKA F\u00d6RFR\u00c5GAN \u00bb<\/a><\/div><!-- .feature-box-btn --><\/div><!-- .feature-box-wrapper --><\/div><\/div><\/div><div class=\"wpb_column vc_column_container vc_col-sm-12 vc_col-lg-6 vc_col-md-6\"><div class=\"vc_column-inner\"><div class=\"wpb_wrapper\">\n\t<div  class=\"wpb_single_image wpb_content_element vc_align_left wpb_content_element\">\n\t\t\n\t\t<figure class=\"wpb_wrapper vc_figure\">\n\t\t\t<div class=\"vc_single_image-wrapper   vc_box_border_grey\"><\/div>\n\t\t<\/figure>\n\t<\/div>\n<\/div><\/div><\/div><\/div><div data-vc-full-width=\"true\" data-vc-full-width-init=\"false\" class=\"vc_row wpb_row vc_row-fluid additional-call-to-action vc_custom_1691588100630 vc_row-has-fill\"><div class=\"wpb_column vc_column_container vc_col-sm-12\"><div class=\"vc_column-inner\"><div class=\"wpb_wrapper\"><div class=\"vc_row wpb_row vc_inner vc_row-fluid\"><div class=\"wpb_column vc_column_container vc_col-sm-12 vc_col-lg-9 vc_col-md-12\"><div class=\"vc_column-inner\"><div class=\"wpb_wrapper\"><div class=\"feature-box-wrapper feature-box-style-1 shortcode-rand-19 induzy-inline-css feature-list-1\" data-css=\"&quot;.shortcode-rand-19.feature-box-wrapper { color: #000000; }.shortcode-rand-19.feature-box-wrapper {background: -moz-linear-gradient(141deg,  0%,  51%,  75%);\\r\\n\\t\\t\\t\\tbackground: -webkit-linear-gradient(141deg,  0%,  51%,  75%);\\r\\n\\t\\t\\t\\tbackground: linear-gradient(141deg,  0%,  51%,  75%);}.shortcode-rand-19 .feature-box-icon { font-size: 30px; }.shortcode-rand-19 .feature-box-icon { height: 60px; width: 60px; }.shortcode-rand-19 .feature-box-icon &gt; span { line-height: 2; }.shortcode-rand-19:hover .feature-box-icon { background: none; }&quot;\" ><div class=\"fbox-list\"><div class=\"media\"><div class=\"feature-box-icon mr-3 text-center rounded-circle none\"><span class=\"\"><\/span><\/div><!-- .feature-box-icon --><div class=\"media-body\"><div class=\"feature-box-title\"><h4 class=\"section-title\">Vill du veta mer?<\/h4><\/div><!-- .feature-box-title --><div class=\"feature-box-content\">Ta kontakt med oss f\u00f6r ett uforpliktande erbjudande!<\/div><!-- .feature-box-content --><\/div><\/div><\/div><\/div><!-- .feature-box-wrapper --><\/div><\/div><\/div><div class=\"wpb_column vc_column_container vc_col-sm-12 vc_col-lg-3 vc_col-md-12\"><div class=\"vc_column-inner vc_custom_1691588352947\"><div class=\"wpb_wrapper\"><div class=\"vc_btn3-container  additional-btn vc_btn3-right vc_custom_1691589162716 vc_do_btn\" ><a style=\"background-color:#06295e; color:#ffffff;\" class=\"vc_general vc_btn3 vc_btn3-size-md vc_btn3-shape-rounded vc_btn3-style-custom\" href=\"https:\/\/www.filtnor.no\/kontakt-oss\/\" title=\"\">Skicka f\u00f6rfr\u00e5gan<\/a><\/div><\/div><\/div><\/div><\/div><\/div><\/div><\/div><\/div><div class=\"vc_row-full-width vc_clearfix\"><\/div>\n<\/div>","protected":false},"excerpt":{"rendered":"Fl\u00e4nsar och specialfl\u00e4nsar. Fl\u00e4nsar \u00e4r viktiga komponenter som anv\u00e4nds f\u00f6r att ansluta r\u00f6r, ventiler, pumpar och annan utrustning i industriella r\u00f6rsystem. Filtnor levererar ett brett utbud av fl\u00e4nsar i olika konstruktioner, tryckklasser, material och standarder \u2013 skr\u00e4ddarsydda f\u00f6r att m\u00f6ta kraven fr\u00e5n b\u00e5de standard och specialiserade applikationer. Vi levererar fl\u00e4nsar i enlighet med stora internationella standarder: \u2013","protected":false},"author":1,"featured_media":0,"parent":3984,"menu_order":0,"comment_status":"closed","ping_status":"closed","template":"","meta":{"om_disable_all_campaigns":false,"footnotes":""},"class_list":["post-4179","page","type-page","status-publish","hentry"],"yoast_head":"<!-- This site is optimized with the Yoast SEO Premium plugin v26.1 (Yoast SEO v27.4) - https:\/\/yoast.com\/product\/yoast-seo-premium-wordpress\/ -->\n<title>Flanges from Filtnor - Filtnor<\/title>\n<meta name=\"description\" content=\"Blind flanges, weldneck Flanges, socket weld flanges, slip on flange, threaded flanges, lap joint Flange and long weldneck flanges.\" \/>\n<meta name=\"robots\" content=\"index, follow, max-snippet:-1, max-image-preview:large, max-video-preview:-1\" \/>\n<link rel=\"canonical\" href=\"https:\/\/www.filtnor.com\/se\/produkter\/vatskehantering\/flansar\/\" \/>\n<meta property=\"og:locale\" content=\"sv_SE\" \/>\n<meta property=\"og:type\" content=\"article\" \/>\n<meta property=\"og:title\" content=\"Flanges from Filtnor\" \/>\n<meta property=\"og:description\" content=\"Blind flanges, weldneck Flanges, socket weld flanges, slip on flange, threaded flanges, lap joint Flange and long weldneck flanges.\" \/>\n<meta property=\"og:url\" content=\"https:\/\/www.filtnor.com\/se\/produkter\/vatskehantering\/flansar\/\" \/>\n<meta property=\"og:site_name\" content=\"Filtnor\" \/>\n<meta property=\"article:modified_time\" content=\"2025-04-11T08:11:00+00:00\" \/>\n<meta name=\"twitter:card\" content=\"summary_large_image\" \/>\n<meta name=\"twitter:label1\" content=\"Ber\u00e4knad l\u00e4stid\" \/>\n\t<meta name=\"twitter:data1\" content=\"2 minuter\" \/>\n<script type=\"application\/ld+json\" class=\"yoast-schema-graph\">{\"@context\":\"https:\\\/\\\/schema.org\",\"@graph\":[{\"@type\":\"WebPage\",\"@id\":\"https:\\\/\\\/www.filtnor.com\\\/products\\\/fluid-handling\\\/flanges\\\/\",\"url\":\"https:\\\/\\\/www.filtnor.com\\\/products\\\/fluid-handling\\\/flanges\\\/\",\"name\":\"Flanges from Filtnor - Filtnor\",\"isPartOf\":{\"@id\":\"https:\\\/\\\/www.filtnor.com\\\/#website\"},\"datePublished\":\"2024-03-13T09:57:39+00:00\",\"dateModified\":\"2025-04-11T08:11:00+00:00\",\"description\":\"Blind flanges, weldneck Flanges, socket weld flanges, slip on flange, threaded flanges, lap joint Flange and long weldneck flanges.\",\"breadcrumb\":{\"@id\":\"https:\\\/\\\/www.filtnor.com\\\/products\\\/fluid-handling\\\/flanges\\\/#breadcrumb\"},\"inLanguage\":\"sv-SE\",\"potentialAction\":[{\"@type\":\"ReadAction\",\"target\":[\"https:\\\/\\\/www.filtnor.com\\\/products\\\/fluid-handling\\\/flanges\\\/\"]}]},{\"@type\":\"BreadcrumbList\",\"@id\":\"https:\\\/\\\/www.filtnor.com\\\/products\\\/fluid-handling\\\/flanges\\\/#breadcrumb\",\"itemListElement\":[{\"@type\":\"ListItem\",\"position\":1,\"name\":\"Home\",\"item\":\"https:\\\/\\\/www.filtnor.com\\\/\"},{\"@type\":\"ListItem\",\"position\":2,\"name\":\"Product groups from Filtnor\",\"item\":\"https:\\\/\\\/www.filtnor.com\\\/products\\\/\"},{\"@type\":\"ListItem\",\"position\":3,\"name\":\"Fluid handling\",\"item\":\"https:\\\/\\\/www.filtnor.com\\\/products\\\/fluid-handling\\\/\"},{\"@type\":\"ListItem\",\"position\":4,\"name\":\"Flanges from Filtnor\"}]},{\"@type\":\"WebSite\",\"@id\":\"https:\\\/\\\/www.filtnor.com\\\/#website\",\"url\":\"https:\\\/\\\/www.filtnor.com\\\/\",\"name\":\"Filtnor\",\"description\":\"Filtration you can trust. Performance that lasts.\",\"potentialAction\":[{\"@type\":\"SearchAction\",\"target\":{\"@type\":\"EntryPoint\",\"urlTemplate\":\"https:\\\/\\\/www.filtnor.com\\\/?s={search_term_string}\"},\"query-input\":{\"@type\":\"PropertyValueSpecification\",\"valueRequired\":true,\"valueName\":\"search_term_string\"}}],\"inLanguage\":\"sv-SE\"}]}<\/script>\n<!-- \/ Yoast SEO Premium plugin. -->","yoast_head_json":{"title":"Fl\u00e4nsar fr\u00e5n Filtnor - Filtnor","description":"Blindfl\u00e4nsar, svetshalsfl\u00e4nsar, muffsvetsfl\u00e4nsar, slip-on fl\u00e4ns, g\u00e4ngade fl\u00e4nsar, \u00f6verlappsfogfl\u00e4ns och l\u00e5nga svetshalsfl\u00e4nsar.","robots":{"index":"index","follow":"follow","max-snippet":"max-snippet:-1","max-image-preview":"max-image-preview:large","max-video-preview":"max-video-preview:-1"},"canonical":"https:\/\/www.filtnor.com\/se\/produkter\/vatskehantering\/flansar\/","og_locale":"sv_SE","og_type":"article","og_title":"Flanges from Filtnor","og_description":"Blind flanges, weldneck Flanges, socket weld flanges, slip on flange, threaded flanges, lap joint Flange and long weldneck flanges.","og_url":"https:\/\/www.filtnor.com\/se\/produkter\/vatskehantering\/flansar\/","og_site_name":"Filtnor","article_modified_time":"2025-04-11T08:11:00+00:00","twitter_card":"summary_large_image","twitter_misc":{"Ber\u00e4knad l\u00e4stid":"2 minuter"},"schema":{"@context":"https:\/\/schema.org","@graph":[{"@type":"WebPage","@id":"https:\/\/www.filtnor.com\/products\/fluid-handling\/flanges\/","url":"https:\/\/www.filtnor.com\/products\/fluid-handling\/flanges\/","name":"Fl\u00e4nsar fr\u00e5n Filtnor - Filtnor","isPartOf":{"@id":"https:\/\/www.filtnor.com\/#website"},"datePublished":"2024-03-13T09:57:39+00:00","dateModified":"2025-04-11T08:11:00+00:00","description":"Blindfl\u00e4nsar, svetshalsfl\u00e4nsar, muffsvetsfl\u00e4nsar, slip-on fl\u00e4ns, g\u00e4ngade fl\u00e4nsar, \u00f6verlappsfogfl\u00e4ns och l\u00e5nga svetshalsfl\u00e4nsar.","breadcrumb":{"@id":"https:\/\/www.filtnor.com\/products\/fluid-handling\/flanges\/#breadcrumb"},"inLanguage":"sv-SE","potentialAction":[{"@type":"ReadAction","target":["https:\/\/www.filtnor.com\/products\/fluid-handling\/flanges\/"]}]},{"@type":"BreadcrumbList","@id":"https:\/\/www.filtnor.com\/products\/fluid-handling\/flanges\/#breadcrumb","itemListElement":[{"@type":"ListItem","position":1,"name":"Home","item":"https:\/\/www.filtnor.com\/"},{"@type":"ListItem","position":2,"name":"Product groups from Filtnor","item":"https:\/\/www.filtnor.com\/products\/"},{"@type":"ListItem","position":3,"name":"Fluid handling","item":"https:\/\/www.filtnor.com\/products\/fluid-handling\/"},{"@type":"ListItem","position":4,"name":"Flanges from Filtnor"}]},{"@type":"WebSite","@id":"https:\/\/www.filtnor.com\/#website","url":"https:\/\/www.filtnor.com\/","name":"Filtnor","description":"Filtrering du kan lita p\u00e5. Prestanda som varar.","potentialAction":[{"@type":"SearchAction","target":{"@type":"EntryPoint","urlTemplate":"https:\/\/www.filtnor.com\/?s={search_term_string}"},"query-input":{"@type":"PropertyValueSpecification","valueRequired":true,"valueName":"search_term_string"}}],"inLanguage":"sv-SE"}]}},"_links":{"self":[{"href":"https:\/\/www.filtnor.com\/se\/wp-json\/wp\/v2\/pages\/4179","targetHints":{"allow":["GET"]}}],"collection":[{"href":"https:\/\/www.filtnor.com\/se\/wp-json\/wp\/v2\/pages"}],"about":[{"href":"https:\/\/www.filtnor.com\/se\/wp-json\/wp\/v2\/types\/page"}],"author":[{"embeddable":true,"href":"https:\/\/www.filtnor.com\/se\/wp-json\/wp\/v2\/users\/1"}],"replies":[{"embeddable":true,"href":"https:\/\/www.filtnor.com\/se\/wp-json\/wp\/v2\/comments?post=4179"}],"version-history":[{"count":6,"href":"https:\/\/www.filtnor.com\/se\/wp-json\/wp\/v2\/pages\/4179\/revisions"}],"predecessor-version":[{"id":5931,"href":"https:\/\/www.filtnor.com\/se\/wp-json\/wp\/v2\/pages\/4179\/revisions\/5931"}],"up":[{"embeddable":true,"href":"https:\/\/www.filtnor.com\/se\/wp-json\/wp\/v2\/pages\/3984"}],"wp:attachment":[{"href":"https:\/\/www.filtnor.com\/se\/wp-json\/wp\/v2\/media?parent=4179"}],"curies":[{"name":"wp","href":"https:\/\/api.w.org\/{rel}","templated":true}]}}