{"id":3786,"date":"2023-10-16T13:41:12","date_gmt":"2023-10-16T11:41:12","guid":{"rendered":"https:\/\/www.filtnor.no\/?page_id=3786"},"modified":"2025-04-23T20:08:14","modified_gmt":"2025-04-23T18:08:14","slug":"roxia-filterdukar","status":"publish","type":"page","link":"https:\/\/www.filtnor.com\/se\/roxia-filterdukar\/","title":{"rendered":"Roxia filterdukar"},"content":{"rendered":"<div class=\"wpb-content-wrapper\"><div class=\"vc_row wpb_row vc_row-fluid vc_custom_1691587735553\"><div class=\"wpb_column vc_column_container vc_col-sm-12 vc_col-lg-6 vc_col-md-6\"><div class=\"vc_column-inner\"><div class=\"wpb_wrapper\"><div class=\"section-title-wrapper shortcode-rand-2 induzy-inline-css\" data-css=\"&quot;.shortcode-rand-2 .title-separator.separator-border { background-color: ; }.shortcode-rand-2 .section-title { text-transform: none; }&quot;\"><div class=\"title-wrap\"><h2 class=\"section-title\">Levereras av Filtnor - <span class=\"title-suffix theme-color\">Din betrodda filtreringspartner<\/span><\/h2><span class=\"title-separator separator-border theme-color-bg\"><\/span><\/div><!-- .title-wrap --><div class=\"section-description\">Filtnor \u00e4r stolta \u00f6ver att leverera Roxia filterdukar, designade f\u00f6r h\u00f6gpresterande avvattning och en m\u00e4ngd olika industriella filtreringsapplikationer. Roxia-dukarna \u00e4r utvecklade med den senaste textiltekniken och erbjuder branschledande kvalitet, h\u00e5llbarhet och konsistens, vilket s\u00e4tter en ny standard f\u00f6r filtermedias prestanda.<\/div><!-- .section-description --><\/div><!-- .section-title-wrapper --><div class=\"feature-box-wrapper feature-box-style-1 vc_custom_1745431511884 shortcode-rand-3 induzy-inline-css\" data-css=\"&quot;.shortcode-rand-3.feature-box-wrapper {background: -moz-linear-gradient(141deg,  0%,  51%,  75%);\\r\\n\\t\\t\\t\\tbackground: -webkit-linear-gradient(141deg,  0%,  51%,  75%);\\r\\n\\t\\t\\t\\tbackground: linear-gradient(141deg,  0%,  51%,  75%);}.shortcode-rand-3 .feature-box-icon { font-size: 24px; }.shortcode-rand-3 .feature-box-icon { height: 48px; width: 48px; }.shortcode-rand-3 .feature-box-icon &gt; span { line-height: 2; }.shortcode-rand-3:hover .feature-box-icon { background: none; }&quot;\" ><div class=\"feature-box-btn\"><a class=\"btn default\" href=\"https:\/\/www.filtnor.com\/se\/kontakta-oss\/\" title=\"SKICKA F\u00d6RFR\u00c5GAN \u00bb\">SKICKA F\u00d6RFR\u00c5GAN \u00bb<\/a><\/div><!-- .feature-box-btn --><\/div><!-- .feature-box-wrapper --><\/div><\/div><\/div><div class=\"wpb_column vc_column_container vc_col-sm-12 vc_col-lg-6 vc_col-md-6\"><div class=\"vc_column-inner\"><div class=\"wpb_wrapper\">\n\t<div  class=\"wpb_single_image wpb_content_element vc_align_left wpb_content_element\">\n\t\t\n\t\t<figure class=\"wpb_wrapper vc_figure\">\n\t\t\t<div class=\"vc_single_image-wrapper   vc_box_border_grey\"><img loading=\"lazy\" decoding=\"async\" width=\"813\" height=\"460\" src=\"https:\/\/www.filtnor.com\/wp-content\/uploads\/2023\/10\/sider_filterduker-01.png\" class=\"vc_single_image-img attachment-full\" alt=\"Filterdukt\u00f6r f\u00f6r pressfilter\" title=\"sider_filterduker-01\" srcset=\"https:\/\/www.filtnor.com\/wp-content\/uploads\/2023\/10\/sider_filterduker-01.png 813w, https:\/\/www.filtnor.com\/wp-content\/uploads\/2023\/10\/sider_filterduker-01-600x339.png 600w, https:\/\/www.filtnor.com\/wp-content\/uploads\/2023\/10\/sider_filterduker-01-768x435.png 768w\" sizes=\"auto, (max-width: 813px) 100vw, 813px\" \/><\/div>\n\t\t<\/figure>\n\t<\/div>\n<\/div><\/div><\/div><\/div><div class=\"vc_row wpb_row vc_row-fluid vc_custom_1691588774257\"><div class=\"wpb_column vc_column_container vc_col-sm-6\"><div class=\"vc_column-inner\"><div class=\"wpb_wrapper\"><div class=\"section-title-wrapper shortcode-rand-5 induzy-inline-css\" data-css=\"&quot;.shortcode-rand-5 .title-separator.separator-border { background-color: ; }.shortcode-rand-5 .section-title { text-transform: none; }&quot;\"><div class=\"title-wrap\"><h4 class=\"section-title\">Marknadsledande kompetens<\/h4><span class=\"title-separator separator-border theme-color-bg\"><\/span><\/div><!-- .title-wrap --><div class=\"section-description\"><\/p>\n<h4>Filterdukar f\u00f6r filterpressar \u2013 betrodda av branschledare<\/h4>\n<h5>O\u00f6vertr\u00e4ffad expertis och teknisk excellens<\/h5>\n<p>Roxias filterdukar \u00e4r resultatet av m\u00e5nga \u00e5rs utveckling av n\u00e5gra av de mest erfarna yrkesverksamma inom filtreringsbranschen. Med hj\u00e4lp av den senaste v\u00e4vtekniken och material levererar Roxia dukar som erbjuder... <strong>en niv\u00e5 av kvalitet och effektivitet som tidigare varit ouppn\u00e5elig<\/strong> i filtreringssystem.<\/p>\n<p>Med en bred portf\u00f6lj av standarddesigner och m\u00f6jligheten att skr\u00e4ddarsy l\u00f6sningar efter individuella behov s\u00e4kerst\u00e4ller Roxia snabb leverans av filterdukar som <strong>utf\u00f6ra exakt som din process kr\u00e4ver<\/strong>Filterduken \u00e4r hj\u00e4rtat i alla avvattningssystem och en kritisk komponent \u2013 och att v\u00e4lja r\u00e4tt filterduk \u00e4r avg\u00f6rande f\u00f6r att optimera filtreringseffektiviteten.<\/p>\n<h4>Konstruerade s\u00f6mmar f\u00f6r \u00f6kad livsl\u00e4ngd<\/h4>\n<p>Roxia erbjuder ett utbud av avancerade s\u00f6mdesigner f\u00f6r att passa olika processf\u00f6rh\u00e5llanden. Varje s\u00f6m \u00e4r f\u00f6rst\u00e4rkt f\u00f6r att <strong>\u00f6verleva sj\u00e4lva tyget<\/strong>, vilket s\u00e4kerst\u00e4ller att skarvbrott inte orsakar driftstopp eller avbrott i underh\u00e5llet.<\/p>\n<h5>Kantf\u00f6rst\u00e4rkningar \u2013 Standard- och extremt kr\u00e4vande alternativ<\/h5>\n<p>V\u00e5ra standarddukar har slitstarka kantf\u00f6rst\u00e4rkningar som \u00e4r mer \u00e4n tillr\u00e4ckliga f\u00f6r de allra flesta anv\u00e4ndningsomr\u00e5den. Men f\u00f6r extrema till\u00e4mpningar \u2013 d\u00e4r filterdukar kan komma i kontakt med h\u00e5rda ytor eller mekaniska komponenter \u2013 erbjuder vi \u00e4ven <strong>extra kraftiga kantf\u00f6rst\u00e4rkningar<\/strong> f\u00f6r extra skydd och l\u00e5ng livsl\u00e4ngd.<\/p>\n<h5>Viktiga f\u00f6rdelar med Roxia filterdukar<\/h5>\n<p>\u2013 <strong>Minskad igens\u00e4ttning<\/strong>, vilket leder till l\u00e4ngre livsl\u00e4ngd p\u00e5 tyget och mer konsekvent prestanda<\/p>\n<p>\u2013 <strong>Enkel frig\u00f6ring av filterkaka<\/strong>, f\u00f6rb\u00e4ttrar cykeltider och produktivitet<\/p>\n<p>\u2013 <strong>Maximal mekanisk h\u00e5llfasthet<\/strong>, \u00e4ven under kr\u00e4vande processf\u00f6rh\u00e5llanden<\/p>\n<p>\u2013 <strong>F\u00f6rst\u00e4rkta kanter och s\u00f6mmar<\/strong> f\u00f6r att f\u00f6rhindra slitage och f\u00f6rl\u00e4nga tygets livsl\u00e4ngd<\/p>\n<p>\u2013 <strong>Snabb leverans fr\u00e5n nordiskt lager<\/strong>, vilket s\u00e4kerst\u00e4ller minimala ledtider<\/p>\n<p>\u2013 <strong>Expertv\u00e4gledning<\/strong>, vilket s\u00e4kerst\u00e4ller att du f\u00e5r r\u00e4tt trasa f\u00f6r dina specifika filtreringsbehov<\/p>\n<p><\/div><!-- .section-description --><\/div><!-- .section-title-wrapper --><\/div><\/div><\/div><div class=\"wpb_column vc_column_container vc_col-sm-6\"><div class=\"vc_column-inner\"><div class=\"wpb_wrapper\"><div class=\"section-title-wrapper margin-bottom-30 shortcode-rand-6 induzy-inline-css\" data-css=\"&quot;.shortcode-rand-6 .title-separator.separator-border { background-color: ; }.shortcode-rand-6 .section-title { text-transform: none; }&quot;\"><div class=\"title-wrap\"><h4 class=\"section-title\">Viktiga f\u00f6rdelar <span class=\"title-suffix theme-color\">av Roxia filterdukar<\/span><\/h4><span class=\"title-separator separator-border theme-color-bg\"><\/span><\/div><!-- .title-wrap --><div class=\"section-description\"><\/div><!-- .section-description --><\/div><!-- .section-title-wrapper --><div class=\"list-item-wrapper\" data-css=\"&quot;&quot;\"><div class=\"list-item-inner\" data-css=\"&quot;&quot;\"><div class=\"list-item-title media\"><span class=\"mr-3 icon-light fa fa-solid fa-check\"><\/span><div class=\"media-body align-self-center list-item-desc\">Minskad igens\u00e4ttning, vilket leder till l\u00e4ngre livsl\u00e4ngd p\u00e5 tyget och mer konsekvent prestanda<\/div><\/div><!-- .list-item-title --><\/div><!-- .list-item-inner --><div class=\"list-item-inner\" data-css=\"&quot;&quot;\"><div class=\"list-item-title media\"><span class=\"mr-3 icon-light fa fa-solid fa-check\"><\/span><div class=\"media-body align-self-center list-item-desc\">Enkel frig\u00f6ring av filterkaka, vilket f\u00f6rb\u00e4ttrar cykeltider och produktivitet<\/div><\/div><!-- .list-item-title --><\/div><!-- .list-item-inner --><div class=\"list-item-inner\" data-css=\"&quot;&quot;\"><div class=\"list-item-title media\"><span class=\"mr-3 icon-light fa fa-solid fa-check\"><\/span><div class=\"media-body align-self-center list-item-desc\">Maximal mekanisk h\u00e5llfasthet, \u00e4ven under kr\u00e4vande processf\u00f6rh\u00e5llanden<\/div><\/div><!-- .list-item-title --><\/div><!-- .list-item-inner --><div class=\"list-item-inner\" data-css=\"&quot;&quot;\"><div class=\"list-item-title media\"><span class=\"mr-3 icon-light fa fa-solid fa-check\"><\/span><div class=\"media-body align-self-center list-item-desc\">F\u00f6rst\u00e4rkta kanter och s\u00f6mmar f\u00f6r att f\u00f6rhindra slitage och f\u00f6rl\u00e4nga tygets livsl\u00e4ngd<\/div><\/div><!-- .list-item-title --><\/div><!-- .list-item-inner --><div class=\"list-item-inner\" data-css=\"&quot;&quot;\"><div class=\"list-item-title media\"><span class=\"mr-3 icon-light fa fa-solid fa-check\"><\/span><div class=\"media-body align-self-center list-item-desc\">Snabb leverans fr\u00e5n nordiskt lager, vilket garanterar minimala ledtider<\/div><\/div><!-- .list-item-title --><\/div><!-- .list-item-inner --><div class=\"list-item-inner\" data-css=\"&quot;&quot;\"><div class=\"list-item-title media\"><span class=\"mr-3 icon-light fa fa-solid fa-check\"><\/span><div class=\"media-body align-self-center list-item-desc\">Expertv\u00e4gledning, som s\u00e4kerst\u00e4ller att du f\u00e5r r\u00e4tt trasa f\u00f6r dina specifika filtreringsbehov<\/div><\/div><!-- .list-item-title --><\/div><!-- .list-item-inner --><\/div><!-- .list-item-wrapper --><div class=\"vc_separator wpb_content_element vc_separator_align_center vc_sep_width_100 vc_sep_pos_align_center vc_separator_no_text vc_sep_color_grey wpb_content_element  wpb_content_element\" ><span class=\"vc_sep_holder vc_sep_holder_l\"><span class=\"vc_sep_line\"><\/span><\/span><span class=\"vc_sep_holder vc_sep_holder_r\"><span class=\"vc_sep_line\"><\/span><\/span>\n<\/div><div class=\"section-title-wrapper margin-bottom-30 shortcode-rand-14 induzy-inline-css\" data-css=\"&quot;.shortcode-rand-14 .title-separator.separator-border { background-color: ; }.shortcode-rand-14 .section-title { text-transform: none; }&quot;\"><div class=\"title-wrap\"><h4 class=\"section-title\">Professionellt st\u00f6d \u2013 <span class=\"title-suffix theme-color\">Skr\u00e4ddarsydda l\u00f6sningar som ger resultat<\/span><\/h4><span class=\"title-separator separator-border theme-color-bg\"><\/span><\/div><!-- .title-wrap --><div class=\"section-description\">P\u00e5 Filtnor arbetar v\u00e5ra filtreringsexperter n\u00e4ra dig f\u00f6r att s\u00e4kerst\u00e4lla att du f\u00e5r en filterduk som \u00e4r exakt anpassad till dina driftskrav. Roxia-dukar \u00e4r konstruerade f\u00f6r att leverera <strong>maximal livsl\u00e4ngd, mekanisk prestanda och optimal filtrat- och kakkvalitet<\/strong>.<\/p>\n<p>Lita p\u00e5 Roxia filterdukar fr\u00e5n Filtnor \u2013 d\u00e4r teknik i v\u00e4rldsklass m\u00f6ter nordisk tillf\u00f6rlitlighet.<\/div><!-- .section-description --><\/div><!-- .section-title-wrapper --><\/div><\/div><\/div><\/div><div class=\"vc_row wpb_row vc_row-fluid vc_custom_1691587893368\"><div class=\"wpb_column vc_column_container vc_col-sm-12\"><div class=\"vc_column-inner\"><div class=\"wpb_wrapper\"><div class=\"vc_separator wpb_content_element vc_separator_align_center vc_sep_width_100 vc_sep_dashed vc_sep_pos_align_center vc_separator_no_text wpb_content_element  wpb_content_element\" ><span class=\"vc_sep_holder vc_sep_holder_l\"><span class=\"vc_sep_line\"><\/span><\/span><span class=\"vc_sep_holder vc_sep_holder_r\"><span class=\"vc_sep_line\"><\/span><\/span>\n<\/div><\/div><\/div><\/div><\/div><div class=\"vc_row wpb_row vc_row-fluid vc_custom_1691586856885\"><div class=\"wpb_column vc_column_container vc_col-sm-12\"><div class=\"vc_column-inner\"><div class=\"wpb_wrapper\"><div class=\"section-title-wrapper shortcode-rand-17 induzy-inline-css\" data-css=\"&quot;.shortcode-rand-17 .title-separator.separator-border { background-color: ; }.shortcode-rand-17 .section-title { text-transform: none; }&quot;\"><div class=\"title-wrap\"><h4 class=\"section-title\">Specifikationer<\/h4><span class=\"title-separator separator-border theme-color-bg\"><\/span><\/div><!-- .title-wrap --><div class=\"section-description\"><\/div><!-- .section-description --><\/div><!-- .section-title-wrapper --><\/div><\/div><\/div><\/div><div class=\"vc_row wpb_row vc_row-fluid vc_custom_1691588983670\"><div class=\"wpb_column vc_column_container vc_col-sm-12\"><div class=\"vc_column-inner\"><div class=\"wpb_wrapper\"><div class=\"vc_tta-container\" data-vc-action=\"collapse\"><div class=\"vc_general vc_tta vc_tta-accordion vc_tta-color-grey vc_tta-style-modern vc_tta-shape-rounded vc_tta-o-shape-group vc_tta-controls-align-default vc_tta-o-no-fill\"><div class=\"vc_tta-panels-container\"><div class=\"vc_tta-panels\"><div class=\"vc_tta-panel vc_active\" id=\"1691585548344-5710b2c2-8100\" data-vc-content=\".vc_tta-panel-body\"><div class=\"vc_tta-panel-heading\"><h4 class=\"vc_tta-panel-title vc_tta-controls-icon-position-left\"><a href=\"#1691585548344-5710b2c2-8100\" data-vc-accordion data-vc-container=\".vc_tta-container\"><span class=\"vc_tta-title-text\">\u00d6versikt<\/span><i class=\"vc_tta-controls-icon vc_tta-controls-icon-plus\"><\/i><\/a><\/h4><\/div><div class=\"vc_tta-panel-body\">\n\t<div class=\"wpb_text_column wpb_content_element\" >\n\t\t<div class=\"wpb_wrapper\">\n\t\t\t<p>Filterduker med den senaste textilteknologin och lager i Norden.<\/p>\n\n\t\t<\/div>\n\t<\/div>\n<\/div><\/div><div class=\"vc_tta-panel\" id=\"1691585717860-a7b1e109-961c\" data-vc-content=\".vc_tta-panel-body\"><div class=\"vc_tta-panel-heading\"><h4 class=\"vc_tta-panel-title vc_tta-controls-icon-position-left\"><a href=\"#1691585717860-a7b1e109-961c\" data-vc-accordion data-vc-container=\".vc_tta-container\"><span class=\"vc_tta-title-text\">Funktioner<\/span><i class=\"vc_tta-controls-icon vc_tta-controls-icon-plus\"><\/i><\/a><\/h4><\/div><div class=\"vc_tta-panel-body\">\n\t<div class=\"wpb_text_column wpb_content_element\" >\n\t\t<div class=\"wpb_wrapper\">\n\t\t\t<p>luftpermeabilitet fr\u00e5n 0,25 till 25 m3 per m2\/minutt.<\/p>\n\n\t\t<\/div>\n\t<\/div>\n<\/div><\/div><div class=\"vc_tta-panel\" id=\"1691585730451-3178ca79-39b4\" data-vc-content=\".vc_tta-panel-body\"><div class=\"vc_tta-panel-heading\"><h4 class=\"vc_tta-panel-title vc_tta-controls-icon-position-left\"><a href=\"#1691585730451-3178ca79-39b4\" data-vc-accordion data-vc-container=\".vc_tta-container\"><span class=\"vc_tta-title-text\">Tillbeh\u00f6r<\/span><i class=\"vc_tta-controls-icon vc_tta-controls-icon-plus\"><\/i><\/a><\/h4><\/div><div class=\"vc_tta-panel-body\">\n\t<div class=\"wpb_text_column wpb_content_element\" >\n\t\t<div class=\"wpb_wrapper\">\n\t\t\t<p>S\u00f8m-adapter och lappesett f\u00f6r reparation av skrov i duken.<\/p>\n\n\t\t<\/div>\n\t<\/div>\n<\/div><\/div><div class=\"vc_tta-panel\" id=\"1691585731353-84e22eed-9b98\" data-vc-content=\".vc_tta-panel-body\"><div class=\"vc_tta-panel-heading\"><h4 class=\"vc_tta-panel-title vc_tta-controls-icon-position-left\"><a href=\"#1691585731353-84e22eed-9b98\" data-vc-accordion data-vc-container=\".vc_tta-container\"><span class=\"vc_tta-title-text\">Milj\u00f6parametrar<\/span><i class=\"vc_tta-controls-icon vc_tta-controls-icon-plus\"><\/i><\/a><\/h4><\/div><div class=\"vc_tta-panel-body\">\n\t<div class=\"wpb_text_column wpb_content_element\" >\n\t\t<div class=\"wpb_wrapper\">\n\t\t\t<p>Redusert vatten- och energif\u00f6rbrukning pga. lettere frislipp av filterkaken samt mindre tetting av duken.<\/p>\n\n\t\t<\/div>\n\t<\/div>\n<\/div><\/div><div class=\"vc_tta-panel\" id=\"1691587300686-a6fbef20-4a50\" data-vc-content=\".vc_tta-panel-body\"><div class=\"vc_tta-panel-heading\"><h4 class=\"vc_tta-panel-title vc_tta-controls-icon-position-left\"><a href=\"#1691587300686-a6fbef20-4a50\" data-vc-accordion data-vc-container=\".vc_tta-container\"><span class=\"vc_tta-title-text\">Tjenester<\/span><i class=\"vc_tta-controls-icon vc_tta-controls-icon-plus\"><\/i><\/a><\/h4><\/div><div class=\"vc_tta-panel-body\">\n\t<div class=\"wpb_text_column wpb_content_element\" >\n\t\t<div class=\"wpb_wrapper\">\n\t\t\t<p>Skifta av filterduk:<br \/>\nVi har serviceteknikere som kan komma till det och utf\u00f6ra ett skift av filterduk.<\/p>\n<p>Filtratester:<br \/>\nVi kan f\u00f6rhandsteste filtratkvalitet i Roxias labratorium i Finland eller med mobilt testutrustning p\u00e5 plats.<\/p>\n\n\t\t<\/div>\n\t<\/div>\n<\/div><\/div><\/div><\/div><\/div><\/div><\/div><\/div><\/div><\/div><div data-vc-full-width=\"true\" data-vc-full-width-init=\"false\" class=\"vc_row wpb_row vc_row-fluid additional-call-to-action vc_custom_1691588100630 vc_row-has-fill\"><div class=\"wpb_column vc_column_container vc_col-sm-12\"><div class=\"vc_column-inner\"><div class=\"wpb_wrapper\"><div class=\"vc_row wpb_row vc_inner vc_row-fluid\"><div class=\"wpb_column vc_column_container vc_col-sm-12 vc_col-lg-9 vc_col-md-12\"><div class=\"vc_column-inner\"><div class=\"wpb_wrapper\"><div class=\"feature-box-wrapper feature-box-style-1 shortcode-rand-20 induzy-inline-css feature-list-1\" data-css=\"&quot;.shortcode-rand-20.feature-box-wrapper { color: #000000; }.shortcode-rand-20.feature-box-wrapper {background: -moz-linear-gradient(141deg,  0%,  51%,  75%);\\r\\n\\t\\t\\t\\tbackground: -webkit-linear-gradient(141deg,  0%,  51%,  75%);\\r\\n\\t\\t\\t\\tbackground: linear-gradient(141deg,  0%,  51%,  75%);}.shortcode-rand-20 .feature-box-icon { font-size: 30px; }.shortcode-rand-20 .feature-box-icon { height: 60px; width: 60px; }.shortcode-rand-20 .feature-box-icon &gt; span { line-height: 2; }.shortcode-rand-20:hover .feature-box-icon { background: none; }&quot;\" ><div class=\"fbox-list\"><div class=\"media\"><div class=\"feature-box-icon mr-3 text-center rounded-circle none\"><span class=\"\"><\/span><\/div><!-- .feature-box-icon --><div class=\"media-body\"><div class=\"feature-box-title\"><h4 class=\"section-title\">Hittar du inte det du s\u00f6ker efter?<\/h4><\/div><!-- .feature-box-title --><div class=\"feature-box-content\">Kontakta oss s\u00e5 hj\u00e4lper vi dig att hitta ut!<\/div><!-- .feature-box-content --><\/div><\/div><\/div><\/div><!-- .feature-box-wrapper --><\/div><\/div><\/div><div class=\"wpb_column vc_column_container vc_col-sm-12 vc_col-lg-3 vc_col-md-12\"><div class=\"vc_column-inner vc_custom_1691588352947\"><div class=\"wpb_wrapper\"><div class=\"vc_btn3-container  additional-btn vc_btn3-right vc_custom_1745431689699 vc_do_btn\" ><a style=\"background-color:#06295e; color:#ffffff;\" class=\"vc_general vc_btn3 vc_btn3-size-md vc_btn3-shape-rounded vc_btn3-style-custom\" href=\"https:\/\/www.filtnor.com\/se\/kontakta-oss\/\" title=\"Material\">SKICKA F\u00d6RFR\u00c5GAN \u00bb<\/a><\/div><\/div><\/div><\/div><\/div><\/div><\/div><\/div><\/div><div class=\"vc_row-full-width vc_clearfix\"><\/div>\n<\/div>","protected":false},"excerpt":{"rendered":"Levereras av Filtnor - Din betrodda filtreringspartner. Filtnor levererar stolt Roxia filterdukar, designade f\u00f6r h\u00f6gpresterande avvattning och en m\u00e4ngd olika industriella filtreringsapplikationer. Roxia-dukar \u00e4r utvecklade med den senaste textiltekniken och erbjuder branschledande kvalitet, h\u00e5llbarhet och konsistens, vilket s\u00e4tter en ny standard f\u00f6r filtermedias prestanda. SKICKA F\u00d6RFR\u00c5GAN \u00bb Marknadsledande kompetens Filterdukar f\u00f6r filter","protected":false},"author":1,"featured_media":0,"parent":0,"menu_order":0,"comment_status":"closed","ping_status":"closed","template":"","meta":{"om_disable_all_campaigns":false,"footnotes":""},"class_list":["post-3786","page","type-page","status-publish","hentry"],"yoast_head":"<!-- This site is optimized with the Yoast SEO Premium plugin v26.1 (Yoast SEO v27.5) - https:\/\/yoast.com\/product\/yoast-seo-premium-wordpress\/ -->\n<title>Roxia Filter Cloths - Filtnor<\/title>\n<meta name=\"description\" content=\"Filtnor leverer filterduker til pressfilter. Pressfilterduker med h\u00f8y h\u00f8y kvalitet. Kort leveringstid p\u00e5 filterpresseduker til filterpresser.\" \/>\n<meta name=\"robots\" content=\"index, follow, max-snippet:-1, max-image-preview:large, max-video-preview:-1\" \/>\n<link rel=\"canonical\" href=\"https:\/\/www.filtnor.com\/se\/roxia-filterdukar\/\" \/>\n<meta property=\"og:locale\" content=\"sv_SE\" \/>\n<meta property=\"og:type\" content=\"article\" \/>\n<meta property=\"og:title\" content=\"Roxia Filter Cloths\" \/>\n<meta property=\"og:description\" content=\"Filtnor leverer filterduker til pressfilter. Pressfilterduker med h\u00f8y h\u00f8y kvalitet. Kort leveringstid p\u00e5 filterpresseduker til filterpresser.\" \/>\n<meta property=\"og:url\" content=\"https:\/\/www.filtnor.com\/se\/roxia-filterdukar\/\" \/>\n<meta property=\"og:site_name\" content=\"Filtnor\" \/>\n<meta property=\"article:modified_time\" content=\"2025-04-23T18:08:14+00:00\" \/>\n<meta name=\"twitter:card\" content=\"summary_large_image\" \/>\n<meta name=\"twitter:label1\" content=\"Ber\u00e4knad l\u00e4stid\" \/>\n\t<meta name=\"twitter:data1\" content=\"3 minuter\" \/>\n<script type=\"application\/ld+json\" class=\"yoast-schema-graph\">{\"@context\":\"https:\\\/\\\/schema.org\",\"@graph\":[{\"@type\":\"WebPage\",\"@id\":\"https:\\\/\\\/www.filtnor.com\\\/roxia-filter-cloths\\\/\",\"url\":\"https:\\\/\\\/www.filtnor.com\\\/roxia-filter-cloths\\\/\",\"name\":\"Roxia Filter Cloths - Filtnor\",\"isPartOf\":{\"@id\":\"https:\\\/\\\/www.filtnor.com\\\/#website\"},\"datePublished\":\"2023-10-16T11:41:12+00:00\",\"dateModified\":\"2025-04-23T18:08:14+00:00\",\"description\":\"Filtnor leverer filterduker til pressfilter. Pressfilterduker med h\u00f8y h\u00f8y kvalitet. Kort leveringstid p\u00e5 filterpresseduker til filterpresser.\",\"breadcrumb\":{\"@id\":\"https:\\\/\\\/www.filtnor.com\\\/roxia-filter-cloths\\\/#breadcrumb\"},\"inLanguage\":\"sv-SE\",\"potentialAction\":[{\"@type\":\"ReadAction\",\"target\":[\"https:\\\/\\\/www.filtnor.com\\\/roxia-filter-cloths\\\/\"]}]},{\"@type\":\"BreadcrumbList\",\"@id\":\"https:\\\/\\\/www.filtnor.com\\\/roxia-filter-cloths\\\/#breadcrumb\",\"itemListElement\":[{\"@type\":\"ListItem\",\"position\":1,\"name\":\"Home\",\"item\":\"https:\\\/\\\/www.filtnor.com\\\/\"},{\"@type\":\"ListItem\",\"position\":2,\"name\":\"Roxia Filter Cloths\"}]},{\"@type\":\"WebSite\",\"@id\":\"https:\\\/\\\/www.filtnor.com\\\/#website\",\"url\":\"https:\\\/\\\/www.filtnor.com\\\/\",\"name\":\"Filtnor\",\"description\":\"Filtration you can trust. Performance that lasts.\",\"potentialAction\":[{\"@type\":\"SearchAction\",\"target\":{\"@type\":\"EntryPoint\",\"urlTemplate\":\"https:\\\/\\\/www.filtnor.com\\\/?s={search_term_string}\"},\"query-input\":{\"@type\":\"PropertyValueSpecification\",\"valueRequired\":true,\"valueName\":\"search_term_string\"}}],\"inLanguage\":\"sv-SE\"}]}<\/script>\n<!-- \/ Yoast SEO Premium plugin. -->","yoast_head_json":{"title":"Roxia Filterdukar - Filtnor","description":"Filt eller leverer filterduker till pressfilter. Pressfilterduker med h\u00f6g h\u00f6g kvalitet. Kort leveranstid p\u00e5 filterpresseduker till filterpresser.","robots":{"index":"index","follow":"follow","max-snippet":"max-snippet:-1","max-image-preview":"max-image-preview:large","max-video-preview":"max-video-preview:-1"},"canonical":"https:\/\/www.filtnor.com\/se\/roxia-filterdukar\/","og_locale":"sv_SE","og_type":"article","og_title":"Roxia Filter Cloths","og_description":"Filtnor leverer filterduker til pressfilter. Pressfilterduker med h\u00f8y h\u00f8y kvalitet. Kort leveringstid p\u00e5 filterpresseduker til filterpresser.","og_url":"https:\/\/www.filtnor.com\/se\/roxia-filterdukar\/","og_site_name":"Filtnor","article_modified_time":"2025-04-23T18:08:14+00:00","twitter_card":"summary_large_image","twitter_misc":{"Ber\u00e4knad l\u00e4stid":"3 minuter"},"schema":{"@context":"https:\/\/schema.org","@graph":[{"@type":"WebPage","@id":"https:\/\/www.filtnor.com\/roxia-filter-cloths\/","url":"https:\/\/www.filtnor.com\/roxia-filter-cloths\/","name":"Roxia Filterdukar - Filtnor","isPartOf":{"@id":"https:\/\/www.filtnor.com\/#website"},"datePublished":"2023-10-16T11:41:12+00:00","dateModified":"2025-04-23T18:08:14+00:00","description":"Filt eller leverer filterduker till pressfilter. Pressfilterduker med h\u00f6g h\u00f6g kvalitet. Kort leveranstid p\u00e5 filterpresseduker till filterpresser.","breadcrumb":{"@id":"https:\/\/www.filtnor.com\/roxia-filter-cloths\/#breadcrumb"},"inLanguage":"sv-SE","potentialAction":[{"@type":"ReadAction","target":["https:\/\/www.filtnor.com\/roxia-filter-cloths\/"]}]},{"@type":"BreadcrumbList","@id":"https:\/\/www.filtnor.com\/roxia-filter-cloths\/#breadcrumb","itemListElement":[{"@type":"ListItem","position":1,"name":"Home","item":"https:\/\/www.filtnor.com\/"},{"@type":"ListItem","position":2,"name":"Roxia Filter Cloths"}]},{"@type":"WebSite","@id":"https:\/\/www.filtnor.com\/#website","url":"https:\/\/www.filtnor.com\/","name":"Filtnor","description":"Filtrering du kan lita p\u00e5. Prestanda som varar.","potentialAction":[{"@type":"SearchAction","target":{"@type":"EntryPoint","urlTemplate":"https:\/\/www.filtnor.com\/?s={search_term_string}"},"query-input":{"@type":"PropertyValueSpecification","valueRequired":true,"valueName":"search_term_string"}}],"inLanguage":"sv-SE"}]}},"_links":{"self":[{"href":"https:\/\/www.filtnor.com\/se\/wp-json\/wp\/v2\/pages\/3786","targetHints":{"allow":["GET"]}}],"collection":[{"href":"https:\/\/www.filtnor.com\/se\/wp-json\/wp\/v2\/pages"}],"about":[{"href":"https:\/\/www.filtnor.com\/se\/wp-json\/wp\/v2\/types\/page"}],"author":[{"embeddable":true,"href":"https:\/\/www.filtnor.com\/se\/wp-json\/wp\/v2\/users\/1"}],"replies":[{"embeddable":true,"href":"https:\/\/www.filtnor.com\/se\/wp-json\/wp\/v2\/comments?post=3786"}],"version-history":[{"count":5,"href":"https:\/\/www.filtnor.com\/se\/wp-json\/wp\/v2\/pages\/3786\/revisions"}],"predecessor-version":[{"id":6015,"href":"https:\/\/www.filtnor.com\/se\/wp-json\/wp\/v2\/pages\/3786\/revisions\/6015"}],"wp:attachment":[{"href":"https:\/\/www.filtnor.com\/se\/wp-json\/wp\/v2\/media?parent=3786"}],"curies":[{"name":"wp","href":"https:\/\/api.w.org\/{rel}","templated":true}]}}