{"id":3768,"date":"2023-10-08T00:23:08","date_gmt":"2023-10-07T22:23:08","guid":{"rendered":"https:\/\/www.filtnor.no\/?page_id=3768"},"modified":"2025-09-02T21:31:56","modified_gmt":"2025-09-02T19:31:56","slug":"tryckfilter-for-oljebryggning","status":"publish","type":"page","link":"https:\/\/www.filtnor.com\/se\/anvandningsomraden-for-tryckfilter\/tryckfilter-for-oljebryggning\/","title":{"rendered":"Filter f\u00f6r \u00f6lbryggning"},"content":{"rendered":"<div class=\"wpb-content-wrapper\"><div class=\"vc_row wpb_row vc_row-fluid vc_custom_1691587735553\"><div class=\"wpb_column vc_column_container vc_col-sm-12 vc_col-lg-6 vc_col-md-6\"><div class=\"vc_column-inner\"><div class=\"wpb_wrapper\"><div class=\"section-title-wrapper shortcode-rand-2 induzy-inline-css\" data-css=\"&quot;.shortcode-rand-2 .title-separator.separator-border { background-color: ; }.shortcode-rand-2 .section-title { text-transform: none; }&quot;\"><div class=\"title-wrap\"><h2 class=\"section-title\">Filtrering vid \u00f6lbryggning<\/h2><span class=\"title-separator separator-border theme-color-bg\"><\/span><\/div><!-- .title-wrap --><div class=\"section-description\"><\/p>\n<p data-start=\"192\" data-end=\"410\">Klar, h\u00f6gkvalitativ \u00f6l b\u00f6rjar med effektiv filtrering. Under bryggningsprocessen \u00e4r det viktigt att avl\u00e4gsna j\u00e4st, proteiner och andra fina partiklar f\u00f6r att uppn\u00e5 \u00f6nskad klarhet, stabilitet och smakprofil.<\/p>\n<p data-start=\"412\" data-end=\"676\">P\u00e5 Filtnor har vi l\u00e5ng erfarenhet av <strong data-start=\"458\" data-end=\"496\">filterpressar f\u00f6r \u00f6lproduktion<\/strong>, vilket s\u00e4kerst\u00e4ller b\u00e4sta m\u00f6jliga klarhet i \u00f6let. V\u00e5ra l\u00f6sningar \u00e4r specifikt anpassade f\u00f6r bryggerier och helt livsmedelsgodk\u00e4nda, vilket g\u00f6r dem idealiska f\u00f6r bryggeriindustrin.<\/p>\n<p><\/div><!-- .section-description --><\/div><!-- .section-title-wrapper --><div class=\"feature-box-wrapper feature-box-style-1 vc_custom_1691588732498 shortcode-rand-3 induzy-inline-css\" data-css=\"&quot;.shortcode-rand-3.feature-box-wrapper {background: -moz-linear-gradient(141deg,  0%,  51%,  75%);\\r\\n\\t\\t\\t\\tbackground: -webkit-linear-gradient(141deg,  0%,  51%,  75%);\\r\\n\\t\\t\\t\\tbackground: linear-gradient(141deg,  0%,  51%,  75%);}.shortcode-rand-3 .feature-box-icon { font-size: 24px; }.shortcode-rand-3 .feature-box-icon { height: 48px; width: 48px; }.shortcode-rand-3 .feature-box-icon &gt; span { line-height: 2; }.shortcode-rand-3:hover .feature-box-icon { background: none; }&quot;\" ><div class=\"feature-box-btn\"><a class=\"btn default\" href=\"https:\/\/www.filtnor.no\/kontakt-oss\/\" title=\"Skicka f\u00f6rfr\u00e5gan\">Skicka f\u00f6rfr\u00e5gan<\/a><\/div><!-- .feature-box-btn --><\/div><!-- .feature-box-wrapper --><\/div><\/div><\/div><div class=\"wpb_column vc_column_container vc_col-sm-12 vc_col-lg-6 vc_col-md-6\"><div class=\"vc_column-inner\"><div class=\"wpb_wrapper\">\n\t<div  class=\"wpb_single_image wpb_content_element vc_align_left wpb_content_element\">\n\t\t\n\t\t<figure class=\"wpb_wrapper vc_figure\">\n\t\t\t<div class=\"vc_single_image-wrapper   vc_box_border_grey\"><\/div>\n\t\t<\/figure>\n\t<\/div>\n<\/div><\/div><\/div><\/div><div class=\"vc_row wpb_row vc_row-fluid vc_custom_1691588774257\"><div class=\"wpb_column vc_column_container vc_col-sm-6\"><div class=\"vc_column-inner\"><div class=\"wpb_wrapper\"><div class=\"section-title-wrapper shortcode-rand-5 induzy-inline-css\" data-css=\"&quot;.shortcode-rand-5 .title-separator.separator-border { background-color: ; }.shortcode-rand-5 .section-title { text-transform: none; }&quot;\"><div class=\"title-wrap\"><h4 class=\"section-title\"><\/h4><span class=\"title-separator separator-border theme-color-bg\"><\/span><\/div><!-- .title-wrap --><div class=\"section-description\"><\/p>\n<h3 data-start=\"678\" data-end=\"719\">Filterpressar skr\u00e4ddarsydda f\u00f6r bryggning<\/h3>\n<p data-start=\"721\" data-end=\"979\">V\u00e5ra filterpressar f\u00f6r \u00f6lbryggning \u00e4r konstruerade f\u00f6r att fungera med en h\u00f6g grad av automatisering, vilket kr\u00e4ver minimal operat\u00f6rsinblandning. De \u00e4r tillf\u00f6rlitliga, sj\u00e4lvjusterande system med utm\u00e4rkt drifttid, vilket g\u00f6r dem v\u00e4l l\u00e4mpade f\u00f6r kontinuerlig bryggeridrift.<\/p>\n<p data-start=\"981\" data-end=\"1004\">Viktiga funktioner inkluderar:<\/p>\n<ul data-start=\"1005\" data-end=\"1606\">\n<li data-start=\"1005\" data-end=\"1194\">\n<p data-start=\"1007\" data-end=\"1194\"><strong data-start=\"1007\" data-end=\"1043\">Effektiv och hygienisk drift<\/strong> \u2013 hela processen \u00e4r innesluten i en ren sk\u00e5pdesign som kan installeras direkt i bryggerimilj\u00f6er utan risk f\u00f6r kontaminering.<\/p>\n<\/li>\n<li data-start=\"1195\" data-end=\"1329\">\n<p data-start=\"1197\" data-end=\"1329\"><strong data-start=\"1197\" data-end=\"1217\">Enkelt underh\u00e5ll<\/strong> \u2013 byte av filterduk och rutinm\u00e4ssig service kan utf\u00f6ras snabbt och s\u00e4kert, ofta av en enda operat\u00f6r.<\/p>\n<\/li>\n<li data-start=\"1330\" data-end=\"1473\">\n<p data-start=\"1332\" data-end=\"1473\"><strong data-start=\"1332\" data-end=\"1355\">Alternativ f\u00f6r luktkontroll<\/strong> \u2013 f\u00f6r bryggerier som \u00e4r k\u00e4nsliga f\u00f6r lukter kan integrerad ventilation l\u00e4ggas till f\u00f6r att avl\u00e4gsna o\u00f6nskade lukter fr\u00e5n processen.<\/p>\n<\/li>\n<li data-start=\"1474\" data-end=\"1606\">\n<p data-start=\"1476\" data-end=\"1606\"><strong data-start=\"1476\" data-end=\"1501\">Livsmedelsklassificering<\/strong> \u2013 alla komponenter i kontakt med produkten uppfyller strikta branschstandarder f\u00f6r anv\u00e4ndning i livsmedel och drycker.<\/p>\n<\/li>\n<\/ul>\n<h3 data-start=\"1608\" data-end=\"1636\">F\u00f6rdelar f\u00f6r bryggerier<\/h3>\n<ul data-start=\"1637\" data-end=\"1844\">\n<li data-start=\"1637\" data-end=\"1686\">\n<p data-start=\"1639\" data-end=\"1686\">Ljus, stabil \u00f6l med f\u00f6rb\u00e4ttrad h\u00e5llbarhet.<\/p>\n<\/li>\n<li data-start=\"1687\" data-end=\"1733\">\n<p data-start=\"1689\" data-end=\"1733\">Minskat avfall och h\u00f6gre produkt\u00e5tervinning.<\/p>\n<\/li>\n<li data-start=\"1734\" data-end=\"1791\">\n<p data-start=\"1736\" data-end=\"1791\">Tillf\u00f6rlitlig, kontinuerlig drift med minimal driftstopp.<\/p>\n<\/li>\n<li data-start=\"1792\" data-end=\"1844\">\n<p data-start=\"1794\" data-end=\"1844\">Enkel integration i moderna brygganl\u00e4ggningar.<\/p>\n<\/li>\n<\/ul>\n<p data-start=\"1846\" data-end=\"2069\">Oavsett om du \u00e4r ett hantverksbryggeri som s\u00f6ker konsekvent klarhet eller en stor producent som str\u00e4var efter effektiv storskalig drift, levererar Filtnors bryggerifilterpressar hygienisk, effektiv och h\u00e5llbar \u00f6lfiltrering.<\/p>\n<p><\/div><!-- .section-description --><\/div><!-- .section-title-wrapper --><\/div><\/div><\/div><div class=\"wpb_column vc_column_container vc_col-sm-6\"><div class=\"vc_column-inner\"><div class=\"wpb_wrapper\"><div class=\"section-title-wrapper margin-bottom-30 shortcode-rand-6 induzy-inline-css\" data-css=\"&quot;.shortcode-rand-6 .title-separator.separator-border { background-color: ; }.shortcode-rand-6 .section-title { text-transform: none; }&quot;\"><div class=\"title-wrap\"><h4 class=\"section-title\">Fordeler<\/h4><span class=\"title-separator separator-border theme-color-bg\"><\/span><\/div><!-- .title-wrap --><div class=\"section-description\"><\/div><!-- .section-description --><\/div><!-- .section-title-wrapper --><div class=\"list-item-wrapper\" data-css=\"&quot;&quot;\"><div class=\"list-item-inner\" data-css=\"&quot;&quot;\"><div class=\"list-item-title media\"><span class=\"mr-3 icon-light fas fa-check\"><\/span><div class=\"media-body align-self-center list-item-desc\">Maximal klarhet p\u00e5 \u00f8let<\/div><\/div><!-- .list-item-title --><\/div><!-- .list-item-inner --><div class=\"list-item-inner\" data-css=\"&quot;&quot;\"><div class=\"list-item-title media\"><span class=\"mr-3 icon-light fas fa-check\"><\/span><div class=\"media-body align-self-center list-item-desc\">Lavt energif\u00f6rbrukning<\/div><\/div><!-- .list-item-title --><\/div><!-- .list-item-inner --><div class=\"list-item-inner\" data-css=\"&quot;&quot;\"><div class=\"list-item-title media\"><span class=\"mr-3 icon-light fas fa-check\"><\/span><div class=\"media-body align-self-center list-item-desc\">Smart-filterpress utan behov f\u00f6r operat\u00f6r<\/div><\/div><!-- .list-item-title --><\/div><!-- .list-item-inner --><div class=\"list-item-inner\" data-css=\"&quot;&quot;\"><div class=\"list-item-title media\"><span class=\"mr-3 icon-light fas fa-check\"><\/span><div class=\"media-body align-self-center list-item-desc\">N\u00e4ringsmedelgodk\u00e4nd<\/div><\/div><!-- .list-item-title --><\/div><!-- .list-item-inner --><\/div><!-- .list-item-wrapper --><\/div><\/div><\/div><\/div><div data-vc-full-width=\"true\" data-vc-full-width-init=\"false\" class=\"vc_row wpb_row vc_row-fluid additional-call-to-action vc_custom_1691588100630 vc_row-has-fill\"><div class=\"wpb_column vc_column_container vc_col-sm-12\"><div class=\"vc_column-inner\"><div class=\"wpb_wrapper\"><div class=\"vc_row wpb_row vc_inner vc_row-fluid\"><div class=\"wpb_column vc_column_container vc_col-sm-12 vc_col-lg-9 vc_col-md-12\"><div class=\"vc_column-inner\"><div class=\"wpb_wrapper\"><div class=\"feature-box-wrapper feature-box-style-1 shortcode-rand-13 induzy-inline-css feature-list-1\" data-css=\"&quot;.shortcode-rand-13.feature-box-wrapper { color: #000000; }.shortcode-rand-13.feature-box-wrapper {background: -moz-linear-gradient(141deg,  0%,  51%,  75%);\\r\\n\\t\\t\\t\\tbackground: -webkit-linear-gradient(141deg,  0%,  51%,  75%);\\r\\n\\t\\t\\t\\tbackground: linear-gradient(141deg,  0%,  51%,  75%);}.shortcode-rand-13 .feature-box-icon { font-size: 30px; }.shortcode-rand-13 .feature-box-icon { height: 60px; width: 60px; }.shortcode-rand-13 .feature-box-icon &gt; span { line-height: 2; }.shortcode-rand-13:hover .feature-box-icon { background: none; }&quot;\" ><div class=\"fbox-list\"><div class=\"media\"><div class=\"feature-box-icon mr-3 text-center rounded-circle none\"><span class=\"\"><\/span><\/div><!-- .feature-box-icon --><div class=\"media-body\"><div class=\"feature-box-title\"><h4 class=\"section-title\">Vill du veta mer?<\/h4><\/div><!-- .feature-box-title --><div class=\"feature-box-content\">Ta kontakt med oss f\u00f6r ett uforpliktande erbjudande!<\/div><!-- .feature-box-content --><\/div><\/div><\/div><\/div><!-- .feature-box-wrapper --><\/div><\/div><\/div><div class=\"wpb_column vc_column_container vc_col-sm-12 vc_col-lg-3 vc_col-md-12\"><div class=\"vc_column-inner vc_custom_1691588352947\"><div class=\"wpb_wrapper\"><div class=\"vc_btn3-container  additional-btn vc_btn3-right vc_custom_1691589162716 vc_do_btn\" ><a style=\"background-color:#06295e; color:#ffffff;\" class=\"vc_general vc_btn3 vc_btn3-size-md vc_btn3-shape-rounded vc_btn3-style-custom\" href=\"https:\/\/www.filtnor.no\/kontakt-oss\/\" title=\"\">Skicka f\u00f6rfr\u00e5gan<\/a><\/div><\/div><\/div><\/div><\/div><\/div><\/div><\/div><\/div><div class=\"vc_row-full-width vc_clearfix\"><\/div>\n<\/div>","protected":false},"excerpt":{"rendered":"Filtrering vid \u00f6lbryggning Klar, h\u00f6gkvalitativ \u00f6l b\u00f6rjar med effektiv filtrering. Under bryggningsprocessen \u00e4r det viktigt att avl\u00e4gsna j\u00e4st, proteiner och andra fina partiklar f\u00f6r att uppn\u00e5 \u00f6nskad klarhet, stabilitet och smakprofil. P\u00e5 Filtnor har vi l\u00e5ng erfarenhet av filterpressar f\u00f6r \u00f6lproduktion, vilket s\u00e4kerst\u00e4ller b\u00e4sta m\u00f6jliga klarhet i \u00f6let. V\u00e5ra l\u00f6sningar","protected":false},"author":1,"featured_media":0,"parent":4070,"menu_order":0,"comment_status":"closed","ping_status":"closed","template":"","meta":{"om_disable_all_campaigns":false,"footnotes":""},"class_list":["post-3768","page","type-page","status-publish","hentry"],"yoast_head":"<!-- This site is optimized with the Yoast SEO Premium plugin v26.1 (Yoast SEO v27.4) - https:\/\/yoast.com\/product\/yoast-seo-premium-wordpress\/ -->\n<title>Filters for Beer Brewing - Filtnor<\/title>\n<meta name=\"description\" content=\"Filterpresser til \u00f8lbrygging for filtrering av \u00f8l og n\u00e6ringsmidler. Energieffektive pressfilter for brygging og \u00f8lfiltrering.\" \/>\n<meta name=\"robots\" content=\"index, follow, max-snippet:-1, max-image-preview:large, max-video-preview:-1\" \/>\n<link rel=\"canonical\" href=\"https:\/\/www.filtnor.com\/se\/anvandningsomraden-for-tryckfilter\/tryckfilter-for-oljebryggning\/\" \/>\n<meta property=\"og:locale\" content=\"sv_SE\" \/>\n<meta property=\"og:type\" content=\"article\" \/>\n<meta property=\"og:title\" content=\"Filters for Beer Brewing\" \/>\n<meta property=\"og:description\" content=\"Filterpresser til \u00f8lbrygging for filtrering av \u00f8l og n\u00e6ringsmidler. Energieffektive pressfilter for brygging og \u00f8lfiltrering.\" \/>\n<meta property=\"og:url\" content=\"https:\/\/www.filtnor.com\/se\/anvandningsomraden-for-tryckfilter\/tryckfilter-for-oljebryggning\/\" \/>\n<meta property=\"og:site_name\" content=\"Filtnor\" \/>\n<meta property=\"article:modified_time\" content=\"2025-09-02T19:31:56+00:00\" \/>\n<meta name=\"twitter:card\" content=\"summary_large_image\" \/>\n<meta name=\"twitter:label1\" content=\"Ber\u00e4knad l\u00e4stid\" \/>\n\t<meta name=\"twitter:data1\" content=\"3 minuter\" \/>\n<script type=\"application\/ld+json\" class=\"yoast-schema-graph\">{\"@context\":\"https:\\\/\\\/schema.org\",\"@graph\":[{\"@type\":\"WebPage\",\"@id\":\"https:\\\/\\\/www.filtnor.com\\\/areas-of-use-for-pressure-filters\\\/filters-for-beer-brewing\\\/\",\"url\":\"https:\\\/\\\/www.filtnor.com\\\/areas-of-use-for-pressure-filters\\\/filters-for-beer-brewing\\\/\",\"name\":\"Filters for Beer Brewing - Filtnor\",\"isPartOf\":{\"@id\":\"https:\\\/\\\/www.filtnor.com\\\/#website\"},\"datePublished\":\"2023-10-07T22:23:08+00:00\",\"dateModified\":\"2025-09-02T19:31:56+00:00\",\"description\":\"Filterpresser til \u00f8lbrygging for filtrering av \u00f8l og n\u00e6ringsmidler. Energieffektive pressfilter for brygging og \u00f8lfiltrering.\",\"breadcrumb\":{\"@id\":\"https:\\\/\\\/www.filtnor.com\\\/areas-of-use-for-pressure-filters\\\/filters-for-beer-brewing\\\/#breadcrumb\"},\"inLanguage\":\"sv-SE\",\"potentialAction\":[{\"@type\":\"ReadAction\",\"target\":[\"https:\\\/\\\/www.filtnor.com\\\/areas-of-use-for-pressure-filters\\\/filters-for-beer-brewing\\\/\"]}]},{\"@type\":\"BreadcrumbList\",\"@id\":\"https:\\\/\\\/www.filtnor.com\\\/areas-of-use-for-pressure-filters\\\/filters-for-beer-brewing\\\/#breadcrumb\",\"itemListElement\":[{\"@type\":\"ListItem\",\"position\":1,\"name\":\"Home\",\"item\":\"https:\\\/\\\/www.filtnor.com\\\/\"},{\"@type\":\"ListItem\",\"position\":2,\"name\":\"Areas of Use for Pressure Filters\",\"item\":\"https:\\\/\\\/www.filtnor.com\\\/areas-of-use-for-pressure-filters\\\/\"},{\"@type\":\"ListItem\",\"position\":3,\"name\":\"Filters for Beer Brewing\"}]},{\"@type\":\"WebSite\",\"@id\":\"https:\\\/\\\/www.filtnor.com\\\/#website\",\"url\":\"https:\\\/\\\/www.filtnor.com\\\/\",\"name\":\"Filtnor\",\"description\":\"Filtration you can trust. Performance that lasts.\",\"potentialAction\":[{\"@type\":\"SearchAction\",\"target\":{\"@type\":\"EntryPoint\",\"urlTemplate\":\"https:\\\/\\\/www.filtnor.com\\\/?s={search_term_string}\"},\"query-input\":{\"@type\":\"PropertyValueSpecification\",\"valueRequired\":true,\"valueName\":\"search_term_string\"}}],\"inLanguage\":\"sv-SE\"}]}<\/script>\n<!-- \/ Yoast SEO Premium plugin. -->","yoast_head_json":{"title":"Filter f\u00f6r \u00f6lbryggning - Filtnor","description":"Filterpresser till \u00f6lbryggning f\u00f6r filtrering av \u00f6l och n\u00e4rings\u00e4mnen. Energieffektivt pressfilter f\u00f6r bryggning och \u00f8lfiltrering.","robots":{"index":"index","follow":"follow","max-snippet":"max-snippet:-1","max-image-preview":"max-image-preview:large","max-video-preview":"max-video-preview:-1"},"canonical":"https:\/\/www.filtnor.com\/se\/anvandningsomraden-for-tryckfilter\/tryckfilter-for-oljebryggning\/","og_locale":"sv_SE","og_type":"article","og_title":"Filters for Beer Brewing","og_description":"Filterpresser til \u00f8lbrygging for filtrering av \u00f8l og n\u00e6ringsmidler. Energieffektive pressfilter for brygging og \u00f8lfiltrering.","og_url":"https:\/\/www.filtnor.com\/se\/anvandningsomraden-for-tryckfilter\/tryckfilter-for-oljebryggning\/","og_site_name":"Filtnor","article_modified_time":"2025-09-02T19:31:56+00:00","twitter_card":"summary_large_image","twitter_misc":{"Ber\u00e4knad l\u00e4stid":"3 minuter"},"schema":{"@context":"https:\/\/schema.org","@graph":[{"@type":"WebPage","@id":"https:\/\/www.filtnor.com\/areas-of-use-for-pressure-filters\/filters-for-beer-brewing\/","url":"https:\/\/www.filtnor.com\/areas-of-use-for-pressure-filters\/filters-for-beer-brewing\/","name":"Filter f\u00f6r \u00f6lbryggning - Filtnor","isPartOf":{"@id":"https:\/\/www.filtnor.com\/#website"},"datePublished":"2023-10-07T22:23:08+00:00","dateModified":"2025-09-02T19:31:56+00:00","description":"Filterpresser till \u00f6lbryggning f\u00f6r filtrering av \u00f6l och n\u00e4rings\u00e4mnen. Energieffektivt pressfilter f\u00f6r bryggning och \u00f8lfiltrering.","breadcrumb":{"@id":"https:\/\/www.filtnor.com\/areas-of-use-for-pressure-filters\/filters-for-beer-brewing\/#breadcrumb"},"inLanguage":"sv-SE","potentialAction":[{"@type":"ReadAction","target":["https:\/\/www.filtnor.com\/areas-of-use-for-pressure-filters\/filters-for-beer-brewing\/"]}]},{"@type":"BreadcrumbList","@id":"https:\/\/www.filtnor.com\/areas-of-use-for-pressure-filters\/filters-for-beer-brewing\/#breadcrumb","itemListElement":[{"@type":"ListItem","position":1,"name":"Home","item":"https:\/\/www.filtnor.com\/"},{"@type":"ListItem","position":2,"name":"Areas of Use for Pressure Filters","item":"https:\/\/www.filtnor.com\/areas-of-use-for-pressure-filters\/"},{"@type":"ListItem","position":3,"name":"Filters for Beer Brewing"}]},{"@type":"WebSite","@id":"https:\/\/www.filtnor.com\/#website","url":"https:\/\/www.filtnor.com\/","name":"Filtnor","description":"Filtrering du kan lita p\u00e5. Prestanda som varar.","potentialAction":[{"@type":"SearchAction","target":{"@type":"EntryPoint","urlTemplate":"https:\/\/www.filtnor.com\/?s={search_term_string}"},"query-input":{"@type":"PropertyValueSpecification","valueRequired":true,"valueName":"search_term_string"}}],"inLanguage":"sv-SE"}]}},"_links":{"self":[{"href":"https:\/\/www.filtnor.com\/se\/wp-json\/wp\/v2\/pages\/3768","targetHints":{"allow":["GET"]}}],"collection":[{"href":"https:\/\/www.filtnor.com\/se\/wp-json\/wp\/v2\/pages"}],"about":[{"href":"https:\/\/www.filtnor.com\/se\/wp-json\/wp\/v2\/types\/page"}],"author":[{"embeddable":true,"href":"https:\/\/www.filtnor.com\/se\/wp-json\/wp\/v2\/users\/1"}],"replies":[{"embeddable":true,"href":"https:\/\/www.filtnor.com\/se\/wp-json\/wp\/v2\/comments?post=3768"}],"version-history":[{"count":4,"href":"https:\/\/www.filtnor.com\/se\/wp-json\/wp\/v2\/pages\/3768\/revisions"}],"predecessor-version":[{"id":4939,"href":"https:\/\/www.filtnor.com\/se\/wp-json\/wp\/v2\/pages\/3768\/revisions\/4939"}],"up":[{"embeddable":true,"href":"https:\/\/www.filtnor.com\/se\/wp-json\/wp\/v2\/pages\/4070"}],"wp:attachment":[{"href":"https:\/\/www.filtnor.com\/se\/wp-json\/wp\/v2\/media?parent=3768"}],"curies":[{"name":"wp","href":"https:\/\/api.w.org\/{rel}","templated":true}]}}