{"id":3352,"date":"2023-08-08T09:50:42","date_gmt":"2023-08-08T09:50:42","guid":{"rendered":"https:\/\/www.filtnor.no\/?page_id=3352"},"modified":"2025-04-12T00:28:43","modified_gmt":"2025-04-11T22:28:43","slug":"juridiska-villkor","status":"publish","type":"page","link":"https:\/\/www.filtnor.com\/se\/juridiska-villkor\/","title":{"rendered":"Juridiska villkor"},"content":{"rendered":"<div class=\"wpb-content-wrapper\"><div class=\"vc_row wpb_row vc_row-fluid vc_custom_1744410497457\"><div class=\"wpb_column vc_column_container vc_col-sm-12\"><div class=\"vc_column-inner\"><div class=\"wpb_wrapper\">\n\t<div class=\"wpb_text_column wpb_content_element\" >\n\t\t<div class=\"wpb_wrapper\">\n\t\t\t<h2 class=\"wp-block-heading\">Juridiska regler och villkor<\/h2>\n<p>Genom att bes\u00f6ka filtnor.com accepterar du f\u00f6ljande villkor. Om du inte h\u00e5ller med n\u00e5got av villkoren m\u00e5ste du l\u00e4mna webbplatsen omedelbart.<\/p>\n<h4>Upphovsr\u00e4tt<\/h4>\n<p>Allt inneh\u00e5ll p\u00e5 denna webbplats \u00e4gs av Filtnor och \u00e4r skyddat av upphovsr\u00e4tt.<\/p>\n<h4>Inget ansvar\/garantier<\/h4>\n<p>Allt inneh\u00e5ll p\u00e5 filtnor.com anv\u00e4nds p\u00e5 egen risk, och f\u00f6rutom vad som ing\u00e5r i till\u00e4mplig lag har Filtnor inget ansvar f\u00f6r anv\u00e4ndningen och l\u00e4mnar inga garantier till anv\u00e4ndarna.<\/p>\n<h4>Inl\u00e4mning av material<\/h4>\n<p>Anv\u00e4ndare av filtnor.com \u00e4r v\u00e4lkomna att skicka icke-konfidentiellt inneh\u00e5ll till oss via webbplatsen, men genom att skicka material till oss accepterar du f\u00f6ljande villkor: 1) Du s\u00e4kerst\u00e4ller att det du skickar inte inneh\u00e5ller datavirus eller annan skadlig programvara. 2) Du g\u00f6r materialet tillg\u00e4ngligt med vetskapen om att vi kan publicera det. 3) Du \u00e4r den r\u00e4ttm\u00e4tige \u00e4garen till allt som skickas till oss och kommer omedelbart att meddela oss om detta skulle \u00e4ndras.<\/p>\n<h4>Alla r\u00e4ttigheter reserverade<\/h4>\n<p>Alla r\u00e4ttigheter som inte uttryckligen beviljas p\u00e5 annat s\u00e4tt \u00e4r f\u00f6rbeh\u00e5llna Filtnor.<\/p>\n<h4>\u00c4gare av denna webbplats<\/h4>\n<p>Denna webbplats \u00e4gs och publiceras av:<br \/>Filtnor AS<br \/>Oscars gate 27<br \/>NO-0352 Oslo<br \/>Norge<br \/>Telefon: +47 21 95 58 00<\/p>\n<p>Kontakta<br \/>Om du har n\u00e5gra fr\u00e5gor, v\u00e4nligen kontakta oss omedelbart via v\u00e5r kontaktinformation p\u00e5 https:\/\/www.filtnor.com\/contact-us\/<\/p>\n\n\t\t<\/div>\n\t<\/div>\n<\/div><\/div><\/div><\/div><\/div>","protected":false},"excerpt":{"rendered":"Juridiska regler och villkor Genom att bes\u00f6ka filtnor.com accepterar du f\u00f6ljande villkor. Om du inte h\u00e5ller med n\u00e5got av villkoren m\u00e5ste du l\u00e4mna webbplatsen omedelbart. Upphovsr\u00e4tt Allt inneh\u00e5ll p\u00e5 denna webbplats \u00e4gs av Filtnor och \u00e4r skyddat av upphovsr\u00e4tt. Inget ansvar\/garantier Allt inneh\u00e5ll p\u00e5 filtnor.com anv\u00e4nds p\u00e5 egen risk och separat","protected":false},"author":1,"featured_media":0,"parent":0,"menu_order":0,"comment_status":"closed","ping_status":"open","template":"","meta":{"om_disable_all_campaigns":false,"footnotes":""},"class_list":["post-3352","page","type-page","status-publish","hentry"],"yoast_head":"<!-- This site is optimized with the Yoast SEO Premium plugin v26.1 (Yoast SEO v27.4) - https:\/\/yoast.com\/product\/yoast-seo-premium-wordpress\/ -->\n<title>Legal terms and conditions - Filtnor<\/title>\n<meta name=\"description\" content=\"Juridiske vilk\u00e5r og betingelser ved \u00e5 handle fra Filtnor.\" \/>\n<meta name=\"robots\" content=\"noindex, follow\" \/>\n<meta property=\"og:locale\" content=\"sv_SE\" \/>\n<meta property=\"og:type\" content=\"article\" \/>\n<meta property=\"og:title\" content=\"Legal terms and conditions\" \/>\n<meta property=\"og:description\" content=\"Juridiske vilk\u00e5r og betingelser ved \u00e5 handle fra Filtnor.\" \/>\n<meta property=\"og:url\" content=\"https:\/\/www.filtnor.com\/se\/juridiska-villkor\/\" \/>\n<meta property=\"og:site_name\" content=\"Filtnor\" \/>\n<meta property=\"article:modified_time\" content=\"2025-04-11T22:28:43+00:00\" \/>\n<meta name=\"twitter:card\" content=\"summary_large_image\" \/>\n<meta name=\"twitter:label1\" content=\"Ber\u00e4knad l\u00e4stid\" \/>\n\t<meta name=\"twitter:data1\" content=\"1 minut\" \/>\n<script type=\"application\/ld+json\" class=\"yoast-schema-graph\">{\"@context\":\"https:\\\/\\\/schema.org\",\"@graph\":[{\"@type\":\"WebPage\",\"@id\":\"https:\\\/\\\/www.filtnor.com\\\/legal-terms-and-conditions\\\/\",\"url\":\"https:\\\/\\\/www.filtnor.com\\\/legal-terms-and-conditions\\\/\",\"name\":\"Legal terms and conditions - Filtnor\",\"isPartOf\":{\"@id\":\"https:\\\/\\\/www.filtnor.com\\\/#website\"},\"datePublished\":\"2023-08-08T09:50:42+00:00\",\"dateModified\":\"2025-04-11T22:28:43+00:00\",\"description\":\"Juridiske vilk\u00e5r og betingelser ved \u00e5 handle fra Filtnor.\",\"breadcrumb\":{\"@id\":\"https:\\\/\\\/www.filtnor.com\\\/legal-terms-and-conditions\\\/#breadcrumb\"},\"inLanguage\":\"sv-SE\",\"potentialAction\":[{\"@type\":\"ReadAction\",\"target\":[\"https:\\\/\\\/www.filtnor.com\\\/legal-terms-and-conditions\\\/\"]}]},{\"@type\":\"BreadcrumbList\",\"@id\":\"https:\\\/\\\/www.filtnor.com\\\/legal-terms-and-conditions\\\/#breadcrumb\",\"itemListElement\":[{\"@type\":\"ListItem\",\"position\":1,\"name\":\"Home\",\"item\":\"https:\\\/\\\/www.filtnor.com\\\/\"},{\"@type\":\"ListItem\",\"position\":2,\"name\":\"Legal terms and conditions\"}]},{\"@type\":\"WebSite\",\"@id\":\"https:\\\/\\\/www.filtnor.com\\\/#website\",\"url\":\"https:\\\/\\\/www.filtnor.com\\\/\",\"name\":\"Filtnor\",\"description\":\"Filtration you can trust. Performance that lasts.\",\"potentialAction\":[{\"@type\":\"SearchAction\",\"target\":{\"@type\":\"EntryPoint\",\"urlTemplate\":\"https:\\\/\\\/www.filtnor.com\\\/?s={search_term_string}\"},\"query-input\":{\"@type\":\"PropertyValueSpecification\",\"valueRequired\":true,\"valueName\":\"search_term_string\"}}],\"inLanguage\":\"sv-SE\"}]}<\/script>\n<!-- \/ Yoast SEO Premium plugin. -->","yoast_head_json":{"title":"Juridiska villkor - Filtnor","description":"Juridiska villkor och villkor f\u00f6r att hantera fr\u00e5n Filtnor.","robots":{"index":"noindex","follow":"follow"},"og_locale":"sv_SE","og_type":"article","og_title":"Legal terms and conditions","og_description":"Juridiske vilk\u00e5r og betingelser ved \u00e5 handle fra Filtnor.","og_url":"https:\/\/www.filtnor.com\/se\/juridiska-villkor\/","og_site_name":"Filtnor","article_modified_time":"2025-04-11T22:28:43+00:00","twitter_card":"summary_large_image","twitter_misc":{"Ber\u00e4knad l\u00e4stid":"1 minut"},"schema":{"@context":"https:\/\/schema.org","@graph":[{"@type":"WebPage","@id":"https:\/\/www.filtnor.com\/legal-terms-and-conditions\/","url":"https:\/\/www.filtnor.com\/legal-terms-and-conditions\/","name":"Juridiska villkor - Filtnor","isPartOf":{"@id":"https:\/\/www.filtnor.com\/#website"},"datePublished":"2023-08-08T09:50:42+00:00","dateModified":"2025-04-11T22:28:43+00:00","description":"Juridiska villkor och villkor f\u00f6r att hantera fr\u00e5n Filtnor.","breadcrumb":{"@id":"https:\/\/www.filtnor.com\/legal-terms-and-conditions\/#breadcrumb"},"inLanguage":"sv-SE","potentialAction":[{"@type":"ReadAction","target":["https:\/\/www.filtnor.com\/legal-terms-and-conditions\/"]}]},{"@type":"BreadcrumbList","@id":"https:\/\/www.filtnor.com\/legal-terms-and-conditions\/#breadcrumb","itemListElement":[{"@type":"ListItem","position":1,"name":"Home","item":"https:\/\/www.filtnor.com\/"},{"@type":"ListItem","position":2,"name":"Legal terms and conditions"}]},{"@type":"WebSite","@id":"https:\/\/www.filtnor.com\/#website","url":"https:\/\/www.filtnor.com\/","name":"Filtnor","description":"Filtrering du kan lita p\u00e5. Prestanda som varar.","potentialAction":[{"@type":"SearchAction","target":{"@type":"EntryPoint","urlTemplate":"https:\/\/www.filtnor.com\/?s={search_term_string}"},"query-input":{"@type":"PropertyValueSpecification","valueRequired":true,"valueName":"search_term_string"}}],"inLanguage":"sv-SE"}]}},"_links":{"self":[{"href":"https:\/\/www.filtnor.com\/se\/wp-json\/wp\/v2\/pages\/3352","targetHints":{"allow":["GET"]}}],"collection":[{"href":"https:\/\/www.filtnor.com\/se\/wp-json\/wp\/v2\/pages"}],"about":[{"href":"https:\/\/www.filtnor.com\/se\/wp-json\/wp\/v2\/types\/page"}],"author":[{"embeddable":true,"href":"https:\/\/www.filtnor.com\/se\/wp-json\/wp\/v2\/users\/1"}],"replies":[{"embeddable":true,"href":"https:\/\/www.filtnor.com\/se\/wp-json\/wp\/v2\/comments?post=3352"}],"version-history":[{"count":13,"href":"https:\/\/www.filtnor.com\/se\/wp-json\/wp\/v2\/pages\/3352\/revisions"}],"predecessor-version":[{"id":5959,"href":"https:\/\/www.filtnor.com\/se\/wp-json\/wp\/v2\/pages\/3352\/revisions\/5959"}],"wp:attachment":[{"href":"https:\/\/www.filtnor.com\/se\/wp-json\/wp\/v2\/media?parent=3352"}],"curies":[{"name":"wp","href":"https:\/\/api.w.org\/{rel}","templated":true}]}}