{"id":4336,"date":"2024-04-11T19:03:07","date_gmt":"2024-04-11T18:03:07","guid":{"rendered":"https:\/\/www.filtnor.no\/?page_id=4336"},"modified":"2024-08-07T18:33:50","modified_gmt":"2024-08-07T16:33:50","slug":"%d1%84%d0%b8%d0%bb%d1%8c%d1%82%d1%80%d1%8b-%d0%b4%d0%bb%d1%8f-%d0%bf%d0%b5%d1%80%d0%b5%d1%80%d0%b0%d0%b1%d0%be%d1%82%d0%ba%d0%b8-%d0%b1%d0%b0%d1%82%d0%b0%d1%80%d0%b5%d0%b9","status":"publish","type":"page","link":"https:\/\/www.filtnor.com\/ru\/%d0%be%d0%b1%d0%bb%d0%b0%d1%81%d1%82%d0%b8-%d0%bf%d1%80%d0%b8%d0%bc%d0%b5%d0%bd%d0%b5%d0%bd%d0%b8%d1%8f-%d0%bd%d0%b0%d0%bf%d0%be%d1%80%d0%bd%d1%8b%d1%85-%d1%84%d0%b8%d0%bb%d1%8c%d1%82%d1%80%d0%be\/%d1%84%d0%b8%d0%bb%d1%8c%d1%82%d1%80%d1%8b-%d0%b4%d0%bb%d1%8f-%d0%bf%d0%b5%d1%80%d0%b5%d1%80%d0%b0%d0%b1%d0%be%d1%82%d0%ba%d0%b8-%d0%b1%d0%b0%d1%82%d0%b0%d1%80%d0%b5%d0%b9\/","title":{"rendered":"\u0424\u0438\u043b\u044c\u0442\u0440\u044b \u0434\u043b\u044f \u0443\u0442\u0438\u043b\u0438\u0437\u0430\u0446\u0438\u0438 \u0431\u0430\u0442\u0430\u0440\u0435\u0439"},"content":{"rendered":"<div class=\"wpb-content-wrapper\"><div class=\"vc_row wpb_row vc_row-fluid vc_custom_1691587735553\"><div class=\"wpb_column vc_column_container vc_col-sm-12 vc_col-lg-6 vc_col-md-6\"><div class=\"vc_column-inner\"><div class=\"wpb_wrapper\"><div class=\"section-title-wrapper shortcode-rand-2 induzy-inline-css\" data-css=\"&quot;.shortcode-rand-2 .title-separator.separator-border { background-color: ; }.shortcode-rand-2 .section-title { text-transform: none; }&quot;\"><div class=\"title-wrap\"><h2 class=\"section-title\">\u0424\u0438\u043b\u044c\u0442\u0440\u0430\u0446\u0438\u044f \u0438 \u0430\u043a\u043a\u0443\u043c\u0443\u043b\u044f\u0442\u043e\u0440\u043d\u0430\u044f \u0431\u0430\u0442\u0430\u0440\u0435\u044f<\/h2><span class=\"title-separator separator-border theme-color-bg\"><\/span><\/div><!-- .title-wrap --><div class=\"section-description\">\u0423 \u0432\u0430\u0441 \u0435\u0441\u0442\u044c \u043f\u0440\u0435\u0441\u0441-\u0444\u0438\u043b\u044c\u0442\u0440 \u0434\u043b\u044f \u0437\u0430\u0440\u044f\u0434\u043a\u0438 \u0430\u043a\u043a\u0443\u043c\u0443\u043b\u044f\u0442\u043e\u0440\u0430.<\/p>\n<p>\u0424\u0438\u043b\u044c\u0442\u0440-\u043f\u0440\u0435\u0441\u0441 \u0434\u043b\u044f \u0430\u043a\u043a\u0443\u043c\u0443\u043b\u044f\u0442\u043e\u0440\u043e\u0432 \u2014 \u044d\u0442\u043e \u0441\u043f\u0435\u0446\u0438\u0430\u043b\u044c\u043d\u044b\u0439 \u043f\u0430\u0441\u0441\u0435\u0442 \u0434\u043b\u044f \u0441\u0431\u043e\u0440\u0430 \u0438 \u0444\u0438\u043b\u044c\u0442\u0440\u0430\u0446\u0438\u0438 \u201c\u0447\u0435\u0440\u043d\u043e\u0439 \u043c\u0435\u0441\u0441\u044b\u201d.<\/div><!-- .section-description --><\/div><!-- .section-title-wrapper --><div class=\"feature-box-wrapper feature-box-style-1 vc_custom_1691588732498 shortcode-rand-3 induzy-inline-css\" data-css=\"&quot;.shortcode-rand-3.feature-box-wrapper {background: -moz-linear-gradient(141deg,  0%,  51%,  75%);\\r\\n\\t\\t\\t\\tbackground: -webkit-linear-gradient(141deg,  0%,  51%,  75%);\\r\\n\\t\\t\\t\\tbackground: linear-gradient(141deg,  0%,  51%,  75%);}.shortcode-rand-3 .feature-box-icon { font-size: 24px; }.shortcode-rand-3 .feature-box-icon { height: 48px; width: 48px; }.shortcode-rand-3 .feature-box-icon &gt; span { line-height: 2; }.shortcode-rand-3:hover .feature-box-icon { background: none; }&quot;\" ><div class=\"feature-box-btn\"><a class=\"btn default\" href=\"https:\/\/www.filtnor.no\/kontakt-oss\/\" title=\"Send foresp\u00f8rsel\">Send foresp\u00f8rsel<\/a><\/div><!-- .feature-box-btn --><\/div><!-- .feature-box-wrapper --><\/div><\/div><\/div><div class=\"wpb_column vc_column_container vc_col-sm-12 vc_col-lg-6 vc_col-md-6\"><div class=\"vc_column-inner\"><div class=\"wpb_wrapper\">\n\t<div  class=\"wpb_single_image wpb_content_element vc_align_left wpb_content_element\">\n\t\t\n\t\t<figure class=\"wpb_wrapper vc_figure\">\n\t\t\t<div class=\"vc_single_image-wrapper   vc_box_border_grey\"><\/div>\n\t\t<\/figure>\n\t<\/div>\n<\/div><\/div><\/div><\/div><div class=\"vc_row wpb_row vc_row-fluid vc_custom_1691588774257\"><div class=\"wpb_column vc_column_container vc_col-sm-6\"><div class=\"vc_column-inner\"><div class=\"wpb_wrapper\"><div class=\"section-title-wrapper shortcode-rand-5 induzy-inline-css\" data-css=\"&quot;.shortcode-rand-5 .title-separator.separator-border { background-color: ; }.shortcode-rand-5 .section-title { text-transform: none; }&quot;\"><div class=\"title-wrap\"><h4 class=\"section-title\">Optimalisert for \u00f8lbrygging<\/h4><span class=\"title-separator separator-border theme-color-bg\"><\/span><\/div><!-- .title-wrap --><div class=\"section-description\">\u0412\u0435\u0440\u0441\u0438\u044f Roxia Smart Filter Press \u0434\u043b\u044f \u043f\u0438\u0432\u043e\u0432\u0430\u0440\u0435\u043d\u0438\u044f \u043f\u0440\u0435\u0434\u0441\u0442\u0430\u0432\u043b\u044f\u0435\u0442 \u0441\u043e\u0431\u043e\u0439 \u0430\u0432\u0442\u043e\u043c\u0430\u0442\u0438\u0447\u0435\u0441\u043a\u0438\u0439 \u0444\u0438\u043b\u044c\u0442\u0440-\u043f\u0440\u0435\u0441\u0441, \u043e\u043f\u0442\u0438\u043c\u0438\u0437\u0438\u0440\u043e\u0432\u0430\u043d\u043d\u044b\u0439 \u0434\u043b\u044f \u0444\u0438\u043b\u044c\u0442\u0440\u0430\u0446\u0438\u0438 \u0432 \u0434\u043e\u043c\u0430\u0448\u043d\u0438\u0445 \u0443\u0441\u043b\u043e\u0432\u0438\u044f\u0445. \u042d\u0442\u043e \u0443\u043c\u043d\u044b\u0439 \u0444\u0438\u043b\u044c\u0442\u0440-\u043f\u0440\u0435\u0441\u0441, \u043a\u043e\u0442\u043e\u0440\u044b\u0439 \u043f\u043e\u043c\u043e\u0433\u0430\u0435\u0442 \u0432\u0430\u043c \u0431\u044b\u0442\u044c \u0441\u0430\u043c\u043e\u0441\u0442\u043e\u044f\u0442\u0435\u043b\u044c\u043d\u044b\u043c \u0438 \u043d\u0435\u043e\u043f\u044b\u0442\u043d\u044b\u043c \u043e\u043f\u0435\u0440\u0430\u0442\u043e\u0440\u043e\u043c. \u0422\u043e\u0433\u0434\u0430 \u0432\u044b \u043c\u043e\u0436\u0435\u0442\u0435 \u043f\u0435\u0440\u0435\u0439\u0442\u0438 \u043a \u0430\u0432\u0442\u043e\u043c\u0430\u0442\u0438\u0447\u0435\u0441\u043a\u043e\u043c\u0443 \u043e\u0442\u043a\u043b\u044e\u0447\u0435\u043d\u0438\u044e 98%, \u0438 \u044d\u0442\u043e \u043f\u0440\u0438\u0432\u0435\u0434\u0435\u0442 \u043a \u0442\u043e\u043c\u0443, \u0447\u0442\u043e \u0432\u044b \u043d\u0430\u0447\u043d\u0435\u0442\u0435 \u0438\u0441\u043f\u043e\u043b\u044c\u0437\u043e\u0432\u0430\u0442\u044c \u0435\u0433\u043e. Skifte av filterduker osv. \u043e\u0447\u0435\u043d\u044c \u043c\u043d\u043e\u0433\u043e \u0438\u043d\u0442\u0435\u0440\u0435\u0441\u043d\u043e\u0433\u043e \u0438 \u043c\u043e\u0436\u0435\u0442 \u0441\u0442\u0430\u0442\u044c \u043f\u0440\u0438\u0447\u0438\u043d\u043e\u0439 \u043e\u0442\u043a\u0430\u0437\u0430 \u043e\u0442 \u043e\u0434\u043d\u043e\u0433\u043e \u0447\u0435\u043b\u043e\u0432\u0435\u043a\u0430.<\/p>\n<p>\u041c\u0430\u0441\u043a\u0438\u043d\u0435 \u043d\u0435 \u043f\u043e\u043c\u043e\u0433\u0430\u0435\u0442, \u0438 \u043c\u043e\u0436\u0435\u0442 \u0441\u043b\u0443\u0447\u0438\u0442\u044c\u0441\u044f \u0442\u0430\u043a, \u0447\u0442\u043e \u044f \u0441\u043d\u043e\u0432\u0430 \u0432\u0435\u0440\u043d\u0443\u0441\u044c \u043a \u044d\u0442\u043e\u043c\u0443. \u041e\u043d \u043f\u0440\u043e\u0434\u0435\u043b\u0430\u043b \u043f\u0435\u0440\u0435\u0434 \u044d\u0442\u0438\u043c \u0440\u0430\u0431\u043e\u0442\u0443 \u0432 \u043a\u0430\u0431\u0438\u043d\u0435\u0442\u0435 \u0438 \u0432 \u043a\u0430\u0431\u0438\u043d\u0435\u0442\u0435, \u0430 \u0437\u0430\u0442\u0435\u043c \u043e\u0431\u043d\u0430\u0440\u0443\u0436\u0438\u043b, \u0447\u0442\u043e \u043d\u0435\u043a\u043e\u0442\u043e\u0440\u044b\u0435 \u0438\u0437 \u043d\u0438\u0445 \u043e\u0442\u043f\u0440\u0430\u0432\u043b\u044f\u044e\u0442\u0441\u044f \u0432 \u043a\u0430\u0431\u0438\u043d\u0435\u0442 \u0438 \u0432 \u043a\u0430\u0431\u0438\u043d\u0435\u0442\u0435, \u0433\u0434\u0435 \u0438 \u0432\u043e\u0437\u043d\u0438\u043a\u0430\u0435\u0442 \u0442\u0430\u043a\u0430\u044f \u043f\u0440\u043e\u0431\u043b\u0435\u043c\u0430 \u0434\u043b\u044f \u0443\u0434\u043e\u0431\u0441\u0442\u0432\u0430.<\/p>\n<p>\u041c\u0430\u0441\u043a\u0438\u043d\u0438\u043d\u0430, \u043e\u0431\u0435\u0441\u043f\u0435\u0447\u0438\u0432\u0430\u044e\u0449\u0430\u044f \u0431\u043e\u043b\u0435\u0435 \u0432\u044b\u0441\u043e\u043a\u0438\u0439 \u0443\u0440\u043e\u0432\u0435\u043d\u044c \u043a\u0430\u0447\u0435\u0441\u0442\u0432\u0430 \u0434\u043b\u044f \u0438\u0441\u043f\u043e\u043b\u044c\u0437\u043e\u0432\u0430\u043d\u0438\u044f \u0432 \u0441\u0444\u0435\u0440\u0435 \u0440\u043e\u0437\u043d\u0438\u0447\u043d\u043e\u0439 \u0442\u043e\u0440\u0433\u043e\u0432\u043b\u0438 \u043f\u0440\u043e\u0434\u0443\u043a\u0442\u0430\u043c\u0438.<\/div><!-- .section-description --><\/div><!-- .section-title-wrapper --><\/div><\/div><\/div><div class=\"wpb_column vc_column_container vc_col-sm-6\"><div class=\"vc_column-inner\"><div class=\"wpb_wrapper\"><div class=\"section-title-wrapper margin-bottom-30 shortcode-rand-6 induzy-inline-css\" data-css=\"&quot;.shortcode-rand-6 .title-separator.separator-border { background-color: ; }.shortcode-rand-6 .section-title { text-transform: none; }&quot;\"><div class=\"title-wrap\"><h4 class=\"section-title\">\u0424\u043e\u0440\u0434\u0435\u043b\u0435\u0440<\/h4><span class=\"title-separator separator-border theme-color-bg\"><\/span><\/div><!-- .title-wrap --><div class=\"section-description\"><\/div><!-- .section-description --><\/div><!-- .section-title-wrapper --><div class=\"list-item-wrapper\" data-css=\"&quot;&quot;\"><div class=\"list-item-inner\" data-css=\"&quot;&quot;\"><div class=\"list-item-title media\"><span class=\"mr-3 icon-light fas fa-check\"><\/span><div class=\"media-body align-self-center list-item-desc\">\u041e\u043f\u0442\u0438\u043c\u0430\u043b\u0438\u0441\u0442 \u0434\u043b\u044f \u0432\u0438\u043d\u043d\u043e\u0433\u043e \u043f\u0440\u043e\u0438\u0437\u0432\u043e\u0434\u0441\u0442\u0432\u0430<\/div><\/div><!-- .list-item-title --><\/div><!-- .list-item-inner --><div class=\"list-item-inner\" data-css=\"&quot;&quot;\"><div class=\"list-item-title media\"><span class=\"mr-3 icon-light fas fa-check\"><\/span><div class=\"media-body align-self-center list-item-desc\">Lavt energiforbruk<\/div><\/div><!-- .list-item-title --><\/div><!-- .list-item-inner --><div class=\"list-item-inner\" data-css=\"&quot;&quot;\"><div class=\"list-item-title media\"><span class=\"mr-3 icon-light fas fa-check\"><\/span><div class=\"media-body align-self-center list-item-desc\">\u0423\u043c\u043d\u044b\u0439 \u0444\u0438\u043b\u044c\u0442\u0440\u043f\u0440\u0435\u0441\u0441 \u0434\u043b\u044f \u043e\u043f\u0435\u0440\u0430\u0442\u043e\u0440\u0430<\/div><\/div><!-- .list-item-title --><\/div><!-- .list-item-inner --><div class=\"list-item-inner\" data-css=\"&quot;&quot;\"><div class=\"list-item-title media\"><span class=\"mr-3 icon-light fas fa-check\"><\/span><div class=\"media-body align-self-center list-item-desc\">\u042d\u0444\u0444\u0435\u043a\u0442\u0438\u0432\u043d\u043e\u0441\u0442\u044c \u0444\u0438\u043b\u044c\u0442\u0440\u0430\u0446\u0438\u0438 \u0447\u0435\u0440\u043d\u043e\u0439 \u043c\u0430\u0441\u0441\u044b<\/div><\/div><!-- .list-item-title --><\/div><!-- .list-item-inner --><\/div><!-- .list-item-wrapper --><\/div><\/div><\/div><\/div><div class=\"vc_row wpb_row vc_row-fluid vc_custom_1691587893368\"><div class=\"wpb_column vc_column_container vc_col-sm-12\"><div class=\"vc_column-inner\"><div class=\"wpb_wrapper\"><div class=\"vc_separator wpb_content_element vc_separator_align_center vc_sep_width_100 vc_sep_dashed vc_sep_pos_align_center vc_separator_no_text wpb_content_element  wpb_content_element\" ><span class=\"vc_sep_holder vc_sep_holder_l\"><span class=\"vc_sep_line\"><\/span><\/span><span class=\"vc_sep_holder vc_sep_holder_r\"><span class=\"vc_sep_line\"><\/span><\/span>\n<\/div><\/div><\/div><\/div><\/div><div data-vc-full-width=\"true\" data-vc-full-width-init=\"false\" class=\"vc_row wpb_row vc_row-fluid additional-call-to-action vc_custom_1691588100630 vc_row-has-fill\"><div class=\"wpb_column vc_column_container vc_col-sm-12\"><div class=\"vc_column-inner\"><div class=\"wpb_wrapper\"><div class=\"vc_row wpb_row vc_inner vc_row-fluid\"><div class=\"wpb_column vc_column_container vc_col-sm-12 vc_col-lg-9 vc_col-md-12\"><div class=\"vc_column-inner\"><div class=\"wpb_wrapper\"><div class=\"feature-box-wrapper feature-box-style-1 shortcode-rand-14 induzy-inline-css feature-list-1\" data-css=\"&quot;.shortcode-rand-14.feature-box-wrapper { color: #000000; }.shortcode-rand-14.feature-box-wrapper {background: -moz-linear-gradient(141deg,  0%,  51%,  75%);\\r\\n\\t\\t\\t\\tbackground: -webkit-linear-gradient(141deg,  0%,  51%,  75%);\\r\\n\\t\\t\\t\\tbackground: linear-gradient(141deg,  0%,  51%,  75%);}.shortcode-rand-14 .feature-box-icon { font-size: 30px; }.shortcode-rand-14 .feature-box-icon { height: 60px; width: 60px; }.shortcode-rand-14 .feature-box-icon &gt; span { line-height: 2; }.shortcode-rand-14:hover .feature-box-icon { background: none; }&quot;\" ><div class=\"fbox-list\"><div class=\"media\"><div class=\"feature-box-icon mr-3 text-center rounded-circle none\"><span class=\"\"><\/span><\/div><!-- .feature-box-icon --><div class=\"media-body\"><div class=\"feature-box-title\"><h4 class=\"section-title\">\u00d8nsker du \u00e5 vite mer?<\/h4><\/div><!-- .feature-box-title --><div class=\"feature-box-content\">\u0421\u0432\u044f\u0436\u0438\u0442\u0435\u0441\u044c \u0441 \u043d\u0430\u043c\u0438, \u0447\u0442\u043e\u0431\u044b \u043f\u043e\u043b\u0443\u0447\u0438\u0442\u044c \u0431\u043e\u043b\u044c\u0448\u0435 \u0438\u043d\u0444\u043e\u0440\u043c\u0430\u0446\u0438\u0438!<\/div><!-- .feature-box-content --><\/div><\/div><\/div><\/div><!-- .feature-box-wrapper --><\/div><\/div><\/div><div class=\"wpb_column vc_column_container vc_col-sm-12 vc_col-lg-3 vc_col-md-12\"><div class=\"vc_column-inner vc_custom_1691588352947\"><div class=\"wpb_wrapper\"><div class=\"vc_btn3-container  additional-btn vc_btn3-right vc_custom_1691589162716 vc_do_btn\" ><a style=\"background-color:#06295e; color:#ffffff;\" class=\"vc_general vc_btn3 vc_btn3-size-md vc_btn3-shape-rounded vc_btn3-style-custom\" href=\"https:\/\/www.filtnor.no\/kontakt-oss\/\" title=\"\">Send foresp\u00f8rsel<\/a><\/div><\/div><\/div><\/div><\/div><\/div><\/div><\/div><\/div><div class=\"vc_row-full-width vc_clearfix\"><\/div>\n<\/div>","protected":false},"excerpt":{"rendered":"Filtrering ved batterigjenvinningVi har erfaring med pressfilter for gjjenvinning av batterier. V\u00e5re filterpresser til batteriproduksjon er spesialtilpasset for batterigjenvinning og filtrering av \"black mass\".Send foresp\u00f8rsel Optimalisert for \u00f8lbryggingV\u00e5r Roxia Smart Filter Press brewing edition er en helautomatisert filterpresse som er optimalisert for filtrering av \u00f8l. Dette er en smart-filterpresse, hvilket betyr at den er selvjusterende","protected":false},"author":1,"featured_media":0,"parent":4070,"menu_order":0,"comment_status":"closed","ping_status":"closed","template":"","meta":{"om_disable_all_campaigns":false,"footnotes":""},"class_list":["post-4336","page","type-page","status-publish","hentry"],"yoast_head":"<!-- This site is optimized with the Yoast SEO Premium plugin v26.1 (Yoast SEO v27.5) - https:\/\/yoast.com\/product\/yoast-seo-premium-wordpress\/ -->\n<title>Filters for Battery Recycling - Filtnor<\/title>\n<meta name=\"description\" content=\"Filterpresser til gjenvinning av batterier. V\u00e5re pressfilter er optimalisert for batterigjenvinning og filtrering av black mass.\" \/>\n<meta name=\"robots\" content=\"index, follow, max-snippet:-1, max-image-preview:large, max-video-preview:-1\" \/>\n<link rel=\"canonical\" href=\"https:\/\/www.filtnor.com\/ru\/\u043e\u0431\u043b\u0430\u0441\u0442\u0438-\u043f\u0440\u0438\u043c\u0435\u043d\u0435\u043d\u0438\u044f-\u043d\u0430\u043f\u043e\u0440\u043d\u044b\u0445-\u0444\u0438\u043b\u044c\u0442\u0440\u043e\/\u0444\u0438\u043b\u044c\u0442\u0440\u044b-\u0434\u043b\u044f-\u043f\u0435\u0440\u0435\u0440\u0430\u0431\u043e\u0442\u043a\u0438-\u0431\u0430\u0442\u0430\u0440\u0435\u0439\/\" \/>\n<meta property=\"og:locale\" content=\"ru_RU\" \/>\n<meta property=\"og:type\" content=\"article\" \/>\n<meta property=\"og:title\" content=\"Filters for Battery Recycling\" \/>\n<meta property=\"og:description\" content=\"Filterpresser til gjenvinning av batterier. V\u00e5re pressfilter er optimalisert for batterigjenvinning og filtrering av black mass.\" \/>\n<meta property=\"og:url\" content=\"https:\/\/www.filtnor.com\/ru\/\u043e\u0431\u043b\u0430\u0441\u0442\u0438-\u043f\u0440\u0438\u043c\u0435\u043d\u0435\u043d\u0438\u044f-\u043d\u0430\u043f\u043e\u0440\u043d\u044b\u0445-\u0444\u0438\u043b\u044c\u0442\u0440\u043e\/\u0444\u0438\u043b\u044c\u0442\u0440\u044b-\u0434\u043b\u044f-\u043f\u0435\u0440\u0435\u0440\u0430\u0431\u043e\u0442\u043a\u0438-\u0431\u0430\u0442\u0430\u0440\u0435\u0439\/\" \/>\n<meta property=\"og:site_name\" content=\"Filtnor\" \/>\n<meta property=\"article:modified_time\" content=\"2024-08-07T16:33:50+00:00\" \/>\n<meta name=\"twitter:card\" content=\"summary_large_image\" \/>\n<meta name=\"twitter:label1\" content=\"\u041f\u0440\u0438\u043c\u0435\u0440\u043d\u043e\u0435 \u0432\u0440\u0435\u043c\u044f \u0434\u043b\u044f \u0447\u0442\u0435\u043d\u0438\u044f\" \/>\n\t<meta name=\"twitter:data1\" content=\"2 \u043c\u0438\u043d\u0443\u0442\u044b\" \/>\n<script type=\"application\/ld+json\" class=\"yoast-schema-graph\">{\"@context\":\"https:\\\/\\\/schema.org\",\"@graph\":[{\"@type\":\"WebPage\",\"@id\":\"https:\\\/\\\/www.filtnor.com\\\/areas-of-use-for-pressure-filters\\\/filters-for-battery-recycling\\\/\",\"url\":\"https:\\\/\\\/www.filtnor.com\\\/areas-of-use-for-pressure-filters\\\/filters-for-battery-recycling\\\/\",\"name\":\"Filters for Battery Recycling - Filtnor\",\"isPartOf\":{\"@id\":\"https:\\\/\\\/www.filtnor.com\\\/#website\"},\"datePublished\":\"2024-04-11T18:03:07+00:00\",\"dateModified\":\"2024-08-07T16:33:50+00:00\",\"description\":\"Filterpresser til gjenvinning av batterier. V\u00e5re pressfilter er optimalisert for batterigjenvinning og filtrering av black mass.\",\"breadcrumb\":{\"@id\":\"https:\\\/\\\/www.filtnor.com\\\/areas-of-use-for-pressure-filters\\\/filters-for-battery-recycling\\\/#breadcrumb\"},\"inLanguage\":\"ru-RU\",\"potentialAction\":[{\"@type\":\"ReadAction\",\"target\":[\"https:\\\/\\\/www.filtnor.com\\\/areas-of-use-for-pressure-filters\\\/filters-for-battery-recycling\\\/\"]}]},{\"@type\":\"BreadcrumbList\",\"@id\":\"https:\\\/\\\/www.filtnor.com\\\/areas-of-use-for-pressure-filters\\\/filters-for-battery-recycling\\\/#breadcrumb\",\"itemListElement\":[{\"@type\":\"ListItem\",\"position\":1,\"name\":\"Home\",\"item\":\"https:\\\/\\\/www.filtnor.com\\\/\"},{\"@type\":\"ListItem\",\"position\":2,\"name\":\"Areas of Use for Pressure Filters\",\"item\":\"https:\\\/\\\/www.filtnor.com\\\/areas-of-use-for-pressure-filters\\\/\"},{\"@type\":\"ListItem\",\"position\":3,\"name\":\"Filters for Battery Recycling\"}]},{\"@type\":\"WebSite\",\"@id\":\"https:\\\/\\\/www.filtnor.com\\\/#website\",\"url\":\"https:\\\/\\\/www.filtnor.com\\\/\",\"name\":\"Filtnor\",\"description\":\"Filtration you can trust. Performance that lasts.\",\"potentialAction\":[{\"@type\":\"SearchAction\",\"target\":{\"@type\":\"EntryPoint\",\"urlTemplate\":\"https:\\\/\\\/www.filtnor.com\\\/?s={search_term_string}\"},\"query-input\":{\"@type\":\"PropertyValueSpecification\",\"valueRequired\":true,\"valueName\":\"search_term_string\"}}],\"inLanguage\":\"ru-RU\"}]}<\/script>\n<!-- \/ Yoast SEO Premium plugin. -->","yoast_head_json":{"title":"\u0424\u0438\u043b\u044c\u0442\u0440\u044b \u0434\u043b\u044f \u0443\u0442\u0438\u043b\u0438\u0437\u0430\u0446\u0438\u0438 \u0431\u0430\u0442\u0430\u0440\u0435\u0439 - Filtnor","description":"\u0424\u0438\u043b\u044c\u0442\u0440-\u043f\u0440\u0435\u0441\u0441 \u0434\u043b\u044f \u0430\u043a\u043a\u0443\u043c\u0443\u043b\u044f\u0442\u043e\u0440\u0430. \u041f\u0440\u0435\u0441\u0441-\u0444\u0438\u043b\u044c\u0442\u0440 \u043e\u043f\u0442\u0438\u043c\u0430\u043b\u044c\u043d\u043e \u043f\u043e\u0434\u0445\u043e\u0434\u0438\u0442 \u0434\u043b\u044f \u0441\u0431\u043e\u0440\u0430 \u0438 \u0444\u0438\u043b\u044c\u0442\u0440\u0430\u0446\u0438\u0438 \u0447\u0435\u0440\u043d\u043e\u0439 \u043c\u0430\u0441\u0441\u044b.","robots":{"index":"index","follow":"follow","max-snippet":"max-snippet:-1","max-image-preview":"max-image-preview:large","max-video-preview":"max-video-preview:-1"},"canonical":"https:\/\/www.filtnor.com\/ru\/\u043e\u0431\u043b\u0430\u0441\u0442\u0438-\u043f\u0440\u0438\u043c\u0435\u043d\u0435\u043d\u0438\u044f-\u043d\u0430\u043f\u043e\u0440\u043d\u044b\u0445-\u0444\u0438\u043b\u044c\u0442\u0440\u043e\/\u0444\u0438\u043b\u044c\u0442\u0440\u044b-\u0434\u043b\u044f-\u043f\u0435\u0440\u0435\u0440\u0430\u0431\u043e\u0442\u043a\u0438-\u0431\u0430\u0442\u0430\u0440\u0435\u0439\/","og_locale":"ru_RU","og_type":"article","og_title":"Filters for Battery Recycling","og_description":"Filterpresser til gjenvinning av batterier. V\u00e5re pressfilter er optimalisert for batterigjenvinning og filtrering av black mass.","og_url":"https:\/\/www.filtnor.com\/ru\/\u043e\u0431\u043b\u0430\u0441\u0442\u0438-\u043f\u0440\u0438\u043c\u0435\u043d\u0435\u043d\u0438\u044f-\u043d\u0430\u043f\u043e\u0440\u043d\u044b\u0445-\u0444\u0438\u043b\u044c\u0442\u0440\u043e\/\u0444\u0438\u043b\u044c\u0442\u0440\u044b-\u0434\u043b\u044f-\u043f\u0435\u0440\u0435\u0440\u0430\u0431\u043e\u0442\u043a\u0438-\u0431\u0430\u0442\u0430\u0440\u0435\u0439\/","og_site_name":"Filtnor","article_modified_time":"2024-08-07T16:33:50+00:00","twitter_card":"summary_large_image","twitter_misc":{"\u041f\u0440\u0438\u043c\u0435\u0440\u043d\u043e\u0435 \u0432\u0440\u0435\u043c\u044f \u0434\u043b\u044f \u0447\u0442\u0435\u043d\u0438\u044f":"2 \u043c\u0438\u043d\u0443\u0442\u044b"},"schema":{"@context":"https:\/\/schema.org","@graph":[{"@type":"WebPage","@id":"https:\/\/www.filtnor.com\/areas-of-use-for-pressure-filters\/filters-for-battery-recycling\/","url":"https:\/\/www.filtnor.com\/areas-of-use-for-pressure-filters\/filters-for-battery-recycling\/","name":"\u0424\u0438\u043b\u044c\u0442\u0440\u044b \u0434\u043b\u044f \u0443\u0442\u0438\u043b\u0438\u0437\u0430\u0446\u0438\u0438 \u0431\u0430\u0442\u0430\u0440\u0435\u0439 - Filtnor","isPartOf":{"@id":"https:\/\/www.filtnor.com\/#website"},"datePublished":"2024-04-11T18:03:07+00:00","dateModified":"2024-08-07T16:33:50+00:00","description":"\u0424\u0438\u043b\u044c\u0442\u0440-\u043f\u0440\u0435\u0441\u0441 \u0434\u043b\u044f \u0430\u043a\u043a\u0443\u043c\u0443\u043b\u044f\u0442\u043e\u0440\u0430. \u041f\u0440\u0435\u0441\u0441-\u0444\u0438\u043b\u044c\u0442\u0440 \u043e\u043f\u0442\u0438\u043c\u0430\u043b\u044c\u043d\u043e \u043f\u043e\u0434\u0445\u043e\u0434\u0438\u0442 \u0434\u043b\u044f \u0441\u0431\u043e\u0440\u0430 \u0438 \u0444\u0438\u043b\u044c\u0442\u0440\u0430\u0446\u0438\u0438 \u0447\u0435\u0440\u043d\u043e\u0439 \u043c\u0430\u0441\u0441\u044b.","breadcrumb":{"@id":"https:\/\/www.filtnor.com\/areas-of-use-for-pressure-filters\/filters-for-battery-recycling\/#breadcrumb"},"inLanguage":"ru-RU","potentialAction":[{"@type":"ReadAction","target":["https:\/\/www.filtnor.com\/areas-of-use-for-pressure-filters\/filters-for-battery-recycling\/"]}]},{"@type":"BreadcrumbList","@id":"https:\/\/www.filtnor.com\/areas-of-use-for-pressure-filters\/filters-for-battery-recycling\/#breadcrumb","itemListElement":[{"@type":"ListItem","position":1,"name":"Home","item":"https:\/\/www.filtnor.com\/"},{"@type":"ListItem","position":2,"name":"Areas of Use for Pressure Filters","item":"https:\/\/www.filtnor.com\/areas-of-use-for-pressure-filters\/"},{"@type":"ListItem","position":3,"name":"Filters for Battery Recycling"}]},{"@type":"WebSite","@id":"https:\/\/www.filtnor.com\/#website","url":"https:\/\/www.filtnor.com\/","name":"\u0424\u0438\u043b\u0442\u043d\u043e\u0440","description":"\u0424\u0438\u043b\u044c\u0442\u0440\u0430\u0446\u0438\u044f, \u043a\u043e\u0442\u043e\u0440\u043e\u0439 \u0432\u044b \u043c\u043e\u0436\u0435\u0442\u0435 \u0434\u043e\u0432\u0435\u0440\u044f\u0442\u044c. \u042d\u0444\u0444\u0435\u043a\u0442\u0438\u0432\u043d\u043e\u0441\u0442\u044c, \u043a\u043e\u0442\u043e\u0440\u0430\u044f \u0434\u043b\u0438\u0442\u0441\u044f \u0434\u043e\u043b\u0433\u043e.","potentialAction":[{"@type":"SearchAction","target":{"@type":"EntryPoint","urlTemplate":"https:\/\/www.filtnor.com\/?s={search_term_string}"},"query-input":{"@type":"PropertyValueSpecification","valueRequired":true,"valueName":"search_term_string"}}],"inLanguage":"ru-RU"}]}},"_links":{"self":[{"href":"https:\/\/www.filtnor.com\/ru\/wp-json\/wp\/v2\/pages\/4336","targetHints":{"allow":["GET"]}}],"collection":[{"href":"https:\/\/www.filtnor.com\/ru\/wp-json\/wp\/v2\/pages"}],"about":[{"href":"https:\/\/www.filtnor.com\/ru\/wp-json\/wp\/v2\/types\/page"}],"author":[{"embeddable":true,"href":"https:\/\/www.filtnor.com\/ru\/wp-json\/wp\/v2\/users\/1"}],"replies":[{"embeddable":true,"href":"https:\/\/www.filtnor.com\/ru\/wp-json\/wp\/v2\/comments?post=4336"}],"version-history":[{"count":2,"href":"https:\/\/www.filtnor.com\/ru\/wp-json\/wp\/v2\/pages\/4336\/revisions"}],"predecessor-version":[{"id":4936,"href":"https:\/\/www.filtnor.com\/ru\/wp-json\/wp\/v2\/pages\/4336\/revisions\/4936"}],"up":[{"embeddable":true,"href":"https:\/\/www.filtnor.com\/ru\/wp-json\/wp\/v2\/pages\/4070"}],"wp:attachment":[{"href":"https:\/\/www.filtnor.com\/ru\/wp-json\/wp\/v2\/media?parent=4336"}],"curies":[{"name":"WP","href":"https:\/\/api.w.org\/{rel}","templated":true}]}}