{"id":6305,"date":"2025-11-11T14:06:32","date_gmt":"2025-11-11T13:06:32","guid":{"rendered":"https:\/\/www.filtnor.com\/?page_id=6305"},"modified":"2025-11-11T14:22:56","modified_gmt":"2025-11-11T13:22:56","slug":"filtre-for-betongproduksjon","status":"publish","type":"page","link":"https:\/\/www.filtnor.com\/no\/bruksomrader-for-trykkfiltre\/filtre-for-betongproduksjon\/","title":{"rendered":"Filtre for betongproduksjon"},"content":{"rendered":"<div class=\"wpb-content-wrapper\"><div class=\"vc_row wpb_row vc_row-fluid vc_custom_1762867343120\"><div class=\"wpb_column vc_column_container vc_col-sm-12 vc_col-lg-6 vc_col-md-6\"><div class=\"vc_column-inner\"><div class=\"wpb_wrapper\"><div class=\"section-title-wrapper shortcode-rand-2 induzy-inline-css\" data-css=\"&quot;.shortcode-rand-2 .title-separator.separator-border { background-color: ; }.shortcode-rand-2 .section-title { text-transform: none; }&quot;\"><div class=\"title-wrap\"><h2 class=\"section-title\">Filtreringsl\u00f8sninger for betongproduksjon<\/h2><span class=\"title-separator separator-border theme-color-bg\"><\/span><\/div><!-- .title-wrap --><div class=\"section-description\">I betongproduksjon er h\u00e5ndtering av prosessvann og slam avgj\u00f8rende for b\u00e5de driftseffektivitet og milj\u00f8samsvar. Filterpresser er en velpr\u00f8vd l\u00f8sning for \u00e5 separere faste stoffer og v\u00e6sker fra vaskevann som genereres under betongblanding, vasking av tilslag og rengj\u00f8ring av betongbiler.<\/p>\n<p>Ved \u00e5 bruke en filterpresse kan betongprodusenter gjenvinne rent vann for gjenbruk i produksjonen, samtidig som det avvannede slammet enkelt kan h\u00e5ndteres og avhendes. Dette reduserer ikke bare avfallsmengden, men minimerer ogs\u00e5 behovet for kostbare vannbehandlings- og utslippsavgifter \u2013 noe som gir b\u00e5de \u00f8konomiske og milj\u00f8messige fordeler.<\/p>\n<p>Filtnor leverer komplette filtreringsl\u00f8sninger for betonganlegg, inkludert filterpresser, reservedeler og teknisk st\u00f8tte for optimalisering og service. V\u00e5r erfaring fra industriell prosessfiltrering sikrer p\u00e5litelig drift selv i krevende applikasjoner som betongvaskevann.<\/div><!-- .section-description --><\/div><!-- .section-title-wrapper --><div class=\"feature-box-wrapper feature-box-style-1 vc_custom_1762866973136 shortcode-rand-3 induzy-inline-css\" data-css=\"&quot;.shortcode-rand-3.feature-box-wrapper {background: -moz-linear-gradient(141deg,  0%,  51%,  75%);\\r\\n\\t\\t\\t\\tbackground: -webkit-linear-gradient(141deg,  0%,  51%,  75%);\\r\\n\\t\\t\\t\\tbackground: linear-gradient(141deg,  0%,  51%,  75%);}.shortcode-rand-3 .feature-box-icon { font-size: 24px; }.shortcode-rand-3 .feature-box-icon { height: 48px; width: 48px; }.shortcode-rand-3 .feature-box-icon &gt; span { line-height: 2; }.shortcode-rand-3:hover .feature-box-icon { background: none; }&quot;\" ><div class=\"feature-box-btn\"><a class=\"btn default\" href=\"https:\/\/www.filtnor.com\/no\/kontakt-oss\/\" title=\"SEND FORESP\u00d8RSEL \u00bb\">SEND FORESP\u00d8RSEL \u00bb<\/a><\/div><!-- .feature-box-btn --><\/div><!-- .feature-box-wrapper --><\/div><\/div><\/div><div class=\"wpb_column vc_column_container vc_col-sm-12 vc_col-lg-6 vc_col-md-6\"><div class=\"vc_column-inner\"><div class=\"wpb_wrapper\">\n\t<div  class=\"wpb_single_image wpb_content_element vc_align_left wpb_content_element\">\n\t\t\n\t\t<figure class=\"wpb_wrapper vc_figure\">\n\t\t\t<div class=\"vc_single_image-wrapper   vc_box_border_grey\"><img loading=\"lazy\" decoding=\"async\" width=\"1024\" height=\"1024\" src=\"https:\/\/www.filtnor.com\/wp-content\/uploads\/2025\/11\/areas-of-use_concrete-production.png\" class=\"vc_single_image-img attachment-full\" alt=\"Filterduker til filterpresse brukt i betongproduksjon for \u00e5 rense og resirkulere vaskevann.\" title=\"filterduk-betongproduksjon-filtnor\" srcset=\"https:\/\/www.filtnor.com\/wp-content\/uploads\/2025\/11\/areas-of-use_concrete-production.png 1024w, https:\/\/www.filtnor.com\/wp-content\/uploads\/2025\/11\/areas-of-use_concrete-production-80x80.png 80w, https:\/\/www.filtnor.com\/wp-content\/uploads\/2025\/11\/areas-of-use_concrete-production-768x768.png 768w, https:\/\/www.filtnor.com\/wp-content\/uploads\/2025\/11\/areas-of-use_concrete-production-12x12.png 12w, https:\/\/www.filtnor.com\/wp-content\/uploads\/2025\/11\/areas-of-use_concrete-production-600x600.png 600w, https:\/\/www.filtnor.com\/wp-content\/uploads\/2025\/11\/areas-of-use_concrete-production-300x300.png 300w, https:\/\/www.filtnor.com\/wp-content\/uploads\/2025\/11\/areas-of-use_concrete-production-100x100.png 100w\" sizes=\"auto, (max-width: 1024px) 100vw, 1024px\" \/><\/div>\n\t\t<\/figure>\n\t<\/div>\n<\/div><\/div><\/div><\/div><div class=\"vc_row wpb_row vc_row-fluid vc_custom_1691588774257\"><div class=\"wpb_column vc_column_container vc_col-sm-6\"><div class=\"vc_column-inner\"><div class=\"wpb_wrapper\"><div class=\"section-title-wrapper shortcode-rand-5 induzy-inline-css\" data-css=\"&quot;.shortcode-rand-5 .title-separator.separator-border { background-color: ; }.shortcode-rand-5 .section-title { text-transform: none; }&quot;\"><div class=\"title-wrap\"><h4 class=\"section-title\">Filterduker for filterpresser i betongproduksjon<\/h4><span class=\"title-separator separator-border theme-color-bg\"><\/span><\/div><!-- .title-wrap --><div class=\"section-description\"><\/p>\n<p data-start=\"1289\" data-end=\"1584\">Filterduken er den viktigste komponenten i en filterpresse, og bestemmer direkte filtreringseffektivitet, kaket\u00f8rrhet og syklustid. I betongapplikasjoner utsettes dukene for slipende partikler som sand og sementrester, noe som krever slitesterke og presist tilpassede materialer.<\/p>\n<p data-start=\"1586\" data-end=\"1788\">Filtnor tilbyr skreddersydde filterduker for alle vanlige filterpressemodeller som brukes i betongindustrien. Dukene v\u00e5re er produsert av monofilament- eller multifilamentstoffer av h\u00f8y kvalitet, optimalisert for:<\/p>\n<ul data-start=\"1789\" data-end=\"2052\">\n<li data-start=\"1789\" data-end=\"1841\">\n<p data-start=\"1791\" data-end=\"1841\"><strong data-start=\"1791\" data-end=\"1819\">H\u00f8y mekanisk styrke<\/strong> og slitestyrke<\/p>\n<\/li>\n<li data-start=\"1842\" data-end=\"1908\">\n<p data-start=\"1844\" data-end=\"1908\"><strong data-start=\"1844\" data-end=\"1874\">Utmerket filtratklarhet<\/strong> selv med fine sementpartikler<\/p>\n<\/li>\n<li data-start=\"1909\" data-end=\"1975\">\n<p data-start=\"1911\" data-end=\"1975\"><strong data-start=\"1911\" data-end=\"1937\">Effektiv kakeutl\u00f8sning<\/strong> for raske og rene utladningssykluser<\/p>\n<\/li>\n<li data-start=\"1976\" data-end=\"2052\">\n<p data-start=\"1978\" data-end=\"2052\"><strong data-start=\"1978\" data-end=\"1997\">Presis montering<\/strong> i henhold til platedimensjoner og hullkonfigurasjon<\/p>\n<\/li>\n<\/ul>\n<p data-start=\"2054\" data-end=\"2320\">Vi leverer kl\u00e6r til <strong data-start=\"2075\" data-end=\"2114\">kammer- og membranfilterpresser<\/strong> fra ulike produsenter og kan bist\u00e5 med b\u00e5de optimalisering og utskiftingsplanlegging. Enten du trenger en enkelt klut eller et komplett sett, s\u00f8rger Filtnor for riktig design og materiale for prosessen din.<\/p>\n<p><\/div><!-- .section-description --><\/div><!-- .section-title-wrapper --><\/div><\/div><\/div><div class=\"wpb_column vc_column_container vc_col-sm-6\"><div class=\"vc_column-inner\"><div class=\"wpb_wrapper\"><div class=\"section-title-wrapper margin-bottom-30 shortcode-rand-6 induzy-inline-css\" data-css=\"&quot;.shortcode-rand-6 .title-separator.separator-border { background-color: ; }.shortcode-rand-6 .section-title { text-transform: none; }&quot;\"><div class=\"title-wrap\"><h4 class=\"section-title\">Noen fordeler med filterduken v\u00e5r<\/h4><span class=\"title-separator separator-border theme-color-bg\"><\/span><\/div><!-- .title-wrap --><div class=\"section-description\"><\/div><!-- .section-description --><\/div><!-- .section-title-wrapper --><div class=\"list-item-wrapper\" data-css=\"&quot;&quot;\"><div class=\"list-item-inner\" data-css=\"&quot;&quot;\"><div class=\"list-item-title media\"><span class=\"mr-3 icon-light fa fa-solid fa-check\"><\/span><div class=\"media-body align-self-center list-item-desc\">Lang levetid \u2013 H\u00f8y mekanisk styrke og slitestyrke for betongslam.<\/div><\/div><!-- .list-item-title --><\/div><!-- .list-item-inner --><div class=\"list-item-inner\" data-css=\"&quot;&quot;\"><div class=\"list-item-title media\"><span class=\"mr-3 icon-light fa fa-solid fa-check\"><\/span><div class=\"media-body align-self-center list-item-desc\">Rent filtrat \u2013 Optimalisert stoffstruktur sikrer utmerket klarhet i resirkulert vann.<\/div><\/div><!-- .list-item-title --><\/div><!-- .list-item-inner --><div class=\"list-item-inner\" data-css=\"&quot;&quot;\"><div class=\"list-item-title media\"><span class=\"mr-3 icon-light fa fa-solid fa-check\"><\/span><div class=\"media-body align-self-center list-item-desc\">Enkel kakeutl\u00f8sning \u2013 Glatt overflate og presis passform reduserer syklustid og rengj\u00f8ringsarbeid.<\/div><\/div><!-- .list-item-title --><\/div><!-- .list-item-inner --><div class=\"list-item-inner\" data-css=\"&quot;&quot;\"><div class=\"list-item-title media\"><span class=\"mr-3 icon-light fa fa-solid fa-check\"><\/span><div class=\"media-body align-self-center list-item-desc\">Perfekt passform \u2013 Skreddersydd for hver filterpressetype for optimal tetting og ytelse.<\/div><\/div><!-- .list-item-title --><\/div><!-- .list-item-inner --><\/div><!-- .list-item-wrapper --><\/div><\/div><\/div><\/div><div data-vc-full-width=\"true\" data-vc-full-width-init=\"false\" class=\"vc_row wpb_row vc_row-fluid additional-call-to-action vc_custom_1691588100630 vc_row-has-fill\"><div class=\"wpb_column vc_column_container vc_col-sm-12\"><div class=\"vc_column-inner\"><div class=\"wpb_wrapper\"><div class=\"vc_row wpb_row vc_inner vc_row-fluid\"><div class=\"wpb_column vc_column_container vc_col-sm-12 vc_col-lg-9 vc_col-md-12\"><div class=\"vc_column-inner\"><div class=\"wpb_wrapper\"><div class=\"feature-box-wrapper feature-box-style-1 shortcode-rand-13 induzy-inline-css feature-list-1\" data-css=\"&quot;.shortcode-rand-13.feature-box-wrapper { color: #000000; }.shortcode-rand-13.feature-box-wrapper {background: -moz-linear-gradient(141deg,  0%,  51%,  75%);\\r\\n\\t\\t\\t\\tbackground: -webkit-linear-gradient(141deg,  0%,  51%,  75%);\\r\\n\\t\\t\\t\\tbackground: linear-gradient(141deg,  0%,  51%,  75%);}.shortcode-rand-13 .feature-box-icon { font-size: 30px; }.shortcode-rand-13 .feature-box-icon { height: 60px; width: 60px; }.shortcode-rand-13 .feature-box-icon &gt; span { line-height: 2; }.shortcode-rand-13:hover .feature-box-icon { background: none; }&quot;\" ><div class=\"fbox-list\"><div class=\"media\"><div class=\"feature-box-icon mr-3 text-center rounded-circle none\"><span class=\"\"><\/span><\/div><!-- .feature-box-icon --><div class=\"media-body\"><div class=\"feature-box-title\"><h4 class=\"section-title\">Finner du ikke det du leter etter?<\/h4><\/div><!-- .feature-box-title --><div class=\"feature-box-content\">Kontakt oss s\u00e5 hjelper vi deg \u00e5 finne ut!<\/div><!-- .feature-box-content --><\/div><\/div><\/div><\/div><!-- .feature-box-wrapper --><\/div><\/div><\/div><div class=\"wpb_column vc_column_container vc_col-sm-12 vc_col-lg-3 vc_col-md-12\"><div class=\"vc_column-inner vc_custom_1691588352947\"><div class=\"wpb_wrapper\"><div class=\"vc_btn3-container  additional-btn vc_btn3-right vc_custom_1762866940096 vc_do_btn\" ><a style=\"background-color:#06295e; color:#ffffff;\" class=\"vc_general vc_btn3 vc_btn3-size-md vc_btn3-shape-rounded vc_btn3-style-custom\" href=\"https:\/\/www.filtnor.com\/no\/kontakt-oss\/\" title=\"Kontakt oss\">SEND FORESP\u00d8RSEL \u00bb<\/a><\/div><\/div><\/div><\/div><\/div><\/div><\/div><\/div><\/div><div class=\"vc_row-full-width vc_clearfix\"><\/div>\n<\/div>","protected":false},"excerpt":{"rendered":"Filtreringsl\u00f8sninger for betongproduksjonI betongproduksjon er h\u00e5ndtering av prosessvann og slam avgj\u00f8rende for b\u00e5de driftseffektivitet og milj\u00f8samsvar. Filterpresser er en velpr\u00f8vd l\u00f8sning for \u00e5 separere faste stoffer og v\u00e6sker fra vaskevann som genereres under betongblanding, vasking av tilslag og rengj\u00f8ring av betongbiler. Ved \u00e5 bruke en filterpresse kan betongprodusenter","protected":false},"author":1,"featured_media":0,"parent":4070,"menu_order":0,"comment_status":"closed","ping_status":"closed","template":"","meta":{"om_disable_all_campaigns":false,"footnotes":""},"class_list":["post-6305","page","type-page","status-publish","hentry"],"yoast_head":"<!-- This site is optimized with the Yoast SEO Premium plugin v26.1 (Yoast SEO v27.5) - https:\/\/yoast.com\/product\/yoast-seo-premium-wordpress\/ -->\n<title>Filters for Concrete Production - Filtnor<\/title>\n<meta name=\"description\" content=\"Filter presses and filter cloths for concrete production \u2013 long lifetime, clean filtrate, fast release, and perfect fit for all filter presses.\" \/>\n<meta name=\"robots\" content=\"index, follow, max-snippet:-1, max-image-preview:large, max-video-preview:-1\" \/>\n<link rel=\"canonical\" href=\"https:\/\/www.filtnor.com\/no\/bruksomrader-for-trykkfiltre\/filtre-for-betongproduksjon\/\" \/>\n<meta property=\"og:locale\" content=\"nb_NO\" \/>\n<meta property=\"og:type\" content=\"article\" \/>\n<meta property=\"og:title\" content=\"Filters for Concrete Production\" \/>\n<meta property=\"og:description\" content=\"Filter presses and filter cloths for concrete production \u2013 long lifetime, clean filtrate, fast release, and perfect fit for all filter presses.\" \/>\n<meta property=\"og:url\" content=\"https:\/\/www.filtnor.com\/no\/bruksomrader-for-trykkfiltre\/filtre-for-betongproduksjon\/\" \/>\n<meta property=\"og:site_name\" content=\"Filtnor\" \/>\n<meta property=\"article:modified_time\" content=\"2025-11-11T13:22:56+00:00\" \/>\n<meta name=\"twitter:card\" content=\"summary_large_image\" \/>\n<meta name=\"twitter:label1\" content=\"Ansl. lesetid\" \/>\n\t<meta name=\"twitter:data1\" content=\"3 minutter\" \/>\n<script type=\"application\/ld+json\" class=\"yoast-schema-graph\">{\"@context\":\"https:\\\/\\\/schema.org\",\"@graph\":[{\"@type\":\"WebPage\",\"@id\":\"https:\\\/\\\/www.filtnor.com\\\/areas-of-use-for-pressure-filters\\\/filters-for-concrete-production\\\/\",\"url\":\"https:\\\/\\\/www.filtnor.com\\\/areas-of-use-for-pressure-filters\\\/filters-for-concrete-production\\\/\",\"name\":\"Filters for Concrete Production - Filtnor\",\"isPartOf\":{\"@id\":\"https:\\\/\\\/www.filtnor.com\\\/#website\"},\"datePublished\":\"2025-11-11T13:06:32+00:00\",\"dateModified\":\"2025-11-11T13:22:56+00:00\",\"description\":\"Filter presses and filter cloths for concrete production \u2013 long lifetime, clean filtrate, fast release, and perfect fit for all filter presses.\",\"breadcrumb\":{\"@id\":\"https:\\\/\\\/www.filtnor.com\\\/areas-of-use-for-pressure-filters\\\/filters-for-concrete-production\\\/#breadcrumb\"},\"inLanguage\":\"nb-NO\",\"potentialAction\":[{\"@type\":\"ReadAction\",\"target\":[\"https:\\\/\\\/www.filtnor.com\\\/areas-of-use-for-pressure-filters\\\/filters-for-concrete-production\\\/\"]}]},{\"@type\":\"BreadcrumbList\",\"@id\":\"https:\\\/\\\/www.filtnor.com\\\/areas-of-use-for-pressure-filters\\\/filters-for-concrete-production\\\/#breadcrumb\",\"itemListElement\":[{\"@type\":\"ListItem\",\"position\":1,\"name\":\"Home\",\"item\":\"https:\\\/\\\/www.filtnor.com\\\/\"},{\"@type\":\"ListItem\",\"position\":2,\"name\":\"Areas of Use for Pressure Filters\",\"item\":\"https:\\\/\\\/www.filtnor.com\\\/areas-of-use-for-pressure-filters\\\/\"},{\"@type\":\"ListItem\",\"position\":3,\"name\":\"Filters for Concrete Production\"}]},{\"@type\":\"WebSite\",\"@id\":\"https:\\\/\\\/www.filtnor.com\\\/#website\",\"url\":\"https:\\\/\\\/www.filtnor.com\\\/\",\"name\":\"Filtnor\",\"description\":\"Filtration you can trust. Performance that lasts.\",\"potentialAction\":[{\"@type\":\"SearchAction\",\"target\":{\"@type\":\"EntryPoint\",\"urlTemplate\":\"https:\\\/\\\/www.filtnor.com\\\/?s={search_term_string}\"},\"query-input\":{\"@type\":\"PropertyValueSpecification\",\"valueRequired\":true,\"valueName\":\"search_term_string\"}}],\"inLanguage\":\"nb-NO\"}]}<\/script>\n<!-- \/ Yoast SEO Premium plugin. -->","yoast_head_json":{"title":"Filtre for betongproduksjon - Filtnor","description":"Filterpresser og filterduker for betongproduksjon \u2013 lang levetid, rent filtrat, rask frigj\u00f8ring og perfekt passform for alle filterpresser.","robots":{"index":"index","follow":"follow","max-snippet":"max-snippet:-1","max-image-preview":"max-image-preview:large","max-video-preview":"max-video-preview:-1"},"canonical":"https:\/\/www.filtnor.com\/no\/bruksomrader-for-trykkfiltre\/filtre-for-betongproduksjon\/","og_locale":"nb_NO","og_type":"article","og_title":"Filters for Concrete Production","og_description":"Filter presses and filter cloths for concrete production \u2013 long lifetime, clean filtrate, fast release, and perfect fit for all filter presses.","og_url":"https:\/\/www.filtnor.com\/no\/bruksomrader-for-trykkfiltre\/filtre-for-betongproduksjon\/","og_site_name":"Filtnor","article_modified_time":"2025-11-11T13:22:56+00:00","twitter_card":"summary_large_image","twitter_misc":{"Ansl. lesetid":"3 minutter"},"schema":{"@context":"https:\/\/schema.org","@graph":[{"@type":"WebPage","@id":"https:\/\/www.filtnor.com\/areas-of-use-for-pressure-filters\/filters-for-concrete-production\/","url":"https:\/\/www.filtnor.com\/areas-of-use-for-pressure-filters\/filters-for-concrete-production\/","name":"Filtre for betongproduksjon - Filtnor","isPartOf":{"@id":"https:\/\/www.filtnor.com\/#website"},"datePublished":"2025-11-11T13:06:32+00:00","dateModified":"2025-11-11T13:22:56+00:00","description":"Filterpresser og filterduker for betongproduksjon \u2013 lang levetid, rent filtrat, rask frigj\u00f8ring og perfekt passform for alle filterpresser.","breadcrumb":{"@id":"https:\/\/www.filtnor.com\/areas-of-use-for-pressure-filters\/filters-for-concrete-production\/#breadcrumb"},"inLanguage":"nb-NO","potentialAction":[{"@type":"ReadAction","target":["https:\/\/www.filtnor.com\/areas-of-use-for-pressure-filters\/filters-for-concrete-production\/"]}]},{"@type":"BreadcrumbList","@id":"https:\/\/www.filtnor.com\/areas-of-use-for-pressure-filters\/filters-for-concrete-production\/#breadcrumb","itemListElement":[{"@type":"ListItem","position":1,"name":"Home","item":"https:\/\/www.filtnor.com\/"},{"@type":"ListItem","position":2,"name":"Areas of Use for Pressure Filters","item":"https:\/\/www.filtnor.com\/areas-of-use-for-pressure-filters\/"},{"@type":"ListItem","position":3,"name":"Filters for Concrete Production"}]},{"@type":"WebSite","@id":"https:\/\/www.filtnor.com\/#website","url":"https:\/\/www.filtnor.com\/","name":"Filtnor","description":"Filtrering du kan stole p\u00e5. Ytelse som varer.","potentialAction":[{"@type":"SearchAction","target":{"@type":"EntryPoint","urlTemplate":"https:\/\/www.filtnor.com\/?s={search_term_string}"},"query-input":{"@type":"PropertyValueSpecification","valueRequired":true,"valueName":"search_term_string"}}],"inLanguage":"nb-NO"}]}},"_links":{"self":[{"href":"https:\/\/www.filtnor.com\/no\/wp-json\/wp\/v2\/pages\/6305","targetHints":{"allow":["GET"]}}],"collection":[{"href":"https:\/\/www.filtnor.com\/no\/wp-json\/wp\/v2\/pages"}],"about":[{"href":"https:\/\/www.filtnor.com\/no\/wp-json\/wp\/v2\/types\/page"}],"author":[{"embeddable":true,"href":"https:\/\/www.filtnor.com\/no\/wp-json\/wp\/v2\/users\/1"}],"replies":[{"embeddable":true,"href":"https:\/\/www.filtnor.com\/no\/wp-json\/wp\/v2\/comments?post=6305"}],"version-history":[{"count":9,"href":"https:\/\/www.filtnor.com\/no\/wp-json\/wp\/v2\/pages\/6305\/revisions"}],"predecessor-version":[{"id":6316,"href":"https:\/\/www.filtnor.com\/no\/wp-json\/wp\/v2\/pages\/6305\/revisions\/6316"}],"up":[{"embeddable":true,"href":"https:\/\/www.filtnor.com\/no\/wp-json\/wp\/v2\/pages\/4070"}],"wp:attachment":[{"href":"https:\/\/www.filtnor.com\/no\/wp-json\/wp\/v2\/media?parent=6305"}],"curies":[{"name":"wp","href":"https:\/\/api.w.org\/{rel}","templated":true}]}}