{"id":5842,"date":"2025-03-12T20:38:54","date_gmt":"2025-03-12T19:38:54","guid":{"rendered":"https:\/\/www.filtnor.com\/?page_id=5842"},"modified":"2025-04-22T19:37:58","modified_gmt":"2025-04-22T17:37:58","slug":"bakelitt","status":"publish","type":"page","link":"https:\/\/www.filtnor.com\/no\/produkter\/materialer\/bakelitt\/","title":{"rendered":"Bakelitt"},"content":{"rendered":"<div class=\"wpb-content-wrapper\"><div class=\"vc_row wpb_row vc_row-fluid vc_custom_1709489854154\"><div class=\"wpb_column vc_column_container vc_col-sm-12\"><div class=\"vc_column-inner\"><div class=\"wpb_wrapper\"><div class=\"section-title-wrapper shortcode-rand-2 induzy-inline-css\" data-css=\"&quot;.shortcode-rand-2 .title-separator.separator-border { background-color: ; }.shortcode-rand-2 .section-title { text-transform: none; }&quot;\"><div class=\"title-wrap\"><h4 class=\"section-title\">Industribakelitt <span class=\"title-suffix theme-color\">(Papir- og tekstilkvaliteter)<\/span><\/h4><span class=\"title-separator separator-border theme-color-bg\"><\/span><\/div><!-- .title-wrap --><div class=\"section-description\">Bakelitt er en termoherdende fenol-formaldehyd-harpiks, anerkjent som verdens f\u00f8rste syntetiske plast. Bakelitt er kjent for sin eksepsjonelle varmebestandighet, elektriske ikke-ledningsevne og mekaniske styrke, noe som gj\u00f8r den ideell for et bredt spekter av industrielle bruksomr\u00e5der.<\/p>\n<p>Filtnor leverer industriell kvalitetsbakelitt i b\u00e5de papirbasert versjon og bomullsbasert tekstilstoff (lerret) versjon, designet for krevende mekaniske og elektriske applikasjoner. Bakelittmaterialene v\u00e5re er kjent for sin h\u00f8ye styrke, varmebestandighet og utmerkede dimensjonsstabilitet.<\/p>\n<p>Vi tilbyr bakelitt som plater, stenger, r\u00f8r og ferdigbearbeidede deler produsert i henhold til dine spesifikke tegninger og krav. Enten du trenger den glatte finishen til papirbakelitt eller den robuste holdbarheten til lerretsbakelitt, leverer vi skreddersydde l\u00f8sninger for dine industrielle behov.<\/div><!-- .section-description --><\/div><!-- .section-title-wrapper --><\/div><\/div><\/div><\/div><div class=\"vc_row wpb_row vc_row-fluid vc_custom_1709405342198\"><div class=\"wpb_column vc_column_container vc_col-sm-12 vc_col-lg-6 vc_col-md-6\"><div class=\"vc_column-inner\"><div class=\"wpb_wrapper\"><div class=\"section-title-wrapper shortcode-rand-4 induzy-inline-css\" data-css=\"&quot;.shortcode-rand-4 .title-separator.separator-border { background-color: ; }.shortcode-rand-4 .section-title { text-transform: none; }&quot;\"><div class=\"title-wrap\"><h2 class=\"section-title\">Papirbakelitt<\/h2><span class=\"title-separator separator-border theme-color-bg\"><\/span><\/div><!-- .title-wrap --><div class=\"section-description\">Papirbakelitt er et h\u00f8ytrykkslaminert fenolpapir med utmerket elektrisk isolasjon ved lav luftfuktighet. Den tilbyr god bearbeidbarhet og h\u00f8y slagfasthet for allsidige bruksomr\u00e5der.<\/div><!-- .section-description --><\/div><!-- .section-title-wrapper --><div class=\"feature-box-wrapper feature-box-style-1 vc_custom_1741290287997 shortcode-rand-5 induzy-inline-css\" data-css=\"&quot;.shortcode-rand-5.feature-box-wrapper {background: -moz-linear-gradient(141deg,  0%,  51%,  75%);\\r\\n\\t\\t\\t\\tbackground: -webkit-linear-gradient(141deg,  0%,  51%,  75%);\\r\\n\\t\\t\\t\\tbackground: linear-gradient(141deg,  0%,  51%,  75%);}.shortcode-rand-5 .feature-box-icon { font-size: 24px; }.shortcode-rand-5 .feature-box-icon { height: 48px; width: 48px; }.shortcode-rand-5 .feature-box-icon &gt; span { line-height: 2; }.shortcode-rand-5:hover .feature-box-icon { background: none; }&quot;\" ><div class=\"feature-box-btn\"><a class=\"btn default\" href=\"https:\/\/www.filtnor.com\/no\/kontakt-oss\/\" title=\"SEND FORESP\u00d8RSEL \u00bb\">SEND FORESP\u00d8RSEL \u00bb<\/a><\/div><!-- .feature-box-btn --><\/div><!-- .feature-box-wrapper --><\/div><\/div><\/div><div class=\"wpb_column vc_column_container vc_col-sm-12 vc_col-lg-6 vc_col-md-6\"><div class=\"vc_column-inner\"><div class=\"wpb_wrapper\">\n\t<div  class=\"wpb_single_image wpb_content_element vc_align_left wpb_content_element\">\n\t\t\n\t\t<figure class=\"wpb_wrapper vc_figure\">\n\t\t\t<div class=\"vc_single_image-wrapper   vc_box_border_grey\"><img loading=\"lazy\" decoding=\"async\" width=\"768\" height=\"456\" src=\"https:\/\/www.filtnor.com\/wp-content\/uploads\/2025\/04\/products_materials_bakelite_002-768x456.png\" class=\"vc_single_image-img attachment-medium\" alt=\"Tekstillerret bakelitt og papirbakelitt\" title=\"produkter_materialer_bakelitt_002\" srcset=\"https:\/\/www.filtnor.com\/wp-content\/uploads\/2025\/04\/products_materials_bakelite_002-768x456.png 768w, https:\/\/www.filtnor.com\/wp-content\/uploads\/2025\/04\/products_materials_bakelite_002-440x260.png 440w, https:\/\/www.filtnor.com\/wp-content\/uploads\/2025\/04\/products_materials_bakelite_002-390x231.png 390w, https:\/\/www.filtnor.com\/wp-content\/uploads\/2025\/04\/products_materials_bakelite_002-220x130.png 220w\" sizes=\"auto, (max-width: 768px) 100vw, 768px\" \/><\/div>\n\t\t<\/figure>\n\t<\/div>\n<\/div><\/div><\/div><\/div><div class=\"vc_row wpb_row vc_row-fluid vc_custom_1691587893368\"><div class=\"wpb_column vc_column_container vc_col-sm-12\"><div class=\"vc_column-inner\"><div class=\"wpb_wrapper\"><div class=\"vc_separator wpb_content_element vc_separator_align_center vc_sep_width_100 vc_sep_dashed vc_sep_pos_align_center vc_separator_no_text wpb_content_element  wpb_content_element\" ><span class=\"vc_sep_holder vc_sep_holder_l\"><span class=\"vc_sep_line\"><\/span><\/span><span class=\"vc_sep_holder vc_sep_holder_r\"><span class=\"vc_sep_line\"><\/span><\/span>\n<\/div><\/div><\/div><\/div><\/div><div class=\"vc_row wpb_row vc_row-fluid vc_custom_1741289653871\"><div class=\"wpb_column vc_column_container vc_col-sm-12 vc_col-lg-6 vc_col-md-6\"><div class=\"vc_column-inner\"><div class=\"wpb_wrapper\"><div class=\"section-title-wrapper shortcode-rand-8 induzy-inline-css\" data-css=\"&quot;.shortcode-rand-8 .title-separator.separator-border { background-color: ; }.shortcode-rand-8 .section-title { text-transform: none; }&quot;\"><div class=\"title-wrap\"><h2 class=\"section-title\">Tekstil bakelitt<\/h2><span class=\"title-separator separator-border theme-color-bg\"><\/span><\/div><!-- .title-wrap --><div class=\"section-description\">Tekstilbakelitt, eller ogs\u00e5 kjent som lerretsbakelitt, er et slitesterkt laminat laget av fenolimpregnert bomullsstoff, og tilbyr utmerket mekanisk styrke for ulike bruksomr\u00e5der.<\/div><!-- .section-description --><\/div><!-- .section-title-wrapper --><div class=\"feature-box-wrapper feature-box-style-1 vc_custom_1741290315449 shortcode-rand-9 induzy-inline-css\" data-css=\"&quot;.shortcode-rand-9.feature-box-wrapper {background: -moz-linear-gradient(141deg,  0%,  51%,  75%);\\r\\n\\t\\t\\t\\tbackground: -webkit-linear-gradient(141deg,  0%,  51%,  75%);\\r\\n\\t\\t\\t\\tbackground: linear-gradient(141deg,  0%,  51%,  75%);}.shortcode-rand-9 .feature-box-icon { font-size: 24px; }.shortcode-rand-9 .feature-box-icon { height: 48px; width: 48px; }.shortcode-rand-9 .feature-box-icon &gt; span { line-height: 2; }.shortcode-rand-9:hover .feature-box-icon { background: none; }&quot;\" ><div class=\"feature-box-btn\"><a class=\"btn default\" href=\"https:\/\/www.filtnor.com\/no\/kontakt-oss\/\" title=\"SEND FORESP\u00d8RSEL \u00bb\">SEND FORESP\u00d8RSEL \u00bb<\/a><\/div><!-- .feature-box-btn --><\/div><!-- .feature-box-wrapper --><\/div><\/div><\/div><div class=\"wpb_column vc_column_container vc_col-sm-12 vc_col-lg-6 vc_col-md-6\"><div class=\"vc_column-inner\"><div class=\"wpb_wrapper\">\n\t<div  class=\"wpb_single_image wpb_content_element vc_align_left wpb_content_element\">\n\t\t\n\t\t<figure class=\"wpb_wrapper vc_figure\">\n\t\t\t<div class=\"vc_single_image-wrapper   vc_box_border_grey\"><img loading=\"lazy\" decoding=\"async\" width=\"768\" height=\"456\" src=\"https:\/\/www.filtnor.com\/wp-content\/uploads\/2025\/04\/products_materials_bakelite_002-768x456.png\" class=\"vc_single_image-img attachment-medium\" alt=\"Tekstillerret bakelitt og papirbakelitt\" title=\"produkter_materialer_bakelitt_002\" srcset=\"https:\/\/www.filtnor.com\/wp-content\/uploads\/2025\/04\/products_materials_bakelite_002-768x456.png 768w, https:\/\/www.filtnor.com\/wp-content\/uploads\/2025\/04\/products_materials_bakelite_002-440x260.png 440w, https:\/\/www.filtnor.com\/wp-content\/uploads\/2025\/04\/products_materials_bakelite_002-390x231.png 390w, https:\/\/www.filtnor.com\/wp-content\/uploads\/2025\/04\/products_materials_bakelite_002-220x130.png 220w\" sizes=\"auto, (max-width: 768px) 100vw, 768px\" \/><\/div>\n\t\t<\/figure>\n\t<\/div>\n<\/div><\/div><\/div><\/div><div data-vc-full-width=\"true\" data-vc-full-width-init=\"false\" class=\"vc_row wpb_row vc_row-fluid additional-call-to-action vc_custom_1691588100630 vc_row-has-fill\"><div class=\"wpb_column vc_column_container vc_col-sm-12\"><div class=\"vc_column-inner\"><div class=\"wpb_wrapper\"><div class=\"vc_row wpb_row vc_inner vc_row-fluid\"><div class=\"wpb_column vc_column_container vc_col-sm-12 vc_col-lg-9 vc_col-md-12\"><div class=\"vc_column-inner\"><div class=\"wpb_wrapper\"><div class=\"feature-box-wrapper feature-box-style-1 shortcode-rand-11 induzy-inline-css feature-list-1\" data-css=\"&quot;.shortcode-rand-11.feature-box-wrapper { color: #000000; }.shortcode-rand-11.feature-box-wrapper {background: -moz-linear-gradient(141deg,  0%,  51%,  75%);\\r\\n\\t\\t\\t\\tbackground: -webkit-linear-gradient(141deg,  0%,  51%,  75%);\\r\\n\\t\\t\\t\\tbackground: linear-gradient(141deg,  0%,  51%,  75%);}.shortcode-rand-11 .feature-box-icon { font-size: 30px; }.shortcode-rand-11 .feature-box-icon { height: 60px; width: 60px; }.shortcode-rand-11 .feature-box-icon &gt; span { line-height: 2; }.shortcode-rand-11:hover .feature-box-icon { background: none; }&quot;\" ><div class=\"fbox-list\"><div class=\"media\"><div class=\"feature-box-icon mr-3 text-center rounded-circle none\"><span class=\"\"><\/span><\/div><!-- .feature-box-icon --><div class=\"media-body\"><div class=\"feature-box-title\"><h4 class=\"section-title\">Finner du ikke det du leter etter?<\/h4><\/div><!-- .feature-box-title --><div class=\"feature-box-content\">Kontakt oss s\u00e5 hjelper vi deg \u00e5 finne ut!<\/div><!-- .feature-box-content --><\/div><\/div><\/div><\/div><!-- .feature-box-wrapper --><\/div><\/div><\/div><div class=\"wpb_column vc_column_container vc_col-sm-12 vc_col-lg-3 vc_col-md-12\"><div class=\"vc_column-inner vc_custom_1691588352947\"><div class=\"wpb_wrapper\"><div class=\"vc_btn3-container  additional-btn vc_btn3-right vc_custom_1719170661818 vc_do_btn\" ><a style=\"background-color:#06295e; color:#ffffff;\" class=\"vc_general vc_btn3 vc_btn3-size-md vc_btn3-shape-rounded vc_btn3-style-custom\" href=\"https:\/\/www.filtnor.com\/no\/kontakt-oss\/\" title=\"Kontakt oss\">SEND FORESP\u00d8RSEL \u00bb<\/a><\/div><\/div><\/div><\/div><\/div><\/div><\/div><\/div><\/div><div class=\"vc_row-full-width vc_clearfix\"><\/div>\n<\/div>","protected":false},"excerpt":{"rendered":"Industriell bakelitt (papir- og tekstilkvaliteter) Bakelitt er en termoherdende fenol-formaldehydharpiks, anerkjent som verdens f\u00f8rste syntetiske plast. Bakelitt er kjent for sin eksepsjonelle varmebestandighet, elektriske ikke-ledningsevne og mekaniske styrke, noe som gj\u00f8r den ideell for en rekke industrielle applikasjoner. Filtnor leverer industriell bakelitt av h\u00f8y kvalitet i b\u00e5de papirbasert versjon og bomullsbasert tekstilstoff.\u00a0","protected":false},"author":1,"featured_media":0,"parent":5850,"menu_order":0,"comment_status":"closed","ping_status":"closed","template":"","meta":{"om_disable_all_campaigns":false,"footnotes":""},"class_list":["post-5842","page","type-page","status-publish","hentry"],"yoast_head":"<!-- This site is optimized with the Yoast SEO Premium plugin v26.1 (Yoast SEO v27.4) - https:\/\/yoast.com\/product\/yoast-seo-premium-wordpress\/ -->\n<title>Bakelite - Filtnor<\/title>\n<meta name=\"description\" content=\"We carry canvas bakelite, cotton bakelite, fabric bakelite and paper bakelite. Short delivery time on sheet, rods and machined parts.\" \/>\n<meta name=\"robots\" content=\"index, follow, max-snippet:-1, max-image-preview:large, max-video-preview:-1\" \/>\n<link rel=\"canonical\" href=\"https:\/\/www.filtnor.com\/no\/produkter\/materialer\/bakelitt\/\" \/>\n<meta property=\"og:locale\" content=\"nb_NO\" \/>\n<meta property=\"og:type\" content=\"article\" \/>\n<meta property=\"og:title\" content=\"Bakelite\" \/>\n<meta property=\"og:description\" content=\"We carry canvas bakelite, cotton bakelite, fabric bakelite and paper bakelite. Short delivery time on sheet, rods and machined parts.\" \/>\n<meta property=\"og:url\" content=\"https:\/\/www.filtnor.com\/no\/produkter\/materialer\/bakelitt\/\" \/>\n<meta property=\"og:site_name\" content=\"Filtnor\" \/>\n<meta property=\"article:modified_time\" content=\"2025-04-22T17:37:58+00:00\" \/>\n<meta name=\"twitter:card\" content=\"summary_large_image\" \/>\n<meta name=\"twitter:label1\" content=\"Ansl. lesetid\" \/>\n\t<meta name=\"twitter:data1\" content=\"2 minutter\" \/>\n<script type=\"application\/ld+json\" class=\"yoast-schema-graph\">{\"@context\":\"https:\\\/\\\/schema.org\",\"@graph\":[{\"@type\":\"WebPage\",\"@id\":\"https:\\\/\\\/www.filtnor.com\\\/products\\\/materials\\\/bakelite\\\/\",\"url\":\"https:\\\/\\\/www.filtnor.com\\\/products\\\/materials\\\/bakelite\\\/\",\"name\":\"Bakelite - Filtnor\",\"isPartOf\":{\"@id\":\"https:\\\/\\\/www.filtnor.com\\\/#website\"},\"datePublished\":\"2025-03-12T19:38:54+00:00\",\"dateModified\":\"2025-04-22T17:37:58+00:00\",\"description\":\"We carry canvas bakelite, cotton bakelite, fabric bakelite and paper bakelite. Short delivery time on sheet, rods and machined parts.\",\"breadcrumb\":{\"@id\":\"https:\\\/\\\/www.filtnor.com\\\/products\\\/materials\\\/bakelite\\\/#breadcrumb\"},\"inLanguage\":\"nb-NO\",\"potentialAction\":[{\"@type\":\"ReadAction\",\"target\":[\"https:\\\/\\\/www.filtnor.com\\\/products\\\/materials\\\/bakelite\\\/\"]}]},{\"@type\":\"BreadcrumbList\",\"@id\":\"https:\\\/\\\/www.filtnor.com\\\/products\\\/materials\\\/bakelite\\\/#breadcrumb\",\"itemListElement\":[{\"@type\":\"ListItem\",\"position\":1,\"name\":\"Home\",\"item\":\"https:\\\/\\\/www.filtnor.com\\\/\"},{\"@type\":\"ListItem\",\"position\":2,\"name\":\"Product groups from Filtnor\",\"item\":\"https:\\\/\\\/www.filtnor.com\\\/products\\\/\"},{\"@type\":\"ListItem\",\"position\":3,\"name\":\"Materials\",\"item\":\"https:\\\/\\\/www.filtnor.com\\\/products\\\/materials\\\/\"},{\"@type\":\"ListItem\",\"position\":4,\"name\":\"Bakelite\"}]},{\"@type\":\"WebSite\",\"@id\":\"https:\\\/\\\/www.filtnor.com\\\/#website\",\"url\":\"https:\\\/\\\/www.filtnor.com\\\/\",\"name\":\"Filtnor\",\"description\":\"Filtration you can trust. Performance that lasts.\",\"potentialAction\":[{\"@type\":\"SearchAction\",\"target\":{\"@type\":\"EntryPoint\",\"urlTemplate\":\"https:\\\/\\\/www.filtnor.com\\\/?s={search_term_string}\"},\"query-input\":{\"@type\":\"PropertyValueSpecification\",\"valueRequired\":true,\"valueName\":\"search_term_string\"}}],\"inLanguage\":\"nb-NO\"}]}<\/script>\n<!-- \/ Yoast SEO Premium plugin. -->","yoast_head_json":{"title":"Bakelitt - Filtnor","description":"Vi f\u00f8rer lerretsbakelitt, bomullsbakelitt, stoffbakelitt og papirbakelitt. Kort leveringstid p\u00e5 ark, stenger og maskinerte deler.","robots":{"index":"index","follow":"follow","max-snippet":"max-snippet:-1","max-image-preview":"max-image-preview:large","max-video-preview":"max-video-preview:-1"},"canonical":"https:\/\/www.filtnor.com\/no\/produkter\/materialer\/bakelitt\/","og_locale":"nb_NO","og_type":"article","og_title":"Bakelite","og_description":"We carry canvas bakelite, cotton bakelite, fabric bakelite and paper bakelite. Short delivery time on sheet, rods and machined parts.","og_url":"https:\/\/www.filtnor.com\/no\/produkter\/materialer\/bakelitt\/","og_site_name":"Filtnor","article_modified_time":"2025-04-22T17:37:58+00:00","twitter_card":"summary_large_image","twitter_misc":{"Ansl. lesetid":"2 minutter"},"schema":{"@context":"https:\/\/schema.org","@graph":[{"@type":"WebPage","@id":"https:\/\/www.filtnor.com\/products\/materials\/bakelite\/","url":"https:\/\/www.filtnor.com\/products\/materials\/bakelite\/","name":"Bakelitt - Filtnor","isPartOf":{"@id":"https:\/\/www.filtnor.com\/#website"},"datePublished":"2025-03-12T19:38:54+00:00","dateModified":"2025-04-22T17:37:58+00:00","description":"Vi f\u00f8rer lerretsbakelitt, bomullsbakelitt, stoffbakelitt og papirbakelitt. Kort leveringstid p\u00e5 ark, stenger og maskinerte deler.","breadcrumb":{"@id":"https:\/\/www.filtnor.com\/products\/materials\/bakelite\/#breadcrumb"},"inLanguage":"nb-NO","potentialAction":[{"@type":"ReadAction","target":["https:\/\/www.filtnor.com\/products\/materials\/bakelite\/"]}]},{"@type":"BreadcrumbList","@id":"https:\/\/www.filtnor.com\/products\/materials\/bakelite\/#breadcrumb","itemListElement":[{"@type":"ListItem","position":1,"name":"Home","item":"https:\/\/www.filtnor.com\/"},{"@type":"ListItem","position":2,"name":"Product groups from Filtnor","item":"https:\/\/www.filtnor.com\/products\/"},{"@type":"ListItem","position":3,"name":"Materials","item":"https:\/\/www.filtnor.com\/products\/materials\/"},{"@type":"ListItem","position":4,"name":"Bakelite"}]},{"@type":"WebSite","@id":"https:\/\/www.filtnor.com\/#website","url":"https:\/\/www.filtnor.com\/","name":"Filtnor","description":"Filtrering du kan stole p\u00e5. Ytelse som varer.","potentialAction":[{"@type":"SearchAction","target":{"@type":"EntryPoint","urlTemplate":"https:\/\/www.filtnor.com\/?s={search_term_string}"},"query-input":{"@type":"PropertyValueSpecification","valueRequired":true,"valueName":"search_term_string"}}],"inLanguage":"nb-NO"}]}},"_links":{"self":[{"href":"https:\/\/www.filtnor.com\/no\/wp-json\/wp\/v2\/pages\/5842","targetHints":{"allow":["GET"]}}],"collection":[{"href":"https:\/\/www.filtnor.com\/no\/wp-json\/wp\/v2\/pages"}],"about":[{"href":"https:\/\/www.filtnor.com\/no\/wp-json\/wp\/v2\/types\/page"}],"author":[{"embeddable":true,"href":"https:\/\/www.filtnor.com\/no\/wp-json\/wp\/v2\/users\/1"}],"replies":[{"embeddable":true,"href":"https:\/\/www.filtnor.com\/no\/wp-json\/wp\/v2\/comments?post=5842"}],"version-history":[{"count":10,"href":"https:\/\/www.filtnor.com\/no\/wp-json\/wp\/v2\/pages\/5842\/revisions"}],"predecessor-version":[{"id":5999,"href":"https:\/\/www.filtnor.com\/no\/wp-json\/wp\/v2\/pages\/5842\/revisions\/5999"}],"up":[{"embeddable":true,"href":"https:\/\/www.filtnor.com\/no\/wp-json\/wp\/v2\/pages\/5850"}],"wp:attachment":[{"href":"https:\/\/www.filtnor.com\/no\/wp-json\/wp\/v2\/media?parent=5842"}],"curies":[{"name":"wp","href":"https:\/\/api.w.org\/{rel}","templated":true}]}}