{"id":5351,"date":"2024-09-17T21:03:51","date_gmt":"2024-09-17T19:03:51","guid":{"rendered":"https:\/\/www.filtnor.com\/?page_id=5351"},"modified":"2024-09-23T15:55:03","modified_gmt":"2024-09-23T13:55:03","slug":"spiralpakninger","status":"publish","type":"page","link":"https:\/\/www.filtnor.com\/no\/produkter\/vaeskehandtering\/pakninger-tetter\/spiralpakninger\/","title":{"rendered":"Spiralpakninger"},"content":{"rendered":"<div class=\"wpb-content-wrapper\"><div class=\"vc_row wpb_row vc_row-fluid vc_custom_1724585508983\"><div class=\"wpb_column vc_column_container vc_col-sm-12 vc_col-lg-6 vc_col-md-6\"><div class=\"vc_column-inner\"><div class=\"wpb_wrapper\"><div class=\"section-title-wrapper shortcode-rand-2 induzy-inline-css\" data-css=\"&quot;.shortcode-rand-2 .title-separator.separator-border { background-color: ; }.shortcode-rand-2 .section-title { text-transform: none; }&quot;\"><div class=\"title-wrap\"><h2 class=\"section-title\">Spiralpakning<\/h2><span class=\"title-separator separator-border theme-color-bg\"><\/span><\/div><!-- .title-wrap --><div class=\"section-description\">Den spiralviklede pakningen er en flott pakning for h\u00f8yt trykk og h\u00f8ye temperaturer, ogs\u00e5 for hyppige endringer i trykk og temperatur.<\/p>\n<p><strong>Vi har mange forskjellige pakningsmaterialer i portef\u00f8ljen v\u00e5r, hvor noen er bedre egnet enn andre for visse bruksomr\u00e5der, s\u00e5 kontakt oss og la v\u00e5re paknings- og tetningseksperter finne den best egnede pakningen til din prosess.<\/strong><\/p>\n<p><\/div><!-- .section-description --><\/div><!-- .section-title-wrapper --><div class=\"feature-box-wrapper feature-box-style-1 vc_custom_1724587656213 shortcode-rand-3 induzy-inline-css\" data-css=\"&quot;.shortcode-rand-3.feature-box-wrapper {background: -moz-linear-gradient(141deg,  0%,  51%,  75%);\\r\\n\\t\\t\\t\\tbackground: -webkit-linear-gradient(141deg,  0%,  51%,  75%);\\r\\n\\t\\t\\t\\tbackground: linear-gradient(141deg,  0%,  51%,  75%);}.shortcode-rand-3 .feature-box-icon { font-size: 24px; }.shortcode-rand-3 .feature-box-icon { height: 48px; width: 48px; }.shortcode-rand-3 .feature-box-icon &gt; span { line-height: 2; }.shortcode-rand-3:hover .feature-box-icon { background: none; }&quot;\" ><div class=\"feature-box-btn\"><a class=\"btn default\" href=\"https:\/\/www.filtnor.com\/no\/kontakt-oss\/\" title=\"SEND FORESP\u00d8RSEL \u00bb\">SEND FORESP\u00d8RSEL \u00bb<\/a><\/div><!-- .feature-box-btn --><\/div><!-- .feature-box-wrapper --><\/div><\/div><\/div><div class=\"wpb_column vc_column_container vc_col-sm-12 vc_col-lg-6 vc_col-md-6\"><div class=\"vc_column-inner\"><div class=\"wpb_wrapper\">\n\t<div  class=\"wpb_single_image wpb_content_element vc_align_left wpb_content_element\">\n\t\t\n\t\t<figure class=\"wpb_wrapper vc_figure\">\n\t\t\t<div class=\"vc_single_image-wrapper   vc_box_border_grey\"><img loading=\"lazy\" decoding=\"async\" width=\"1280\" height=\"434\" src=\"https:\/\/www.filtnor.com\/wp-content\/uploads\/2024\/09\/products_flow_gaskets-sealing_spiral-wound-gaskets-002.png\" class=\"vc_single_image-img attachment-full\" alt=\"Spiralpakninger\" title=\"products_flow_gaskets-sealing_spiral-wound-gakets-002\" srcset=\"https:\/\/www.filtnor.com\/wp-content\/uploads\/2024\/09\/products_flow_gaskets-sealing_spiral-wound-gaskets-002.png 1280w, https:\/\/www.filtnor.com\/wp-content\/uploads\/2024\/09\/products_flow_gaskets-sealing_spiral-wound-gaskets-002-768x260.png 768w, https:\/\/www.filtnor.com\/wp-content\/uploads\/2024\/09\/products_flow_gaskets-sealing_spiral-wound-gaskets-002-18x6.png 18w, https:\/\/www.filtnor.com\/wp-content\/uploads\/2024\/09\/products_flow_gaskets-sealing_spiral-wound-gaskets-002-600x203.png 600w\" sizes=\"auto, (max-width: 1280px) 100vw, 1280px\" \/><\/div>\n\t\t<\/figure>\n\t<\/div>\n<\/div><\/div><\/div><\/div><div class=\"vc_row wpb_row vc_row-fluid vc_custom_1724525180141\"><div class=\"wpb_column vc_column_container vc_col-sm-6\"><div class=\"vc_column-inner\"><div class=\"wpb_wrapper\"><div class=\"section-title-wrapper shortcode-rand-5 induzy-inline-css\" data-css=\"&quot;.shortcode-rand-5 .title-separator.separator-border { background-color: ; }.shortcode-rand-5 .section-title { text-transform: none; }&quot;\"><div class=\"title-wrap\"><h4 class=\"section-title\">Bred <span class=\"title-suffix theme-color\">materialvalg<\/span><\/h4><span class=\"title-separator separator-border theme-color-bg\"><\/span><\/div><!-- .title-wrap --><div class=\"section-description\">Vi har st\u00f8ttende st\u00e5lmaterialer med fyllmasser for alle behov.<\/p>\n<h5>Grafitt<\/h5>\n<p>Med grafitt som fyllstoff f\u00e5r du et mykt materiale med utmerkede tetningsegenskaper.<\/p>\n<h5>PTFE<\/h5>\n<p>Med PTFE som fyllstoff f\u00e5r du en pakning som egner seg for sv\u00e6rt aggressive eller korrosive medier.<\/p>\n<h5>SWG<\/h5>\n<p>Med SWG som fyllstoff f\u00e5r du en h\u00f8ytemperaturpakning for opptil 1000 \u00b0C.<\/p>\n<p><\/div><!-- .section-description --><\/div><!-- .section-title-wrapper --><\/div><\/div><\/div><div class=\"wpb_column vc_column_container vc_col-sm-6\"><div class=\"vc_column-inner\"><div class=\"wpb_wrapper\"><div class=\"section-title-wrapper margin-bottom-30 shortcode-rand-6 induzy-inline-css\" data-css=\"&quot;.shortcode-rand-6 .title-separator.separator-border { background-color: ; }.shortcode-rand-6 .section-title { text-transform: none; }&quot;\"><div class=\"title-wrap\"><h4 class=\"section-title\">Noen av fordelene med <span class=\"title-suffix theme-color\">spiralpakninger<\/span><\/h4><span class=\"title-separator separator-border theme-color-bg\"><\/span><\/div><!-- .title-wrap --><div class=\"section-description\"><\/div><!-- .section-description --><\/div><!-- .section-title-wrapper --><div class=\"list-item-wrapper\" data-css=\"&quot;&quot;\"><div class=\"list-item-inner\" data-css=\"&quot;&quot;\"><div class=\"list-item-title media\"><span class=\"mr-3 icon-light fas fa-check\"><\/span><div class=\"media-body align-self-center list-item-desc\">Utmerket p\u00e5 h\u00f8ye temperaturer<\/div><\/div><!-- .list-item-title --><\/div><!-- .list-item-inner --><div class=\"list-item-inner\" data-css=\"&quot;&quot;\"><div class=\"list-item-title media\"><span class=\"mr-3 icon-light fas fa-check\"><\/span><div class=\"media-body align-self-center list-item-desc\">Utmerket p\u00e5 h\u00f8yt trykk<\/div><\/div><!-- .list-item-title --><\/div><!-- .list-item-inner --><div class=\"list-item-inner\" data-css=\"&quot;&quot;\"><div class=\"list-item-title media\"><span class=\"mr-3 icon-light fas fa-check\"><\/span><div class=\"media-body align-self-center list-item-desc\">Utmerket p\u00e5 etsende og aggressive medier<\/div><\/div><!-- .list-item-title --><\/div><!-- .list-item-inner --><div class=\"list-item-inner\" data-css=\"&quot;&quot;\"><div class=\"list-item-title media\"><span class=\"mr-3 icon-light fas fa-check\"><\/span><div class=\"media-body align-self-center list-item-desc\">Utmerket for hyppige endringer i trykk og temperatur<\/div><\/div><!-- .list-item-title --><\/div><!-- .list-item-inner --><\/div><!-- .list-item-wrapper --><\/div><\/div><\/div><\/div><div class=\"vc_row wpb_row vc_row-fluid vc_custom_1727099700400\"><div class=\"wpb_column vc_column_container vc_col-sm-6\"><div class=\"vc_column-inner\"><div class=\"wpb_wrapper\"><div class=\"section-title-wrapper shortcode-rand-13 induzy-inline-css\" data-css=\"&quot;.shortcode-rand-13 .title-separator.separator-border { background-color: ; }.shortcode-rand-13 .section-title { text-transform: none; }&quot;\"><div class=\"title-wrap\"><h4 class=\"section-title\">La oss <span class=\"title-suffix theme-color\">hjelpe deg!<\/span><\/h4><span class=\"title-separator separator-border theme-color-bg\"><\/span><\/div><!-- .title-wrap --><div class=\"section-description\">Vi er her for \u00e5 sikre at du f\u00e5r det best egnede produktet for prosessen din. V\u00e5rt team av eksperter er klare til \u00e5 hjelpe deg med \u00e5 finne riktig dimensjon, design og materialvalg for \u00e5 sikre en perfekt passform og problemfri drift. Kontakt oss i dag, og la oss hjelpe deg med \u00e5 finne det beste utvalget!<\/p>\n<p>&nbsp;<\/p>\n<p><\/div><!-- .section-description --><\/div><!-- .section-title-wrapper --><\/div><\/div><\/div><div class=\"wpb_column vc_column_container vc_col-sm-6\"><div class=\"vc_column-inner\"><div class=\"wpb_wrapper\">\n\t<div  class=\"wpb_single_image wpb_content_element vc_align_left wpb_content_element\">\n\t\t\n\t\t<figure class=\"wpb_wrapper vc_figure\">\n\t\t\t<div class=\"vc_single_image-wrapper   vc_box_border_grey\"><img loading=\"lazy\" decoding=\"async\" width=\"768\" height=\"456\" src=\"https:\/\/www.filtnor.com\/wp-content\/uploads\/2024\/09\/products_flow_gaskets-sealing_spiral-wound-gaskets-003-768x456.png\" class=\"vc_single_image-img attachment-medium\" alt=\"Spiralpakninger\" title=\"products_flow_gaskets-sealing_spiral-wound-gakets-003\" srcset=\"https:\/\/www.filtnor.com\/wp-content\/uploads\/2024\/09\/products_flow_gaskets-sealing_spiral-wound-gaskets-003-768x456.png 768w, https:\/\/www.filtnor.com\/wp-content\/uploads\/2024\/09\/products_flow_gaskets-sealing_spiral-wound-gaskets-003-18x12.png 18w, https:\/\/www.filtnor.com\/wp-content\/uploads\/2024\/09\/products_flow_gaskets-sealing_spiral-wound-gaskets-003-440x260.png 440w, https:\/\/www.filtnor.com\/wp-content\/uploads\/2024\/09\/products_flow_gaskets-sealing_spiral-wound-gaskets-003-390x231.png 390w, https:\/\/www.filtnor.com\/wp-content\/uploads\/2024\/09\/products_flow_gaskets-sealing_spiral-wound-gaskets-003-220x130.png 220w\" sizes=\"auto, (max-width: 768px) 100vw, 768px\" \/><\/div>\n\t\t<\/figure>\n\t<\/div>\n<\/div><\/div><\/div><\/div><div data-vc-full-width=\"true\" data-vc-full-width-init=\"false\" class=\"vc_row wpb_row vc_row-fluid additional-call-to-action vc_custom_1691588100630 vc_row-has-fill\"><div class=\"wpb_column vc_column_container vc_col-sm-12\"><div class=\"vc_column-inner\"><div class=\"wpb_wrapper\"><div class=\"vc_row wpb_row vc_inner vc_row-fluid\"><div class=\"wpb_column vc_column_container vc_col-sm-12 vc_col-lg-9 vc_col-md-12\"><div class=\"vc_column-inner\"><div class=\"wpb_wrapper\"><div class=\"feature-box-wrapper feature-box-style-1 shortcode-rand-15 induzy-inline-css feature-list-1\" data-css=\"&quot;.shortcode-rand-15.feature-box-wrapper { color: #000000; }.shortcode-rand-15.feature-box-wrapper {background: -moz-linear-gradient(141deg,  0%,  51%,  75%);\\r\\n\\t\\t\\t\\tbackground: -webkit-linear-gradient(141deg,  0%,  51%,  75%);\\r\\n\\t\\t\\t\\tbackground: linear-gradient(141deg,  0%,  51%,  75%);}.shortcode-rand-15 .feature-box-icon { font-size: 30px; }.shortcode-rand-15 .feature-box-icon { height: 60px; width: 60px; }.shortcode-rand-15 .feature-box-icon &gt; span { line-height: 2; }.shortcode-rand-15:hover .feature-box-icon { background: none; }&quot;\" ><div class=\"fbox-list\"><div class=\"media\"><div class=\"feature-box-icon mr-3 text-center rounded-circle none\"><span class=\"\"><\/span><\/div><!-- .feature-box-icon --><div class=\"media-body\"><div class=\"feature-box-title\"><h4 class=\"section-title\">Finner du ikke det du leter etter?<\/h4><\/div><!-- .feature-box-title --><div class=\"feature-box-content\">Kontakt oss s\u00e5 hjelper vi deg \u00e5 finne ut!<\/div><!-- .feature-box-content --><\/div><\/div><\/div><\/div><!-- .feature-box-wrapper --><\/div><\/div><\/div><div class=\"wpb_column vc_column_container vc_col-sm-12 vc_col-lg-3 vc_col-md-12\"><div class=\"vc_column-inner vc_custom_1691588352947\"><div class=\"wpb_wrapper\"><div class=\"vc_btn3-container  additional-btn vc_btn3-right vc_custom_1724524458603 vc_do_btn\" ><a style=\"background-color:#06295e; color:#ffffff;\" class=\"vc_general vc_btn3 vc_btn3-size-md vc_btn3-shape-rounded vc_btn3-style-custom\" href=\"https:\/\/www.filtnor.com\/no\/kontakt-oss\/\" title=\"Kontakt oss\">SEND FORESP\u00d8RSEL \u00bb<\/a><\/div><\/div><\/div><\/div><\/div><\/div><\/div><\/div><\/div><div class=\"vc_row-full-width vc_clearfix\"><\/div>\n<\/div>","protected":false},"excerpt":{"rendered":"Spiralviklet pakningSpiralviklet pakning er en flott pakning for h\u00f8yt trykk og h\u00f8ye temperaturer, ogs\u00e5 for hyppige endringer i trykk og temperatur. Vi har mange forskjellige pakningsmaterialer v\u00e5r portef\u00f8lje, hvor noen egner seg bedre enn andre for visse bruksomr\u00e5der, s\u00e5 kontakt oss og la v\u00e5re paknings- og tetningseksperter finne det meste","protected":false},"author":1,"featured_media":0,"parent":4178,"menu_order":0,"comment_status":"closed","ping_status":"closed","template":"","meta":{"om_disable_all_campaigns":false,"footnotes":""},"class_list":["post-5351","page","type-page","status-publish","hentry"],"yoast_head":"<!-- This site is optimized with the Yoast SEO Premium plugin v26.1 (Yoast SEO v27.5) - https:\/\/yoast.com\/product\/yoast-seo-premium-wordpress\/ -->\n<title>Spiral wound gaskets - Filtnor<\/title>\n<meta name=\"description\" content=\"Rubber gaskets and rubber steel gaskets with NRB, EPDM and other rubber qualities. Rubber-steel gasket for drinking water.\" \/>\n<meta name=\"robots\" content=\"index, follow, max-snippet:-1, max-image-preview:large, max-video-preview:-1\" \/>\n<link rel=\"canonical\" href=\"https:\/\/www.filtnor.com\/no\/produkter\/vaeskehandtering\/pakninger-tetter\/spiralpakninger\/\" \/>\n<meta property=\"og:locale\" content=\"nb_NO\" \/>\n<meta property=\"og:type\" content=\"article\" \/>\n<meta property=\"og:title\" content=\"Spiral wound gaskets\" \/>\n<meta property=\"og:description\" content=\"Rubber gaskets and rubber steel gaskets with NRB, EPDM and other rubber qualities. Rubber-steel gasket for drinking water.\" \/>\n<meta property=\"og:url\" content=\"https:\/\/www.filtnor.com\/no\/produkter\/vaeskehandtering\/pakninger-tetter\/spiralpakninger\/\" \/>\n<meta property=\"og:site_name\" content=\"Filtnor\" \/>\n<meta property=\"article:modified_time\" content=\"2024-09-23T13:55:03+00:00\" \/>\n<meta name=\"twitter:card\" content=\"summary_large_image\" \/>\n<meta name=\"twitter:label1\" content=\"Ansl. lesetid\" \/>\n\t<meta name=\"twitter:data1\" content=\"2 minutter\" \/>\n<script type=\"application\/ld+json\" class=\"yoast-schema-graph\">{\"@context\":\"https:\\\/\\\/schema.org\",\"@graph\":[{\"@type\":\"WebPage\",\"@id\":\"https:\\\/\\\/www.filtnor.com\\\/products\\\/fluid-handling\\\/gaskets-seals\\\/spiral-wound-gaskets\\\/\",\"url\":\"https:\\\/\\\/www.filtnor.com\\\/products\\\/fluid-handling\\\/gaskets-seals\\\/spiral-wound-gaskets\\\/\",\"name\":\"Spiral wound gaskets - Filtnor\",\"isPartOf\":{\"@id\":\"https:\\\/\\\/www.filtnor.com\\\/#website\"},\"datePublished\":\"2024-09-17T19:03:51+00:00\",\"dateModified\":\"2024-09-23T13:55:03+00:00\",\"description\":\"Rubber gaskets and rubber steel gaskets with NRB, EPDM and other rubber qualities. Rubber-steel gasket for drinking water.\",\"breadcrumb\":{\"@id\":\"https:\\\/\\\/www.filtnor.com\\\/products\\\/fluid-handling\\\/gaskets-seals\\\/spiral-wound-gaskets\\\/#breadcrumb\"},\"inLanguage\":\"nb-NO\",\"potentialAction\":[{\"@type\":\"ReadAction\",\"target\":[\"https:\\\/\\\/www.filtnor.com\\\/products\\\/fluid-handling\\\/gaskets-seals\\\/spiral-wound-gaskets\\\/\"]}]},{\"@type\":\"BreadcrumbList\",\"@id\":\"https:\\\/\\\/www.filtnor.com\\\/products\\\/fluid-handling\\\/gaskets-seals\\\/spiral-wound-gaskets\\\/#breadcrumb\",\"itemListElement\":[{\"@type\":\"ListItem\",\"position\":1,\"name\":\"Home\",\"item\":\"https:\\\/\\\/www.filtnor.com\\\/\"},{\"@type\":\"ListItem\",\"position\":2,\"name\":\"Product groups from Filtnor\",\"item\":\"https:\\\/\\\/www.filtnor.com\\\/products\\\/\"},{\"@type\":\"ListItem\",\"position\":3,\"name\":\"Fluid handling\",\"item\":\"https:\\\/\\\/www.filtnor.com\\\/products\\\/fluid-handling\\\/\"},{\"@type\":\"ListItem\",\"position\":4,\"name\":\"Gaskets and Seals\",\"item\":\"https:\\\/\\\/www.filtnor.com\\\/products\\\/fluid-handling\\\/gaskets-seals\\\/\"},{\"@type\":\"ListItem\",\"position\":5,\"name\":\"Spiral wound gaskets\"}]},{\"@type\":\"WebSite\",\"@id\":\"https:\\\/\\\/www.filtnor.com\\\/#website\",\"url\":\"https:\\\/\\\/www.filtnor.com\\\/\",\"name\":\"Filtnor\",\"description\":\"Filtration you can trust. Performance that lasts.\",\"potentialAction\":[{\"@type\":\"SearchAction\",\"target\":{\"@type\":\"EntryPoint\",\"urlTemplate\":\"https:\\\/\\\/www.filtnor.com\\\/?s={search_term_string}\"},\"query-input\":{\"@type\":\"PropertyValueSpecification\",\"valueRequired\":true,\"valueName\":\"search_term_string\"}}],\"inLanguage\":\"nb-NO\"}]}<\/script>\n<!-- \/ Yoast SEO Premium plugin. -->","yoast_head_json":{"title":"Spiralpakninger - Filtnor","description":"Gummipakninger og gummist\u00e5lpakninger med NRB, EPDM og andre gummikvaliteter. Gummi-st\u00e5l pakning for drikkevann.","robots":{"index":"index","follow":"follow","max-snippet":"max-snippet:-1","max-image-preview":"max-image-preview:large","max-video-preview":"max-video-preview:-1"},"canonical":"https:\/\/www.filtnor.com\/no\/produkter\/vaeskehandtering\/pakninger-tetter\/spiralpakninger\/","og_locale":"nb_NO","og_type":"article","og_title":"Spiral wound gaskets","og_description":"Rubber gaskets and rubber steel gaskets with NRB, EPDM and other rubber qualities. Rubber-steel gasket for drinking water.","og_url":"https:\/\/www.filtnor.com\/no\/produkter\/vaeskehandtering\/pakninger-tetter\/spiralpakninger\/","og_site_name":"Filtnor","article_modified_time":"2024-09-23T13:55:03+00:00","twitter_card":"summary_large_image","twitter_misc":{"Ansl. lesetid":"2 minutter"},"schema":{"@context":"https:\/\/schema.org","@graph":[{"@type":"WebPage","@id":"https:\/\/www.filtnor.com\/products\/fluid-handling\/gaskets-seals\/spiral-wound-gaskets\/","url":"https:\/\/www.filtnor.com\/products\/fluid-handling\/gaskets-seals\/spiral-wound-gaskets\/","name":"Spiralpakninger - Filtnor","isPartOf":{"@id":"https:\/\/www.filtnor.com\/#website"},"datePublished":"2024-09-17T19:03:51+00:00","dateModified":"2024-09-23T13:55:03+00:00","description":"Gummipakninger og gummist\u00e5lpakninger med NRB, EPDM og andre gummikvaliteter. Gummi-st\u00e5l pakning for drikkevann.","breadcrumb":{"@id":"https:\/\/www.filtnor.com\/products\/fluid-handling\/gaskets-seals\/spiral-wound-gaskets\/#breadcrumb"},"inLanguage":"nb-NO","potentialAction":[{"@type":"ReadAction","target":["https:\/\/www.filtnor.com\/products\/fluid-handling\/gaskets-seals\/spiral-wound-gaskets\/"]}]},{"@type":"BreadcrumbList","@id":"https:\/\/www.filtnor.com\/products\/fluid-handling\/gaskets-seals\/spiral-wound-gaskets\/#breadcrumb","itemListElement":[{"@type":"ListItem","position":1,"name":"Home","item":"https:\/\/www.filtnor.com\/"},{"@type":"ListItem","position":2,"name":"Product groups from Filtnor","item":"https:\/\/www.filtnor.com\/products\/"},{"@type":"ListItem","position":3,"name":"Fluid handling","item":"https:\/\/www.filtnor.com\/products\/fluid-handling\/"},{"@type":"ListItem","position":4,"name":"Gaskets and Seals","item":"https:\/\/www.filtnor.com\/products\/fluid-handling\/gaskets-seals\/"},{"@type":"ListItem","position":5,"name":"Spiral wound gaskets"}]},{"@type":"WebSite","@id":"https:\/\/www.filtnor.com\/#website","url":"https:\/\/www.filtnor.com\/","name":"Filtnor","description":"Filtrering du kan stole p\u00e5. Ytelse som varer.","potentialAction":[{"@type":"SearchAction","target":{"@type":"EntryPoint","urlTemplate":"https:\/\/www.filtnor.com\/?s={search_term_string}"},"query-input":{"@type":"PropertyValueSpecification","valueRequired":true,"valueName":"search_term_string"}}],"inLanguage":"nb-NO"}]}},"_links":{"self":[{"href":"https:\/\/www.filtnor.com\/no\/wp-json\/wp\/v2\/pages\/5351","targetHints":{"allow":["GET"]}}],"collection":[{"href":"https:\/\/www.filtnor.com\/no\/wp-json\/wp\/v2\/pages"}],"about":[{"href":"https:\/\/www.filtnor.com\/no\/wp-json\/wp\/v2\/types\/page"}],"author":[{"embeddable":true,"href":"https:\/\/www.filtnor.com\/no\/wp-json\/wp\/v2\/users\/1"}],"replies":[{"embeddable":true,"href":"https:\/\/www.filtnor.com\/no\/wp-json\/wp\/v2\/comments?post=5351"}],"version-history":[{"count":11,"href":"https:\/\/www.filtnor.com\/no\/wp-json\/wp\/v2\/pages\/5351\/revisions"}],"predecessor-version":[{"id":5396,"href":"https:\/\/www.filtnor.com\/no\/wp-json\/wp\/v2\/pages\/5351\/revisions\/5396"}],"up":[{"embeddable":true,"href":"https:\/\/www.filtnor.com\/no\/wp-json\/wp\/v2\/pages\/4178"}],"wp:attachment":[{"href":"https:\/\/www.filtnor.com\/no\/wp-json\/wp\/v2\/media?parent=5351"}],"curies":[{"name":"wp","href":"https:\/\/api.w.org\/{rel}","templated":true}]}}