{"id":4164,"date":"2024-03-12T15:00:34","date_gmt":"2024-03-12T14:00:34","guid":{"rendered":"https:\/\/www.filtnor.no\/?page_id=4164"},"modified":"2024-10-15T21:03:02","modified_gmt":"2024-10-15T19:03:02","slug":"kompensatorer","status":"publish","type":"page","link":"https:\/\/www.filtnor.com\/no\/produkter\/vaeskehandtering\/kompensatorer\/","title":{"rendered":"Kompensatorer"},"content":{"rendered":"<div class=\"wpb-content-wrapper\"><div class=\"vc_row wpb_row vc_row-fluid vc_custom_1709489854154\"><div class=\"wpb_column vc_column_container vc_col-sm-12\"><div class=\"vc_column-inner\"><div class=\"wpb_wrapper\"><div class=\"section-title-wrapper shortcode-rand-2 induzy-inline-css\" data-css=\"&quot;.shortcode-rand-2 .title-separator.separator-border { background-color: ; }.shortcode-rand-2 .section-title { text-transform: none; }&quot;\"><div class=\"title-wrap\"><h4 class=\"section-title\">Kompensatorer <span class=\"title-suffix theme-color\">til \u00e5 absorbere bevegelser i r\u00f8r<\/span><\/h4><span class=\"title-separator separator-border theme-color-bg\"><\/span><\/div><!-- .title-wrap --><div class=\"section-description\">Kompensatorer brukes for \u00e5 absorbere bevegelser i et r\u00f8r, slik at bevegelsen stopper i kompensatoren og dermed hindrer skade p\u00e5 annet utstyr. Riktig kompensator m\u00e5 velges i henhold til hvilke p\u00e5kjenninger den utsettes for og hvilken type bevegelse den skal ta opp. Vi skiller bevegelsene hovedsakelig som:<\/p>\n<h5>Aksiale bevegelser<\/h5>\n<p>Kommer av strekking eller dytting, som f.eks. kan komme fra ekspansjon eller kompresjon ved store temperaturendringer.<\/p>\n<h5>Vinkelbevegelser \/ Vinkelbevegelse<\/h5>\n<p>Kommer av at r\u00f8ret er b\u00f8yd, og kan ega skyldes to r\u00f8r som m\u00f8tes skjevt.<\/p>\n<h5>Sideveis bevegelser \/ Sidebevegelser<\/h5>\n<p>Kommer av at den ene flensen skyves til siden for den andre, og kan blant annet komme av mekaniske p\u00e5kjenninger.<\/p>\n<h5>Vridende \/ vridningsbevegelser<\/h5>\n<p>Kommer fra en flens som dreies med eller mot klokken.<\/p>\n<h5>Vibrasjoner<\/h5>\n<p>Kommer ofte av d\u00e5rlig prosesskontroll.<\/p>\n<p><\/div><!-- .section-description --><\/div><!-- .section-title-wrapper --><\/div><\/div><\/div><\/div><div class=\"vc_row wpb_row vc_row-fluid vc_custom_1709405342198\"><div class=\"wpb_column vc_column_container vc_col-sm-12 vc_col-lg-6 vc_col-md-6\"><div class=\"vc_column-inner\"><div class=\"wpb_wrapper\"><div class=\"section-title-wrapper shortcode-rand-4 induzy-inline-css\" data-css=\"&quot;.shortcode-rand-4 .title-separator.separator-border { background-color: ; }.shortcode-rand-4 .section-title { text-transform: none; }&quot;\"><div class=\"title-wrap\"><h2 class=\"section-title\">Gummikompensatorer<\/h2><span class=\"title-separator separator-border theme-color-bg\"><\/span><\/div><!-- .title-wrap --><div class=\"section-description\">Gummikompensatorer er rimelige og holdbare.<\/div><!-- .section-description --><\/div><!-- .section-title-wrapper --><div class=\"feature-box-wrapper feature-box-style-1 vc_custom_1729018952183 shortcode-rand-5 induzy-inline-css\" data-css=\"&quot;.shortcode-rand-5.feature-box-wrapper {background: -moz-linear-gradient(141deg,  0%,  51%,  75%);\\r\\n\\t\\t\\t\\tbackground: -webkit-linear-gradient(141deg,  0%,  51%,  75%);\\r\\n\\t\\t\\t\\tbackground: linear-gradient(141deg,  0%,  51%,  75%);}.shortcode-rand-5 .feature-box-icon { font-size: 24px; }.shortcode-rand-5 .feature-box-icon { height: 48px; width: 48px; }.shortcode-rand-5 .feature-box-icon &gt; span { line-height: 2; }.shortcode-rand-5:hover .feature-box-icon { background: none; }&quot;\" ><div class=\"feature-box-btn\"><a class=\"btn default\" href=\"https:\/\/www.filtnor.com\/no\/produkter\/vaeske\/kompensatorer\/gummikompensatorer\/\" title=\"LES MER \u00bb\">LES MER \u00bb<\/a><\/div><!-- .feature-box-btn --><\/div><!-- .feature-box-wrapper --><\/div><\/div><\/div><div class=\"wpb_column vc_column_container vc_col-sm-12 vc_col-lg-6 vc_col-md-6\"><div class=\"vc_column-inner\"><div class=\"wpb_wrapper\">\n\t<div  class=\"wpb_single_image wpb_content_element vc_align_left wpb_content_element\">\n\t\t\n\t\t<figure class=\"wpb_wrapper vc_figure\">\n\t\t\t<div class=\"vc_single_image-wrapper   vc_box_border_grey\"><img loading=\"lazy\" decoding=\"async\" width=\"768\" height=\"456\" src=\"https:\/\/www.filtnor.com\/wp-content\/uploads\/2024\/09\/products_flow_rubber-expansion-joints-001-768x456.jpg\" class=\"vc_single_image-img attachment-medium\" alt=\"Gummikompensatorer\" title=\"products_flow_gummi-expansion-joints-001\" srcset=\"https:\/\/www.filtnor.com\/wp-content\/uploads\/2024\/09\/products_flow_rubber-expansion-joints-001-768x456.jpg 768w, https:\/\/www.filtnor.com\/wp-content\/uploads\/2024\/09\/products_flow_rubber-expansion-joints-001-1170x694.jpg 1170w, https:\/\/www.filtnor.com\/wp-content\/uploads\/2024\/09\/products_flow_rubber-expansion-joints-001-18x10.jpg 18w, https:\/\/www.filtnor.com\/wp-content\/uploads\/2024\/09\/products_flow_rubber-expansion-joints-001-440x260.jpg 440w, https:\/\/www.filtnor.com\/wp-content\/uploads\/2024\/09\/products_flow_rubber-expansion-joints-001-390x231.jpg 390w, https:\/\/www.filtnor.com\/wp-content\/uploads\/2024\/09\/products_flow_rubber-expansion-joints-001-220x130.jpg 220w\" sizes=\"auto, (max-width: 768px) 100vw, 768px\" \/><\/div>\n\t\t<\/figure>\n\t<\/div>\n<\/div><\/div><\/div><\/div><div class=\"vc_row wpb_row vc_row-fluid vc_custom_1709405274198\"><div class=\"wpb_column vc_column_container vc_col-sm-12\"><div class=\"vc_column-inner\"><div class=\"wpb_wrapper\"><div class=\"vc_separator wpb_content_element vc_separator_align_center vc_sep_width_100 vc_sep_dashed vc_sep_pos_align_center vc_separator_no_text wpb_content_element  wpb_content_element\" ><span class=\"vc_sep_holder vc_sep_holder_l\"><span class=\"vc_sep_line\"><\/span><\/span><span class=\"vc_sep_holder vc_sep_holder_r\"><span class=\"vc_sep_line\"><\/span><\/span>\n<\/div><\/div><\/div><\/div><\/div><div class=\"vc_row wpb_row vc_row-fluid vc_custom_1710151320060\"><div class=\"wpb_column vc_column_container vc_col-sm-12 vc_col-lg-6 vc_col-md-6\"><div class=\"vc_column-inner\"><div class=\"wpb_wrapper\"><div class=\"section-title-wrapper shortcode-rand-8 induzy-inline-css\" data-css=\"&quot;.shortcode-rand-8 .title-separator.separator-border { background-color: ; }.shortcode-rand-8 .section-title { text-transform: none; }&quot;\"><div class=\"title-wrap\"><h2 class=\"section-title\">Metallkompensatorer<\/h2><span class=\"title-separator separator-border theme-color-bg\"><\/span><\/div><!-- .title-wrap --><div class=\"section-description\">Metallkompensatorer, eller st\u00e5lkompensatorer som det ogs\u00e5 kalles, egner seg godt der det er sterke krefter, spesielt sidekrefter, der det trengs st\u00e5l for \u00e5 holde tilbake kreftene.<\/p>\n<p><\/div><!-- .section-description --><\/div><!-- .section-title-wrapper --><div class=\"feature-box-wrapper feature-box-style-1 vc_custom_1729018961530 shortcode-rand-9 induzy-inline-css\" data-css=\"&quot;.shortcode-rand-9.feature-box-wrapper {background: -moz-linear-gradient(141deg,  0%,  51%,  75%);\\r\\n\\t\\t\\t\\tbackground: -webkit-linear-gradient(141deg,  0%,  51%,  75%);\\r\\n\\t\\t\\t\\tbackground: linear-gradient(141deg,  0%,  51%,  75%);}.shortcode-rand-9 .feature-box-icon { font-size: 24px; }.shortcode-rand-9 .feature-box-icon { height: 48px; width: 48px; }.shortcode-rand-9 .feature-box-icon &gt; span { line-height: 2; }.shortcode-rand-9:hover .feature-box-icon { background: none; }&quot;\" ><div class=\"feature-box-btn\"><a class=\"btn default\" href=\"https:\/\/www.filtnor.com\/no\/produkter\/vaeske\/kompensatorer\/metallkompensatorer\/\" title=\"LES MER \u00bb\">LES MER \u00bb<\/a><\/div><!-- .feature-box-btn --><\/div><!-- .feature-box-wrapper --><\/div><\/div><\/div><div class=\"wpb_column vc_column_container vc_col-sm-12 vc_col-lg-6 vc_col-md-6\"><div class=\"vc_column-inner\"><div class=\"wpb_wrapper\">\n\t<div  class=\"wpb_single_image wpb_content_element vc_align_left wpb_content_element\">\n\t\t\n\t\t<figure class=\"wpb_wrapper vc_figure\">\n\t\t\t<div class=\"vc_single_image-wrapper   vc_box_border_grey\"><img loading=\"lazy\" decoding=\"async\" width=\"768\" height=\"456\" src=\"https:\/\/www.filtnor.com\/wp-content\/uploads\/2024\/06\/products_flow_expansion-joints-01-768x456.jpg\" class=\"vc_single_image-img attachment-medium\" alt=\"Metallkompensatorer\" title=\"products_flow_expansion-joints-01\" srcset=\"https:\/\/www.filtnor.com\/wp-content\/uploads\/2024\/06\/products_flow_expansion-joints-01-768x456.jpg 768w, https:\/\/www.filtnor.com\/wp-content\/uploads\/2024\/06\/products_flow_expansion-joints-01-1170x694.jpg 1170w, https:\/\/www.filtnor.com\/wp-content\/uploads\/2024\/06\/products_flow_expansion-joints-01-18x12.jpg 18w, https:\/\/www.filtnor.com\/wp-content\/uploads\/2024\/06\/products_flow_expansion-joints-01-440x260.jpg 440w, https:\/\/www.filtnor.com\/wp-content\/uploads\/2024\/06\/products_flow_expansion-joints-01-390x231.jpg 390w, https:\/\/www.filtnor.com\/wp-content\/uploads\/2024\/06\/products_flow_expansion-joints-01-220x130.jpg 220w\" sizes=\"auto, (max-width: 768px) 100vw, 768px\" \/><\/div>\n\t\t<\/figure>\n\t<\/div>\n<\/div><\/div><\/div><\/div><div class=\"vc_row wpb_row vc_row-fluid vc_custom_1709405274198\"><div class=\"wpb_column vc_column_container vc_col-sm-12\"><div class=\"vc_column-inner\"><div class=\"wpb_wrapper\"><div class=\"vc_separator wpb_content_element vc_separator_align_center vc_sep_width_100 vc_sep_dashed vc_sep_pos_align_center vc_separator_no_text wpb_content_element  wpb_content_element\" ><span class=\"vc_sep_holder vc_sep_holder_l\"><span class=\"vc_sep_line\"><\/span><\/span><span class=\"vc_sep_holder vc_sep_holder_r\"><span class=\"vc_sep_line\"><\/span><\/span>\n<\/div><\/div><\/div><\/div><\/div><div class=\"vc_row wpb_row vc_row-fluid vc_custom_1729018979090\"><div class=\"wpb_column vc_column_container vc_col-sm-12 vc_col-lg-6 vc_col-md-6\"><div class=\"vc_column-inner\"><div class=\"wpb_wrapper\"><div class=\"section-title-wrapper shortcode-rand-12 induzy-inline-css\" data-css=\"&quot;.shortcode-rand-12 .title-separator.separator-border { background-color: ; }.shortcode-rand-12 .section-title { text-transform: none; }&quot;\"><div class=\"title-wrap\"><h2 class=\"section-title\">Tekstilkompensatorer<\/h2><span class=\"title-separator separator-border theme-color-bg\"><\/span><\/div><!-- .title-wrap --><div class=\"section-description\">Tekstilkompensatorer, ogs\u00e5 noen ganger kalt dukkompensatorer, egner seg for store dimensjoner der gummi og st\u00e5l blir for tungt.<\/p>\n<p><\/div><!-- .section-description --><\/div><!-- .section-title-wrapper --><div class=\"feature-box-wrapper feature-box-style-1 vc_custom_1729018971710 shortcode-rand-13 induzy-inline-css\" data-css=\"&quot;.shortcode-rand-13.feature-box-wrapper {background: -moz-linear-gradient(141deg,  0%,  51%,  75%);\\r\\n\\t\\t\\t\\tbackground: -webkit-linear-gradient(141deg,  0%,  51%,  75%);\\r\\n\\t\\t\\t\\tbackground: linear-gradient(141deg,  0%,  51%,  75%);}.shortcode-rand-13 .feature-box-icon { font-size: 24px; }.shortcode-rand-13 .feature-box-icon { height: 48px; width: 48px; }.shortcode-rand-13 .feature-box-icon &gt; span { line-height: 2; }.shortcode-rand-13:hover .feature-box-icon { background: none; }&quot;\" ><div class=\"feature-box-btn\"><a class=\"btn default\" href=\"https:\/\/www.filtnor.com\/no\/produkter\/vaeske\/kompensatorer\/tekstilkompensatorer\/\" title=\"LES MER \u00bb\">LES MER \u00bb<\/a><\/div><!-- .feature-box-btn --><\/div><!-- .feature-box-wrapper --><\/div><\/div><\/div><div class=\"wpb_column vc_column_container vc_col-sm-12 vc_col-lg-6 vc_col-md-6\"><div class=\"vc_column-inner\"><div class=\"wpb_wrapper\">\n\t<div  class=\"wpb_single_image wpb_content_element vc_align_left wpb_content_element\">\n\t\t\n\t\t<figure class=\"wpb_wrapper vc_figure\">\n\t\t\t<div class=\"vc_single_image-wrapper   vc_box_border_grey\"><img loading=\"lazy\" decoding=\"async\" width=\"768\" height=\"456\" src=\"https:\/\/www.filtnor.com\/wp-content\/uploads\/2024\/09\/products_flow_fabric-expansion-joints-001-768x456.jpg\" class=\"vc_single_image-img attachment-medium\" alt=\"Ekspansjonsfuger av stoff.\" title=\"products_flow_fabric-expansion-joints-001\" srcset=\"https:\/\/www.filtnor.com\/wp-content\/uploads\/2024\/09\/products_flow_fabric-expansion-joints-001-768x456.jpg 768w, https:\/\/www.filtnor.com\/wp-content\/uploads\/2024\/09\/products_flow_fabric-expansion-joints-001-1170x694.jpg 1170w, https:\/\/www.filtnor.com\/wp-content\/uploads\/2024\/09\/products_flow_fabric-expansion-joints-001-18x10.jpg 18w, https:\/\/www.filtnor.com\/wp-content\/uploads\/2024\/09\/products_flow_fabric-expansion-joints-001-440x260.jpg 440w, https:\/\/www.filtnor.com\/wp-content\/uploads\/2024\/09\/products_flow_fabric-expansion-joints-001-390x231.jpg 390w, https:\/\/www.filtnor.com\/wp-content\/uploads\/2024\/09\/products_flow_fabric-expansion-joints-001-220x130.jpg 220w\" sizes=\"auto, (max-width: 768px) 100vw, 768px\" \/><\/div>\n\t\t<\/figure>\n\t<\/div>\n<\/div><\/div><\/div><\/div><div data-vc-full-width=\"true\" data-vc-full-width-init=\"false\" class=\"vc_row wpb_row vc_row-fluid additional-call-to-action vc_custom_1691588100630 vc_row-has-fill\"><div class=\"wpb_column vc_column_container vc_col-sm-12\"><div class=\"vc_column-inner\"><div class=\"wpb_wrapper\"><div class=\"vc_row wpb_row vc_inner vc_row-fluid\"><div class=\"wpb_column vc_column_container vc_col-sm-12 vc_col-lg-9 vc_col-md-12\"><div class=\"vc_column-inner\"><div class=\"wpb_wrapper\"><div class=\"feature-box-wrapper feature-box-style-1 shortcode-rand-15 induzy-inline-css feature-list-1\" data-css=\"&quot;.shortcode-rand-15.feature-box-wrapper { color: #000000; }.shortcode-rand-15.feature-box-wrapper {background: -moz-linear-gradient(141deg,  0%,  51%,  75%);\\r\\n\\t\\t\\t\\tbackground: -webkit-linear-gradient(141deg,  0%,  51%,  75%);\\r\\n\\t\\t\\t\\tbackground: linear-gradient(141deg,  0%,  51%,  75%);}.shortcode-rand-15 .feature-box-icon { font-size: 30px; }.shortcode-rand-15 .feature-box-icon { height: 60px; width: 60px; }.shortcode-rand-15 .feature-box-icon &gt; span { line-height: 2; }.shortcode-rand-15:hover .feature-box-icon { background: none; }&quot;\" ><div class=\"fbox-list\"><div class=\"media\"><div class=\"feature-box-icon mr-3 text-center rounded-circle none\"><span class=\"\"><\/span><\/div><!-- .feature-box-icon --><div class=\"media-body\"><div class=\"feature-box-title\"><h4 class=\"section-title\">Finner du ikke det du leter etter?<\/h4><\/div><!-- .feature-box-title --><div class=\"feature-box-content\">Kontakt oss s\u00e5 hjelper vi deg \u00e5 finne ut!<\/p>\n<p><\/div><!-- .feature-box-content --><\/div><\/div><\/div><\/div><!-- .feature-box-wrapper --><\/div><\/div><\/div><div class=\"wpb_column vc_column_container vc_col-sm-12 vc_col-lg-3 vc_col-md-12\"><div class=\"vc_column-inner vc_custom_1691588352947\"><div class=\"wpb_wrapper\"><div class=\"vc_btn3-container  additional-btn vc_btn3-right vc_custom_1724919376809 vc_do_btn\" ><a style=\"background-color:#06295e; color:#ffffff;\" class=\"vc_general vc_btn3 vc_btn3-size-md vc_btn3-shape-rounded vc_btn3-style-custom\" href=\"https:\/\/www.filtnor.com\/no\/kontakt-oss\/\" title=\"Kontakt oss\">SEND FORESP\u00d8RSEL \u00bb<\/a><\/div><\/div><\/div><\/div><\/div><\/div><\/div><\/div><\/div><div class=\"vc_row-full-width vc_clearfix\"><\/div>\n<\/div>","protected":false},"excerpt":{"rendered":"Kompensatorer for \u00e5 absorbere bevegelser i r\u00f8r Kompensatorer brukes for \u00e5 absorbere bevegelser i et r\u00f8r, slik at bevegelsen stopper i kompensatoren og dermed hindrer skade p\u00e5 annet utstyr. Riktig kompensator m\u00e5 velges i henhold til hvilke p\u00e5kjenninger den utsettes for og hvilken type bevegelse den skal ta opp. Vi","protected":false},"author":1,"featured_media":0,"parent":3984,"menu_order":0,"comment_status":"closed","ping_status":"closed","template":"","meta":{"om_disable_all_campaigns":false,"footnotes":""},"class_list":["post-4164","page","type-page","status-publish","hentry"],"yoast_head":"<!-- This site is optimized with the Yoast SEO Premium plugin v26.1 (Yoast SEO v27.4) - https:\/\/yoast.com\/product\/yoast-seo-premium-wordpress\/ -->\n<title>Expansion joints - Filtnor<\/title>\n<meta name=\"description\" content=\"Expansion joints for pipes. Metal expansion joints, rubber expansion joints and fabric expansion joints in textile materials.\" \/>\n<meta name=\"robots\" content=\"index, follow, max-snippet:-1, max-image-preview:large, max-video-preview:-1\" \/>\n<link rel=\"canonical\" href=\"https:\/\/www.filtnor.com\/no\/produkter\/vaeskehandtering\/kompensatorer\/\" \/>\n<meta property=\"og:locale\" content=\"nb_NO\" \/>\n<meta property=\"og:type\" content=\"article\" \/>\n<meta property=\"og:title\" content=\"Expansion joints\" \/>\n<meta property=\"og:description\" content=\"Expansion joints for pipes. Metal expansion joints, rubber expansion joints and fabric expansion joints in textile materials.\" \/>\n<meta property=\"og:url\" content=\"https:\/\/www.filtnor.com\/no\/produkter\/vaeskehandtering\/kompensatorer\/\" \/>\n<meta property=\"og:site_name\" content=\"Filtnor\" \/>\n<meta property=\"article:modified_time\" content=\"2024-10-15T19:03:02+00:00\" \/>\n<meta name=\"twitter:card\" content=\"summary_large_image\" \/>\n<meta name=\"twitter:label1\" content=\"Ansl. lesetid\" \/>\n\t<meta name=\"twitter:data1\" content=\"2 minutter\" \/>\n<script type=\"application\/ld+json\" class=\"yoast-schema-graph\">{\"@context\":\"https:\\\/\\\/schema.org\",\"@graph\":[{\"@type\":\"WebPage\",\"@id\":\"https:\\\/\\\/www.filtnor.com\\\/products\\\/fluid-handling\\\/expansion-joints\\\/\",\"url\":\"https:\\\/\\\/www.filtnor.com\\\/products\\\/fluid-handling\\\/expansion-joints\\\/\",\"name\":\"Expansion joints - Filtnor\",\"isPartOf\":{\"@id\":\"https:\\\/\\\/www.filtnor.com\\\/#website\"},\"datePublished\":\"2024-03-12T14:00:34+00:00\",\"dateModified\":\"2024-10-15T19:03:02+00:00\",\"description\":\"Expansion joints for pipes. Metal expansion joints, rubber expansion joints and fabric expansion joints in textile materials.\",\"breadcrumb\":{\"@id\":\"https:\\\/\\\/www.filtnor.com\\\/products\\\/fluid-handling\\\/expansion-joints\\\/#breadcrumb\"},\"inLanguage\":\"nb-NO\",\"potentialAction\":[{\"@type\":\"ReadAction\",\"target\":[\"https:\\\/\\\/www.filtnor.com\\\/products\\\/fluid-handling\\\/expansion-joints\\\/\"]}]},{\"@type\":\"BreadcrumbList\",\"@id\":\"https:\\\/\\\/www.filtnor.com\\\/products\\\/fluid-handling\\\/expansion-joints\\\/#breadcrumb\",\"itemListElement\":[{\"@type\":\"ListItem\",\"position\":1,\"name\":\"Home\",\"item\":\"https:\\\/\\\/www.filtnor.com\\\/\"},{\"@type\":\"ListItem\",\"position\":2,\"name\":\"Product groups from Filtnor\",\"item\":\"https:\\\/\\\/www.filtnor.com\\\/products\\\/\"},{\"@type\":\"ListItem\",\"position\":3,\"name\":\"Fluid handling\",\"item\":\"https:\\\/\\\/www.filtnor.com\\\/products\\\/fluid-handling\\\/\"},{\"@type\":\"ListItem\",\"position\":4,\"name\":\"Expansion joints\"}]},{\"@type\":\"WebSite\",\"@id\":\"https:\\\/\\\/www.filtnor.com\\\/#website\",\"url\":\"https:\\\/\\\/www.filtnor.com\\\/\",\"name\":\"Filtnor\",\"description\":\"Filtration you can trust. Performance that lasts.\",\"potentialAction\":[{\"@type\":\"SearchAction\",\"target\":{\"@type\":\"EntryPoint\",\"urlTemplate\":\"https:\\\/\\\/www.filtnor.com\\\/?s={search_term_string}\"},\"query-input\":{\"@type\":\"PropertyValueSpecification\",\"valueRequired\":true,\"valueName\":\"search_term_string\"}}],\"inLanguage\":\"nb-NO\"}]}<\/script>\n<!-- \/ Yoast SEO Premium plugin. -->","yoast_head_json":{"title":"Kompensatorer - Filtnor","description":"Kompensatorer for r\u00f8r. Metallkompensatorer, gummikompensatorer og tekstilkompensatorer i tekstilmaterialer.","robots":{"index":"index","follow":"follow","max-snippet":"max-snippet:-1","max-image-preview":"max-image-preview:large","max-video-preview":"max-video-preview:-1"},"canonical":"https:\/\/www.filtnor.com\/no\/produkter\/vaeskehandtering\/kompensatorer\/","og_locale":"nb_NO","og_type":"article","og_title":"Expansion joints","og_description":"Expansion joints for pipes. Metal expansion joints, rubber expansion joints and fabric expansion joints in textile materials.","og_url":"https:\/\/www.filtnor.com\/no\/produkter\/vaeskehandtering\/kompensatorer\/","og_site_name":"Filtnor","article_modified_time":"2024-10-15T19:03:02+00:00","twitter_card":"summary_large_image","twitter_misc":{"Ansl. lesetid":"2 minutter"},"schema":{"@context":"https:\/\/schema.org","@graph":[{"@type":"WebPage","@id":"https:\/\/www.filtnor.com\/products\/fluid-handling\/expansion-joints\/","url":"https:\/\/www.filtnor.com\/products\/fluid-handling\/expansion-joints\/","name":"Kompensatorer - Filtnor","isPartOf":{"@id":"https:\/\/www.filtnor.com\/#website"},"datePublished":"2024-03-12T14:00:34+00:00","dateModified":"2024-10-15T19:03:02+00:00","description":"Kompensatorer for r\u00f8r. Metallkompensatorer, gummikompensatorer og tekstilkompensatorer i tekstilmaterialer.","breadcrumb":{"@id":"https:\/\/www.filtnor.com\/products\/fluid-handling\/expansion-joints\/#breadcrumb"},"inLanguage":"nb-NO","potentialAction":[{"@type":"ReadAction","target":["https:\/\/www.filtnor.com\/products\/fluid-handling\/expansion-joints\/"]}]},{"@type":"BreadcrumbList","@id":"https:\/\/www.filtnor.com\/products\/fluid-handling\/expansion-joints\/#breadcrumb","itemListElement":[{"@type":"ListItem","position":1,"name":"Home","item":"https:\/\/www.filtnor.com\/"},{"@type":"ListItem","position":2,"name":"Product groups from Filtnor","item":"https:\/\/www.filtnor.com\/products\/"},{"@type":"ListItem","position":3,"name":"Fluid handling","item":"https:\/\/www.filtnor.com\/products\/fluid-handling\/"},{"@type":"ListItem","position":4,"name":"Expansion joints"}]},{"@type":"WebSite","@id":"https:\/\/www.filtnor.com\/#website","url":"https:\/\/www.filtnor.com\/","name":"Filtnor","description":"Filtrering du kan stole p\u00e5. Ytelse som varer.","potentialAction":[{"@type":"SearchAction","target":{"@type":"EntryPoint","urlTemplate":"https:\/\/www.filtnor.com\/?s={search_term_string}"},"query-input":{"@type":"PropertyValueSpecification","valueRequired":true,"valueName":"search_term_string"}}],"inLanguage":"nb-NO"}]}},"_links":{"self":[{"href":"https:\/\/www.filtnor.com\/no\/wp-json\/wp\/v2\/pages\/4164","targetHints":{"allow":["GET"]}}],"collection":[{"href":"https:\/\/www.filtnor.com\/no\/wp-json\/wp\/v2\/pages"}],"about":[{"href":"https:\/\/www.filtnor.com\/no\/wp-json\/wp\/v2\/types\/page"}],"author":[{"embeddable":true,"href":"https:\/\/www.filtnor.com\/no\/wp-json\/wp\/v2\/users\/1"}],"replies":[{"embeddable":true,"href":"https:\/\/www.filtnor.com\/no\/wp-json\/wp\/v2\/comments?post=4164"}],"version-history":[{"count":14,"href":"https:\/\/www.filtnor.com\/no\/wp-json\/wp\/v2\/pages\/4164\/revisions"}],"predecessor-version":[{"id":5372,"href":"https:\/\/www.filtnor.com\/no\/wp-json\/wp\/v2\/pages\/4164\/revisions\/5372"}],"up":[{"embeddable":true,"href":"https:\/\/www.filtnor.com\/no\/wp-json\/wp\/v2\/pages\/3984"}],"wp:attachment":[{"href":"https:\/\/www.filtnor.com\/no\/wp-json\/wp\/v2\/media?parent=4164"}],"curies":[{"name":"wp","href":"https:\/\/api.w.org\/{rel}","templated":true}]}}