{"id":4060,"date":"2017-10-26T11:50:40","date_gmt":"2017-10-26T11:50:40","guid":{"rendered":"http:\/\/demo.zozothemes.com\/induzy\/?page_id=1019"},"modified":"2026-01-23T09:24:19","modified_gmt":"2026-01-23T08:24:19","slug":"kontakt-oss","status":"publish","type":"page","link":"https:\/\/www.filtnor.com\/no\/kontakt-oss\/","title":{"rendered":"Kontakt oss"},"content":{"rendered":"<div class=\"wpb-content-wrapper\"><div class=\"vc_row wpb_row vc_row-fluid vc_custom_1754057086906\"><div class=\"wpb_column vc_column_container vc_col-sm-12 vc_col-lg-8 vc_col-md-8\"><div class=\"vc_column-inner\"><div class=\"wpb_wrapper\"><div class=\"section-title-wrapper shortcode-rand-2 induzy-inline-css\" data-css=\"&quot;.shortcode-rand-2 .title-separator.separator-border { background-color: ; }.shortcode-rand-2 .section-title { text-transform: uppercase; }&quot;\"><div class=\"title-wrap\"><h3 class=\"section-title\">Ta kontakt med Filtnor<\/h3><span class=\"title-separator separator-border theme-color-bg\"><\/span><\/div><!-- .title-wrap --><div class=\"section-description\">Enten du trenger hjelp med industrielle filtreringssystemer, reservedeler eller ekspertr\u00e5d, er teamet v\u00e5rt her for \u00e5 hjelpe. Vi samarbeider tett med kunder over hele Norden for \u00e5 tilby rask, p\u00e5litelig og erfaren service.<\/p>\n<p>Trenger du teknisk st\u00f8tte eller et tilbud? V\u00e5rt team av ingeni\u00f8rer og filtreringsspesialister kan hjelpe deg med:<br \/>\n\u2013 Filterpresse- og t\u00e5rnpresseforesp\u00f8rsler<br \/>\n\u2013 Filterkluter<br \/>\n\u2013 Identifisering og levering av reservedeler<br \/>\n\u2013 Tilbeh\u00f8r til prosessutstyr<br \/>\n\u2013 Tekniske inspeksjoner og feils\u00f8king<br \/>\n\u2013 Tilpassede l\u00f8sninger for filtrering og separasjon<\/div><!-- .section-description --><\/div><!-- .section-title-wrapper -->\n\t<div  class=\"wpb_single_image wpb_content_element vc_align_left wpb_content_element\">\n\t\t\n\t\t<figure class=\"wpb_wrapper vc_figure\">\n\t\t\t<div class=\"vc_single_image-wrapper vc_box_rounded  vc_box_border_grey\"><img loading=\"lazy\" decoding=\"async\" width=\"1280\" height=\"720\" src=\"https:\/\/www.filtnor.com\/wp-content\/uploads\/2024\/09\/contact-us-001.jpg\" class=\"vc_single_image-img attachment-full\" alt=\"Andreas og Ingvild\" title=\"Kontakt Filtnor\" srcset=\"https:\/\/www.filtnor.com\/wp-content\/uploads\/2024\/09\/contact-us-001.jpg 1280w, https:\/\/www.filtnor.com\/wp-content\/uploads\/2024\/09\/contact-us-001-768x432.jpg 768w, https:\/\/www.filtnor.com\/wp-content\/uploads\/2024\/09\/contact-us-001-18x10.jpg 18w, https:\/\/www.filtnor.com\/wp-content\/uploads\/2024\/09\/contact-us-001-600x338.jpg 600w\" sizes=\"auto, (max-width: 1280px) 100vw, 1280px\" \/><\/div>\n\t\t<\/figure>\n\t<\/div>\n<\/div><\/div><\/div><div class=\"pl-lg-4 wpb_column vc_column_container vc_col-sm-12 vc_col-lg-4 vc_col-md-4\"><div class=\"vc_column-inner\"><div class=\"wpb_wrapper\"><div class=\"vc_row wpb_row vc_inner vc_row-fluid vc_custom_1710961884200 vc_row-has-fill\"><div class=\"wpb_column vc_column_container vc_col-sm-12 vc_col-has-fill\"><div class=\"vc_column-inner vc_custom_1691484278381\"><div class=\"wpb_wrapper\"><div class=\"feature-box-wrapper feature-box-style-1 shortcode-rand-3 induzy-inline-css feature-list-1\" data-css=\"&quot;.shortcode-rand-3.feature-box-wrapper .section-title { color: #ffffff; }.shortcode-rand-3.feature-box-wrapper .section-title { text-transform: uppercase; }.shortcode-rand-3.feature-box-wrapper { color: #ffffff; }.shortcode-rand-3.feature-box-wrapper {background: -moz-linear-gradient(141deg,  0%,  51%,  75%);\\r\\n\\t\\t\\t\\tbackground: -webkit-linear-gradient(141deg,  0%,  51%,  75%);\\r\\n\\t\\t\\t\\tbackground: linear-gradient(141deg,  0%,  51%,  75%);}.shortcode-rand-3 .feature-box-icon { font-size: 25px; }.shortcode-rand-3 .feature-box-icon { height: 50px; width: 50px; }.shortcode-rand-3 .feature-box-icon &gt; span { line-height: 2; }.shortcode-rand-3:hover .feature-box-icon { color: #000000; }.shortcode-rand-3 .feature-box-icon { background-color: #ffffff; }.shortcode-rand-3:hover .feature-box-icon { background-color: #ffffff; }&quot;\" ><div class=\"fbox-list\"><div class=\"media\"><div class=\"feature-box-icon mr-3 text-center rounded-circle theme-color\"><span class=\"fa fa-map-marker\"><\/span><\/div><!-- .feature-box-icon --><div class=\"media-body\"><div class=\"feature-box-title\"><h5 class=\"section-title\">Adresse<\/h5><\/div><!-- .feature-box-title --><div class=\"feature-box-content\">Husebybakken 28B<br \/>\nNO-0379 Oslo<\/div><!-- .feature-box-content --><\/div><\/div><\/div><\/div><!-- .feature-box-wrapper --><div class=\"vc_empty_space\"   style=\"height: 15px\"><span class=\"vc_empty_space_inner\"><\/span><\/div><div class=\"feature-box-wrapper feature-box-style-1 shortcode-rand-4 induzy-inline-css feature-list-1\" data-css=\"&quot;.shortcode-rand-4.feature-box-wrapper .section-title { color: #ffffff; }.shortcode-rand-4.feature-box-wrapper .section-title { text-transform: uppercase; }.shortcode-rand-4.feature-box-wrapper { color: #ffffff; }.shortcode-rand-4.feature-box-wrapper {background: -moz-linear-gradient(141deg,  0%,  51%,  75%);\\r\\n\\t\\t\\t\\tbackground: -webkit-linear-gradient(141deg,  0%,  51%,  75%);\\r\\n\\t\\t\\t\\tbackground: linear-gradient(141deg,  0%,  51%,  75%);}.shortcode-rand-4 .feature-box-icon { font-size: 25px; }.shortcode-rand-4 .feature-box-icon { height: 50px; width: 50px; }.shortcode-rand-4 .feature-box-icon &gt; span { line-height: 2; }.shortcode-rand-4:hover .feature-box-icon { color: #000000; }.shortcode-rand-4 .feature-box-icon { background-color: #ffffff; }.shortcode-rand-4:hover .feature-box-icon { background-color: #ffffff; }&quot;\" ><div class=\"fbox-list\"><div class=\"media\"><div class=\"feature-box-icon mr-3 text-center rounded-circle theme-color\"><span class=\"fa fa-id-badge\"><\/span><\/div><!-- .feature-box-icon --><div class=\"media-body\"><div class=\"feature-box-title\"><h5 class=\"section-title\">Telefon<\/h5><\/div><!-- .feature-box-title --><div class=\"feature-box-content\">Kontor:<br \/>\n+47 21 95 58 00<br \/>\nVakttelefon etter \u00e5pningstid:<br \/>\n+47 21 95 58 80<\/div><!-- .feature-box-content --><\/div><\/div><\/div><\/div><!-- .feature-box-wrapper --><div class=\"vc_empty_space\"   style=\"height: 15px\"><span class=\"vc_empty_space_inner\"><\/span><\/div><div class=\"feature-box-wrapper feature-box-style-1 shortcode-rand-5 induzy-inline-css feature-list-1\" data-css=\"&quot;.shortcode-rand-5.feature-box-wrapper .section-title { color: #ffffff; }.shortcode-rand-5.feature-box-wrapper .section-title { text-transform: uppercase; }.shortcode-rand-5.feature-box-wrapper { color: #ffffff; }.shortcode-rand-5.feature-box-wrapper {background: -moz-linear-gradient(141deg,  0%,  51%,  75%);\\r\\n\\t\\t\\t\\tbackground: -webkit-linear-gradient(141deg,  0%,  51%,  75%);\\r\\n\\t\\t\\t\\tbackground: linear-gradient(141deg,  0%,  51%,  75%);}.shortcode-rand-5 .feature-box-icon { font-size: 25px; }.shortcode-rand-5 .feature-box-icon { height: 50px; width: 50px; }.shortcode-rand-5 .feature-box-icon &gt; span { line-height: 2; }.shortcode-rand-5:hover .feature-box-icon { color: #000000; }.shortcode-rand-5 .feature-box-icon { background-color: #ffffff; }.shortcode-rand-5:hover .feature-box-icon { background-color: #ffffff; }&quot;\" ><div class=\"fbox-list\"><div class=\"media\"><div class=\"feature-box-icon mr-3 text-center rounded-circle theme-color\"><span class=\"fa fa-envelope-o\"><\/span><\/div><!-- .feature-box-icon --><div class=\"media-body\"><div class=\"feature-box-title\"><h5 class=\"section-title\">E-post<\/h5><\/div><!-- .feature-box-title --><div class=\"feature-box-content\">post@filtnor.com<\/div><!-- .feature-box-content --><\/div><\/div><\/div><\/div><!-- .feature-box-wrapper --><div class=\"vc_empty_space\"   style=\"height: 15px\"><span class=\"vc_empty_space_inner\"><\/span><\/div><div class=\"feature-box-wrapper feature-box-style-1 shortcode-rand-6 induzy-inline-css feature-list-1\" data-css=\"&quot;.shortcode-rand-6.feature-box-wrapper .section-title { color: #ffffff; }.shortcode-rand-6.feature-box-wrapper .section-title { text-transform: uppercase; }.shortcode-rand-6.feature-box-wrapper { color: #ffffff; }.shortcode-rand-6.feature-box-wrapper {background: -moz-linear-gradient(141deg,  0%,  51%,  75%);\\r\\n\\t\\t\\t\\tbackground: -webkit-linear-gradient(141deg,  0%,  51%,  75%);\\r\\n\\t\\t\\t\\tbackground: linear-gradient(141deg,  0%,  51%,  75%);}.shortcode-rand-6 .feature-box-icon { font-size: 25px; }.shortcode-rand-6 .feature-box-icon { height: 50px; width: 50px; }.shortcode-rand-6 .feature-box-icon &gt; span { line-height: 2; }.shortcode-rand-6:hover .feature-box-icon { color: #000000; }.shortcode-rand-6 .feature-box-icon { background-color: #ffffff; }.shortcode-rand-6:hover .feature-box-icon { background-color: #ffffff; }&quot;\" ><div class=\"fbox-list\"><div class=\"media\"><div class=\"feature-box-icon mr-3 text-center rounded-circle theme-color\"><span class=\"fa fa-regular fa-clock\"><\/span><\/div><!-- .feature-box-icon --><div class=\"media-body\"><div class=\"feature-box-title\"><h5 class=\"section-title\">Kontortid<\/h5><\/div><!-- .feature-box-title --><div class=\"feature-box-content\">Mandag\u2013fredag: 08\u201316<br \/>\nStengt p\u00e5 helligdager<\/div><!-- .feature-box-content --><\/div><\/div><\/div><\/div><!-- .feature-box-wrapper --><\/div><\/div><\/div><\/div><\/div><\/div><\/div><\/div><div data-vc-full-width=\"true\" data-vc-full-width-init=\"false\" data-vc-stretch-content=\"true\" class=\"vc_row wpb_row vc_row-fluid vc_custom_1692989002971 vc_row-no-padding\"><div class=\"wpb_column vc_column_container vc_col-sm-12\"><div class=\"vc_column-inner\"><div class=\"wpb_wrapper\">\n\t<div class=\"wpb_raw_code wpb_raw_html wpb_content_element\" >\n\t\t<div class=\"wpb_wrapper\">\n\t\t\t<iframe src=\"https:\/\/www.google.com\/maps\/embed?pb=!1m18!1m12!1m3!1d31981.125849090848!2d10.628060582914342!3d59.93512287755747!2m3!1f0!2f0!3f0!3m2!1i1024!2i768!4f13.1!3m3!1m2!1s0x46416da465a6ae05%3A0x554cfa649ff67e56!2sHusebybakken%2028B%2C%200379%20Oslo!5e0!3m2!1sno!2sno!4v1769156604317!5m2!1sno!2sno\" width=\"600\" height=\"450\" style=\"border:0;\" allowfullscreen=\"\" loading=\"lazy\" referrerpolicy=\"no-referrer-when-downgrade\"><\/iframe>\n\t\t<\/div>\n\t<\/div>\n<\/div><\/div><\/div><\/div><div class=\"vc_row-full-width vc_clearfix\"><\/div>\n<\/div>","protected":false},"excerpt":{"rendered":"Ta kontakt med FiltnorEnten du trenger st\u00f8tte med industrielle filtreringssystemer, reservedeler eller ekspertr\u00e5d, er teamet v\u00e5rt her for \u00e5 hjelpe. Vi jobber tett med kunder over hele Norden for \u00e5 tilby rask, p\u00e5litelig og erfaren service. Trenger du teknisk st\u00f8tte eller et tilbud? V\u00e5rt team av ingeni\u00f8rer og filtreringsspesialister kan hjelpe deg med:","protected":false},"author":1,"featured_media":0,"parent":0,"menu_order":0,"comment_status":"closed","ping_status":"closed","template":"","meta":{"om_disable_all_campaigns":false,"footnotes":""},"class_list":["post-4060","page","type-page","status-publish","hentry"],"yoast_head":"<!-- This site is optimized with the Yoast SEO Premium plugin v26.1 (Yoast SEO v27.5) - https:\/\/yoast.com\/product\/yoast-seo-premium-wordpress\/ -->\n<title>Contact Us - Filtnor<\/title>\n<meta name=\"description\" content=\"Kontakt Filtnor for filterpresser. For filtrering, filterduker og reservedeler til pressfilter kontakt Filtnor.\" \/>\n<meta name=\"robots\" content=\"index, follow, max-snippet:-1, max-image-preview:large, max-video-preview:-1\" \/>\n<link rel=\"canonical\" href=\"https:\/\/www.filtnor.com\/no\/kontakt-oss\/\" \/>\n<meta property=\"og:locale\" content=\"nb_NO\" \/>\n<meta property=\"og:type\" content=\"article\" \/>\n<meta property=\"og:title\" content=\"Contact Us\" \/>\n<meta property=\"og:description\" content=\"Kontakt Filtnor for filterpresser. For filtrering, filterduker og reservedeler til pressfilter kontakt Filtnor.\" \/>\n<meta property=\"og:url\" content=\"https:\/\/www.filtnor.com\/no\/kontakt-oss\/\" \/>\n<meta property=\"og:site_name\" content=\"Filtnor\" \/>\n<meta property=\"article:modified_time\" content=\"2026-01-23T08:24:19+00:00\" \/>\n<meta name=\"twitter:card\" content=\"summary_large_image\" \/>\n<meta name=\"twitter:label1\" content=\"Ansl. lesetid\" \/>\n\t<meta name=\"twitter:data1\" content=\"2 minutter\" \/>\n<script type=\"application\/ld+json\" class=\"yoast-schema-graph\">{\"@context\":\"https:\\\/\\\/schema.org\",\"@graph\":[{\"@type\":\"WebPage\",\"@id\":\"https:\\\/\\\/www.filtnor.com\\\/contact-us\\\/\",\"url\":\"https:\\\/\\\/www.filtnor.com\\\/contact-us\\\/\",\"name\":\"Contact Us - Filtnor\",\"isPartOf\":{\"@id\":\"https:\\\/\\\/www.filtnor.com\\\/#website\"},\"datePublished\":\"2017-10-26T11:50:40+00:00\",\"dateModified\":\"2026-01-23T08:24:19+00:00\",\"description\":\"Kontakt Filtnor for filterpresser. For filtrering, filterduker og reservedeler til pressfilter kontakt Filtnor.\",\"breadcrumb\":{\"@id\":\"https:\\\/\\\/www.filtnor.com\\\/contact-us\\\/#breadcrumb\"},\"inLanguage\":\"nb-NO\",\"potentialAction\":[{\"@type\":\"ReadAction\",\"target\":[\"https:\\\/\\\/www.filtnor.com\\\/contact-us\\\/\"]}]},{\"@type\":\"BreadcrumbList\",\"@id\":\"https:\\\/\\\/www.filtnor.com\\\/contact-us\\\/#breadcrumb\",\"itemListElement\":[{\"@type\":\"ListItem\",\"position\":1,\"name\":\"Home\",\"item\":\"https:\\\/\\\/www.filtnor.com\\\/\"},{\"@type\":\"ListItem\",\"position\":2,\"name\":\"Contact Us\"}]},{\"@type\":\"WebSite\",\"@id\":\"https:\\\/\\\/www.filtnor.com\\\/#website\",\"url\":\"https:\\\/\\\/www.filtnor.com\\\/\",\"name\":\"Filtnor\",\"description\":\"Filtration you can trust. Performance that lasts.\",\"potentialAction\":[{\"@type\":\"SearchAction\",\"target\":{\"@type\":\"EntryPoint\",\"urlTemplate\":\"https:\\\/\\\/www.filtnor.com\\\/?s={search_term_string}\"},\"query-input\":{\"@type\":\"PropertyValueSpecification\",\"valueRequired\":true,\"valueName\":\"search_term_string\"}}],\"inLanguage\":\"nb-NO\"}]}<\/script>\n<!-- \/ Yoast SEO Premium plugin. -->","yoast_head_json":{"title":"Kontakt oss - Filtnor","description":"Kontakt Filtnor for filterpresser. For filtrering, filterduker og reservedeler til pressfilter kontakt Filtnor.","robots":{"index":"index","follow":"follow","max-snippet":"max-snippet:-1","max-image-preview":"max-image-preview:large","max-video-preview":"max-video-preview:-1"},"canonical":"https:\/\/www.filtnor.com\/no\/kontakt-oss\/","og_locale":"nb_NO","og_type":"article","og_title":"Contact Us","og_description":"Kontakt Filtnor for filterpresser. For filtrering, filterduker og reservedeler til pressfilter kontakt Filtnor.","og_url":"https:\/\/www.filtnor.com\/no\/kontakt-oss\/","og_site_name":"Filtnor","article_modified_time":"2026-01-23T08:24:19+00:00","twitter_card":"summary_large_image","twitter_misc":{"Ansl. lesetid":"2 minutter"},"schema":{"@context":"https:\/\/schema.org","@graph":[{"@type":"WebPage","@id":"https:\/\/www.filtnor.com\/contact-us\/","url":"https:\/\/www.filtnor.com\/contact-us\/","name":"Kontakt oss - Filtnor","isPartOf":{"@id":"https:\/\/www.filtnor.com\/#website"},"datePublished":"2017-10-26T11:50:40+00:00","dateModified":"2026-01-23T08:24:19+00:00","description":"Kontakt Filtnor for filterpresser. For filtrering, filterduker og reservedeler til pressfilter kontakt Filtnor.","breadcrumb":{"@id":"https:\/\/www.filtnor.com\/contact-us\/#breadcrumb"},"inLanguage":"nb-NO","potentialAction":[{"@type":"ReadAction","target":["https:\/\/www.filtnor.com\/contact-us\/"]}]},{"@type":"BreadcrumbList","@id":"https:\/\/www.filtnor.com\/contact-us\/#breadcrumb","itemListElement":[{"@type":"ListItem","position":1,"name":"Home","item":"https:\/\/www.filtnor.com\/"},{"@type":"ListItem","position":2,"name":"Contact Us"}]},{"@type":"WebSite","@id":"https:\/\/www.filtnor.com\/#website","url":"https:\/\/www.filtnor.com\/","name":"Filtnor","description":"Filtrering du kan stole p\u00e5. Ytelse som varer.","potentialAction":[{"@type":"SearchAction","target":{"@type":"EntryPoint","urlTemplate":"https:\/\/www.filtnor.com\/?s={search_term_string}"},"query-input":{"@type":"PropertyValueSpecification","valueRequired":true,"valueName":"search_term_string"}}],"inLanguage":"nb-NO"}]}},"_links":{"self":[{"href":"https:\/\/www.filtnor.com\/no\/wp-json\/wp\/v2\/pages\/4060","targetHints":{"allow":["GET"]}}],"collection":[{"href":"https:\/\/www.filtnor.com\/no\/wp-json\/wp\/v2\/pages"}],"about":[{"href":"https:\/\/www.filtnor.com\/no\/wp-json\/wp\/v2\/types\/page"}],"author":[{"embeddable":true,"href":"https:\/\/www.filtnor.com\/no\/wp-json\/wp\/v2\/users\/1"}],"replies":[{"embeddable":true,"href":"https:\/\/www.filtnor.com\/no\/wp-json\/wp\/v2\/comments?post=4060"}],"version-history":[{"count":20,"href":"https:\/\/www.filtnor.com\/no\/wp-json\/wp\/v2\/pages\/4060\/revisions"}],"predecessor-version":[{"id":6371,"href":"https:\/\/www.filtnor.com\/no\/wp-json\/wp\/v2\/pages\/4060\/revisions\/6371"}],"wp:attachment":[{"href":"https:\/\/www.filtnor.com\/no\/wp-json\/wp\/v2\/media?parent=4060"}],"curies":[{"name":"wp","href":"https:\/\/api.w.org\/{rel}","templated":true}]}}