{"id":4058,"date":"2017-10-14T11:54:13","date_gmt":"2017-10-14T11:54:13","guid":{"rendered":"http:\/\/demo.zozothemes.com\/induzy\/?page_id=686"},"modified":"2017-10-14T11:54:13","modified_gmt":"2017-10-14T11:54:13","slug":"karriere-2","status":"publish","type":"page","link":"https:\/\/www.filtnor.com\/no\/karriere-2\/","title":{"rendered":"Karriere"},"content":{"rendered":"<div class=\"wpb-content-wrapper\"><div class=\"vc_row wpb_row vc_row-fluid\"><div class=\"wpb_column vc_column_container vc_col-sm-12\"><div class=\"vc_column-inner\"><div class=\"wpb_wrapper\"><div class=\"section-title-wrapper text-center shortcode-rand-2 induzy-inline-css\" data-css=\"&quot;.shortcode-rand-2 .title-separator.separator-border { background-color: ; }.shortcode-rand-2 .section-title { text-transform: none; }&quot;\"><div class=\"title-wrap\"><h2 class=\"section-title\">Bli en del av Filtnor<\/h2><span class=\"title-separator separator-border theme-color-bg\"><\/span><\/div><!-- .title-wrap --><div class=\"section-description\"><\/div><!-- .section-description --><\/div><!-- .section-title-wrapper --><div class=\"vc_row wpb_row vc_inner vc_row-fluid pl-lg-4\"><div class=\"wpb_column vc_column_container vc_col-sm-12 vc_col-lg-6 vc_col-md-6\"><div class=\"vc_column-inner\"><div class=\"wpb_wrapper\">\n\t<div class=\"wpb_text_column wpb_content_element\" >\n\t\t<div class=\"wpb_wrapper\">\n\t\t\t<p>Vi vokser hele tiden, og ser derfor stadig etter nye dyktige kollegaer som vil jobbe sammen med oss. Vi jobber i et spennende milj\u00f8 tett sammen med b\u00e5de produsenter og kunder, for \u00e5 sammen finne l\u00f8sninger p\u00e5 tekniske utfordringer i krevende industriprosesser.<\/p>\n<p>Dersom du synes dette virker spennende kan du se en oversikt over alle v\u00e5re ledige stillinger nedenfor.<\/p>\n<p>N\u00e5r du s\u00f8ker p\u00e5 en ledig stilling hos oss, ber vi om at du legger ved CV og et s\u00f8knadsbrev i s\u00f8knaden din.<\/p>\n\n\t\t<\/div>\n\t<\/div>\n<\/div><\/div><\/div><div class=\"wpb_column vc_column_container vc_col-sm-12 vc_col-lg-6 vc_col-md-6\"><div class=\"vc_column-inner\"><div class=\"wpb_wrapper\">\n\t<div  class=\"wpb_single_image wpb_content_element vc_align_center wpb_content_element\">\n\t\t\n\t\t<figure class=\"wpb_wrapper vc_figure\">\n\t\t\t<div class=\"vc_single_image-wrapper   vc_box_border_grey\"><\/div>\n\t\t<\/figure>\n\t<\/div>\n<\/div><\/div><\/div><\/div><\/div><\/div><\/div><\/div><div class=\"vc_row wpb_row vc_row-fluid vc_custom_1514966566991\"><div class=\"wpb_column vc_column_container vc_col-sm-12\"><div class=\"vc_column-inner\"><div class=\"wpb_wrapper\"><div class=\"section-title-wrapper text-center shortcode-rand-4 induzy-inline-css\" data-css=\"&quot;.shortcode-rand-4 .title-separator.separator-border { background-color: ; }.shortcode-rand-4 .section-title { text-transform: none; }&quot;\"><div class=\"title-wrap\"><h2 class=\"section-title\">Ledige stillinger<\/h2><span class=\"title-separator separator-border theme-color-bg\"><\/span><\/div><!-- .title-wrap --><div class=\"section-description\"><\/div><!-- .section-description --><\/div><!-- .section-title-wrapper --><div class=\"vc_tta-container\" data-vc-action=\"collapse\"><div class=\"vc_general vc_tta vc_tta-accordion vc_tta-color-grey vc_tta-style-flat vc_tta-shape-rounded vc_tta-o-shape-group vc_tta-gap-5 vc_tta-controls-align-default\"><div class=\"vc_tta-panels-container\"><div class=\"vc_tta-panels\"><div class=\"vc_tta-panel vc_active\" id=\"1514966324592-981161e3-1f35\" data-vc-content=\".vc_tta-panel-body\"><div class=\"vc_tta-panel-heading\"><h4 class=\"vc_tta-panel-title vc_tta-controls-icon-position-left\"><a href=\"#1514966324592-981161e3-1f35\" data-vc-accordion data-vc-container=\".vc_tta-container\"><span class=\"vc_tta-title-text\">Salgsingeni\u00f8r<\/span><i class=\"vc_tta-controls-icon vc_tta-controls-icon-chevron\"><\/i><\/a><\/h4><\/div><div class=\"vc_tta-panel-body\"><div class=\"section-title-wrapper text-left shortcode-rand-5 induzy-inline-css\" data-css=\"&quot;.shortcode-rand-5 .section-title { text-transform: none; }&quot;\"><div class=\"title-wrap\"><h4 class=\"section-title\">Om stillingen<\/h4><\/div><!-- .title-wrap --><div class=\"section-description\">Som salgsingeni\u00f8r i Filtnor vil du bl. en. utarbeide tilbud, hjelpe kunder med valg av tekniske l\u00f8sninger og utf\u00f8re opps\u00f8kende salgsarbeid mot b\u00e5de nye og eksisterende kunder. Arbeidssted vil v\u00e6re i Oslo sentrum eller fra hjemmekontor, samt at det m\u00e5 p\u00e5regnes en god del reiseaktivitet.<\/div><!-- .section-description --><\/div><!-- .section-title-wrapper --><div class=\"section-title-wrapper margin-bottom-30 shortcode-rand-6 induzy-inline-css\" data-css=\"&quot;.shortcode-rand-6 .section-title { text-transform: none; }&quot;\"><div class=\"title-wrap\"><h4 class=\"section-title\">\u00d8nskede kvalifikasjoner<\/h4><\/div><!-- .title-wrap --><div class=\"section-description\"><\/div><!-- .section-description --><\/div><!-- .section-title-wrapper --><div class=\"vc_row wpb_row vc_inner vc_row-fluid vc_custom_1514966183233\"><div class=\"wpb_column vc_column_container vc_col-sm-12 vc_col-lg-6 vc_col-md-6\"><div class=\"vc_column-inner\"><div class=\"wpb_wrapper\"><div class=\"list-item-wrapper text-left\" data-css=\"&quot;&quot;\"><div class=\"list-item-inner\" data-css=\"&quot;&quot;\"><div class=\"list-item-title media\"><span class=\"mr-3 theme-color fas fa-check\"><\/span><div class=\"media-body align-self-center list-item-desc\">Ingeni\u00f8r eller teknisk bakgrunn<\/div><\/div><!-- .list-item-title --><\/div><!-- .list-item-inner --><div class=\"list-item-inner\" data-css=\"&quot;&quot;\"><div class=\"list-item-title media\"><span class=\"mr-3 theme-color fas fa-check\"><\/span><div class=\"media-body align-self-center list-item-desc\">Erfaring med salgsarbeid<\/div><\/div><!-- .list-item-title --><\/div><!-- .list-item-inner --><div class=\"list-item-inner\" data-css=\"&quot;&quot;\"><div class=\"list-item-title media\"><span class=\"mr-3 theme-color fas fa-check\"><\/span><div class=\"media-body align-self-center list-item-desc\">Liker \u00e5 jobbe selvstendig<\/div><\/div><!-- .list-item-title --><\/div><!-- .list-item-inner --><\/div><!-- .list-item-wrapper --><\/div><\/div><\/div><div class=\"wpb_column vc_column_container vc_col-sm-12 vc_col-lg-6 vc_col-md-6\"><div class=\"vc_column-inner\"><div class=\"wpb_wrapper\"><div class=\"list-item-wrapper text-left\" data-css=\"&quot;&quot;\"><div class=\"list-item-inner\" data-css=\"&quot;&quot;\"><div class=\"list-item-title media\"><span class=\"mr-3 theme-color fas fa-check\"><\/span><div class=\"media-body align-self-center list-item-desc\">Gode kontaktegenskaper og detaljbevissthet<\/div><\/div><!-- .list-item-title --><\/div><!-- .list-item-inner --><div class=\"list-item-inner\" data-css=\"&quot;&quot;\"><div class=\"list-item-title media\"><span class=\"mr-3 theme-color fas fa-check\"><\/span><div class=\"media-body align-self-center list-item-desc\">Forhandlingsevne<\/div><\/div><!-- .list-item-title --><\/div><!-- .list-item-inner --><div class=\"list-item-inner\" data-css=\"&quot;&quot;\"><div class=\"list-item-title media\"><span class=\"mr-3 theme-color fas fa-check\"><\/span><div class=\"media-body align-self-center list-item-desc\">Gode norsk og engelsk kunnskaper b\u00e5de skriftlig og muntlig<\/div><\/div><!-- .list-item-title --><\/div><!-- .list-item-inner --><\/div><!-- .list-item-wrapper --><\/div><\/div><\/div><\/div><div class=\"vc_btn3-container vc_btn3-right vc_do_btn\" ><a style=\"background-color:#6c9e30; color:#ffffff;\" class=\"vc_general vc_btn3 vc_btn3-size-md vc_btn3-shape-square vc_btn3-style-custom\" href=\"https:\/\/www.filtnor.no\/kontakt-oss\/\" title=\"\">S\u00d8K<\/a><\/div><\/div><\/div><div class=\"vc_tta-panel\" id=\"1691695279044-87b1088b-45d5\" data-vc-content=\".vc_tta-panel-body\"><div class=\"vc_tta-panel-heading\"><h4 class=\"vc_tta-panel-title vc_tta-controls-icon-position-left\"><a href=\"#1691695279044-87b1088b-45d5\" data-vc-accordion data-vc-container=\".vc_tta-container\"><span class=\"vc_tta-title-text\">Selvstendig salgsrepresentant<\/span><i class=\"vc_tta-controls-icon vc_tta-controls-icon-chevron\"><\/i><\/a><\/h4><\/div><div class=\"vc_tta-panel-body\"><div class=\"section-title-wrapper text-left shortcode-rand-15 induzy-inline-css\" data-css=\"&quot;.shortcode-rand-15 .section-title { text-transform: none; }&quot;\"><div class=\"title-wrap\"><h4 class=\"section-title\">Om stillingen<\/h4><\/div><!-- .title-wrap --><div class=\"section-description\">Som selvstendig salgsrepresentant for Filtnor jobber du som selvstendig n\u00e6ringsdrivende med provisjonsbasert salg av v\u00e5re produkter. Du gj\u00f8r gjerne dette p\u00e5 deltid og har i tillegg et annet teknisk arbeid.<\/p>\n<p>Filtnor har en kundemasse som er spredt over store deler av landet, og vi trenger lokale salgsrepresentanter for \u00e5 kunne gi v\u00e5re kunder lokal oppf\u00f8lging. Kontakt oss for \u00e5 h\u00f8re om ditt n\u00e6romr\u00e5de er ledig.<\/div><!-- .section-description --><\/div><!-- .section-title-wrapper --><div class=\"section-title-wrapper margin-bottom-30 shortcode-rand-16 induzy-inline-css\" data-css=\"&quot;.shortcode-rand-16 .section-title { text-transform: none; }&quot;\"><div class=\"title-wrap\"><h4 class=\"section-title\">\u00d8nskede kvalifikasjoner<\/h4><\/div><!-- .title-wrap --><div class=\"section-description\"><\/div><!-- .section-description --><\/div><!-- .section-title-wrapper --><div class=\"vc_row wpb_row vc_inner vc_row-fluid vc_custom_1514966183233\"><div class=\"wpb_column vc_column_container vc_col-sm-12 vc_col-lg-6 vc_col-md-6\"><div class=\"vc_column-inner\"><div class=\"wpb_wrapper\"><div class=\"list-item-wrapper text-left\" data-css=\"&quot;&quot;\"><div class=\"list-item-inner\" data-css=\"&quot;&quot;\"><div class=\"list-item-title media\"><span class=\"mr-3 theme-color fas fa-check\"><\/span><div class=\"media-body align-self-center list-item-desc\">Selvstendig n\u00e6ringsdrivende<\/div><\/div><!-- .list-item-title --><\/div><!-- .list-item-inner --><div class=\"list-item-inner\" data-css=\"&quot;&quot;\"><div class=\"list-item-title media\"><span class=\"mr-3 theme-color fas fa-check\"><\/span><div class=\"media-body align-self-center list-item-desc\">Teknisk bakgrunn<\/div><\/div><!-- .list-item-title --><\/div><!-- .list-item-inner --><div class=\"list-item-inner\" data-css=\"&quot;&quot;\"><div class=\"list-item-title media\"><span class=\"mr-3 theme-color fas fa-check\"><\/span><div class=\"media-body align-self-center list-item-desc\">Profesjonell ut\u00f8velse av arbeidet<\/div><\/div><!-- .list-item-title --><\/div><!-- .list-item-inner --><\/div><!-- .list-item-wrapper --><\/div><\/div><\/div><div class=\"wpb_column vc_column_container vc_col-sm-12 vc_col-lg-6 vc_col-md-6\"><div class=\"vc_column-inner\"><div class=\"wpb_wrapper\"><div class=\"list-item-wrapper text-left\" data-css=\"&quot;&quot;\"><div class=\"list-item-inner\" data-css=\"&quot;&quot;\"><div class=\"list-item-title media\"><span class=\"mr-3 theme-color fas fa-check\"><\/span><div class=\"media-body align-self-center list-item-desc\">Glad i salgsarbeid<\/div><\/div><!-- .list-item-title --><\/div><!-- .list-item-inner --><div class=\"list-item-inner\" data-css=\"&quot;&quot;\"><div class=\"list-item-title media\"><span class=\"mr-3 theme-color fas fa-check\"><\/span><div class=\"media-body align-self-center list-item-desc\">Gode forhandlingsevner<\/div><\/div><!-- .list-item-title --><\/div><!-- .list-item-inner --><div class=\"list-item-inner\" data-css=\"&quot;&quot;\"><div class=\"list-item-title media\"><span class=\"mr-3 theme-color fas fa-check\"><\/span><div class=\"media-body align-self-center list-item-desc\">Gode norsk og engelsk kunnskaper b\u00e5de skriftlig og muntlig<\/div><\/div><!-- .list-item-title --><\/div><!-- .list-item-inner --><\/div><!-- .list-item-wrapper --><\/div><\/div><\/div><\/div><div class=\"vc_btn3-container vc_btn3-right vc_do_btn\" ><a style=\"background-color:#6c9e30; color:#ffffff;\" class=\"vc_general vc_btn3 vc_btn3-size-md vc_btn3-shape-square vc_btn3-style-custom\" href=\"https:\/\/www.filtnor.no\/kontakt-oss\/\" title=\"\">S\u00d8K<\/a><\/div><\/div><\/div><\/div><\/div><\/div><\/div><\/div><\/div><\/div><\/div>\n<\/div>","protected":false},"excerpt":{"rendered":"Bli en del av Filtnor Vi vokser hele tiden, og ser derfor stadig etter nye dyktige kollegaer som vil jobbe sammen med oss. Vi jobber i et spennende milj\u00f8 tett sammen med b\u00e5de produsenter og kunder, for \u00e5 sammen finne l\u00f8sninger p\u00e5 tekniske utfordringer i krevende industriprosesser. Dersom du synes dette virker spennende kan du","protected":false},"author":1,"featured_media":0,"parent":0,"menu_order":0,"comment_status":"closed","ping_status":"closed","template":"","meta":{"om_disable_all_campaigns":false,"footnotes":""},"class_list":["post-4058","page","type-page","status-publish","hentry"],"yoast_head":"<!-- This site is optimized with the Yoast SEO Premium plugin v26.1 (Yoast SEO v27.5) - https:\/\/yoast.com\/product\/yoast-seo-premium-wordpress\/ -->\n<title>Karriere - Filtnor<\/title>\n<meta name=\"description\" content=\"Bli en del av Filtnor og jobb hos oss med filtrering og separasjonsteknikk. Filtnor leverer filterpresser til industriell avvanning.\" \/>\n<meta name=\"robots\" content=\"index, follow, max-snippet:-1, max-image-preview:large, max-video-preview:-1\" \/>\n<link rel=\"canonical\" href=\"https:\/\/www.filtnor.com\/no\/karriere-2\/\" \/>\n<meta property=\"og:locale\" content=\"nb_NO\" \/>\n<meta property=\"og:type\" content=\"article\" \/>\n<meta property=\"og:title\" content=\"Karriere\" \/>\n<meta property=\"og:description\" content=\"Bli en del av Filtnor og jobb hos oss med filtrering og separasjonsteknikk. Filtnor leverer filterpresser til industriell avvanning.\" \/>\n<meta property=\"og:url\" content=\"https:\/\/www.filtnor.com\/no\/karriere-2\/\" \/>\n<meta property=\"og:site_name\" content=\"Filtnor\" \/>\n<meta name=\"twitter:card\" content=\"summary_large_image\" \/>\n<meta name=\"twitter:label1\" content=\"Ansl. lesetid\" \/>\n\t<meta name=\"twitter:data1\" content=\"2 minutter\" \/>\n<script type=\"application\/ld+json\" class=\"yoast-schema-graph\">{\"@context\":\"https:\\\/\\\/schema.org\",\"@graph\":[{\"@type\":\"WebPage\",\"@id\":\"https:\\\/\\\/www.filtnor.com\\\/karriere\\\/\",\"url\":\"https:\\\/\\\/www.filtnor.com\\\/karriere\\\/\",\"name\":\"Karriere - Filtnor\",\"isPartOf\":{\"@id\":\"https:\\\/\\\/www.filtnor.com\\\/#website\"},\"datePublished\":\"2017-10-14T11:54:13+00:00\",\"description\":\"Bli en del av Filtnor og jobb hos oss med filtrering og separasjonsteknikk. Filtnor leverer filterpresser til industriell avvanning.\",\"breadcrumb\":{\"@id\":\"https:\\\/\\\/www.filtnor.com\\\/karriere\\\/#breadcrumb\"},\"inLanguage\":\"nb-NO\",\"potentialAction\":[{\"@type\":\"ReadAction\",\"target\":[\"https:\\\/\\\/www.filtnor.com\\\/karriere\\\/\"]}]},{\"@type\":\"BreadcrumbList\",\"@id\":\"https:\\\/\\\/www.filtnor.com\\\/karriere\\\/#breadcrumb\",\"itemListElement\":[{\"@type\":\"ListItem\",\"position\":1,\"name\":\"Home\",\"item\":\"https:\\\/\\\/www.filtnor.com\\\/\"},{\"@type\":\"ListItem\",\"position\":2,\"name\":\"Karriere\"}]},{\"@type\":\"WebSite\",\"@id\":\"https:\\\/\\\/www.filtnor.com\\\/#website\",\"url\":\"https:\\\/\\\/www.filtnor.com\\\/\",\"name\":\"Filtnor\",\"description\":\"Filtration you can trust. Performance that lasts.\",\"potentialAction\":[{\"@type\":\"SearchAction\",\"target\":{\"@type\":\"EntryPoint\",\"urlTemplate\":\"https:\\\/\\\/www.filtnor.com\\\/?s={search_term_string}\"},\"query-input\":{\"@type\":\"PropertyValueSpecification\",\"valueRequired\":true,\"valueName\":\"search_term_string\"}}],\"inLanguage\":\"nb-NO\"}]}<\/script>\n<!-- \/ Yoast SEO Premium plugin. -->","yoast_head_json":{"title":"Karriere - Filtnor","description":"Bli en del av Filtnor og jobb hos oss med filtrering og separasjonsteknikk. Filtnor leverer filterpresser til industriell avvanning.","robots":{"index":"index","follow":"follow","max-snippet":"max-snippet:-1","max-image-preview":"max-image-preview:large","max-video-preview":"max-video-preview:-1"},"canonical":"https:\/\/www.filtnor.com\/no\/karriere-2\/","og_locale":"nb_NO","og_type":"article","og_title":"Karriere","og_description":"Bli en del av Filtnor og jobb hos oss med filtrering og separasjonsteknikk. Filtnor leverer filterpresser til industriell avvanning.","og_url":"https:\/\/www.filtnor.com\/no\/karriere-2\/","og_site_name":"Filtnor","twitter_card":"summary_large_image","twitter_misc":{"Ansl. lesetid":"2 minutter"},"schema":{"@context":"https:\/\/schema.org","@graph":[{"@type":"WebPage","@id":"https:\/\/www.filtnor.com\/karriere\/","url":"https:\/\/www.filtnor.com\/karriere\/","name":"Karriere - Filtnor","isPartOf":{"@id":"https:\/\/www.filtnor.com\/#website"},"datePublished":"2017-10-14T11:54:13+00:00","description":"Bli en del av Filtnor og jobb hos oss med filtrering og separasjonsteknikk. Filtnor leverer filterpresser til industriell avvanning.","breadcrumb":{"@id":"https:\/\/www.filtnor.com\/karriere\/#breadcrumb"},"inLanguage":"nb-NO","potentialAction":[{"@type":"ReadAction","target":["https:\/\/www.filtnor.com\/karriere\/"]}]},{"@type":"BreadcrumbList","@id":"https:\/\/www.filtnor.com\/karriere\/#breadcrumb","itemListElement":[{"@type":"ListItem","position":1,"name":"Home","item":"https:\/\/www.filtnor.com\/"},{"@type":"ListItem","position":2,"name":"Karriere"}]},{"@type":"WebSite","@id":"https:\/\/www.filtnor.com\/#website","url":"https:\/\/www.filtnor.com\/","name":"Filtnor","description":"Filtrering du kan stole p\u00e5. Ytelse som varer.","potentialAction":[{"@type":"SearchAction","target":{"@type":"EntryPoint","urlTemplate":"https:\/\/www.filtnor.com\/?s={search_term_string}"},"query-input":{"@type":"PropertyValueSpecification","valueRequired":true,"valueName":"search_term_string"}}],"inLanguage":"nb-NO"}]}},"_links":{"self":[{"href":"https:\/\/www.filtnor.com\/no\/wp-json\/wp\/v2\/pages\/4058","targetHints":{"allow":["GET"]}}],"collection":[{"href":"https:\/\/www.filtnor.com\/no\/wp-json\/wp\/v2\/pages"}],"about":[{"href":"https:\/\/www.filtnor.com\/no\/wp-json\/wp\/v2\/types\/page"}],"author":[{"embeddable":true,"href":"https:\/\/www.filtnor.com\/no\/wp-json\/wp\/v2\/users\/1"}],"replies":[{"embeddable":true,"href":"https:\/\/www.filtnor.com\/no\/wp-json\/wp\/v2\/comments?post=4058"}],"version-history":[{"count":0,"href":"https:\/\/www.filtnor.com\/no\/wp-json\/wp\/v2\/pages\/4058\/revisions"}],"wp:attachment":[{"href":"https:\/\/www.filtnor.com\/no\/wp-json\/wp\/v2\/media?parent=4058"}],"curies":[{"name":"wp","href":"https:\/\/api.w.org\/{rel}","templated":true}]}}