{"id":3976,"date":"2024-03-03T19:32:51","date_gmt":"2024-03-03T18:32:51","guid":{"rendered":"https:\/\/www.filtnor.no\/?page_id=3976"},"modified":"2024-06-23T21:38:13","modified_gmt":"2024-06-23T19:38:13","slug":"smarte-losninger","status":"publish","type":"page","link":"https:\/\/www.filtnor.com\/no\/produkter\/smarte-losninger\/","title":{"rendered":"Smart-l\u00f8sninger"},"content":{"rendered":"<div class=\"wpb-content-wrapper\"><div class=\"vc_row wpb_row vc_row-fluid vc_custom_1691587735553\"><div class=\"wpb_column vc_column_container vc_col-sm-12 vc_col-lg-6 vc_col-md-6\"><div class=\"vc_column-inner\"><div class=\"wpb_wrapper\"><div class=\"section-title-wrapper shortcode-rand-2 induzy-inline-css\" data-css=\"&quot;.shortcode-rand-2 .title-separator.separator-border { background-color: ; }.shortcode-rand-2 .section-title { text-transform: none; }&quot;\"><div class=\"title-wrap\"><h2 class=\"section-title\">Roxia <span class=\"title-suffix theme-color\">Malibu<\/span><\/h2><span class=\"title-separator separator-border theme-color-bg\"><\/span><\/div><!-- .title-wrap --><div class=\"section-description\">Roxia Malibu er en portal som kombinerer IIoT med et verkt\u00f8y for prosessoverv\u00e5king, vedlikehold og analyse.<\/p>\n<p>Programmet er sv\u00e6rt brukervennlig og kan tilpasses kundens prosess.<\/div><!-- .section-description --><\/div><!-- .section-title-wrapper --><div class=\"feature-box-wrapper feature-box-style-1 vc_custom_1719170944067 shortcode-rand-3 induzy-inline-css\" data-css=\"&quot;.shortcode-rand-3.feature-box-wrapper {background: -moz-linear-gradient(141deg,  0%,  51%,  75%);\\r\\n\\t\\t\\t\\tbackground: -webkit-linear-gradient(141deg,  0%,  51%,  75%);\\r\\n\\t\\t\\t\\tbackground: linear-gradient(141deg,  0%,  51%,  75%);}.shortcode-rand-3 .feature-box-icon { font-size: 24px; }.shortcode-rand-3 .feature-box-icon { height: 48px; width: 48px; }.shortcode-rand-3 .feature-box-icon &gt; span { line-height: 2; }.shortcode-rand-3:hover .feature-box-icon { background: none; }&quot;\" ><div class=\"feature-box-btn\"><a class=\"btn default\" href=\"https:\/\/www.filtnor.com\/no\/kontakt-oss\/\" title=\"SEND FORESP\u00d8RSEL \u00bb\">SEND FORESP\u00d8RSEL \u00bb<\/a><\/div><!-- .feature-box-btn --><\/div><!-- .feature-box-wrapper --><\/div><\/div><\/div><div class=\"wpb_column vc_column_container vc_col-sm-12 vc_col-lg-6 vc_col-md-6\"><div class=\"vc_column-inner\"><div class=\"wpb_wrapper\">\n\t<div  class=\"wpb_single_image wpb_content_element vc_align_left wpb_content_element\">\n\t\t\n\t\t<figure class=\"wpb_wrapper vc_figure\">\n\t\t\t<div class=\"vc_single_image-wrapper   vc_box_border_grey\"><img loading=\"lazy\" decoding=\"async\" width=\"1280\" height=\"850\" src=\"https:\/\/www.filtnor.com\/wp-content\/uploads\/2023\/08\/produkter_smart-losninger_01.png\" class=\"vc_single_image-img attachment-full\" alt=\"Smart-produkter fra Filtnor\" title=\"Smart-produkter fra Filtnor\" srcset=\"https:\/\/www.filtnor.com\/wp-content\/uploads\/2023\/08\/produkter_smart-losninger_01.png 1280w, https:\/\/www.filtnor.com\/wp-content\/uploads\/2023\/08\/produkter_smart-losninger_01-600x398.png 600w, https:\/\/www.filtnor.com\/wp-content\/uploads\/2023\/08\/produkter_smart-losninger_01-768x510.png 768w\" sizes=\"auto, (max-width: 1280px) 100vw, 1280px\" \/><\/div>\n\t\t<\/figure>\n\t<\/div>\n<\/div><\/div><\/div><\/div><div class=\"vc_row wpb_row vc_row-fluid vc_custom_1691588774257\"><div class=\"wpb_column vc_column_container vc_col-sm-6\"><div class=\"vc_column-inner\"><div class=\"wpb_wrapper\"><div class=\"section-title-wrapper shortcode-rand-5 induzy-inline-css\" data-css=\"&quot;.shortcode-rand-5 .title-separator.separator-border { background-color: ; }.shortcode-rand-5 .section-title { text-transform: none; }&quot;\"><div class=\"title-wrap\"><h4 class=\"section-title\">Prosessoverv\u00e5king <span class=\"title-suffix theme-color\">og analyse<\/span><\/h4><span class=\"title-separator separator-border theme-color-bg\"><\/span><\/div><!-- .title-wrap --><div class=\"section-description\">Roxia Malibu er en portal som kombinerer prosessoverv\u00e5king og analyse. Dataene som samles inn fra prosessoverv\u00e5kingen blir n\u00f8ye analysert, og det kan utarbeides rapporter som viser optimale driftsforhold. Dette bidrar til \u00e5 redusere energiforbruket og optimalisere vedlikeholdsarbeidet.<\/p>\n<p>Roxia Malibu er en IIoT-portal som er veldig oversiktlig og enkel \u00e5 bruke for alle. Ettersom det er et overv\u00e5kings- og analyseverkt\u00f8y, utgj\u00f8r det ingen sikkerhetsrisiko for \u00e5 overstyre prosessen, og man trenger derfor ikke bekymre seg for at et datainnbrudd vil kunne p\u00e5virke prosesskontrollen.<\/p>\n<p>Digitalisering av prosessen bidrar til store kostnadsreduksjoner, blant annet ved \u00e5 redusere un\u00f8dvendig vedlikehold og unng\u00e5 uplanlagt nedetid, men ogs\u00e5 ved \u00e5 optimalisere prosessen gjennom redusert energiforbruk og \u00f8kt kapasitet. Ved \u00e5 bruke Roxia Malibu har flere av v\u00e5re kunder redusert energiforbruket til sine pumper med ca. 15%, som har gitt en ROI-tid p\u00e5 bare noen f\u00e5 m\u00e5neder.<\/div><!-- .section-description --><\/div><!-- .section-title-wrapper --><\/div><\/div><\/div><div class=\"wpb_column vc_column_container vc_col-sm-6\"><div class=\"vc_column-inner\"><div class=\"wpb_wrapper\"><div class=\"section-title-wrapper margin-bottom-30 shortcode-rand-6 induzy-inline-css\" data-css=\"&quot;.shortcode-rand-6 .title-separator.separator-border { background-color: ; }.shortcode-rand-6 .section-title { text-transform: none; }&quot;\"><div class=\"title-wrap\"><h4 class=\"section-title\">Noen av fordelene med <span class=\"title-suffix theme-color\">Roxia Malibu<\/span><\/h4><span class=\"title-separator separator-border theme-color-bg\"><\/span><\/div><!-- .title-wrap --><div class=\"section-description\"><\/div><!-- .section-description --><\/div><!-- .section-title-wrapper --><div class=\"list-item-wrapper\" data-css=\"&quot;&quot;\"><div class=\"list-item-inner\" data-css=\"&quot;&quot;\"><div class=\"list-item-title media\"><span class=\"mr-3 icon-light fas fa-check\"><\/span><div class=\"media-body align-self-center list-item-desc\">Redusert nedetid<\/div><\/div><!-- .list-item-title --><\/div><!-- .list-item-inner --><div class=\"list-item-inner\" data-css=\"&quot;&quot;\"><div class=\"list-item-title media\"><span class=\"mr-3 icon-light fas fa-check\"><\/span><div class=\"media-body align-self-center list-item-desc\">Enkel tilgang til dokumentasjon<\/div><\/div><!-- .list-item-title --><\/div><!-- .list-item-inner --><div class=\"list-item-inner\" data-css=\"&quot;&quot;\"><div class=\"list-item-title media\"><span class=\"mr-3 icon-light fas fa-check\"><\/span><div class=\"media-body align-self-center list-item-desc\">Mer effektivt vedlikeholdsarbeid<\/div><\/div><!-- .list-item-title --><\/div><!-- .list-item-inner --><div class=\"list-item-inner\" data-css=\"&quot;&quot;\"><div class=\"list-item-title media\"><span class=\"mr-3 icon-light fas fa-check\"><\/span><div class=\"media-body align-self-center list-item-desc\">\u00d8kt produksjonskapasitet<\/div><\/div><!-- .list-item-title --><\/div><!-- .list-item-inner --><\/div><!-- .list-item-wrapper --><\/div><\/div><\/div><\/div><div class=\"vc_row wpb_row vc_row-fluid vc_custom_1691588774257\"><div class=\"wpb_column vc_column_container vc_col-sm-6\"><div class=\"vc_column-inner\"><div class=\"wpb_wrapper\"><div class=\"section-title-wrapper shortcode-rand-13 induzy-inline-css\" data-css=\"&quot;.shortcode-rand-13 .title-separator.separator-border { background-color: ; }.shortcode-rand-13 .section-title { text-transform: none; }&quot;\"><div class=\"title-wrap\"><h4 class=\"section-title\">Smart filtrering <span class=\"title-suffix theme-color\">og smarte produkter<\/span><\/h4><span class=\"title-separator separator-border theme-color-bg\"><\/span><\/div><!-- .title-wrap --><div class=\"section-description\">Ved \u00e5 kombinere en filterpresse med Roxia Malibu f\u00e5r du en digitalisert filtreringsprosess med muligheter som tidligere ikke var tilgjengelige. Dette forenkler hverdagen, reduserer driftskostnadene og \u00f8ker kapasiteten.<\/p>\n<p>Selve programmet er sv\u00e6rt enkelt \u00e5 bruke, og oppsettet er tilpasset med en 3D-tegning av prosessen slik at brukerne enkelt kan finne frem og finne korrekte data.<\/p>\n<p>Det er heller ikke noe stort problem \u00e5 inkludere eksisterende komponenter som ikke er smarte produkter, for dette kan l\u00f8ses ved \u00e5 ettermontere sensorer og m\u00e5lere.<\/div><!-- .section-description --><\/div><!-- .section-title-wrapper --><\/div><\/div><\/div><div class=\"wpb_column vc_column_container vc_col-sm-6\"><div class=\"vc_column-inner\"><div class=\"wpb_wrapper\">\n\t<div  class=\"wpb_single_image wpb_content_element vc_align_left wpb_content_element\">\n\t\t\n\t\t<figure class=\"wpb_wrapper vc_figure\">\n\t\t\t<div class=\"vc_single_image-wrapper   vc_box_border_grey\"><img loading=\"lazy\" decoding=\"async\" width=\"640\" height=\"360\" src=\"https:\/\/www.filtnor.com\/wp-content\/uploads\/2024\/06\/products_smart-solutions-02.png\" class=\"vc_single_image-img attachment-medium\" alt=\"Smarte l\u00f8sningssystemer\" title=\"products_smart-solutions-02\" srcset=\"https:\/\/www.filtnor.com\/wp-content\/uploads\/2024\/06\/products_smart-solutions-02.png 640w, https:\/\/www.filtnor.com\/wp-content\/uploads\/2024\/06\/products_smart-solutions-02-18x10.png 18w, https:\/\/www.filtnor.com\/wp-content\/uploads\/2024\/06\/products_smart-solutions-02-600x338.png 600w\" sizes=\"auto, (max-width: 640px) 100vw, 640px\" \/><\/div>\n\t\t<\/figure>\n\t<\/div>\n<\/div><\/div><\/div><\/div><div class=\"vc_row wpb_row vc_row-fluid vc_custom_1691587893368\"><div class=\"wpb_column vc_column_container vc_col-sm-12\"><div class=\"vc_column-inner\"><div class=\"wpb_wrapper\"><div class=\"vc_separator wpb_content_element vc_separator_align_center vc_sep_width_100 vc_sep_dashed vc_sep_pos_align_center vc_separator_no_text wpb_content_element  wpb_content_element\" ><span class=\"vc_sep_holder vc_sep_holder_l\"><span class=\"vc_sep_line\"><\/span><\/span><span class=\"vc_sep_holder vc_sep_holder_r\"><span class=\"vc_sep_line\"><\/span><\/span>\n<\/div><\/div><\/div><\/div><\/div><div data-vc-full-width=\"true\" data-vc-full-width-init=\"false\" class=\"vc_row wpb_row vc_row-fluid additional-call-to-action vc_custom_1691588100630 vc_row-has-fill\"><div class=\"wpb_column vc_column_container vc_col-sm-12\"><div class=\"vc_column-inner\"><div class=\"wpb_wrapper\"><div class=\"vc_row wpb_row vc_inner vc_row-fluid\"><div class=\"wpb_column vc_column_container vc_col-sm-12 vc_col-lg-9 vc_col-md-12\"><div class=\"vc_column-inner\"><div class=\"wpb_wrapper\"><div class=\"feature-box-wrapper feature-box-style-1 shortcode-rand-16 induzy-inline-css feature-list-1\" data-css=\"&quot;.shortcode-rand-16.feature-box-wrapper { color: #000000; }.shortcode-rand-16.feature-box-wrapper {background: -moz-linear-gradient(141deg,  0%,  51%,  75%);\\r\\n\\t\\t\\t\\tbackground: -webkit-linear-gradient(141deg,  0%,  51%,  75%);\\r\\n\\t\\t\\t\\tbackground: linear-gradient(141deg,  0%,  51%,  75%);}.shortcode-rand-16 .feature-box-icon { font-size: 30px; }.shortcode-rand-16 .feature-box-icon { height: 60px; width: 60px; }.shortcode-rand-16 .feature-box-icon &gt; span { line-height: 2; }.shortcode-rand-16:hover .feature-box-icon { background: none; }&quot;\" ><div class=\"fbox-list\"><div class=\"media\"><div class=\"feature-box-icon mr-3 text-center rounded-circle none\"><span class=\"\"><\/span><\/div><!-- .feature-box-icon --><div class=\"media-body\"><div class=\"feature-box-title\"><h4 class=\"section-title\">Finner du ikke det du leter etter?<\/h4><\/div><!-- .feature-box-title --><div class=\"feature-box-content\">Kontakt oss s\u00e5 hjelper vi deg \u00e5 finne ut!<\/div><!-- .feature-box-content --><\/div><\/div><\/div><\/div><!-- .feature-box-wrapper --><\/div><\/div><\/div><div class=\"wpb_column vc_column_container vc_col-sm-12 vc_col-lg-3 vc_col-md-12\"><div class=\"vc_column-inner vc_custom_1691588352947\"><div class=\"wpb_wrapper\"><div class=\"vc_btn3-container  additional-btn vc_btn3-right vc_custom_1719171031114 vc_do_btn\" ><a style=\"background-color:#06295e; color:#ffffff;\" class=\"vc_general vc_btn3 vc_btn3-size-md vc_btn3-shape-rounded vc_btn3-style-custom\" href=\"https:\/\/www.filtnor.com\/no\/kontakt-oss\/\" title=\"Kontakt oss\">SEND FORESP\u00d8RSEL \u00bb<\/a><\/div><\/div><\/div><\/div><\/div><\/div><\/div><\/div><\/div><div class=\"vc_row-full-width vc_clearfix\"><\/div>\n<\/div>","protected":false},"excerpt":{"rendered":"Roxia MalibuRoxia Malibu er en portal som kombinerer IIoT med et verkt\u00f8y for prosessoverv\u00e5king, vedlikehold og analyse. Programmet er sv\u00e6rt brukervennlig og kan tilpasses kundens prosess.SEND FORESP\u00d8RSEL \u00bb Prosessoverv\u00e5king og analyseRoxia Malibu er en portal som kombinerer prosessoverv\u00e5king og analyse. Dataene som samles inn fra prosessoverv\u00e5kingen er","protected":false},"author":1,"featured_media":0,"parent":3954,"menu_order":0,"comment_status":"closed","ping_status":"closed","template":"","meta":{"om_disable_all_campaigns":false,"footnotes":""},"class_list":["post-3976","page","type-page","status-publish","hentry"],"yoast_head":"<!-- This site is optimized with the Yoast SEO Premium plugin v26.1 (Yoast SEO v27.5) - https:\/\/yoast.com\/product\/yoast-seo-premium-wordpress\/ -->\n<title>Smart solutions - Filtnor<\/title>\n<meta name=\"description\" content=\"Smart solutions and smart products for your filtration process. We have IoT \/ IIoT smart products for pressure filters, filter presses, valves and pumps.\" \/>\n<meta name=\"robots\" content=\"index, follow, max-snippet:-1, max-image-preview:large, max-video-preview:-1\" \/>\n<link rel=\"canonical\" href=\"https:\/\/www.filtnor.com\/no\/produkter\/smarte-losninger\/\" \/>\n<meta property=\"og:locale\" content=\"nb_NO\" \/>\n<meta property=\"og:type\" content=\"article\" \/>\n<meta property=\"og:title\" content=\"Smart solutions\" \/>\n<meta property=\"og:description\" content=\"Smart solutions and smart products for your filtration process. We have IoT \/ IIoT smart products for pressure filters, filter presses, valves and pumps.\" \/>\n<meta property=\"og:url\" content=\"https:\/\/www.filtnor.com\/no\/produkter\/smarte-losninger\/\" \/>\n<meta property=\"og:site_name\" content=\"Filtnor\" \/>\n<meta property=\"article:modified_time\" content=\"2024-06-23T19:38:13+00:00\" \/>\n<meta name=\"twitter:card\" content=\"summary_large_image\" \/>\n<meta name=\"twitter:label1\" content=\"Ansl. lesetid\" \/>\n\t<meta name=\"twitter:data1\" content=\"3 minutter\" \/>\n<script type=\"application\/ld+json\" class=\"yoast-schema-graph\">{\"@context\":\"https:\\\/\\\/schema.org\",\"@graph\":[{\"@type\":\"WebPage\",\"@id\":\"https:\\\/\\\/www.filtnor.com\\\/products\\\/smart-solutions\\\/\",\"url\":\"https:\\\/\\\/www.filtnor.com\\\/products\\\/smart-solutions\\\/\",\"name\":\"Smart solutions - Filtnor\",\"isPartOf\":{\"@id\":\"https:\\\/\\\/www.filtnor.com\\\/#website\"},\"datePublished\":\"2024-03-03T18:32:51+00:00\",\"dateModified\":\"2024-06-23T19:38:13+00:00\",\"description\":\"Smart solutions and smart products for your filtration process. We have IoT \\\/ IIoT smart products for pressure filters, filter presses, valves and pumps.\",\"breadcrumb\":{\"@id\":\"https:\\\/\\\/www.filtnor.com\\\/products\\\/smart-solutions\\\/#breadcrumb\"},\"inLanguage\":\"nb-NO\",\"potentialAction\":[{\"@type\":\"ReadAction\",\"target\":[\"https:\\\/\\\/www.filtnor.com\\\/products\\\/smart-solutions\\\/\"]}]},{\"@type\":\"BreadcrumbList\",\"@id\":\"https:\\\/\\\/www.filtnor.com\\\/products\\\/smart-solutions\\\/#breadcrumb\",\"itemListElement\":[{\"@type\":\"ListItem\",\"position\":1,\"name\":\"Home\",\"item\":\"https:\\\/\\\/www.filtnor.com\\\/\"},{\"@type\":\"ListItem\",\"position\":2,\"name\":\"Product groups from Filtnor\",\"item\":\"https:\\\/\\\/www.filtnor.com\\\/products\\\/\"},{\"@type\":\"ListItem\",\"position\":3,\"name\":\"Smart solutions\"}]},{\"@type\":\"WebSite\",\"@id\":\"https:\\\/\\\/www.filtnor.com\\\/#website\",\"url\":\"https:\\\/\\\/www.filtnor.com\\\/\",\"name\":\"Filtnor\",\"description\":\"Filtration you can trust. Performance that lasts.\",\"potentialAction\":[{\"@type\":\"SearchAction\",\"target\":{\"@type\":\"EntryPoint\",\"urlTemplate\":\"https:\\\/\\\/www.filtnor.com\\\/?s={search_term_string}\"},\"query-input\":{\"@type\":\"PropertyValueSpecification\",\"valueRequired\":true,\"valueName\":\"search_term_string\"}}],\"inLanguage\":\"nb-NO\"}]}<\/script>\n<!-- \/ Yoast SEO Premium plugin. -->","yoast_head_json":{"title":"Smarte l\u00f8sninger - Filtnor","description":"Smarte l\u00f8sninger og smarte produkter for din filtreringsprosess. Vi har IoT \/ IIoT smarte produkter for trykkfiltre, filterpresser, ventiler og pumper.","robots":{"index":"index","follow":"follow","max-snippet":"max-snippet:-1","max-image-preview":"max-image-preview:large","max-video-preview":"max-video-preview:-1"},"canonical":"https:\/\/www.filtnor.com\/no\/produkter\/smarte-losninger\/","og_locale":"nb_NO","og_type":"article","og_title":"Smart solutions","og_description":"Smart solutions and smart products for your filtration process. We have IoT \/ IIoT smart products for pressure filters, filter presses, valves and pumps.","og_url":"https:\/\/www.filtnor.com\/no\/produkter\/smarte-losninger\/","og_site_name":"Filtnor","article_modified_time":"2024-06-23T19:38:13+00:00","twitter_card":"summary_large_image","twitter_misc":{"Ansl. lesetid":"3 minutter"},"schema":{"@context":"https:\/\/schema.org","@graph":[{"@type":"WebPage","@id":"https:\/\/www.filtnor.com\/products\/smart-solutions\/","url":"https:\/\/www.filtnor.com\/products\/smart-solutions\/","name":"Smarte l\u00f8sninger - Filtnor","isPartOf":{"@id":"https:\/\/www.filtnor.com\/#website"},"datePublished":"2024-03-03T18:32:51+00:00","dateModified":"2024-06-23T19:38:13+00:00","description":"Smarte l\u00f8sninger og smarte produkter for din filtreringsprosess. Vi har IoT \/ IIoT smarte produkter for trykkfiltre, filterpresser, ventiler og pumper.","breadcrumb":{"@id":"https:\/\/www.filtnor.com\/products\/smart-solutions\/#breadcrumb"},"inLanguage":"nb-NO","potentialAction":[{"@type":"ReadAction","target":["https:\/\/www.filtnor.com\/products\/smart-solutions\/"]}]},{"@type":"BreadcrumbList","@id":"https:\/\/www.filtnor.com\/products\/smart-solutions\/#breadcrumb","itemListElement":[{"@type":"ListItem","position":1,"name":"Home","item":"https:\/\/www.filtnor.com\/"},{"@type":"ListItem","position":2,"name":"Product groups from Filtnor","item":"https:\/\/www.filtnor.com\/products\/"},{"@type":"ListItem","position":3,"name":"Smart solutions"}]},{"@type":"WebSite","@id":"https:\/\/www.filtnor.com\/#website","url":"https:\/\/www.filtnor.com\/","name":"Filtnor","description":"Filtrering du kan stole p\u00e5. Ytelse som varer.","potentialAction":[{"@type":"SearchAction","target":{"@type":"EntryPoint","urlTemplate":"https:\/\/www.filtnor.com\/?s={search_term_string}"},"query-input":{"@type":"PropertyValueSpecification","valueRequired":true,"valueName":"search_term_string"}}],"inLanguage":"nb-NO"}]}},"_links":{"self":[{"href":"https:\/\/www.filtnor.com\/no\/wp-json\/wp\/v2\/pages\/3976","targetHints":{"allow":["GET"]}}],"collection":[{"href":"https:\/\/www.filtnor.com\/no\/wp-json\/wp\/v2\/pages"}],"about":[{"href":"https:\/\/www.filtnor.com\/no\/wp-json\/wp\/v2\/types\/page"}],"author":[{"embeddable":true,"href":"https:\/\/www.filtnor.com\/no\/wp-json\/wp\/v2\/users\/1"}],"replies":[{"embeddable":true,"href":"https:\/\/www.filtnor.com\/no\/wp-json\/wp\/v2\/comments?post=3976"}],"version-history":[{"count":4,"href":"https:\/\/www.filtnor.com\/no\/wp-json\/wp\/v2\/pages\/3976\/revisions"}],"predecessor-version":[{"id":4657,"href":"https:\/\/www.filtnor.com\/no\/wp-json\/wp\/v2\/pages\/3976\/revisions\/4657"}],"up":[{"embeddable":true,"href":"https:\/\/www.filtnor.com\/no\/wp-json\/wp\/v2\/pages\/3954"}],"wp:attachment":[{"href":"https:\/\/www.filtnor.com\/no\/wp-json\/wp\/v2\/media?parent=3976"}],"curies":[{"name":"wp","href":"https:\/\/api.w.org\/{rel}","templated":true}]}}