{"id":3786,"date":"2023-10-16T13:41:12","date_gmt":"2023-10-16T11:41:12","guid":{"rendered":"https:\/\/www.filtnor.no\/?page_id=3786"},"modified":"2025-04-23T20:08:14","modified_gmt":"2025-04-23T18:08:14","slug":"roxia-filterkluter","status":"publish","type":"page","link":"https:\/\/www.filtnor.com\/no\/roxia-filterkluter\/","title":{"rendered":"Roxia filterkluter"},"content":{"rendered":"<div class=\"wpb-content-wrapper\"><div class=\"vc_row wpb_row vc_row-fluid vc_custom_1691587735553\"><div class=\"wpb_column vc_column_container vc_col-sm-12 vc_col-lg-6 vc_col-md-6\"><div class=\"vc_column-inner\"><div class=\"wpb_wrapper\"><div class=\"section-title-wrapper shortcode-rand-2 induzy-inline-css\" data-css=\"&quot;.shortcode-rand-2 .title-separator.separator-border { background-color: ; }.shortcode-rand-2 .section-title { text-transform: none; }&quot;\"><div class=\"title-wrap\"><h2 class=\"section-title\">Levert av Filtnor - <span class=\"title-suffix theme-color\">Din p\u00e5litelige filtreringspartner<\/span><\/h2><span class=\"title-separator separator-border theme-color-bg\"><\/span><\/div><!-- .title-wrap --><div class=\"section-description\">Filtnor er stolte av \u00e5 levere Roxia-filterduker, designet for h\u00f8ytytende avvanning og et bredt spekter av industrielle filtreringsapplikasjoner. Roxia-duker er utviklet med den nyeste tekstilteknologien og tilbyr bransjeledende kvalitet, holdbarhet og konsistens, og setter en ny standard for filtermediets ytelse.<\/div><!-- .section-description --><\/div><!-- .section-title-wrapper --><div class=\"feature-box-wrapper feature-box-style-1 vc_custom_1745431511884 shortcode-rand-3 induzy-inline-css\" data-css=\"&quot;.shortcode-rand-3.feature-box-wrapper {background: -moz-linear-gradient(141deg,  0%,  51%,  75%);\\r\\n\\t\\t\\t\\tbackground: -webkit-linear-gradient(141deg,  0%,  51%,  75%);\\r\\n\\t\\t\\t\\tbackground: linear-gradient(141deg,  0%,  51%,  75%);}.shortcode-rand-3 .feature-box-icon { font-size: 24px; }.shortcode-rand-3 .feature-box-icon { height: 48px; width: 48px; }.shortcode-rand-3 .feature-box-icon &gt; span { line-height: 2; }.shortcode-rand-3:hover .feature-box-icon { background: none; }&quot;\" ><div class=\"feature-box-btn\"><a class=\"btn default\" href=\"https:\/\/www.filtnor.com\/no\/kontakt-oss\/\" title=\"SEND FORESP\u00d8RSEL \u00bb\">SEND FORESP\u00d8RSEL \u00bb<\/a><\/div><!-- .feature-box-btn --><\/div><!-- .feature-box-wrapper --><\/div><\/div><\/div><div class=\"wpb_column vc_column_container vc_col-sm-12 vc_col-lg-6 vc_col-md-6\"><div class=\"vc_column-inner\"><div class=\"wpb_wrapper\">\n\t<div  class=\"wpb_single_image wpb_content_element vc_align_left wpb_content_element\">\n\t\t\n\t\t<figure class=\"wpb_wrapper vc_figure\">\n\t\t\t<div class=\"vc_single_image-wrapper   vc_box_border_grey\"><img loading=\"lazy\" decoding=\"async\" width=\"813\" height=\"460\" src=\"https:\/\/www.filtnor.com\/wp-content\/uploads\/2023\/10\/sider_filterduker-01.png\" class=\"vc_single_image-img attachment-full\" alt=\"Filterduker til pressfilter\" title=\"sider_filterduker-01\" srcset=\"https:\/\/www.filtnor.com\/wp-content\/uploads\/2023\/10\/sider_filterduker-01.png 813w, https:\/\/www.filtnor.com\/wp-content\/uploads\/2023\/10\/sider_filterduker-01-600x339.png 600w, https:\/\/www.filtnor.com\/wp-content\/uploads\/2023\/10\/sider_filterduker-01-768x435.png 768w\" sizes=\"auto, (max-width: 813px) 100vw, 813px\" \/><\/div>\n\t\t<\/figure>\n\t<\/div>\n<\/div><\/div><\/div><\/div><div class=\"vc_row wpb_row vc_row-fluid vc_custom_1691588774257\"><div class=\"wpb_column vc_column_container vc_col-sm-6\"><div class=\"vc_column-inner\"><div class=\"wpb_wrapper\"><div class=\"section-title-wrapper shortcode-rand-5 induzy-inline-css\" data-css=\"&quot;.shortcode-rand-5 .title-separator.separator-border { background-color: ; }.shortcode-rand-5 .section-title { text-transform: none; }&quot;\"><div class=\"title-wrap\"><h4 class=\"section-title\">Markedsledende kompetanse<\/h4><span class=\"title-separator separator-border theme-color-bg\"><\/span><\/div><!-- .title-wrap --><div class=\"section-description\"><\/p>\n<h4>Filterkluter for filterpresser \u2013 Anbefalt av bransjeledere<\/h4>\n<h5>Uovertruffen ekspertise og ingeni\u00f8rmessig fortreffelighet<\/h5>\n<p>Roxia filterkluter er et resultat av \u00e5relang utvikling utf\u00f8rt av noen av de mest erfarne fagfolkene i filtreringsbransjen. Ved \u00e5 bruke banebrytende veveteknologi og materialer leverer Roxia kluter som tilbyr <strong>et niv\u00e5 av kvalitet og effektivitet som tidligere var uoppn\u00e5elig<\/strong> i filtreringssystemer.<\/p>\n<p>Med en bred portef\u00f8lje av standarddesign og muligheten til \u00e5 skreddersy l\u00f8sninger til individuelle behov, sikrer Roxia rask levering av filterkluter som <strong>utf\u00f8r n\u00f8yaktig slik prosessen din krever<\/strong>Filterduken er selve hjertet i ethvert avvanningssystem og en kritisk komponent \u2013 og det er viktig \u00e5 velge riktig filterduk for \u00e5 optimalisere filtreringseffektiviteten.<\/p>\n<h4>Konstruerte s\u00f8mmer for \u00f8kt levetid<\/h4>\n<p>Roxia tilbyr en rekke avanserte s\u00f8mdesign for \u00e5 matche ulike prosessforhold. Hver s\u00f8m er forsterket for \u00e5 <strong>overlever selve stoffet<\/strong>, slik at s\u00f8mbrudd ikke blir en \u00e5rsak til nedetid eller vedlikeholdsavbrudd.<\/p>\n<h5>Kantforsterkninger \u2013 standard og ekstremt slitesterke alternativer<\/h5>\n<p>V\u00e5re standardduker leveres med slitesterke kantforsterkninger som er mer enn tilstrekkelige for de aller fleste bruksomr\u00e5der. For ekstreme bruksomr\u00e5der \u2013 der filterduker kan komme i kontakt med harde overflater eller mekaniske komponenter \u2013 tilbyr vi imidlertid ogs\u00e5 <strong>ekstra kraftige kantforsterkninger<\/strong> for ekstra beskyttelse og levetid.<\/p>\n<h5>Viktige fordeler med Roxia filterkluter<\/h5>\n<p>\u2013 <strong>Redusert tilstopping<\/strong>, noe som betyr lengre levetid for stoffet og mer konsistent ytelse<\/p>\n<p>\u2013 <strong>Enkel frigj\u00f8ring av filterkake<\/strong>, forbedrer syklustider og produktivitet<\/p>\n<p>\u2013 <strong>Maksimal mekanisk styrke<\/strong>, selv under krevende prosessforhold<\/p>\n<p>\u2013 <strong>Forsterkede kanter og s\u00f8mmer<\/strong> for \u00e5 forhindre slitasje og forlenge stoffets levetid<\/p>\n<p>\u2013 <strong>Rask levering fra nordisk lager<\/strong>, noe som sikrer minimale ledetider<\/p>\n<p>\u2013 <strong>Ekspertveiledning<\/strong>, slik at du f\u00e5r riktig klut for dine spesifikke filtreringsbehov<\/p>\n<p><\/div><!-- .section-description --><\/div><!-- .section-title-wrapper --><\/div><\/div><\/div><div class=\"wpb_column vc_column_container vc_col-sm-6\"><div class=\"vc_column-inner\"><div class=\"wpb_wrapper\"><div class=\"section-title-wrapper margin-bottom-30 shortcode-rand-6 induzy-inline-css\" data-css=\"&quot;.shortcode-rand-6 .title-separator.separator-border { background-color: ; }.shortcode-rand-6 .section-title { text-transform: none; }&quot;\"><div class=\"title-wrap\"><h4 class=\"section-title\">Viktige fordeler <span class=\"title-suffix theme-color\">av Roxia filterkluter<\/span><\/h4><span class=\"title-separator separator-border theme-color-bg\"><\/span><\/div><!-- .title-wrap --><div class=\"section-description\"><\/div><!-- .section-description --><\/div><!-- .section-title-wrapper --><div class=\"list-item-wrapper\" data-css=\"&quot;&quot;\"><div class=\"list-item-inner\" data-css=\"&quot;&quot;\"><div class=\"list-item-title media\"><span class=\"mr-3 icon-light fa fa-solid fa-check\"><\/span><div class=\"media-body align-self-center list-item-desc\">Redusert tilstopping, noe som f\u00f8rer til lengre levetid for stoffet og mer konsistent ytelse<\/div><\/div><!-- .list-item-title --><\/div><!-- .list-item-inner --><div class=\"list-item-inner\" data-css=\"&quot;&quot;\"><div class=\"list-item-title media\"><span class=\"mr-3 icon-light fa fa-solid fa-check\"><\/span><div class=\"media-body align-self-center list-item-desc\">Enkel frigj\u00f8ring av filterkake, forbedrer syklustider og produktivitet<\/div><\/div><!-- .list-item-title --><\/div><!-- .list-item-inner --><div class=\"list-item-inner\" data-css=\"&quot;&quot;\"><div class=\"list-item-title media\"><span class=\"mr-3 icon-light fa fa-solid fa-check\"><\/span><div class=\"media-body align-self-center list-item-desc\">Maksimal mekanisk styrke, selv under krevende prosessforhold<\/div><\/div><!-- .list-item-title --><\/div><!-- .list-item-inner --><div class=\"list-item-inner\" data-css=\"&quot;&quot;\"><div class=\"list-item-title media\"><span class=\"mr-3 icon-light fa fa-solid fa-check\"><\/span><div class=\"media-body align-self-center list-item-desc\">Forsterkede kanter og s\u00f8mmer for \u00e5 forhindre slitasje og forlenge stoffets levetid<\/div><\/div><!-- .list-item-title --><\/div><!-- .list-item-inner --><div class=\"list-item-inner\" data-css=\"&quot;&quot;\"><div class=\"list-item-title media\"><span class=\"mr-3 icon-light fa fa-solid fa-check\"><\/span><div class=\"media-body align-self-center list-item-desc\">Rask levering fra nordisk lager, noe som sikrer minimale ledetider<\/div><\/div><!-- .list-item-title --><\/div><!-- .list-item-inner --><div class=\"list-item-inner\" data-css=\"&quot;&quot;\"><div class=\"list-item-title media\"><span class=\"mr-3 icon-light fa fa-solid fa-check\"><\/span><div class=\"media-body align-self-center list-item-desc\">Ekspertveiledning, som sikrer at du f\u00e5r riktig klut for dine spesifikke filtreringsbehov<\/div><\/div><!-- .list-item-title --><\/div><!-- .list-item-inner --><\/div><!-- .list-item-wrapper --><div class=\"vc_separator wpb_content_element vc_separator_align_center vc_sep_width_100 vc_sep_pos_align_center vc_separator_no_text vc_sep_color_grey wpb_content_element  wpb_content_element\" ><span class=\"vc_sep_holder vc_sep_holder_l\"><span class=\"vc_sep_line\"><\/span><\/span><span class=\"vc_sep_holder vc_sep_holder_r\"><span class=\"vc_sep_line\"><\/span><\/span>\n<\/div><div class=\"section-title-wrapper margin-bottom-30 shortcode-rand-14 induzy-inline-css\" data-css=\"&quot;.shortcode-rand-14 .title-separator.separator-border { background-color: ; }.shortcode-rand-14 .section-title { text-transform: none; }&quot;\"><div class=\"title-wrap\"><h4 class=\"section-title\">Profesjonell st\u00f8tte \u2013 <span class=\"title-suffix theme-color\">Skreddersydde l\u00f8sninger som gir resultater<\/span><\/h4><span class=\"title-separator separator-border theme-color-bg\"><\/span><\/div><!-- .title-wrap --><div class=\"section-description\">Hos Filtnor jobber v\u00e5re filtreringseksperter tett med deg for \u00e5 sikre at du f\u00e5r en filterduk som er n\u00f8yaktig tilpasset dine driftskrav. Roxia-duker er konstruert for \u00e5 levere <strong>maksimal levetid, mekanisk ytelse og optimal filtrat- og kakekvalitet<\/strong>.<\/p>\n<p>Stol p\u00e5 Roxia filterkluter fra Filtnor \u2013 der teknologi i verdensklasse m\u00f8ter nordisk p\u00e5litelighet.<\/div><!-- .section-description --><\/div><!-- .section-title-wrapper --><\/div><\/div><\/div><\/div><div class=\"vc_row wpb_row vc_row-fluid vc_custom_1691587893368\"><div class=\"wpb_column vc_column_container vc_col-sm-12\"><div class=\"vc_column-inner\"><div class=\"wpb_wrapper\"><div class=\"vc_separator wpb_content_element vc_separator_align_center vc_sep_width_100 vc_sep_dashed vc_sep_pos_align_center vc_separator_no_text wpb_content_element  wpb_content_element\" ><span class=\"vc_sep_holder vc_sep_holder_l\"><span class=\"vc_sep_line\"><\/span><\/span><span class=\"vc_sep_holder vc_sep_holder_r\"><span class=\"vc_sep_line\"><\/span><\/span>\n<\/div><\/div><\/div><\/div><\/div><div class=\"vc_row wpb_row vc_row-fluid vc_custom_1691586856885\"><div class=\"wpb_column vc_column_container vc_col-sm-12\"><div class=\"vc_column-inner\"><div class=\"wpb_wrapper\"><div class=\"section-title-wrapper shortcode-rand-17 induzy-inline-css\" data-css=\"&quot;.shortcode-rand-17 .title-separator.separator-border { background-color: ; }.shortcode-rand-17 .section-title { text-transform: none; }&quot;\"><div class=\"title-wrap\"><h4 class=\"section-title\">Spesifikasjoner<\/h4><span class=\"title-separator separator-border theme-color-bg\"><\/span><\/div><!-- .title-wrap --><div class=\"section-description\"><\/div><!-- .section-description --><\/div><!-- .section-title-wrapper --><\/div><\/div><\/div><\/div><div class=\"vc_row wpb_row vc_row-fluid vc_custom_1691588983670\"><div class=\"wpb_column vc_column_container vc_col-sm-12\"><div class=\"vc_column-inner\"><div class=\"wpb_wrapper\"><div class=\"vc_tta-container\" data-vc-action=\"collapse\"><div class=\"vc_general vc_tta vc_tta-accordion vc_tta-color-grey vc_tta-style-modern vc_tta-shape-rounded vc_tta-o-shape-group vc_tta-controls-align-default vc_tta-o-no-fill\"><div class=\"vc_tta-panels-container\"><div class=\"vc_tta-panels\"><div class=\"vc_tta-panel vc_active\" id=\"1691585548344-5710b2c2-8100\" data-vc-content=\".vc_tta-panel-body\"><div class=\"vc_tta-panel-heading\"><h4 class=\"vc_tta-panel-title vc_tta-controls-icon-position-left\"><a href=\"#1691585548344-5710b2c2-8100\" data-vc-accordion data-vc-container=\".vc_tta-container\"><span class=\"vc_tta-title-text\">Oversikt<\/span><i class=\"vc_tta-controls-icon vc_tta-controls-icon-plus\"><\/i><\/a><\/h4><\/div><div class=\"vc_tta-panel-body\">\n\t<div class=\"wpb_text_column wpb_content_element\" >\n\t\t<div class=\"wpb_wrapper\">\n\t\t\t<p>Filterduker med den nyeste tekstilteknologien og lager i Norden.<\/p>\n\n\t\t<\/div>\n\t<\/div>\n<\/div><\/div><div class=\"vc_tta-panel\" id=\"1691585717860-a7b1e109-961c\" data-vc-content=\".vc_tta-panel-body\"><div class=\"vc_tta-panel-heading\"><h4 class=\"vc_tta-panel-title vc_tta-controls-icon-position-left\"><a href=\"#1691585717860-a7b1e109-961c\" data-vc-accordion data-vc-container=\".vc_tta-container\"><span class=\"vc_tta-title-text\">Funksjoner<\/span><i class=\"vc_tta-controls-icon vc_tta-controls-icon-plus\"><\/i><\/a><\/h4><\/div><div class=\"vc_tta-panel-body\">\n\t<div class=\"wpb_text_column wpb_content_element\" >\n\t\t<div class=\"wpb_wrapper\">\n\t\t\t<p>luftpermeabilitet fra 0,25 til 25 m3 pr m2\/minutt.<\/p>\n\n\t\t<\/div>\n\t<\/div>\n<\/div><\/div><div class=\"vc_tta-panel\" id=\"1691585730451-3178ca79-39b4\" data-vc-content=\".vc_tta-panel-body\"><div class=\"vc_tta-panel-heading\"><h4 class=\"vc_tta-panel-title vc_tta-controls-icon-position-left\"><a href=\"#1691585730451-3178ca79-39b4\" data-vc-accordion data-vc-container=\".vc_tta-container\"><span class=\"vc_tta-title-text\">Tilbeh\u00f8r<\/span><i class=\"vc_tta-controls-icon vc_tta-controls-icon-plus\"><\/i><\/a><\/h4><\/div><div class=\"vc_tta-panel-body\">\n\t<div class=\"wpb_text_column wpb_content_element\" >\n\t\t<div class=\"wpb_wrapper\">\n\t\t\t<p>S\u00f8m-adapter og lappesett for reparasjon av skrog i duken.<\/p>\n\n\t\t<\/div>\n\t<\/div>\n<\/div><\/div><div class=\"vc_tta-panel\" id=\"1691585731353-84e22eed-9b98\" data-vc-content=\".vc_tta-panel-body\"><div class=\"vc_tta-panel-heading\"><h4 class=\"vc_tta-panel-title vc_tta-controls-icon-position-left\"><a href=\"#1691585731353-84e22eed-9b98\" data-vc-accordion data-vc-container=\".vc_tta-container\"><span class=\"vc_tta-title-text\">Milj\u00f8parametre<\/span><i class=\"vc_tta-controls-icon vc_tta-controls-icon-plus\"><\/i><\/a><\/h4><\/div><div class=\"vc_tta-panel-body\">\n\t<div class=\"wpb_text_column wpb_content_element\" >\n\t\t<div class=\"wpb_wrapper\">\n\t\t\t<p>Redusert vann- og energiforbruk pga. lettere frislipp av filterkaken samt mindre tetting av duken.<\/p>\n\n\t\t<\/div>\n\t<\/div>\n<\/div><\/div><div class=\"vc_tta-panel\" id=\"1691587300686-a6fbef20-4a50\" data-vc-content=\".vc_tta-panel-body\"><div class=\"vc_tta-panel-heading\"><h4 class=\"vc_tta-panel-title vc_tta-controls-icon-position-left\"><a href=\"#1691587300686-a6fbef20-4a50\" data-vc-accordion data-vc-container=\".vc_tta-container\"><span class=\"vc_tta-title-text\">Tjenester<\/span><i class=\"vc_tta-controls-icon vc_tta-controls-icon-plus\"><\/i><\/a><\/h4><\/div><div class=\"vc_tta-panel-body\">\n\t<div class=\"wpb_text_column wpb_content_element\" >\n\t\t<div class=\"wpb_wrapper\">\n\t\t\t<p>Skifte av filterduk:<br \/>\nVi har serviceteknikere som kan komme til dere og utf\u00f8re skifte av filterduk.<\/p>\n<p>Filtrattester:<br \/>\nVi kan forh\u00e5ndsteste filtratkvalitet i Roxias labratorium i Finland eller med mobilt testutstyr p\u00e5 stedet.<\/p>\n\n\t\t<\/div>\n\t<\/div>\n<\/div><\/div><\/div><\/div><\/div><\/div><\/div><\/div><\/div><\/div><div data-vc-full-width=\"true\" data-vc-full-width-init=\"false\" class=\"vc_row wpb_row vc_row-fluid additional-call-to-action vc_custom_1691588100630 vc_row-has-fill\"><div class=\"wpb_column vc_column_container vc_col-sm-12\"><div class=\"vc_column-inner\"><div class=\"wpb_wrapper\"><div class=\"vc_row wpb_row vc_inner vc_row-fluid\"><div class=\"wpb_column vc_column_container vc_col-sm-12 vc_col-lg-9 vc_col-md-12\"><div class=\"vc_column-inner\"><div class=\"wpb_wrapper\"><div class=\"feature-box-wrapper feature-box-style-1 shortcode-rand-20 induzy-inline-css feature-list-1\" data-css=\"&quot;.shortcode-rand-20.feature-box-wrapper { color: #000000; }.shortcode-rand-20.feature-box-wrapper {background: -moz-linear-gradient(141deg,  0%,  51%,  75%);\\r\\n\\t\\t\\t\\tbackground: -webkit-linear-gradient(141deg,  0%,  51%,  75%);\\r\\n\\t\\t\\t\\tbackground: linear-gradient(141deg,  0%,  51%,  75%);}.shortcode-rand-20 .feature-box-icon { font-size: 30px; }.shortcode-rand-20 .feature-box-icon { height: 60px; width: 60px; }.shortcode-rand-20 .feature-box-icon &gt; span { line-height: 2; }.shortcode-rand-20:hover .feature-box-icon { background: none; }&quot;\" ><div class=\"fbox-list\"><div class=\"media\"><div class=\"feature-box-icon mr-3 text-center rounded-circle none\"><span class=\"\"><\/span><\/div><!-- .feature-box-icon --><div class=\"media-body\"><div class=\"feature-box-title\"><h4 class=\"section-title\">Finner du ikke det du leter etter?<\/h4><\/div><!-- .feature-box-title --><div class=\"feature-box-content\">Kontakt oss s\u00e5 hjelper vi deg \u00e5 finne ut!<\/div><!-- .feature-box-content --><\/div><\/div><\/div><\/div><!-- .feature-box-wrapper --><\/div><\/div><\/div><div class=\"wpb_column vc_column_container vc_col-sm-12 vc_col-lg-3 vc_col-md-12\"><div class=\"vc_column-inner vc_custom_1691588352947\"><div class=\"wpb_wrapper\"><div class=\"vc_btn3-container  additional-btn vc_btn3-right vc_custom_1745431689699 vc_do_btn\" ><a style=\"background-color:#06295e; color:#ffffff;\" class=\"vc_general vc_btn3 vc_btn3-size-md vc_btn3-shape-rounded vc_btn3-style-custom\" href=\"https:\/\/www.filtnor.com\/no\/kontakt-oss\/\" title=\"Materialer\">SEND FORESP\u00d8RSEL \u00bb<\/a><\/div><\/div><\/div><\/div><\/div><\/div><\/div><\/div><\/div><div class=\"vc_row-full-width vc_clearfix\"><\/div>\n<\/div>","protected":false},"excerpt":{"rendered":"Levert av Filtnor \u2013 Din p\u00e5litelige filtreringspartner. Filtnor leverer stolt Roxia filterkluter, designet for h\u00f8ytytende avvanning og et bredt utvalg av industrielle filtreringsapplikasjoner. Roxia-kluter er utviklet med den nyeste tekstilteknologien og tilbyr bransjeledende kvalitet, holdbarhet og konsistens, og setter en ny standard for filtermediets ytelse. SEND FORESP\u00d8RSEL \u00bb Markedsledende kompetanse Filterkluter for filter","protected":false},"author":1,"featured_media":0,"parent":0,"menu_order":0,"comment_status":"closed","ping_status":"closed","template":"","meta":{"om_disable_all_campaigns":false,"footnotes":""},"class_list":["post-3786","page","type-page","status-publish","hentry"],"yoast_head":"<!-- This site is optimized with the Yoast SEO Premium plugin v26.1 (Yoast SEO v27.5) - https:\/\/yoast.com\/product\/yoast-seo-premium-wordpress\/ -->\n<title>Roxia Filter Cloths - Filtnor<\/title>\n<meta name=\"description\" content=\"Filtnor leverer filterduker til pressfilter. Pressfilterduker med h\u00f8y h\u00f8y kvalitet. Kort leveringstid p\u00e5 filterpresseduker til filterpresser.\" \/>\n<meta name=\"robots\" content=\"index, follow, max-snippet:-1, max-image-preview:large, max-video-preview:-1\" \/>\n<link rel=\"canonical\" href=\"https:\/\/www.filtnor.com\/no\/roxia-filterkluter\/\" \/>\n<meta property=\"og:locale\" content=\"nb_NO\" \/>\n<meta property=\"og:type\" content=\"article\" \/>\n<meta property=\"og:title\" content=\"Roxia Filter Cloths\" \/>\n<meta property=\"og:description\" content=\"Filtnor leverer filterduker til pressfilter. Pressfilterduker med h\u00f8y h\u00f8y kvalitet. Kort leveringstid p\u00e5 filterpresseduker til filterpresser.\" \/>\n<meta property=\"og:url\" content=\"https:\/\/www.filtnor.com\/no\/roxia-filterkluter\/\" \/>\n<meta property=\"og:site_name\" content=\"Filtnor\" \/>\n<meta property=\"article:modified_time\" content=\"2025-04-23T18:08:14+00:00\" \/>\n<meta name=\"twitter:card\" content=\"summary_large_image\" \/>\n<meta name=\"twitter:label1\" content=\"Ansl. lesetid\" \/>\n\t<meta name=\"twitter:data1\" content=\"3 minutter\" \/>\n<script type=\"application\/ld+json\" class=\"yoast-schema-graph\">{\"@context\":\"https:\\\/\\\/schema.org\",\"@graph\":[{\"@type\":\"WebPage\",\"@id\":\"https:\\\/\\\/www.filtnor.com\\\/roxia-filter-cloths\\\/\",\"url\":\"https:\\\/\\\/www.filtnor.com\\\/roxia-filter-cloths\\\/\",\"name\":\"Roxia Filter Cloths - Filtnor\",\"isPartOf\":{\"@id\":\"https:\\\/\\\/www.filtnor.com\\\/#website\"},\"datePublished\":\"2023-10-16T11:41:12+00:00\",\"dateModified\":\"2025-04-23T18:08:14+00:00\",\"description\":\"Filtnor leverer filterduker til pressfilter. Pressfilterduker med h\u00f8y h\u00f8y kvalitet. Kort leveringstid p\u00e5 filterpresseduker til filterpresser.\",\"breadcrumb\":{\"@id\":\"https:\\\/\\\/www.filtnor.com\\\/roxia-filter-cloths\\\/#breadcrumb\"},\"inLanguage\":\"nb-NO\",\"potentialAction\":[{\"@type\":\"ReadAction\",\"target\":[\"https:\\\/\\\/www.filtnor.com\\\/roxia-filter-cloths\\\/\"]}]},{\"@type\":\"BreadcrumbList\",\"@id\":\"https:\\\/\\\/www.filtnor.com\\\/roxia-filter-cloths\\\/#breadcrumb\",\"itemListElement\":[{\"@type\":\"ListItem\",\"position\":1,\"name\":\"Home\",\"item\":\"https:\\\/\\\/www.filtnor.com\\\/\"},{\"@type\":\"ListItem\",\"position\":2,\"name\":\"Roxia Filter Cloths\"}]},{\"@type\":\"WebSite\",\"@id\":\"https:\\\/\\\/www.filtnor.com\\\/#website\",\"url\":\"https:\\\/\\\/www.filtnor.com\\\/\",\"name\":\"Filtnor\",\"description\":\"Filtration you can trust. Performance that lasts.\",\"potentialAction\":[{\"@type\":\"SearchAction\",\"target\":{\"@type\":\"EntryPoint\",\"urlTemplate\":\"https:\\\/\\\/www.filtnor.com\\\/?s={search_term_string}\"},\"query-input\":{\"@type\":\"PropertyValueSpecification\",\"valueRequired\":true,\"valueName\":\"search_term_string\"}}],\"inLanguage\":\"nb-NO\"}]}<\/script>\n<!-- \/ Yoast SEO Premium plugin. -->","yoast_head_json":{"title":"Roxia filterkluter - Filtnor","description":"Filtnor leverer filterduker til pressfilter. Pressfilterduker med h\u00f8y h\u00f8y kvalitet. Kort leveringstid p\u00e5 filterpresseduker til filterpresser.","robots":{"index":"index","follow":"follow","max-snippet":"max-snippet:-1","max-image-preview":"max-image-preview:large","max-video-preview":"max-video-preview:-1"},"canonical":"https:\/\/www.filtnor.com\/no\/roxia-filterkluter\/","og_locale":"nb_NO","og_type":"article","og_title":"Roxia Filter Cloths","og_description":"Filtnor leverer filterduker til pressfilter. Pressfilterduker med h\u00f8y h\u00f8y kvalitet. Kort leveringstid p\u00e5 filterpresseduker til filterpresser.","og_url":"https:\/\/www.filtnor.com\/no\/roxia-filterkluter\/","og_site_name":"Filtnor","article_modified_time":"2025-04-23T18:08:14+00:00","twitter_card":"summary_large_image","twitter_misc":{"Ansl. lesetid":"3 minutter"},"schema":{"@context":"https:\/\/schema.org","@graph":[{"@type":"WebPage","@id":"https:\/\/www.filtnor.com\/roxia-filter-cloths\/","url":"https:\/\/www.filtnor.com\/roxia-filter-cloths\/","name":"Roxia filterkluter - Filtnor","isPartOf":{"@id":"https:\/\/www.filtnor.com\/#website"},"datePublished":"2023-10-16T11:41:12+00:00","dateModified":"2025-04-23T18:08:14+00:00","description":"Filtnor leverer filterduker til pressfilter. Pressfilterduker med h\u00f8y h\u00f8y kvalitet. Kort leveringstid p\u00e5 filterpresseduker til filterpresser.","breadcrumb":{"@id":"https:\/\/www.filtnor.com\/roxia-filter-cloths\/#breadcrumb"},"inLanguage":"nb-NO","potentialAction":[{"@type":"ReadAction","target":["https:\/\/www.filtnor.com\/roxia-filter-cloths\/"]}]},{"@type":"BreadcrumbList","@id":"https:\/\/www.filtnor.com\/roxia-filter-cloths\/#breadcrumb","itemListElement":[{"@type":"ListItem","position":1,"name":"Home","item":"https:\/\/www.filtnor.com\/"},{"@type":"ListItem","position":2,"name":"Roxia Filter Cloths"}]},{"@type":"WebSite","@id":"https:\/\/www.filtnor.com\/#website","url":"https:\/\/www.filtnor.com\/","name":"Filtnor","description":"Filtrering du kan stole p\u00e5. Ytelse som varer.","potentialAction":[{"@type":"SearchAction","target":{"@type":"EntryPoint","urlTemplate":"https:\/\/www.filtnor.com\/?s={search_term_string}"},"query-input":{"@type":"PropertyValueSpecification","valueRequired":true,"valueName":"search_term_string"}}],"inLanguage":"nb-NO"}]}},"_links":{"self":[{"href":"https:\/\/www.filtnor.com\/no\/wp-json\/wp\/v2\/pages\/3786","targetHints":{"allow":["GET"]}}],"collection":[{"href":"https:\/\/www.filtnor.com\/no\/wp-json\/wp\/v2\/pages"}],"about":[{"href":"https:\/\/www.filtnor.com\/no\/wp-json\/wp\/v2\/types\/page"}],"author":[{"embeddable":true,"href":"https:\/\/www.filtnor.com\/no\/wp-json\/wp\/v2\/users\/1"}],"replies":[{"embeddable":true,"href":"https:\/\/www.filtnor.com\/no\/wp-json\/wp\/v2\/comments?post=3786"}],"version-history":[{"count":5,"href":"https:\/\/www.filtnor.com\/no\/wp-json\/wp\/v2\/pages\/3786\/revisions"}],"predecessor-version":[{"id":6015,"href":"https:\/\/www.filtnor.com\/no\/wp-json\/wp\/v2\/pages\/3786\/revisions\/6015"}],"wp:attachment":[{"href":"https:\/\/www.filtnor.com\/no\/wp-json\/wp\/v2\/media?parent=3786"}],"curies":[{"name":"wp","href":"https:\/\/api.w.org\/{rel}","templated":true}]}}