{"id":3753,"date":"2023-10-07T19:05:08","date_gmt":"2023-10-07T17:05:08","guid":{"rendered":"https:\/\/www.filtnor.no\/?page_id=3753"},"modified":"2024-08-07T18:35:09","modified_gmt":"2024-08-07T16:35:09","slug":"filtre-for-fiskeoljer","status":"publish","type":"page","link":"https:\/\/www.filtnor.com\/no\/bruksomrader-for-trykkfiltre\/filtre-for-fiskeoljer\/","title":{"rendered":"Filtre for fiskeoljer"},"content":{"rendered":"<div class=\"wpb-content-wrapper\"><div class=\"vc_row wpb_row vc_row-fluid vc_custom_1691587735553\"><div class=\"wpb_column vc_column_container vc_col-sm-12 vc_col-lg-6 vc_col-md-6\"><div class=\"vc_column-inner\"><div class=\"wpb_wrapper\"><div class=\"section-title-wrapper shortcode-rand-2 induzy-inline-css\" data-css=\"&quot;.shortcode-rand-2 .title-separator.separator-border { background-color: ; }.shortcode-rand-2 .section-title { text-transform: none; }&quot;\"><div class=\"title-wrap\"><h2 class=\"section-title\">Filtrering av fiskeolje<\/h2><span class=\"title-separator separator-border theme-color-bg\"><\/span><\/div><!-- .title-wrap --><div class=\"section-description\">Vi har erfaring med pressfilter til fiskeolje, samt andre oljer, til filtrering for fjerning av tal og andre urenheter.<\/p>\n<p>V\u00e5re filterpresser til fiskeolje er godkjent til bruk p\u00e5 n\u00e6ringsmidler.<\/div><!-- .section-description --><\/div><!-- .section-title-wrapper --><div class=\"feature-box-wrapper feature-box-style-1 vc_custom_1691588732498 shortcode-rand-3 induzy-inline-css\" data-css=\"&quot;.shortcode-rand-3.feature-box-wrapper {background: -moz-linear-gradient(141deg,  0%,  51%,  75%);\\r\\n\\t\\t\\t\\tbackground: -webkit-linear-gradient(141deg,  0%,  51%,  75%);\\r\\n\\t\\t\\t\\tbackground: linear-gradient(141deg,  0%,  51%,  75%);}.shortcode-rand-3 .feature-box-icon { font-size: 24px; }.shortcode-rand-3 .feature-box-icon { height: 48px; width: 48px; }.shortcode-rand-3 .feature-box-icon &gt; span { line-height: 2; }.shortcode-rand-3:hover .feature-box-icon { background: none; }&quot;\" ><div class=\"feature-box-btn\"><a class=\"btn default\" href=\"https:\/\/www.filtnor.no\/kontakt-oss\/\" title=\"Send foresp\u00f8rsel\">Send foresp\u00f8rsel<\/a><\/div><!-- .feature-box-btn --><\/div><!-- .feature-box-wrapper --><\/div><\/div><\/div><div class=\"wpb_column vc_column_container vc_col-sm-12 vc_col-lg-6 vc_col-md-6\"><div class=\"vc_column-inner\"><div class=\"wpb_wrapper\">\n\t<div  class=\"wpb_single_image wpb_content_element vc_align_left wpb_content_element\">\n\t\t\n\t\t<figure class=\"wpb_wrapper vc_figure\">\n\t\t\t<div class=\"vc_single_image-wrapper   vc_box_border_grey\"><img loading=\"lazy\" decoding=\"async\" width=\"1140\" height=\"640\" src=\"https:\/\/www.filtnor.com\/wp-content\/uploads\/2023\/10\/bruksomrader_fiskeolje_01.png\" class=\"vc_single_image-img attachment-full\" alt=\"Pressfilter til fiskeolje\" title=\"bruksomrader_fiskeolje_01\" srcset=\"https:\/\/www.filtnor.com\/wp-content\/uploads\/2023\/10\/bruksomrader_fiskeolje_01.png 1140w, https:\/\/www.filtnor.com\/wp-content\/uploads\/2023\/10\/bruksomrader_fiskeolje_01-600x337.png 600w, https:\/\/www.filtnor.com\/wp-content\/uploads\/2023\/10\/bruksomrader_fiskeolje_01-768x431.png 768w\" sizes=\"auto, (max-width: 1140px) 100vw, 1140px\" \/><\/div>\n\t\t<\/figure>\n\t<\/div>\n<\/div><\/div><\/div><\/div><div class=\"vc_row wpb_row vc_row-fluid vc_custom_1691588774257\"><div class=\"wpb_column vc_column_container vc_col-sm-6\"><div class=\"vc_column-inner\"><div class=\"wpb_wrapper\"><div class=\"section-title-wrapper shortcode-rand-5 induzy-inline-css\" data-css=\"&quot;.shortcode-rand-5 .title-separator.separator-border { background-color: ; }.shortcode-rand-5 .section-title { text-transform: none; }&quot;\"><div class=\"title-wrap\"><h4 class=\"section-title\">Optimalisert for fiskeolje<\/h4><span class=\"title-separator separator-border theme-color-bg\"><\/span><\/div><!-- .title-wrap --><div class=\"section-description\">V\u00e5r Roxia Smart Filter Press fishoil edition er en helautomatisert filterpresse som er optimalisert til filtrering av fiskeolje. Dette er en smart-filterpresse, noe som betyr at den er selvjusterende og ikke trenger operat\u00f8r. Den har opp til over 98% automatisk oppetid, og er i tillegg sv\u00e6rt vedlikeholdsvennlig. Skifte av filterduker osv. g\u00e5r sv\u00e6rt raskt og kan enkelt utf\u00f8res av \u00e9n person alene.<\/p>\n<p>Maskinen forurenser ikke, og kan derfor st\u00e5 i rene omgivelser uten \u00e5 skitne til. Hele prosessen er beskyttet i et kabinett, og ved sjenerende finnes avtrekk i kabinettet som et tilvalg som fjerner dette problemet for omgivelsene.<\/p>\n<p>Maskinen kontaktr de strengeste kvalitetskrav for bruk p\u00e5 n\u00e6ringsmiddelprodukter.<\/div><!-- .section-description --><\/div><!-- .section-title-wrapper --><\/div><\/div><\/div><div class=\"wpb_column vc_column_container vc_col-sm-6\"><div class=\"vc_column-inner\"><div class=\"wpb_wrapper\"><div class=\"section-title-wrapper margin-bottom-30 shortcode-rand-6 induzy-inline-css\" data-css=\"&quot;.shortcode-rand-6 .title-separator.separator-border { background-color: ; }.shortcode-rand-6 .section-title { text-transform: none; }&quot;\"><div class=\"title-wrap\"><h4 class=\"section-title\">Fordeler<\/h4><span class=\"title-separator separator-border theme-color-bg\"><\/span><\/div><!-- .title-wrap --><div class=\"section-description\"><\/div><!-- .section-description --><\/div><!-- .section-title-wrapper --><div class=\"list-item-wrapper\" data-css=\"&quot;&quot;\"><div class=\"list-item-inner\" data-css=\"&quot;&quot;\"><div class=\"list-item-title media\"><span class=\"mr-3 icon-light fas fa-check\"><\/span><div class=\"media-body align-self-center list-item-desc\">Maksimal renhet p\u00e5 produktet<\/div><\/div><!-- .list-item-title --><\/div><!-- .list-item-inner --><div class=\"list-item-inner\" data-css=\"&quot;&quot;\"><div class=\"list-item-title media\"><span class=\"mr-3 icon-light fas fa-check\"><\/span><div class=\"media-body align-self-center list-item-desc\">Lavt energiforbruk<\/div><\/div><!-- .list-item-title --><\/div><!-- .list-item-inner --><div class=\"list-item-inner\" data-css=\"&quot;&quot;\"><div class=\"list-item-title media\"><span class=\"mr-3 icon-light fas fa-check\"><\/span><div class=\"media-body align-self-center list-item-desc\">Smart-filterpresse uten behov for operat\u00f8r<\/div><\/div><!-- .list-item-title --><\/div><!-- .list-item-inner --><div class=\"list-item-inner\" data-css=\"&quot;&quot;\"><div class=\"list-item-title media\"><span class=\"mr-3 icon-light fas fa-check\"><\/span><div class=\"media-body align-self-center list-item-desc\">N\u00e6ringsmiddelgodkjent<\/div><\/div><!-- .list-item-title --><\/div><!-- .list-item-inner --><\/div><!-- .list-item-wrapper --><\/div><\/div><\/div><\/div><div class=\"vc_row wpb_row vc_row-fluid vc_custom_1691587893368\"><div class=\"wpb_column vc_column_container vc_col-sm-12\"><div class=\"vc_column-inner\"><div class=\"wpb_wrapper\"><div class=\"vc_separator wpb_content_element vc_separator_align_center vc_sep_width_100 vc_sep_dashed vc_sep_pos_align_center vc_separator_no_text wpb_content_element  wpb_content_element\" ><span class=\"vc_sep_holder vc_sep_holder_l\"><span class=\"vc_sep_line\"><\/span><\/span><span class=\"vc_sep_holder vc_sep_holder_r\"><span class=\"vc_sep_line\"><\/span><\/span>\n<\/div><\/div><\/div><\/div><\/div><div class=\"vc_row wpb_row vc_row-fluid vc_custom_1691586856885\"><div class=\"wpb_column vc_column_container vc_col-sm-12\"><div class=\"vc_column-inner\"><div class=\"wpb_wrapper\"><div class=\"section-title-wrapper shortcode-rand-14 induzy-inline-css\" data-css=\"&quot;.shortcode-rand-14 .title-separator.separator-border { background-color: ; }.shortcode-rand-14 .section-title { text-transform: none; }&quot;\"><div class=\"title-wrap\"><h4 class=\"section-title\">Spesifikasjoner<\/h4><span class=\"title-separator separator-border theme-color-bg\"><\/span><\/div><!-- .title-wrap --><div class=\"section-description\"><\/div><!-- .section-description --><\/div><!-- .section-title-wrapper --><\/div><\/div><\/div><\/div><div class=\"vc_row wpb_row vc_row-fluid vc_custom_1691588983670\"><div class=\"wpb_column vc_column_container vc_col-sm-12\"><div class=\"vc_column-inner\"><div class=\"wpb_wrapper\"><div class=\"vc_tta-container\" data-vc-action=\"collapse\"><div class=\"vc_general vc_tta vc_tta-accordion vc_tta-color-grey vc_tta-style-modern vc_tta-shape-rounded vc_tta-o-shape-group vc_tta-controls-align-default vc_tta-o-no-fill\"><div class=\"vc_tta-panels-container\"><div class=\"vc_tta-panels\"><div class=\"vc_tta-panel vc_active\" id=\"1691585548344-5710b2c2-8100\" data-vc-content=\".vc_tta-panel-body\"><div class=\"vc_tta-panel-heading\"><h4 class=\"vc_tta-panel-title vc_tta-controls-icon-position-left\"><a href=\"#1691585548344-5710b2c2-8100\" data-vc-accordion data-vc-container=\".vc_tta-container\"><span class=\"vc_tta-title-text\">Oversikt<\/span><i class=\"vc_tta-controls-icon vc_tta-controls-icon-plus\"><\/i><\/a><\/h4><\/div><div class=\"vc_tta-panel-body\">\n\t<div class=\"wpb_text_column wpb_content_element\" >\n\t\t<div class=\"wpb_wrapper\">\n\t\t\t<p>Filtreringsarealet fra 1,28 m2 til 22,3 m2. Dette gj\u00f8r at \u00e9n maskin kan h\u00e5ndtere opp til ca. 240 m3 i timen, og ved st\u00f8rre mengder kobles flere maskiner sammen i parallell.<\/p>\n\n\t\t<\/div>\n\t<\/div>\n<\/div><\/div><div class=\"vc_tta-panel\" id=\"1691585717860-a7b1e109-961c\" data-vc-content=\".vc_tta-panel-body\"><div class=\"vc_tta-panel-heading\"><h4 class=\"vc_tta-panel-title vc_tta-controls-icon-position-left\"><a href=\"#1691585717860-a7b1e109-961c\" data-vc-accordion data-vc-container=\".vc_tta-container\"><span class=\"vc_tta-title-text\">Funksjoner<\/span><i class=\"vc_tta-controls-icon vc_tta-controls-icon-plus\"><\/i><\/a><\/h4><\/div><div class=\"vc_tta-panel-body\">\n\t<div class=\"wpb_text_column wpb_content_element\" >\n\t\t<div class=\"wpb_wrapper\">\n\t\t\t<p>Jeg er tekstblokk. Klikk p\u00e5 rediger-knappen for \u00e5 endre denne teksten. Lorem ipsum dolor sit amet, consectetur adipiscing elit. Ut elit tellus, luctus nec ullamcorper mattis, pulvinar dapibus leo.<\/p>\n\n\t\t<\/div>\n\t<\/div>\n<\/div><\/div><div class=\"vc_tta-panel\" id=\"1691585730451-3178ca79-39b4\" data-vc-content=\".vc_tta-panel-body\"><div class=\"vc_tta-panel-heading\"><h4 class=\"vc_tta-panel-title vc_tta-controls-icon-position-left\"><a href=\"#1691585730451-3178ca79-39b4\" data-vc-accordion data-vc-container=\".vc_tta-container\"><span class=\"vc_tta-title-text\">Tilbeh\u00f8r<\/span><i class=\"vc_tta-controls-icon vc_tta-controls-icon-plus\"><\/i><\/a><\/h4><\/div><div class=\"vc_tta-panel-body\">\n\t<div class=\"wpb_text_column wpb_content_element\" >\n\t\t<div class=\"wpb_wrapper\">\n\t\t\t<p>Jeg er tekstblokk. Klikk p\u00e5 rediger-knappen for \u00e5 endre denne teksten. Lorem ipsum dolor sit amet, consectetur adipiscing elit. Ut elit tellus, luctus nec ullamcorper mattis, pulvinar dapibus leo.<\/p>\n\n\t\t<\/div>\n\t<\/div>\n<\/div><\/div><div class=\"vc_tta-panel\" id=\"1691585731353-84e22eed-9b98\" data-vc-content=\".vc_tta-panel-body\"><div class=\"vc_tta-panel-heading\"><h4 class=\"vc_tta-panel-title vc_tta-controls-icon-position-left\"><a href=\"#1691585731353-84e22eed-9b98\" data-vc-accordion data-vc-container=\".vc_tta-container\"><span class=\"vc_tta-title-text\">Milj\u00f8parametre<\/span><i class=\"vc_tta-controls-icon vc_tta-controls-icon-plus\"><\/i><\/a><\/h4><\/div><div class=\"vc_tta-panel-body\">\n\t<div class=\"wpb_text_column wpb_content_element\" >\n\t\t<div class=\"wpb_wrapper\">\n\t\t\t<p>Jeg er tekstblokk. Klikk p\u00e5 rediger-knappen for \u00e5 endre denne teksten. Lorem ipsum dolor sit amet, consectetur adipiscing elit. Ut elit tellus, luctus nec ullamcorper mattis, pulvinar dapibus leo.<\/p>\n\n\t\t<\/div>\n\t<\/div>\n<\/div><\/div><div class=\"vc_tta-panel\" id=\"1691587300686-a6fbef20-4a50\" data-vc-content=\".vc_tta-panel-body\"><div class=\"vc_tta-panel-heading\"><h4 class=\"vc_tta-panel-title vc_tta-controls-icon-position-left\"><a href=\"#1691587300686-a6fbef20-4a50\" data-vc-accordion data-vc-container=\".vc_tta-container\"><span class=\"vc_tta-title-text\">Tjenester<\/span><i class=\"vc_tta-controls-icon vc_tta-controls-icon-plus\"><\/i><\/a><\/h4><\/div><div class=\"vc_tta-panel-body\">\n\t<div class=\"wpb_text_column wpb_content_element\" >\n\t\t<div class=\"wpb_wrapper\">\n\t\t\t<p>Jeg er tekstblokk. Klikk p\u00e5 rediger-knappen for \u00e5 endre denne teksten. Lorem ipsum dolor sit amet, consectetur adipiscing elit. Ut elit tellus, luctus nec ullamcorper mattis, pulvinar dapibus leo.<\/p>\n\n\t\t<\/div>\n\t<\/div>\n<\/div><\/div><\/div><\/div><\/div><\/div><\/div><\/div><\/div><\/div><div data-vc-full-width=\"true\" data-vc-full-width-init=\"false\" class=\"vc_row wpb_row vc_row-fluid additional-call-to-action vc_custom_1691588100630 vc_row-has-fill\"><div class=\"wpb_column vc_column_container vc_col-sm-12\"><div class=\"vc_column-inner\"><div class=\"wpb_wrapper\"><div class=\"vc_row wpb_row vc_inner vc_row-fluid\"><div class=\"wpb_column vc_column_container vc_col-sm-12 vc_col-lg-9 vc_col-md-12\"><div class=\"vc_column-inner\"><div class=\"wpb_wrapper\"><div class=\"feature-box-wrapper feature-box-style-1 shortcode-rand-17 induzy-inline-css feature-list-1\" data-css=\"&quot;.shortcode-rand-17.feature-box-wrapper { color: #000000; }.shortcode-rand-17.feature-box-wrapper {background: -moz-linear-gradient(141deg,  0%,  51%,  75%);\\r\\n\\t\\t\\t\\tbackground: -webkit-linear-gradient(141deg,  0%,  51%,  75%);\\r\\n\\t\\t\\t\\tbackground: linear-gradient(141deg,  0%,  51%,  75%);}.shortcode-rand-17 .feature-box-icon { font-size: 30px; }.shortcode-rand-17 .feature-box-icon { height: 60px; width: 60px; }.shortcode-rand-17 .feature-box-icon &gt; span { line-height: 2; }.shortcode-rand-17:hover .feature-box-icon { background: none; }&quot;\" ><div class=\"fbox-list\"><div class=\"media\"><div class=\"feature-box-icon mr-3 text-center rounded-circle none\"><span class=\"\"><\/span><\/div><!-- .feature-box-icon --><div class=\"media-body\"><div class=\"feature-box-title\"><h4 class=\"section-title\">\u00d8nsker du \u00e5 vite mer?<\/h4><\/div><!-- .feature-box-title --><div class=\"feature-box-content\">Ta kontakt med oss for et uforpliktende tilbud!<\/div><!-- .feature-box-content --><\/div><\/div><\/div><\/div><!-- .feature-box-wrapper --><\/div><\/div><\/div><div class=\"wpb_column vc_column_container vc_col-sm-12 vc_col-lg-3 vc_col-md-12\"><div class=\"vc_column-inner vc_custom_1691588352947\"><div class=\"wpb_wrapper\"><div class=\"vc_btn3-container  additional-btn vc_btn3-right vc_custom_1691589162716 vc_do_btn\" ><a style=\"background-color:#06295e; color:#ffffff;\" class=\"vc_general vc_btn3 vc_btn3-size-md vc_btn3-shape-rounded vc_btn3-style-custom\" href=\"https:\/\/www.filtnor.no\/kontakt-oss\/\" title=\"\">Send foresp\u00f8rsel<\/a><\/div><\/div><\/div><\/div><\/div><\/div><\/div><\/div><\/div><div class=\"vc_row-full-width vc_clearfix\"><\/div>\n<\/div>","protected":false},"excerpt":{"rendered":"Filtrering av fiskeoljeVi har erfaring med pressfilter til fiskeolje, samt andre oljer, til filtrering for fjerning av tal og andre urenheter. V\u00e5re filterpresser til fiskeolje er godkjent til bruk p\u00e5 n\u00e6ringsmidler.Send foresp\u00f8rsel Optimalisert for fiskeoljeV\u00e5r Roxia Smart Filter Press fishoil edition er en helautomatisert filterpresse som er optimalisert til filtrering av fiskeolje. Dette er en","protected":false},"author":1,"featured_media":0,"parent":4070,"menu_order":0,"comment_status":"closed","ping_status":"closed","template":"","meta":{"om_disable_all_campaigns":false,"footnotes":""},"class_list":["post-3753","page","type-page","status-publish","hentry"],"yoast_head":"<!-- This site is optimized with the Yoast SEO Premium plugin v26.1 (Yoast SEO v27.4) - https:\/\/yoast.com\/product\/yoast-seo-premium-wordpress\/ -->\n<title>Filters for fish oils - Filtnor<\/title>\n<meta name=\"description\" content=\"Pressfilter til fiskeolje for en optimalisert filtrering med pressfilter til fiskeolje som fjerner talg og urenheter fra n\u00e6ringsmidler.\" \/>\n<meta name=\"robots\" content=\"index, follow, max-snippet:-1, max-image-preview:large, max-video-preview:-1\" \/>\n<link rel=\"canonical\" href=\"https:\/\/www.filtnor.com\/no\/bruksomrader-for-trykkfiltre\/filtre-for-fiskeoljer\/\" \/>\n<meta property=\"og:locale\" content=\"nb_NO\" \/>\n<meta property=\"og:type\" content=\"article\" \/>\n<meta property=\"og:title\" content=\"Filters for fish oils\" \/>\n<meta property=\"og:description\" content=\"Pressfilter til fiskeolje for en optimalisert filtrering med pressfilter til fiskeolje som fjerner talg og urenheter fra n\u00e6ringsmidler.\" \/>\n<meta property=\"og:url\" content=\"https:\/\/www.filtnor.com\/no\/bruksomrader-for-trykkfiltre\/filtre-for-fiskeoljer\/\" \/>\n<meta property=\"og:site_name\" content=\"Filtnor\" \/>\n<meta property=\"article:modified_time\" content=\"2024-08-07T16:35:09+00:00\" \/>\n<meta name=\"twitter:card\" content=\"summary_large_image\" \/>\n<meta name=\"twitter:label1\" content=\"Ansl. lesetid\" \/>\n\t<meta name=\"twitter:data1\" content=\"2 minutter\" \/>\n<script type=\"application\/ld+json\" class=\"yoast-schema-graph\">{\"@context\":\"https:\\\/\\\/schema.org\",\"@graph\":[{\"@type\":\"WebPage\",\"@id\":\"https:\\\/\\\/www.filtnor.com\\\/areas-of-use-for-pressure-filters\\\/filters-for-fish-oils\\\/\",\"url\":\"https:\\\/\\\/www.filtnor.com\\\/areas-of-use-for-pressure-filters\\\/filters-for-fish-oils\\\/\",\"name\":\"Filters for fish oils - Filtnor\",\"isPartOf\":{\"@id\":\"https:\\\/\\\/www.filtnor.com\\\/#website\"},\"datePublished\":\"2023-10-07T17:05:08+00:00\",\"dateModified\":\"2024-08-07T16:35:09+00:00\",\"description\":\"Pressfilter til fiskeolje for en optimalisert filtrering med pressfilter til fiskeolje som fjerner talg og urenheter fra n\u00e6ringsmidler.\",\"breadcrumb\":{\"@id\":\"https:\\\/\\\/www.filtnor.com\\\/areas-of-use-for-pressure-filters\\\/filters-for-fish-oils\\\/#breadcrumb\"},\"inLanguage\":\"nb-NO\",\"potentialAction\":[{\"@type\":\"ReadAction\",\"target\":[\"https:\\\/\\\/www.filtnor.com\\\/areas-of-use-for-pressure-filters\\\/filters-for-fish-oils\\\/\"]}]},{\"@type\":\"BreadcrumbList\",\"@id\":\"https:\\\/\\\/www.filtnor.com\\\/areas-of-use-for-pressure-filters\\\/filters-for-fish-oils\\\/#breadcrumb\",\"itemListElement\":[{\"@type\":\"ListItem\",\"position\":1,\"name\":\"Home\",\"item\":\"https:\\\/\\\/www.filtnor.com\\\/\"},{\"@type\":\"ListItem\",\"position\":2,\"name\":\"Areas of Use for Pressure Filters\",\"item\":\"https:\\\/\\\/www.filtnor.com\\\/areas-of-use-for-pressure-filters\\\/\"},{\"@type\":\"ListItem\",\"position\":3,\"name\":\"Filters for fish oils\"}]},{\"@type\":\"WebSite\",\"@id\":\"https:\\\/\\\/www.filtnor.com\\\/#website\",\"url\":\"https:\\\/\\\/www.filtnor.com\\\/\",\"name\":\"Filtnor\",\"description\":\"Filtration you can trust. Performance that lasts.\",\"potentialAction\":[{\"@type\":\"SearchAction\",\"target\":{\"@type\":\"EntryPoint\",\"urlTemplate\":\"https:\\\/\\\/www.filtnor.com\\\/?s={search_term_string}\"},\"query-input\":{\"@type\":\"PropertyValueSpecification\",\"valueRequired\":true,\"valueName\":\"search_term_string\"}}],\"inLanguage\":\"nb-NO\"}]}<\/script>\n<!-- \/ Yoast SEO Premium plugin. -->","yoast_head_json":{"title":"Filtre for fiskeoljer - Filtnor","description":"Pressfilter til fiskeolje for en optimalisert filtrering med pressfilter til fiskeolje som fjerner talg og urenheter fra n\u00e6ringsmidler.","robots":{"index":"index","follow":"follow","max-snippet":"max-snippet:-1","max-image-preview":"max-image-preview:large","max-video-preview":"max-video-preview:-1"},"canonical":"https:\/\/www.filtnor.com\/no\/bruksomrader-for-trykkfiltre\/filtre-for-fiskeoljer\/","og_locale":"nb_NO","og_type":"article","og_title":"Filters for fish oils","og_description":"Pressfilter til fiskeolje for en optimalisert filtrering med pressfilter til fiskeolje som fjerner talg og urenheter fra n\u00e6ringsmidler.","og_url":"https:\/\/www.filtnor.com\/no\/bruksomrader-for-trykkfiltre\/filtre-for-fiskeoljer\/","og_site_name":"Filtnor","article_modified_time":"2024-08-07T16:35:09+00:00","twitter_card":"summary_large_image","twitter_misc":{"Ansl. lesetid":"2 minutter"},"schema":{"@context":"https:\/\/schema.org","@graph":[{"@type":"WebPage","@id":"https:\/\/www.filtnor.com\/areas-of-use-for-pressure-filters\/filters-for-fish-oils\/","url":"https:\/\/www.filtnor.com\/areas-of-use-for-pressure-filters\/filters-for-fish-oils\/","name":"Filtre for fiskeoljer - Filtnor","isPartOf":{"@id":"https:\/\/www.filtnor.com\/#website"},"datePublished":"2023-10-07T17:05:08+00:00","dateModified":"2024-08-07T16:35:09+00:00","description":"Pressfilter til fiskeolje for en optimalisert filtrering med pressfilter til fiskeolje som fjerner talg og urenheter fra n\u00e6ringsmidler.","breadcrumb":{"@id":"https:\/\/www.filtnor.com\/areas-of-use-for-pressure-filters\/filters-for-fish-oils\/#breadcrumb"},"inLanguage":"nb-NO","potentialAction":[{"@type":"ReadAction","target":["https:\/\/www.filtnor.com\/areas-of-use-for-pressure-filters\/filters-for-fish-oils\/"]}]},{"@type":"BreadcrumbList","@id":"https:\/\/www.filtnor.com\/areas-of-use-for-pressure-filters\/filters-for-fish-oils\/#breadcrumb","itemListElement":[{"@type":"ListItem","position":1,"name":"Home","item":"https:\/\/www.filtnor.com\/"},{"@type":"ListItem","position":2,"name":"Areas of Use for Pressure Filters","item":"https:\/\/www.filtnor.com\/areas-of-use-for-pressure-filters\/"},{"@type":"ListItem","position":3,"name":"Filters for fish oils"}]},{"@type":"WebSite","@id":"https:\/\/www.filtnor.com\/#website","url":"https:\/\/www.filtnor.com\/","name":"Filtnor","description":"Filtrering du kan stole p\u00e5. Ytelse som varer.","potentialAction":[{"@type":"SearchAction","target":{"@type":"EntryPoint","urlTemplate":"https:\/\/www.filtnor.com\/?s={search_term_string}"},"query-input":{"@type":"PropertyValueSpecification","valueRequired":true,"valueName":"search_term_string"}}],"inLanguage":"nb-NO"}]}},"_links":{"self":[{"href":"https:\/\/www.filtnor.com\/no\/wp-json\/wp\/v2\/pages\/3753","targetHints":{"allow":["GET"]}}],"collection":[{"href":"https:\/\/www.filtnor.com\/no\/wp-json\/wp\/v2\/pages"}],"about":[{"href":"https:\/\/www.filtnor.com\/no\/wp-json\/wp\/v2\/types\/page"}],"author":[{"embeddable":true,"href":"https:\/\/www.filtnor.com\/no\/wp-json\/wp\/v2\/users\/1"}],"replies":[{"embeddable":true,"href":"https:\/\/www.filtnor.com\/no\/wp-json\/wp\/v2\/comments?post=3753"}],"version-history":[{"count":3,"href":"https:\/\/www.filtnor.com\/no\/wp-json\/wp\/v2\/pages\/3753\/revisions"}],"predecessor-version":[{"id":4941,"href":"https:\/\/www.filtnor.com\/no\/wp-json\/wp\/v2\/pages\/3753\/revisions\/4941"}],"up":[{"embeddable":true,"href":"https:\/\/www.filtnor.com\/no\/wp-json\/wp\/v2\/pages\/4070"}],"wp:attachment":[{"href":"https:\/\/www.filtnor.com\/no\/wp-json\/wp\/v2\/media?parent=3753"}],"curies":[{"name":"wp","href":"https:\/\/api.w.org\/{rel}","templated":true}]}}