{"id":879,"date":"2017-10-23T13:07:53","date_gmt":"2017-10-23T13:07:53","guid":{"rendered":"http:\/\/demo.zozothemes.com\/induzy\/?page_id=879"},"modified":"2025-05-13T13:46:18","modified_gmt":"2025-05-13T11:46:18","slug":"frettir","status":"publish","type":"page","link":"https:\/\/www.filtnor.com\/is\/frettir\/","title":{"rendered":"Fr\u00e9ttir og s\u00f6gur fr\u00e1 Filtnor"},"content":{"rendered":"<div class=\"wpb-content-wrapper\"><div class=\"vc_row wpb_row vc_row-fluid vc_custom_1508750640220\"><div class=\"wpb_column vc_column_container vc_col-sm-12\"><div class=\"vc_column-inner\"><div class=\"wpb_wrapper\"><div class=\"blog-wrapper blog-style-4 blog-light\" data-css=\"&quot;&quot;\"><div class=\"row\"><div class=\"col-lg-12 col-md-12\"><div class=\"blog-inner\"><div class=\"media\"><div class=\"post-thumb\"><img loading=\"lazy\" decoding=\"async\" height=\"186\" width=\"300\" class=\"img-fluid\" alt=\"N\u00fdjustu lausnir fyrir n\u00faningssu\u00f0u (FSW)\" src=\"https:\/\/www.filtnor.com\/wp-content\/uploads\/2024\/11\/information-state-of-the-art-solutions-for-friction-stir-welding-001-300x186.jpg\"\/><\/div><!-- .post-thumb --><div class=\"media-body\"><div class=\"entry-title\"><h3><a href=\"https:\/\/www.filtnor.com\/is\/nyjustu-lausnir-fyrir-nuningssudu\/\" class=\"post-title\">N\u00fdjustu lausnir fyrir n\u00faningssu\u00f0u (FSW)<\/a><\/h3><\/div><!-- .entry-title --><div class=\"post-excerpt\"><p>Filtnor b\u00fd\u00f0ur upp \u00e1 n\u00fdjustu lausnir fyrir n\u00faningssu\u00f0u (FSW) og fj\u00f6lbreytt \u00farval af v\u00f6rum, varahlutum og \u00fej\u00f3nustu.<\/p>\n<\/div><!-- .post-excerpt --><div class=\"bottom-meta clearfix\"><ul class=\"bottom-meta-list\"><li><div class=\"post-author\"><a href=\"https:\/\/www.filtnor.com\/is\/author\/filtnor\/\"><span class=\"author-img\"><img alt='' src='https:\/\/secure.gravatar.com\/avatar\/2e920c8892f33dd39298615e02a5dbcb99b08aba4b32ecea623425fc4efbaa74?s=30&#038;d=mm&#038;r=g' srcset='https:\/\/secure.gravatar.com\/avatar\/2e920c8892f33dd39298615e02a5dbcb99b08aba4b32ecea623425fc4efbaa74?s=60&#038;d=mm&#038;r=g 2x' class='avatar avatar-30 photo rounded-circle' height='30' width='30' \/><\/span><span class=\"author-name\">Filtnor<\/span><\/a><\/div><\/li><li><div class=\"post-more\"><a class=\"read-more\" href=\"https:\/\/www.filtnor.com\/is\/nyjustu-lausnir-fyrir-nuningssudu\/\">Lesa meira<\/a><\/div><\/li><\/ul><\/div><\/div><!-- .media --><\/div><!-- .media-body --><\/div><!-- .blog-inner --><\/div><!-- .cols --><\/div><!-- .row --><div class=\"row\"><div class=\"col-lg-12 col-md-12\"><div class=\"blog-inner\"><div class=\"media\"><div class=\"post-thumb\"><img loading=\"lazy\" decoding=\"async\" height=\"186\" width=\"300\" class=\"img-fluid\" alt=\"Hvernig \u00e1 a\u00f0 velja r\u00e9tt \u00fe\u00e9ttiefni: Mikilv\u00e6g atri\u00f0i\" src=\"https:\/\/www.filtnor.com\/wp-content\/uploads\/2024\/10\/information-how-to-choose-the-correct-gasket-material-001-300x186.jpg\"\/><\/div><!-- .post-thumb --><div class=\"media-body\"><div class=\"entry-title\"><h3><a href=\"https:\/\/www.filtnor.com\/is\/hvernig-a-ad-velja-rett-thettiefni-mikilvaeg-atridi\/\" class=\"post-title\">Hvernig \u00e1 a\u00f0 velja r\u00e9tt \u00fe\u00e9ttiefni: Mikilv\u00e6g atri\u00f0i<\/a><\/h3><\/div><!-- .entry-title --><div class=\"post-excerpt\"><p>A\u00f0 velja r\u00e9tta \u00fe\u00e9ttiefni\u00f0 fyrir p\u00edpuflans er lykilatri\u00f0i til a\u00f0 vi\u00f0halda lekalausri virkni \u00ed \u00fdmsum forritum. Flans\u00fe\u00e9ttingar<\/p>\n<\/div><!-- .post-excerpt --><div class=\"bottom-meta clearfix\"><ul class=\"bottom-meta-list\"><li><div class=\"post-author\"><a href=\"https:\/\/www.filtnor.com\/is\/author\/filtnor\/\"><span class=\"author-img\"><img alt='' src='https:\/\/secure.gravatar.com\/avatar\/2e920c8892f33dd39298615e02a5dbcb99b08aba4b32ecea623425fc4efbaa74?s=30&#038;d=mm&#038;r=g' srcset='https:\/\/secure.gravatar.com\/avatar\/2e920c8892f33dd39298615e02a5dbcb99b08aba4b32ecea623425fc4efbaa74?s=60&#038;d=mm&#038;r=g 2x' class='avatar avatar-30 photo rounded-circle' height='30' width='30' \/><\/span><span class=\"author-name\">Filtnor<\/span><\/a><\/div><\/li><li><div class=\"post-more\"><a class=\"read-more\" href=\"https:\/\/www.filtnor.com\/is\/hvernig-a-ad-velja-rett-thettiefni-mikilvaeg-atridi\/\">Lesa meira<\/a><\/div><\/li><\/ul><\/div><\/div><!-- .media --><\/div><!-- .media-body --><\/div><!-- .blog-inner --><\/div><!-- .cols --><\/div><!-- .row --><div class=\"row\"><div class=\"col-lg-12 col-md-12\"><div class=\"blog-inner\"><div class=\"media\"><div class=\"post-thumb\"><img loading=\"lazy\" decoding=\"async\" height=\"186\" width=\"300\" class=\"img-fluid\" alt=\"V\u00f6rur fyrir i\u00f0na\u00f0armalunarferli\" src=\"https:\/\/www.filtnor.com\/wp-content\/uploads\/2024\/10\/products_grinding-001-300x186.jpg\"\/><\/div><!-- .post-thumb --><div class=\"media-body\"><div class=\"entry-title\"><h3><a href=\"https:\/\/www.filtnor.com\/is\/vorur-fyrir-idnadarmalunarferli\/\" class=\"post-title\">V\u00f6rur fyrir i\u00f0na\u00f0armalunarferli<\/a><\/h3><\/div><!-- .entry-title --><div class=\"post-excerpt\"><p>Filtnor b\u00fd\u00f0ur upp \u00e1 flestar v\u00f6rur fyrir i\u00f0na\u00f0armalunarferli. I\u00f0na\u00f0armyllur Vi\u00f0 bj\u00f3\u00f0um upp \u00e1 margar mismunandi ger\u00f0ir af kv\u00f6rnum, svo sem sj\u00e1lfkv\u00f6rnum.<\/p>\n<\/div><!-- .post-excerpt --><div class=\"bottom-meta clearfix\"><ul class=\"bottom-meta-list\"><li><div class=\"post-author\"><a href=\"https:\/\/www.filtnor.com\/is\/author\/filtnor\/\"><span class=\"author-img\"><img alt='' src='https:\/\/secure.gravatar.com\/avatar\/2e920c8892f33dd39298615e02a5dbcb99b08aba4b32ecea623425fc4efbaa74?s=30&#038;d=mm&#038;r=g' srcset='https:\/\/secure.gravatar.com\/avatar\/2e920c8892f33dd39298615e02a5dbcb99b08aba4b32ecea623425fc4efbaa74?s=60&#038;d=mm&#038;r=g 2x' class='avatar avatar-30 photo rounded-circle' height='30' width='30' \/><\/span><span class=\"author-name\">Filtnor<\/span><\/a><\/div><\/li><li><div class=\"post-more\"><a class=\"read-more\" href=\"https:\/\/www.filtnor.com\/is\/vorur-fyrir-idnadarmalunarferli\/\">Lesa meira<\/a><\/div><\/li><\/ul><\/div><\/div><!-- .media --><\/div><!-- .media-body --><\/div><!-- .blog-inner --><\/div><!-- .cols --><\/div><!-- .row --><div class=\"row\"><div class=\"col-lg-12 col-md-12\"><div class=\"blog-inner\"><div class=\"media\"><div class=\"post-thumb\"><img loading=\"lazy\" decoding=\"async\" height=\"186\" width=\"300\" class=\"img-fluid\" alt=\"Varahlutir og vi\u00f0hald fyrir Hoesch s\u00edupressu\" src=\"https:\/\/www.filtnor.com\/wp-content\/uploads\/2023\/11\/hoesch-300x186.jpg\"\/><\/div><!-- .post-thumb --><div class=\"media-body\"><div class=\"entry-title\"><h3><a href=\"https:\/\/www.filtnor.com\/is\/hos\/\" class=\"post-title\">Varahlutir og vi\u00f0hald fyrir Hoesch s\u00edupressu<\/a><\/h3><\/div><!-- .entry-title --><div class=\"post-excerpt\"><p>Hoesch var \u00e1\u00f0ur framlei\u00f0andi \u00fer\u00fdstis\u00eda og \u00fea\u00f0 eru enn nokkrar virkar Hoesch s\u00edupressur til sta\u00f0ar me\u00f0...<\/p>\n<\/div><!-- .post-excerpt --><div class=\"bottom-meta clearfix\"><ul class=\"bottom-meta-list\"><li><div class=\"post-author\"><a href=\"https:\/\/www.filtnor.com\/is\/author\/filtnor\/\"><span class=\"author-img\"><img alt='' src='https:\/\/secure.gravatar.com\/avatar\/2e920c8892f33dd39298615e02a5dbcb99b08aba4b32ecea623425fc4efbaa74?s=30&#038;d=mm&#038;r=g' srcset='https:\/\/secure.gravatar.com\/avatar\/2e920c8892f33dd39298615e02a5dbcb99b08aba4b32ecea623425fc4efbaa74?s=60&#038;d=mm&#038;r=g 2x' class='avatar avatar-30 photo rounded-circle' height='30' width='30' \/><\/span><span class=\"author-name\">Filtnor<\/span><\/a><\/div><\/li><li><div class=\"post-more\"><a class=\"read-more\" href=\"https:\/\/www.filtnor.com\/is\/hos\/\">Lesa meira<\/a><\/div><\/li><\/ul><\/div><\/div><!-- .media --><\/div><!-- .media-body --><\/div><!-- .blog-inner --><\/div><!-- .cols --><\/div><!-- .row --><div class=\"row\"><div class=\"col-lg-12 col-md-12\"><div class=\"blog-inner\"><div class=\"media\"><div class=\"post-thumb\"><img loading=\"lazy\" decoding=\"async\" height=\"169\" width=\"301\" class=\"img-fluid\" alt=\"Varahlutir og vi\u00f0hald fr\u00e1 NovaTek\" src=\"https:\/\/www.filtnor.com\/wp-content\/uploads\/2024\/09\/novatek-001.png\"\/><\/div><!-- .post-thumb --><div class=\"media-body\"><div class=\"entry-title\"><h3><a href=\"https:\/\/www.filtnor.com\/is\/novatek\/\" class=\"post-title\">Varahlutir og vi\u00f0hald fr\u00e1 NovaTek<\/a><\/h3><\/div><!-- .entry-title --><div class=\"post-excerpt\"><p>\u00c1ri\u00f0 2018 var\u00f0 NovaTek AB hluti af Roxia (\u00e1\u00f0ur Flowrox) og sem umbo\u00f0sa\u00f0ili Roxia fyrir Noreg, Sv\u00ed\u00fej\u00f3\u00f0 og \u00cdsland, Filtnor<\/p>\n<\/div><!-- .post-excerpt --><div class=\"bottom-meta clearfix\"><ul class=\"bottom-meta-list\"><li><div class=\"post-author\"><a href=\"https:\/\/www.filtnor.com\/is\/author\/filtnor\/\"><span class=\"author-img\"><img alt='' src='https:\/\/secure.gravatar.com\/avatar\/2e920c8892f33dd39298615e02a5dbcb99b08aba4b32ecea623425fc4efbaa74?s=30&#038;d=mm&#038;r=g' srcset='https:\/\/secure.gravatar.com\/avatar\/2e920c8892f33dd39298615e02a5dbcb99b08aba4b32ecea623425fc4efbaa74?s=60&#038;d=mm&#038;r=g 2x' class='avatar avatar-30 photo rounded-circle' height='30' width='30' \/><\/span><span class=\"author-name\">Filtnor<\/span><\/a><\/div><\/li><li><div class=\"post-more\"><a class=\"read-more\" href=\"https:\/\/www.filtnor.com\/is\/novatek\/\">Lesa meira<\/a><\/div><\/li><\/ul><\/div><\/div><!-- .media --><\/div><!-- .media-body --><\/div><!-- .blog-inner --><\/div><!-- .cols --><\/div><!-- .row --><\/div><!-- .blog-wrapper --><\/div><\/div><\/div><\/div>\n<\/div>","protected":false},"excerpt":{"rendered":"\u00c1ri\u00f0 2018 var\u00f0 NovaTek AB hluti af Roxia (\u00e1\u00f0ur Flowrox) og sem umbo\u00f0sa\u00f0ili Roxia fyrir Noreg, Sv\u00ed\u00fej\u00f3\u00f0 og \u00cdsland, Filtnor","protected":false},"author":1,"featured_media":0,"parent":0,"menu_order":0,"comment_status":"closed","ping_status":"closed","template":"","meta":{"om_disable_all_campaigns":false,"footnotes":""},"class_list":["post-879","page","type-page","status-publish","hentry"],"yoast_head":"<!-- This site is optimized with the Yoast SEO Premium plugin v26.1 (Yoast SEO v27.4) - https:\/\/yoast.com\/product\/yoast-seo-premium-wordpress\/ -->\n<title>Filtnor News and Stories - Filtnor<\/title>\n<meta name=\"description\" content=\"Information about industrial filtration processes and flow equipment.\" \/>\n<meta name=\"robots\" content=\"index, follow, max-snippet:-1, max-image-preview:large, max-video-preview:-1\" \/>\n<link rel=\"canonical\" href=\"https:\/\/www.filtnor.com\/is\/frettir\/\" \/>\n<meta property=\"og:locale\" content=\"is_IS\" \/>\n<meta property=\"og:type\" content=\"article\" \/>\n<meta property=\"og:title\" content=\"Filtnor News and Stories\" \/>\n<meta property=\"og:description\" content=\"Information about industrial filtration processes and flow equipment.\" \/>\n<meta property=\"og:url\" content=\"https:\/\/www.filtnor.com\/is\/frettir\/\" \/>\n<meta property=\"og:site_name\" content=\"Filtnor\" \/>\n<meta property=\"article:modified_time\" content=\"2025-05-13T11:46:18+00:00\" \/>\n<meta name=\"twitter:card\" content=\"summary_large_image\" \/>\n<meta name=\"twitter:label1\" content=\"Est. reading time\" \/>\n\t<meta name=\"twitter:data1\" content=\"1 minute\" \/>\n<script type=\"application\/ld+json\" class=\"yoast-schema-graph\">{\"@context\":\"https:\\\/\\\/schema.org\",\"@graph\":[{\"@type\":\"WebPage\",\"@id\":\"https:\\\/\\\/www.filtnor.com\\\/news\\\/\",\"url\":\"https:\\\/\\\/www.filtnor.com\\\/news\\\/\",\"name\":\"Filtnor News and Stories - Filtnor\",\"isPartOf\":{\"@id\":\"https:\\\/\\\/www.filtnor.com\\\/#website\"},\"datePublished\":\"2017-10-23T13:07:53+00:00\",\"dateModified\":\"2025-05-13T11:46:18+00:00\",\"description\":\"Information about industrial filtration processes and flow equipment.\",\"breadcrumb\":{\"@id\":\"https:\\\/\\\/www.filtnor.com\\\/news\\\/#breadcrumb\"},\"inLanguage\":\"is\",\"potentialAction\":[{\"@type\":\"ReadAction\",\"target\":[\"https:\\\/\\\/www.filtnor.com\\\/news\\\/\"]}]},{\"@type\":\"BreadcrumbList\",\"@id\":\"https:\\\/\\\/www.filtnor.com\\\/news\\\/#breadcrumb\",\"itemListElement\":[{\"@type\":\"ListItem\",\"position\":1,\"name\":\"Home\",\"item\":\"https:\\\/\\\/www.filtnor.com\\\/\"},{\"@type\":\"ListItem\",\"position\":2,\"name\":\"Filtnor News and Stories\"}]},{\"@type\":\"WebSite\",\"@id\":\"https:\\\/\\\/www.filtnor.com\\\/#website\",\"url\":\"https:\\\/\\\/www.filtnor.com\\\/\",\"name\":\"Filtnor\",\"description\":\"Filtration you can trust. Performance that lasts.\",\"potentialAction\":[{\"@type\":\"SearchAction\",\"target\":{\"@type\":\"EntryPoint\",\"urlTemplate\":\"https:\\\/\\\/www.filtnor.com\\\/?s={search_term_string}\"},\"query-input\":{\"@type\":\"PropertyValueSpecification\",\"valueRequired\":true,\"valueName\":\"search_term_string\"}}],\"inLanguage\":\"is\"}]}<\/script>\n<!-- \/ Yoast SEO Premium plugin. -->","yoast_head_json":{"title":"Fr\u00e9ttir og s\u00f6gur fr\u00e1 Filtnor - Filtnor","description":"Uppl\u00fdsingar um i\u00f0na\u00f0ars\u00edunarferli og fl\u00e6\u00f0ib\u00fana\u00f0.","robots":{"index":"index","follow":"follow","max-snippet":"max-snippet:-1","max-image-preview":"max-image-preview:large","max-video-preview":"max-video-preview:-1"},"canonical":"https:\/\/www.filtnor.com\/is\/frettir\/","og_locale":"is_IS","og_type":"article","og_title":"Filtnor News and Stories","og_description":"Information about industrial filtration processes and flow equipment.","og_url":"https:\/\/www.filtnor.com\/is\/frettir\/","og_site_name":"Filtnor","article_modified_time":"2025-05-13T11:46:18+00:00","twitter_card":"summary_large_image","twitter_misc":{"Est. reading time":"1 minute"},"schema":{"@context":"https:\/\/schema.org","@graph":[{"@type":"WebPage","@id":"https:\/\/www.filtnor.com\/news\/","url":"https:\/\/www.filtnor.com\/news\/","name":"Fr\u00e9ttir og s\u00f6gur fr\u00e1 Filtnor - Filtnor","isPartOf":{"@id":"https:\/\/www.filtnor.com\/#website"},"datePublished":"2017-10-23T13:07:53+00:00","dateModified":"2025-05-13T11:46:18+00:00","description":"Uppl\u00fdsingar um i\u00f0na\u00f0ars\u00edunarferli og fl\u00e6\u00f0ib\u00fana\u00f0.","breadcrumb":{"@id":"https:\/\/www.filtnor.com\/news\/#breadcrumb"},"inLanguage":"is","potentialAction":[{"@type":"ReadAction","target":["https:\/\/www.filtnor.com\/news\/"]}]},{"@type":"BreadcrumbList","@id":"https:\/\/www.filtnor.com\/news\/#breadcrumb","itemListElement":[{"@type":"ListItem","position":1,"name":"Home","item":"https:\/\/www.filtnor.com\/"},{"@type":"ListItem","position":2,"name":"Filtnor News and Stories"}]},{"@type":"WebSite","@id":"https:\/\/www.filtnor.com\/#website","url":"https:\/\/www.filtnor.com\/","name":"Filtnor","description":"S\u00edun sem \u00fe\u00fa getur treyst. Afk\u00f6st sem endast.","potentialAction":[{"@type":"SearchAction","target":{"@type":"EntryPoint","urlTemplate":"https:\/\/www.filtnor.com\/?s={search_term_string}"},"query-input":{"@type":"PropertyValueSpecification","valueRequired":true,"valueName":"search_term_string"}}],"inLanguage":"is"}]}},"_links":{"self":[{"href":"https:\/\/www.filtnor.com\/is\/wp-json\/wp\/v2\/pages\/879","targetHints":{"allow":["GET"]}}],"collection":[{"href":"https:\/\/www.filtnor.com\/is\/wp-json\/wp\/v2\/pages"}],"about":[{"href":"https:\/\/www.filtnor.com\/is\/wp-json\/wp\/v2\/types\/page"}],"author":[{"embeddable":true,"href":"https:\/\/www.filtnor.com\/is\/wp-json\/wp\/v2\/users\/1"}],"replies":[{"embeddable":true,"href":"https:\/\/www.filtnor.com\/is\/wp-json\/wp\/v2\/comments?post=879"}],"version-history":[{"count":4,"href":"https:\/\/www.filtnor.com\/is\/wp-json\/wp\/v2\/pages\/879\/revisions"}],"predecessor-version":[{"id":6095,"href":"https:\/\/www.filtnor.com\/is\/wp-json\/wp\/v2\/pages\/879\/revisions\/6095"}],"wp:attachment":[{"href":"https:\/\/www.filtnor.com\/is\/wp-json\/wp\/v2\/media?parent=879"}],"curies":[{"name":"wp","href":"https:\/\/api.w.org\/{rel}","templated":true}]}}