{"id":6305,"date":"2025-11-11T14:06:32","date_gmt":"2025-11-11T13:06:32","guid":{"rendered":"https:\/\/www.filtnor.com\/?page_id=6305"},"modified":"2025-11-11T14:22:56","modified_gmt":"2025-11-11T13:22:56","slug":"siur-fyrir-steypuframleidslu","status":"publish","type":"page","link":"https:\/\/www.filtnor.com\/is\/notkunarsvid-thrystisina\/siur-fyrir-steypuframleidslu\/","title":{"rendered":"S\u00edur fyrir steypuframlei\u00f0slu"},"content":{"rendered":"<div class=\"wpb-content-wrapper\"><div class=\"vc_row wpb_row vc_row-fluid vc_custom_1762867343120\"><div class=\"wpb_column vc_column_container vc_col-sm-12 vc_col-lg-6 vc_col-md-6\"><div class=\"vc_column-inner\"><div class=\"wpb_wrapper\"><div class=\"section-title-wrapper shortcode-rand-2 induzy-inline-css\" data-css=\"&quot;.shortcode-rand-2 .title-separator.separator-border { background-color: ; }.shortcode-rand-2 .section-title { text-transform: none; }&quot;\"><div class=\"title-wrap\"><h2 class=\"section-title\">S\u00edunarlausnir fyrir steypuframlei\u00f0slu<\/h2><span class=\"title-separator separator-border theme-color-bg\"><\/span><\/div><!-- .title-wrap --><div class=\"section-description\">\u00cd steypuframlei\u00f0slu er stj\u00f3rnun \u00e1 vinnsluvatni og seyju nau\u00f0synleg b\u00e6\u00f0i fyrir rekstrarhagkv\u00e6mni og umhverfisvernd. S\u00edupressur eru sanna\u00f0ar lausnir til a\u00f0 a\u00f0skilja f\u00f6st efni og v\u00f6kva \u00far \u00fevottavatni sem myndast vi\u00f0 steypubl\u00f6ndun, \u00fevott \u00e1 m\u00f6l og \u00ferif \u00e1 steypub\u00edlum.<\/p>\n<p>Me\u00f0 \u00fev\u00ed a\u00f0 nota s\u00edupressu geta steypuframlei\u00f0endur endurheimt hreint vatn til endurnotkunar \u00ed framlei\u00f0slu, en au\u00f0velt er a\u00f0 me\u00f0h\u00f6ndla og farga afv\u00f6tnu\u00f0u le\u00f0junni. \u00deetta dregur ekki a\u00f0eins \u00far magni \u00fargangs heldur l\u00e1gmarkar einnig \u00fe\u00f6rfina fyrir kostna\u00f0arsamar vatnshreinsunar- og losunargj\u00f6ld \u2014 sem veitir b\u00e6\u00f0i efnahagslegan og umhverfislegan \u00e1vinning.<\/p>\n<p>Filtnor b\u00fd\u00f0ur upp \u00e1 heildarlausnir fyrir s\u00edun steypust\u00f6\u00f0va, \u00fear \u00e1 me\u00f0al s\u00edupressur, varahluti og t\u00e6knilega a\u00f0sto\u00f0 vi\u00f0 bestun og \u00fej\u00f3nustu. Reynsla okkar af s\u00edun \u00ed i\u00f0na\u00f0arferlum tryggir \u00e1rei\u00f0anlega notkun, jafnvel \u00ed krefjandi a\u00f0st\u00e6\u00f0um eins og steypu\u00fevottavatni.<\/div><!-- .section-description --><\/div><!-- .section-title-wrapper --><div class=\"feature-box-wrapper feature-box-style-1 vc_custom_1762866973136 shortcode-rand-3 induzy-inline-css\" data-css=\"&quot;.shortcode-rand-3.feature-box-wrapper {background: -moz-linear-gradient(141deg,  0%,  51%,  75%);\\r\\n\\t\\t\\t\\tbackground: -webkit-linear-gradient(141deg,  0%,  51%,  75%);\\r\\n\\t\\t\\t\\tbackground: linear-gradient(141deg,  0%,  51%,  75%);}.shortcode-rand-3 .feature-box-icon { font-size: 24px; }.shortcode-rand-3 .feature-box-icon { height: 48px; width: 48px; }.shortcode-rand-3 .feature-box-icon &gt; span { line-height: 2; }.shortcode-rand-3:hover .feature-box-icon { background: none; }&quot;\" ><div class=\"feature-box-btn\"><a class=\"btn default\" href=\"https:\/\/www.filtnor.com\/is\/hafdu-samband-vid-okkur\/\" title=\"SENDA FYRIRSPURN \u00bb\">SENDA FYRIRSPURN \u00bb<\/a><\/div><!-- .feature-box-btn --><\/div><!-- .feature-box-wrapper --><\/div><\/div><\/div><div class=\"wpb_column vc_column_container vc_col-sm-12 vc_col-lg-6 vc_col-md-6\"><div class=\"vc_column-inner\"><div class=\"wpb_wrapper\">\n\t<div  class=\"wpb_single_image wpb_content_element vc_align_left wpb_content_element\">\n\t\t\n\t\t<figure class=\"wpb_wrapper vc_figure\">\n\t\t\t<div class=\"vc_single_image-wrapper   vc_box_border_grey\"><img loading=\"lazy\" decoding=\"async\" width=\"1024\" height=\"1024\" src=\"https:\/\/www.filtnor.com\/wp-content\/uploads\/2025\/11\/areas-of-use_concrete-production.png\" class=\"vc_single_image-img attachment-full\" alt=\"S\u00edukl\u00fatar fyrir s\u00edupressu nota\u00f0ir \u00ed steypuframlei\u00f0slu til a\u00f0 hreinsa og endurvinna \u00fevottavatn.\" title=\"s\u00edukl\u00e6\u00f0i-steypuframlei\u00f0sla-filtnor\" srcset=\"https:\/\/www.filtnor.com\/wp-content\/uploads\/2025\/11\/areas-of-use_concrete-production.png 1024w, https:\/\/www.filtnor.com\/wp-content\/uploads\/2025\/11\/areas-of-use_concrete-production-80x80.png 80w, https:\/\/www.filtnor.com\/wp-content\/uploads\/2025\/11\/areas-of-use_concrete-production-768x768.png 768w, https:\/\/www.filtnor.com\/wp-content\/uploads\/2025\/11\/areas-of-use_concrete-production-12x12.png 12w, https:\/\/www.filtnor.com\/wp-content\/uploads\/2025\/11\/areas-of-use_concrete-production-600x600.png 600w, https:\/\/www.filtnor.com\/wp-content\/uploads\/2025\/11\/areas-of-use_concrete-production-300x300.png 300w, https:\/\/www.filtnor.com\/wp-content\/uploads\/2025\/11\/areas-of-use_concrete-production-100x100.png 100w\" sizes=\"auto, (max-width: 1024px) 100vw, 1024px\" \/><\/div>\n\t\t<\/figure>\n\t<\/div>\n<\/div><\/div><\/div><\/div><div class=\"vc_row wpb_row vc_row-fluid vc_custom_1691588774257\"><div class=\"wpb_column vc_column_container vc_col-sm-6\"><div class=\"vc_column-inner\"><div class=\"wpb_wrapper\"><div class=\"section-title-wrapper shortcode-rand-5 induzy-inline-css\" data-css=\"&quot;.shortcode-rand-5 .title-separator.separator-border { background-color: ; }.shortcode-rand-5 .section-title { text-transform: none; }&quot;\"><div class=\"title-wrap\"><h4 class=\"section-title\">S\u00edukl\u00fatar fyrir s\u00edupressur \u00ed steypuframlei\u00f0slu<\/h4><span class=\"title-separator separator-border theme-color-bg\"><\/span><\/div><!-- .title-wrap --><div class=\"section-description\"><\/p>\n<p data-start=\"1289\" data-end=\"1584\">S\u00edukl\u00faturinn er mikilv\u00e6gasti hluti s\u00edupressu og hefur bein \u00e1hrif \u00e1 s\u00edunarhagkv\u00e6mni, \u00feurrleika k\u00f6kunnar og hringr\u00e1sart\u00edma. \u00cd steypuvinnslu ver\u00f0a kl\u00fatarnir fyrir sl\u00edpiefnum eins og sandi og sementsleifum, sem krefst endingarg\u00f3\u00f0ra og n\u00e1kv\u00e6mlega \u00fatf\u00e6r\u00f0ra efna.<\/p>\n<p data-start=\"1586\" data-end=\"1788\">Filtnor b\u00fd\u00f0ur upp \u00e1 s\u00e9rsni\u00f0na s\u00edukl\u00fata fyrir allar algengar ger\u00f0ir s\u00edupressna sem nota\u00f0ar eru \u00ed steypui\u00f0na\u00f0inum. Kl\u00e6\u00f0urnar okkar eru framleiddar \u00far h\u00e1g\u00e6\u00f0a ein\u00fer\u00e1\u00f0a- e\u00f0a fj\u00f6l\u00fer\u00e1\u00f0aefnum, sem eru f\u00ednstilltar fyrir:<\/p>\n<ul data-start=\"1789\" data-end=\"2052\">\n<li data-start=\"1789\" data-end=\"1841\">\n<p data-start=\"1791\" data-end=\"1841\"><strong data-start=\"1791\" data-end=\"1819\">Mikill v\u00e9lr\u00e6nn styrkur<\/strong> og slit\u00feol<\/p>\n<\/li>\n<li data-start=\"1842\" data-end=\"1908\">\n<p data-start=\"1844\" data-end=\"1908\"><strong data-start=\"1844\" data-end=\"1874\">Fr\u00e1b\u00e6r s\u00eduv\u00f6kvask\u00fdrleiki<\/strong> jafnvel me\u00f0 f\u00ednum sementagnum<\/p>\n<\/li>\n<li data-start=\"1909\" data-end=\"1975\">\n<p data-start=\"1911\" data-end=\"1975\"><strong data-start=\"1911\" data-end=\"1937\">Skilvirk losun k\u00f6ku<\/strong> fyrir hra\u00f0ar og hreinar \u00fatbl\u00e1sturslotur<\/p>\n<\/li>\n<li data-start=\"1976\" data-end=\"2052\">\n<p data-start=\"1978\" data-end=\"2052\"><strong data-start=\"1978\" data-end=\"1997\">N\u00e1kv\u00e6m m\u00e1tun<\/strong> samkv\u00e6mt pl\u00f6tust\u00e6r\u00f0 og gataskipan<\/p>\n<\/li>\n<\/ul>\n<p data-start=\"2054\" data-end=\"2320\">Vi\u00f0 \u00fatvegum kl\u00e6\u00f0i fyrir <strong data-start=\"2075\" data-end=\"2114\">h\u00f3lf- og himnufilterpressur<\/strong> fr\u00e1 \u00fdmsum framlei\u00f0endum og getur a\u00f0sto\u00f0a\u00f0 b\u00e6\u00f0i vi\u00f0 hagr\u00e6\u00f0ingu og \u00e1\u00e6tlanager\u00f0 um skipti. Hvort sem \u00fe\u00fa \u00fearft stakan kl\u00fat e\u00f0a heilt sett, \u00fe\u00e1 tryggir Filtnor r\u00e9tta h\u00f6nnun og efni fyrir ferli\u00f0 \u00feitt.<\/p>\n<p><\/div><!-- .section-description --><\/div><!-- .section-title-wrapper --><\/div><\/div><\/div><div class=\"wpb_column vc_column_container vc_col-sm-6\"><div class=\"vc_column-inner\"><div class=\"wpb_wrapper\"><div class=\"section-title-wrapper margin-bottom-30 shortcode-rand-6 induzy-inline-css\" data-css=\"&quot;.shortcode-rand-6 .title-separator.separator-border { background-color: ; }.shortcode-rand-6 .section-title { text-transform: none; }&quot;\"><div class=\"title-wrap\"><h4 class=\"section-title\">Nokkrir kostir vi\u00f0 s\u00edukl\u00fatinn okkar<\/h4><span class=\"title-separator separator-border theme-color-bg\"><\/span><\/div><!-- .title-wrap --><div class=\"section-description\"><\/div><!-- .section-description --><\/div><!-- .section-title-wrapper --><div class=\"list-item-wrapper\" data-css=\"&quot;&quot;\"><div class=\"list-item-inner\" data-css=\"&quot;&quot;\"><div class=\"list-item-title media\"><span class=\"mr-3 icon-light fa fa-solid fa-check\"><\/span><div class=\"media-body align-self-center list-item-desc\">Langur l\u00edft\u00edmi \u2013 Mikill v\u00e9lr\u00e6nn styrkur og n\u00faning\u00feol fyrir steypuslamg.<\/div><\/div><!-- .list-item-title --><\/div><!-- .list-item-inner --><div class=\"list-item-inner\" data-css=\"&quot;&quot;\"><div class=\"list-item-title media\"><span class=\"mr-3 icon-light fa fa-solid fa-check\"><\/span><div class=\"media-body align-self-center list-item-desc\">Hreint s\u00eduv\u00f6kvi \u2013 B\u00e6tt uppbygging efnisins tryggir fram\u00farskarandi t\u00e6rleika \u00ed endurunnu vatni.<\/div><\/div><!-- .list-item-title --><\/div><!-- .list-item-inner --><div class=\"list-item-inner\" data-css=\"&quot;&quot;\"><div class=\"list-item-title media\"><span class=\"mr-3 icon-light fa fa-solid fa-check\"><\/span><div class=\"media-body align-self-center list-item-desc\">Au\u00f0velt a\u00f0 losa k\u00f6kuna \u2013 Sl\u00e9tt yfirbor\u00f0 og n\u00e1kv\u00e6m passa dregur \u00far t\u00edma og fyrirh\u00f6fn \u00ed \u00ferifum.<\/div><\/div><!-- .list-item-title --><\/div><!-- .list-item-inner --><div class=\"list-item-inner\" data-css=\"&quot;&quot;\"><div class=\"list-item-title media\"><span class=\"mr-3 icon-light fa fa-solid fa-check\"><\/span><div class=\"media-body align-self-center list-item-desc\">Fullkomin passa \u2013 S\u00e9rsni\u00f0in a\u00f0 hverri ger\u00f0 s\u00edupressu fyrir bestu m\u00f6gulegu \u00fe\u00e9ttingu og afk\u00f6st.<\/div><\/div><!-- .list-item-title --><\/div><!-- .list-item-inner --><\/div><!-- .list-item-wrapper --><\/div><\/div><\/div><\/div><div data-vc-full-width=\"true\" data-vc-full-width-init=\"false\" class=\"vc_row wpb_row vc_row-fluid additional-call-to-action vc_custom_1691588100630 vc_row-has-fill\"><div class=\"wpb_column vc_column_container vc_col-sm-12\"><div class=\"vc_column-inner\"><div class=\"wpb_wrapper\"><div class=\"vc_row wpb_row vc_inner vc_row-fluid\"><div class=\"wpb_column vc_column_container vc_col-sm-12 vc_col-lg-9 vc_col-md-12\"><div class=\"vc_column-inner\"><div class=\"wpb_wrapper\"><div class=\"feature-box-wrapper feature-box-style-1 shortcode-rand-13 induzy-inline-css feature-list-1\" data-css=\"&quot;.shortcode-rand-13.feature-box-wrapper { color: #000000; }.shortcode-rand-13.feature-box-wrapper {background: -moz-linear-gradient(141deg,  0%,  51%,  75%);\\r\\n\\t\\t\\t\\tbackground: -webkit-linear-gradient(141deg,  0%,  51%,  75%);\\r\\n\\t\\t\\t\\tbackground: linear-gradient(141deg,  0%,  51%,  75%);}.shortcode-rand-13 .feature-box-icon { font-size: 30px; }.shortcode-rand-13 .feature-box-icon { height: 60px; width: 60px; }.shortcode-rand-13 .feature-box-icon &gt; span { line-height: 2; }.shortcode-rand-13:hover .feature-box-icon { background: none; }&quot;\" ><div class=\"fbox-list\"><div class=\"media\"><div class=\"feature-box-icon mr-3 text-center rounded-circle none\"><span class=\"\"><\/span><\/div><!-- .feature-box-icon --><div class=\"media-body\"><div class=\"feature-box-title\"><h4 class=\"section-title\">Finnur \u00fe\u00fa ekki \u00fea\u00f0 sem \u00fe\u00fa ert a\u00f0 leita a\u00f0?<\/h4><\/div><!-- .feature-box-title --><div class=\"feature-box-content\">Haf\u00f0u samband vi\u00f0 okkur og vi\u00f0 hj\u00e1lpum \u00fe\u00e9r a\u00f0 finna \u00fea\u00f0 \u00fat!<\/div><!-- .feature-box-content --><\/div><\/div><\/div><\/div><!-- .feature-box-wrapper --><\/div><\/div><\/div><div class=\"wpb_column vc_column_container vc_col-sm-12 vc_col-lg-3 vc_col-md-12\"><div class=\"vc_column-inner vc_custom_1691588352947\"><div class=\"wpb_wrapper\"><div class=\"vc_btn3-container  additional-btn vc_btn3-right vc_custom_1762866940096 vc_do_btn\" ><a style=\"background-color:#06295e; color:#ffffff;\" class=\"vc_general vc_btn3 vc_btn3-size-md vc_btn3-shape-rounded vc_btn3-style-custom\" href=\"https:\/\/www.filtnor.com\/is\/hafdu-samband-vid-okkur\/\" title=\"Haf\u00f0u samband vi\u00f0 okkur\">SENDA FYRIRSPURN \u00bb<\/a><\/div><\/div><\/div><\/div><\/div><\/div><\/div><\/div><\/div><div class=\"vc_row-full-width vc_clearfix\"><\/div>\n<\/div>","protected":false},"excerpt":{"rendered":"S\u00edunarlausnir fyrir steypuframlei\u00f0slu\u00cd steypuframlei\u00f0slu er stj\u00f3rnun \u00e1 vinnsluvatni og seyju nau\u00f0synleg b\u00e6\u00f0i fyrir rekstrarhagkv\u00e6mni og umhverfisvernd. S\u00edupressur eru sanna\u00f0ar lausnir til a\u00f0 a\u00f0skilja f\u00f6st efni og v\u00f6kva \u00far \u00fevottavatni sem myndast vi\u00f0 steypubl\u00f6ndun, \u00fevott \u00e1 m\u00f6l og \u00ferif \u00e1 steypub\u00edlum. Me\u00f0 \u00fev\u00ed a\u00f0 nota s\u00edupressu geta steypuframlei\u00f0endur...","protected":false},"author":1,"featured_media":0,"parent":4070,"menu_order":0,"comment_status":"closed","ping_status":"closed","template":"","meta":{"om_disable_all_campaigns":false,"footnotes":""},"class_list":["post-6305","page","type-page","status-publish","hentry"],"yoast_head":"<!-- This site is optimized with the Yoast SEO Premium plugin v26.1 (Yoast SEO v27.5) - https:\/\/yoast.com\/product\/yoast-seo-premium-wordpress\/ -->\n<title>Filters for Concrete Production - Filtnor<\/title>\n<meta name=\"description\" content=\"Filter presses and filter cloths for concrete production \u2013 long lifetime, clean filtrate, fast release, and perfect fit for all filter presses.\" \/>\n<meta name=\"robots\" content=\"index, follow, max-snippet:-1, max-image-preview:large, max-video-preview:-1\" \/>\n<link rel=\"canonical\" href=\"https:\/\/www.filtnor.com\/is\/notkunarsvid-thrystisina\/siur-fyrir-steypuframleidslu\/\" \/>\n<meta property=\"og:locale\" content=\"is_IS\" \/>\n<meta property=\"og:type\" content=\"article\" \/>\n<meta property=\"og:title\" content=\"Filters for Concrete Production\" \/>\n<meta property=\"og:description\" content=\"Filter presses and filter cloths for concrete production \u2013 long lifetime, clean filtrate, fast release, and perfect fit for all filter presses.\" \/>\n<meta property=\"og:url\" content=\"https:\/\/www.filtnor.com\/is\/notkunarsvid-thrystisina\/siur-fyrir-steypuframleidslu\/\" \/>\n<meta property=\"og:site_name\" content=\"Filtnor\" \/>\n<meta property=\"article:modified_time\" content=\"2025-11-11T13:22:56+00:00\" \/>\n<meta name=\"twitter:card\" content=\"summary_large_image\" \/>\n<meta name=\"twitter:label1\" content=\"Est. reading time\" \/>\n\t<meta name=\"twitter:data1\" content=\"3 minutes\" \/>\n<script type=\"application\/ld+json\" class=\"yoast-schema-graph\">{\"@context\":\"https:\\\/\\\/schema.org\",\"@graph\":[{\"@type\":\"WebPage\",\"@id\":\"https:\\\/\\\/www.filtnor.com\\\/areas-of-use-for-pressure-filters\\\/filters-for-concrete-production\\\/\",\"url\":\"https:\\\/\\\/www.filtnor.com\\\/areas-of-use-for-pressure-filters\\\/filters-for-concrete-production\\\/\",\"name\":\"Filters for Concrete Production - Filtnor\",\"isPartOf\":{\"@id\":\"https:\\\/\\\/www.filtnor.com\\\/#website\"},\"datePublished\":\"2025-11-11T13:06:32+00:00\",\"dateModified\":\"2025-11-11T13:22:56+00:00\",\"description\":\"Filter presses and filter cloths for concrete production \u2013 long lifetime, clean filtrate, fast release, and perfect fit for all filter presses.\",\"breadcrumb\":{\"@id\":\"https:\\\/\\\/www.filtnor.com\\\/areas-of-use-for-pressure-filters\\\/filters-for-concrete-production\\\/#breadcrumb\"},\"inLanguage\":\"is\",\"potentialAction\":[{\"@type\":\"ReadAction\",\"target\":[\"https:\\\/\\\/www.filtnor.com\\\/areas-of-use-for-pressure-filters\\\/filters-for-concrete-production\\\/\"]}]},{\"@type\":\"BreadcrumbList\",\"@id\":\"https:\\\/\\\/www.filtnor.com\\\/areas-of-use-for-pressure-filters\\\/filters-for-concrete-production\\\/#breadcrumb\",\"itemListElement\":[{\"@type\":\"ListItem\",\"position\":1,\"name\":\"Home\",\"item\":\"https:\\\/\\\/www.filtnor.com\\\/\"},{\"@type\":\"ListItem\",\"position\":2,\"name\":\"Areas of Use for Pressure Filters\",\"item\":\"https:\\\/\\\/www.filtnor.com\\\/areas-of-use-for-pressure-filters\\\/\"},{\"@type\":\"ListItem\",\"position\":3,\"name\":\"Filters for Concrete Production\"}]},{\"@type\":\"WebSite\",\"@id\":\"https:\\\/\\\/www.filtnor.com\\\/#website\",\"url\":\"https:\\\/\\\/www.filtnor.com\\\/\",\"name\":\"Filtnor\",\"description\":\"Filtration you can trust. Performance that lasts.\",\"potentialAction\":[{\"@type\":\"SearchAction\",\"target\":{\"@type\":\"EntryPoint\",\"urlTemplate\":\"https:\\\/\\\/www.filtnor.com\\\/?s={search_term_string}\"},\"query-input\":{\"@type\":\"PropertyValueSpecification\",\"valueRequired\":true,\"valueName\":\"search_term_string\"}}],\"inLanguage\":\"is\"}]}<\/script>\n<!-- \/ Yoast SEO Premium plugin. -->","yoast_head_json":{"title":"S\u00edur fyrir steypuframlei\u00f0slu - Filtnor","description":"S\u00edupressur og s\u00edukl\u00fatar fyrir steypuframlei\u00f0slu \u2013 langur endingart\u00edmi, hreint s\u00eduv\u00f6kvi, hra\u00f0ur losun og fullkomin passa fyrir allar s\u00edupressur.","robots":{"index":"index","follow":"follow","max-snippet":"max-snippet:-1","max-image-preview":"max-image-preview:large","max-video-preview":"max-video-preview:-1"},"canonical":"https:\/\/www.filtnor.com\/is\/notkunarsvid-thrystisina\/siur-fyrir-steypuframleidslu\/","og_locale":"is_IS","og_type":"article","og_title":"Filters for Concrete Production","og_description":"Filter presses and filter cloths for concrete production \u2013 long lifetime, clean filtrate, fast release, and perfect fit for all filter presses.","og_url":"https:\/\/www.filtnor.com\/is\/notkunarsvid-thrystisina\/siur-fyrir-steypuframleidslu\/","og_site_name":"Filtnor","article_modified_time":"2025-11-11T13:22:56+00:00","twitter_card":"summary_large_image","twitter_misc":{"Est. reading time":"3 minutes"},"schema":{"@context":"https:\/\/schema.org","@graph":[{"@type":"WebPage","@id":"https:\/\/www.filtnor.com\/areas-of-use-for-pressure-filters\/filters-for-concrete-production\/","url":"https:\/\/www.filtnor.com\/areas-of-use-for-pressure-filters\/filters-for-concrete-production\/","name":"S\u00edur fyrir steypuframlei\u00f0slu - Filtnor","isPartOf":{"@id":"https:\/\/www.filtnor.com\/#website"},"datePublished":"2025-11-11T13:06:32+00:00","dateModified":"2025-11-11T13:22:56+00:00","description":"S\u00edupressur og s\u00edukl\u00fatar fyrir steypuframlei\u00f0slu \u2013 langur endingart\u00edmi, hreint s\u00eduv\u00f6kvi, hra\u00f0ur losun og fullkomin passa fyrir allar s\u00edupressur.","breadcrumb":{"@id":"https:\/\/www.filtnor.com\/areas-of-use-for-pressure-filters\/filters-for-concrete-production\/#breadcrumb"},"inLanguage":"is","potentialAction":[{"@type":"ReadAction","target":["https:\/\/www.filtnor.com\/areas-of-use-for-pressure-filters\/filters-for-concrete-production\/"]}]},{"@type":"BreadcrumbList","@id":"https:\/\/www.filtnor.com\/areas-of-use-for-pressure-filters\/filters-for-concrete-production\/#breadcrumb","itemListElement":[{"@type":"ListItem","position":1,"name":"Home","item":"https:\/\/www.filtnor.com\/"},{"@type":"ListItem","position":2,"name":"Areas of Use for Pressure Filters","item":"https:\/\/www.filtnor.com\/areas-of-use-for-pressure-filters\/"},{"@type":"ListItem","position":3,"name":"Filters for Concrete Production"}]},{"@type":"WebSite","@id":"https:\/\/www.filtnor.com\/#website","url":"https:\/\/www.filtnor.com\/","name":"Filtnor","description":"S\u00edun sem \u00fe\u00fa getur treyst. Afk\u00f6st sem endast.","potentialAction":[{"@type":"SearchAction","target":{"@type":"EntryPoint","urlTemplate":"https:\/\/www.filtnor.com\/?s={search_term_string}"},"query-input":{"@type":"PropertyValueSpecification","valueRequired":true,"valueName":"search_term_string"}}],"inLanguage":"is"}]}},"_links":{"self":[{"href":"https:\/\/www.filtnor.com\/is\/wp-json\/wp\/v2\/pages\/6305","targetHints":{"allow":["GET"]}}],"collection":[{"href":"https:\/\/www.filtnor.com\/is\/wp-json\/wp\/v2\/pages"}],"about":[{"href":"https:\/\/www.filtnor.com\/is\/wp-json\/wp\/v2\/types\/page"}],"author":[{"embeddable":true,"href":"https:\/\/www.filtnor.com\/is\/wp-json\/wp\/v2\/users\/1"}],"replies":[{"embeddable":true,"href":"https:\/\/www.filtnor.com\/is\/wp-json\/wp\/v2\/comments?post=6305"}],"version-history":[{"count":9,"href":"https:\/\/www.filtnor.com\/is\/wp-json\/wp\/v2\/pages\/6305\/revisions"}],"predecessor-version":[{"id":6316,"href":"https:\/\/www.filtnor.com\/is\/wp-json\/wp\/v2\/pages\/6305\/revisions\/6316"}],"up":[{"embeddable":true,"href":"https:\/\/www.filtnor.com\/is\/wp-json\/wp\/v2\/pages\/4070"}],"wp:attachment":[{"href":"https:\/\/www.filtnor.com\/is\/wp-json\/wp\/v2\/media?parent=6305"}],"curies":[{"name":"wp","href":"https:\/\/api.w.org\/{rel}","templated":true}]}}