{"id":6245,"date":"2025-08-23T17:30:37","date_gmt":"2025-08-23T15:30:37","guid":{"rendered":"https:\/\/www.filtnor.com\/?page_id=6245"},"modified":"2025-08-23T20:24:49","modified_gmt":"2025-08-23T18:24:49","slug":"turnpressu-siuplotur","status":"publish","type":"page","link":"https:\/\/www.filtnor.com\/is\/vorur\/siun\/afvotnunarkerfi\/pressusiur\/turnpressur\/varahlutir-fyrir-turnpressu\/turnpressu-siuplotur\/","title":{"rendered":"Turnpressur S\u00edupl\u00f6tur"},"content":{"rendered":"<div class=\"wpb-content-wrapper\"><div class=\"vc_row wpb_row vc_row-fluid vc_custom_1691587735553\"><div class=\"wpb_column vc_column_container vc_col-sm-12 vc_col-lg-6 vc_col-md-6\"><div class=\"vc_column-inner\"><div class=\"wpb_wrapper\"><div class=\"section-title-wrapper shortcode-rand-2 induzy-inline-css\" data-css=\"&quot;.shortcode-rand-2 .title-separator.separator-border { background-color: ; }.shortcode-rand-2 .section-title { text-transform: none; }&quot;\"><div class=\"title-wrap\"><h2 class=\"section-title\">S\u00edupl\u00f6tur fyrir turnpressur<\/h2><span class=\"title-separator separator-border theme-color-bg\"><\/span><\/div><!-- .title-wrap --><div class=\"section-description\">Turnpressur eru hanna\u00f0ar fyrir samfellda, afkastamikla a\u00f0skilna\u00f0 \u00e1 f\u00f6stum efnum og v\u00f6kva \u2013 og s\u00edupl\u00f6turnar eru lykillinn a\u00f0 st\u00f6\u00f0ugum og skilvirkum rekstri. Hj\u00e1 Filtnor bj\u00f3\u00f0um vi\u00f0 upp \u00e1 h\u00e1g\u00e6\u00f0a turnpressus\u00edupl\u00f6tur sem eru hanna\u00f0ar til a\u00f0 takast \u00e1 vi\u00f0 krefjandi i\u00f0na\u00f0arferli me\u00f0 h\u00e1marks\u00e1rei\u00f0anleika og langri l\u00edft\u00edma.<\/div><!-- .section-description --><\/div><!-- .section-title-wrapper --><div class=\"feature-box-wrapper feature-box-style-1 vc_custom_1719170944067 shortcode-rand-3 induzy-inline-css\" data-css=\"&quot;.shortcode-rand-3.feature-box-wrapper {background: -moz-linear-gradient(141deg,  0%,  51%,  75%);\\r\\n\\t\\t\\t\\tbackground: -webkit-linear-gradient(141deg,  0%,  51%,  75%);\\r\\n\\t\\t\\t\\tbackground: linear-gradient(141deg,  0%,  51%,  75%);}.shortcode-rand-3 .feature-box-icon { font-size: 24px; }.shortcode-rand-3 .feature-box-icon { height: 48px; width: 48px; }.shortcode-rand-3 .feature-box-icon &gt; span { line-height: 2; }.shortcode-rand-3:hover .feature-box-icon { background: none; }&quot;\" ><div class=\"feature-box-btn\"><a class=\"btn default\" href=\"https:\/\/www.filtnor.com\/is\/hafdu-samband-vid-okkur\/\" title=\"SENDA FYRIRSPURN \u00bb\">SENDA FYRIRSPURN \u00bb<\/a><\/div><!-- .feature-box-btn --><\/div><!-- .feature-box-wrapper --><\/div><\/div><\/div><div class=\"wpb_column vc_column_container vc_col-sm-12 vc_col-lg-6 vc_col-md-6\"><div class=\"vc_column-inner\"><div class=\"wpb_wrapper\">\n\t<div  class=\"wpb_single_image wpb_content_element vc_align_left wpb_content_element\">\n\t\t\n\t\t<figure class=\"wpb_wrapper vc_figure\">\n\t\t\t<div class=\"vc_single_image-wrapper   vc_box_border_grey\"><img loading=\"lazy\" decoding=\"async\" width=\"1024\" height=\"1024\" src=\"https:\/\/www.filtnor.com\/wp-content\/uploads\/2025\/08\/products_filtration_dewatering-systems_pressure-filters_filter-presses_tower-press-spare-parts_tower-press-filter-plates-001.png\" class=\"vc_single_image-img attachment-full\" alt=\"Turnpressus\u00edupl\u00f6tur \u00ed heilli pl\u00f6tupakka fyrir i\u00f0na\u00f0ars\u00edun me\u00f0 mikilli afk\u00f6stum.\" title=\"Pl\u00f6tupakka fyrir turnpressur\" srcset=\"https:\/\/www.filtnor.com\/wp-content\/uploads\/2025\/08\/products_filtration_dewatering-systems_pressure-filters_filter-presses_tower-press-spare-parts_tower-press-filter-plates-001.png 1024w, https:\/\/www.filtnor.com\/wp-content\/uploads\/2025\/08\/products_filtration_dewatering-systems_pressure-filters_filter-presses_tower-press-spare-parts_tower-press-filter-plates-001-80x80.png 80w, https:\/\/www.filtnor.com\/wp-content\/uploads\/2025\/08\/products_filtration_dewatering-systems_pressure-filters_filter-presses_tower-press-spare-parts_tower-press-filter-plates-001-768x768.png 768w, https:\/\/www.filtnor.com\/wp-content\/uploads\/2025\/08\/products_filtration_dewatering-systems_pressure-filters_filter-presses_tower-press-spare-parts_tower-press-filter-plates-001-12x12.png 12w, https:\/\/www.filtnor.com\/wp-content\/uploads\/2025\/08\/products_filtration_dewatering-systems_pressure-filters_filter-presses_tower-press-spare-parts_tower-press-filter-plates-001-600x600.png 600w, https:\/\/www.filtnor.com\/wp-content\/uploads\/2025\/08\/products_filtration_dewatering-systems_pressure-filters_filter-presses_tower-press-spare-parts_tower-press-filter-plates-001-300x300.png 300w, https:\/\/www.filtnor.com\/wp-content\/uploads\/2025\/08\/products_filtration_dewatering-systems_pressure-filters_filter-presses_tower-press-spare-parts_tower-press-filter-plates-001-100x100.png 100w\" sizes=\"auto, (max-width: 1024px) 100vw, 1024px\" \/><\/div>\n\t\t<\/figure>\n\t<\/div>\n<\/div><\/div><\/div><\/div><div class=\"vc_row wpb_row vc_row-fluid vc_custom_1691588774257\"><div class=\"wpb_column vc_column_container vc_col-sm-6\"><div class=\"vc_column-inner\"><div class=\"wpb_wrapper\"><div class=\"section-title-wrapper shortcode-rand-5 induzy-inline-css\" data-css=\"&quot;.shortcode-rand-5 .title-separator.separator-border { background-color: ; }.shortcode-rand-5 .section-title { text-transform: none; }&quot;\"><div class=\"title-wrap\"><h4 class=\"section-title\">Algeng vandam\u00e1l me\u00f0 s\u00edupl\u00f6tum turnpressu<\/h4><span class=\"title-separator separator-border theme-color-bg\"><\/span><\/div><!-- .title-wrap --><div class=\"section-description\"><\/p>\n<p data-start=\"602\" data-end=\"780\">\u00cd turnpressum eru s\u00edupl\u00f6tur \u00fatsettar fyrir st\u00f6\u00f0ugu v\u00e9lr\u00e6nu \u00e1lagi, \u00fer\u00fdstingshringr\u00e1sum og krefjandi le\u00f0juskilyr\u00f0um. Me\u00f0 t\u00edmanum getur slit e\u00f0a skemmdir valdi\u00f0 alvarlegum vandam\u00e1lum:<\/p>\n<ul data-start=\"781\" data-end=\"1029\">\n<li data-start=\"781\" data-end=\"841\">\n<p data-start=\"783\" data-end=\"841\">Auki\u00f0 slit \u00e1 s\u00edukl\u00fatum, sem styttir l\u00edft\u00edma \u00feeirra<\/p>\n<\/li>\n<li data-start=\"842\" data-end=\"922\">\n<p data-start=\"844\" data-end=\"922\">Sprungur, beyglur e\u00f0a afl\u00f6gun sem hafa \u00e1hrif \u00e1 losun k\u00f6ku og g\u00e6\u00f0i s\u00eduv\u00f6kvans<\/p>\n<\/li>\n<li data-start=\"923\" data-end=\"1029\">\n<p data-start=\"925\" data-end=\"1029\">Misr\u00f6\u00f0un e\u00f0a skemmdir \u00e1 pl\u00f6tum sem dreifast til n\u00e1l\u00e6gra platna, sem lei\u00f0ir til kostna\u00f0arsamra vi\u00f0ger\u00f0a og ni\u00f0urt\u00edma<\/p>\n<\/li>\n<\/ul>\n<p data-start=\"1031\" data-end=\"1159\">Til a\u00f0 vi\u00f0halda st\u00f6\u00f0ugri afk\u00f6stum \u00e6tti alltaf a\u00f0 skipta um skemmdar pl\u00f6tur strax \u00e1\u00f0ur en \u00fe\u00e6r valda aukabilunum.<\/p>\n<p><\/div><!-- .section-description --><\/div><!-- .section-title-wrapper --><\/div><\/div><\/div><div class=\"wpb_column vc_column_container vc_col-sm-6\"><div class=\"vc_column-inner\"><div class=\"wpb_wrapper\"><div class=\"section-title-wrapper margin-bottom-30 shortcode-rand-6 induzy-inline-css\" data-css=\"&quot;.shortcode-rand-6 .title-separator.separator-border { background-color: ; }.shortcode-rand-6 .section-title { text-transform: none; }&quot;\"><div class=\"title-wrap\"><h4 class=\"section-title\">Sumir af kostunum me\u00f0<\/h4><span class=\"title-separator separator-border theme-color-bg\"><\/span><\/div><!-- .title-wrap --><div class=\"section-description\"><\/div><!-- .section-description --><\/div><!-- .section-title-wrapper --><div class=\"list-item-wrapper\" data-css=\"&quot;&quot;\"><div class=\"list-item-inner\" data-css=\"&quot;&quot;\"><div class=\"list-item-title media\"><span class=\"mr-3 icon-light fa fa-solid fa-check\"><\/span><div class=\"media-body align-self-center list-item-desc\">Minnka\u00f0 ni\u00f0urt\u00edmi<\/div><\/div><!-- .list-item-title --><\/div><!-- .list-item-inner --><div class=\"list-item-inner\" data-css=\"&quot;&quot;\"><div class=\"list-item-title media\"><span class=\"mr-3 icon-light fa fa-solid fa-check\"><\/span><div class=\"media-body align-self-center list-item-desc\">Bjarts\u00fdni s\u00edun<\/div><\/div><!-- .list-item-title --><\/div><!-- .list-item-inner --><div class=\"list-item-inner\" data-css=\"&quot;&quot;\"><div class=\"list-item-title media\"><span class=\"mr-3 icon-light fa fa-solid fa-check\"><\/span><div class=\"media-body align-self-center list-item-desc\">Langur l\u00edft\u00edmi<\/div><\/div><!-- .list-item-title --><\/div><!-- .list-item-inner --><div class=\"list-item-inner\" data-css=\"&quot;&quot;\"><div class=\"list-item-title media\"><span class=\"mr-3 icon-light fa fa-solid fa-check\"><\/span><div class=\"media-body align-self-center list-item-desc\">Minna vi\u00f0hald<\/div><\/div><!-- .list-item-title --><\/div><!-- .list-item-inner --><\/div><!-- .list-item-wrapper --><\/div><\/div><\/div><\/div><div class=\"vc_row wpb_row vc_row-fluid vc_custom_1691588774257\"><div class=\"wpb_column vc_column_container vc_col-sm-6\"><div class=\"vc_column-inner\"><div class=\"wpb_wrapper\"><div class=\"section-title-wrapper shortcode-rand-13 induzy-inline-css\" data-css=\"&quot;.shortcode-rand-13 .title-separator.separator-border { background-color: ; }.shortcode-rand-13 .section-title { text-transform: none; }&quot;\"><div class=\"title-wrap\"><h4 class=\"section-title\">Skiptipl\u00f6tur og f\u00ednstilltar lausnir<\/h4><span class=\"title-separator separator-border theme-color-bg\"><\/span><\/div><!-- .title-wrap --><div class=\"section-description\"><\/p>\n<p data-start=\"1227\" data-end=\"1497\">Filtnor b\u00fd\u00f0ur upp \u00e1 eins varapl\u00f6tur fyrir allar helstu ger\u00f0ir turnpressa, sem tryggir fullkomna passa og hra\u00f0a skipti. Fyrir vi\u00f0skiptavini sem vilja auka afk\u00f6st getum vi\u00f0 einnig hanna\u00f0 og afhent heildarpl\u00f6tupakka sem er f\u00ednstilltur fyrir \u00feeirra s\u00e9rst\u00f6ku ferlis\u00fearfir.<\/p>\n<p data-start=\"1499\" data-end=\"1807\">Turnpressupl\u00f6turnar okkar eru framleiddar samkv\u00e6mt <strong data-start=\"1546\" data-end=\"1581\">h\u00e6stu al\u00fej\u00f3\u00f0legu sta\u00f0larnir<\/strong> \u2013 me\u00f0 sterkri \u00e1herslu \u00e1 <strong data-start=\"1607\" data-end=\"1685\">langur endingart\u00edmi, minni slit \u00e1 kl\u00fat og h\u00e1marks s\u00edunarvirkni<\/strong>. Me\u00f0 \u00fev\u00ed a\u00f0 einbeita okkur a\u00f0 heildarkostna\u00f0i vi\u00f0 eignarhald hj\u00e1lpum vi\u00f0 vi\u00f0skiptavinum okkar a\u00f0 n\u00e1 \u00e1rei\u00f0anlegum rekstri og l\u00e6gri l\u00edft\u00edmakostna\u00f0i.<\/p>\n<p><\/div><!-- .section-description --><\/div><!-- .section-title-wrapper --><\/div><\/div><\/div><div class=\"wpb_column vc_column_container vc_col-sm-6\"><div class=\"vc_column-inner\"><div class=\"wpb_wrapper\">\n\t<div  class=\"wpb_single_image wpb_content_element vc_align_left wpb_content_element\">\n\t\t\n\t\t<figure class=\"wpb_wrapper vc_figure\">\n\t\t\t<div class=\"vc_single_image-wrapper   vc_box_border_grey\"><img loading=\"lazy\" decoding=\"async\" width=\"768\" height=\"456\" src=\"https:\/\/www.filtnor.com\/wp-content\/uploads\/2025\/08\/products_filtration_dewatering-systems_pressure-filters_filter-presses_tower-press-spare-parts_tower-press-filter-plates-002-768x456.png\" class=\"vc_single_image-img attachment-medium\" alt=\"Heil pl\u00f6tupakkning af turnpressus\u00edupl\u00f6tum hanna\u00f0ar fyrir samfellda a\u00f0skilna\u00f0 fastra og flj\u00f3tandi efna.\" title=\"Turnpressuplatapakkning\" srcset=\"https:\/\/www.filtnor.com\/wp-content\/uploads\/2025\/08\/products_filtration_dewatering-systems_pressure-filters_filter-presses_tower-press-spare-parts_tower-press-filter-plates-002-768x456.png 768w, https:\/\/www.filtnor.com\/wp-content\/uploads\/2025\/08\/products_filtration_dewatering-systems_pressure-filters_filter-presses_tower-press-spare-parts_tower-press-filter-plates-002-18x12.png 18w, https:\/\/www.filtnor.com\/wp-content\/uploads\/2025\/08\/products_filtration_dewatering-systems_pressure-filters_filter-presses_tower-press-spare-parts_tower-press-filter-plates-002-440x260.png 440w, https:\/\/www.filtnor.com\/wp-content\/uploads\/2025\/08\/products_filtration_dewatering-systems_pressure-filters_filter-presses_tower-press-spare-parts_tower-press-filter-plates-002-390x231.png 390w, https:\/\/www.filtnor.com\/wp-content\/uploads\/2025\/08\/products_filtration_dewatering-systems_pressure-filters_filter-presses_tower-press-spare-parts_tower-press-filter-plates-002-220x130.png 220w\" sizes=\"auto, (max-width: 768px) 100vw, 768px\" \/><\/div>\n\t\t<\/figure>\n\t<\/div>\n<\/div><\/div><\/div><\/div><div data-vc-full-width=\"true\" data-vc-full-width-init=\"false\" class=\"vc_row wpb_row vc_row-fluid additional-call-to-action vc_custom_1691588100630 vc_row-has-fill\"><div class=\"wpb_column vc_column_container vc_col-sm-12\"><div class=\"vc_column-inner\"><div class=\"wpb_wrapper\"><div class=\"vc_row wpb_row vc_inner vc_row-fluid\"><div class=\"wpb_column vc_column_container vc_col-sm-12 vc_col-lg-9 vc_col-md-12\"><div class=\"vc_column-inner\"><div class=\"wpb_wrapper\"><div class=\"feature-box-wrapper feature-box-style-1 shortcode-rand-15 induzy-inline-css feature-list-1\" data-css=\"&quot;.shortcode-rand-15.feature-box-wrapper { color: #000000; }.shortcode-rand-15.feature-box-wrapper {background: -moz-linear-gradient(141deg,  0%,  51%,  75%);\\r\\n\\t\\t\\t\\tbackground: -webkit-linear-gradient(141deg,  0%,  51%,  75%);\\r\\n\\t\\t\\t\\tbackground: linear-gradient(141deg,  0%,  51%,  75%);}.shortcode-rand-15 .feature-box-icon { font-size: 30px; }.shortcode-rand-15 .feature-box-icon { height: 60px; width: 60px; }.shortcode-rand-15 .feature-box-icon &gt; span { line-height: 2; }.shortcode-rand-15:hover .feature-box-icon { background: none; }&quot;\" ><div class=\"fbox-list\"><div class=\"media\"><div class=\"feature-box-icon mr-3 text-center rounded-circle none\"><span class=\"\"><\/span><\/div><!-- .feature-box-icon --><div class=\"media-body\"><div class=\"feature-box-title\"><h4 class=\"section-title\">Finnur \u00fe\u00fa ekki \u00fea\u00f0 sem \u00fe\u00fa ert a\u00f0 leita a\u00f0?<\/h4><\/div><!-- .feature-box-title --><div class=\"feature-box-content\">Haf\u00f0u samband vi\u00f0 okkur og vi\u00f0 hj\u00e1lpum \u00fe\u00e9r a\u00f0 finna \u00fea\u00f0 \u00fat!<\/div><!-- .feature-box-content --><\/div><\/div><\/div><\/div><!-- .feature-box-wrapper --><\/div><\/div><\/div><div class=\"wpb_column vc_column_container vc_col-sm-12 vc_col-lg-3 vc_col-md-12\"><div class=\"vc_column-inner vc_custom_1691588352947\"><div class=\"wpb_wrapper\"><div class=\"vc_btn3-container  additional-btn vc_btn3-right vc_custom_1719171031114 vc_do_btn\" ><a style=\"background-color:#06295e; color:#ffffff;\" class=\"vc_general vc_btn3 vc_btn3-size-md vc_btn3-shape-rounded vc_btn3-style-custom\" href=\"https:\/\/www.filtnor.com\/is\/hafdu-samband-vid-okkur\/\" title=\"Haf\u00f0u samband vi\u00f0 okkur\">SENDA FYRIRSPURN \u00bb<\/a><\/div><\/div><\/div><\/div><\/div><\/div><\/div><\/div><\/div><div class=\"vc_row-full-width vc_clearfix\"><\/div>\n<\/div>","protected":false},"excerpt":{"rendered":"S\u00edupl\u00f6tur fyrir turnpressurTurnpressur eru hanna\u00f0ar fyrir samfellda, afkastamikla a\u00f0skilna\u00f0 \u00e1 f\u00f6stum efnum og v\u00f6kva \u2013 og s\u00edupl\u00f6turnar eru lykillinn a\u00f0 st\u00f6\u00f0ugum og skilvirkum rekstri. Hj\u00e1 Filtnor afhendum vi\u00f0 h\u00e1g\u00e6\u00f0a turnpressus\u00edupl\u00f6tur sem eru hanna\u00f0ar til a\u00f0 takast \u00e1 vi\u00f0 krefjandi i\u00f0na\u00f0arferli me\u00f0 h\u00e1marks\u00e1rei\u00f0anleika og langri l\u00edft\u00edma. SENDA FYRIRSPURN \u00bb Algeng vandam\u00e1l me\u00f0 turnpressus\u00edu","protected":false},"author":1,"featured_media":0,"parent":3983,"menu_order":0,"comment_status":"closed","ping_status":"closed","template":"","meta":{"om_disable_all_campaigns":false,"footnotes":""},"class_list":["post-6245","page","type-page","status-publish","hentry"],"yoast_head":"<!-- This site is optimized with the Yoast SEO Premium plugin v26.1 (Yoast SEO v27.4) - https:\/\/yoast.com\/product\/yoast-seo-premium-wordpress\/ -->\n<title>Tower Presses Filter Plates - Filtnor<\/title>\n<meta name=\"description\" content=\"Filtnor supplies durable tower press filter plates \u2013 long life, reduced cloth wear, and optimized filtration for demanding processes.\" \/>\n<meta name=\"robots\" content=\"index, follow, max-snippet:-1, max-image-preview:large, max-video-preview:-1\" \/>\n<link rel=\"canonical\" href=\"https:\/\/www.filtnor.com\/is\/vorur\/siun\/afvotnunarkerfi\/pressusiur\/turnpressur\/varahlutir-fyrir-turnpressu\/turnpressu-siuplotur\/\" \/>\n<meta property=\"og:locale\" content=\"is_IS\" \/>\n<meta property=\"og:type\" content=\"article\" \/>\n<meta property=\"og:title\" content=\"Tower Presses Filter Plates\" \/>\n<meta property=\"og:description\" content=\"Filtnor supplies durable tower press filter plates \u2013 long life, reduced cloth wear, and optimized filtration for demanding processes.\" \/>\n<meta property=\"og:url\" content=\"https:\/\/www.filtnor.com\/is\/vorur\/siun\/afvotnunarkerfi\/pressusiur\/turnpressur\/varahlutir-fyrir-turnpressu\/turnpressu-siuplotur\/\" \/>\n<meta property=\"og:site_name\" content=\"Filtnor\" \/>\n<meta property=\"article:modified_time\" content=\"2025-08-23T18:24:49+00:00\" \/>\n<meta name=\"twitter:card\" content=\"summary_large_image\" \/>\n<meta name=\"twitter:label1\" content=\"Est. reading time\" \/>\n\t<meta name=\"twitter:data1\" content=\"3 minutes\" \/>\n<script type=\"application\/ld+json\" class=\"yoast-schema-graph\">{\"@context\":\"https:\\\/\\\/schema.org\",\"@graph\":[{\"@type\":\"WebPage\",\"@id\":\"https:\\\/\\\/www.filtnor.com\\\/products\\\/filtration\\\/dewatering-systems\\\/pressure-filters\\\/tower-presses\\\/tower-press-spare-parts\\\/tower-press-filter-plates\\\/\",\"url\":\"https:\\\/\\\/www.filtnor.com\\\/products\\\/filtration\\\/dewatering-systems\\\/pressure-filters\\\/tower-presses\\\/tower-press-spare-parts\\\/tower-press-filter-plates\\\/\",\"name\":\"Tower Presses Filter Plates - Filtnor\",\"isPartOf\":{\"@id\":\"https:\\\/\\\/www.filtnor.com\\\/#website\"},\"datePublished\":\"2025-08-23T15:30:37+00:00\",\"dateModified\":\"2025-08-23T18:24:49+00:00\",\"description\":\"Filtnor supplies durable tower press filter plates \u2013 long life, reduced cloth wear, and optimized filtration for demanding processes.\",\"breadcrumb\":{\"@id\":\"https:\\\/\\\/www.filtnor.com\\\/products\\\/filtration\\\/dewatering-systems\\\/pressure-filters\\\/tower-presses\\\/tower-press-spare-parts\\\/tower-press-filter-plates\\\/#breadcrumb\"},\"inLanguage\":\"is\",\"potentialAction\":[{\"@type\":\"ReadAction\",\"target\":[\"https:\\\/\\\/www.filtnor.com\\\/products\\\/filtration\\\/dewatering-systems\\\/pressure-filters\\\/tower-presses\\\/tower-press-spare-parts\\\/tower-press-filter-plates\\\/\"]}]},{\"@type\":\"BreadcrumbList\",\"@id\":\"https:\\\/\\\/www.filtnor.com\\\/products\\\/filtration\\\/dewatering-systems\\\/pressure-filters\\\/tower-presses\\\/tower-press-spare-parts\\\/tower-press-filter-plates\\\/#breadcrumb\",\"itemListElement\":[{\"@type\":\"ListItem\",\"position\":1,\"name\":\"Home\",\"item\":\"https:\\\/\\\/www.filtnor.com\\\/\"},{\"@type\":\"ListItem\",\"position\":2,\"name\":\"Product groups from Filtnor\",\"item\":\"https:\\\/\\\/www.filtnor.com\\\/products\\\/\"},{\"@type\":\"ListItem\",\"position\":3,\"name\":\"Filtration\",\"item\":\"https:\\\/\\\/www.filtnor.com\\\/products\\\/filtration\\\/\"},{\"@type\":\"ListItem\",\"position\":4,\"name\":\"Dewatering Systems\",\"item\":\"https:\\\/\\\/www.filtnor.com\\\/products\\\/filtration\\\/dewatering-systems\\\/\"},{\"@type\":\"ListItem\",\"position\":5,\"name\":\"Pressure filters\",\"item\":\"https:\\\/\\\/www.filtnor.com\\\/products\\\/filtration\\\/dewatering-systems\\\/pressure-filters\\\/\"},{\"@type\":\"ListItem\",\"position\":6,\"name\":\"Tower presses\",\"item\":\"https:\\\/\\\/www.filtnor.com\\\/products\\\/filtration\\\/dewatering-systems\\\/pressure-filters\\\/tower-presses\\\/\"},{\"@type\":\"ListItem\",\"position\":7,\"name\":\"Tower Press Spare Parts\",\"item\":\"https:\\\/\\\/www.filtnor.com\\\/products\\\/filtration\\\/dewatering-systems\\\/pressure-filters\\\/tower-presses\\\/tower-press-spare-parts\\\/\"},{\"@type\":\"ListItem\",\"position\":8,\"name\":\"Tower Presses Filter Plates\"}]},{\"@type\":\"WebSite\",\"@id\":\"https:\\\/\\\/www.filtnor.com\\\/#website\",\"url\":\"https:\\\/\\\/www.filtnor.com\\\/\",\"name\":\"Filtnor\",\"description\":\"Filtration you can trust. Performance that lasts.\",\"potentialAction\":[{\"@type\":\"SearchAction\",\"target\":{\"@type\":\"EntryPoint\",\"urlTemplate\":\"https:\\\/\\\/www.filtnor.com\\\/?s={search_term_string}\"},\"query-input\":{\"@type\":\"PropertyValueSpecification\",\"valueRequired\":true,\"valueName\":\"search_term_string\"}}],\"inLanguage\":\"is\"}]}<\/script>\n<!-- \/ Yoast SEO Premium plugin. -->","yoast_head_json":{"title":"Turnpressur og s\u00edupl\u00f6tur - Filtnor","description":"Filtnor b\u00fd\u00f0ur upp \u00e1 endingarg\u00f3\u00f0ar s\u00edupl\u00f6tur fyrir turnpressur \u2013 langan l\u00edft\u00edma, minna slit \u00e1 d\u00fak og bjarts\u00fdni fyrir krefjandi ferli.","robots":{"index":"index","follow":"follow","max-snippet":"max-snippet:-1","max-image-preview":"max-image-preview:large","max-video-preview":"max-video-preview:-1"},"canonical":"https:\/\/www.filtnor.com\/is\/vorur\/siun\/afvotnunarkerfi\/pressusiur\/turnpressur\/varahlutir-fyrir-turnpressu\/turnpressu-siuplotur\/","og_locale":"is_IS","og_type":"article","og_title":"Tower Presses Filter Plates","og_description":"Filtnor supplies durable tower press filter plates \u2013 long life, reduced cloth wear, and optimized filtration for demanding processes.","og_url":"https:\/\/www.filtnor.com\/is\/vorur\/siun\/afvotnunarkerfi\/pressusiur\/turnpressur\/varahlutir-fyrir-turnpressu\/turnpressu-siuplotur\/","og_site_name":"Filtnor","article_modified_time":"2025-08-23T18:24:49+00:00","twitter_card":"summary_large_image","twitter_misc":{"Est. reading time":"3 minutes"},"schema":{"@context":"https:\/\/schema.org","@graph":[{"@type":"WebPage","@id":"https:\/\/www.filtnor.com\/products\/filtration\/dewatering-systems\/pressure-filters\/tower-presses\/tower-press-spare-parts\/tower-press-filter-plates\/","url":"https:\/\/www.filtnor.com\/products\/filtration\/dewatering-systems\/pressure-filters\/tower-presses\/tower-press-spare-parts\/tower-press-filter-plates\/","name":"Turnpressur og s\u00edupl\u00f6tur - Filtnor","isPartOf":{"@id":"https:\/\/www.filtnor.com\/#website"},"datePublished":"2025-08-23T15:30:37+00:00","dateModified":"2025-08-23T18:24:49+00:00","description":"Filtnor b\u00fd\u00f0ur upp \u00e1 endingarg\u00f3\u00f0ar s\u00edupl\u00f6tur fyrir turnpressur \u2013 langan l\u00edft\u00edma, minna slit \u00e1 d\u00fak og bjarts\u00fdni fyrir krefjandi ferli.","breadcrumb":{"@id":"https:\/\/www.filtnor.com\/products\/filtration\/dewatering-systems\/pressure-filters\/tower-presses\/tower-press-spare-parts\/tower-press-filter-plates\/#breadcrumb"},"inLanguage":"is","potentialAction":[{"@type":"ReadAction","target":["https:\/\/www.filtnor.com\/products\/filtration\/dewatering-systems\/pressure-filters\/tower-presses\/tower-press-spare-parts\/tower-press-filter-plates\/"]}]},{"@type":"BreadcrumbList","@id":"https:\/\/www.filtnor.com\/products\/filtration\/dewatering-systems\/pressure-filters\/tower-presses\/tower-press-spare-parts\/tower-press-filter-plates\/#breadcrumb","itemListElement":[{"@type":"ListItem","position":1,"name":"Home","item":"https:\/\/www.filtnor.com\/"},{"@type":"ListItem","position":2,"name":"Product groups from Filtnor","item":"https:\/\/www.filtnor.com\/products\/"},{"@type":"ListItem","position":3,"name":"Filtration","item":"https:\/\/www.filtnor.com\/products\/filtration\/"},{"@type":"ListItem","position":4,"name":"Dewatering Systems","item":"https:\/\/www.filtnor.com\/products\/filtration\/dewatering-systems\/"},{"@type":"ListItem","position":5,"name":"Pressure filters","item":"https:\/\/www.filtnor.com\/products\/filtration\/dewatering-systems\/pressure-filters\/"},{"@type":"ListItem","position":6,"name":"Tower presses","item":"https:\/\/www.filtnor.com\/products\/filtration\/dewatering-systems\/pressure-filters\/tower-presses\/"},{"@type":"ListItem","position":7,"name":"Tower Press Spare Parts","item":"https:\/\/www.filtnor.com\/products\/filtration\/dewatering-systems\/pressure-filters\/tower-presses\/tower-press-spare-parts\/"},{"@type":"ListItem","position":8,"name":"Tower Presses Filter Plates"}]},{"@type":"WebSite","@id":"https:\/\/www.filtnor.com\/#website","url":"https:\/\/www.filtnor.com\/","name":"Filtnor","description":"S\u00edun sem \u00fe\u00fa getur treyst. Afk\u00f6st sem endast.","potentialAction":[{"@type":"SearchAction","target":{"@type":"EntryPoint","urlTemplate":"https:\/\/www.filtnor.com\/?s={search_term_string}"},"query-input":{"@type":"PropertyValueSpecification","valueRequired":true,"valueName":"search_term_string"}}],"inLanguage":"is"}]}},"_links":{"self":[{"href":"https:\/\/www.filtnor.com\/is\/wp-json\/wp\/v2\/pages\/6245","targetHints":{"allow":["GET"]}}],"collection":[{"href":"https:\/\/www.filtnor.com\/is\/wp-json\/wp\/v2\/pages"}],"about":[{"href":"https:\/\/www.filtnor.com\/is\/wp-json\/wp\/v2\/types\/page"}],"author":[{"embeddable":true,"href":"https:\/\/www.filtnor.com\/is\/wp-json\/wp\/v2\/users\/1"}],"replies":[{"embeddable":true,"href":"https:\/\/www.filtnor.com\/is\/wp-json\/wp\/v2\/comments?post=6245"}],"version-history":[{"count":9,"href":"https:\/\/www.filtnor.com\/is\/wp-json\/wp\/v2\/pages\/6245\/revisions"}],"predecessor-version":[{"id":6273,"href":"https:\/\/www.filtnor.com\/is\/wp-json\/wp\/v2\/pages\/6245\/revisions\/6273"}],"up":[{"embeddable":true,"href":"https:\/\/www.filtnor.com\/is\/wp-json\/wp\/v2\/pages\/3983"}],"wp:attachment":[{"href":"https:\/\/www.filtnor.com\/is\/wp-json\/wp\/v2\/media?parent=6245"}],"curies":[{"name":"wp","href":"https:\/\/api.w.org\/{rel}","templated":true}]}}