{"id":6244,"date":"2025-08-23T17:29:29","date_gmt":"2025-08-23T15:29:29","guid":{"rendered":"https:\/\/www.filtnor.com\/?page_id=6244"},"modified":"2025-08-24T19:45:43","modified_gmt":"2025-08-24T17:45:43","slug":"siupressa-siuplatur","status":"publish","type":"page","link":"https:\/\/www.filtnor.com\/is\/vorur\/siun\/afvotnunarkerfi\/pressusiur\/siupressur\/siupressa-varahlutir\/siupressa-siuplatur\/","title":{"rendered":"S\u00edupressa s\u00edupl\u00f6tur"},"content":{"rendered":"<div class=\"wpb-content-wrapper\"><div class=\"vc_row wpb_row vc_row-fluid vc_custom_1755965213387\"><div class=\"wpb_column vc_column_container vc_col-sm-12 vc_col-lg-6 vc_col-md-6\"><div class=\"vc_column-inner\"><div class=\"wpb_wrapper\"><div class=\"section-title-wrapper shortcode-rand-2 induzy-inline-css\" data-css=\"&quot;.shortcode-rand-2 .title-separator.separator-border { background-color: ; }.shortcode-rand-2 .section-title { text-transform: none; }&quot;\"><div class=\"title-wrap\"><h2 class=\"section-title\">S\u00edupl\u00f6tur fyrir s\u00edupressur<\/h2><span class=\"title-separator separator-border theme-color-bg\"><\/span><\/div><!-- .title-wrap --><div class=\"section-description\">S\u00edupl\u00f6tur eru hjarta hverrar s\u00edupressu \u2013 \u00e1stand \u00feeirra hefur bein \u00e1hrif \u00e1 skilvirkni, g\u00e6\u00f0i og l\u00edft\u00edma s\u00edunarferlisins. Hj\u00e1 Filtnor bj\u00f3\u00f0um vi\u00f0 upp \u00e1 h\u00e1g\u00e6\u00f0a s\u00edupl\u00f6tur sem tryggja \u00e1rei\u00f0anlega notkun, h\u00e1marks rekstrart\u00edma og bestu m\u00f6gulegu s\u00edunarni\u00f0urst\u00f6\u00f0ur.<\/div><!-- .section-description --><\/div><!-- .section-title-wrapper --><div class=\"feature-box-wrapper feature-box-style-1 vc_custom_1719170944067 shortcode-rand-3 induzy-inline-css\" data-css=\"&quot;.shortcode-rand-3.feature-box-wrapper {background: -moz-linear-gradient(141deg,  0%,  51%,  75%);\\r\\n\\t\\t\\t\\tbackground: -webkit-linear-gradient(141deg,  0%,  51%,  75%);\\r\\n\\t\\t\\t\\tbackground: linear-gradient(141deg,  0%,  51%,  75%);}.shortcode-rand-3 .feature-box-icon { font-size: 24px; }.shortcode-rand-3 .feature-box-icon { height: 48px; width: 48px; }.shortcode-rand-3 .feature-box-icon &gt; span { line-height: 2; }.shortcode-rand-3:hover .feature-box-icon { background: none; }&quot;\" ><div class=\"feature-box-btn\"><a class=\"btn default\" href=\"https:\/\/www.filtnor.com\/is\/hafdu-samband-vid-okkur\/\" title=\"SENDA FYRIRSPURN \u00bb\">SENDA FYRIRSPURN \u00bb<\/a><\/div><!-- .feature-box-btn --><\/div><!-- .feature-box-wrapper --><\/div><\/div><\/div><div class=\"wpb_column vc_column_container vc_col-sm-12 vc_col-lg-6 vc_col-md-6\"><div class=\"vc_column-inner\"><div class=\"wpb_wrapper\">\n\t<div  class=\"wpb_single_image wpb_content_element vc_align_left wpb_content_element\">\n\t\t\n\t\t<figure class=\"wpb_wrapper vc_figure\">\n\t\t\t<div class=\"vc_single_image-wrapper   vc_box_border_grey\"><img loading=\"lazy\" decoding=\"async\" width=\"1024\" height=\"1024\" src=\"https:\/\/www.filtnor.com\/wp-content\/uploads\/2025\/08\/products_filtration_dewatering-systems_pressure-filters_filter-presses_filter-press-spare-parts_filter-press-filter-plates.png\" class=\"vc_single_image-img attachment-full\" alt=\"H\u00e1g\u00e6\u00f0a s\u00edupl\u00f6tur fyrir s\u00edupressur fr\u00e1 Filtnor\" title=\"S\u00edupressa s\u00edupl\u00f6tur\" srcset=\"https:\/\/www.filtnor.com\/wp-content\/uploads\/2025\/08\/products_filtration_dewatering-systems_pressure-filters_filter-presses_filter-press-spare-parts_filter-press-filter-plates.png 1024w, https:\/\/www.filtnor.com\/wp-content\/uploads\/2025\/08\/products_filtration_dewatering-systems_pressure-filters_filter-presses_filter-press-spare-parts_filter-press-filter-plates-80x80.png 80w, https:\/\/www.filtnor.com\/wp-content\/uploads\/2025\/08\/products_filtration_dewatering-systems_pressure-filters_filter-presses_filter-press-spare-parts_filter-press-filter-plates-768x768.png 768w, https:\/\/www.filtnor.com\/wp-content\/uploads\/2025\/08\/products_filtration_dewatering-systems_pressure-filters_filter-presses_filter-press-spare-parts_filter-press-filter-plates-12x12.png 12w, https:\/\/www.filtnor.com\/wp-content\/uploads\/2025\/08\/products_filtration_dewatering-systems_pressure-filters_filter-presses_filter-press-spare-parts_filter-press-filter-plates-600x600.png 600w, https:\/\/www.filtnor.com\/wp-content\/uploads\/2025\/08\/products_filtration_dewatering-systems_pressure-filters_filter-presses_filter-press-spare-parts_filter-press-filter-plates-300x300.png 300w, https:\/\/www.filtnor.com\/wp-content\/uploads\/2025\/08\/products_filtration_dewatering-systems_pressure-filters_filter-presses_filter-press-spare-parts_filter-press-filter-plates-100x100.png 100w\" sizes=\"auto, (max-width: 1024px) 100vw, 1024px\" \/><\/div>\n\t\t<\/figure>\n\t<\/div>\n<\/div><\/div><\/div><\/div><div class=\"vc_row wpb_row vc_row-fluid vc_custom_1691588774257\"><div class=\"wpb_column vc_column_container vc_col-sm-6\"><div class=\"vc_column-inner\"><div class=\"wpb_wrapper\"><div class=\"section-title-wrapper shortcode-rand-5 induzy-inline-css\" data-css=\"&quot;.shortcode-rand-5 .title-separator.separator-border { background-color: ; }.shortcode-rand-5 .section-title { text-transform: none; }&quot;\"><div class=\"title-wrap\"><h4 class=\"section-title\">Af hverju \u00e6tti a\u00f0 skipta um slitnar e\u00f0a skemmdar pl\u00f6tur<\/h4><span class=\"title-separator separator-border theme-color-bg\"><\/span><\/div><!-- .title-wrap --><div class=\"section-description\">Slitnar s\u00edupl\u00f6tur valda \u00f3\u00fearfa \u00e1lagi \u00e1 s\u00edukl\u00fata og draga \u00far heildarafk\u00f6stum s\u00edunarinnar. Sprungur, beyglur e\u00f0a a\u00f0rar skemmdir \u00e1 pl\u00f6tum geta flj\u00f3tt leitt til alvarlegra aflei\u00f0inga: leka, \u00f3jafnrar myndunar \u00e1 s\u00eduk\u00f6kum og jafnvel skemmda \u00e1 n\u00e1l\u00e6gum pl\u00f6tum. \u00deess vegna \u00e6tti a\u00f0 skipta um skemmdar pl\u00f6tur eins flj\u00f3tt og au\u00f0i\u00f0 er \u2013 til a\u00f0 koma \u00ed veg fyrir kostna\u00f0arsaman ni\u00f0urt\u00edma og vernda restina af s\u00edupakkanum.<\/div><!-- .section-description --><\/div><!-- .section-title-wrapper --><\/div><\/div><\/div><div class=\"wpb_column vc_column_container vc_col-sm-6\"><div class=\"vc_column-inner\"><div class=\"wpb_wrapper\"><div class=\"section-title-wrapper margin-bottom-30 shortcode-rand-6 induzy-inline-css\" data-css=\"&quot;.shortcode-rand-6 .title-separator.separator-border { background-color: ; }.shortcode-rand-6 .section-title { text-transform: none; }&quot;\"><div class=\"title-wrap\"><h4 class=\"section-title\">Mismunandi ger\u00f0ir af pl\u00f6tum<\/h4><span class=\"title-separator separator-border theme-color-bg\"><\/span><\/div><!-- .title-wrap --><div class=\"section-description\"><\/div><!-- .section-description --><\/div><!-- .section-title-wrapper --><div class=\"list-item-wrapper\" data-css=\"&quot;&quot;\"><div class=\"list-item-inner\" data-css=\"&quot;&quot;\"><div class=\"list-item-title media\"><span class=\"mr-3 icon-light fa fa-solid fa-check\"><\/span><div class=\"media-body align-self-center list-item-desc\">S\u00edupl\u00f6tur \u00ed h\u00f3lfinu<\/div><\/div><!-- .list-item-title --><\/div><!-- .list-item-inner --><div class=\"list-item-inner\" data-css=\"&quot;&quot;\"><div class=\"list-item-title media\"><span class=\"mr-3 icon-light fa fa-solid fa-check\"><\/span><div class=\"media-body align-self-center list-item-desc\">Himnu s\u00edupl\u00f6tur<\/div><\/div><!-- .list-item-title --><\/div><!-- .list-item-inner --><div class=\"list-item-inner\" data-css=\"&quot;&quot;\"><div class=\"list-item-title media\"><span class=\"mr-3 icon-light fa fa-solid fa-check\"><\/span><div class=\"media-body align-self-center list-item-desc\">Loka\u00f0ar s\u00edupl\u00f6tur<\/div><\/div><!-- .list-item-title --><\/div><!-- .list-item-inner --><div class=\"list-item-inner\" data-css=\"&quot;&quot;\"><div class=\"list-item-title media\"><span class=\"mr-3 icon-light fa fa-solid fa-check\"><\/span><div class=\"media-body align-self-center list-item-desc\">S\u00edupl\u00f6tur og rammar<\/div><\/div><!-- .list-item-title --><\/div><!-- .list-item-inner --><div class=\"list-item-inner\" data-css=\"&quot;&quot;\"><div class=\"list-item-title media\"><span class=\"mr-3 icon-light fa fa-solid fa-check\"><\/span><div class=\"media-body align-self-center list-item-desc\">S\u00e9rsni\u00f0nar s\u00edupl\u00f6tur<\/div><\/div><!-- .list-item-title --><\/div><!-- .list-item-inner --><\/div><!-- .list-item-wrapper --><\/div><\/div><\/div><\/div><div class=\"vc_row wpb_row vc_row-fluid vc_custom_1691588774257\"><div class=\"wpb_column vc_column_container vc_col-sm-6\"><div class=\"vc_column-inner\"><div class=\"wpb_wrapper\"><div class=\"section-title-wrapper shortcode-rand-14 induzy-inline-css\" data-css=\"&quot;.shortcode-rand-14 .title-separator.separator-border { background-color: ; }.shortcode-rand-14 .section-title { text-transform: none; }&quot;\"><div class=\"title-wrap\"><h4 class=\"section-title\">Bjarts\u00fdnislausnir fr\u00e1 Filtnor<\/h4><span class=\"title-separator separator-border theme-color-bg\"><\/span><\/div><!-- .title-wrap --><div class=\"section-description\">Filtnor getur \u00fatvega\u00f0 eins varapl\u00f6tur til a\u00f0 skipta \u00fat slitnum e\u00f0a bilu\u00f0um einingum, e\u00f0a vi\u00f0 getum hanna\u00f0 alveg n\u00fdja pl\u00f6tupakka sem er f\u00ednstilltur fyrir \u00feitt tiltekna ferli. S\u00edupl\u00f6turnar okkar eru framleiddar samkv\u00e6mt str\u00f6ngustu g\u00e6\u00f0ast\u00f6\u00f0lum, sem tryggir langan l\u00edft\u00edma og samr\u00e6mda s\u00edunarni\u00f0urst\u00f6\u00f0u. Vi\u00f0 leggjum alltaf \u00e1herslu \u00e1... <strong data-start=\"1355\" data-end=\"1382\">heildarkostna\u00f0ur vi\u00f0 eignarhald<\/strong> \u2013 sameinar endingu, minna slit \u00e1 kl\u00e6\u00f0na\u00f0i og fram\u00farskarandi afk\u00f6st \u00ed vinnslu.<\/div><!-- .section-description --><\/div><!-- .section-title-wrapper --><\/div><\/div><\/div><div class=\"wpb_column vc_column_container vc_col-sm-6\"><div class=\"vc_column-inner\"><div class=\"wpb_wrapper\">\n\t<div  class=\"wpb_single_image wpb_content_element vc_align_left wpb_content_element\">\n\t\t\n\t\t<figure class=\"wpb_wrapper vc_figure\">\n\t\t\t<div class=\"vc_single_image-wrapper   vc_box_border_grey\"><img loading=\"lazy\" decoding=\"async\" width=\"1024\" height=\"1024\" src=\"https:\/\/www.filtnor.com\/wp-content\/uploads\/2025\/08\/products_filtration_dewatering-systems_pressure-filters_filter-presses_filter-press-spare-parts_filter-press-filter-plates-002.png\" class=\"vc_single_image-img attachment-full\" alt=\"S\u00edu\u00fe\u00e6ttir fyrir s\u00edupressu me\u00f0 h\u00f3lfah\u00f6nnun, sem s\u00fdna mi\u00f0l\u00e6ga a\u00f0rennslisop og \u00fe\u00e9ttingu.\" title=\"S\u00edupressa S\u00edu\u00fe\u00e6ttir\" srcset=\"https:\/\/www.filtnor.com\/wp-content\/uploads\/2025\/08\/products_filtration_dewatering-systems_pressure-filters_filter-presses_filter-press-spare-parts_filter-press-filter-plates-002.png 1024w, https:\/\/www.filtnor.com\/wp-content\/uploads\/2025\/08\/products_filtration_dewatering-systems_pressure-filters_filter-presses_filter-press-spare-parts_filter-press-filter-plates-002-80x80.png 80w, https:\/\/www.filtnor.com\/wp-content\/uploads\/2025\/08\/products_filtration_dewatering-systems_pressure-filters_filter-presses_filter-press-spare-parts_filter-press-filter-plates-002-768x768.png 768w, https:\/\/www.filtnor.com\/wp-content\/uploads\/2025\/08\/products_filtration_dewatering-systems_pressure-filters_filter-presses_filter-press-spare-parts_filter-press-filter-plates-002-12x12.png 12w, https:\/\/www.filtnor.com\/wp-content\/uploads\/2025\/08\/products_filtration_dewatering-systems_pressure-filters_filter-presses_filter-press-spare-parts_filter-press-filter-plates-002-600x600.png 600w, https:\/\/www.filtnor.com\/wp-content\/uploads\/2025\/08\/products_filtration_dewatering-systems_pressure-filters_filter-presses_filter-press-spare-parts_filter-press-filter-plates-002-300x300.png 300w, https:\/\/www.filtnor.com\/wp-content\/uploads\/2025\/08\/products_filtration_dewatering-systems_pressure-filters_filter-presses_filter-press-spare-parts_filter-press-filter-plates-002-100x100.png 100w\" sizes=\"auto, (max-width: 1024px) 100vw, 1024px\" \/><\/div>\n\t\t<\/figure>\n\t<\/div>\n<\/div><\/div><\/div><\/div><div data-vc-full-width=\"true\" data-vc-full-width-init=\"false\" class=\"vc_row wpb_row vc_row-fluid additional-call-to-action vc_custom_1691588100630 vc_row-has-fill\"><div class=\"wpb_column vc_column_container vc_col-sm-12\"><div class=\"vc_column-inner\"><div class=\"wpb_wrapper\"><div class=\"vc_row wpb_row vc_inner vc_row-fluid\"><div class=\"wpb_column vc_column_container vc_col-sm-12 vc_col-lg-9 vc_col-md-12\"><div class=\"vc_column-inner\"><div class=\"wpb_wrapper\"><div class=\"feature-box-wrapper feature-box-style-1 shortcode-rand-16 induzy-inline-css feature-list-1\" data-css=\"&quot;.shortcode-rand-16.feature-box-wrapper { color: #000000; }.shortcode-rand-16.feature-box-wrapper {background: -moz-linear-gradient(141deg,  0%,  51%,  75%);\\r\\n\\t\\t\\t\\tbackground: -webkit-linear-gradient(141deg,  0%,  51%,  75%);\\r\\n\\t\\t\\t\\tbackground: linear-gradient(141deg,  0%,  51%,  75%);}.shortcode-rand-16 .feature-box-icon { font-size: 30px; }.shortcode-rand-16 .feature-box-icon { height: 60px; width: 60px; }.shortcode-rand-16 .feature-box-icon &gt; span { line-height: 2; }.shortcode-rand-16:hover .feature-box-icon { background: none; }&quot;\" ><div class=\"fbox-list\"><div class=\"media\"><div class=\"feature-box-icon mr-3 text-center rounded-circle none\"><span class=\"\"><\/span><\/div><!-- .feature-box-icon --><div class=\"media-body\"><div class=\"feature-box-title\"><h4 class=\"section-title\">Finnur \u00fe\u00fa ekki \u00fea\u00f0 sem \u00fe\u00fa ert a\u00f0 leita a\u00f0?<\/h4><\/div><!-- .feature-box-title --><div class=\"feature-box-content\">Haf\u00f0u samband vi\u00f0 okkur og vi\u00f0 hj\u00e1lpum \u00fe\u00e9r a\u00f0 finna \u00fea\u00f0 \u00fat!<\/div><!-- .feature-box-content --><\/div><\/div><\/div><\/div><!-- .feature-box-wrapper --><\/div><\/div><\/div><div class=\"wpb_column vc_column_container vc_col-sm-12 vc_col-lg-3 vc_col-md-12\"><div class=\"vc_column-inner vc_custom_1691588352947\"><div class=\"wpb_wrapper\"><div class=\"vc_btn3-container  additional-btn vc_btn3-right vc_custom_1719171031114 vc_do_btn\" ><a style=\"background-color:#06295e; color:#ffffff;\" class=\"vc_general vc_btn3 vc_btn3-size-md vc_btn3-shape-rounded vc_btn3-style-custom\" href=\"https:\/\/www.filtnor.com\/is\/hafdu-samband-vid-okkur\/\" title=\"Haf\u00f0u samband vi\u00f0 okkur\">SENDA FYRIRSPURN \u00bb<\/a><\/div><\/div><\/div><\/div><\/div><\/div><\/div><\/div><\/div><div class=\"vc_row-full-width vc_clearfix\"><\/div>\n<\/div>","protected":false},"excerpt":{"rendered":"S\u00edupl\u00f6tur fyrir s\u00edupressurS\u00edupl\u00f6tur eru hjarta hverrar s\u00edupressu \u2013 \u00e1stand \u00feeirra hefur bein \u00e1hrif \u00e1 skilvirkni, g\u00e6\u00f0i og l\u00edft\u00edma s\u00edunarferlisins. Hj\u00e1 Filtnor bj\u00f3\u00f0um vi\u00f0 upp \u00e1 h\u00e1g\u00e6\u00f0a s\u00edupl\u00f6tur sem tryggja \u00e1rei\u00f0anlega notkun, h\u00e1marks rekstrart\u00edma og bestu m\u00f6gulegu s\u00edunarni\u00f0urst\u00f6\u00f0ur.SENDA FYRIRSPURN \u00bb Af hverju \u00e6tti a\u00f0 skipta um slitnar e\u00f0a skemmdar pl\u00f6turS\u00edupl\u00f6tur","protected":false},"author":1,"featured_media":0,"parent":5505,"menu_order":0,"comment_status":"closed","ping_status":"closed","template":"","meta":{"om_disable_all_campaigns":false,"footnotes":""},"class_list":["post-6244","page","type-page","status-publish","hentry"],"yoast_head":"<!-- This site is optimized with the Yoast SEO Premium plugin v26.1 (Yoast SEO v27.4) - https:\/\/yoast.com\/product\/yoast-seo-premium-wordpress\/ -->\n<title>Filter Press Filter Plates - Filtnor<\/title>\n<meta name=\"description\" content=\"Filtnor supplies high-quality filter plates for filter presses \u2013 long lifetime, lower cloth wear, and optimized filtration performance.\" \/>\n<meta name=\"robots\" content=\"index, follow, max-snippet:-1, max-image-preview:large, max-video-preview:-1\" \/>\n<link rel=\"canonical\" href=\"https:\/\/www.filtnor.com\/is\/vorur\/siun\/afvotnunarkerfi\/pressusiur\/siupressur\/siupressa-varahlutir\/siupressa-siuplatur\/\" \/>\n<meta property=\"og:locale\" content=\"is_IS\" \/>\n<meta property=\"og:type\" content=\"article\" \/>\n<meta property=\"og:title\" content=\"Filter Press Filter Plates\" \/>\n<meta property=\"og:description\" content=\"Filtnor supplies high-quality filter plates for filter presses \u2013 long lifetime, lower cloth wear, and optimized filtration performance.\" \/>\n<meta property=\"og:url\" content=\"https:\/\/www.filtnor.com\/is\/vorur\/siun\/afvotnunarkerfi\/pressusiur\/siupressur\/siupressa-varahlutir\/siupressa-siuplatur\/\" \/>\n<meta property=\"og:site_name\" content=\"Filtnor\" \/>\n<meta property=\"article:modified_time\" content=\"2025-08-24T17:45:43+00:00\" \/>\n<meta name=\"twitter:card\" content=\"summary_large_image\" \/>\n<meta name=\"twitter:label1\" content=\"Est. reading time\" \/>\n\t<meta name=\"twitter:data1\" content=\"3 minutes\" \/>\n<script type=\"application\/ld+json\" class=\"yoast-schema-graph\">{\"@context\":\"https:\\\/\\\/schema.org\",\"@graph\":[{\"@type\":\"WebPage\",\"@id\":\"https:\\\/\\\/www.filtnor.com\\\/products\\\/filtration\\\/dewatering-systems\\\/pressure-filters\\\/filter-presses\\\/filter-press-spare-parts\\\/filter-press-filter-plates\\\/\",\"url\":\"https:\\\/\\\/www.filtnor.com\\\/products\\\/filtration\\\/dewatering-systems\\\/pressure-filters\\\/filter-presses\\\/filter-press-spare-parts\\\/filter-press-filter-plates\\\/\",\"name\":\"Filter Press Filter Plates - Filtnor\",\"isPartOf\":{\"@id\":\"https:\\\/\\\/www.filtnor.com\\\/#website\"},\"datePublished\":\"2025-08-23T15:29:29+00:00\",\"dateModified\":\"2025-08-24T17:45:43+00:00\",\"description\":\"Filtnor supplies high-quality filter plates for filter presses \u2013 long lifetime, lower cloth wear, and optimized filtration performance.\",\"breadcrumb\":{\"@id\":\"https:\\\/\\\/www.filtnor.com\\\/products\\\/filtration\\\/dewatering-systems\\\/pressure-filters\\\/filter-presses\\\/filter-press-spare-parts\\\/filter-press-filter-plates\\\/#breadcrumb\"},\"inLanguage\":\"is\",\"potentialAction\":[{\"@type\":\"ReadAction\",\"target\":[\"https:\\\/\\\/www.filtnor.com\\\/products\\\/filtration\\\/dewatering-systems\\\/pressure-filters\\\/filter-presses\\\/filter-press-spare-parts\\\/filter-press-filter-plates\\\/\"]}]},{\"@type\":\"BreadcrumbList\",\"@id\":\"https:\\\/\\\/www.filtnor.com\\\/products\\\/filtration\\\/dewatering-systems\\\/pressure-filters\\\/filter-presses\\\/filter-press-spare-parts\\\/filter-press-filter-plates\\\/#breadcrumb\",\"itemListElement\":[{\"@type\":\"ListItem\",\"position\":1,\"name\":\"Home\",\"item\":\"https:\\\/\\\/www.filtnor.com\\\/\"},{\"@type\":\"ListItem\",\"position\":2,\"name\":\"Product groups from Filtnor\",\"item\":\"https:\\\/\\\/www.filtnor.com\\\/products\\\/\"},{\"@type\":\"ListItem\",\"position\":3,\"name\":\"Filtration\",\"item\":\"https:\\\/\\\/www.filtnor.com\\\/products\\\/filtration\\\/\"},{\"@type\":\"ListItem\",\"position\":4,\"name\":\"Dewatering Systems\",\"item\":\"https:\\\/\\\/www.filtnor.com\\\/products\\\/filtration\\\/dewatering-systems\\\/\"},{\"@type\":\"ListItem\",\"position\":5,\"name\":\"Pressure filters\",\"item\":\"https:\\\/\\\/www.filtnor.com\\\/products\\\/filtration\\\/dewatering-systems\\\/pressure-filters\\\/\"},{\"@type\":\"ListItem\",\"position\":6,\"name\":\"Filter presses\",\"item\":\"https:\\\/\\\/www.filtnor.com\\\/products\\\/filtration\\\/dewatering-systems\\\/pressure-filters\\\/filter-presses\\\/\"},{\"@type\":\"ListItem\",\"position\":7,\"name\":\"Filter Press Spare Parts\",\"item\":\"https:\\\/\\\/www.filtnor.com\\\/products\\\/filtration\\\/dewatering-systems\\\/pressure-filters\\\/filter-presses\\\/filter-press-spare-parts\\\/\"},{\"@type\":\"ListItem\",\"position\":8,\"name\":\"Filter Press Filter Plates\"}]},{\"@type\":\"WebSite\",\"@id\":\"https:\\\/\\\/www.filtnor.com\\\/#website\",\"url\":\"https:\\\/\\\/www.filtnor.com\\\/\",\"name\":\"Filtnor\",\"description\":\"Filtration you can trust. Performance that lasts.\",\"potentialAction\":[{\"@type\":\"SearchAction\",\"target\":{\"@type\":\"EntryPoint\",\"urlTemplate\":\"https:\\\/\\\/www.filtnor.com\\\/?s={search_term_string}\"},\"query-input\":{\"@type\":\"PropertyValueSpecification\",\"valueRequired\":true,\"valueName\":\"search_term_string\"}}],\"inLanguage\":\"is\"}]}<\/script>\n<!-- \/ Yoast SEO Premium plugin. -->","yoast_head_json":{"title":"S\u00edupressa s\u00edupl\u00f6tur - Filtnor","description":"Filtnor b\u00fd\u00f0ur upp \u00e1 h\u00e1g\u00e6\u00f0a s\u00edupl\u00f6tur fyrir s\u00edupressur \u2013 langur endingart\u00edmi, minni slit \u00e1 d\u00fak og h\u00e1marks s\u00edunar\u00e1rangur.","robots":{"index":"index","follow":"follow","max-snippet":"max-snippet:-1","max-image-preview":"max-image-preview:large","max-video-preview":"max-video-preview:-1"},"canonical":"https:\/\/www.filtnor.com\/is\/vorur\/siun\/afvotnunarkerfi\/pressusiur\/siupressur\/siupressa-varahlutir\/siupressa-siuplatur\/","og_locale":"is_IS","og_type":"article","og_title":"Filter Press Filter Plates","og_description":"Filtnor supplies high-quality filter plates for filter presses \u2013 long lifetime, lower cloth wear, and optimized filtration performance.","og_url":"https:\/\/www.filtnor.com\/is\/vorur\/siun\/afvotnunarkerfi\/pressusiur\/siupressur\/siupressa-varahlutir\/siupressa-siuplatur\/","og_site_name":"Filtnor","article_modified_time":"2025-08-24T17:45:43+00:00","twitter_card":"summary_large_image","twitter_misc":{"Est. reading time":"3 minutes"},"schema":{"@context":"https:\/\/schema.org","@graph":[{"@type":"WebPage","@id":"https:\/\/www.filtnor.com\/products\/filtration\/dewatering-systems\/pressure-filters\/filter-presses\/filter-press-spare-parts\/filter-press-filter-plates\/","url":"https:\/\/www.filtnor.com\/products\/filtration\/dewatering-systems\/pressure-filters\/filter-presses\/filter-press-spare-parts\/filter-press-filter-plates\/","name":"S\u00edupressa s\u00edupl\u00f6tur - Filtnor","isPartOf":{"@id":"https:\/\/www.filtnor.com\/#website"},"datePublished":"2025-08-23T15:29:29+00:00","dateModified":"2025-08-24T17:45:43+00:00","description":"Filtnor b\u00fd\u00f0ur upp \u00e1 h\u00e1g\u00e6\u00f0a s\u00edupl\u00f6tur fyrir s\u00edupressur \u2013 langur endingart\u00edmi, minni slit \u00e1 d\u00fak og h\u00e1marks s\u00edunar\u00e1rangur.","breadcrumb":{"@id":"https:\/\/www.filtnor.com\/products\/filtration\/dewatering-systems\/pressure-filters\/filter-presses\/filter-press-spare-parts\/filter-press-filter-plates\/#breadcrumb"},"inLanguage":"is","potentialAction":[{"@type":"ReadAction","target":["https:\/\/www.filtnor.com\/products\/filtration\/dewatering-systems\/pressure-filters\/filter-presses\/filter-press-spare-parts\/filter-press-filter-plates\/"]}]},{"@type":"BreadcrumbList","@id":"https:\/\/www.filtnor.com\/products\/filtration\/dewatering-systems\/pressure-filters\/filter-presses\/filter-press-spare-parts\/filter-press-filter-plates\/#breadcrumb","itemListElement":[{"@type":"ListItem","position":1,"name":"Home","item":"https:\/\/www.filtnor.com\/"},{"@type":"ListItem","position":2,"name":"Product groups from Filtnor","item":"https:\/\/www.filtnor.com\/products\/"},{"@type":"ListItem","position":3,"name":"Filtration","item":"https:\/\/www.filtnor.com\/products\/filtration\/"},{"@type":"ListItem","position":4,"name":"Dewatering Systems","item":"https:\/\/www.filtnor.com\/products\/filtration\/dewatering-systems\/"},{"@type":"ListItem","position":5,"name":"Pressure filters","item":"https:\/\/www.filtnor.com\/products\/filtration\/dewatering-systems\/pressure-filters\/"},{"@type":"ListItem","position":6,"name":"Filter presses","item":"https:\/\/www.filtnor.com\/products\/filtration\/dewatering-systems\/pressure-filters\/filter-presses\/"},{"@type":"ListItem","position":7,"name":"Filter Press Spare Parts","item":"https:\/\/www.filtnor.com\/products\/filtration\/dewatering-systems\/pressure-filters\/filter-presses\/filter-press-spare-parts\/"},{"@type":"ListItem","position":8,"name":"Filter Press Filter Plates"}]},{"@type":"WebSite","@id":"https:\/\/www.filtnor.com\/#website","url":"https:\/\/www.filtnor.com\/","name":"Filtnor","description":"S\u00edun sem \u00fe\u00fa getur treyst. Afk\u00f6st sem endast.","potentialAction":[{"@type":"SearchAction","target":{"@type":"EntryPoint","urlTemplate":"https:\/\/www.filtnor.com\/?s={search_term_string}"},"query-input":{"@type":"PropertyValueSpecification","valueRequired":true,"valueName":"search_term_string"}}],"inLanguage":"is"}]}},"_links":{"self":[{"href":"https:\/\/www.filtnor.com\/is\/wp-json\/wp\/v2\/pages\/6244","targetHints":{"allow":["GET"]}}],"collection":[{"href":"https:\/\/www.filtnor.com\/is\/wp-json\/wp\/v2\/pages"}],"about":[{"href":"https:\/\/www.filtnor.com\/is\/wp-json\/wp\/v2\/types\/page"}],"author":[{"embeddable":true,"href":"https:\/\/www.filtnor.com\/is\/wp-json\/wp\/v2\/users\/1"}],"replies":[{"embeddable":true,"href":"https:\/\/www.filtnor.com\/is\/wp-json\/wp\/v2\/comments?post=6244"}],"version-history":[{"count":16,"href":"https:\/\/www.filtnor.com\/is\/wp-json\/wp\/v2\/pages\/6244\/revisions"}],"predecessor-version":[{"id":6281,"href":"https:\/\/www.filtnor.com\/is\/wp-json\/wp\/v2\/pages\/6244\/revisions\/6281"}],"up":[{"embeddable":true,"href":"https:\/\/www.filtnor.com\/is\/wp-json\/wp\/v2\/pages\/5505"}],"wp:attachment":[{"href":"https:\/\/www.filtnor.com\/is\/wp-json\/wp\/v2\/media?parent=6244"}],"curies":[{"name":"wp","href":"https:\/\/api.w.org\/{rel}","templated":true}]}}