{"id":5850,"date":"2025-03-20T14:35:51","date_gmt":"2025-03-20T13:35:51","guid":{"rendered":"https:\/\/www.filtnor.com\/?page_id=5850"},"modified":"2025-04-04T13:03:55","modified_gmt":"2025-04-04T11:03:55","slug":"efni","status":"publish","type":"page","link":"https:\/\/www.filtnor.com\/is\/vorur\/efni\/","title":{"rendered":"Efni"},"content":{"rendered":"<div class=\"wpb-content-wrapper\"><div class=\"vc_row wpb_row vc_row-fluid vc_custom_1709405342198\"><div class=\"wpb_column vc_column_container vc_col-sm-12 vc_col-lg-6 vc_col-md-6\"><div class=\"vc_column-inner\"><div class=\"wpb_wrapper\"><div class=\"section-title-wrapper shortcode-rand-2 induzy-inline-css\" data-css=\"&quot;.shortcode-rand-2 .title-separator.separator-border { background-color: ; }.shortcode-rand-2 .section-title { text-transform: none; }&quot;\"><div class=\"title-wrap\"><h2 class=\"section-title\">T\u00e6knileg plast<\/h2><span class=\"title-separator separator-border theme-color-bg\"><\/span><\/div><!-- .title-wrap --><div class=\"section-description\">Vi\u00f0 \u00fatvegum i\u00f0na\u00f0arb\u00fana\u00f0 til me\u00f0h\u00f6ndlunar \u00e1 dufti fyrir mismunandi notkun.<\/p>\n<p>Nokkur af t\u00e6knilegum plastefnum okkar:<br \/>\n\u2013 PE<br \/>\n\u2013 POM<br \/>\n\u2013 K\u00edktu<\/div><!-- .section-description --><\/div><!-- .section-title-wrapper --><div class=\"feature-box-wrapper feature-box-style-1 vc_custom_1742902191856 shortcode-rand-3 induzy-inline-css\" data-css=\"&quot;.shortcode-rand-3.feature-box-wrapper {background: -moz-linear-gradient(141deg,  0%,  51%,  75%);\\r\\n\\t\\t\\t\\tbackground: -webkit-linear-gradient(141deg,  0%,  51%,  75%);\\r\\n\\t\\t\\t\\tbackground: linear-gradient(141deg,  0%,  51%,  75%);}.shortcode-rand-3 .feature-box-icon { font-size: 24px; }.shortcode-rand-3 .feature-box-icon { height: 48px; width: 48px; }.shortcode-rand-3 .feature-box-icon &gt; span { line-height: 2; }.shortcode-rand-3:hover .feature-box-icon { background: none; }&quot;\" ><div class=\"feature-box-btn\"><a class=\"btn default\" href=\"https:\/\/www.filtnor.com\/is\/vorur\/efni\/taeknileg-plast\/\" title=\"FARA \u00cd T\u00c6KNIPLAST \u00bb\">FARA \u00cd T\u00c6KNIPLAST \u00bb<\/a><\/div><!-- .feature-box-btn --><\/div><!-- .feature-box-wrapper --><\/div><\/div><\/div><div class=\"wpb_column vc_column_container vc_col-sm-12 vc_col-lg-6 vc_col-md-6\"><div class=\"vc_column-inner\"><div class=\"wpb_wrapper\">\n\t<div  class=\"wpb_single_image wpb_content_element vc_align_left wpb_content_element\">\n\t\t\n\t\t<figure class=\"wpb_wrapper vc_figure\">\n\t\t\t<div class=\"vc_single_image-wrapper   vc_box_border_grey\"><img loading=\"lazy\" decoding=\"async\" width=\"768\" height=\"456\" src=\"https:\/\/www.filtnor.com\/wp-content\/uploads\/2025\/04\/products_materials_technical-plastics_002-768x456.png\" class=\"vc_single_image-img attachment-medium\" alt=\"T\u00e6knileg plast og verkfr\u00e6\u00f0iplast.\" title=\"v\u00f6rur_efni_t\u00e6knileg-plast_002\" srcset=\"https:\/\/www.filtnor.com\/wp-content\/uploads\/2025\/04\/products_materials_technical-plastics_002-768x456.png 768w, https:\/\/www.filtnor.com\/wp-content\/uploads\/2025\/04\/products_materials_technical-plastics_002-440x260.png 440w, https:\/\/www.filtnor.com\/wp-content\/uploads\/2025\/04\/products_materials_technical-plastics_002-390x231.png 390w, https:\/\/www.filtnor.com\/wp-content\/uploads\/2025\/04\/products_materials_technical-plastics_002-220x130.png 220w\" sizes=\"auto, (max-width: 768px) 100vw, 768px\" \/><\/div>\n\t\t<\/figure>\n\t<\/div>\n<\/div><\/div><\/div><\/div><div class=\"vc_row wpb_row vc_row-fluid vc_custom_1709405274198\"><div class=\"wpb_column vc_column_container vc_col-sm-12\"><div class=\"vc_column-inner\"><div class=\"wpb_wrapper\"><div class=\"vc_separator wpb_content_element vc_separator_align_center vc_sep_width_100 vc_sep_dashed vc_sep_pos_align_center vc_separator_no_text wpb_content_element  wpb_content_element\" ><span class=\"vc_sep_holder vc_sep_holder_l\"><span class=\"vc_sep_line\"><\/span><\/span><span class=\"vc_sep_holder vc_sep_holder_r\"><span class=\"vc_sep_line\"><\/span><\/span>\n<\/div><\/div><\/div><\/div><\/div><div class=\"vc_row wpb_row vc_row-fluid vc_custom_1709405200673\"><div class=\"wpb_column vc_column_container vc_col-sm-12 vc_col-lg-6 vc_col-md-6\"><div class=\"vc_column-inner\"><div class=\"wpb_wrapper\"><div class=\"section-title-wrapper shortcode-rand-6 induzy-inline-css\" data-css=\"&quot;.shortcode-rand-6 .title-separator.separator-border { background-color: ; }.shortcode-rand-6 .section-title { text-transform: none; }&quot;\"><div class=\"title-wrap\"><h2 class=\"section-title\">Sellul\u00f3sa\u00fer\u00e6\u00f0ir<\/h2><span class=\"title-separator separator-border theme-color-bg\"><\/span><\/div><!-- .title-wrap --><div class=\"section-description\">H\u00e1g\u00e6\u00f0a sellul\u00f3sa\u00fer\u00e6\u00f0ir til notkunar sem s\u00edunarhj\u00e1lp, i\u00f0na\u00f0arferla e\u00f0a til framlei\u00f0slu matv\u00e6la og drykkjarvara.<\/div><!-- .section-description --><\/div><!-- .section-title-wrapper --><div class=\"feature-box-wrapper feature-box-style-1 vc_custom_1742923209154 shortcode-rand-7 induzy-inline-css\" data-css=\"&quot;.shortcode-rand-7.feature-box-wrapper {background: -moz-linear-gradient(141deg,  0%,  51%,  75%);\\r\\n\\t\\t\\t\\tbackground: -webkit-linear-gradient(141deg,  0%,  51%,  75%);\\r\\n\\t\\t\\t\\tbackground: linear-gradient(141deg,  0%,  51%,  75%);}.shortcode-rand-7 .feature-box-icon { font-size: 24px; }.shortcode-rand-7 .feature-box-icon { height: 48px; width: 48px; }.shortcode-rand-7 .feature-box-icon &gt; span { line-height: 2; }.shortcode-rand-7:hover .feature-box-icon { background: none; }&quot;\" ><div class=\"feature-box-btn\"><a class=\"btn default\" href=\"https:\/\/www.filtnor.com\/is\/vorur\/efni\/sellulosathraedir\/\" title=\"FARA \u00c1 SELLUL\u00d3SATREFJAR \u00bb\">FARA \u00c1 SELLUL\u00d3SATREFJAR \u00bb<\/a><\/div><!-- .feature-box-btn --><\/div><!-- .feature-box-wrapper --><\/div><\/div><\/div><div class=\"wpb_column vc_column_container vc_col-sm-12 vc_col-lg-6 vc_col-md-6\"><div class=\"vc_column-inner\"><div class=\"wpb_wrapper\">\n\t<div  class=\"wpb_single_image wpb_content_element vc_align_left wpb_content_element\">\n\t\t\n\t\t<figure class=\"wpb_wrapper vc_figure\">\n\t\t\t<div class=\"vc_single_image-wrapper   vc_box_border_grey\"><img loading=\"lazy\" decoding=\"async\" width=\"1024\" height=\"576\" src=\"https:\/\/www.filtnor.com\/wp-content\/uploads\/2025\/03\/products_materials_cellulose-fibers_001.webp\" class=\"vc_single_image-img attachment-full\" alt=\"H\u00e1g\u00e6\u00f0a sellul\u00f3sa\u00fer\u00e1\u00f0ur\" title=\"products_materials_cellulose-trefjar_001\" srcset=\"https:\/\/www.filtnor.com\/wp-content\/uploads\/2025\/03\/products_materials_cellulose-fibers_001.webp 1024w, https:\/\/www.filtnor.com\/wp-content\/uploads\/2025\/03\/products_materials_cellulose-fibers_001-768x432.webp 768w, https:\/\/www.filtnor.com\/wp-content\/uploads\/2025\/03\/products_materials_cellulose-fibers_001-18x10.webp 18w, https:\/\/www.filtnor.com\/wp-content\/uploads\/2025\/03\/products_materials_cellulose-fibers_001-600x338.webp 600w\" sizes=\"auto, (max-width: 1024px) 100vw, 1024px\" \/><\/div>\n\t\t<\/figure>\n\t<\/div>\n<\/div><\/div><\/div><\/div><div class=\"vc_row wpb_row vc_row-fluid vc_custom_1709405285494\"><div class=\"wpb_column vc_column_container vc_col-sm-12\"><div class=\"vc_column-inner\"><div class=\"wpb_wrapper\"><div class=\"vc_separator wpb_content_element vc_separator_align_center vc_sep_width_100 vc_sep_dashed vc_sep_pos_align_center vc_separator_no_text wpb_content_element  wpb_content_element\" ><span class=\"vc_sep_holder vc_sep_holder_l\"><span class=\"vc_sep_line\"><\/span><\/span><span class=\"vc_sep_holder vc_sep_holder_r\"><span class=\"vc_sep_line\"><\/span><\/span>\n<\/div><\/div><\/div><\/div><\/div><div class=\"vc_row wpb_row vc_row-fluid vc_custom_1728930162349\"><div class=\"wpb_column vc_column_container vc_col-sm-12 vc_col-lg-6 vc_col-md-6\"><div class=\"vc_column-inner\"><div class=\"wpb_wrapper\"><div class=\"section-title-wrapper shortcode-rand-10 induzy-inline-css\" data-css=\"&quot;.shortcode-rand-10 .title-separator.separator-border { background-color: ; }.shortcode-rand-10 .section-title { text-transform: none; }&quot;\"><div class=\"title-wrap\"><h2 class=\"section-title\">Bakel\u00edt<\/h2><span class=\"title-separator separator-border theme-color-bg\"><\/span><\/div><!-- .title-wrap --><div class=\"section-description\">Bakel\u00edt sem pl\u00f6tur, stengur, r\u00f6r og v\u00e9lr\u00e6nir hlutar. Vi\u00f0 bj\u00f3\u00f0um upp \u00e1 h\u00e1g\u00e6\u00f0a bakel\u00edt \u00far vefna\u00f0i og papp\u00edr.<\/div><!-- .section-description --><\/div><!-- .section-title-wrapper --><div class=\"feature-box-wrapper feature-box-style-1 vc_custom_1742902279041 shortcode-rand-11 induzy-inline-css\" data-css=\"&quot;.shortcode-rand-11.feature-box-wrapper {background: -moz-linear-gradient(141deg,  0%,  51%,  75%);\\r\\n\\t\\t\\t\\tbackground: -webkit-linear-gradient(141deg,  0%,  51%,  75%);\\r\\n\\t\\t\\t\\tbackground: linear-gradient(141deg,  0%,  51%,  75%);}.shortcode-rand-11 .feature-box-icon { font-size: 24px; }.shortcode-rand-11 .feature-box-icon { height: 48px; width: 48px; }.shortcode-rand-11 .feature-box-icon &gt; span { line-height: 2; }.shortcode-rand-11:hover .feature-box-icon { background: none; }&quot;\" ><div class=\"feature-box-btn\"><a class=\"btn default\" href=\"https:\/\/www.filtnor.com\/is\/vorur\/efni\/bakelit\/\" title=\"FARA \u00cd BAKELITE \u00bb\">FARA \u00cd BAKELITE \u00bb<\/a><\/div><!-- .feature-box-btn --><\/div><!-- .feature-box-wrapper --><\/div><\/div><\/div><div class=\"wpb_column vc_column_container vc_col-sm-12 vc_col-lg-6 vc_col-md-6\"><div class=\"vc_column-inner\"><div class=\"wpb_wrapper\">\n\t<div  class=\"wpb_single_image wpb_content_element vc_align_left wpb_content_element\">\n\t\t\n\t\t<figure class=\"wpb_wrapper vc_figure\">\n\t\t\t<div class=\"vc_single_image-wrapper   vc_box_border_grey\"><img loading=\"lazy\" decoding=\"async\" width=\"768\" height=\"456\" src=\"https:\/\/www.filtnor.com\/wp-content\/uploads\/2025\/04\/products_materials_bakelite_002-768x456.png\" class=\"vc_single_image-img attachment-medium\" alt=\"Bakel\u00edt \u00far striga \u00far vefna\u00f0i og bakel\u00edt \u00far papp\u00edr\" title=\"products_materials_bakelite_002\" srcset=\"https:\/\/www.filtnor.com\/wp-content\/uploads\/2025\/04\/products_materials_bakelite_002-768x456.png 768w, https:\/\/www.filtnor.com\/wp-content\/uploads\/2025\/04\/products_materials_bakelite_002-440x260.png 440w, https:\/\/www.filtnor.com\/wp-content\/uploads\/2025\/04\/products_materials_bakelite_002-390x231.png 390w, https:\/\/www.filtnor.com\/wp-content\/uploads\/2025\/04\/products_materials_bakelite_002-220x130.png 220w\" sizes=\"auto, (max-width: 768px) 100vw, 768px\" \/><\/div>\n\t\t<\/figure>\n\t<\/div>\n<\/div><\/div><\/div><\/div><div data-vc-full-width=\"true\" data-vc-full-width-init=\"false\" class=\"vc_row wpb_row vc_row-fluid additional-call-to-action vc_custom_1691588100630 vc_row-has-fill\"><div class=\"wpb_column vc_column_container vc_col-sm-12\"><div class=\"vc_column-inner\"><div class=\"wpb_wrapper\"><div class=\"vc_row wpb_row vc_inner vc_row-fluid\"><div class=\"wpb_column vc_column_container vc_col-sm-12 vc_col-lg-9 vc_col-md-12\"><div class=\"vc_column-inner\"><div class=\"wpb_wrapper\"><div class=\"feature-box-wrapper feature-box-style-1 shortcode-rand-13 induzy-inline-css feature-list-1\" data-css=\"&quot;.shortcode-rand-13.feature-box-wrapper { color: #000000; }.shortcode-rand-13.feature-box-wrapper {background: -moz-linear-gradient(141deg,  0%,  51%,  75%);\\r\\n\\t\\t\\t\\tbackground: -webkit-linear-gradient(141deg,  0%,  51%,  75%);\\r\\n\\t\\t\\t\\tbackground: linear-gradient(141deg,  0%,  51%,  75%);}.shortcode-rand-13 .feature-box-icon { font-size: 30px; }.shortcode-rand-13 .feature-box-icon { height: 60px; width: 60px; }.shortcode-rand-13 .feature-box-icon &gt; span { line-height: 2; }.shortcode-rand-13:hover .feature-box-icon { background: none; }&quot;\" ><div class=\"fbox-list\"><div class=\"media\"><div class=\"feature-box-icon mr-3 text-center rounded-circle none\"><span class=\"\"><\/span><\/div><!-- .feature-box-icon --><div class=\"media-body\"><div class=\"feature-box-title\"><h4 class=\"section-title\">Finnur \u00fe\u00fa ekki \u00fea\u00f0 sem \u00fe\u00fa ert a\u00f0 leita a\u00f0?<\/h4><\/div><!-- .feature-box-title --><div class=\"feature-box-content\">Haf\u00f0u samband vi\u00f0 okkur og vi\u00f0 hj\u00e1lpum \u00fe\u00e9r a\u00f0 finna \u00fea\u00f0 \u00fat!<\/div><!-- .feature-box-content --><\/div><\/div><\/div><\/div><!-- .feature-box-wrapper --><\/div><\/div><\/div><div class=\"wpb_column vc_column_container vc_col-sm-12 vc_col-lg-3 vc_col-md-12\"><div class=\"vc_column-inner vc_custom_1691588352947\"><div class=\"wpb_wrapper\"><div class=\"vc_btn3-container  additional-btn vc_btn3-right vc_custom_1719229240950 vc_do_btn\" ><a style=\"background-color:#06295e; color:#ffffff;\" class=\"vc_general vc_btn3 vc_btn3-size-md vc_btn3-shape-rounded vc_btn3-style-custom\" href=\"https:\/\/www.filtnor.com\/is\/hafdu-samband-vid-okkur\/\" title=\"Haf\u00f0u samband vi\u00f0 okkur\">SENDA FYRIRSPURN \u00bb<\/a><\/div><\/div><\/div><\/div><\/div><\/div><\/div><\/div><\/div><div class=\"vc_row-full-width vc_clearfix\"><\/div>\n<\/div>","protected":false},"excerpt":{"rendered":"T\u00e6knileg plast Vi\u00f0 \u00fatvegum i\u00f0na\u00f0arb\u00fana\u00f0 til me\u00f0h\u00f6ndlunar \u00e1 dufti fyrir mismunandi notkun. Sum af t\u00e6knilegum plastefnum okkar: - PE - POM - Peek FARA \u00cd T\u00c6KNILEGT PLAST \u00bb Sellul\u00f3satrefjar H\u00e1g\u00e6\u00f0a sellul\u00f3satrefjar til notkunar sem s\u00eduefni, i\u00f0na\u00f0arferla e\u00f0a til framlei\u00f0slu \u00e1 matv\u00e6lum og drykkjum. FARA \u00cd SELLUL\u00d3SATREFJAR \u00bb Bakel\u00edt Bakel\u00edt sem pl\u00f6tur, stengur, r\u00f6r og v\u00e9lr\u00e6nt unnin","protected":false},"author":1,"featured_media":0,"parent":3954,"menu_order":0,"comment_status":"closed","ping_status":"closed","template":"","meta":{"om_disable_all_campaigns":false,"footnotes":""},"class_list":["post-5850","page","type-page","status-publish","hentry"],"yoast_head":"<!-- This site is optimized with the Yoast SEO Premium plugin v26.1 (Yoast SEO v27.4) - https:\/\/yoast.com\/product\/yoast-seo-premium-wordpress\/ -->\n<title>Materials - Filtnor<\/title>\n<meta name=\"description\" content=\"Mills and crushers for industrial grinding applications. Complete grinding services for your mill and crusher installations.\" \/>\n<meta name=\"robots\" content=\"index, follow, max-snippet:-1, max-image-preview:large, max-video-preview:-1\" \/>\n<link rel=\"canonical\" href=\"https:\/\/www.filtnor.com\/is\/vorur\/efni\/\" \/>\n<meta property=\"og:locale\" content=\"is_IS\" \/>\n<meta property=\"og:type\" content=\"article\" \/>\n<meta property=\"og:title\" content=\"Materials\" \/>\n<meta property=\"og:description\" content=\"Mills and crushers for industrial grinding applications. Complete grinding services for your mill and crusher installations.\" \/>\n<meta property=\"og:url\" content=\"https:\/\/www.filtnor.com\/is\/vorur\/efni\/\" \/>\n<meta property=\"og:site_name\" content=\"Filtnor\" \/>\n<meta property=\"article:modified_time\" content=\"2025-04-04T11:03:55+00:00\" \/>\n<meta name=\"twitter:card\" content=\"summary_large_image\" \/>\n<meta name=\"twitter:label1\" content=\"Est. reading time\" \/>\n\t<meta name=\"twitter:data1\" content=\"1 minute\" \/>\n<script type=\"application\/ld+json\" class=\"yoast-schema-graph\">{\"@context\":\"https:\\\/\\\/schema.org\",\"@graph\":[{\"@type\":\"WebPage\",\"@id\":\"https:\\\/\\\/www.filtnor.com\\\/products\\\/materials\\\/\",\"url\":\"https:\\\/\\\/www.filtnor.com\\\/products\\\/materials\\\/\",\"name\":\"Materials - Filtnor\",\"isPartOf\":{\"@id\":\"https:\\\/\\\/www.filtnor.com\\\/#website\"},\"datePublished\":\"2025-03-20T13:35:51+00:00\",\"dateModified\":\"2025-04-04T11:03:55+00:00\",\"description\":\"Mills and crushers for industrial grinding applications. Complete grinding services for your mill and crusher installations.\",\"breadcrumb\":{\"@id\":\"https:\\\/\\\/www.filtnor.com\\\/products\\\/materials\\\/#breadcrumb\"},\"inLanguage\":\"is\",\"potentialAction\":[{\"@type\":\"ReadAction\",\"target\":[\"https:\\\/\\\/www.filtnor.com\\\/products\\\/materials\\\/\"]}]},{\"@type\":\"BreadcrumbList\",\"@id\":\"https:\\\/\\\/www.filtnor.com\\\/products\\\/materials\\\/#breadcrumb\",\"itemListElement\":[{\"@type\":\"ListItem\",\"position\":1,\"name\":\"Home\",\"item\":\"https:\\\/\\\/www.filtnor.com\\\/\"},{\"@type\":\"ListItem\",\"position\":2,\"name\":\"Product groups from Filtnor\",\"item\":\"https:\\\/\\\/www.filtnor.com\\\/products\\\/\"},{\"@type\":\"ListItem\",\"position\":3,\"name\":\"Materials\"}]},{\"@type\":\"WebSite\",\"@id\":\"https:\\\/\\\/www.filtnor.com\\\/#website\",\"url\":\"https:\\\/\\\/www.filtnor.com\\\/\",\"name\":\"Filtnor\",\"description\":\"Filtration you can trust. Performance that lasts.\",\"potentialAction\":[{\"@type\":\"SearchAction\",\"target\":{\"@type\":\"EntryPoint\",\"urlTemplate\":\"https:\\\/\\\/www.filtnor.com\\\/?s={search_term_string}\"},\"query-input\":{\"@type\":\"PropertyValueSpecification\",\"valueRequired\":true,\"valueName\":\"search_term_string\"}}],\"inLanguage\":\"is\"}]}<\/script>\n<!-- \/ Yoast SEO Premium plugin. -->","yoast_head_json":{"title":"Efni - Filtnor","description":"Kv\u00f6rnur og mulningsv\u00e9lar fyrir i\u00f0na\u00f0armalun. Heildar kv\u00f6rnunar\u00fej\u00f3nusta fyrir kv\u00f6rnur og mulningsv\u00e9lar.","robots":{"index":"index","follow":"follow","max-snippet":"max-snippet:-1","max-image-preview":"max-image-preview:large","max-video-preview":"max-video-preview:-1"},"canonical":"https:\/\/www.filtnor.com\/is\/vorur\/efni\/","og_locale":"is_IS","og_type":"article","og_title":"Materials","og_description":"Mills and crushers for industrial grinding applications. Complete grinding services for your mill and crusher installations.","og_url":"https:\/\/www.filtnor.com\/is\/vorur\/efni\/","og_site_name":"Filtnor","article_modified_time":"2025-04-04T11:03:55+00:00","twitter_card":"summary_large_image","twitter_misc":{"Est. reading time":"1 minute"},"schema":{"@context":"https:\/\/schema.org","@graph":[{"@type":"WebPage","@id":"https:\/\/www.filtnor.com\/products\/materials\/","url":"https:\/\/www.filtnor.com\/products\/materials\/","name":"Efni - Filtnor","isPartOf":{"@id":"https:\/\/www.filtnor.com\/#website"},"datePublished":"2025-03-20T13:35:51+00:00","dateModified":"2025-04-04T11:03:55+00:00","description":"Kv\u00f6rnur og mulningsv\u00e9lar fyrir i\u00f0na\u00f0armalun. Heildar kv\u00f6rnunar\u00fej\u00f3nusta fyrir kv\u00f6rnur og mulningsv\u00e9lar.","breadcrumb":{"@id":"https:\/\/www.filtnor.com\/products\/materials\/#breadcrumb"},"inLanguage":"is","potentialAction":[{"@type":"ReadAction","target":["https:\/\/www.filtnor.com\/products\/materials\/"]}]},{"@type":"BreadcrumbList","@id":"https:\/\/www.filtnor.com\/products\/materials\/#breadcrumb","itemListElement":[{"@type":"ListItem","position":1,"name":"Home","item":"https:\/\/www.filtnor.com\/"},{"@type":"ListItem","position":2,"name":"Product groups from Filtnor","item":"https:\/\/www.filtnor.com\/products\/"},{"@type":"ListItem","position":3,"name":"Materials"}]},{"@type":"WebSite","@id":"https:\/\/www.filtnor.com\/#website","url":"https:\/\/www.filtnor.com\/","name":"Filtnor","description":"S\u00edun sem \u00fe\u00fa getur treyst. Afk\u00f6st sem endast.","potentialAction":[{"@type":"SearchAction","target":{"@type":"EntryPoint","urlTemplate":"https:\/\/www.filtnor.com\/?s={search_term_string}"},"query-input":{"@type":"PropertyValueSpecification","valueRequired":true,"valueName":"search_term_string"}}],"inLanguage":"is"}]}},"_links":{"self":[{"href":"https:\/\/www.filtnor.com\/is\/wp-json\/wp\/v2\/pages\/5850","targetHints":{"allow":["GET"]}}],"collection":[{"href":"https:\/\/www.filtnor.com\/is\/wp-json\/wp\/v2\/pages"}],"about":[{"href":"https:\/\/www.filtnor.com\/is\/wp-json\/wp\/v2\/types\/page"}],"author":[{"embeddable":true,"href":"https:\/\/www.filtnor.com\/is\/wp-json\/wp\/v2\/users\/1"}],"replies":[{"embeddable":true,"href":"https:\/\/www.filtnor.com\/is\/wp-json\/wp\/v2\/comments?post=5850"}],"version-history":[{"count":15,"href":"https:\/\/www.filtnor.com\/is\/wp-json\/wp\/v2\/pages\/5850\/revisions"}],"predecessor-version":[{"id":5909,"href":"https:\/\/www.filtnor.com\/is\/wp-json\/wp\/v2\/pages\/5850\/revisions\/5909"}],"up":[{"embeddable":true,"href":"https:\/\/www.filtnor.com\/is\/wp-json\/wp\/v2\/pages\/3954"}],"wp:attachment":[{"href":"https:\/\/www.filtnor.com\/is\/wp-json\/wp\/v2\/media?parent=5850"}],"curies":[{"name":"wp","href":"https:\/\/api.w.org\/{rel}","templated":true}]}}