{"id":5490,"date":"2024-10-10T10:15:52","date_gmt":"2024-10-10T08:15:52","guid":{"rendered":"https:\/\/www.filtnor.com\/?page_id=5490"},"modified":"2025-08-23T20:33:44","modified_gmt":"2025-08-23T18:33:44","slug":"turnpressur","status":"publish","type":"page","link":"https:\/\/www.filtnor.com\/is\/vorur\/siun\/afvotnunarkerfi\/pressusiur\/turnpressur\/","title":{"rendered":"Turnpressur"},"content":{"rendered":"<div class=\"wpb-content-wrapper\"><div class=\"vc_row wpb_row vc_row-fluid vc_custom_1709489854154\"><div class=\"wpb_column vc_column_container vc_col-sm-12\"><div class=\"vc_column-inner\"><div class=\"wpb_wrapper\"><div class=\"section-title-wrapper shortcode-rand-2 induzy-inline-css\" data-css=\"&quot;.shortcode-rand-2 .title-separator.separator-border { background-color: ; }.shortcode-rand-2 .section-title { text-transform: none; }&quot;\"><div class=\"title-wrap\"><h4 class=\"section-title\">Turn\u00fer\u00fdstingss\u00edur <span class=\"title-suffix theme-color\">til a\u00f0 afv\u00f6tna slurry<\/span><\/h4><span class=\"title-separator separator-border theme-color-bg\"><\/span><\/div><!-- .title-wrap --><div class=\"section-description\">\u00der\u00fdstis\u00edur eru nota\u00f0ar til a\u00f0 a\u00f0skilja f\u00f6st efni fr\u00e1 v\u00f6kva. \u00der\u00fdstis\u00edurnar eru me\u00f0 h\u00f3lf sem fangar s\u00eduk\u00f6kuna inni \u00ed h\u00f3lfinu \u00e1 me\u00f0an v\u00f6kvinn fer \u00ed gegn. Filtnor b\u00fd\u00f0ur upp \u00e1 allt fr\u00e1 litlum handvirkum s\u00edukerfum til st\u00f3rra \u00fer\u00fdstiturns\u00edna sem s\u00eda meira en 30 tonn af s\u00eduk\u00f6ku \u00ed hverjum hring.<\/p>\n<h5>Handvirkar \u00fer\u00fdstis\u00edur<\/h5>\n<p>L\u00edtil og au\u00f0veld \u00ed notkun \u00fer\u00fdstis\u00edur fyrir h\u00e1g\u00e6\u00f0a s\u00edun.<\/p>\n<h5>H\u00e1lfsj\u00e1lfvirk \u00fer\u00fdstis\u00eda<\/h5>\n<p>Hagkv\u00e6mar s\u00edupressur sem me\u00f0h\u00f6ndla st\u00e6rri afkastagetu \u00e1n \u00feess a\u00f0 \u00feurfa mikla vinnu.<\/p>\n<h5>Fullsj\u00e1lfvirkar \u00fer\u00fdstis\u00edur<\/h5>\n<p>Snjallar \u00fer\u00fdstis\u00edur sem bj\u00f3\u00f0a upp \u00e1 fullkomlega sj\u00e1lfvirka notkun \u00e1n \u00feess a\u00f0 \u00fe\u00f6rf s\u00e9 \u00e1 stj\u00f3rnanda. Fullsj\u00e1lfvirku \u00fer\u00fdstis\u00edurnar okkar nota Industrial Internet of Things (IiOT) til a\u00f0 auka skilvirkni og l\u00e6kka rekstrarkostna\u00f0.<\/div><!-- .section-description --><\/div><!-- .section-title-wrapper --><\/div><\/div><\/div><\/div><div class=\"vc_row wpb_row vc_row-fluid vc_custom_1709405342198\"><div class=\"wpb_column vc_column_container vc_col-sm-12 vc_col-lg-6 vc_col-md-6\"><div class=\"vc_column-inner\"><div class=\"wpb_wrapper\"><div class=\"section-title-wrapper shortcode-rand-4 induzy-inline-css\" data-css=\"&quot;.shortcode-rand-4 .title-separator.separator-border { background-color: ; }.shortcode-rand-4 .section-title { text-transform: none; }&quot;\"><div class=\"title-wrap\"><h2 class=\"section-title\">Roxia <span class=\"title-suffix theme-color\">Tower Press TP16<\/span><\/h2><span class=\"title-separator separator-border theme-color-bg\"><\/span><\/div><!-- .title-wrap --><div class=\"section-description\">Roxia turnpressan TP16 er minni \u00fatg\u00e1fan af fullsj\u00e1lfvirku turnpressunni fr\u00e1 Roxias. Me\u00f0 l\u00f3\u00f0r\u00e9ttri \u00fer\u00fdstis\u00edu eins og \u00feessari f\u00e6r\u00f0u mj\u00f6g skilvirka a\u00f0skilna\u00f0 \u00e1 f\u00f6stu og flj\u00f3tandi efni me\u00f0 fram\u00farskarandi s\u00eduk\u00f6kueiginleikum.<\/p>\n<p>Roxia turnpressur \u00feurfa l\u00e1gmarks g\u00f3lfpl\u00e1ss \u00fe\u00f6kk s\u00e9 bjarts\u00fdnilegri h\u00f6nnun \u00fear sem nokkrir \u00edhlutir hafa veri\u00f0 f\u00e6r\u00f0ir upp \u00e1 toppinn, sem verndar \u00fe\u00e6r einnig gegn \u00f3hreinindum og brotnum sendingum.<br \/>\nRoxia turnpressur bj\u00f3\u00f0a upp \u00e1 litla orku- og vatnsnotkun og h\u00e6gt er a\u00f0 sam\u00fe\u00e6tta \u00fe\u00e6r snjalleiginleika fyrir fjarst\u00fdr\u00f0a eftirlit og afk\u00f6stagreiningu.<\/p>\n<p>TP16 er me\u00f0 s\u00edunarsv\u00e6\u00f0i fr\u00e1 16 m\u00b2 upp \u00ed 44 m\u00b2.<\/p>\n<p><\/div><!-- .section-description --><\/div><!-- .section-title-wrapper --><div class=\"feature-box-wrapper feature-box-style-1 vc_custom_1722184779727 shortcode-rand-5 induzy-inline-css\" data-css=\"&quot;.shortcode-rand-5.feature-box-wrapper {background: -moz-linear-gradient(141deg,  0%,  51%,  75%);\\r\\n\\t\\t\\t\\tbackground: -webkit-linear-gradient(141deg,  0%,  51%,  75%);\\r\\n\\t\\t\\t\\tbackground: linear-gradient(141deg,  0%,  51%,  75%);}.shortcode-rand-5 .feature-box-icon { font-size: 24px; }.shortcode-rand-5 .feature-box-icon { height: 48px; width: 48px; }.shortcode-rand-5 .feature-box-icon &gt; span { line-height: 2; }.shortcode-rand-5:hover .feature-box-icon { background: none; }&quot;\" ><div class=\"feature-box-btn\"><a class=\"btn default\" href=\"https:\/\/www.filtnor.com\/is\/hafdu-samband-vid-okkur\/\" title=\"SENDA FYRIRSPURN \u00bb\">SENDA FYRIRSPURN \u00bb<\/a><\/div><!-- .feature-box-btn --><\/div><!-- .feature-box-wrapper --><\/div><\/div><\/div><div class=\"wpb_column vc_column_container vc_col-sm-12 vc_col-lg-6 vc_col-md-6\"><div class=\"vc_column-inner\"><div class=\"wpb_wrapper\">\n\t<div  class=\"wpb_single_image wpb_content_element vc_align_left wpb_content_element\">\n\t\t\n\t\t<figure class=\"wpb_wrapper vc_figure\">\n\t\t\t<div class=\"vc_single_image-wrapper   vc_box_border_grey\"><img loading=\"lazy\" decoding=\"async\" width=\"1500\" height=\"1050\" src=\"https:\/\/www.filtnor.com\/wp-content\/uploads\/2023\/08\/produkter_roxia-tarnpresse-TP16_01.png\" class=\"vc_single_image-img attachment-full\" alt=\"Roxia TP16 t\u00e1rpressa\" title=\"Roxia TP16\" srcset=\"https:\/\/www.filtnor.com\/wp-content\/uploads\/2023\/08\/produkter_roxia-tarnpresse-TP16_01.png 1500w, https:\/\/www.filtnor.com\/wp-content\/uploads\/2023\/08\/produkter_roxia-tarnpresse-TP16_01-600x420.png 600w, https:\/\/www.filtnor.com\/wp-content\/uploads\/2023\/08\/produkter_roxia-tarnpresse-TP16_01-768x538.png 768w\" sizes=\"auto, (max-width: 1500px) 100vw, 1500px\" \/><\/div>\n\t\t<\/figure>\n\t<\/div>\n<\/div><\/div><\/div><\/div><div class=\"vc_row wpb_row vc_row-fluid vc_custom_1709405285494\"><div class=\"wpb_column vc_column_container vc_col-sm-12\"><div class=\"vc_column-inner\"><div class=\"wpb_wrapper\"><div class=\"vc_separator wpb_content_element vc_separator_align_center vc_sep_width_100 vc_sep_dashed vc_sep_pos_align_center vc_separator_no_text wpb_content_element  wpb_content_element\" ><span class=\"vc_sep_holder vc_sep_holder_l\"><span class=\"vc_sep_line\"><\/span><\/span><span class=\"vc_sep_holder vc_sep_holder_r\"><span class=\"vc_sep_line\"><\/span><\/span>\n<\/div><\/div><\/div><\/div><\/div><div class=\"vc_row wpb_row vc_row-fluid vc_custom_1709405208930\"><div class=\"wpb_column vc_column_container vc_col-sm-12 vc_col-lg-6 vc_col-md-6\"><div class=\"vc_column-inner\"><div class=\"wpb_wrapper\"><div class=\"section-title-wrapper shortcode-rand-8 induzy-inline-css\" data-css=\"&quot;.shortcode-rand-8 .title-separator.separator-border { background-color: ; }.shortcode-rand-8 .section-title { text-transform: none; }&quot;\"><div class=\"title-wrap\"><h2 class=\"section-title\">Roxia <span class=\"title-suffix theme-color\">Turnpressa TP60<\/span><\/h2><span class=\"title-separator separator-border theme-color-bg\"><\/span><\/div><!-- .title-wrap --><div class=\"section-description\">Roxia turnpressan TP60 er st\u00e6rri \u00fatg\u00e1fan af sj\u00e1lfvirku turnpressunni fr\u00e1 Roxias. Me\u00f0 l\u00f3\u00f0r\u00e9ttri \u00fer\u00fdstis\u00edu eins og \u00feessari f\u00e6r\u00f0u mj\u00f6g skilvirka a\u00f0skilna\u00f0 \u00e1 f\u00f6stu og flj\u00f3tandi efni me\u00f0 fram\u00farskarandi s\u00eduk\u00f6kueiginleikum.<\/p>\n<p>Roxia turnpressur \u00feurfa l\u00e1gmarks g\u00f3lfpl\u00e1ss \u00fe\u00f6kk s\u00e9 bjarts\u00fdnilegri h\u00f6nnun \u00fear sem nokkrir \u00edhlutir hafa veri\u00f0 f\u00e6r\u00f0ir upp \u00e1 toppinn, sem verndar \u00fe\u00e6r einnig gegn \u00f3hreinindum og brotnum sendingum.<br \/>\nRoxia turnpressur bj\u00f3\u00f0a upp \u00e1 litla orku- og vatnsnotkun og h\u00e6gt er a\u00f0 sam\u00fe\u00e6tta \u00fe\u00e6r snjalleiginleika fyrir fjarst\u00fdr\u00f0a eftirlit og afk\u00f6stagreiningu.<\/p>\n<p>TP60 er me\u00f0 s\u00edunarsv\u00e6\u00f0i fr\u00e1 48 m\u00b2 upp \u00ed 156 m\u00b2.<\/p>\n<p><\/div><!-- .section-description --><\/div><!-- .section-title-wrapper --><div class=\"feature-box-wrapper feature-box-style-1 vc_custom_1736441970013 shortcode-rand-9 induzy-inline-css\" data-css=\"&quot;.shortcode-rand-9.feature-box-wrapper {background: -moz-linear-gradient(141deg,  0%,  51%,  75%);\\r\\n\\t\\t\\t\\tbackground: -webkit-linear-gradient(141deg,  0%,  51%,  75%);\\r\\n\\t\\t\\t\\tbackground: linear-gradient(141deg,  0%,  51%,  75%);}.shortcode-rand-9 .feature-box-icon { font-size: 24px; }.shortcode-rand-9 .feature-box-icon { height: 48px; width: 48px; }.shortcode-rand-9 .feature-box-icon &gt; span { line-height: 2; }.shortcode-rand-9:hover .feature-box-icon { background: none; }&quot;\" ><div class=\"feature-box-btn\"><a class=\"btn default\" href=\"https:\/\/www.filtnor.com\/is\/hafdu-samband-vid-okkur\/\" title=\"SENDA FYRIRSPURN \u00bb\">SENDA FYRIRSPURN \u00bb<\/a><\/div><!-- .feature-box-btn --><\/div><!-- .feature-box-wrapper --><\/div><\/div><\/div><div class=\"wpb_column vc_column_container vc_col-sm-12 vc_col-lg-6 vc_col-md-6\"><div class=\"vc_column-inner\"><div class=\"wpb_wrapper\">\n\t<div  class=\"wpb_single_image wpb_content_element vc_align_left wpb_content_element\">\n\t\t\n\t\t<figure class=\"wpb_wrapper vc_figure\">\n\t\t\t<div class=\"vc_single_image-wrapper   vc_box_border_grey\"><img loading=\"lazy\" decoding=\"async\" width=\"3937\" height=\"2214\" src=\"https:\/\/www.filtnor.com\/wp-content\/uploads\/2023\/08\/produkter_roxia-tarnpresse-TP60_01.png\" class=\"vc_single_image-img attachment-full\" alt=\"Roxia TP60\" title=\"Roxia TP60 t\u00e1rpressa\" srcset=\"https:\/\/www.filtnor.com\/wp-content\/uploads\/2023\/08\/produkter_roxia-tarnpresse-TP60_01.png 3937w, https:\/\/www.filtnor.com\/wp-content\/uploads\/2023\/08\/produkter_roxia-tarnpresse-TP60_01-600x337.png 600w, https:\/\/www.filtnor.com\/wp-content\/uploads\/2023\/08\/produkter_roxia-tarnpresse-TP60_01-768x432.png 768w, https:\/\/www.filtnor.com\/wp-content\/uploads\/2023\/08\/produkter_roxia-tarnpresse-TP60_01-1536x864.png 1536w, https:\/\/www.filtnor.com\/wp-content\/uploads\/2023\/08\/produkter_roxia-tarnpresse-TP60_01-2048x1152.png 2048w\" sizes=\"auto, (max-width: 3937px) 100vw, 3937px\" \/><\/div>\n\t\t<\/figure>\n\t<\/div>\n<\/div><\/div><\/div><\/div><div class=\"vc_row wpb_row vc_row-fluid vc_custom_1709405285494\"><div class=\"wpb_column vc_column_container vc_col-sm-12\"><div class=\"vc_column-inner\"><div class=\"wpb_wrapper\"><div class=\"vc_separator wpb_content_element vc_separator_align_center vc_sep_width_100 vc_sep_dashed vc_sep_pos_align_center vc_separator_no_text wpb_content_element  wpb_content_element\" ><span class=\"vc_sep_holder vc_sep_holder_l\"><span class=\"vc_sep_line\"><\/span><\/span><span class=\"vc_sep_holder vc_sep_holder_r\"><span class=\"vc_sep_line\"><\/span><\/span>\n<\/div><\/div><\/div><\/div><\/div><div class=\"vc_row wpb_row vc_row-fluid vc_custom_1709405208930\"><div class=\"wpb_column vc_column_container vc_col-sm-12 vc_col-lg-6 vc_col-md-6\"><div class=\"vc_column-inner\"><div class=\"wpb_wrapper\"><div class=\"section-title-wrapper shortcode-rand-12 induzy-inline-css\" data-css=\"&quot;.shortcode-rand-12 .title-separator.separator-border { background-color: ; }.shortcode-rand-12 .section-title { text-transform: none; }&quot;\"><div class=\"title-wrap\"><h2 class=\"section-title\">Varahlutir fyrir turnpressu<\/h2><span class=\"title-separator separator-border theme-color-bg\"><\/span><\/div><!-- .title-wrap --><div class=\"section-description\">H\u00e1g\u00e6\u00f0a varahlutir sem eru geymdir \u00e1 lager \u00e1 Nor\u00f0url\u00f6ndum fyrir stuttan afhendingart\u00edma. F\u00e1anlegir sem endurn\u00fdjunarb\u00fana\u00f0ur fyrir flestar \u00fer\u00fdstis\u00edur.<\/div><!-- .section-description --><\/div><!-- .section-title-wrapper --><div class=\"feature-box-wrapper feature-box-style-1 vc_custom_1749806758090 shortcode-rand-13 induzy-inline-css\" data-css=\"&quot;.shortcode-rand-13.feature-box-wrapper {background: -moz-linear-gradient(141deg,  0%,  51%,  75%);\\r\\n\\t\\t\\t\\tbackground: -webkit-linear-gradient(141deg,  0%,  51%,  75%);\\r\\n\\t\\t\\t\\tbackground: linear-gradient(141deg,  0%,  51%,  75%);}.shortcode-rand-13 .feature-box-icon { font-size: 24px; }.shortcode-rand-13 .feature-box-icon { height: 48px; width: 48px; }.shortcode-rand-13 .feature-box-icon &gt; span { line-height: 2; }.shortcode-rand-13:hover .feature-box-icon { background: none; }&quot;\" ><div class=\"feature-box-btn\"><a class=\"btn default\" href=\"https:\/\/www.filtnor.com\/is\/vorur\/siun\/afvotnunarkerfi\/pressusiur\/turnpressur\/varahlutir-fyrir-turnpressu\/\" title=\"FARA \u00cd VARAHLUTIR \u00bb\">FARA \u00cd VARAHLUTIR \u00bb<\/a><\/div><!-- .feature-box-btn --><\/div><!-- .feature-box-wrapper --><\/div><\/div><\/div><div class=\"wpb_column vc_column_container vc_col-sm-12 vc_col-lg-6 vc_col-md-6\"><div class=\"vc_column-inner\"><div class=\"wpb_wrapper\">\n\t<div  class=\"wpb_single_image wpb_content_element vc_align_left wpb_content_element\">\n\t\t\n\t\t<figure class=\"wpb_wrapper vc_figure\">\n\t\t\t<div class=\"vc_single_image-wrapper   vc_box_border_grey\"><img loading=\"lazy\" decoding=\"async\" width=\"1024\" height=\"694\" src=\"https:\/\/www.filtnor.com\/wp-content\/uploads\/2025\/08\/products_filtration_dewatering-systems_pressure-filters_filter-presses_tower-press-spare-parts_tower-press-filter-plates-001-1024x694.png\" class=\"vc_single_image-img attachment-large\" alt=\"Turnpressus\u00edupl\u00f6tur \u00ed heilli pl\u00f6tupakka fyrir i\u00f0na\u00f0ars\u00edun me\u00f0 mikilli afk\u00f6stum.\" title=\"Pl\u00f6tupakka fyrir turnpressur\" \/><\/div>\n\t\t<\/figure>\n\t<\/div>\n<\/div><\/div><\/div><\/div><div class=\"vc_row wpb_row vc_row-fluid vc_custom_1691587893368\"><div class=\"wpb_column vc_column_container vc_col-sm-12\"><div class=\"vc_column-inner\"><div class=\"wpb_wrapper\"><div class=\"vc_separator wpb_content_element vc_separator_align_center vc_sep_width_100 vc_sep_dashed vc_sep_pos_align_center vc_separator_no_text wpb_content_element  wpb_content_element\" ><span class=\"vc_sep_holder vc_sep_holder_l\"><span class=\"vc_sep_line\"><\/span><\/span><span class=\"vc_sep_holder vc_sep_holder_r\"><span class=\"vc_sep_line\"><\/span><\/span>\n<\/div><\/div><\/div><\/div><\/div><div data-vc-full-width=\"true\" data-vc-full-width-init=\"false\" class=\"vc_row wpb_row vc_row-fluid additional-call-to-action vc_custom_1691588100630 vc_row-has-fill\"><div class=\"wpb_column vc_column_container vc_col-sm-12\"><div class=\"vc_column-inner\"><div class=\"wpb_wrapper\"><div class=\"vc_row wpb_row vc_inner vc_row-fluid\"><div class=\"wpb_column vc_column_container vc_col-sm-12 vc_col-lg-9 vc_col-md-12\"><div class=\"vc_column-inner\"><div class=\"wpb_wrapper\"><div class=\"feature-box-wrapper feature-box-style-1 shortcode-rand-16 induzy-inline-css feature-list-1\" data-css=\"&quot;.shortcode-rand-16.feature-box-wrapper { color: #000000; }.shortcode-rand-16.feature-box-wrapper {background: -moz-linear-gradient(141deg,  0%,  51%,  75%);\\r\\n\\t\\t\\t\\tbackground: -webkit-linear-gradient(141deg,  0%,  51%,  75%);\\r\\n\\t\\t\\t\\tbackground: linear-gradient(141deg,  0%,  51%,  75%);}.shortcode-rand-16 .feature-box-icon { font-size: 30px; }.shortcode-rand-16 .feature-box-icon { height: 60px; width: 60px; }.shortcode-rand-16 .feature-box-icon &gt; span { line-height: 2; }.shortcode-rand-16:hover .feature-box-icon { background: none; }&quot;\" ><div class=\"fbox-list\"><div class=\"media\"><div class=\"feature-box-icon mr-3 text-center rounded-circle none\"><span class=\"\"><\/span><\/div><!-- .feature-box-icon --><div class=\"media-body\"><div class=\"feature-box-title\"><h4 class=\"section-title\">Finnur \u00fe\u00fa ekki \u00fea\u00f0 sem \u00fe\u00fa ert a\u00f0 leita a\u00f0?<\/h4><\/div><!-- .feature-box-title --><div class=\"feature-box-content\">Haf\u00f0u samband vi\u00f0 okkur og vi\u00f0 hj\u00e1lpum \u00fe\u00e9r a\u00f0 finna \u00fea\u00f0 \u00fat!<\/div><!-- .feature-box-content --><\/div><\/div><\/div><\/div><!-- .feature-box-wrapper --><\/div><\/div><\/div><div class=\"wpb_column vc_column_container vc_col-sm-12 vc_col-lg-3 vc_col-md-12\"><div class=\"vc_column-inner vc_custom_1691588352947\"><div class=\"wpb_wrapper\"><div class=\"vc_btn3-container  additional-btn vc_btn3-right vc_custom_1722185039463 vc_do_btn\" ><a style=\"background-color:#06295e; color:#ffffff;\" class=\"vc_general vc_btn3 vc_btn3-size-md vc_btn3-shape-rounded vc_btn3-style-custom\" href=\"https:\/\/www.filtnor.com\/is\/hafdu-samband-vid-okkur\/\" title=\"Haf\u00f0u samband vi\u00f0 okkur\">SENDA FYRIRSPURN \u00bb<\/a><\/div><\/div><\/div><\/div><\/div><\/div><\/div><\/div><\/div><div class=\"vc_row-full-width vc_clearfix\"><\/div>\n<\/div>","protected":false},"excerpt":{"rendered":"Turn\u00fer\u00fdstis\u00edur fyrir afv\u00f6tnun \u00e1 le\u00f0ju\u00der\u00fdstis\u00edur eru nota\u00f0ar til a\u00f0 a\u00f0skilja f\u00f6st efni fr\u00e1 v\u00f6kva. \u00der\u00fdstis\u00edurnar eru me\u00f0 h\u00f3lf sem fangar s\u00eduk\u00f6kuna inni \u00ed h\u00f3lfi \u00e1 me\u00f0an v\u00f6kvinn fer \u00ed gegn. Filtnor b\u00fd\u00f0ur upp \u00e1 allt fr\u00e1 litlum handvirkum s\u00edukerfum til st\u00f3rra turn\u00fer\u00fdstis\u00eda sem s\u00eda meira en 30 tonn af s\u00eduk\u00f6ku.","protected":false},"author":1,"featured_media":0,"parent":4669,"menu_order":0,"comment_status":"closed","ping_status":"closed","template":"","meta":{"om_disable_all_campaigns":false,"footnotes":""},"class_list":["post-5490","page","type-page","status-publish","hentry"],"yoast_head":"<!-- This site is optimized with the Yoast SEO Premium plugin v26.1 (Yoast SEO v27.4) - https:\/\/yoast.com\/product\/yoast-seo-premium-wordpress\/ -->\n<title>Tower presses - Filtnor<\/title>\n<meta name=\"description\" content=\"Manual filter presses and fully automatic pressure filters for dewatering. Intelligent pressure filters with Industrial Internet of Things (IiOT).\" \/>\n<meta name=\"robots\" content=\"index, follow, max-snippet:-1, max-image-preview:large, max-video-preview:-1\" \/>\n<link rel=\"canonical\" href=\"https:\/\/www.filtnor.com\/is\/vorur\/siun\/afvotnunarkerfi\/pressusiur\/turnpressur\/\" \/>\n<meta property=\"og:locale\" content=\"is_IS\" \/>\n<meta property=\"og:type\" content=\"article\" \/>\n<meta property=\"og:title\" content=\"Tower presses\" \/>\n<meta property=\"og:description\" content=\"Manual filter presses and fully automatic pressure filters for dewatering. Intelligent pressure filters with Industrial Internet of Things (IiOT).\" \/>\n<meta property=\"og:url\" content=\"https:\/\/www.filtnor.com\/is\/vorur\/siun\/afvotnunarkerfi\/pressusiur\/turnpressur\/\" \/>\n<meta property=\"og:site_name\" content=\"Filtnor\" \/>\n<meta property=\"article:modified_time\" content=\"2025-08-23T18:33:44+00:00\" \/>\n<meta name=\"twitter:card\" content=\"summary_large_image\" \/>\n<meta name=\"twitter:label1\" content=\"Est. reading time\" \/>\n\t<meta name=\"twitter:data1\" content=\"3 minutes\" \/>\n<script type=\"application\/ld+json\" class=\"yoast-schema-graph\">{\"@context\":\"https:\\\/\\\/schema.org\",\"@graph\":[{\"@type\":\"WebPage\",\"@id\":\"https:\\\/\\\/www.filtnor.com\\\/products\\\/filtration\\\/dewatering-systems\\\/pressure-filters\\\/tower-presses\\\/\",\"url\":\"https:\\\/\\\/www.filtnor.com\\\/products\\\/filtration\\\/dewatering-systems\\\/pressure-filters\\\/tower-presses\\\/\",\"name\":\"Tower presses - Filtnor\",\"isPartOf\":{\"@id\":\"https:\\\/\\\/www.filtnor.com\\\/#website\"},\"datePublished\":\"2024-10-10T08:15:52+00:00\",\"dateModified\":\"2025-08-23T18:33:44+00:00\",\"description\":\"Manual filter presses and fully automatic pressure filters for dewatering. Intelligent pressure filters with Industrial Internet of Things (IiOT).\",\"breadcrumb\":{\"@id\":\"https:\\\/\\\/www.filtnor.com\\\/products\\\/filtration\\\/dewatering-systems\\\/pressure-filters\\\/tower-presses\\\/#breadcrumb\"},\"inLanguage\":\"is\",\"potentialAction\":[{\"@type\":\"ReadAction\",\"target\":[\"https:\\\/\\\/www.filtnor.com\\\/products\\\/filtration\\\/dewatering-systems\\\/pressure-filters\\\/tower-presses\\\/\"]}]},{\"@type\":\"BreadcrumbList\",\"@id\":\"https:\\\/\\\/www.filtnor.com\\\/products\\\/filtration\\\/dewatering-systems\\\/pressure-filters\\\/tower-presses\\\/#breadcrumb\",\"itemListElement\":[{\"@type\":\"ListItem\",\"position\":1,\"name\":\"Home\",\"item\":\"https:\\\/\\\/www.filtnor.com\\\/\"},{\"@type\":\"ListItem\",\"position\":2,\"name\":\"Product groups from Filtnor\",\"item\":\"https:\\\/\\\/www.filtnor.com\\\/products\\\/\"},{\"@type\":\"ListItem\",\"position\":3,\"name\":\"Filtration\",\"item\":\"https:\\\/\\\/www.filtnor.com\\\/products\\\/filtration\\\/\"},{\"@type\":\"ListItem\",\"position\":4,\"name\":\"Dewatering Systems\",\"item\":\"https:\\\/\\\/www.filtnor.com\\\/products\\\/filtration\\\/dewatering-systems\\\/\"},{\"@type\":\"ListItem\",\"position\":5,\"name\":\"Pressure filters\",\"item\":\"https:\\\/\\\/www.filtnor.com\\\/products\\\/filtration\\\/dewatering-systems\\\/pressure-filters\\\/\"},{\"@type\":\"ListItem\",\"position\":6,\"name\":\"Tower presses\"}]},{\"@type\":\"WebSite\",\"@id\":\"https:\\\/\\\/www.filtnor.com\\\/#website\",\"url\":\"https:\\\/\\\/www.filtnor.com\\\/\",\"name\":\"Filtnor\",\"description\":\"Filtration you can trust. Performance that lasts.\",\"potentialAction\":[{\"@type\":\"SearchAction\",\"target\":{\"@type\":\"EntryPoint\",\"urlTemplate\":\"https:\\\/\\\/www.filtnor.com\\\/?s={search_term_string}\"},\"query-input\":{\"@type\":\"PropertyValueSpecification\",\"valueRequired\":true,\"valueName\":\"search_term_string\"}}],\"inLanguage\":\"is\"}]}<\/script>\n<!-- \/ Yoast SEO Premium plugin. -->","yoast_head_json":{"title":"Turnpressur - Filtnor","description":"Handvirkar s\u00edupressur og fullkomlega sj\u00e1lfvirkar \u00fer\u00fdstis\u00edur fyrir afv\u00f6tnun. Greindar \u00fer\u00fdstis\u00edur me\u00f0 i\u00f0na\u00f0arneti hlutanna (IiOT).","robots":{"index":"index","follow":"follow","max-snippet":"max-snippet:-1","max-image-preview":"max-image-preview:large","max-video-preview":"max-video-preview:-1"},"canonical":"https:\/\/www.filtnor.com\/is\/vorur\/siun\/afvotnunarkerfi\/pressusiur\/turnpressur\/","og_locale":"is_IS","og_type":"article","og_title":"Tower presses","og_description":"Manual filter presses and fully automatic pressure filters for dewatering. Intelligent pressure filters with Industrial Internet of Things (IiOT).","og_url":"https:\/\/www.filtnor.com\/is\/vorur\/siun\/afvotnunarkerfi\/pressusiur\/turnpressur\/","og_site_name":"Filtnor","article_modified_time":"2025-08-23T18:33:44+00:00","twitter_card":"summary_large_image","twitter_misc":{"Est. reading time":"3 minutes"},"schema":{"@context":"https:\/\/schema.org","@graph":[{"@type":"WebPage","@id":"https:\/\/www.filtnor.com\/products\/filtration\/dewatering-systems\/pressure-filters\/tower-presses\/","url":"https:\/\/www.filtnor.com\/products\/filtration\/dewatering-systems\/pressure-filters\/tower-presses\/","name":"Turnpressur - Filtnor","isPartOf":{"@id":"https:\/\/www.filtnor.com\/#website"},"datePublished":"2024-10-10T08:15:52+00:00","dateModified":"2025-08-23T18:33:44+00:00","description":"Handvirkar s\u00edupressur og fullkomlega sj\u00e1lfvirkar \u00fer\u00fdstis\u00edur fyrir afv\u00f6tnun. Greindar \u00fer\u00fdstis\u00edur me\u00f0 i\u00f0na\u00f0arneti hlutanna (IiOT).","breadcrumb":{"@id":"https:\/\/www.filtnor.com\/products\/filtration\/dewatering-systems\/pressure-filters\/tower-presses\/#breadcrumb"},"inLanguage":"is","potentialAction":[{"@type":"ReadAction","target":["https:\/\/www.filtnor.com\/products\/filtration\/dewatering-systems\/pressure-filters\/tower-presses\/"]}]},{"@type":"BreadcrumbList","@id":"https:\/\/www.filtnor.com\/products\/filtration\/dewatering-systems\/pressure-filters\/tower-presses\/#breadcrumb","itemListElement":[{"@type":"ListItem","position":1,"name":"Home","item":"https:\/\/www.filtnor.com\/"},{"@type":"ListItem","position":2,"name":"Product groups from Filtnor","item":"https:\/\/www.filtnor.com\/products\/"},{"@type":"ListItem","position":3,"name":"Filtration","item":"https:\/\/www.filtnor.com\/products\/filtration\/"},{"@type":"ListItem","position":4,"name":"Dewatering Systems","item":"https:\/\/www.filtnor.com\/products\/filtration\/dewatering-systems\/"},{"@type":"ListItem","position":5,"name":"Pressure filters","item":"https:\/\/www.filtnor.com\/products\/filtration\/dewatering-systems\/pressure-filters\/"},{"@type":"ListItem","position":6,"name":"Tower presses"}]},{"@type":"WebSite","@id":"https:\/\/www.filtnor.com\/#website","url":"https:\/\/www.filtnor.com\/","name":"Filtnor","description":"S\u00edun sem \u00fe\u00fa getur treyst. Afk\u00f6st sem endast.","potentialAction":[{"@type":"SearchAction","target":{"@type":"EntryPoint","urlTemplate":"https:\/\/www.filtnor.com\/?s={search_term_string}"},"query-input":{"@type":"PropertyValueSpecification","valueRequired":true,"valueName":"search_term_string"}}],"inLanguage":"is"}]}},"_links":{"self":[{"href":"https:\/\/www.filtnor.com\/is\/wp-json\/wp\/v2\/pages\/5490","targetHints":{"allow":["GET"]}}],"collection":[{"href":"https:\/\/www.filtnor.com\/is\/wp-json\/wp\/v2\/pages"}],"about":[{"href":"https:\/\/www.filtnor.com\/is\/wp-json\/wp\/v2\/types\/page"}],"author":[{"embeddable":true,"href":"https:\/\/www.filtnor.com\/is\/wp-json\/wp\/v2\/users\/1"}],"replies":[{"embeddable":true,"href":"https:\/\/www.filtnor.com\/is\/wp-json\/wp\/v2\/comments?post=5490"}],"version-history":[{"count":12,"href":"https:\/\/www.filtnor.com\/is\/wp-json\/wp\/v2\/pages\/5490\/revisions"}],"predecessor-version":[{"id":6280,"href":"https:\/\/www.filtnor.com\/is\/wp-json\/wp\/v2\/pages\/5490\/revisions\/6280"}],"up":[{"embeddable":true,"href":"https:\/\/www.filtnor.com\/is\/wp-json\/wp\/v2\/pages\/4669"}],"wp:attachment":[{"href":"https:\/\/www.filtnor.com\/is\/wp-json\/wp\/v2\/media?parent=5490"}],"curies":[{"name":"wp","href":"https:\/\/api.w.org\/{rel}","templated":true}]}}