{"id":5476,"date":"2024-10-09T22:00:33","date_gmt":"2024-10-09T20:00:33","guid":{"rendered":"https:\/\/www.filtnor.com\/?page_id=5476"},"modified":"2025-11-17T14:01:50","modified_gmt":"2025-11-17T13:01:50","slug":"thurr-siun","status":"publish","type":"page","link":"https:\/\/www.filtnor.com\/is\/vorur\/siun\/thurr-siun\/","title":{"rendered":"\u00deurr s\u00edun"},"content":{"rendered":"<div class=\"wpb-content-wrapper\"><div class=\"vc_row wpb_row vc_row-fluid vc_custom_1763375826972\"><div class=\"wpb_column vc_column_container vc_col-sm-12\"><div class=\"vc_column-inner\"><div class=\"wpb_wrapper\"><div class=\"section-title-wrapper shortcode-rand-2 induzy-inline-css\" data-css=\"&quot;.shortcode-rand-2 .title-separator.separator-border { background-color: ; }.shortcode-rand-2 .section-title { text-transform: none; }&quot;\"><div class=\"title-wrap\"><h4 class=\"section-title\">\u00deurrgas s\u00edunarkerfi og fylgihlutir<\/h4><span class=\"title-separator separator-border theme-color-bg\"><\/span><\/div><!-- .title-wrap --><div class=\"section-description\"><\/p>\n<h5>S\u00edun sem \u00fe\u00fa getur treyst<\/h5>\n<p>Filtnor b\u00fd\u00f0ur upp \u00e1 \u00feurrgass\u00edulausnir fyrir i\u00f0na\u00f0arframlei\u00f0slu, til a\u00f0 fjarl\u00e6gja ryk, hreinsa vinnsluloft og a\u00f0skilja fast efni\/lofttegundir. V\u00f6ru\u00farval okkar inniheldur afkastamiklar s\u00eduhylki, \u00f3ofin efni, s\u00edumottur og heildar\u00edhluti fyrir pokah\u00fas. V\u00f6rur okkar eru hanna\u00f0ar fyrir mikla notkun og l\u00e1gt \u00fer\u00fdstingsfall og tryggja hreint, \u00f6ruggt og skilvirkt loft \u00ed krefjandi i\u00f0na\u00f0arumhverfi.<\/p>\n<h5>Sumir af \u00feeim s\u00eduflokkum sem vi\u00f0 getum \u00fatvega\u00f0:<\/h5>\n<p>\u2013 EN 1822.2009<br \/>\n\u2013 EN 779:2012<br \/>\n\u2013 ISO 16890<br \/>\n\u2013 ISO 29461-1<br \/>\n\u2013 ASHRAE 52.2<\/div><!-- .section-description --><\/div><!-- .section-title-wrapper --><\/div><\/div><\/div><\/div><div class=\"vc_row wpb_row vc_row-fluid vc_custom_1709405285494\"><div class=\"wpb_column vc_column_container vc_col-sm-12\"><div class=\"vc_column-inner\"><div class=\"wpb_wrapper\"><div class=\"vc_separator wpb_content_element vc_separator_align_center vc_sep_width_100 vc_sep_dashed vc_sep_pos_align_center vc_separator_no_text wpb_content_element  wpb_content_element\" ><span class=\"vc_sep_holder vc_sep_holder_l\"><span class=\"vc_sep_line\"><\/span><\/span><span class=\"vc_sep_holder vc_sep_holder_r\"><span class=\"vc_sep_line\"><\/span><\/span>\n<\/div><\/div><\/div><\/div><\/div><div class=\"vc_row wpb_row vc_row-fluid vc_custom_1745520978306\"><div class=\"wpb_column vc_column_container vc_col-sm-12 vc_col-lg-6 vc_col-md-6\"><div class=\"vc_column-inner\"><div class=\"wpb_wrapper\"><div class=\"section-title-wrapper shortcode-rand-5 induzy-inline-css\" data-css=\"&quot;.shortcode-rand-5 .title-separator.separator-border { background-color: ; }.shortcode-rand-5 .section-title { text-transform: none; }&quot;\"><div class=\"title-wrap\"><h2 class=\"section-title\">S\u00eduhylki og -\u00fe\u00e6ttir<\/h2><span class=\"title-separator separator-border theme-color-bg\"><\/span><\/div><!-- .title-wrap --><div class=\"section-description\">H\u00e1\u00fer\u00f3a\u00f0ir s\u00eduhylki og -einingar hanna\u00f0ir fyrir i\u00f0na\u00f0arrykhreinsun og s\u00edun \u00e1 \u00feurrgasi. \u00deessi m\u00e1tkerfi bj\u00f3\u00f0a upp \u00e1 l\u00e1gt \u00fer\u00fdstingsfall, langan endingart\u00edma og skilvirka agnabindingu \u00ed pokah\u00fass\u00edum, \u00fej\u00f6ppuinnt\u00f6kum og vinnsluloftstraumum. Filtnor b\u00fd\u00f0ur upp \u00e1 heildarbirg\u00f0ir, s\u00e9rsni\u00f0nar stillingar og fulla a\u00f0sto\u00f0 vi\u00f0 gangsetningu og vi\u00f0hald.<\/div><!-- .section-description --><\/div><!-- .section-title-wrapper --><div class=\"feature-box-wrapper feature-box-style-1 vc_custom_1763375369641 shortcode-rand-6 induzy-inline-css\" data-css=\"&quot;.shortcode-rand-6.feature-box-wrapper {background: -moz-linear-gradient(141deg,  0%,  51%,  75%);\\r\\n\\t\\t\\t\\tbackground: -webkit-linear-gradient(141deg,  0%,  51%,  75%);\\r\\n\\t\\t\\t\\tbackground: linear-gradient(141deg,  0%,  51%,  75%);}.shortcode-rand-6 .feature-box-icon { font-size: 24px; }.shortcode-rand-6 .feature-box-icon { height: 48px; width: 48px; }.shortcode-rand-6 .feature-box-icon &gt; span { line-height: 2; }.shortcode-rand-6:hover .feature-box-icon { background: none; }&quot;\" ><div class=\"feature-box-btn\"><a class=\"btn default\" href=\"https:\/\/www.filtnor.com\/is\/vorur\/siun\/thurr-siun\/siuhylkithaettir\/\" title=\"FARA \u00cd HYLKI OG HLUTIR \u00bb\">FARA \u00cd HYLKI OG HLUTIR \u00bb<\/a><\/div><!-- .feature-box-btn --><\/div><!-- .feature-box-wrapper --><\/div><\/div><\/div><div class=\"wpb_column vc_column_container vc_col-sm-12 vc_col-lg-6 vc_col-md-6\"><div class=\"vc_column-inner\"><div class=\"wpb_wrapper\">\n\t<div  class=\"wpb_single_image wpb_content_element vc_align_left wpb_content_element\">\n\t\t\n\t\t<figure class=\"wpb_wrapper vc_figure\">\n\t\t\t<div class=\"vc_single_image-wrapper   vc_box_border_grey\"><img loading=\"lazy\" decoding=\"async\" width=\"768\" height=\"456\" src=\"https:\/\/www.filtnor.com\/wp-content\/uploads\/2025\/04\/products_filtration_dry-filtration_cassette-filters_001-768x456.png\" class=\"vc_single_image-img attachment-medium\" alt=\"I\u00f0na\u00f0arkassettus\u00eda\" title=\"products_filtration_dry-filtration_cassette-filters_001\" srcset=\"https:\/\/www.filtnor.com\/wp-content\/uploads\/2025\/04\/products_filtration_dry-filtration_cassette-filters_001-768x456.png 768w, https:\/\/www.filtnor.com\/wp-content\/uploads\/2025\/04\/products_filtration_dry-filtration_cassette-filters_001-440x260.png 440w, https:\/\/www.filtnor.com\/wp-content\/uploads\/2025\/04\/products_filtration_dry-filtration_cassette-filters_001-390x231.png 390w, https:\/\/www.filtnor.com\/wp-content\/uploads\/2025\/04\/products_filtration_dry-filtration_cassette-filters_001-220x130.png 220w\" sizes=\"auto, (max-width: 768px) 100vw, 768px\" \/><\/div>\n\t\t<\/figure>\n\t<\/div>\n<\/div><\/div><\/div><\/div><div class=\"vc_row wpb_row vc_row-fluid vc_custom_1709405285494\"><div class=\"wpb_column vc_column_container vc_col-sm-12\"><div class=\"vc_column-inner\"><div class=\"wpb_wrapper\"><div class=\"vc_separator wpb_content_element vc_separator_align_center vc_sep_width_100 vc_sep_dashed vc_sep_pos_align_center vc_separator_no_text wpb_content_element  wpb_content_element\" ><span class=\"vc_sep_holder vc_sep_holder_l\"><span class=\"vc_sep_line\"><\/span><\/span><span class=\"vc_sep_holder vc_sep_holder_r\"><span class=\"vc_sep_line\"><\/span><\/span>\n<\/div><\/div><\/div><\/div><\/div><div class=\"vc_row wpb_row vc_row-fluid vc_custom_1709405208930\"><div class=\"wpb_column vc_column_container vc_col-sm-12 vc_col-lg-6 vc_col-md-6\"><div class=\"vc_column-inner\"><div class=\"wpb_wrapper\"><div class=\"section-title-wrapper shortcode-rand-9 induzy-inline-css\" data-css=\"&quot;.shortcode-rand-9 .title-separator.separator-border { background-color: ; }.shortcode-rand-9 .section-title { text-transform: none; }&quot;\"><div class=\"title-wrap\"><h2 class=\"section-title\">S\u00edumottur og -mi\u00f0lar til a\u00f0 fjarl\u00e6gja ryk<\/h2><span class=\"title-separator separator-border theme-color-bg\"><\/span><\/div><!-- .title-wrap --><div class=\"section-description\">H\u00e1\u00fer\u00f3a\u00f0ar s\u00edumottur og \u00f3ofin efni, h\u00f6nnu\u00f0 fyrir \u00feungavinnu rykhreinsun, i\u00f0na\u00f0arloftr\u00e6stingu og hreinsun \u00e1 vinnslulofti. F\u00e1anleg \u00ed \u00fdmsum skilvirknisflokkum (ISO 16890, EN 779) og henta vel fyrir h\u00fa\u00f0unarverksmi\u00f0jur, rafhl\u00f6\u00f0uframlei\u00f0slu og yfirbor\u00f0sme\u00f0h\u00f6ndlunarl\u00ednur. Filtnor b\u00fd\u00f0ur upp \u00e1 s\u00e9rsni\u00f0in d\u00fakaform, t\u00e6knilega a\u00f0sto\u00f0 og hra\u00f0an afhendingart\u00edma.<\/div><!-- .section-description --><\/div><!-- .section-title-wrapper --><div class=\"feature-box-wrapper feature-box-style-1 vc_custom_1763376817885 shortcode-rand-10 induzy-inline-css\" data-css=\"&quot;.shortcode-rand-10.feature-box-wrapper {background: -moz-linear-gradient(141deg,  0%,  51%,  75%);\\r\\n\\t\\t\\t\\tbackground: -webkit-linear-gradient(141deg,  0%,  51%,  75%);\\r\\n\\t\\t\\t\\tbackground: linear-gradient(141deg,  0%,  51%,  75%);}.shortcode-rand-10 .feature-box-icon { font-size: 24px; }.shortcode-rand-10 .feature-box-icon { height: 48px; width: 48px; }.shortcode-rand-10 .feature-box-icon &gt; span { line-height: 2; }.shortcode-rand-10:hover .feature-box-icon { background: none; }&quot;\" ><div class=\"feature-box-btn\"><a class=\"btn default\" href=\"https:\/\/www.filtnor.com\/is\/vorur\/siun\/thurr-siun\/siuefni-fyrir-rykhreinsun\/\" title=\"FARA \u00c1 D\u00ddNUR OG FJ\u00d6LMI\u00d0LA \u00bb\">FARA \u00c1 D\u00ddNUR OG FJ\u00d6LMI\u00d0LA \u00bb<\/a><\/div><!-- .feature-box-btn --><\/div><!-- .feature-box-wrapper --><\/div><\/div><\/div><div class=\"wpb_column vc_column_container vc_col-sm-12 vc_col-lg-6 vc_col-md-6\"><div class=\"vc_column-inner\"><div class=\"wpb_wrapper\">\n\t<div  class=\"wpb_single_image wpb_content_element vc_align_left wpb_content_element\">\n\t\t\n\t\t<figure class=\"wpb_wrapper vc_figure\">\n\t\t\t<div class=\"vc_single_image-wrapper   vc_box_border_grey\"><img loading=\"lazy\" decoding=\"async\" width=\"768\" height=\"456\" src=\"https:\/\/www.filtnor.com\/wp-content\/uploads\/2025\/04\/products_filtration_dry-filtration_pocket-filters_001-768x456.png\" class=\"vc_single_image-img attachment-medium\" alt=\"I\u00f0na\u00f0ar vasas\u00eda\" title=\"products_filtration_dry-filtration_vasas\u00edur_001\" srcset=\"https:\/\/www.filtnor.com\/wp-content\/uploads\/2025\/04\/products_filtration_dry-filtration_pocket-filters_001-768x456.png 768w, https:\/\/www.filtnor.com\/wp-content\/uploads\/2025\/04\/products_filtration_dry-filtration_pocket-filters_001-440x260.png 440w, https:\/\/www.filtnor.com\/wp-content\/uploads\/2025\/04\/products_filtration_dry-filtration_pocket-filters_001-390x231.png 390w, https:\/\/www.filtnor.com\/wp-content\/uploads\/2025\/04\/products_filtration_dry-filtration_pocket-filters_001-220x130.png 220w\" sizes=\"auto, (max-width: 768px) 100vw, 768px\" \/><\/div>\n\t\t<\/figure>\n\t<\/div>\n<\/div><\/div><\/div><\/div><div class=\"vc_row wpb_row vc_row-fluid vc_custom_1709405285494\"><div class=\"wpb_column vc_column_container vc_col-sm-12\"><div class=\"vc_column-inner\"><div class=\"wpb_wrapper\"><div class=\"vc_separator wpb_content_element vc_separator_align_center vc_sep_width_100 vc_sep_dashed vc_sep_pos_align_center vc_separator_no_text wpb_content_element  wpb_content_element\" ><span class=\"vc_sep_holder vc_sep_holder_l\"><span class=\"vc_sep_line\"><\/span><\/span><span class=\"vc_sep_holder vc_sep_holder_r\"><span class=\"vc_sep_line\"><\/span><\/span>\n<\/div><\/div><\/div><\/div><\/div><div class=\"vc_row wpb_row vc_row-fluid vc_custom_1763375621446\"><div class=\"wpb_column vc_column_container vc_col-sm-12 vc_col-lg-6 vc_col-md-6\"><div class=\"vc_column-inner\"><div class=\"wpb_wrapper\"><div class=\"section-title-wrapper shortcode-rand-13 induzy-inline-css\" data-css=\"&quot;.shortcode-rand-13 .title-separator.separator-border { background-color: ; }.shortcode-rand-13 .section-title { text-transform: none; }&quot;\"><div class=\"title-wrap\"><h2 class=\"section-title\">\u00deurrgas s\u00edunarkerfi og fylgihlutir<\/h2><span class=\"title-separator separator-border theme-color-bg\"><\/span><\/div><!-- .title-wrap --><div class=\"section-description\">Heildar \u00feurrgass\u00edunarkerfi og fylgihlutir, \u00fear \u00e1 me\u00f0al hylki, s\u00eduh\u00f3lf, pokah\u00fas og varahlutaeiningar. \u00deessar lausnir eru hanna\u00f0ar fyrir mikla afk\u00f6st, erfi\u00f0 i\u00f0na\u00f0arumhverfi og samr\u00e6mi vi\u00f0 losunarm\u00f6rk. Filtnor sty\u00f0ur uppsetningu, \u00fej\u00f3nustusamninga og endurb\u00e6tur til a\u00f0 h\u00e1marka rekstrart\u00edma og afk\u00f6st kerfisins.<\/div><!-- .section-description --><\/div><!-- .section-title-wrapper --><div class=\"feature-box-wrapper feature-box-style-1 vc_custom_1763375401677 shortcode-rand-14 induzy-inline-css\" data-css=\"&quot;.shortcode-rand-14.feature-box-wrapper {background: -moz-linear-gradient(141deg,  0%,  51%,  75%);\\r\\n\\t\\t\\t\\tbackground: -webkit-linear-gradient(141deg,  0%,  51%,  75%);\\r\\n\\t\\t\\t\\tbackground: linear-gradient(141deg,  0%,  51%,  75%);}.shortcode-rand-14 .feature-box-icon { font-size: 24px; }.shortcode-rand-14 .feature-box-icon { height: 48px; width: 48px; }.shortcode-rand-14 .feature-box-icon &gt; span { line-height: 2; }.shortcode-rand-14:hover .feature-box-icon { background: none; }&quot;\" ><div class=\"feature-box-btn\"><a class=\"btn default\" href=\"https:\/\/www.filtnor.com\/is\/vorur\/siun\/thurr-siun\/fylgihlutir-fyrir-thurrgassiunarkerfi\/\" title=\"FARA \u00cd KERFI OG AUKAB\u00daNA\u00d0 \u00bb\">FARA \u00cd KERFI OG AUKAB\u00daNA\u00d0 \u00bb<\/a><\/div><!-- .feature-box-btn --><\/div><!-- .feature-box-wrapper --><\/div><\/div><\/div><div class=\"wpb_column vc_column_container vc_col-sm-12 vc_col-lg-6 vc_col-md-6\"><div class=\"vc_column-inner\"><div class=\"wpb_wrapper\">\n\t<div  class=\"wpb_single_image wpb_content_element vc_align_left wpb_content_element\">\n\t\t\n\t\t<figure class=\"wpb_wrapper vc_figure\">\n\t\t\t<div class=\"vc_single_image-wrapper   vc_box_border_grey\"><img loading=\"lazy\" decoding=\"async\" width=\"768\" height=\"456\" src=\"https:\/\/www.filtnor.com\/wp-content\/uploads\/2025\/04\/products_filtration_dry-filtration_filter-mats_001-768x456.png\" class=\"vc_single_image-img attachment-medium\" alt=\"I\u00f0na\u00f0ar s\u00edumotta\" title=\"products_filtration_dry-filtration_filtermottur_001\" srcset=\"https:\/\/www.filtnor.com\/wp-content\/uploads\/2025\/04\/products_filtration_dry-filtration_filter-mats_001-768x456.png 768w, https:\/\/www.filtnor.com\/wp-content\/uploads\/2025\/04\/products_filtration_dry-filtration_filter-mats_001-440x260.png 440w, https:\/\/www.filtnor.com\/wp-content\/uploads\/2025\/04\/products_filtration_dry-filtration_filter-mats_001-390x231.png 390w, https:\/\/www.filtnor.com\/wp-content\/uploads\/2025\/04\/products_filtration_dry-filtration_filter-mats_001-220x130.png 220w\" sizes=\"auto, (max-width: 768px) 100vw, 768px\" \/><\/div>\n\t\t<\/figure>\n\t<\/div>\n<\/div><\/div><\/div><\/div><div data-vc-full-width=\"true\" data-vc-full-width-init=\"false\" class=\"vc_row wpb_row vc_row-fluid additional-call-to-action vc_custom_1763375484762 vc_row-has-fill\"><div class=\"wpb_column vc_column_container vc_col-sm-12\"><div class=\"vc_column-inner\"><div class=\"wpb_wrapper\"><div class=\"vc_row wpb_row vc_inner vc_row-fluid\"><div class=\"wpb_column vc_column_container vc_col-sm-12 vc_col-lg-9 vc_col-md-12\"><div class=\"vc_column-inner\"><div class=\"wpb_wrapper\"><div class=\"feature-box-wrapper feature-box-style-1 shortcode-rand-16 induzy-inline-css feature-list-1\" data-css=\"&quot;.shortcode-rand-16.feature-box-wrapper { color: #000000; }.shortcode-rand-16.feature-box-wrapper {background: -moz-linear-gradient(141deg,  0%,  51%,  75%);\\r\\n\\t\\t\\t\\tbackground: -webkit-linear-gradient(141deg,  0%,  51%,  75%);\\r\\n\\t\\t\\t\\tbackground: linear-gradient(141deg,  0%,  51%,  75%);}.shortcode-rand-16 .feature-box-icon { font-size: 30px; }.shortcode-rand-16 .feature-box-icon { height: 60px; width: 60px; }.shortcode-rand-16 .feature-box-icon &gt; span { line-height: 2; }.shortcode-rand-16:hover .feature-box-icon { background: none; }&quot;\" ><div class=\"fbox-list\"><div class=\"media\"><div class=\"feature-box-icon mr-3 text-center rounded-circle none\"><span class=\"\"><\/span><\/div><!-- .feature-box-icon --><div class=\"media-body\"><div class=\"feature-box-title\"><h4 class=\"section-title\">Finnur \u00fe\u00fa ekki \u00fea\u00f0 sem \u00fe\u00fa ert a\u00f0 leita a\u00f0?<\/h4><\/div><!-- .feature-box-title --><div class=\"feature-box-content\">Haf\u00f0u samband vi\u00f0 okkur og vi\u00f0 hj\u00e1lpum \u00fe\u00e9r a\u00f0 finna \u00fea\u00f0 \u00fat!<\/div><!-- .feature-box-content --><\/div><\/div><\/div><\/div><!-- .feature-box-wrapper --><\/div><\/div><\/div><div class=\"wpb_column vc_column_container vc_col-sm-12 vc_col-lg-3 vc_col-md-12\"><div class=\"vc_column-inner vc_custom_1691588352947\"><div class=\"wpb_wrapper\"><div class=\"vc_btn3-container  additional-btn vc_btn3-right vc_custom_1719435518333 vc_do_btn\" ><a style=\"background-color:#06295e; color:#ffffff;\" class=\"vc_general vc_btn3 vc_btn3-size-md vc_btn3-shape-rounded vc_btn3-style-custom\" href=\"https:\/\/www.filtnor.com\/is\/hafdu-samband-vid-okkur\/\" title=\"Haf\u00f0u samband vi\u00f0 okkur\">SENDA FYRIRSPURN \u00bb<\/a><\/div><\/div><\/div><\/div><\/div><\/div><\/div><\/div><\/div><div class=\"vc_row-full-width vc_clearfix\"><\/div>\n<\/div>","protected":false},"excerpt":{"rendered":"Dry-Gas Filtration Systems &amp; Accessories Filtration you can trust Filtnor delivers industrial dry-gas filtration solutions for dust removal, process-air cleaning and solid\/gas separation. Our portfolio includes high-performance filter cartridges, nonwoven media, filter mats and complete baghouse components. Designed for heavy-duty operation and low pressure drop, our products ensure clean, safe and efficient air in demanding","protected":false},"author":1,"featured_media":0,"parent":4424,"menu_order":0,"comment_status":"closed","ping_status":"closed","template":"","meta":{"om_disable_all_campaigns":false,"footnotes":""},"class_list":["post-5476","page","type-page","status-publish","hentry"],"yoast_head":"<!-- This site is optimized with the Yoast SEO Premium plugin v26.1 (Yoast SEO v27.4) - https:\/\/yoast.com\/product\/yoast-seo-premium-wordpress\/ -->\n<title>Dry filtration - Filtnor<\/title>\n<meta name=\"description\" content=\"Industrial dry-gas filtration and dust-removal solutions from Filtnor. Filter cartridges, filter mats, gas-phase media and high-temperature filtration for demanding processes.\" \/>\n<meta name=\"robots\" content=\"index, follow, max-snippet:-1, max-image-preview:large, max-video-preview:-1\" \/>\n<link rel=\"canonical\" href=\"https:\/\/www.filtnor.com\/is\/vorur\/siun\/thurr-siun\/\" \/>\n<meta property=\"og:locale\" content=\"is_IS\" \/>\n<meta property=\"og:type\" content=\"article\" \/>\n<meta property=\"og:title\" content=\"Dry filtration\" \/>\n<meta property=\"og:description\" content=\"Industrial dry-gas filtration and dust-removal solutions from Filtnor. Filter cartridges, filter mats, gas-phase media and high-temperature filtration for demanding processes.\" \/>\n<meta property=\"og:url\" content=\"https:\/\/www.filtnor.com\/is\/vorur\/siun\/thurr-siun\/\" \/>\n<meta property=\"og:site_name\" content=\"Filtnor\" \/>\n<meta property=\"article:modified_time\" content=\"2025-11-17T13:01:50+00:00\" \/>\n<meta name=\"twitter:card\" content=\"summary_large_image\" \/>\n<meta name=\"twitter:label1\" content=\"Est. reading time\" \/>\n\t<meta name=\"twitter:data1\" content=\"2 minutes\" \/>\n<script type=\"application\/ld+json\" class=\"yoast-schema-graph\">{\"@context\":\"https:\\\/\\\/schema.org\",\"@graph\":[{\"@type\":\"WebPage\",\"@id\":\"https:\\\/\\\/www.filtnor.com\\\/products\\\/filtration\\\/dry-filtration\\\/\",\"url\":\"https:\\\/\\\/www.filtnor.com\\\/products\\\/filtration\\\/dry-filtration\\\/\",\"name\":\"Dry filtration - Filtnor\",\"isPartOf\":{\"@id\":\"https:\\\/\\\/www.filtnor.com\\\/#website\"},\"datePublished\":\"2024-10-09T20:00:33+00:00\",\"dateModified\":\"2025-11-17T13:01:50+00:00\",\"description\":\"Industrial dry-gas filtration and dust-removal solutions from Filtnor. Filter cartridges, filter mats, gas-phase media and high-temperature filtration for demanding processes.\",\"breadcrumb\":{\"@id\":\"https:\\\/\\\/www.filtnor.com\\\/products\\\/filtration\\\/dry-filtration\\\/#breadcrumb\"},\"inLanguage\":\"is\",\"potentialAction\":[{\"@type\":\"ReadAction\",\"target\":[\"https:\\\/\\\/www.filtnor.com\\\/products\\\/filtration\\\/dry-filtration\\\/\"]}]},{\"@type\":\"BreadcrumbList\",\"@id\":\"https:\\\/\\\/www.filtnor.com\\\/products\\\/filtration\\\/dry-filtration\\\/#breadcrumb\",\"itemListElement\":[{\"@type\":\"ListItem\",\"position\":1,\"name\":\"Home\",\"item\":\"https:\\\/\\\/www.filtnor.com\\\/\"},{\"@type\":\"ListItem\",\"position\":2,\"name\":\"Product groups from Filtnor\",\"item\":\"https:\\\/\\\/www.filtnor.com\\\/products\\\/\"},{\"@type\":\"ListItem\",\"position\":3,\"name\":\"Filtration\",\"item\":\"https:\\\/\\\/www.filtnor.com\\\/products\\\/filtration\\\/\"},{\"@type\":\"ListItem\",\"position\":4,\"name\":\"Dry filtration\"}]},{\"@type\":\"WebSite\",\"@id\":\"https:\\\/\\\/www.filtnor.com\\\/#website\",\"url\":\"https:\\\/\\\/www.filtnor.com\\\/\",\"name\":\"Filtnor\",\"description\":\"Filtration you can trust. Performance that lasts.\",\"potentialAction\":[{\"@type\":\"SearchAction\",\"target\":{\"@type\":\"EntryPoint\",\"urlTemplate\":\"https:\\\/\\\/www.filtnor.com\\\/?s={search_term_string}\"},\"query-input\":{\"@type\":\"PropertyValueSpecification\",\"valueRequired\":true,\"valueName\":\"search_term_string\"}}],\"inLanguage\":\"is\"}]}<\/script>\n<!-- \/ Yoast SEO Premium plugin. -->","yoast_head_json":{"title":"\u00deurrs\u00edun - Filtnor","description":"\u00deurrgass\u00edun og rykhreinsunarlausnir fyrir i\u00f0na\u00f0 fr\u00e1 Filtnor. S\u00eduhylki, s\u00edumottur, gasfasami\u00f0lar og h\u00e1hitas\u00edun fyrir krefjandi ferli.","robots":{"index":"index","follow":"follow","max-snippet":"max-snippet:-1","max-image-preview":"max-image-preview:large","max-video-preview":"max-video-preview:-1"},"canonical":"https:\/\/www.filtnor.com\/is\/vorur\/siun\/thurr-siun\/","og_locale":"is_IS","og_type":"article","og_title":"Dry filtration","og_description":"Industrial dry-gas filtration and dust-removal solutions from Filtnor. Filter cartridges, filter mats, gas-phase media and high-temperature filtration for demanding processes.","og_url":"https:\/\/www.filtnor.com\/is\/vorur\/siun\/thurr-siun\/","og_site_name":"Filtnor","article_modified_time":"2025-11-17T13:01:50+00:00","twitter_card":"summary_large_image","twitter_misc":{"Est. reading time":"2 minutes"},"schema":{"@context":"https:\/\/schema.org","@graph":[{"@type":"WebPage","@id":"https:\/\/www.filtnor.com\/products\/filtration\/dry-filtration\/","url":"https:\/\/www.filtnor.com\/products\/filtration\/dry-filtration\/","name":"\u00deurrs\u00edun - Filtnor","isPartOf":{"@id":"https:\/\/www.filtnor.com\/#website"},"datePublished":"2024-10-09T20:00:33+00:00","dateModified":"2025-11-17T13:01:50+00:00","description":"\u00deurrgass\u00edun og rykhreinsunarlausnir fyrir i\u00f0na\u00f0 fr\u00e1 Filtnor. S\u00eduhylki, s\u00edumottur, gasfasami\u00f0lar og h\u00e1hitas\u00edun fyrir krefjandi ferli.","breadcrumb":{"@id":"https:\/\/www.filtnor.com\/products\/filtration\/dry-filtration\/#breadcrumb"},"inLanguage":"is","potentialAction":[{"@type":"ReadAction","target":["https:\/\/www.filtnor.com\/products\/filtration\/dry-filtration\/"]}]},{"@type":"BreadcrumbList","@id":"https:\/\/www.filtnor.com\/products\/filtration\/dry-filtration\/#breadcrumb","itemListElement":[{"@type":"ListItem","position":1,"name":"Home","item":"https:\/\/www.filtnor.com\/"},{"@type":"ListItem","position":2,"name":"Product groups from Filtnor","item":"https:\/\/www.filtnor.com\/products\/"},{"@type":"ListItem","position":3,"name":"Filtration","item":"https:\/\/www.filtnor.com\/products\/filtration\/"},{"@type":"ListItem","position":4,"name":"Dry filtration"}]},{"@type":"WebSite","@id":"https:\/\/www.filtnor.com\/#website","url":"https:\/\/www.filtnor.com\/","name":"Filtnor","description":"S\u00edun sem \u00fe\u00fa getur treyst. Afk\u00f6st sem endast.","potentialAction":[{"@type":"SearchAction","target":{"@type":"EntryPoint","urlTemplate":"https:\/\/www.filtnor.com\/?s={search_term_string}"},"query-input":{"@type":"PropertyValueSpecification","valueRequired":true,"valueName":"search_term_string"}}],"inLanguage":"is"}]}},"_links":{"self":[{"href":"https:\/\/www.filtnor.com\/is\/wp-json\/wp\/v2\/pages\/5476","targetHints":{"allow":["GET"]}}],"collection":[{"href":"https:\/\/www.filtnor.com\/is\/wp-json\/wp\/v2\/pages"}],"about":[{"href":"https:\/\/www.filtnor.com\/is\/wp-json\/wp\/v2\/types\/page"}],"author":[{"embeddable":true,"href":"https:\/\/www.filtnor.com\/is\/wp-json\/wp\/v2\/users\/1"}],"replies":[{"embeddable":true,"href":"https:\/\/www.filtnor.com\/is\/wp-json\/wp\/v2\/comments?post=5476"}],"version-history":[{"count":39,"href":"https:\/\/www.filtnor.com\/is\/wp-json\/wp\/v2\/pages\/5476\/revisions"}],"predecessor-version":[{"id":6352,"href":"https:\/\/www.filtnor.com\/is\/wp-json\/wp\/v2\/pages\/5476\/revisions\/6352"}],"up":[{"embeddable":true,"href":"https:\/\/www.filtnor.com\/is\/wp-json\/wp\/v2\/pages\/4424"}],"wp:attachment":[{"href":"https:\/\/www.filtnor.com\/is\/wp-json\/wp\/v2\/media?parent=5476"}],"curies":[{"name":"wp","href":"https:\/\/api.w.org\/{rel}","templated":true}]}}