{"id":5073,"date":"2024-08-25T14:52:32","date_gmt":"2024-08-25T12:52:32","guid":{"rendered":"https:\/\/www.filtnor.com\/?page_id=5073"},"modified":"2024-08-25T22:26:03","modified_gmt":"2024-08-25T20:26:03","slug":"nalarlokar","status":"publish","type":"page","link":"https:\/\/www.filtnor.com\/is\/vorur\/vokvamedhondlun\/lokar\/nalarlokar\/","title":{"rendered":"N\u00e1larlokar"},"content":{"rendered":"<div class=\"wpb-content-wrapper\"><div class=\"vc_row wpb_row vc_row-fluid vc_custom_1724585508983\"><div class=\"wpb_column vc_column_container vc_col-sm-12 vc_col-lg-6 vc_col-md-6\"><div class=\"vc_column-inner\"><div class=\"wpb_wrapper\"><div class=\"section-title-wrapper shortcode-rand-2 induzy-inline-css\" data-css=\"&quot;.shortcode-rand-2 .title-separator.separator-border { background-color: ; }.shortcode-rand-2 .section-title { text-transform: none; }&quot;\"><div class=\"title-wrap\"><h2 class=\"section-title\">N\u00e1larlokar <span class=\"title-suffix theme-color\">til a\u00f0 stj\u00f3rna fl\u00e6\u00f0i n\u00e1kv\u00e6mlega<\/span><\/h2><span class=\"title-separator separator-border theme-color-bg\"><\/span><\/div><!-- .title-wrap --><div class=\"section-description\">N\u00e1larlokar bj\u00f3\u00f0a upp \u00e1 mj\u00f6g g\u00f3\u00f0a fl\u00e6\u00f0isst\u00fdringu og geta au\u00f0veldlega tekist \u00e1 vi\u00f0 mikinn \u00fer\u00fdsting.<\/p>\n<p>N\u00e1larlokinn er einn \u00f6ruggasti lokinn til a\u00f0 nota til a\u00f0 koma \u00ed veg fyrir skemmdir og leka \u00e1 lokunum.<\/p>\n<p>&nbsp;<\/p>\n<p><strong>Vi\u00f0 h\u00f6fum margar mismunandi n\u00e1larloka \u00ed v\u00f6ru\u00farvali okkar, \u00fear sem sumir henta betur en a\u00f0rir fyrir \u00e1kve\u00f0nar notkunarm\u00f6guleika, svo haf\u00f0u samband vi\u00f0 okkur og l\u00e1ttu lokas\u00e9rfr\u00e6\u00f0inga okkar finna hentugasta klemmulokann fyrir \u00feitt ferli.<\/strong><\/div><!-- .section-description --><\/div><!-- .section-title-wrapper --><div class=\"feature-box-wrapper feature-box-style-1 vc_custom_1724587656213 shortcode-rand-3 induzy-inline-css\" data-css=\"&quot;.shortcode-rand-3.feature-box-wrapper {background: -moz-linear-gradient(141deg,  0%,  51%,  75%);\\r\\n\\t\\t\\t\\tbackground: -webkit-linear-gradient(141deg,  0%,  51%,  75%);\\r\\n\\t\\t\\t\\tbackground: linear-gradient(141deg,  0%,  51%,  75%);}.shortcode-rand-3 .feature-box-icon { font-size: 24px; }.shortcode-rand-3 .feature-box-icon { height: 48px; width: 48px; }.shortcode-rand-3 .feature-box-icon &gt; span { line-height: 2; }.shortcode-rand-3:hover .feature-box-icon { background: none; }&quot;\" ><div class=\"feature-box-btn\"><a class=\"btn default\" href=\"https:\/\/www.filtnor.com\/is\/hafdu-samband-vid-okkur\/\" title=\"SENDA FYRIRSPURN \u00bb\">SENDA FYRIRSPURN \u00bb<\/a><\/div><!-- .feature-box-btn --><\/div><!-- .feature-box-wrapper --><\/div><\/div><\/div><div class=\"wpb_column vc_column_container vc_col-sm-12 vc_col-lg-6 vc_col-md-6\"><div class=\"vc_column-inner\"><div class=\"wpb_wrapper\">\n\t<div  class=\"wpb_single_image wpb_content_element vc_align_left wpb_content_element\">\n\t\t\n\t\t<figure class=\"wpb_wrapper vc_figure\">\n\t\t\t<div class=\"vc_single_image-wrapper   vc_box_border_grey\"><\/div>\n\t\t<\/figure>\n\t<\/div>\n<\/div><\/div><\/div><\/div><div class=\"vc_row wpb_row vc_row-fluid vc_custom_1724525180141\"><div class=\"wpb_column vc_column_container vc_col-sm-6\"><div class=\"vc_column-inner\"><div class=\"wpb_wrapper\"><div class=\"section-title-wrapper shortcode-rand-5 induzy-inline-css\" data-css=\"&quot;.shortcode-rand-5 .title-separator.separator-border { background-color: ; }.shortcode-rand-5 .section-title { text-transform: none; }&quot;\"><div class=\"title-wrap\"><h4 class=\"section-title\">Lokunarloki <span class=\"title-suffix theme-color\">e\u00f0a stj\u00f3rnloki<\/span><\/h4><span class=\"title-separator separator-border theme-color-bg\"><\/span><\/div><!-- .title-wrap --><div class=\"section-description\">N\u00e1larlokar eru f\u00e1anlegir b\u00e6\u00f0i sem lokunarlokar og stj\u00f3rnlokar, og eru f\u00e1anlegir b\u00e6\u00f0i me\u00f0 handst\u00fdringu og sj\u00e1lfvirkri st\u00fdringu me\u00f0 aktuator.<\/div><!-- .section-description --><\/div><!-- .section-title-wrapper --><\/div><\/div><\/div><div class=\"wpb_column vc_column_container vc_col-sm-6\"><div class=\"vc_column-inner\"><div class=\"wpb_wrapper\"><div class=\"section-title-wrapper margin-bottom-30 shortcode-rand-6 induzy-inline-css\" data-css=\"&quot;.shortcode-rand-6 .title-separator.separator-border { background-color: ; }.shortcode-rand-6 .section-title { text-transform: none; }&quot;\"><div class=\"title-wrap\"><h4 class=\"section-title\">Sumir af kostunum <span class=\"title-suffix theme-color\">me\u00f0 n\u00e1larlokum<\/span><\/h4><span class=\"title-separator separator-border theme-color-bg\"><\/span><\/div><!-- .title-wrap --><div class=\"section-description\"><\/div><!-- .section-description --><\/div><!-- .section-title-wrapper --><div class=\"list-item-wrapper\" data-css=\"&quot;&quot;\"><div class=\"list-item-inner\" data-css=\"&quot;&quot;\"><div class=\"list-item-title media\"><span class=\"mr-3 icon-light fas fa-check\"><\/span><div class=\"media-body align-self-center list-item-desc\">Fr\u00e1b\u00e6r fl\u00e6\u00f0istj\u00f3rnun<\/div><\/div><!-- .list-item-title --><\/div><!-- .list-item-inner --><div class=\"list-item-inner\" data-css=\"&quot;&quot;\"><div class=\"list-item-title media\"><span class=\"mr-3 icon-light fas fa-check\"><\/span><div class=\"media-body align-self-center list-item-desc\">Mj\u00f6g \u00f6ruggt gegn leka<\/div><\/div><!-- .list-item-title --><\/div><!-- .list-item-inner --><div class=\"list-item-inner\" data-css=\"&quot;&quot;\"><div class=\"list-item-title media\"><span class=\"mr-3 icon-light fas fa-check\"><\/span><div class=\"media-body align-self-center list-item-desc\">Sterk h\u00f6nnun sem erfitt er a\u00f0 ey\u00f0ileggja<\/div><\/div><!-- .list-item-title --><\/div><!-- .list-item-inner --><div class=\"list-item-inner\" data-css=\"&quot;&quot;\"><div class=\"list-item-title media\"><span class=\"mr-3 icon-light fas fa-check\"><\/span><div class=\"media-body align-self-center list-item-desc\">F\u00e1anlegt me\u00f0 sj\u00e1lfvirkni og sem snjallloki (IIoT)<\/div><\/div><!-- .list-item-title --><\/div><!-- .list-item-inner --><\/div><!-- .list-item-wrapper --><\/div><\/div><\/div><\/div><div class=\"vc_row wpb_row vc_row-fluid vc_custom_1691588774257\"><div class=\"wpb_column vc_column_container vc_col-sm-6\"><div class=\"vc_column-inner\"><div class=\"wpb_wrapper\"><div class=\"section-title-wrapper shortcode-rand-13 induzy-inline-css\" data-css=\"&quot;.shortcode-rand-13 .title-separator.separator-border { background-color: ; }.shortcode-rand-13 .section-title { text-transform: none; }&quot;\"><div class=\"title-wrap\"><h4 class=\"section-title\">Snjallloki <span class=\"title-suffix theme-color\">me\u00f0 IIoT<\/span><\/h4><span class=\"title-separator separator-border theme-color-bg\"><\/span><\/div><!-- .title-wrap --><div class=\"section-description\">N\u00e1larlokarnir okkar eru f\u00e1anlegir sem snjalllokar fyrir IIoT, tilb\u00fanir til notkunar me\u00f0 snjallhugb\u00fana\u00f0i. \u00deetta gerir \u00fe\u00e9r kleift a\u00f0 fylgjast me\u00f0 lokunum beint af skj\u00e1num \u00fe\u00ednum og f\u00e1 sk\u00fdrslur og tilkynningar.<\/p>\n<p>Sameina\u00f0u \u00feennan loka me\u00f0 snjallhugb\u00fana\u00f0inum okkar fr\u00e1 Roxia Malibu og f\u00e1\u00f0u samsetta eftirlit me\u00f0 ferlum \u00e1 netinu og \u00e1standseftirlit me\u00f0 v\u00e9lum. \u00deetta mun hj\u00e1lpa \u00fe\u00e9r a\u00f0 auka skilvirkni og l\u00e6kka kostna\u00f0 me\u00f0 \u00fev\u00ed a\u00f0 minnka \u00f3\u00fearfa vi\u00f0hald og h\u00e1marka orkunotkun.<\/div><!-- .section-description --><\/div><!-- .section-title-wrapper --><\/div><\/div><\/div><div class=\"wpb_column vc_column_container vc_col-sm-6\"><div class=\"vc_column-inner\"><div class=\"wpb_wrapper\">\n\t<div  class=\"wpb_single_image wpb_content_element vc_align_left wpb_content_element\">\n\t\t\n\t\t<figure class=\"wpb_wrapper vc_figure\">\n\t\t\t<div class=\"vc_single_image-wrapper   vc_box_border_grey\"><img loading=\"lazy\" decoding=\"async\" width=\"768\" height=\"456\" src=\"https:\/\/www.filtnor.com\/wp-content\/uploads\/2024\/06\/products_smart-solutions-01-768x456.png\" class=\"vc_single_image-img attachment-medium\" alt=\"Snjallar lausnir\" title=\"products_snjallar-lausnir-01\" srcset=\"https:\/\/www.filtnor.com\/wp-content\/uploads\/2024\/06\/products_smart-solutions-01-768x456.png 768w, https:\/\/www.filtnor.com\/wp-content\/uploads\/2024\/06\/products_smart-solutions-01-1170x694.png 1170w, https:\/\/www.filtnor.com\/wp-content\/uploads\/2024\/06\/products_smart-solutions-01-18x12.png 18w, https:\/\/www.filtnor.com\/wp-content\/uploads\/2024\/06\/products_smart-solutions-01-440x260.png 440w, https:\/\/www.filtnor.com\/wp-content\/uploads\/2024\/06\/products_smart-solutions-01-390x231.png 390w, https:\/\/www.filtnor.com\/wp-content\/uploads\/2024\/06\/products_smart-solutions-01-220x130.png 220w\" sizes=\"auto, (max-width: 768px) 100vw, 768px\" \/><\/div>\n\t\t<\/figure>\n\t<\/div>\n<\/div><\/div><\/div><\/div><div class=\"vc_row wpb_row vc_row-fluid vc_custom_1724525173424\"><div class=\"wpb_column vc_column_container vc_col-sm-8\"><div class=\"vc_column-inner\"><div class=\"wpb_wrapper\"><div class=\"section-title-wrapper shortcode-rand-15 induzy-inline-css\" data-css=\"&quot;.shortcode-rand-15 .title-separator.separator-border { background-color: ; }.shortcode-rand-15 .section-title { text-transform: none; }&quot;\"><div class=\"title-wrap\"><h4 class=\"section-title\">Uppl\u00fdsingar<\/h4><span class=\"title-separator separator-border theme-color-bg\"><\/span><\/div><!-- .title-wrap --><div class=\"section-description\"><strong>St\u00e6r\u00f0:<\/strong><br \/>\nDN25 \u2013 DN200<\/p>\n<p><strong>Efnisval:<\/strong><br \/>\nHaf\u00f0u samband vi\u00f0 okkur.<\/div><!-- .section-description --><\/div><!-- .section-title-wrapper --><\/div><\/div><\/div><div class=\"wpb_column vc_column_container vc_col-sm-4\"><div class=\"vc_column-inner\"><div class=\"wpb_wrapper\"><\/div><\/div><\/div><\/div><div data-vc-full-width=\"true\" data-vc-full-width-init=\"false\" class=\"vc_row wpb_row vc_row-fluid additional-call-to-action vc_custom_1691588100630 vc_row-has-fill\"><div class=\"wpb_column vc_column_container vc_col-sm-12\"><div class=\"vc_column-inner\"><div class=\"wpb_wrapper\"><div class=\"vc_row wpb_row vc_inner vc_row-fluid\"><div class=\"wpb_column vc_column_container vc_col-sm-12 vc_col-lg-9 vc_col-md-12\"><div class=\"vc_column-inner\"><div class=\"wpb_wrapper\"><div class=\"feature-box-wrapper feature-box-style-1 shortcode-rand-17 induzy-inline-css feature-list-1\" data-css=\"&quot;.shortcode-rand-17.feature-box-wrapper { color: #000000; }.shortcode-rand-17.feature-box-wrapper {background: -moz-linear-gradient(141deg,  0%,  51%,  75%);\\r\\n\\t\\t\\t\\tbackground: -webkit-linear-gradient(141deg,  0%,  51%,  75%);\\r\\n\\t\\t\\t\\tbackground: linear-gradient(141deg,  0%,  51%,  75%);}.shortcode-rand-17 .feature-box-icon { font-size: 30px; }.shortcode-rand-17 .feature-box-icon { height: 60px; width: 60px; }.shortcode-rand-17 .feature-box-icon &gt; span { line-height: 2; }.shortcode-rand-17:hover .feature-box-icon { background: none; }&quot;\" ><div class=\"fbox-list\"><div class=\"media\"><div class=\"feature-box-icon mr-3 text-center rounded-circle none\"><span class=\"\"><\/span><\/div><!-- .feature-box-icon --><div class=\"media-body\"><div class=\"feature-box-title\"><h4 class=\"section-title\">Finnur \u00fe\u00fa ekki \u00fea\u00f0 sem \u00fe\u00fa ert a\u00f0 leita a\u00f0?<\/h4><\/div><!-- .feature-box-title --><div class=\"feature-box-content\">Haf\u00f0u samband vi\u00f0 okkur og vi\u00f0 hj\u00e1lpum \u00fe\u00e9r a\u00f0 finna \u00fea\u00f0 \u00fat!<\/div><!-- .feature-box-content --><\/div><\/div><\/div><\/div><!-- .feature-box-wrapper --><\/div><\/div><\/div><div class=\"wpb_column vc_column_container vc_col-sm-12 vc_col-lg-3 vc_col-md-12\"><div class=\"vc_column-inner vc_custom_1691588352947\"><div class=\"wpb_wrapper\"><div class=\"vc_btn3-container  additional-btn vc_btn3-right vc_custom_1724524458603 vc_do_btn\" ><a style=\"background-color:#06295e; color:#ffffff;\" class=\"vc_general vc_btn3 vc_btn3-size-md vc_btn3-shape-rounded vc_btn3-style-custom\" href=\"https:\/\/www.filtnor.com\/is\/hafdu-samband-vid-okkur\/\" title=\"Haf\u00f0u samband vi\u00f0 okkur\">SENDA FYRIRSPURN \u00bb<\/a><\/div><\/div><\/div><\/div><\/div><\/div><\/div><\/div><\/div><div class=\"vc_row-full-width vc_clearfix\"><\/div>\n<\/div>","protected":false},"excerpt":{"rendered":"Needle valves for accurately control flowNeedle valves offer a very good flow control and can easily handle high pressures. The needle valve is one of the safest valve to use to avoid\u00a0 valve damages and leakages. &nbsp; We have many different needle valves in our portfolio, where some are better suited than others for certain","protected":false},"author":1,"featured_media":0,"parent":4130,"menu_order":0,"comment_status":"closed","ping_status":"closed","template":"","meta":{"om_disable_all_campaigns":false,"footnotes":""},"class_list":["post-5073","page","type-page","status-publish","hentry"],"yoast_head":"<!-- This site is optimized with the Yoast SEO Premium plugin v26.1 (Yoast SEO v27.4) - https:\/\/yoast.com\/product\/yoast-seo-premium-wordpress\/ -->\n<title>Needle valves - Filtnor<\/title>\n<meta name=\"description\" content=\"Needle valves with actuators and limit switches. Get your industrial needle valve today as a smart valve. Many material options.\" \/>\n<meta name=\"robots\" content=\"index, follow, max-snippet:-1, max-image-preview:large, max-video-preview:-1\" \/>\n<link rel=\"canonical\" href=\"https:\/\/www.filtnor.com\/is\/vorur\/vokvamedhondlun\/lokar\/nalarlokar\/\" \/>\n<meta property=\"og:locale\" content=\"is_IS\" \/>\n<meta property=\"og:type\" content=\"article\" \/>\n<meta property=\"og:title\" content=\"Needle valves\" \/>\n<meta property=\"og:description\" content=\"Needle valves with actuators and limit switches. Get your industrial needle valve today as a smart valve. Many material options.\" \/>\n<meta property=\"og:url\" content=\"https:\/\/www.filtnor.com\/is\/vorur\/vokvamedhondlun\/lokar\/nalarlokar\/\" \/>\n<meta property=\"og:site_name\" content=\"Filtnor\" \/>\n<meta property=\"article:modified_time\" content=\"2024-08-25T20:26:03+00:00\" \/>\n<meta name=\"twitter:card\" content=\"summary_large_image\" \/>\n<meta name=\"twitter:label1\" content=\"Est. reading time\" \/>\n\t<meta name=\"twitter:data1\" content=\"2 minutes\" \/>\n<script type=\"application\/ld+json\" class=\"yoast-schema-graph\">{\"@context\":\"https:\\\/\\\/schema.org\",\"@graph\":[{\"@type\":\"WebPage\",\"@id\":\"https:\\\/\\\/www.filtnor.com\\\/products\\\/fluid-handling\\\/valves\\\/needle-valves\\\/\",\"url\":\"https:\\\/\\\/www.filtnor.com\\\/products\\\/fluid-handling\\\/valves\\\/needle-valves\\\/\",\"name\":\"Needle valves - Filtnor\",\"isPartOf\":{\"@id\":\"https:\\\/\\\/www.filtnor.com\\\/#website\"},\"datePublished\":\"2024-08-25T12:52:32+00:00\",\"dateModified\":\"2024-08-25T20:26:03+00:00\",\"description\":\"Needle valves with actuators and limit switches. Get your industrial needle valve today as a smart valve. Many material options.\",\"breadcrumb\":{\"@id\":\"https:\\\/\\\/www.filtnor.com\\\/products\\\/fluid-handling\\\/valves\\\/needle-valves\\\/#breadcrumb\"},\"inLanguage\":\"is\",\"potentialAction\":[{\"@type\":\"ReadAction\",\"target\":[\"https:\\\/\\\/www.filtnor.com\\\/products\\\/fluid-handling\\\/valves\\\/needle-valves\\\/\"]}]},{\"@type\":\"BreadcrumbList\",\"@id\":\"https:\\\/\\\/www.filtnor.com\\\/products\\\/fluid-handling\\\/valves\\\/needle-valves\\\/#breadcrumb\",\"itemListElement\":[{\"@type\":\"ListItem\",\"position\":1,\"name\":\"Home\",\"item\":\"https:\\\/\\\/www.filtnor.com\\\/\"},{\"@type\":\"ListItem\",\"position\":2,\"name\":\"Product groups from Filtnor\",\"item\":\"https:\\\/\\\/www.filtnor.com\\\/products\\\/\"},{\"@type\":\"ListItem\",\"position\":3,\"name\":\"Fluid handling\",\"item\":\"https:\\\/\\\/www.filtnor.com\\\/products\\\/fluid-handling\\\/\"},{\"@type\":\"ListItem\",\"position\":4,\"name\":\"Valves\",\"item\":\"https:\\\/\\\/www.filtnor.com\\\/products\\\/fluid-handling\\\/valves\\\/\"},{\"@type\":\"ListItem\",\"position\":5,\"name\":\"Needle valves\"}]},{\"@type\":\"WebSite\",\"@id\":\"https:\\\/\\\/www.filtnor.com\\\/#website\",\"url\":\"https:\\\/\\\/www.filtnor.com\\\/\",\"name\":\"Filtnor\",\"description\":\"Filtration you can trust. Performance that lasts.\",\"potentialAction\":[{\"@type\":\"SearchAction\",\"target\":{\"@type\":\"EntryPoint\",\"urlTemplate\":\"https:\\\/\\\/www.filtnor.com\\\/?s={search_term_string}\"},\"query-input\":{\"@type\":\"PropertyValueSpecification\",\"valueRequired\":true,\"valueName\":\"search_term_string\"}}],\"inLanguage\":\"is\"}]}<\/script>\n<!-- \/ Yoast SEO Premium plugin. -->","yoast_head_json":{"title":"N\u00e1larlokar - Filtnor","description":"N\u00e1larlokar me\u00f0 st\u00fdrib\u00fana\u00f0i og takm\u00f6rkunarrofa. F\u00e1\u00f0u \u00fe\u00e9r i\u00f0na\u00f0arn\u00e1lloka \u00ed dag sem snjallloka. Fj\u00f6lbreytt \u00farval af efni.","robots":{"index":"index","follow":"follow","max-snippet":"max-snippet:-1","max-image-preview":"max-image-preview:large","max-video-preview":"max-video-preview:-1"},"canonical":"https:\/\/www.filtnor.com\/is\/vorur\/vokvamedhondlun\/lokar\/nalarlokar\/","og_locale":"is_IS","og_type":"article","og_title":"Needle valves","og_description":"Needle valves with actuators and limit switches. Get your industrial needle valve today as a smart valve. Many material options.","og_url":"https:\/\/www.filtnor.com\/is\/vorur\/vokvamedhondlun\/lokar\/nalarlokar\/","og_site_name":"Filtnor","article_modified_time":"2024-08-25T20:26:03+00:00","twitter_card":"summary_large_image","twitter_misc":{"Est. reading time":"2 minutes"},"schema":{"@context":"https:\/\/schema.org","@graph":[{"@type":"WebPage","@id":"https:\/\/www.filtnor.com\/products\/fluid-handling\/valves\/needle-valves\/","url":"https:\/\/www.filtnor.com\/products\/fluid-handling\/valves\/needle-valves\/","name":"N\u00e1larlokar - Filtnor","isPartOf":{"@id":"https:\/\/www.filtnor.com\/#website"},"datePublished":"2024-08-25T12:52:32+00:00","dateModified":"2024-08-25T20:26:03+00:00","description":"N\u00e1larlokar me\u00f0 st\u00fdrib\u00fana\u00f0i og takm\u00f6rkunarrofa. F\u00e1\u00f0u \u00fe\u00e9r i\u00f0na\u00f0arn\u00e1lloka \u00ed dag sem snjallloka. Fj\u00f6lbreytt \u00farval af efni.","breadcrumb":{"@id":"https:\/\/www.filtnor.com\/products\/fluid-handling\/valves\/needle-valves\/#breadcrumb"},"inLanguage":"is","potentialAction":[{"@type":"ReadAction","target":["https:\/\/www.filtnor.com\/products\/fluid-handling\/valves\/needle-valves\/"]}]},{"@type":"BreadcrumbList","@id":"https:\/\/www.filtnor.com\/products\/fluid-handling\/valves\/needle-valves\/#breadcrumb","itemListElement":[{"@type":"ListItem","position":1,"name":"Home","item":"https:\/\/www.filtnor.com\/"},{"@type":"ListItem","position":2,"name":"Product groups from Filtnor","item":"https:\/\/www.filtnor.com\/products\/"},{"@type":"ListItem","position":3,"name":"Fluid handling","item":"https:\/\/www.filtnor.com\/products\/fluid-handling\/"},{"@type":"ListItem","position":4,"name":"Valves","item":"https:\/\/www.filtnor.com\/products\/fluid-handling\/valves\/"},{"@type":"ListItem","position":5,"name":"Needle valves"}]},{"@type":"WebSite","@id":"https:\/\/www.filtnor.com\/#website","url":"https:\/\/www.filtnor.com\/","name":"Filtnor","description":"S\u00edun sem \u00fe\u00fa getur treyst. Afk\u00f6st sem endast.","potentialAction":[{"@type":"SearchAction","target":{"@type":"EntryPoint","urlTemplate":"https:\/\/www.filtnor.com\/?s={search_term_string}"},"query-input":{"@type":"PropertyValueSpecification","valueRequired":true,"valueName":"search_term_string"}}],"inLanguage":"is"}]}},"_links":{"self":[{"href":"https:\/\/www.filtnor.com\/is\/wp-json\/wp\/v2\/pages\/5073","targetHints":{"allow":["GET"]}}],"collection":[{"href":"https:\/\/www.filtnor.com\/is\/wp-json\/wp\/v2\/pages"}],"about":[{"href":"https:\/\/www.filtnor.com\/is\/wp-json\/wp\/v2\/types\/page"}],"author":[{"embeddable":true,"href":"https:\/\/www.filtnor.com\/is\/wp-json\/wp\/v2\/users\/1"}],"replies":[{"embeddable":true,"href":"https:\/\/www.filtnor.com\/is\/wp-json\/wp\/v2\/comments?post=5073"}],"version-history":[{"count":3,"href":"https:\/\/www.filtnor.com\/is\/wp-json\/wp\/v2\/pages\/5073\/revisions"}],"predecessor-version":[{"id":5100,"href":"https:\/\/www.filtnor.com\/is\/wp-json\/wp\/v2\/pages\/5073\/revisions\/5100"}],"up":[{"embeddable":true,"href":"https:\/\/www.filtnor.com\/is\/wp-json\/wp\/v2\/pages\/4130"}],"wp:attachment":[{"href":"https:\/\/www.filtnor.com\/is\/wp-json\/wp\/v2\/media?parent=5073"}],"curies":[{"name":"wp","href":"https:\/\/api.w.org\/{rel}","templated":true}]}}