{"id":4948,"date":"2024-08-13T12:22:56","date_gmt":"2024-08-13T10:22:56","guid":{"rendered":"https:\/\/www.filtnor.com\/?page_id=4948"},"modified":"2024-08-31T01:28:30","modified_gmt":"2024-08-30T23:28:30","slug":"algengar-spurningar","status":"publish","type":"page","link":"https:\/\/www.filtnor.com\/is\/algengar-spurningar\/","title":{"rendered":"Algengar spurningar"},"content":{"rendered":"<div class=\"wpb-content-wrapper\"><div class=\"vc_row wpb_row vc_row-fluid vc_custom_1509079967549\"><div class=\"wpb_column vc_column_container vc_col-sm-6\"><div class=\"vc_column-inner\"><div class=\"wpb_wrapper\"><div  class=\"vc_do_toggle vc_toggle vc_toggle_default vc_toggle_color_default  vc_toggle_size_md vc_toggle_active\"><div class=\"vc_toggle_title\"><h4>Hva\u00f0a \u00fe\u00e6ttir eru mikilv\u00e6gir \u00ed s\u00edun?<\/h4><i class=\"vc_toggle_icon\"><\/i><\/div><div class=\"vc_toggle_content\"><p>Margir \u00fe\u00e6ttir hafa \u00e1hrif \u00e1 s\u00edunareiginleika, en sumir af mikilv\u00e6gustu \u00fe\u00e1ttunum eru innihald fastra efna, agnast\u00e6r\u00f0ir, hitastig, pH-gildi og fleira.<\/p>\n<\/div><\/div><div  class=\"vc_do_toggle vc_toggle vc_toggle_default vc_toggle_color_default  vc_toggle_size_md\"><div class=\"vc_toggle_title\"><h4>Hva\u00f0 getur valdi\u00f0 lengri s\u00edunart\u00edma?<\/h4><i class=\"vc_toggle_icon\"><\/i><\/div><div class=\"vc_toggle_content\"><p>Ef erfi\u00f0leikar eru vi\u00f0 a\u00f0 mynda s\u00eduk\u00f6ku getur veri\u00f0 nau\u00f0synlegt a\u00f0 auka \u00feurrefnisinnihaldi\u00f0 og nota \u00feykkingarefni.<\/p>\n<\/div><\/div><div  class=\"vc_do_toggle vc_toggle vc_toggle_default vc_toggle_color_default  vc_toggle_size_md\"><div class=\"vc_toggle_title\"><h4>Af hverju er s\u00eduv\u00f6kvinn ekki t\u00e6r \u00ed upphafi n\u00fds hrings?<\/h4><i class=\"vc_toggle_icon\"><\/i><\/div><div class=\"vc_toggle_content\"><p>\u00dea\u00f0 tekur sm\u00e1 t\u00edma fyrir s\u00eduk\u00f6kuna a\u00f0 byrja a\u00f0 myndast og mynda forh\u00fa\u00f0, og v\u00f6kvinn sem fer \u00ed gegn \u00e1\u00f0ur en \u00feetta er gert ver\u00f0ur ekki s\u00eda\u00f0ur eins t\u00e6r. \u00deess vegna er algengt a\u00f0 lykkjuleggja fyrsta s\u00eduv\u00f6kvann aftur \u00ed le\u00f0juna ef \u00fe\u00fa vilt a\u00f0eins f\u00e1 h\u00e1g\u00e6\u00f0a s\u00eduv\u00f6kva.<\/p>\n<\/div><\/div><div  class=\"vc_do_toggle vc_toggle vc_toggle_default vc_toggle_color_default  vc_toggle_size_md\"><div class=\"vc_toggle_title\"><h4>Hvernig veistu hven\u00e6r hringr\u00e1s er b\u00fain?<\/h4><i class=\"vc_toggle_icon\"><\/i><\/div><div class=\"vc_toggle_content\"><p>\u00cd lok lotunnar muntu finna fyrir h\u00e6rri \u00fer\u00fdstingi og s\u00eduv\u00f6kvafl\u00e6\u00f0i\u00f0 ver\u00f0ur mj\u00f6g l\u00edti\u00f0. \u00deetta gefur til kynna a\u00f0 h\u00f3lfi\u00f0 s\u00e9 fullt og a\u00f0 \u00fe\u00f6rf s\u00e9 \u00e1 k\u00f6ku\u00fatfellingu.<\/p>\n<\/div><\/div><div  class=\"vc_do_toggle vc_toggle vc_toggle_default vc_toggle_color_default  vc_toggle_size_md\"><div class=\"vc_toggle_title\"><h4>Er h\u00e6gt a\u00f0 \u00fevo s\u00eduk\u00f6kuna?<\/h4><i class=\"vc_toggle_icon\"><\/i><\/div><div class=\"vc_toggle_content\"><p>Ef \u00fe\u00fa \u00fearft til d\u00e6mis a\u00f0 stilla pH-gildi s\u00eduk\u00f6kunnar getur\u00f0u \u00fevegi\u00f0 s\u00eduk\u00f6kuna me\u00f0 h\u00e1\u00fer\u00fdstivatni \u00ed lok lotunnar.<\/p>\n<\/div><\/div><div  class=\"vc_do_toggle vc_toggle vc_toggle_default vc_toggle_color_default  vc_toggle_size_md\"><div class=\"vc_toggle_title\"><h4>Er h\u00e6gt a\u00f0 \u00feurrka s\u00eduk\u00f6kuna?<\/h4><i class=\"vc_toggle_icon\"><\/i><\/div><div class=\"vc_toggle_content\"><p>Ef s\u00edukakan er ekki n\u00f3gu \u00feurr er h\u00e6gt a\u00f0 nota \u00fer\u00fdstiloft til a\u00f0 bl\u00e1sa \u00ed gegnum hana til a\u00f0 \u00feurrka hana enn betur.<\/p>\n<\/div><\/div><div class=\"vc_empty_space\"   style=\"height: 50px\"><span class=\"vc_empty_space_inner\"><\/span><\/div><\/div><\/div><\/div><\/div><div data-vc-full-width=\"true\" data-vc-full-width-init=\"false\" class=\"vc_row wpb_row vc_row-fluid additional-call-to-action vc_custom_1723546147923 vc_row-has-fill\"><div class=\"wpb_column vc_column_container vc_col-sm-12\"><div class=\"vc_column-inner\"><div class=\"wpb_wrapper\"><div class=\"vc_row wpb_row vc_inner vc_row-fluid\"><div class=\"wpb_column vc_column_container vc_col-sm-12 vc_col-lg-9 vc_col-md-12\"><div class=\"vc_column-inner\"><div class=\"wpb_wrapper\"><div class=\"feature-box-wrapper feature-box-style-1 vc_custom_1723545974043 shortcode-rand-3 induzy-inline-css feature-list-1\" data-css=\"&quot;.shortcode-rand-3.feature-box-wrapper .section-title { color: #ffffff; }.shortcode-rand-3.feature-box-wrapper { color: #ffffff; }.shortcode-rand-3.feature-box-wrapper {background: -moz-linear-gradient(141deg,  0%,  51%,  75%);\\r\\n\\t\\t\\t\\tbackground: -webkit-linear-gradient(141deg,  0%,  51%,  75%);\\r\\n\\t\\t\\t\\tbackground: linear-gradient(141deg,  0%,  51%,  75%);}.shortcode-rand-3 .feature-box-icon { font-size: 30px; }.shortcode-rand-3 .feature-box-icon { height: 60px; width: 60px; }.shortcode-rand-3 .feature-box-icon &gt; span { line-height: 2; }.shortcode-rand-3 .feature-box-icon { color: #ffffff; }.shortcode-rand-3:hover .feature-box-icon { background: none; }.shortcode-rand-3 .feature-box-icon { border-style: solid; border-color: #ffffff; }.shortcode-rand-3 .feature-box-icon { border-width: 2px; }&quot;\" ><div class=\"fbox-list\"><div class=\"media\"><div class=\"feature-box-icon mr-3 text-center rounded-circle none\"><span class=\"fa fa-phone\"><\/span><\/div><!-- .feature-box-icon --><div class=\"media-body\"><div class=\"feature-box-title\"><h4 class=\"section-title\">Finnur \u00fe\u00fa ekki \u00fea\u00f0 sem \u00fe\u00fa ert a\u00f0 leita a\u00f0?<\/h4><\/div><!-- .feature-box-title --><div class=\"feature-box-content\">Haf\u00f0u samband vi\u00f0 okkur og vi\u00f0 hj\u00e1lpum \u00fe\u00e9r a\u00f0 finna \u00fea\u00f0 \u00fat!<\/div><!-- .feature-box-content --><\/div><\/div><\/div><\/div><!-- .feature-box-wrapper --><\/div><\/div><\/div><div class=\"wpb_column vc_column_container vc_col-sm-12 vc_col-lg-3 vc_col-md-12\"><div class=\"vc_column-inner vc_custom_1507708598258\"><div class=\"wpb_wrapper\"><div class=\"vc_btn3-container  additional-btn vc_btn3-right vc_custom_1723545928618 vc_do_btn\" ><a style=\"background-color:#ffffff; color:#000000;\" class=\"vc_general vc_btn3 vc_btn3-size-md vc_btn3-shape-square vc_btn3-style-custom\" href=\"https:\/\/www.filtnor.com\/is\/hafdu-samband-vid-okkur\/\" title=\"Haf\u00f0u samband vi\u00f0 okkur\">SENDA FYRIRSPURN \u00bb<\/a><\/div><\/div><\/div><\/div><\/div><\/div><\/div><\/div><\/div><div class=\"vc_row-full-width vc_clearfix\"><\/div>\n<\/div>","protected":false},"excerpt":{"rendered":"Hva\u00f0a \u00fe\u00e6ttir eru mikilv\u00e6gir \u00ed s\u00edun? Margir \u00fe\u00e6ttir hafa \u00e1hrif \u00e1 s\u00edunareiginleika, en sumir af mikilv\u00e6gustu \u00fe\u00e1ttunum eru magn fastra efna, agnast\u00e6r\u00f0ir, hitastig, pH gildi og fleira. Hva\u00f0 getur valdi\u00f0 lengri s\u00edunart\u00edma? Ef erfi\u00f0leikar eru vi\u00f0 a\u00f0 mynda s\u00eduk\u00f6ku getur veri\u00f0 nau\u00f0synlegt a\u00f0 auka magn fastra efna.","protected":false},"author":1,"featured_media":0,"parent":0,"menu_order":0,"comment_status":"closed","ping_status":"closed","template":"","meta":{"om_disable_all_campaigns":false,"footnotes":""},"class_list":["post-4948","page","type-page","status-publish","hentry"],"yoast_head":"<!-- This site is optimized with the Yoast SEO Premium plugin v26.1 (Yoast SEO v27.4) - https:\/\/yoast.com\/product\/yoast-seo-premium-wordpress\/ -->\n<title>FAQ - Filtnor<\/title>\n<meta name=\"description\" content=\"Questions and answers regarding pressure filters and industrial filtration processes. Learn about filter cake and filtration filtrate liquid.\" \/>\n<meta name=\"robots\" content=\"index, follow, max-snippet:-1, max-image-preview:large, max-video-preview:-1\" \/>\n<link rel=\"canonical\" href=\"https:\/\/www.filtnor.com\/is\/algengar-spurningar\/\" \/>\n<meta property=\"og:locale\" content=\"is_IS\" \/>\n<meta property=\"og:type\" content=\"article\" \/>\n<meta property=\"og:title\" content=\"FAQ\" \/>\n<meta property=\"og:description\" content=\"Questions and answers regarding pressure filters and industrial filtration processes. Learn about filter cake and filtration filtrate liquid.\" \/>\n<meta property=\"og:url\" content=\"https:\/\/www.filtnor.com\/is\/algengar-spurningar\/\" \/>\n<meta property=\"og:site_name\" content=\"Filtnor\" \/>\n<meta property=\"article:modified_time\" content=\"2024-08-30T23:28:30+00:00\" \/>\n<meta name=\"twitter:card\" content=\"summary_large_image\" \/>\n<meta name=\"twitter:label1\" content=\"Est. reading time\" \/>\n\t<meta name=\"twitter:data1\" content=\"2 minutes\" \/>\n<script type=\"application\/ld+json\" class=\"yoast-schema-graph\">{\"@context\":\"https:\\\/\\\/schema.org\",\"@graph\":[{\"@type\":\"WebPage\",\"@id\":\"https:\\\/\\\/www.filtnor.com\\\/faq\\\/\",\"url\":\"https:\\\/\\\/www.filtnor.com\\\/faq\\\/\",\"name\":\"FAQ - Filtnor\",\"isPartOf\":{\"@id\":\"https:\\\/\\\/www.filtnor.com\\\/#website\"},\"datePublished\":\"2024-08-13T10:22:56+00:00\",\"dateModified\":\"2024-08-30T23:28:30+00:00\",\"description\":\"Questions and answers regarding pressure filters and industrial filtration processes. Learn about filter cake and filtration filtrate liquid.\",\"breadcrumb\":{\"@id\":\"https:\\\/\\\/www.filtnor.com\\\/faq\\\/#breadcrumb\"},\"inLanguage\":\"is\",\"potentialAction\":[{\"@type\":\"ReadAction\",\"target\":[\"https:\\\/\\\/www.filtnor.com\\\/faq\\\/\"]}]},{\"@type\":\"BreadcrumbList\",\"@id\":\"https:\\\/\\\/www.filtnor.com\\\/faq\\\/#breadcrumb\",\"itemListElement\":[{\"@type\":\"ListItem\",\"position\":1,\"name\":\"Home\",\"item\":\"https:\\\/\\\/www.filtnor.com\\\/\"},{\"@type\":\"ListItem\",\"position\":2,\"name\":\"FAQ\"}]},{\"@type\":\"WebSite\",\"@id\":\"https:\\\/\\\/www.filtnor.com\\\/#website\",\"url\":\"https:\\\/\\\/www.filtnor.com\\\/\",\"name\":\"Filtnor\",\"description\":\"Filtration you can trust. Performance that lasts.\",\"potentialAction\":[{\"@type\":\"SearchAction\",\"target\":{\"@type\":\"EntryPoint\",\"urlTemplate\":\"https:\\\/\\\/www.filtnor.com\\\/?s={search_term_string}\"},\"query-input\":{\"@type\":\"PropertyValueSpecification\",\"valueRequired\":true,\"valueName\":\"search_term_string\"}}],\"inLanguage\":\"is\"}]}<\/script>\n<!-- \/ Yoast SEO Premium plugin. -->","yoast_head_json":{"title":"Algengar spurningar - Filtnor","description":"Spurningar og sv\u00f6r var\u00f0andi \u00fer\u00fdstis\u00edur og i\u00f0na\u00f0ars\u00edunarferli. Kynntu \u00fe\u00e9r s\u00eduk\u00f6ku og s\u00edunarv\u00f6kva.","robots":{"index":"index","follow":"follow","max-snippet":"max-snippet:-1","max-image-preview":"max-image-preview:large","max-video-preview":"max-video-preview:-1"},"canonical":"https:\/\/www.filtnor.com\/is\/algengar-spurningar\/","og_locale":"is_IS","og_type":"article","og_title":"FAQ","og_description":"Questions and answers regarding pressure filters and industrial filtration processes. Learn about filter cake and filtration filtrate liquid.","og_url":"https:\/\/www.filtnor.com\/is\/algengar-spurningar\/","og_site_name":"Filtnor","article_modified_time":"2024-08-30T23:28:30+00:00","twitter_card":"summary_large_image","twitter_misc":{"Est. reading time":"2 minutes"},"schema":{"@context":"https:\/\/schema.org","@graph":[{"@type":"WebPage","@id":"https:\/\/www.filtnor.com\/faq\/","url":"https:\/\/www.filtnor.com\/faq\/","name":"Algengar spurningar - Filtnor","isPartOf":{"@id":"https:\/\/www.filtnor.com\/#website"},"datePublished":"2024-08-13T10:22:56+00:00","dateModified":"2024-08-30T23:28:30+00:00","description":"Spurningar og sv\u00f6r var\u00f0andi \u00fer\u00fdstis\u00edur og i\u00f0na\u00f0ars\u00edunarferli. Kynntu \u00fe\u00e9r s\u00eduk\u00f6ku og s\u00edunarv\u00f6kva.","breadcrumb":{"@id":"https:\/\/www.filtnor.com\/faq\/#breadcrumb"},"inLanguage":"is","potentialAction":[{"@type":"ReadAction","target":["https:\/\/www.filtnor.com\/faq\/"]}]},{"@type":"BreadcrumbList","@id":"https:\/\/www.filtnor.com\/faq\/#breadcrumb","itemListElement":[{"@type":"ListItem","position":1,"name":"Home","item":"https:\/\/www.filtnor.com\/"},{"@type":"ListItem","position":2,"name":"FAQ"}]},{"@type":"WebSite","@id":"https:\/\/www.filtnor.com\/#website","url":"https:\/\/www.filtnor.com\/","name":"Filtnor","description":"S\u00edun sem \u00fe\u00fa getur treyst. Afk\u00f6st sem endast.","potentialAction":[{"@type":"SearchAction","target":{"@type":"EntryPoint","urlTemplate":"https:\/\/www.filtnor.com\/?s={search_term_string}"},"query-input":{"@type":"PropertyValueSpecification","valueRequired":true,"valueName":"search_term_string"}}],"inLanguage":"is"}]}},"_links":{"self":[{"href":"https:\/\/www.filtnor.com\/is\/wp-json\/wp\/v2\/pages\/4948","targetHints":{"allow":["GET"]}}],"collection":[{"href":"https:\/\/www.filtnor.com\/is\/wp-json\/wp\/v2\/pages"}],"about":[{"href":"https:\/\/www.filtnor.com\/is\/wp-json\/wp\/v2\/types\/page"}],"author":[{"embeddable":true,"href":"https:\/\/www.filtnor.com\/is\/wp-json\/wp\/v2\/users\/1"}],"replies":[{"embeddable":true,"href":"https:\/\/www.filtnor.com\/is\/wp-json\/wp\/v2\/comments?post=4948"}],"version-history":[{"count":5,"href":"https:\/\/www.filtnor.com\/is\/wp-json\/wp\/v2\/pages\/4948\/revisions"}],"predecessor-version":[{"id":4954,"href":"https:\/\/www.filtnor.com\/is\/wp-json\/wp\/v2\/pages\/4948\/revisions\/4954"}],"wp:attachment":[{"href":"https:\/\/www.filtnor.com\/is\/wp-json\/wp\/v2\/media?parent=4948"}],"curies":[{"name":"wp","href":"https:\/\/api.w.org\/{rel}","templated":true}]}}