{"id":4669,"date":"2024-06-24T12:05:53","date_gmt":"2024-06-24T10:05:53","guid":{"rendered":"https:\/\/www.filtnor.com\/?page_id=4669"},"modified":"2025-06-13T11:24:15","modified_gmt":"2025-06-13T09:24:15","slug":"pressusiur","status":"publish","type":"page","link":"https:\/\/www.filtnor.com\/is\/vorur\/siun\/afvotnunarkerfi\/pressusiur\/","title":{"rendered":"\u00der\u00fdstis\u00edur"},"content":{"rendered":"<div class=\"wpb-content-wrapper\"><div class=\"vc_row wpb_row vc_row-fluid vc_custom_1728548659293\"><div class=\"wpb_column vc_column_container vc_col-sm-12\"><div class=\"vc_column-inner\"><div class=\"wpb_wrapper\"><div class=\"section-title-wrapper shortcode-rand-2 induzy-inline-css\" data-css=\"&quot;.shortcode-rand-2 .title-separator.separator-border { background-color: ; }.shortcode-rand-2 .section-title { text-transform: none; }&quot;\"><div class=\"title-wrap\"><h4 class=\"section-title\">\u00der\u00fdstis\u00edur <span class=\"title-suffix theme-color\">til a\u00f0 afv\u00f6tna slurry<\/span><\/h4><span class=\"title-separator separator-border theme-color-bg\"><\/span><\/div><!-- .title-wrap --><div class=\"section-description\"><\/p>\n<h5>H\u00e1\u00fer\u00f3u\u00f0 \u00fer\u00fdstis\u00edun<\/h5>\n<p>H\u00e1marka\u00f0u skilvirkni og afk\u00f6st me\u00f0 \u00farvali okkar af \u00fer\u00fdstis\u00edum.<br \/>\nFr\u00e1 \u00fer\u00f6ngum handvirkum einingum til \u00f6flugra turnpressa sem me\u00f0h\u00f6ndla yfir 30 tonn af s\u00eduk\u00f6ku \u00ed hverjum hring, b\u00fd\u00f0ur Filtnor upp \u00e1 lausnir sem eru hanna\u00f0ar fyrir alvarlega afk\u00f6st.<\/p>\n<p>\u00der\u00fdstis\u00edunarkerfin okkar eru f\u00e1anleg \u00ed tveimur flokkum:<\/p>\n<ul>\n<li><strong>S\u00edupressur<\/strong> \u2014 L\u00e1r\u00e9ttar s\u00edur fyrir h\u00f3lf fyrir sveigjanlega og \u00e1rei\u00f0anlega a\u00f0skilna\u00f0 fastra og v\u00f6kva.<\/li>\n<li><strong>Turnpressur<\/strong> \u2014 L\u00f3\u00f0r\u00e9ttir turns\u00edur hanna\u00f0ar fyrir samfellda s\u00edun me\u00f0 mikilli afk\u00f6stum.<\/li>\n<\/ul>\n<p>Leyf\u00f0u okkur a\u00f0 hj\u00e1lpa \u00fe\u00e9r a\u00f0 finna r\u00e9ttu lausnina fyrir ferli\u00f0 \u00feitt.<\/div><!-- .section-description --><\/div><!-- .section-title-wrapper --><\/div><\/div><\/div><\/div><div class=\"vc_row wpb_row vc_row-fluid vc_custom_1709405342198\"><div class=\"wpb_column vc_column_container vc_col-sm-12 vc_col-lg-6 vc_col-md-6\"><div class=\"vc_column-inner\"><div class=\"wpb_wrapper\"><div class=\"section-title-wrapper shortcode-rand-4 induzy-inline-css\" data-css=\"&quot;.shortcode-rand-4 .title-separator.separator-border { background-color: ; }.shortcode-rand-4 .section-title { text-transform: none; }&quot;\"><div class=\"title-wrap\"><h2 class=\"section-title\">S\u00edupressur<\/h2><span class=\"title-separator separator-border theme-color-bg\"><\/span><\/div><!-- .title-wrap --><div class=\"section-description\">L\u00e1r\u00e9ttar s\u00edupressur okkar me\u00f0 h\u00f3lfi eru hanna\u00f0ar fyrir \u00e1rei\u00f0anlega og skilvirka a\u00f0skilna\u00f0 \u00e1 f\u00f6stum efnum og v\u00f6kva.<\/p>\n<p>F\u00e1anlegt \u00ed fullkomlega sj\u00e1lfvirkri, h\u00e1lfsj\u00e1lfvirkri e\u00f0a handvirkri \u00fatf\u00e6rslu \u2014 sni\u00f0i\u00f0 a\u00f0 \u00fe\u00ednum \u00fe\u00f6rfum hva\u00f0 var\u00f0ar ferli, afkastagetu og sj\u00e1lfvirkni.<\/div><!-- .section-description --><\/div><!-- .section-title-wrapper --><div class=\"feature-box-wrapper feature-box-style-1 vc_custom_1749806627225 shortcode-rand-5 induzy-inline-css\" data-css=\"&quot;.shortcode-rand-5.feature-box-wrapper {background: -moz-linear-gradient(141deg,  0%,  51%,  75%);\\r\\n\\t\\t\\t\\tbackground: -webkit-linear-gradient(141deg,  0%,  51%,  75%);\\r\\n\\t\\t\\t\\tbackground: linear-gradient(141deg,  0%,  51%,  75%);}.shortcode-rand-5 .feature-box-icon { font-size: 24px; }.shortcode-rand-5 .feature-box-icon { height: 48px; width: 48px; }.shortcode-rand-5 .feature-box-icon &gt; span { line-height: 2; }.shortcode-rand-5:hover .feature-box-icon { background: none; }&quot;\" ><div class=\"feature-box-btn\"><a class=\"btn default\" href=\"https:\/\/www.filtnor.com\/is\/vorur\/siun\/afvotnunarkerfi\/pressusiur\/siupressur\/\" title=\"FARA \u00cd S\u00cdUPRESSURNAR \u00bb\">FARA \u00cd S\u00cdUPRESSURNAR \u00bb<\/a><\/div><!-- .feature-box-btn --><\/div><!-- .feature-box-wrapper --><\/div><\/div><\/div><div class=\"wpb_column vc_column_container vc_col-sm-12 vc_col-lg-6 vc_col-md-6\"><div class=\"vc_column-inner\"><div class=\"wpb_wrapper\">\n\t<div  class=\"wpb_single_image wpb_content_element vc_align_left wpb_content_element\">\n\t\t\n\t\t<figure class=\"wpb_wrapper vc_figure\">\n\t\t\t<div class=\"vc_single_image-wrapper   vc_box_border_grey\"><img loading=\"lazy\" decoding=\"async\" width=\"1140\" height=\"640\" src=\"https:\/\/www.filtnor.com\/wp-content\/uploads\/2023\/08\/produkter_roxia-sfp_01.png\" class=\"vc_single_image-img attachment-full\" alt=\"Roxia SFP s\u00edupressa\" title=\"Roxia SFP\" srcset=\"https:\/\/www.filtnor.com\/wp-content\/uploads\/2023\/08\/produkter_roxia-sfp_01.png 1140w, https:\/\/www.filtnor.com\/wp-content\/uploads\/2023\/08\/produkter_roxia-sfp_01-600x337.png 600w, https:\/\/www.filtnor.com\/wp-content\/uploads\/2023\/08\/produkter_roxia-sfp_01-768x431.png 768w\" sizes=\"auto, (max-width: 1140px) 100vw, 1140px\" \/><\/div>\n\t\t<\/figure>\n\t<\/div>\n<\/div><\/div><\/div><\/div><div class=\"vc_row wpb_row vc_row-fluid vc_custom_1709405285494\"><div class=\"wpb_column vc_column_container vc_col-sm-12\"><div class=\"vc_column-inner\"><div class=\"wpb_wrapper\"><div class=\"vc_separator wpb_content_element vc_separator_align_center vc_sep_width_100 vc_sep_dashed vc_sep_pos_align_center vc_separator_no_text wpb_content_element  wpb_content_element\" ><span class=\"vc_sep_holder vc_sep_holder_l\"><span class=\"vc_sep_line\"><\/span><\/span><span class=\"vc_sep_holder vc_sep_holder_r\"><span class=\"vc_sep_line\"><\/span><\/span>\n<\/div><\/div><\/div><\/div><\/div><div class=\"vc_row wpb_row vc_row-fluid vc_custom_1709405208930\"><div class=\"wpb_column vc_column_container vc_col-sm-12 vc_col-lg-6 vc_col-md-6\"><div class=\"vc_column-inner\"><div class=\"wpb_wrapper\"><div class=\"section-title-wrapper shortcode-rand-8 induzy-inline-css\" data-css=\"&quot;.shortcode-rand-8 .title-separator.separator-border { background-color: ; }.shortcode-rand-8 .section-title { text-transform: none; }&quot;\"><div class=\"title-wrap\"><h2 class=\"section-title\">Turnpressur<\/h2><span class=\"title-separator separator-border theme-color-bg\"><\/span><\/div><!-- .title-wrap --><div class=\"section-description\">L\u00f3\u00f0r\u00e9ttu turnpressurnar okkar eru h\u00e1\u00fer\u00f3a\u00f0ar h\u00f3lf\u00fer\u00fdstis\u00edur sem skila mikilli afk\u00f6stum og fram\u00farskarandi \u00feurrleika s\u00eduk\u00f6kunnar.<\/p>\n<p>Hanna\u00f0 fyrir krefjandi ferli \u00fear sem afkastageta, skilvirkni og afk\u00f6st eru mikilv\u00e6g.<\/div><!-- .section-description --><\/div><!-- .section-title-wrapper --><div class=\"feature-box-wrapper feature-box-style-1 vc_custom_1749806652513 shortcode-rand-9 induzy-inline-css\" data-css=\"&quot;.shortcode-rand-9.feature-box-wrapper {background: -moz-linear-gradient(141deg,  0%,  51%,  75%);\\r\\n\\t\\t\\t\\tbackground: -webkit-linear-gradient(141deg,  0%,  51%,  75%);\\r\\n\\t\\t\\t\\tbackground: linear-gradient(141deg,  0%,  51%,  75%);}.shortcode-rand-9 .feature-box-icon { font-size: 24px; }.shortcode-rand-9 .feature-box-icon { height: 48px; width: 48px; }.shortcode-rand-9 .feature-box-icon &gt; span { line-height: 2; }.shortcode-rand-9:hover .feature-box-icon { background: none; }&quot;\" ><div class=\"feature-box-btn\"><a class=\"btn default\" href=\"https:\/\/www.filtnor.com\/is\/vorur\/siun\/afvotnunarkerfi\/pressusiur\/turnpressur\/\" title=\"FARA \u00c1 TURNPRESSA \u00bb\">FARA \u00c1 TURNPRESSA \u00bb<\/a><\/div><!-- .feature-box-btn --><\/div><!-- .feature-box-wrapper --><\/div><\/div><\/div><div class=\"wpb_column vc_column_container vc_col-sm-12 vc_col-lg-6 vc_col-md-6\"><div class=\"vc_column-inner\"><div class=\"wpb_wrapper\">\n\t<div  class=\"wpb_single_image wpb_content_element vc_align_left wpb_content_element\">\n\t\t\n\t\t<figure class=\"wpb_wrapper vc_figure\">\n\t\t\t<div class=\"vc_single_image-wrapper   vc_box_border_grey\"><img loading=\"lazy\" decoding=\"async\" width=\"1500\" height=\"1050\" src=\"https:\/\/www.filtnor.com\/wp-content\/uploads\/2023\/08\/produkter_roxia-tarnpresse-TP16_01.png\" class=\"vc_single_image-img attachment-full\" alt=\"Roxia TP16 t\u00e1rpressa\" title=\"Roxia TP16\" srcset=\"https:\/\/www.filtnor.com\/wp-content\/uploads\/2023\/08\/produkter_roxia-tarnpresse-TP16_01.png 1500w, https:\/\/www.filtnor.com\/wp-content\/uploads\/2023\/08\/produkter_roxia-tarnpresse-TP16_01-600x420.png 600w, https:\/\/www.filtnor.com\/wp-content\/uploads\/2023\/08\/produkter_roxia-tarnpresse-TP16_01-768x538.png 768w\" sizes=\"auto, (max-width: 1500px) 100vw, 1500px\" \/><\/div>\n\t\t<\/figure>\n\t<\/div>\n<\/div><\/div><\/div><\/div><div class=\"vc_row wpb_row vc_row-fluid vc_custom_1709405285494\"><div class=\"wpb_column vc_column_container vc_col-sm-12\"><div class=\"vc_column-inner\"><div class=\"wpb_wrapper\"><div class=\"vc_separator wpb_content_element vc_separator_align_center vc_sep_width_100 vc_sep_dashed vc_sep_pos_align_center vc_separator_no_text wpb_content_element  wpb_content_element\" ><span class=\"vc_sep_holder vc_sep_holder_l\"><span class=\"vc_sep_line\"><\/span><\/span><span class=\"vc_sep_holder vc_sep_holder_r\"><span class=\"vc_sep_line\"><\/span><\/span>\n<\/div><\/div><\/div><\/div><\/div><div class=\"vc_row wpb_row vc_row-fluid vc_custom_1709405208930\"><div class=\"wpb_column vc_column_container vc_col-sm-12 vc_col-lg-6 vc_col-md-6\"><div class=\"vc_column-inner\"><div class=\"wpb_wrapper\"><div class=\"section-title-wrapper shortcode-rand-12 induzy-inline-css\" data-css=\"&quot;.shortcode-rand-12 .title-separator.separator-border { background-color: ; }.shortcode-rand-12 .section-title { text-transform: none; }&quot;\"><div class=\"title-wrap\"><h2 class=\"section-title\">S\u00edukl\u00fatar<\/h2><span class=\"title-separator separator-border theme-color-bg\"><\/span><\/div><!-- .title-wrap --><div class=\"section-description\">Vi\u00f0 bj\u00f3\u00f0um upp \u00e1 h\u00e1g\u00e6\u00f0a s\u00edukl\u00fata sem eru hanna\u00f0ir til a\u00f0 h\u00e1marka losun k\u00f6ku, endingu og st\u00f6\u00f0uga s\u00edun.<\/p>\n<p>F\u00e1anlegt \u00ed fj\u00f6lbreyttu \u00farvali af efnum og h\u00f6nnun \u2014 sni\u00f0i\u00f0 a\u00f0 s\u00eduger\u00f0 \u00feinni og kr\u00f6fum um ferli.<\/div><!-- .section-description --><\/div><!-- .section-title-wrapper --><div class=\"feature-box-wrapper feature-box-style-1 vc_custom_1749806210460 shortcode-rand-13 induzy-inline-css\" data-css=\"&quot;.shortcode-rand-13.feature-box-wrapper {background: -moz-linear-gradient(141deg,  0%,  51%,  75%);\\r\\n\\t\\t\\t\\tbackground: -webkit-linear-gradient(141deg,  0%,  51%,  75%);\\r\\n\\t\\t\\t\\tbackground: linear-gradient(141deg,  0%,  51%,  75%);}.shortcode-rand-13 .feature-box-icon { font-size: 24px; }.shortcode-rand-13 .feature-box-icon { height: 48px; width: 48px; }.shortcode-rand-13 .feature-box-icon &gt; span { line-height: 2; }.shortcode-rand-13:hover .feature-box-icon { background: none; }&quot;\" ><div class=\"feature-box-btn\"><a class=\"btn default\" href=\"https:\/\/www.filtnor.com\/is\/vorur\/siun\/siuefni\/thrystisiudukar\/\" title=\"FARA \u00cd S\u00cdUKL\u00c6\u00d0I \u00bb\">FARA \u00cd S\u00cdUKL\u00c6\u00d0I \u00bb<\/a><\/div><!-- .feature-box-btn --><\/div><!-- .feature-box-wrapper --><\/div><\/div><\/div><div class=\"wpb_column vc_column_container vc_col-sm-12 vc_col-lg-6 vc_col-md-6\"><div class=\"vc_column-inner\"><div class=\"wpb_wrapper\">\n\t<div  class=\"wpb_single_image wpb_content_element vc_align_left wpb_content_element\">\n\t\t\n\t\t<figure class=\"wpb_wrapper vc_figure\">\n\t\t\t<div class=\"vc_single_image-wrapper   vc_box_border_grey\"><img loading=\"lazy\" decoding=\"async\" width=\"1280\" height=\"720\" src=\"https:\/\/www.filtnor.com\/wp-content\/uploads\/2024\/09\/products_filtercloths_001.jpg\" class=\"vc_single_image-img attachment-full\" alt=\"Pressus\u00edud\u00fakur fyrir turnpressu\" title=\"products_s\u00edud\u00fakar_001\" srcset=\"https:\/\/www.filtnor.com\/wp-content\/uploads\/2024\/09\/products_filtercloths_001.jpg 1280w, https:\/\/www.filtnor.com\/wp-content\/uploads\/2024\/09\/products_filtercloths_001-768x432.jpg 768w, https:\/\/www.filtnor.com\/wp-content\/uploads\/2024\/09\/products_filtercloths_001-18x10.jpg 18w, https:\/\/www.filtnor.com\/wp-content\/uploads\/2024\/09\/products_filtercloths_001-600x338.jpg 600w\" sizes=\"auto, (max-width: 1280px) 100vw, 1280px\" \/><\/div>\n\t\t<\/figure>\n\t<\/div>\n<\/div><\/div><\/div><\/div><div class=\"vc_row wpb_row vc_row-fluid vc_custom_1709405285494\"><div class=\"wpb_column vc_column_container vc_col-sm-12\"><div class=\"vc_column-inner\"><div class=\"wpb_wrapper\"><div class=\"vc_separator wpb_content_element vc_separator_align_center vc_sep_width_100 vc_sep_dashed vc_sep_pos_align_center vc_separator_no_text wpb_content_element  wpb_content_element\" ><span class=\"vc_sep_holder vc_sep_holder_l\"><span class=\"vc_sep_line\"><\/span><\/span><span class=\"vc_sep_holder vc_sep_holder_r\"><span class=\"vc_sep_line\"><\/span><\/span>\n<\/div><\/div><\/div><\/div><\/div><div data-vc-full-width=\"true\" data-vc-full-width-init=\"false\" class=\"vc_row wpb_row vc_row-fluid additional-call-to-action vc_custom_1691588100630 vc_row-has-fill\"><div class=\"wpb_column vc_column_container vc_col-sm-12\"><div class=\"vc_column-inner\"><div class=\"wpb_wrapper\"><div class=\"vc_row wpb_row vc_inner vc_row-fluid\"><div class=\"wpb_column vc_column_container vc_col-sm-12 vc_col-lg-9 vc_col-md-12\"><div class=\"vc_column-inner\"><div class=\"wpb_wrapper\"><div class=\"feature-box-wrapper feature-box-style-1 shortcode-rand-16 induzy-inline-css feature-list-1\" data-css=\"&quot;.shortcode-rand-16.feature-box-wrapper { color: #000000; }.shortcode-rand-16.feature-box-wrapper {background: -moz-linear-gradient(141deg,  0%,  51%,  75%);\\r\\n\\t\\t\\t\\tbackground: -webkit-linear-gradient(141deg,  0%,  51%,  75%);\\r\\n\\t\\t\\t\\tbackground: linear-gradient(141deg,  0%,  51%,  75%);}.shortcode-rand-16 .feature-box-icon { font-size: 30px; }.shortcode-rand-16 .feature-box-icon { height: 60px; width: 60px; }.shortcode-rand-16 .feature-box-icon &gt; span { line-height: 2; }.shortcode-rand-16:hover .feature-box-icon { background: none; }&quot;\" ><div class=\"fbox-list\"><div class=\"media\"><div class=\"feature-box-icon mr-3 text-center rounded-circle none\"><span class=\"\"><\/span><\/div><!-- .feature-box-icon --><div class=\"media-body\"><div class=\"feature-box-title\"><h4 class=\"section-title\">Finnur \u00fe\u00fa ekki \u00fea\u00f0 sem \u00fe\u00fa ert a\u00f0 leita a\u00f0?<\/h4><\/div><!-- .feature-box-title --><div class=\"feature-box-content\">Haf\u00f0u samband vi\u00f0 okkur og vi\u00f0 hj\u00e1lpum \u00fe\u00e9r a\u00f0 finna \u00fea\u00f0 \u00fat!<\/div><!-- .feature-box-content --><\/div><\/div><\/div><\/div><!-- .feature-box-wrapper --><\/div><\/div><\/div><div class=\"wpb_column vc_column_container vc_col-sm-12 vc_col-lg-3 vc_col-md-12\"><div class=\"vc_column-inner vc_custom_1691588352947\"><div class=\"wpb_wrapper\"><div class=\"vc_btn3-container  additional-btn vc_btn3-right vc_custom_1722185039463 vc_do_btn\" ><a style=\"background-color:#06295e; color:#ffffff;\" class=\"vc_general vc_btn3 vc_btn3-size-md vc_btn3-shape-rounded vc_btn3-style-custom\" href=\"https:\/\/www.filtnor.com\/is\/hafdu-samband-vid-okkur\/\" title=\"Haf\u00f0u samband vi\u00f0 okkur\">SENDA FYRIRSPURN \u00bb<\/a><\/div><\/div><\/div><\/div><\/div><\/div><\/div><\/div><\/div><div class=\"vc_row-full-width vc_clearfix\"><\/div>\n<\/div>","protected":false},"excerpt":{"rendered":"\u00der\u00fdstis\u00edur fyrir afv\u00f6tnun \u00e1 le\u00f0ju. H\u00e1afkastamikil \u00fer\u00fdstis\u00edun. H\u00e1marka\u00f0u skilvirkni og afk\u00f6st me\u00f0 \u00farvali okkar af \u00fer\u00fdstis\u00edum. Filtnor b\u00fd\u00f0ur upp \u00e1 lausnir sem eru hanna\u00f0ar fyrir \u00f6fluga afk\u00f6st, allt fr\u00e1 sam\u00fej\u00f6ppu\u00f0um handvirkum einingum til \u00f6flugra turnpressa sem me\u00f0h\u00f6ndla yfir 30 tonn af s\u00eduk\u00f6ku \u00ed hverjum hring. \u00der\u00fdstis\u00edunarkerfi okkar eru f\u00e1anleg \u00ed tveimur flokkum: S\u00edupressur \u2014","protected":false},"author":1,"featured_media":0,"parent":5779,"menu_order":0,"comment_status":"closed","ping_status":"closed","template":"","meta":{"om_disable_all_campaigns":false,"footnotes":""},"class_list":["post-4669","page","type-page","status-publish","hentry"],"yoast_head":"<!-- This site is optimized with the Yoast SEO Premium plugin v26.1 (Yoast SEO v27.4) - https:\/\/yoast.com\/product\/yoast-seo-premium-wordpress\/ -->\n<title>Pressure filters - Filtnor<\/title>\n<meta name=\"description\" content=\"Manual filter presses and fully automatic pressure filters for dewatering. Intelligent pressure filters with Industrial Internet of Things (IiOT).\" \/>\n<meta name=\"robots\" content=\"index, follow, max-snippet:-1, max-image-preview:large, max-video-preview:-1\" \/>\n<link rel=\"canonical\" href=\"https:\/\/www.filtnor.com\/is\/vorur\/siun\/afvotnunarkerfi\/pressusiur\/\" \/>\n<meta property=\"og:locale\" content=\"is_IS\" \/>\n<meta property=\"og:type\" content=\"article\" \/>\n<meta property=\"og:title\" content=\"Pressure filters\" \/>\n<meta property=\"og:description\" content=\"Manual filter presses and fully automatic pressure filters for dewatering. Intelligent pressure filters with Industrial Internet of Things (IiOT).\" \/>\n<meta property=\"og:url\" content=\"https:\/\/www.filtnor.com\/is\/vorur\/siun\/afvotnunarkerfi\/pressusiur\/\" \/>\n<meta property=\"og:site_name\" content=\"Filtnor\" \/>\n<meta property=\"article:modified_time\" content=\"2025-06-13T09:24:15+00:00\" \/>\n<meta name=\"twitter:card\" content=\"summary_large_image\" \/>\n<meta name=\"twitter:label1\" content=\"Est. reading time\" \/>\n\t<meta name=\"twitter:data1\" content=\"3 minutes\" \/>\n<script type=\"application\/ld+json\" class=\"yoast-schema-graph\">{\"@context\":\"https:\\\/\\\/schema.org\",\"@graph\":[{\"@type\":\"WebPage\",\"@id\":\"https:\\\/\\\/www.filtnor.com\\\/products\\\/filtration\\\/dewatering-systems\\\/pressure-filters\\\/\",\"url\":\"https:\\\/\\\/www.filtnor.com\\\/products\\\/filtration\\\/dewatering-systems\\\/pressure-filters\\\/\",\"name\":\"Pressure filters - Filtnor\",\"isPartOf\":{\"@id\":\"https:\\\/\\\/www.filtnor.com\\\/#website\"},\"datePublished\":\"2024-06-24T10:05:53+00:00\",\"dateModified\":\"2025-06-13T09:24:15+00:00\",\"description\":\"Manual filter presses and fully automatic pressure filters for dewatering. Intelligent pressure filters with Industrial Internet of Things (IiOT).\",\"breadcrumb\":{\"@id\":\"https:\\\/\\\/www.filtnor.com\\\/products\\\/filtration\\\/dewatering-systems\\\/pressure-filters\\\/#breadcrumb\"},\"inLanguage\":\"is\",\"potentialAction\":[{\"@type\":\"ReadAction\",\"target\":[\"https:\\\/\\\/www.filtnor.com\\\/products\\\/filtration\\\/dewatering-systems\\\/pressure-filters\\\/\"]}]},{\"@type\":\"BreadcrumbList\",\"@id\":\"https:\\\/\\\/www.filtnor.com\\\/products\\\/filtration\\\/dewatering-systems\\\/pressure-filters\\\/#breadcrumb\",\"itemListElement\":[{\"@type\":\"ListItem\",\"position\":1,\"name\":\"Home\",\"item\":\"https:\\\/\\\/www.filtnor.com\\\/\"},{\"@type\":\"ListItem\",\"position\":2,\"name\":\"Product groups from Filtnor\",\"item\":\"https:\\\/\\\/www.filtnor.com\\\/products\\\/\"},{\"@type\":\"ListItem\",\"position\":3,\"name\":\"Filtration\",\"item\":\"https:\\\/\\\/www.filtnor.com\\\/products\\\/filtration\\\/\"},{\"@type\":\"ListItem\",\"position\":4,\"name\":\"Dewatering Systems\",\"item\":\"https:\\\/\\\/www.filtnor.com\\\/products\\\/filtration\\\/dewatering-systems\\\/\"},{\"@type\":\"ListItem\",\"position\":5,\"name\":\"Pressure filters\"}]},{\"@type\":\"WebSite\",\"@id\":\"https:\\\/\\\/www.filtnor.com\\\/#website\",\"url\":\"https:\\\/\\\/www.filtnor.com\\\/\",\"name\":\"Filtnor\",\"description\":\"Filtration you can trust. Performance that lasts.\",\"potentialAction\":[{\"@type\":\"SearchAction\",\"target\":{\"@type\":\"EntryPoint\",\"urlTemplate\":\"https:\\\/\\\/www.filtnor.com\\\/?s={search_term_string}\"},\"query-input\":{\"@type\":\"PropertyValueSpecification\",\"valueRequired\":true,\"valueName\":\"search_term_string\"}}],\"inLanguage\":\"is\"}]}<\/script>\n<!-- \/ Yoast SEO Premium plugin. -->","yoast_head_json":{"title":"\u00der\u00fdstis\u00edur - Filtnor","description":"Handvirkar s\u00edupressur og fullkomlega sj\u00e1lfvirkar \u00fer\u00fdstis\u00edur fyrir afv\u00f6tnun. Greindar \u00fer\u00fdstis\u00edur me\u00f0 i\u00f0na\u00f0arneti hlutanna (IiOT).","robots":{"index":"index","follow":"follow","max-snippet":"max-snippet:-1","max-image-preview":"max-image-preview:large","max-video-preview":"max-video-preview:-1"},"canonical":"https:\/\/www.filtnor.com\/is\/vorur\/siun\/afvotnunarkerfi\/pressusiur\/","og_locale":"is_IS","og_type":"article","og_title":"Pressure filters","og_description":"Manual filter presses and fully automatic pressure filters for dewatering. Intelligent pressure filters with Industrial Internet of Things (IiOT).","og_url":"https:\/\/www.filtnor.com\/is\/vorur\/siun\/afvotnunarkerfi\/pressusiur\/","og_site_name":"Filtnor","article_modified_time":"2025-06-13T09:24:15+00:00","twitter_card":"summary_large_image","twitter_misc":{"Est. reading time":"3 minutes"},"schema":{"@context":"https:\/\/schema.org","@graph":[{"@type":"WebPage","@id":"https:\/\/www.filtnor.com\/products\/filtration\/dewatering-systems\/pressure-filters\/","url":"https:\/\/www.filtnor.com\/products\/filtration\/dewatering-systems\/pressure-filters\/","name":"\u00der\u00fdstis\u00edur - Filtnor","isPartOf":{"@id":"https:\/\/www.filtnor.com\/#website"},"datePublished":"2024-06-24T10:05:53+00:00","dateModified":"2025-06-13T09:24:15+00:00","description":"Handvirkar s\u00edupressur og fullkomlega sj\u00e1lfvirkar \u00fer\u00fdstis\u00edur fyrir afv\u00f6tnun. Greindar \u00fer\u00fdstis\u00edur me\u00f0 i\u00f0na\u00f0arneti hlutanna (IiOT).","breadcrumb":{"@id":"https:\/\/www.filtnor.com\/products\/filtration\/dewatering-systems\/pressure-filters\/#breadcrumb"},"inLanguage":"is","potentialAction":[{"@type":"ReadAction","target":["https:\/\/www.filtnor.com\/products\/filtration\/dewatering-systems\/pressure-filters\/"]}]},{"@type":"BreadcrumbList","@id":"https:\/\/www.filtnor.com\/products\/filtration\/dewatering-systems\/pressure-filters\/#breadcrumb","itemListElement":[{"@type":"ListItem","position":1,"name":"Home","item":"https:\/\/www.filtnor.com\/"},{"@type":"ListItem","position":2,"name":"Product groups from Filtnor","item":"https:\/\/www.filtnor.com\/products\/"},{"@type":"ListItem","position":3,"name":"Filtration","item":"https:\/\/www.filtnor.com\/products\/filtration\/"},{"@type":"ListItem","position":4,"name":"Dewatering Systems","item":"https:\/\/www.filtnor.com\/products\/filtration\/dewatering-systems\/"},{"@type":"ListItem","position":5,"name":"Pressure filters"}]},{"@type":"WebSite","@id":"https:\/\/www.filtnor.com\/#website","url":"https:\/\/www.filtnor.com\/","name":"Filtnor","description":"S\u00edun sem \u00fe\u00fa getur treyst. Afk\u00f6st sem endast.","potentialAction":[{"@type":"SearchAction","target":{"@type":"EntryPoint","urlTemplate":"https:\/\/www.filtnor.com\/?s={search_term_string}"},"query-input":{"@type":"PropertyValueSpecification","valueRequired":true,"valueName":"search_term_string"}}],"inLanguage":"is"}]}},"_links":{"self":[{"href":"https:\/\/www.filtnor.com\/is\/wp-json\/wp\/v2\/pages\/4669","targetHints":{"allow":["GET"]}}],"collection":[{"href":"https:\/\/www.filtnor.com\/is\/wp-json\/wp\/v2\/pages"}],"about":[{"href":"https:\/\/www.filtnor.com\/is\/wp-json\/wp\/v2\/types\/page"}],"author":[{"embeddable":true,"href":"https:\/\/www.filtnor.com\/is\/wp-json\/wp\/v2\/users\/1"}],"replies":[{"embeddable":true,"href":"https:\/\/www.filtnor.com\/is\/wp-json\/wp\/v2\/comments?post=4669"}],"version-history":[{"count":32,"href":"https:\/\/www.filtnor.com\/is\/wp-json\/wp\/v2\/pages\/4669\/revisions"}],"predecessor-version":[{"id":6181,"href":"https:\/\/www.filtnor.com\/is\/wp-json\/wp\/v2\/pages\/4669\/revisions\/6181"}],"up":[{"embeddable":true,"href":"https:\/\/www.filtnor.com\/is\/wp-json\/wp\/v2\/pages\/5779"}],"wp:attachment":[{"href":"https:\/\/www.filtnor.com\/is\/wp-json\/wp\/v2\/media?parent=4669"}],"curies":[{"name":"wp","href":"https:\/\/api.w.org\/{rel}","templated":true}]}}