{"id":4464,"date":"2024-05-22T17:36:26","date_gmt":"2024-05-22T16:36:26","guid":{"rendered":"https:\/\/www.filtnor.no\/?page_id=4464"},"modified":"2025-06-13T11:33:17","modified_gmt":"2025-06-13T09:33:17","slug":"handskrapar","status":"publish","type":"page","link":"https:\/\/www.filtnor.com\/is\/vorur\/siun\/afvotnunarkerfi\/pressusiur\/siupressur\/siupressa-varahlutir\/handskrapar\/","title":{"rendered":"Handskrapar"},"content":{"rendered":"<div class=\"wpb-content-wrapper\"><div class=\"vc_row wpb_row vc_row-fluid vc_custom_1691587735553\"><div class=\"wpb_column vc_column_container vc_col-sm-12 vc_col-lg-6 vc_col-md-6\"><div class=\"vc_column-inner\"><div class=\"wpb_wrapper\"><div class=\"section-title-wrapper shortcode-rand-2 induzy-inline-css\" data-css=\"&quot;.shortcode-rand-2 .title-separator.separator-border { background-color: ; }.shortcode-rand-2 .section-title { text-transform: none; }&quot;\"><div class=\"title-wrap\"><h2 class=\"section-title\">Handskrapar <span class=\"title-suffix theme-color\">til a\u00f0 fjarl\u00e6gja s\u00eduk\u00f6ku<\/span><\/h2><span class=\"title-separator separator-border theme-color-bg\"><\/span><\/div><!-- .title-wrap --><div class=\"section-description\"><\/p>\n<h4>Mj\u00fakur nylon s\u00edupressuskrafi<\/h4>\n<p>Skrapan okkar fyrir s\u00edupressuna er \u00far mj\u00faku og endingarg\u00f3\u00f0u nylonefni sem er hanna\u00f0 til a\u00f0 vernda b\u00e6\u00f0i s\u00edukl\u00fata og s\u00edupl\u00f6tur gegn skemmdum vi\u00f0 \u00ferif. H\u00fan er \u00f3missandi verkf\u00e6ri fyrir alla notendur s\u00edupressu og gerir kleift a\u00f0 fjarl\u00e6gja s\u00eduk\u00f6ku og \u00f3hreinindi flj\u00f3tt og \u00e1 \u00e1hrifar\u00edkan h\u00e1tt.<\/p>\n<p><strong>Haf\u00f0u a\u00f0 minnsta kosti eina sk\u00f6fu vi\u00f0 h\u00f6ndina<\/strong> til a\u00f0 tryggja grei\u00f0an rekstur, minna slit og lengri l\u00edft\u00edma s\u00edunar\u00edhluta \u00feinna.<\/div><!-- .section-description --><\/div><!-- .section-title-wrapper --><div class=\"feature-box-wrapper feature-box-style-1 vc_custom_1745310958445 shortcode-rand-3 induzy-inline-css\" data-css=\"&quot;.shortcode-rand-3.feature-box-wrapper {background: -moz-linear-gradient(141deg,  0%,  51%,  75%);\\r\\n\\t\\t\\t\\tbackground: -webkit-linear-gradient(141deg,  0%,  51%,  75%);\\r\\n\\t\\t\\t\\tbackground: linear-gradient(141deg,  0%,  51%,  75%);}.shortcode-rand-3 .feature-box-icon { font-size: 24px; }.shortcode-rand-3 .feature-box-icon { height: 48px; width: 48px; }.shortcode-rand-3 .feature-box-icon &gt; span { line-height: 2; }.shortcode-rand-3:hover .feature-box-icon { background: none; }&quot;\" ><div class=\"feature-box-btn\"><a class=\"btn default\" href=\"https:\/\/www.filtnor.com\/is\/hafdu-samband-vid-okkur\/\" title=\"SENDA FYRIRSPURN \u00bb\">SENDA FYRIRSPURN \u00bb<\/a><\/div><!-- .feature-box-btn --><\/div><!-- .feature-box-wrapper --><\/div><\/div><\/div><div class=\"wpb_column vc_column_container vc_col-sm-12 vc_col-lg-6 vc_col-md-6\"><div class=\"vc_column-inner\"><div class=\"wpb_wrapper\">\n\t<div  class=\"wpb_single_image wpb_content_element vc_align_left wpb_content_element\">\n\t\t\n\t\t<figure class=\"wpb_wrapper vc_figure\">\n\t\t\t<div class=\"vc_single_image-wrapper   vc_box_border_grey\"><img loading=\"lazy\" decoding=\"async\" width=\"661\" height=\"372\" src=\"https:\/\/www.filtnor.com\/wp-content\/uploads\/2024\/06\/products_filtration_filter-spare-parts_hand-scrapers-01.png\" class=\"vc_single_image-img attachment-full\" alt=\"Handskrapar fyrir s\u00eduk\u00f6ku \u00e1 \u00fer\u00fdstis\u00edum\" title=\"products_filtration_filter-spear-parts_handskrapar-01\" srcset=\"https:\/\/www.filtnor.com\/wp-content\/uploads\/2024\/06\/products_filtration_filter-spare-parts_hand-scrapers-01.png 661w, https:\/\/www.filtnor.com\/wp-content\/uploads\/2024\/06\/products_filtration_filter-spare-parts_hand-scrapers-01-18x10.png 18w, https:\/\/www.filtnor.com\/wp-content\/uploads\/2024\/06\/products_filtration_filter-spare-parts_hand-scrapers-01-600x338.png 600w\" sizes=\"auto, (max-width: 661px) 100vw, 661px\" \/><\/div>\n\t\t<\/figure>\n\t<\/div>\n<\/div><\/div><\/div><\/div><div class=\"vc_row wpb_row vc_row-fluid vc_custom_1691588774257\"><div class=\"wpb_column vc_column_container vc_col-sm-6\"><div class=\"vc_column-inner\"><div class=\"wpb_wrapper\"><div class=\"section-title-wrapper shortcode-rand-5 induzy-inline-css\" data-css=\"&quot;.shortcode-rand-5 .title-separator.separator-border { background-color: ; }.shortcode-rand-5 .section-title { text-transform: none; }&quot;\"><div class=\"title-wrap\"><h4 class=\"section-title\">Stutt handfang <span class=\"title-suffix theme-color\">\/ Langt handfang<\/span><\/h4><span class=\"title-separator separator-border theme-color-bg\"><\/span><\/div><!-- .title-wrap --><div class=\"section-description\">Handsk\u00f6furnar okkar eru nau\u00f0synleg verkf\u00e6ri til a\u00f0 fjarl\u00e6gja s\u00eduk\u00f6ku og \u00f3hreinindi handvirkt \u00far \u00fer\u00fdstis\u00edum. \u00deessar sk\u00f6fur eru hanna\u00f0ar til a\u00f0 vernda b\u00e6\u00f0i s\u00edukl\u00fata og s\u00edupl\u00f6tur og hj\u00e1lpa til vi\u00f0 a\u00f0 vi\u00f0halda skilvirkri notkun og lengja l\u00edft\u00edma s\u00edunarb\u00fana\u00f0arins.<\/p>\n<p><strong>F\u00e1anlegt \u00ed tveimur \u00fatg\u00e1fum:<\/strong><br \/>\n\u2013 Skafi me\u00f0 stuttu handfangi \u2013 Tilvalinn fyrir n\u00e1kv\u00e6ma \u00ferif \u00fear sem n\u00e1kv\u00e6mni er nau\u00f0synleg.<br \/>\n\u2013 Skafi me\u00f0 l\u00f6ngu handfangi \u2013 Tilvalinn til a\u00f0 n\u00e1 d\u00fdpri sv\u00e6\u00f0um e\u00f0a \u00feegar unni\u00f0 er me\u00f0 st\u00e6rri s\u00edupressur.<\/p>\n<p>\u00deessar sk\u00f6fur eru \u00far mj\u00fakum, \u00f3skemmandi efnum og eru hanna\u00f0ar til \u00f6ruggrar og skilvirkrar notkunar \u00ed krefjandi i\u00f0na\u00f0arumhverfi.<\/div><!-- .section-description --><\/div><!-- .section-title-wrapper --><\/div><\/div><\/div><div class=\"wpb_column vc_column_container vc_col-sm-6\"><div class=\"vc_column-inner\"><div class=\"wpb_wrapper\"><div class=\"section-title-wrapper margin-bottom-30 shortcode-rand-6 induzy-inline-css\" data-css=\"&quot;.shortcode-rand-6 .title-separator.separator-border { background-color: ; }.shortcode-rand-6 .section-title { text-transform: none; }&quot;\"><div class=\"title-wrap\"><h4 class=\"section-title\">Lykilatri\u00f0i <span class=\"title-suffix theme-color\">&amp; Uppl\u00fdsingar<\/span><\/h4><span class=\"title-separator separator-border theme-color-bg\"><\/span><\/div><!-- .title-wrap --><div class=\"section-description\"><\/div><!-- .section-description --><\/div><!-- .section-title-wrapper --><div class=\"list-item-wrapper\" data-css=\"&quot;&quot;\"><div class=\"list-item-inner\" data-css=\"&quot;&quot;\"><div class=\"list-item-title media\"><span class=\"mr-3 icon-light fa fa-solid fa-check\"><\/span><div class=\"media-body align-self-center list-item-desc\">Efni: Mj\u00fakt nylon til a\u00f0 koma \u00ed veg fyrir skemmdir \u00e1 s\u00eduhlutum<\/div><\/div><!-- .list-item-title --><\/div><!-- .list-item-inner --><div class=\"list-item-inner\" data-css=\"&quot;&quot;\"><div class=\"list-item-title media\"><span class=\"mr-3 icon-light fa fa-solid fa-check\"><\/span><div class=\"media-body align-self-center list-item-desc\">Ergonom\u00edskt grip fyrir \u00fe\u00e6gilega notkun<\/div><\/div><!-- .list-item-title --><\/div><!-- .list-item-inner --><div class=\"list-item-inner\" data-css=\"&quot;&quot;\"><div class=\"list-item-title media\"><span class=\"mr-3 icon-light fa fa-solid fa-check\"><\/span><div class=\"media-body align-self-center list-item-desc\">L\u00e9tt og au\u00f0velt \u00ed me\u00f0f\u00f6rum<\/div><\/div><!-- .list-item-title --><\/div><!-- .list-item-inner --><div class=\"list-item-inner\" data-css=\"&quot;&quot;\"><div class=\"list-item-title media\"><span class=\"mr-3 icon-light fa fa-solid fa-check\"><\/span><div class=\"media-body align-self-center list-item-desc\">Hentar fyrir allar algengar ger\u00f0ir af s\u00edupressum<\/div><\/div><!-- .list-item-title --><\/div><!-- .list-item-inner --><\/div><!-- .list-item-wrapper --><\/div><\/div><\/div><\/div><div data-vc-full-width=\"true\" data-vc-full-width-init=\"false\" class=\"vc_row wpb_row vc_row-fluid additional-call-to-action vc_custom_1691588100630 vc_row-has-fill\"><div class=\"wpb_column vc_column_container vc_col-sm-12\"><div class=\"vc_column-inner\"><div class=\"wpb_wrapper\"><div class=\"vc_row wpb_row vc_inner vc_row-fluid\"><div class=\"wpb_column vc_column_container vc_col-sm-12 vc_col-lg-9 vc_col-md-12\"><div class=\"vc_column-inner\"><div class=\"wpb_wrapper\"><div class=\"feature-box-wrapper feature-box-style-1 shortcode-rand-13 induzy-inline-css feature-list-1\" data-css=\"&quot;.shortcode-rand-13.feature-box-wrapper { color: #000000; }.shortcode-rand-13.feature-box-wrapper {background: -moz-linear-gradient(141deg,  0%,  51%,  75%);\\r\\n\\t\\t\\t\\tbackground: -webkit-linear-gradient(141deg,  0%,  51%,  75%);\\r\\n\\t\\t\\t\\tbackground: linear-gradient(141deg,  0%,  51%,  75%);}.shortcode-rand-13 .feature-box-icon { font-size: 30px; }.shortcode-rand-13 .feature-box-icon { height: 60px; width: 60px; }.shortcode-rand-13 .feature-box-icon &gt; span { line-height: 2; }.shortcode-rand-13:hover .feature-box-icon { background: none; }&quot;\" ><div class=\"fbox-list\"><div class=\"media\"><div class=\"feature-box-icon mr-3 text-center rounded-circle none\"><span class=\"\"><\/span><\/div><!-- .feature-box-icon --><div class=\"media-body\"><div class=\"feature-box-title\"><h4 class=\"section-title\">Finnur \u00fe\u00fa ekki \u00fea\u00f0 sem \u00fe\u00fa ert a\u00f0 leita a\u00f0?<\/h4><\/div><!-- .feature-box-title --><div class=\"feature-box-content\">Haf\u00f0u samband vi\u00f0 okkur og vi\u00f0 hj\u00e1lpum \u00fe\u00e9r a\u00f0 finna \u00fea\u00f0 \u00fat!<\/div><!-- .feature-box-content --><\/div><\/div><\/div><\/div><!-- .feature-box-wrapper --><\/div><\/div><\/div><div class=\"wpb_column vc_column_container vc_col-sm-12 vc_col-lg-3 vc_col-md-12\"><div class=\"vc_column-inner vc_custom_1691588352947\"><div class=\"wpb_wrapper\"><div class=\"vc_btn3-container  additional-btn vc_btn3-right vc_custom_1745313281949 vc_do_btn\" ><a style=\"background-color:#06295e; color:#ffffff;\" class=\"vc_general vc_btn3 vc_btn3-size-md vc_btn3-shape-rounded vc_btn3-style-custom\" href=\"https:\/\/www.filtnor.com\/is\/hafdu-samband-vid-okkur\/\" title=\"Haf\u00f0u samband vi\u00f0 okkur\">SENDA FYRIRSPURN \u00bb<\/a><\/div><\/div><\/div><\/div><\/div><\/div><\/div><\/div><\/div><div class=\"vc_row-full-width vc_clearfix\"><\/div>\n<\/div>","protected":false},"excerpt":{"rendered":"Handskrapar til a\u00f0 fjarl\u00e6gja s\u00eduk\u00f6ku. Mj\u00fakur nylon s\u00edupressuskrafi. S\u00edupressuskrafinn okkar er \u00far mj\u00faku, endingarg\u00f3\u00f0u nylonefni sem er hanna\u00f0 til a\u00f0 vernda b\u00e6\u00f0i s\u00edukl\u00fata og s\u00edupl\u00f6tur gegn skemmdum vi\u00f0 \u00ferif. Nau\u00f0synlegt verkf\u00e6ri fyrir alla notendur s\u00edupressu, hann gerir kleift a\u00f0 fjarl\u00e6gja s\u00eduk\u00f6kuna flj\u00f3tt og \u00e1 \u00e1hrifar\u00edkan h\u00e1tt.","protected":false},"author":1,"featured_media":0,"parent":5505,"menu_order":0,"comment_status":"closed","ping_status":"closed","template":"","meta":{"om_disable_all_campaigns":false,"footnotes":""},"class_list":["post-4464","page","type-page","status-publish","hentry"],"yoast_head":"<!-- This site is optimized with the Yoast SEO Premium plugin v26.1 (Yoast SEO v27.4) - https:\/\/yoast.com\/product\/yoast-seo-premium-wordpress\/ -->\n<title>Hand Scrapers - Filtnor<\/title>\n<meta name=\"description\" content=\"Durable hand scrapers for safe and effective filter cake removal on pressure filters. Available in short and long handle versions. Protects filter cloths and plates.\" \/>\n<meta name=\"robots\" content=\"index, follow, max-snippet:-1, max-image-preview:large, max-video-preview:-1\" \/>\n<link rel=\"canonical\" href=\"https:\/\/www.filtnor.com\/is\/vorur\/siun\/afvotnunarkerfi\/pressusiur\/siupressur\/siupressa-varahlutir\/handskrapar\/\" \/>\n<meta property=\"og:locale\" content=\"is_IS\" \/>\n<meta property=\"og:type\" content=\"article\" \/>\n<meta property=\"og:title\" content=\"Hand Scrapers\" \/>\n<meta property=\"og:description\" content=\"Durable hand scrapers for safe and effective filter cake removal on pressure filters. Available in short and long handle versions. Protects filter cloths and plates.\" \/>\n<meta property=\"og:url\" content=\"https:\/\/www.filtnor.com\/is\/vorur\/siun\/afvotnunarkerfi\/pressusiur\/siupressur\/siupressa-varahlutir\/handskrapar\/\" \/>\n<meta property=\"og:site_name\" content=\"Filtnor\" \/>\n<meta property=\"article:modified_time\" content=\"2025-06-13T09:33:17+00:00\" \/>\n<meta name=\"twitter:card\" content=\"summary_large_image\" \/>\n<meta name=\"twitter:label1\" content=\"Est. reading time\" \/>\n\t<meta name=\"twitter:data1\" content=\"2 minutes\" \/>\n<script type=\"application\/ld+json\" class=\"yoast-schema-graph\">{\"@context\":\"https:\\\/\\\/schema.org\",\"@graph\":[{\"@type\":\"WebPage\",\"@id\":\"https:\\\/\\\/www.filtnor.com\\\/products\\\/filtration\\\/dewatering-systems\\\/pressure-filters\\\/filter-presses\\\/filter-press-spare-parts\\\/hand-scrapers\\\/\",\"url\":\"https:\\\/\\\/www.filtnor.com\\\/products\\\/filtration\\\/dewatering-systems\\\/pressure-filters\\\/filter-presses\\\/filter-press-spare-parts\\\/hand-scrapers\\\/\",\"name\":\"Hand Scrapers - Filtnor\",\"isPartOf\":{\"@id\":\"https:\\\/\\\/www.filtnor.com\\\/#website\"},\"datePublished\":\"2024-05-22T16:36:26+00:00\",\"dateModified\":\"2025-06-13T09:33:17+00:00\",\"description\":\"Durable hand scrapers for safe and effective filter cake removal on pressure filters. Available in short and long handle versions. Protects filter cloths and plates.\",\"breadcrumb\":{\"@id\":\"https:\\\/\\\/www.filtnor.com\\\/products\\\/filtration\\\/dewatering-systems\\\/pressure-filters\\\/filter-presses\\\/filter-press-spare-parts\\\/hand-scrapers\\\/#breadcrumb\"},\"inLanguage\":\"is\",\"potentialAction\":[{\"@type\":\"ReadAction\",\"target\":[\"https:\\\/\\\/www.filtnor.com\\\/products\\\/filtration\\\/dewatering-systems\\\/pressure-filters\\\/filter-presses\\\/filter-press-spare-parts\\\/hand-scrapers\\\/\"]}]},{\"@type\":\"BreadcrumbList\",\"@id\":\"https:\\\/\\\/www.filtnor.com\\\/products\\\/filtration\\\/dewatering-systems\\\/pressure-filters\\\/filter-presses\\\/filter-press-spare-parts\\\/hand-scrapers\\\/#breadcrumb\",\"itemListElement\":[{\"@type\":\"ListItem\",\"position\":1,\"name\":\"Home\",\"item\":\"https:\\\/\\\/www.filtnor.com\\\/\"},{\"@type\":\"ListItem\",\"position\":2,\"name\":\"Product groups from Filtnor\",\"item\":\"https:\\\/\\\/www.filtnor.com\\\/products\\\/\"},{\"@type\":\"ListItem\",\"position\":3,\"name\":\"Filtration\",\"item\":\"https:\\\/\\\/www.filtnor.com\\\/products\\\/filtration\\\/\"},{\"@type\":\"ListItem\",\"position\":4,\"name\":\"Dewatering Systems\",\"item\":\"https:\\\/\\\/www.filtnor.com\\\/products\\\/filtration\\\/dewatering-systems\\\/\"},{\"@type\":\"ListItem\",\"position\":5,\"name\":\"Pressure filters\",\"item\":\"https:\\\/\\\/www.filtnor.com\\\/products\\\/filtration\\\/dewatering-systems\\\/pressure-filters\\\/\"},{\"@type\":\"ListItem\",\"position\":6,\"name\":\"Filter presses\",\"item\":\"https:\\\/\\\/www.filtnor.com\\\/products\\\/filtration\\\/dewatering-systems\\\/pressure-filters\\\/filter-presses\\\/\"},{\"@type\":\"ListItem\",\"position\":7,\"name\":\"Filter Press Spare Parts\",\"item\":\"https:\\\/\\\/www.filtnor.com\\\/products\\\/filtration\\\/dewatering-systems\\\/pressure-filters\\\/filter-presses\\\/filter-press-spare-parts\\\/\"},{\"@type\":\"ListItem\",\"position\":8,\"name\":\"Hand Scrapers\"}]},{\"@type\":\"WebSite\",\"@id\":\"https:\\\/\\\/www.filtnor.com\\\/#website\",\"url\":\"https:\\\/\\\/www.filtnor.com\\\/\",\"name\":\"Filtnor\",\"description\":\"Filtration you can trust. Performance that lasts.\",\"potentialAction\":[{\"@type\":\"SearchAction\",\"target\":{\"@type\":\"EntryPoint\",\"urlTemplate\":\"https:\\\/\\\/www.filtnor.com\\\/?s={search_term_string}\"},\"query-input\":{\"@type\":\"PropertyValueSpecification\",\"valueRequired\":true,\"valueName\":\"search_term_string\"}}],\"inLanguage\":\"is\"}]}<\/script>\n<!-- \/ Yoast SEO Premium plugin. -->","yoast_head_json":{"title":"Handskrapar - Filtnor","description":"Sterkir handskrapar til a\u00f0 fjarl\u00e6gja s\u00eduk\u00f6ku \u00e1 \u00fer\u00fdstis\u00edum \u00e1 \u00f6ruggan og \u00e1rangursr\u00edkan h\u00e1tt. F\u00e1anlegir me\u00f0 stuttum og l\u00f6ngum handfangi. Verndar s\u00edukl\u00fata og pl\u00f6tur.","robots":{"index":"index","follow":"follow","max-snippet":"max-snippet:-1","max-image-preview":"max-image-preview:large","max-video-preview":"max-video-preview:-1"},"canonical":"https:\/\/www.filtnor.com\/is\/vorur\/siun\/afvotnunarkerfi\/pressusiur\/siupressur\/siupressa-varahlutir\/handskrapar\/","og_locale":"is_IS","og_type":"article","og_title":"Hand Scrapers","og_description":"Durable hand scrapers for safe and effective filter cake removal on pressure filters. Available in short and long handle versions. Protects filter cloths and plates.","og_url":"https:\/\/www.filtnor.com\/is\/vorur\/siun\/afvotnunarkerfi\/pressusiur\/siupressur\/siupressa-varahlutir\/handskrapar\/","og_site_name":"Filtnor","article_modified_time":"2025-06-13T09:33:17+00:00","twitter_card":"summary_large_image","twitter_misc":{"Est. reading time":"2 minutes"},"schema":{"@context":"https:\/\/schema.org","@graph":[{"@type":"WebPage","@id":"https:\/\/www.filtnor.com\/products\/filtration\/dewatering-systems\/pressure-filters\/filter-presses\/filter-press-spare-parts\/hand-scrapers\/","url":"https:\/\/www.filtnor.com\/products\/filtration\/dewatering-systems\/pressure-filters\/filter-presses\/filter-press-spare-parts\/hand-scrapers\/","name":"Handskrapar - Filtnor","isPartOf":{"@id":"https:\/\/www.filtnor.com\/#website"},"datePublished":"2024-05-22T16:36:26+00:00","dateModified":"2025-06-13T09:33:17+00:00","description":"Sterkir handskrapar til a\u00f0 fjarl\u00e6gja s\u00eduk\u00f6ku \u00e1 \u00fer\u00fdstis\u00edum \u00e1 \u00f6ruggan og \u00e1rangursr\u00edkan h\u00e1tt. F\u00e1anlegir me\u00f0 stuttum og l\u00f6ngum handfangi. Verndar s\u00edukl\u00fata og pl\u00f6tur.","breadcrumb":{"@id":"https:\/\/www.filtnor.com\/products\/filtration\/dewatering-systems\/pressure-filters\/filter-presses\/filter-press-spare-parts\/hand-scrapers\/#breadcrumb"},"inLanguage":"is","potentialAction":[{"@type":"ReadAction","target":["https:\/\/www.filtnor.com\/products\/filtration\/dewatering-systems\/pressure-filters\/filter-presses\/filter-press-spare-parts\/hand-scrapers\/"]}]},{"@type":"BreadcrumbList","@id":"https:\/\/www.filtnor.com\/products\/filtration\/dewatering-systems\/pressure-filters\/filter-presses\/filter-press-spare-parts\/hand-scrapers\/#breadcrumb","itemListElement":[{"@type":"ListItem","position":1,"name":"Home","item":"https:\/\/www.filtnor.com\/"},{"@type":"ListItem","position":2,"name":"Product groups from Filtnor","item":"https:\/\/www.filtnor.com\/products\/"},{"@type":"ListItem","position":3,"name":"Filtration","item":"https:\/\/www.filtnor.com\/products\/filtration\/"},{"@type":"ListItem","position":4,"name":"Dewatering Systems","item":"https:\/\/www.filtnor.com\/products\/filtration\/dewatering-systems\/"},{"@type":"ListItem","position":5,"name":"Pressure filters","item":"https:\/\/www.filtnor.com\/products\/filtration\/dewatering-systems\/pressure-filters\/"},{"@type":"ListItem","position":6,"name":"Filter presses","item":"https:\/\/www.filtnor.com\/products\/filtration\/dewatering-systems\/pressure-filters\/filter-presses\/"},{"@type":"ListItem","position":7,"name":"Filter Press Spare Parts","item":"https:\/\/www.filtnor.com\/products\/filtration\/dewatering-systems\/pressure-filters\/filter-presses\/filter-press-spare-parts\/"},{"@type":"ListItem","position":8,"name":"Hand Scrapers"}]},{"@type":"WebSite","@id":"https:\/\/www.filtnor.com\/#website","url":"https:\/\/www.filtnor.com\/","name":"Filtnor","description":"S\u00edun sem \u00fe\u00fa getur treyst. Afk\u00f6st sem endast.","potentialAction":[{"@type":"SearchAction","target":{"@type":"EntryPoint","urlTemplate":"https:\/\/www.filtnor.com\/?s={search_term_string}"},"query-input":{"@type":"PropertyValueSpecification","valueRequired":true,"valueName":"search_term_string"}}],"inLanguage":"is"}]}},"_links":{"self":[{"href":"https:\/\/www.filtnor.com\/is\/wp-json\/wp\/v2\/pages\/4464","targetHints":{"allow":["GET"]}}],"collection":[{"href":"https:\/\/www.filtnor.com\/is\/wp-json\/wp\/v2\/pages"}],"about":[{"href":"https:\/\/www.filtnor.com\/is\/wp-json\/wp\/v2\/types\/page"}],"author":[{"embeddable":true,"href":"https:\/\/www.filtnor.com\/is\/wp-json\/wp\/v2\/users\/1"}],"replies":[{"embeddable":true,"href":"https:\/\/www.filtnor.com\/is\/wp-json\/wp\/v2\/comments?post=4464"}],"version-history":[{"count":8,"href":"https:\/\/www.filtnor.com\/is\/wp-json\/wp\/v2\/pages\/4464\/revisions"}],"predecessor-version":[{"id":6189,"href":"https:\/\/www.filtnor.com\/is\/wp-json\/wp\/v2\/pages\/4464\/revisions\/6189"}],"up":[{"embeddable":true,"href":"https:\/\/www.filtnor.com\/is\/wp-json\/wp\/v2\/pages\/5505"}],"wp:attachment":[{"href":"https:\/\/www.filtnor.com\/is\/wp-json\/wp\/v2\/media?parent=4464"}],"curies":[{"name":"wp","href":"https:\/\/api.w.org\/{rel}","templated":true}]}}