{"id":4399,"date":"2024-05-08T20:09:45","date_gmt":"2024-05-08T19:09:45","guid":{"rendered":"https:\/\/www.filtnor.no\/?page_id=4399"},"modified":"2024-09-22T15:52:59","modified_gmt":"2024-09-22T13:52:59","slug":"malmthenslusamskeyti","status":"publish","type":"page","link":"https:\/\/www.filtnor.com\/is\/vorur\/vokvamedhondlun\/utvikkunarlidir\/malmthenslusamskeyti\/","title":{"rendered":"\u00datv\u00edkkunarli\u00f0ir \u00far m\u00e1lmi"},"content":{"rendered":"<div class=\"wpb-content-wrapper\"><div class=\"vc_row wpb_row vc_row-fluid vc_custom_1691587735553\"><div class=\"wpb_column vc_column_container vc_col-sm-12 vc_col-lg-6 vc_col-md-6\"><div class=\"vc_column-inner\"><div class=\"wpb_wrapper\"><div class=\"section-title-wrapper shortcode-rand-2 induzy-inline-css\" data-css=\"&quot;.shortcode-rand-2 .title-separator.separator-border { background-color: ; }.shortcode-rand-2 .section-title { text-transform: none; }&quot;\"><div class=\"title-wrap\"><h2 class=\"section-title\">\u00datv\u00edkkunarli\u00f0ir \u00far m\u00e1lmi<\/h2><span class=\"title-separator separator-border theme-color-bg\"><\/span><\/div><!-- .title-wrap --><div class=\"section-description\">M\u00e1lmj\u00f6fnunarb\u00fana\u00f0ur, e\u00f0a st\u00e1lj\u00f6fnunarb\u00fana\u00f0ur eins og hann er einnig kalla\u00f0ur, hentar vel til notkunar \u00e1 sv\u00e6\u00f0um me\u00f0 h\u00e1tt hitastig, mikinn \u00fer\u00fdsting, sterka krafta og t\u00e6randi umhverfi. J\u00f6fnunarb\u00fana\u00f0urinn er h\u00e6gt a\u00f0 f\u00e1 me\u00f0 flansum e\u00f0a su\u00f0uendum og er hanna\u00f0ur samkv\u00e6mt forskrift vi\u00f0skiptavinarins.<\/p>\n<p>&nbsp;<\/p>\n<p><\/div><!-- .section-description --><\/div><!-- .section-title-wrapper --><div class=\"feature-box-wrapper feature-box-style-1 vc_custom_1725647775239 shortcode-rand-3 induzy-inline-css\" data-css=\"&quot;.shortcode-rand-3.feature-box-wrapper {background: -moz-linear-gradient(141deg,  0%,  51%,  75%);\\r\\n\\t\\t\\t\\tbackground: -webkit-linear-gradient(141deg,  0%,  51%,  75%);\\r\\n\\t\\t\\t\\tbackground: linear-gradient(141deg,  0%,  51%,  75%);}.shortcode-rand-3 .feature-box-icon { font-size: 24px; }.shortcode-rand-3 .feature-box-icon { height: 48px; width: 48px; }.shortcode-rand-3 .feature-box-icon &gt; span { line-height: 2; }.shortcode-rand-3:hover .feature-box-icon { background: none; }&quot;\" ><div class=\"feature-box-btn\"><a class=\"btn default\" href=\"https:\/\/www.filtnor.com\/is\/hafdu-samband-vid-okkur\/\" title=\"SENDA FYRIRSPURN \u00bb\">SENDA FYRIRSPURN \u00bb<\/a><\/div><!-- .feature-box-btn --><\/div><!-- .feature-box-wrapper --><\/div><\/div><\/div><div class=\"wpb_column vc_column_container vc_col-sm-12 vc_col-lg-6 vc_col-md-6\"><div class=\"vc_column-inner\"><div class=\"wpb_wrapper\">\n\t<div  class=\"wpb_single_image wpb_content_element vc_align_left wpb_content_element\">\n\t\t\n\t\t<figure class=\"wpb_wrapper vc_figure\">\n\t\t\t<div class=\"vc_single_image-wrapper   vc_box_border_grey\"><img loading=\"lazy\" decoding=\"async\" width=\"1280\" height=\"768\" src=\"https:\/\/www.filtnor.com\/wp-content\/uploads\/2024\/06\/products_flow_expansion-joints-01.jpg\" class=\"vc_single_image-img attachment-full\" alt=\"\u00datv\u00edkkunarli\u00f0ir \u00far m\u00e1lmi\" title=\"products_flow_expansion-joints-01\" srcset=\"https:\/\/www.filtnor.com\/wp-content\/uploads\/2024\/06\/products_flow_expansion-joints-01.jpg 1280w, https:\/\/www.filtnor.com\/wp-content\/uploads\/2024\/06\/products_flow_expansion-joints-01-768x461.jpg 768w, https:\/\/www.filtnor.com\/wp-content\/uploads\/2024\/06\/products_flow_expansion-joints-01-18x12.jpg 18w, https:\/\/www.filtnor.com\/wp-content\/uploads\/2024\/06\/products_flow_expansion-joints-01-600x360.jpg 600w\" sizes=\"auto, (max-width: 1280px) 100vw, 1280px\" \/><\/div>\n\t\t<\/figure>\n\t<\/div>\n<\/div><\/div><\/div><\/div><div class=\"vc_row wpb_row vc_row-fluid vc_custom_1691588774257\"><div class=\"wpb_column vc_column_container vc_col-sm-6\"><div class=\"vc_column-inner\"><div class=\"wpb_wrapper\"><div class=\"section-title-wrapper shortcode-rand-5 induzy-inline-css\" data-css=\"&quot;.shortcode-rand-5 .title-separator.separator-border { background-color: ; }.shortcode-rand-5 .section-title { text-transform: none; }&quot;\"><div class=\"title-wrap\"><h4 class=\"section-title\">\u00d6\u00f0ruv\u00edsi <span class=\"title-suffix theme-color\">hreyfingar<\/span><\/h4><span class=\"title-separator separator-border theme-color-bg\"><\/span><\/div><!-- .title-wrap --><div class=\"section-description\">\u00deensluli\u00f0ir eru mikilv\u00e6gir \u00edhlutir \u00ed p\u00edpul\u00f6gnum af \u00fdmsum \u00e1st\u00e6\u00f0um. \u00deeir eru hanna\u00f0ir til a\u00f0 taka \u00e1 m\u00f3ti varma\u00feenslu og samdr\u00e6tti, titringi og v\u00e9lr\u00e6nni hreyfingu \u00ed p\u00edpum, sem getur komi\u00f0 fram vegna \u00fdmissa umhverfis- og rekstrar\u00fe\u00e1tta. \u00deetta gerir \u00feensluli\u00f0ina mikilv\u00e6ga til a\u00f0 vernda p\u00edpuna og a\u00f0ra \u00edhluti hennar gegn \u00e1lagi.<\/p>\n<p>\u00deensluli\u00f0ir \u00far m\u00e1lmi eru \u00far st\u00e1li og eru hanna\u00f0ir til a\u00f0 taka \u00e1 m\u00f3ti miklum hreyfingum og eru yfirleitt nota\u00f0ir \u00e1 st\u00f6\u00f0um \u00fear sem g\u00famm\u00ed e\u00f0a text\u00edl er of veikbur\u00f0a. \u00deensluli\u00f0ir \u00far m\u00e1lmi eru hanna\u00f0ir \u00e1 mismunandi h\u00e1tt eftir \u00fev\u00ed hvers konar hreyfingar \u00feeir eiga a\u00f0 taka \u00e1 m\u00f3ti, \u00feannig a\u00f0 \u00fea\u00f0 er mikilv\u00e6gt a\u00f0 vita hverjar \u00feessar hreyfingar ver\u00f0a \u00feegar n\u00fdr \u00feensluli\u00f0ur \u00far m\u00e1lmi er settur upp.<\/div><!-- .section-description --><\/div><!-- .section-title-wrapper --><\/div><\/div><\/div><div class=\"wpb_column vc_column_container vc_col-sm-6\"><div class=\"vc_column-inner\"><div class=\"wpb_wrapper\"><div class=\"section-title-wrapper margin-bottom-30 shortcode-rand-6 induzy-inline-css\" data-css=\"&quot;.shortcode-rand-6 .title-separator.separator-border { background-color: ; }.shortcode-rand-6 .section-title { text-transform: none; }&quot;\"><div class=\"title-wrap\"><h4 class=\"section-title\">Sumir af kostunum me\u00f0 <span class=\"title-suffix theme-color\">m\u00e1lm\u00feenslusamskeyti<\/span><\/h4><span class=\"title-separator separator-border theme-color-bg\"><\/span><\/div><!-- .title-wrap --><div class=\"section-description\"><\/div><!-- .section-description --><\/div><!-- .section-title-wrapper --><div class=\"list-item-wrapper\" data-css=\"&quot;&quot;\"><div class=\"list-item-inner\" data-css=\"&quot;&quot;\"><div class=\"list-item-title media\"><span class=\"mr-3 icon-light fas fa-check\"><\/span><div class=\"media-body align-self-center list-item-desc\">Tekur vi\u00f0 kr\u00f6ftugum hreyfingum<\/div><\/div><!-- .list-item-title --><\/div><!-- .list-item-inner --><div class=\"list-item-inner\" data-css=\"&quot;&quot;\"><div class=\"list-item-title media\"><span class=\"mr-3 icon-light fas fa-check\"><\/span><div class=\"media-body align-self-center list-item-desc\">Hentar fyrir h\u00e1\u00fer\u00fdsting<\/div><\/div><!-- .list-item-title --><\/div><!-- .list-item-inner --><div class=\"list-item-inner\" data-css=\"&quot;&quot;\"><div class=\"list-item-title media\"><span class=\"mr-3 icon-light fas fa-check\"><\/span><div class=\"media-body align-self-center list-item-desc\">Hentar fyrir h\u00e1tt hitastig<\/div><\/div><!-- .list-item-title --><\/div><!-- .list-item-inner --><div class=\"list-item-inner\" data-css=\"&quot;&quot;\"><div class=\"list-item-title media\"><span class=\"mr-3 icon-light fas fa-check\"><\/span><div class=\"media-body align-self-center list-item-desc\">\u00deolir v\u00e9lr\u00e6n \u00e1hrif<\/div><\/div><!-- .list-item-title --><\/div><!-- .list-item-inner --><\/div><!-- .list-item-wrapper --><\/div><\/div><\/div><\/div><div class=\"vc_row wpb_row vc_row-fluid vc_custom_1691588774257\"><div class=\"wpb_column vc_column_container vc_col-sm-6\"><div class=\"vc_column-inner\"><div class=\"wpb_wrapper\"><div class=\"section-title-wrapper shortcode-rand-13 induzy-inline-css\" data-css=\"&quot;.shortcode-rand-13 .title-separator.separator-border { background-color: ; }.shortcode-rand-13 .section-title { text-transform: none; }&quot;\"><div class=\"title-wrap\"><h4 class=\"section-title\">Leyf\u00f0u okkur <span class=\"title-suffix theme-color\">hj\u00e1lpa \u00fe\u00e9r!<\/span><\/h4><span class=\"title-separator separator-border theme-color-bg\"><\/span><\/div><!-- .title-wrap --><div class=\"section-description\">Vi\u00f0 erum h\u00e9r til a\u00f0 tryggja a\u00f0 \u00fe\u00fa f\u00e1ir bestu v\u00f6runa fyrir \u00feitt ferli. Teymi s\u00e9rfr\u00e6\u00f0inga okkar er tilb\u00fai\u00f0 a\u00f0 a\u00f0sto\u00f0a \u00feig vi\u00f0 a\u00f0 finna r\u00e9tta st\u00e6r\u00f0, h\u00f6nnun og efnisval til a\u00f0 tryggja fullkomna passun og vandr\u00e6\u00f0alausa notkun. Haf\u00f0u samband vi\u00f0 okkur \u00ed dag og vi\u00f0 hj\u00e1lpum \u00fe\u00e9r a\u00f0 finna bestu v\u00f6runa!<\/p>\n<p><\/div><!-- .section-description --><\/div><!-- .section-title-wrapper --><\/div><\/div><\/div><div class=\"wpb_column vc_column_container vc_col-sm-6\"><div class=\"vc_column-inner\"><div class=\"wpb_wrapper\">\n\t<div  class=\"wpb_single_image wpb_content_element vc_align_left wpb_content_element\">\n\t\t\n\t\t<figure class=\"wpb_wrapper vc_figure\">\n\t\t\t<div class=\"vc_single_image-wrapper   vc_box_border_grey\"><\/div>\n\t\t<\/figure>\n\t<\/div>\n<\/div><\/div><\/div><\/div><div class=\"vc_row wpb_row vc_row-fluid vc_custom_1691587893368\"><div class=\"wpb_column vc_column_container vc_col-sm-12\"><div class=\"vc_column-inner\"><div class=\"wpb_wrapper\"><div class=\"vc_separator wpb_content_element vc_separator_align_center vc_sep_width_100 vc_sep_dashed vc_sep_pos_align_center vc_separator_no_text wpb_content_element  wpb_content_element\" ><span class=\"vc_sep_holder vc_sep_holder_l\"><span class=\"vc_sep_line\"><\/span><\/span><span class=\"vc_sep_holder vc_sep_holder_r\"><span class=\"vc_sep_line\"><\/span><\/span>\n<\/div><\/div><\/div><\/div><\/div><div data-vc-full-width=\"true\" data-vc-full-width-init=\"false\" class=\"vc_row wpb_row vc_row-fluid additional-call-to-action vc_custom_1691588100630 vc_row-has-fill\"><div class=\"wpb_column vc_column_container vc_col-sm-12\"><div class=\"vc_column-inner\"><div class=\"wpb_wrapper\"><div class=\"vc_row wpb_row vc_inner vc_row-fluid\"><div class=\"wpb_column vc_column_container vc_col-sm-12 vc_col-lg-9 vc_col-md-12\"><div class=\"vc_column-inner\"><div class=\"wpb_wrapper\"><div class=\"feature-box-wrapper feature-box-style-1 shortcode-rand-16 induzy-inline-css feature-list-1\" data-css=\"&quot;.shortcode-rand-16.feature-box-wrapper { color: #000000; }.shortcode-rand-16.feature-box-wrapper {background: -moz-linear-gradient(141deg,  0%,  51%,  75%);\\r\\n\\t\\t\\t\\tbackground: -webkit-linear-gradient(141deg,  0%,  51%,  75%);\\r\\n\\t\\t\\t\\tbackground: linear-gradient(141deg,  0%,  51%,  75%);}.shortcode-rand-16 .feature-box-icon { font-size: 30px; }.shortcode-rand-16 .feature-box-icon { height: 60px; width: 60px; }.shortcode-rand-16 .feature-box-icon &gt; span { line-height: 2; }.shortcode-rand-16:hover .feature-box-icon { background: none; }&quot;\" ><div class=\"fbox-list\"><div class=\"media\"><div class=\"feature-box-icon mr-3 text-center rounded-circle none\"><span class=\"\"><\/span><\/div><!-- .feature-box-icon --><div class=\"media-body\"><div class=\"feature-box-title\"><h4 class=\"section-title\">Finnur \u00fe\u00fa ekki \u00fea\u00f0 sem \u00fe\u00fa ert a\u00f0 leita a\u00f0?<\/h4><\/div><!-- .feature-box-title --><div class=\"feature-box-content\">Haf\u00f0u samband vi\u00f0 okkur og vi\u00f0 hj\u00e1lpum \u00fe\u00e9r a\u00f0 finna \u00fea\u00f0 \u00fat!<\/div><!-- .feature-box-content --><\/div><\/div><\/div><\/div><!-- .feature-box-wrapper --><\/div><\/div><\/div><div class=\"wpb_column vc_column_container vc_col-sm-12 vc_col-lg-3 vc_col-md-12\"><div class=\"vc_column-inner vc_custom_1691588352947\"><div class=\"wpb_wrapper\"><div class=\"vc_btn3-container  additional-btn vc_btn3-right vc_custom_1725648952734 vc_do_btn\" ><a style=\"background-color:#06295e; color:#ffffff;\" class=\"vc_general vc_btn3 vc_btn3-size-md vc_btn3-shape-rounded vc_btn3-style-custom\" href=\"https:\/\/www.filtnor.com\/is\/hafdu-samband-vid-okkur\/\" title=\"Haf\u00f0u samband vi\u00f0 okkur\">SENDA FYRIRSPURN \u00bb<\/a><\/div><\/div><\/div><\/div><\/div><\/div><\/div><\/div><\/div><div class=\"vc_row-full-width vc_clearfix\"><\/div>\n<\/div>","protected":false},"excerpt":{"rendered":"Metal expansion jointsMetal compensators, or steel compensators as they are also called, are well suited for use in areas with high temperatures, high pressures, strong forces and corrosive environments. The compensator can be supplied with flanges or welded ends and is designed according to the customer's specifications. &nbsp; SEND INQUIRY \u00bb Different movementsExpansion joints are","protected":false},"author":1,"featured_media":0,"parent":4164,"menu_order":0,"comment_status":"closed","ping_status":"closed","template":"","meta":{"om_disable_all_campaigns":false,"footnotes":""},"class_list":["post-4399","page","type-page","status-publish","hentry"],"yoast_head":"<!-- This site is optimized with the Yoast SEO Premium plugin v26.1 (Yoast SEO v27.4) - https:\/\/yoast.com\/product\/yoast-seo-premium-wordpress\/ -->\n<title>Metal expansion joints - Filtnor<\/title>\n<meta name=\"description\" content=\"Metal expansion joints in metal and steel. Metal compensators for pipelines. Metallic compensators with fast delivery.\" \/>\n<meta name=\"robots\" content=\"index, follow, max-snippet:-1, max-image-preview:large, max-video-preview:-1\" \/>\n<link rel=\"canonical\" href=\"https:\/\/www.filtnor.com\/is\/vorur\/vokvamedhondlun\/utvikkunarlidir\/malmthenslusamskeyti\/\" \/>\n<meta property=\"og:locale\" content=\"is_IS\" \/>\n<meta property=\"og:type\" content=\"article\" \/>\n<meta property=\"og:title\" content=\"Metal expansion joints\" \/>\n<meta property=\"og:description\" content=\"Metal expansion joints in metal and steel. Metal compensators for pipelines. Metallic compensators with fast delivery.\" \/>\n<meta property=\"og:url\" content=\"https:\/\/www.filtnor.com\/is\/vorur\/vokvamedhondlun\/utvikkunarlidir\/malmthenslusamskeyti\/\" \/>\n<meta property=\"og:site_name\" content=\"Filtnor\" \/>\n<meta property=\"article:modified_time\" content=\"2024-09-22T13:52:59+00:00\" \/>\n<meta name=\"twitter:card\" content=\"summary_large_image\" \/>\n<meta name=\"twitter:label1\" content=\"Est. reading time\" \/>\n\t<meta name=\"twitter:data1\" content=\"2 minutes\" \/>\n<script type=\"application\/ld+json\" class=\"yoast-schema-graph\">{\"@context\":\"https:\\\/\\\/schema.org\",\"@graph\":[{\"@type\":\"WebPage\",\"@id\":\"https:\\\/\\\/www.filtnor.com\\\/products\\\/fluid-handling\\\/expansion-joints\\\/metal-expansion-joints\\\/\",\"url\":\"https:\\\/\\\/www.filtnor.com\\\/products\\\/fluid-handling\\\/expansion-joints\\\/metal-expansion-joints\\\/\",\"name\":\"Metal expansion joints - Filtnor\",\"isPartOf\":{\"@id\":\"https:\\\/\\\/www.filtnor.com\\\/#website\"},\"datePublished\":\"2024-05-08T19:09:45+00:00\",\"dateModified\":\"2024-09-22T13:52:59+00:00\",\"description\":\"Metal expansion joints in metal and steel. Metal compensators for pipelines. Metallic compensators with fast delivery.\",\"breadcrumb\":{\"@id\":\"https:\\\/\\\/www.filtnor.com\\\/products\\\/fluid-handling\\\/expansion-joints\\\/metal-expansion-joints\\\/#breadcrumb\"},\"inLanguage\":\"is\",\"potentialAction\":[{\"@type\":\"ReadAction\",\"target\":[\"https:\\\/\\\/www.filtnor.com\\\/products\\\/fluid-handling\\\/expansion-joints\\\/metal-expansion-joints\\\/\"]}]},{\"@type\":\"BreadcrumbList\",\"@id\":\"https:\\\/\\\/www.filtnor.com\\\/products\\\/fluid-handling\\\/expansion-joints\\\/metal-expansion-joints\\\/#breadcrumb\",\"itemListElement\":[{\"@type\":\"ListItem\",\"position\":1,\"name\":\"Home\",\"item\":\"https:\\\/\\\/www.filtnor.com\\\/\"},{\"@type\":\"ListItem\",\"position\":2,\"name\":\"Product groups from Filtnor\",\"item\":\"https:\\\/\\\/www.filtnor.com\\\/products\\\/\"},{\"@type\":\"ListItem\",\"position\":3,\"name\":\"Fluid handling\",\"item\":\"https:\\\/\\\/www.filtnor.com\\\/products\\\/fluid-handling\\\/\"},{\"@type\":\"ListItem\",\"position\":4,\"name\":\"Expansion joints\",\"item\":\"https:\\\/\\\/www.filtnor.com\\\/products\\\/fluid-handling\\\/expansion-joints\\\/\"},{\"@type\":\"ListItem\",\"position\":5,\"name\":\"Metal expansion joints\"}]},{\"@type\":\"WebSite\",\"@id\":\"https:\\\/\\\/www.filtnor.com\\\/#website\",\"url\":\"https:\\\/\\\/www.filtnor.com\\\/\",\"name\":\"Filtnor\",\"description\":\"Filtration you can trust. Performance that lasts.\",\"potentialAction\":[{\"@type\":\"SearchAction\",\"target\":{\"@type\":\"EntryPoint\",\"urlTemplate\":\"https:\\\/\\\/www.filtnor.com\\\/?s={search_term_string}\"},\"query-input\":{\"@type\":\"PropertyValueSpecification\",\"valueRequired\":true,\"valueName\":\"search_term_string\"}}],\"inLanguage\":\"is\"}]}<\/script>\n<!-- \/ Yoast SEO Premium plugin. -->","yoast_head_json":{"title":"\u00deenslusamskeyti \u00far m\u00e1lmi - Filtnor","description":"\u00deenslutengingar \u00far m\u00e1lmi og st\u00e1li. M\u00e1lmj\u00f6fnunarb\u00fana\u00f0ur fyrir p\u00edpulagnir. M\u00e1lmj\u00f6fnunarb\u00fana\u00f0ur me\u00f0 hra\u00f0ri afhendingu.","robots":{"index":"index","follow":"follow","max-snippet":"max-snippet:-1","max-image-preview":"max-image-preview:large","max-video-preview":"max-video-preview:-1"},"canonical":"https:\/\/www.filtnor.com\/is\/vorur\/vokvamedhondlun\/utvikkunarlidir\/malmthenslusamskeyti\/","og_locale":"is_IS","og_type":"article","og_title":"Metal expansion joints","og_description":"Metal expansion joints in metal and steel. Metal compensators for pipelines. Metallic compensators with fast delivery.","og_url":"https:\/\/www.filtnor.com\/is\/vorur\/vokvamedhondlun\/utvikkunarlidir\/malmthenslusamskeyti\/","og_site_name":"Filtnor","article_modified_time":"2024-09-22T13:52:59+00:00","twitter_card":"summary_large_image","twitter_misc":{"Est. reading time":"2 minutes"},"schema":{"@context":"https:\/\/schema.org","@graph":[{"@type":"WebPage","@id":"https:\/\/www.filtnor.com\/products\/fluid-handling\/expansion-joints\/metal-expansion-joints\/","url":"https:\/\/www.filtnor.com\/products\/fluid-handling\/expansion-joints\/metal-expansion-joints\/","name":"\u00deenslusamskeyti \u00far m\u00e1lmi - Filtnor","isPartOf":{"@id":"https:\/\/www.filtnor.com\/#website"},"datePublished":"2024-05-08T19:09:45+00:00","dateModified":"2024-09-22T13:52:59+00:00","description":"\u00deenslutengingar \u00far m\u00e1lmi og st\u00e1li. M\u00e1lmj\u00f6fnunarb\u00fana\u00f0ur fyrir p\u00edpulagnir. M\u00e1lmj\u00f6fnunarb\u00fana\u00f0ur me\u00f0 hra\u00f0ri afhendingu.","breadcrumb":{"@id":"https:\/\/www.filtnor.com\/products\/fluid-handling\/expansion-joints\/metal-expansion-joints\/#breadcrumb"},"inLanguage":"is","potentialAction":[{"@type":"ReadAction","target":["https:\/\/www.filtnor.com\/products\/fluid-handling\/expansion-joints\/metal-expansion-joints\/"]}]},{"@type":"BreadcrumbList","@id":"https:\/\/www.filtnor.com\/products\/fluid-handling\/expansion-joints\/metal-expansion-joints\/#breadcrumb","itemListElement":[{"@type":"ListItem","position":1,"name":"Home","item":"https:\/\/www.filtnor.com\/"},{"@type":"ListItem","position":2,"name":"Product groups from Filtnor","item":"https:\/\/www.filtnor.com\/products\/"},{"@type":"ListItem","position":3,"name":"Fluid handling","item":"https:\/\/www.filtnor.com\/products\/fluid-handling\/"},{"@type":"ListItem","position":4,"name":"Expansion joints","item":"https:\/\/www.filtnor.com\/products\/fluid-handling\/expansion-joints\/"},{"@type":"ListItem","position":5,"name":"Metal expansion joints"}]},{"@type":"WebSite","@id":"https:\/\/www.filtnor.com\/#website","url":"https:\/\/www.filtnor.com\/","name":"Filtnor","description":"S\u00edun sem \u00fe\u00fa getur treyst. Afk\u00f6st sem endast.","potentialAction":[{"@type":"SearchAction","target":{"@type":"EntryPoint","urlTemplate":"https:\/\/www.filtnor.com\/?s={search_term_string}"},"query-input":{"@type":"PropertyValueSpecification","valueRequired":true,"valueName":"search_term_string"}}],"inLanguage":"is"}]}},"_links":{"self":[{"href":"https:\/\/www.filtnor.com\/is\/wp-json\/wp\/v2\/pages\/4399","targetHints":{"allow":["GET"]}}],"collection":[{"href":"https:\/\/www.filtnor.com\/is\/wp-json\/wp\/v2\/pages"}],"about":[{"href":"https:\/\/www.filtnor.com\/is\/wp-json\/wp\/v2\/types\/page"}],"author":[{"embeddable":true,"href":"https:\/\/www.filtnor.com\/is\/wp-json\/wp\/v2\/users\/1"}],"replies":[{"embeddable":true,"href":"https:\/\/www.filtnor.com\/is\/wp-json\/wp\/v2\/comments?post=4399"}],"version-history":[{"count":14,"href":"https:\/\/www.filtnor.com\/is\/wp-json\/wp\/v2\/pages\/4399\/revisions"}],"predecessor-version":[{"id":5370,"href":"https:\/\/www.filtnor.com\/is\/wp-json\/wp\/v2\/pages\/4399\/revisions\/5370"}],"up":[{"embeddable":true,"href":"https:\/\/www.filtnor.com\/is\/wp-json\/wp\/v2\/pages\/4164"}],"wp:attachment":[{"href":"https:\/\/www.filtnor.com\/is\/wp-json\/wp\/v2\/media?parent=4399"}],"curies":[{"name":"wp","href":"https:\/\/api.w.org\/{rel}","templated":true}]}}