{"id":4060,"date":"2017-10-26T11:50:40","date_gmt":"2017-10-26T11:50:40","guid":{"rendered":"http:\/\/demo.zozothemes.com\/induzy\/?page_id=1019"},"modified":"2026-01-23T09:24:19","modified_gmt":"2026-01-23T08:24:19","slug":"hafdu-samband-vid-okkur","status":"publish","type":"page","link":"https:\/\/www.filtnor.com\/is\/hafdu-samband-vid-okkur\/","title":{"rendered":"Haf\u00f0u samband vi\u00f0 okkur"},"content":{"rendered":"<div class=\"wpb-content-wrapper\"><div class=\"vc_row wpb_row vc_row-fluid vc_custom_1754057086906\"><div class=\"wpb_column vc_column_container vc_col-sm-12 vc_col-lg-8 vc_col-md-8\"><div class=\"vc_column-inner\"><div class=\"wpb_wrapper\"><div class=\"section-title-wrapper shortcode-rand-2 induzy-inline-css\" data-css=\"&quot;.shortcode-rand-2 .title-separator.separator-border { background-color: ; }.shortcode-rand-2 .section-title { text-transform: uppercase; }&quot;\"><div class=\"title-wrap\"><h3 class=\"section-title\">Haf\u00f0u samband vi\u00f0 Filtnor<\/h3><span class=\"title-separator separator-border theme-color-bg\"><\/span><\/div><!-- .title-wrap --><div class=\"section-description\">Hvort sem \u00fe\u00fa \u00fearft a\u00f0sto\u00f0 vi\u00f0 i\u00f0na\u00f0ars\u00edunarkerfi, varahluti e\u00f0a r\u00e1\u00f0gj\u00f6f s\u00e9rfr\u00e6\u00f0inga, \u00fe\u00e1 er teymi\u00f0 okkar tilb\u00fai\u00f0 a\u00f0 hj\u00e1lpa. Vi\u00f0 vinnum n\u00e1i\u00f0 me\u00f0 vi\u00f0skiptavinum um \u00f6ll Nor\u00f0url\u00f6nd til a\u00f0 veita hra\u00f0a, \u00e1rei\u00f0anlega og reynslumikla \u00fej\u00f3nustu.<\/p>\n<p>\u00dearftu t\u00e6knilega a\u00f0sto\u00f0 e\u00f0a tilbo\u00f0? Teymi okkar verkfr\u00e6\u00f0inga og s\u00edunars\u00e9rfr\u00e6\u00f0inga getur a\u00f0sto\u00f0a\u00f0 \u00feig vi\u00f0:<br \/>\n\u2013 Fyrirspurnir um s\u00edun \u00e1 prentv\u00e9lum og turnpressum<br \/>\n\u2013 S\u00edukl\u00fatar<br \/>\n\u2013 Au\u00f0kenning og afhending varahluta<br \/>\n\u2013 Aukahlutir fyrir vinnslub\u00fana\u00f0<br \/>\n\u2013 T\u00e6knilegar sko\u00f0anir og bilanaleit<br \/>\n\u2013 S\u00e9rsni\u00f0nar lausnir fyrir s\u00edun og a\u00f0skilna\u00f0<\/div><!-- .section-description --><\/div><!-- .section-title-wrapper -->\n\t<div  class=\"wpb_single_image wpb_content_element vc_align_left wpb_content_element\">\n\t\t\n\t\t<figure class=\"wpb_wrapper vc_figure\">\n\t\t\t<div class=\"vc_single_image-wrapper vc_box_rounded  vc_box_border_grey\"><img loading=\"lazy\" decoding=\"async\" width=\"1280\" height=\"720\" src=\"https:\/\/www.filtnor.com\/wp-content\/uploads\/2024\/09\/contact-us-001.jpg\" class=\"vc_single_image-img attachment-full\" alt=\"Andr\u00e9s og Ingvild\" title=\"Haf\u00f0u samband vi\u00f0 Filtnor\" srcset=\"https:\/\/www.filtnor.com\/wp-content\/uploads\/2024\/09\/contact-us-001.jpg 1280w, https:\/\/www.filtnor.com\/wp-content\/uploads\/2024\/09\/contact-us-001-768x432.jpg 768w, https:\/\/www.filtnor.com\/wp-content\/uploads\/2024\/09\/contact-us-001-18x10.jpg 18w, https:\/\/www.filtnor.com\/wp-content\/uploads\/2024\/09\/contact-us-001-600x338.jpg 600w\" sizes=\"auto, (max-width: 1280px) 100vw, 1280px\" \/><\/div>\n\t\t<\/figure>\n\t<\/div>\n<\/div><\/div><\/div><div class=\"pl-lg-4 wpb_column vc_column_container vc_col-sm-12 vc_col-lg-4 vc_col-md-4\"><div class=\"vc_column-inner\"><div class=\"wpb_wrapper\"><div class=\"vc_row wpb_row vc_inner vc_row-fluid vc_custom_1710961884200 vc_row-has-fill\"><div class=\"wpb_column vc_column_container vc_col-sm-12 vc_col-has-fill\"><div class=\"vc_column-inner vc_custom_1691484278381\"><div class=\"wpb_wrapper\"><div class=\"feature-box-wrapper feature-box-style-1 shortcode-rand-3 induzy-inline-css feature-list-1\" data-css=\"&quot;.shortcode-rand-3.feature-box-wrapper .section-title { color: #ffffff; }.shortcode-rand-3.feature-box-wrapper .section-title { text-transform: uppercase; }.shortcode-rand-3.feature-box-wrapper { color: #ffffff; }.shortcode-rand-3.feature-box-wrapper {background: -moz-linear-gradient(141deg,  0%,  51%,  75%);\\r\\n\\t\\t\\t\\tbackground: -webkit-linear-gradient(141deg,  0%,  51%,  75%);\\r\\n\\t\\t\\t\\tbackground: linear-gradient(141deg,  0%,  51%,  75%);}.shortcode-rand-3 .feature-box-icon { font-size: 25px; }.shortcode-rand-3 .feature-box-icon { height: 50px; width: 50px; }.shortcode-rand-3 .feature-box-icon &gt; span { line-height: 2; }.shortcode-rand-3:hover .feature-box-icon { color: #000000; }.shortcode-rand-3 .feature-box-icon { background-color: #ffffff; }.shortcode-rand-3:hover .feature-box-icon { background-color: #ffffff; }&quot;\" ><div class=\"fbox-list\"><div class=\"media\"><div class=\"feature-box-icon mr-3 text-center rounded-circle theme-color\"><span class=\"fa fa-map-marker\"><\/span><\/div><!-- .feature-box-icon --><div class=\"media-body\"><div class=\"feature-box-title\"><h5 class=\"section-title\">Heimilisfang<\/h5><\/div><!-- .feature-box-title --><div class=\"feature-box-content\">Husebybakken 28B<br \/>\nNO-0379 \u00d3sl\u00f3<\/div><!-- .feature-box-content --><\/div><\/div><\/div><\/div><!-- .feature-box-wrapper --><div class=\"vc_empty_space\"   style=\"height: 15px\"><span class=\"vc_empty_space_inner\"><\/span><\/div><div class=\"feature-box-wrapper feature-box-style-1 shortcode-rand-4 induzy-inline-css feature-list-1\" data-css=\"&quot;.shortcode-rand-4.feature-box-wrapper .section-title { color: #ffffff; }.shortcode-rand-4.feature-box-wrapper .section-title { text-transform: uppercase; }.shortcode-rand-4.feature-box-wrapper { color: #ffffff; }.shortcode-rand-4.feature-box-wrapper {background: -moz-linear-gradient(141deg,  0%,  51%,  75%);\\r\\n\\t\\t\\t\\tbackground: -webkit-linear-gradient(141deg,  0%,  51%,  75%);\\r\\n\\t\\t\\t\\tbackground: linear-gradient(141deg,  0%,  51%,  75%);}.shortcode-rand-4 .feature-box-icon { font-size: 25px; }.shortcode-rand-4 .feature-box-icon { height: 50px; width: 50px; }.shortcode-rand-4 .feature-box-icon &gt; span { line-height: 2; }.shortcode-rand-4:hover .feature-box-icon { color: #000000; }.shortcode-rand-4 .feature-box-icon { background-color: #ffffff; }.shortcode-rand-4:hover .feature-box-icon { background-color: #ffffff; }&quot;\" ><div class=\"fbox-list\"><div class=\"media\"><div class=\"feature-box-icon mr-3 text-center rounded-circle theme-color\"><span class=\"fa fa-id-badge\"><\/span><\/div><!-- .feature-box-icon --><div class=\"media-body\"><div class=\"feature-box-title\"><h5 class=\"section-title\">S\u00edmi<\/h5><\/div><!-- .feature-box-title --><div class=\"feature-box-content\">Skrifstofa:<br \/>\n+47 21 95 58 00<br \/>\n\u00dej\u00f3nustus\u00edmi utan opnunart\u00edma:<br \/>\n+47 21 95 58 80<\/div><!-- .feature-box-content --><\/div><\/div><\/div><\/div><!-- .feature-box-wrapper --><div class=\"vc_empty_space\"   style=\"height: 15px\"><span class=\"vc_empty_space_inner\"><\/span><\/div><div class=\"feature-box-wrapper feature-box-style-1 shortcode-rand-5 induzy-inline-css feature-list-1\" data-css=\"&quot;.shortcode-rand-5.feature-box-wrapper .section-title { color: #ffffff; }.shortcode-rand-5.feature-box-wrapper .section-title { text-transform: uppercase; }.shortcode-rand-5.feature-box-wrapper { color: #ffffff; }.shortcode-rand-5.feature-box-wrapper {background: -moz-linear-gradient(141deg,  0%,  51%,  75%);\\r\\n\\t\\t\\t\\tbackground: -webkit-linear-gradient(141deg,  0%,  51%,  75%);\\r\\n\\t\\t\\t\\tbackground: linear-gradient(141deg,  0%,  51%,  75%);}.shortcode-rand-5 .feature-box-icon { font-size: 25px; }.shortcode-rand-5 .feature-box-icon { height: 50px; width: 50px; }.shortcode-rand-5 .feature-box-icon &gt; span { line-height: 2; }.shortcode-rand-5:hover .feature-box-icon { color: #000000; }.shortcode-rand-5 .feature-box-icon { background-color: #ffffff; }.shortcode-rand-5:hover .feature-box-icon { background-color: #ffffff; }&quot;\" ><div class=\"fbox-list\"><div class=\"media\"><div class=\"feature-box-icon mr-3 text-center rounded-circle theme-color\"><span class=\"fa fa-envelope-o\"><\/span><\/div><!-- .feature-box-icon --><div class=\"media-body\"><div class=\"feature-box-title\"><h5 class=\"section-title\">T\u00f6lvup\u00f3stur<\/h5><\/div><!-- .feature-box-title --><div class=\"feature-box-content\">post@filtnor.com<\/div><!-- .feature-box-content --><\/div><\/div><\/div><\/div><!-- .feature-box-wrapper --><div class=\"vc_empty_space\"   style=\"height: 15px\"><span class=\"vc_empty_space_inner\"><\/span><\/div><div class=\"feature-box-wrapper feature-box-style-1 shortcode-rand-6 induzy-inline-css feature-list-1\" data-css=\"&quot;.shortcode-rand-6.feature-box-wrapper .section-title { color: #ffffff; }.shortcode-rand-6.feature-box-wrapper .section-title { text-transform: uppercase; }.shortcode-rand-6.feature-box-wrapper { color: #ffffff; }.shortcode-rand-6.feature-box-wrapper {background: -moz-linear-gradient(141deg,  0%,  51%,  75%);\\r\\n\\t\\t\\t\\tbackground: -webkit-linear-gradient(141deg,  0%,  51%,  75%);\\r\\n\\t\\t\\t\\tbackground: linear-gradient(141deg,  0%,  51%,  75%);}.shortcode-rand-6 .feature-box-icon { font-size: 25px; }.shortcode-rand-6 .feature-box-icon { height: 50px; width: 50px; }.shortcode-rand-6 .feature-box-icon &gt; span { line-height: 2; }.shortcode-rand-6:hover .feature-box-icon { color: #000000; }.shortcode-rand-6 .feature-box-icon { background-color: #ffffff; }.shortcode-rand-6:hover .feature-box-icon { background-color: #ffffff; }&quot;\" ><div class=\"fbox-list\"><div class=\"media\"><div class=\"feature-box-icon mr-3 text-center rounded-circle theme-color\"><span class=\"fa fa-regular fa-clock\"><\/span><\/div><!-- .feature-box-icon --><div class=\"media-body\"><div class=\"feature-box-title\"><h5 class=\"section-title\">Skrifstofut\u00edmi<\/h5><\/div><!-- .feature-box-title --><div class=\"feature-box-content\">M\u00e1nudagur\u2013f\u00f6studagur: 08\u201316<br \/>\nLoka\u00f0 \u00e1 almennum fr\u00edd\u00f6gum<\/div><!-- .feature-box-content --><\/div><\/div><\/div><\/div><!-- .feature-box-wrapper --><\/div><\/div><\/div><\/div><\/div><\/div><\/div><\/div><div data-vc-full-width=\"true\" data-vc-full-width-init=\"false\" data-vc-stretch-content=\"true\" class=\"vc_row wpb_row vc_row-fluid vc_custom_1692989002971 vc_row-no-padding\"><div class=\"wpb_column vc_column_container vc_col-sm-12\"><div class=\"vc_column-inner\"><div class=\"wpb_wrapper\">\n\t<div class=\"wpb_raw_code wpb_raw_html wpb_content_element\" >\n\t\t<div class=\"wpb_wrapper\">\n\t\t\t<iframe src=\"https:\/\/www.google.com\/maps\/embed?pb=!1m18!1m12!1m3!1d31981.125849090848!2d10.628060582914342!3d59.93512287755747!2m3!1f0!2f0!3f0!3m2!1i1024!2i768!4f13.1!3m3!1m2!1s0x46416da465a6ae05%3A0x554cfa649ff67e56!2sHusebybakken%2028B%2C%200379%20Oslo!5e0!3m2!1sno!2sno!4v1769156604317!5m2!1sno!2sno\" width=\"600\" height=\"450\" style=\"border:0;\" allowfullscreen=\"\" loading=\"lazy\" referrerpolicy=\"no-referrer-when-downgrade\"><\/iframe>\n\t\t<\/div>\n\t<\/div>\n<\/div><\/div><\/div><\/div><div class=\"vc_row-full-width vc_clearfix\"><\/div>\n<\/div>","protected":false},"excerpt":{"rendered":"Haf\u00f0u samband vi\u00f0 FiltnorHvort sem \u00fe\u00fa \u00fearft a\u00f0sto\u00f0 vi\u00f0 i\u00f0na\u00f0ars\u00edunarkerfi, varahluti e\u00f0a r\u00e1\u00f0gj\u00f6f s\u00e9rfr\u00e6\u00f0inga, \u00fe\u00e1 er teymi\u00f0 okkar tilb\u00fai\u00f0 a\u00f0 hj\u00e1lpa. Vi\u00f0 vinnum n\u00e1i\u00f0 me\u00f0 vi\u00f0skiptavinum um \u00f6ll Nor\u00f0url\u00f6nd til a\u00f0 veita hra\u00f0a, \u00e1rei\u00f0anlega og reynslumikla \u00fej\u00f3nustu. \u00dearftu t\u00e6knilega a\u00f0sto\u00f0 e\u00f0a tilbo\u00f0? Teymi verkfr\u00e6\u00f0inga og s\u00edunars\u00e9rfr\u00e6\u00f0inga okkar getur a\u00f0sto\u00f0a\u00f0 \u00feig vi\u00f0:","protected":false},"author":1,"featured_media":0,"parent":0,"menu_order":0,"comment_status":"closed","ping_status":"closed","template":"","meta":{"om_disable_all_campaigns":false,"footnotes":""},"class_list":["post-4060","page","type-page","status-publish","hentry"],"yoast_head":"<!-- This site is optimized with the Yoast SEO Premium plugin v26.1 (Yoast SEO v27.4) - https:\/\/yoast.com\/product\/yoast-seo-premium-wordpress\/ -->\n<title>Contact Us - Filtnor<\/title>\n<meta name=\"description\" content=\"Kontakt Filtnor for filterpresser. For filtrering, filterduker og reservedeler til pressfilter kontakt Filtnor.\" \/>\n<meta name=\"robots\" content=\"index, follow, max-snippet:-1, max-image-preview:large, max-video-preview:-1\" \/>\n<link rel=\"canonical\" href=\"https:\/\/www.filtnor.com\/is\/hafdu-samband-vid-okkur\/\" \/>\n<meta property=\"og:locale\" content=\"is_IS\" \/>\n<meta property=\"og:type\" content=\"article\" \/>\n<meta property=\"og:title\" content=\"Contact Us\" \/>\n<meta property=\"og:description\" content=\"Kontakt Filtnor for filterpresser. For filtrering, filterduker og reservedeler til pressfilter kontakt Filtnor.\" \/>\n<meta property=\"og:url\" content=\"https:\/\/www.filtnor.com\/is\/hafdu-samband-vid-okkur\/\" \/>\n<meta property=\"og:site_name\" content=\"Filtnor\" \/>\n<meta property=\"article:modified_time\" content=\"2026-01-23T08:24:19+00:00\" \/>\n<meta name=\"twitter:card\" content=\"summary_large_image\" \/>\n<meta name=\"twitter:label1\" content=\"Est. reading time\" \/>\n\t<meta name=\"twitter:data1\" content=\"2 minutes\" \/>\n<script type=\"application\/ld+json\" class=\"yoast-schema-graph\">{\"@context\":\"https:\\\/\\\/schema.org\",\"@graph\":[{\"@type\":\"WebPage\",\"@id\":\"https:\\\/\\\/www.filtnor.com\\\/contact-us\\\/\",\"url\":\"https:\\\/\\\/www.filtnor.com\\\/contact-us\\\/\",\"name\":\"Contact Us - Filtnor\",\"isPartOf\":{\"@id\":\"https:\\\/\\\/www.filtnor.com\\\/#website\"},\"datePublished\":\"2017-10-26T11:50:40+00:00\",\"dateModified\":\"2026-01-23T08:24:19+00:00\",\"description\":\"Kontakt Filtnor for filterpresser. For filtrering, filterduker og reservedeler til pressfilter kontakt Filtnor.\",\"breadcrumb\":{\"@id\":\"https:\\\/\\\/www.filtnor.com\\\/contact-us\\\/#breadcrumb\"},\"inLanguage\":\"is\",\"potentialAction\":[{\"@type\":\"ReadAction\",\"target\":[\"https:\\\/\\\/www.filtnor.com\\\/contact-us\\\/\"]}]},{\"@type\":\"BreadcrumbList\",\"@id\":\"https:\\\/\\\/www.filtnor.com\\\/contact-us\\\/#breadcrumb\",\"itemListElement\":[{\"@type\":\"ListItem\",\"position\":1,\"name\":\"Home\",\"item\":\"https:\\\/\\\/www.filtnor.com\\\/\"},{\"@type\":\"ListItem\",\"position\":2,\"name\":\"Contact Us\"}]},{\"@type\":\"WebSite\",\"@id\":\"https:\\\/\\\/www.filtnor.com\\\/#website\",\"url\":\"https:\\\/\\\/www.filtnor.com\\\/\",\"name\":\"Filtnor\",\"description\":\"Filtration you can trust. Performance that lasts.\",\"potentialAction\":[{\"@type\":\"SearchAction\",\"target\":{\"@type\":\"EntryPoint\",\"urlTemplate\":\"https:\\\/\\\/www.filtnor.com\\\/?s={search_term_string}\"},\"query-input\":{\"@type\":\"PropertyValueSpecification\",\"valueRequired\":true,\"valueName\":\"search_term_string\"}}],\"inLanguage\":\"is\"}]}<\/script>\n<!-- \/ Yoast SEO Premium plugin. -->","yoast_head_json":{"title":"Haf\u00f0u samband vi\u00f0 okkur - Filtnor","description":"Haf\u00f0u samband vi\u00f0 Filtnor fyrir filterpresser. Fyrir s\u00edun, filterduker og reservedeler til pressfilter samband vi\u00f0 Filtnor.","robots":{"index":"index","follow":"follow","max-snippet":"max-snippet:-1","max-image-preview":"max-image-preview:large","max-video-preview":"max-video-preview:-1"},"canonical":"https:\/\/www.filtnor.com\/is\/hafdu-samband-vid-okkur\/","og_locale":"is_IS","og_type":"article","og_title":"Contact Us","og_description":"Kontakt Filtnor for filterpresser. For filtrering, filterduker og reservedeler til pressfilter kontakt Filtnor.","og_url":"https:\/\/www.filtnor.com\/is\/hafdu-samband-vid-okkur\/","og_site_name":"Filtnor","article_modified_time":"2026-01-23T08:24:19+00:00","twitter_card":"summary_large_image","twitter_misc":{"Est. reading time":"2 minutes"},"schema":{"@context":"https:\/\/schema.org","@graph":[{"@type":"WebPage","@id":"https:\/\/www.filtnor.com\/contact-us\/","url":"https:\/\/www.filtnor.com\/contact-us\/","name":"Haf\u00f0u samband vi\u00f0 okkur - Filtnor","isPartOf":{"@id":"https:\/\/www.filtnor.com\/#website"},"datePublished":"2017-10-26T11:50:40+00:00","dateModified":"2026-01-23T08:24:19+00:00","description":"Haf\u00f0u samband vi\u00f0 Filtnor fyrir filterpresser. Fyrir s\u00edun, filterduker og reservedeler til pressfilter samband vi\u00f0 Filtnor.","breadcrumb":{"@id":"https:\/\/www.filtnor.com\/contact-us\/#breadcrumb"},"inLanguage":"is","potentialAction":[{"@type":"ReadAction","target":["https:\/\/www.filtnor.com\/contact-us\/"]}]},{"@type":"BreadcrumbList","@id":"https:\/\/www.filtnor.com\/contact-us\/#breadcrumb","itemListElement":[{"@type":"ListItem","position":1,"name":"Home","item":"https:\/\/www.filtnor.com\/"},{"@type":"ListItem","position":2,"name":"Contact Us"}]},{"@type":"WebSite","@id":"https:\/\/www.filtnor.com\/#website","url":"https:\/\/www.filtnor.com\/","name":"Filtnor","description":"S\u00edun sem \u00fe\u00fa getur treyst. Afk\u00f6st sem endast.","potentialAction":[{"@type":"SearchAction","target":{"@type":"EntryPoint","urlTemplate":"https:\/\/www.filtnor.com\/?s={search_term_string}"},"query-input":{"@type":"PropertyValueSpecification","valueRequired":true,"valueName":"search_term_string"}}],"inLanguage":"is"}]}},"_links":{"self":[{"href":"https:\/\/www.filtnor.com\/is\/wp-json\/wp\/v2\/pages\/4060","targetHints":{"allow":["GET"]}}],"collection":[{"href":"https:\/\/www.filtnor.com\/is\/wp-json\/wp\/v2\/pages"}],"about":[{"href":"https:\/\/www.filtnor.com\/is\/wp-json\/wp\/v2\/types\/page"}],"author":[{"embeddable":true,"href":"https:\/\/www.filtnor.com\/is\/wp-json\/wp\/v2\/users\/1"}],"replies":[{"embeddable":true,"href":"https:\/\/www.filtnor.com\/is\/wp-json\/wp\/v2\/comments?post=4060"}],"version-history":[{"count":20,"href":"https:\/\/www.filtnor.com\/is\/wp-json\/wp\/v2\/pages\/4060\/revisions"}],"predecessor-version":[{"id":6371,"href":"https:\/\/www.filtnor.com\/is\/wp-json\/wp\/v2\/pages\/4060\/revisions\/6371"}],"wp:attachment":[{"href":"https:\/\/www.filtnor.com\/is\/wp-json\/wp\/v2\/media?parent=4060"}],"curies":[{"name":"wp","href":"https:\/\/api.w.org\/{rel}","templated":true}]}}