{"id":4057,"date":"2017-10-09T13:13:37","date_gmt":"2017-10-09T13:13:37","guid":{"rendered":"http:\/\/demo.zozothemes.com\/induzy\/?page_id=458"},"modified":"2025-09-28T15:54:08","modified_gmt":"2025-09-28T13:54:08","slug":"um-okkur","status":"publish","type":"page","link":"https:\/\/www.filtnor.com\/is\/um-okkur\/","title":{"rendered":"Um Filtnor"},"content":{"rendered":"<div class=\"wpb-content-wrapper\"><div class=\"vc_row wpb_row vc_row-fluid vc_custom_1699471243853\"><div class=\"wpb_column vc_column_container vc_col-sm-12 vc_col-lg-6 vc_col-md-6\"><div class=\"vc_column-inner\"><div class=\"wpb_wrapper\"><div class=\"section-title-wrapper shortcode-rand-2 induzy-inline-css\" data-css=\"&quot;.shortcode-rand-2 .title-separator.separator-border { background-color: ; }.shortcode-rand-2 .section-title { text-transform: none; }&quot;\"><div class=\"title-wrap\"><h2 class=\"section-title\">S\u00edun sem \u00fe\u00fa getur treyst. Afk\u00f6st sem endast.<\/h2><span class=\"title-separator separator-border theme-color-bg\"><\/span><\/div><!-- .title-wrap --><div class=\"section-description\">Filtnor \u2013 norr\u00e6nn s\u00e9rfr\u00e6\u00f0ingur \u00ed i\u00f0na\u00f0ars\u00edun og bestun s\u00edunarferla<\/p>\n<p>Filtnor s\u00e9rh\u00e6fir sig \u00ed i\u00f0na\u00f0ars\u00edun, a\u00f0skilna\u00f0art\u00e6kni og ferlaverkfr\u00e6\u00f0i. Vi\u00f0 bj\u00f3\u00f0um upp \u00e1 afkastamikla b\u00fana\u00f0, \u00edhluti og \u00fej\u00f3nustu fyrir a\u00f0skilna\u00f0 fastra efna og v\u00f6kva, \u00feurrs\u00edun, v\u00f6kvas\u00edun og vatnsme\u00f0h\u00f6ndlun. Markmi\u00f0 okkar er a\u00f0 hj\u00e1lpa i\u00f0na\u00f0i a\u00f0 starfa \u00e1 skilvirkari, sj\u00e1lfb\u00e6rari og hagkv\u00e6mari h\u00e1tt.<\/p>\n<p>Fr\u00e1 verkfr\u00e6\u00f0i og verkefnastj\u00f3rnun til ferlabestunar og notenda\u00fej\u00e1lfunar bj\u00f3\u00f0um vi\u00f0 upp \u00e1 alhli\u00f0a \u00fej\u00f3nustu\u00e1\u00e6tlun sem er sni\u00f0in a\u00f0 \u00fe\u00f6rfum hvers vi\u00f0skiptavinar. Hvort sem um er a\u00f0 r\u00e6\u00f0a reglubundi\u00f0 vi\u00f0hald, kerfisuppf\u00e6rslur e\u00f0a lausnir \u00e1 fl\u00f3knum ferlum, \u00fe\u00e1 veitir Filtnor \u00e1rei\u00f0anlegan stu\u00f0ning allan l\u00edft\u00edma b\u00fana\u00f0arins.<\/p>\n<p>Vi\u00f0 st\u00f6rfum \u00ed fj\u00f6lbreyttum i\u00f0na\u00f0argeirum og h\u00f6fum s\u00e9rstaka s\u00e9r\u00feekkingu \u00ed krefjandi s\u00edun og a\u00f0skilna\u00f0i \u00e1 slurry. Lausnir okkar eru hanna\u00f0ar til a\u00f0 takast \u00e1 vi\u00f0 mikinn styrk fastra efna og fl\u00f3kin verkefni, en jafnframt l\u00e1gmarka au\u00f0lindanotkun og umhverfis\u00e1hrif.<\/p>\n<p>Me\u00f0 samstarfi vi\u00f0 framlei\u00f0endur \u00ed heimsklassa veitum vi\u00f0 vi\u00f0skiptavinum okkar a\u00f0gang a\u00f0 lei\u00f0andi t\u00e6kni, t\u00e6knilegri \u00feekkingu og samkeppnish\u00e6fum kj\u00f6rum.<\/p>\n<p>H\u00f6fu\u00f0st\u00f6\u00f0var okkar eru sta\u00f0settar \u00ed \u00d3sl\u00f3 \u00ed Noregi og vi\u00f0 \u00fej\u00f3nustum vi\u00f0skiptavini um \u00f6ll Nor\u00f0url\u00f6nd.<\/p>\n<h4>Okkar vinnubr\u00f6g\u00f0<\/h4>\n<p>Hj\u00e1 Filtnor eru g\u00e6\u00f0i, samr\u00e6mi og \u00e1rei\u00f0anleiki kjarninn \u00ed starfsemi okkar. Innra g\u00e6\u00f0akerfi okkar byggir \u00e1 meginreglum ISO 9001 sem l\u00e1gmarkssta\u00f0li, sem tryggir skipulag\u00f0a ferla, st\u00f6\u00f0ugar umb\u00e6tur og sterka \u00e1herslu \u00e1 \u00e1n\u00e6gju vi\u00f0skiptavina \u00ed \u00f6llum \u00fe\u00e1ttum starfseminnar.<\/p>\n<h4>Vi\u00f0skiptahugmynd okkar<\/h4>\n<p>A\u00f0 afhenda sj\u00e1lfb\u00e6ran og afkastamikinn b\u00fana\u00f0 fyrir s\u00edun og fl\u00e6\u00f0isferli \u2014 \u00e1samt s\u00e9rfr\u00e6\u00f0i\u00fej\u00f3nustu og sterkri \u00e1herslu \u00e1 a\u00f0 l\u00e6kka heildarkostna\u00f0.<\/p>\n<h4>S\u00fdn okkar<\/h4>\n<p>A\u00f0 kn\u00fdja i\u00f0na\u00f0inn \u00e1fram me\u00f0 sj\u00e1lfb\u00e6rari, skilvirkari og \u00e1byrgari s\u00edunar- og fl\u00e6\u00f0isferlum.<\/p>\n<h4>Skuldbinding okkar<\/h4>\n<p>Vi\u00f0 erum sta\u00f0r\u00e1\u00f0in \u00ed a\u00f0:<br \/>\n\u2013 A\u00f0 draga \u00far umhverfis\u00e1hrifum me\u00f0 snjallari t\u00e6kni<br \/>\n\u2013 A\u00f0 skila s\u00e9rsni\u00f0num t\u00e6knilegum lausnum sem eru h\u00e1marks\u00e1rangursr\u00edkar<br \/>\n\u2013 A\u00f0 veita \u00e1rei\u00f0anlegan og m\u00f3tt\u00e6kilegan stu\u00f0ning \u00feegar vi\u00f0skiptavinir okkar \u00feurfa \u00e1 honum a\u00f0 halda.<\/div><!-- .section-description --><\/div><!-- .section-title-wrapper --><\/div><\/div><\/div><div class=\"wpb_column vc_column_container vc_col-sm-12 vc_col-lg-6 vc_col-md-6\"><div class=\"vc_column-inner\"><div class=\"wpb_wrapper\">\n\t<div  class=\"wpb_single_image wpb_content_element vc_align_left wpb_content_element\">\n\t\t\n\t\t<figure class=\"wpb_wrapper vc_figure\">\n\t\t\t<div class=\"vc_single_image-wrapper vc_box_rounded  vc_box_border_grey\"><img loading=\"lazy\" decoding=\"async\" width=\"1087\" height=\"1280\" src=\"https:\/\/www.filtnor.com\/wp-content\/uploads\/2024\/06\/about-us-01.jpg\" class=\"vc_single_image-img attachment-full\" alt=\"Um okkur\" title=\"um okkur-01\" srcset=\"https:\/\/www.filtnor.com\/wp-content\/uploads\/2024\/06\/about-us-01.jpg 1087w, https:\/\/www.filtnor.com\/wp-content\/uploads\/2024\/06\/about-us-01-768x904.jpg 768w, https:\/\/www.filtnor.com\/wp-content\/uploads\/2024\/06\/about-us-01-10x12.jpg 10w, https:\/\/www.filtnor.com\/wp-content\/uploads\/2024\/06\/about-us-01-600x707.jpg 600w\" sizes=\"auto, (max-width: 1087px) 100vw, 1087px\" \/><\/div>\n\t\t<\/figure>\n\t<\/div>\n<\/div><\/div><\/div><\/div><div class=\"vc_row wpb_row vc_row-fluid vc_custom_1699471374878\"><div class=\"wpb_column vc_column_container vc_col-sm-12\"><div class=\"vc_column-inner\"><div class=\"wpb_wrapper\"><div class=\"vc_separator wpb_content_element vc_separator_align_center vc_sep_width_100 vc_sep_pos_align_center vc_separator_no_text vc_sep_color_grey wpb_content_element  wpb_content_element\" ><span class=\"vc_sep_holder vc_sep_holder_l\"><span class=\"vc_sep_line\"><\/span><\/span><span class=\"vc_sep_holder vc_sep_holder_r\"><span class=\"vc_sep_line\"><\/span><\/span>\n<\/div><\/div><\/div><\/div><\/div><div class=\"vc_row wpb_row vc_row-fluid vc_custom_1699471253921\"><div class=\"wpb_column vc_column_container vc_col-sm-3 vc_col-lg-3 vc_col-md-3\"><div class=\"vc_column-inner\"><div class=\"wpb_wrapper\">\n\t<div  class=\"wpb_single_image wpb_content_element vc_align_left wpb_content_element\">\n\t\t\n\t\t<figure class=\"wpb_wrapper vc_figure\">\n\t\t\t<div class=\"vc_single_image-wrapper vc_box_rounded  vc_box_border_grey\"><img loading=\"lazy\" decoding=\"async\" width=\"960\" height=\"1280\" src=\"https:\/\/www.filtnor.com\/wp-content\/uploads\/2023\/08\/omoss-roxia-norge.jpg\" class=\"vc_single_image-img attachment-full\" alt=\"Roxia Norge\" title=\"Roxia Norge\" srcset=\"https:\/\/www.filtnor.com\/wp-content\/uploads\/2023\/08\/omoss-roxia-norge.jpg 960w, https:\/\/www.filtnor.com\/wp-content\/uploads\/2023\/08\/omoss-roxia-norge-600x800.jpg 600w, https:\/\/www.filtnor.com\/wp-content\/uploads\/2023\/08\/omoss-roxia-norge-768x1024.jpg 768w\" sizes=\"auto, (max-width: 960px) 100vw, 960px\" \/><\/div>\n\t\t<\/figure>\n\t<\/div>\n<\/div><\/div><\/div><div class=\"wpb_column vc_column_container vc_col-sm-9 vc_col-lg-9 vc_col-md-9\"><div class=\"vc_column-inner\"><div class=\"wpb_wrapper\"><div class=\"section-title-wrapper shortcode-rand-5 induzy-inline-css\" data-css=\"&quot;.shortcode-rand-5 .title-separator.separator-border { background-color: ; }.shortcode-rand-5 .section-title { text-transform: none; }&quot;\"><div class=\"title-wrap\"><h2 class=\"section-title\">Roxia<\/h2><span class=\"title-separator separator-border theme-color-bg\"><\/span><\/div><!-- .title-wrap --><div class=\"section-description\">Filtnor er opinber umbo\u00f0sa\u00f0ili Roxia Oy \u00e1 Nor\u00f0url\u00f6ndum. Nafni\u00f0 Roxia kom til s\u00f6gunnar eftir nafnabreytingu \u00e1ri\u00f0 2021, en fyrirt\u00e6ki\u00f0 \u00e1 r\u00e6tur a\u00f0 rekja aftur til \u00e1rsins 1960 og hefur \u00e1\u00f0ur gengi\u00f0 undir n\u00f6fnunum Roxon (1960-1977), Larox (1977-2011) og Flowrox (2011-2021).<\/p>\n<p>\u00cd samstarfi vi\u00f0 finnska samstarfsmenn okkar afhendum vi\u00f0 marka\u00f0slei\u00f0andi v\u00f6rur sem hafa veri\u00f0 \u00fer\u00f3a\u00f0ar og f\u00ednstilltar \u00ed \u00e1ratugi. Roxia b\u00fd\u00f0ur einnig upp \u00e1 mikla sveigjanleika \u00ed framlei\u00f0slu sinni samanbori\u00f0 vi\u00f0 marga a\u00f0ra framlei\u00f0endur, sem \u00fe\u00fd\u00f0ir a\u00f0 vi\u00f0 getum a\u00f0laga\u00f0 s\u00edupressuna a\u00f0 hverjum vi\u00f0skiptavini fyrir sig til a\u00f0 h\u00e1marka ferli\u00f0.<\/div><!-- .section-description --><\/div><!-- .section-title-wrapper --><div class=\"feature-box-wrapper feature-box-style-1 vc_custom_1719078379348 shortcode-rand-6 induzy-inline-css\" data-css=\"&quot;.shortcode-rand-6.feature-box-wrapper {background: -moz-linear-gradient(141deg,  0%,  51%,  75%);\\r\\n\\t\\t\\t\\tbackground: -webkit-linear-gradient(141deg,  0%,  51%,  75%);\\r\\n\\t\\t\\t\\tbackground: linear-gradient(141deg,  0%,  51%,  75%);}.shortcode-rand-6 .feature-box-icon { font-size: 24px; }.shortcode-rand-6 .feature-box-icon { height: 48px; width: 48px; }.shortcode-rand-6 .feature-box-icon &gt; span { line-height: 2; }.shortcode-rand-6:hover .feature-box-icon { background: none; }&quot;\" ><div class=\"feature-box-btn\"><a class=\"btn link\" href=\"https:\/\/roxia.com\/info-contact\/about-us\/\" title=\"LESA MEIRA UM ROXIA \u00bb\">LESA MEIRA UM ROXIA \u00bb<\/a><\/div><!-- .feature-box-btn --><\/div><!-- .feature-box-wrapper --><\/div><\/div><\/div><\/div><div class=\"vc_row wpb_row vc_row-fluid vc_custom_1699471374878\"><div class=\"wpb_column vc_column_container vc_col-sm-12\"><div class=\"vc_column-inner\"><div class=\"wpb_wrapper\"><div class=\"vc_separator wpb_content_element vc_separator_align_center vc_sep_width_100 vc_sep_pos_align_center vc_separator_no_text vc_sep_color_grey wpb_content_element  wpb_content_element\" ><span class=\"vc_sep_holder vc_sep_holder_l\"><span class=\"vc_sep_line\"><\/span><\/span><span class=\"vc_sep_holder vc_sep_holder_r\"><span class=\"vc_sep_line\"><\/span><\/span>\n<\/div><\/div><\/div><\/div><\/div><div class=\"vc_row wpb_row vc_row-fluid vc_custom_1699471243853\"><div class=\"wpb_column vc_column_container vc_col-sm-12 vc_col-lg-6 vc_col-md-6\"><div class=\"vc_column-inner\"><div class=\"wpb_wrapper\"><div class=\"section-title-wrapper shortcode-rand-9 induzy-inline-css\" data-css=\"&quot;.shortcode-rand-9 .title-separator.separator-border { background-color: ; }.shortcode-rand-9 .section-title { text-transform: none; }&quot;\"><div class=\"title-wrap\"><h2 class=\"section-title\">Nor\u00f0url\u00f6nd fyrir lager<\/h2><span class=\"title-separator separator-border theme-color-bg\"><\/span><\/div><!-- .title-wrap --><div class=\"section-description\">Til a\u00f0 tryggja hra\u00f0a afhendingu og miki\u00f0 frambo\u00f0 h\u00f6ldum vi\u00f0 lager af algengustu v\u00f6rum okkar \u00e1 helstu st\u00f6\u00f0um \u00e1 Nor\u00f0url\u00f6ndum og \u00ed Mi\u00f0-Evr\u00f3pu. Sta\u00f0bundin v\u00f6ruh\u00fasauppsetning okkar hj\u00e1lpar til vi\u00f0 a\u00f0 stytta afhendingart\u00edma og auka \u00e1rei\u00f0anleika afhendingar.<\/div><!-- .section-description --><\/div><!-- .section-title-wrapper --><\/div><\/div><\/div><div class=\"wpb_column vc_column_container vc_col-sm-12 vc_col-lg-6 vc_col-md-6\"><div class=\"vc_column-inner\"><div class=\"wpb_wrapper\">\n\t<div  class=\"wpb_single_image wpb_content_element vc_align_left wpb_content_element\">\n\t\t\n\t\t<figure class=\"wpb_wrapper vc_figure\">\n\t\t\t<div class=\"vc_single_image-wrapper vc_box_rounded  vc_box_border_grey\"><img loading=\"lazy\" decoding=\"async\" width=\"1280\" height=\"720\" src=\"https:\/\/www.filtnor.com\/wp-content\/uploads\/2024\/10\/filtnor-warehouse-001.png\" class=\"vc_single_image-img attachment-full\" alt=\"V\u00f6ruh\u00fas Filtnor\" title=\"filtnor-v\u00f6ruh\u00fas-001\" srcset=\"https:\/\/www.filtnor.com\/wp-content\/uploads\/2024\/10\/filtnor-warehouse-001.png 1280w, https:\/\/www.filtnor.com\/wp-content\/uploads\/2024\/10\/filtnor-warehouse-001-768x432.png 768w, https:\/\/www.filtnor.com\/wp-content\/uploads\/2024\/10\/filtnor-warehouse-001-18x10.png 18w, https:\/\/www.filtnor.com\/wp-content\/uploads\/2024\/10\/filtnor-warehouse-001-600x338.png 600w\" sizes=\"auto, (max-width: 1280px) 100vw, 1280px\" \/><\/div>\n\t\t<\/figure>\n\t<\/div>\n<\/div><\/div><\/div><\/div><div class=\"vc_row wpb_row vc_row-fluid vc_custom_1699471374878\"><div class=\"wpb_column vc_column_container vc_col-sm-12\"><div class=\"vc_column-inner\"><div class=\"wpb_wrapper\"><div class=\"vc_separator wpb_content_element vc_separator_align_center vc_sep_width_100 vc_sep_pos_align_center vc_separator_no_text vc_sep_color_grey wpb_content_element  wpb_content_element\" ><span class=\"vc_sep_holder vc_sep_holder_l\"><span class=\"vc_sep_line\"><\/span><\/span><span class=\"vc_sep_holder vc_sep_holder_r\"><span class=\"vc_sep_line\"><\/span><\/span>\n<\/div><\/div><\/div><\/div><\/div><div class=\"vc_row wpb_row vc_row-fluid vc_custom_1699471269447\"><div class=\"wpb_column vc_column_container vc_col-sm-12\"><div class=\"vc_column-inner\"><div class=\"wpb_wrapper\"><div class=\"section-title-wrapper shortcode-rand-12 induzy-inline-css\" data-css=\"&quot;.shortcode-rand-12 .title-separator.separator-border { background-color: ; }.shortcode-rand-12 .section-title { text-transform: none; }&quot;\"><div class=\"title-wrap\"><h2 class=\"section-title\">\u00c1byrg vi\u00f0skipti<\/h2><span class=\"title-separator separator-border theme-color-bg\"><\/span><\/div><!-- .title-wrap --><div class=\"section-description\">Hj\u00e1 Filtnor tr\u00faum vi\u00f0 \u00fev\u00ed a\u00f0 langt\u00edma\u00e1rangur komi fr\u00e1 \u00e1byrgum og sj\u00e1lfb\u00e6rum vi\u00f0skiptah\u00e1ttum. Vi\u00f0 vinnum st\u00f6\u00f0ugt - b\u00e6\u00f0i sj\u00e1lfst\u00e6tt og me\u00f0 birgjum okkar - a\u00f0 \u00fev\u00ed a\u00f0 b\u00e6ta umhverfis- og samf\u00e9lagsleg \u00e1hrif okkar. Starfsemi okkar byggir \u00e1:<\/div><!-- .section-description --><\/div><!-- .section-title-wrapper --><div class=\"list-item-wrapper\" data-css=\"&quot;&quot;\"><div class=\"list-item-inner\" data-css=\"&quot;&quot;\"><div class=\"list-item-title media\"><span class=\"mr-3 icon-light fa fa-solid fa-check\"><\/span><div class=\"media-body align-self-center list-item-desc\">Hei\u00f0arleiki og gagns\u00e6i<\/div><\/div><!-- .list-item-title --><\/div><!-- .list-item-inner --><div class=\"list-item-inner\" data-css=\"&quot;&quot;\"><div class=\"list-item-title media\"><span class=\"mr-3 icon-light fa fa-solid fa-check\"><\/span><div class=\"media-body align-self-center list-item-desc\">Fullkomlega fylgt gildandi l\u00f6gum og regluger\u00f0um<\/div><\/div><!-- .list-item-title --><\/div><!-- .list-item-inner --><div class=\"list-item-inner\" data-css=\"&quot;&quot;\"><div class=\"list-item-title media\"><span class=\"mr-3 icon-light fa fa-solid fa-check\"><\/span><div class=\"media-body align-self-center list-item-desc\">Skuldbinding til sj\u00e1lfb\u00e6rrar \u00fer\u00f3unar<\/div><\/div><!-- .list-item-title --><\/div><!-- .list-item-inner --><\/div><!-- .list-item-wrapper --><\/div><\/div><\/div><\/div>\n<\/div>","protected":false},"excerpt":{"rendered":"S\u00edun sem \u00fe\u00fa getur treyst. Afk\u00f6st sem endast. Filtnor \u2013 norr\u00e6nn s\u00e9rfr\u00e6\u00f0ingur \u00ed i\u00f0na\u00f0ars\u00edun og bestun s\u00edunarferla. Filtnor s\u00e9rh\u00e6fir sig \u00ed i\u00f0na\u00f0ars\u00edun, a\u00f0skilna\u00f0art\u00e6kni og ferlaverkfr\u00e6\u00f0i. Vi\u00f0 bj\u00f3\u00f0um upp \u00e1 afkastamikla b\u00fana\u00f0, \u00edhluti og \u00fej\u00f3nustu fyrir a\u00f0skilna\u00f0 fastra efna og v\u00f6kva, \u00feurrs\u00edun, v\u00f6kvas\u00edun og vatnsme\u00f0h\u00f6ndlun. Markmi\u00f0 okkar er a\u00f0 hj\u00e1lpa i\u00f0na\u00f0i a\u00f0 starfa skilvirkari, sj\u00e1lfb\u00e6rari og...","protected":false},"author":1,"featured_media":0,"parent":0,"menu_order":0,"comment_status":"closed","ping_status":"closed","template":"","meta":{"om_disable_all_campaigns":false,"footnotes":""},"class_list":["post-4057","page","type-page","status-publish","hentry"],"yoast_head":"<!-- This site is optimized with the Yoast SEO Premium plugin v26.1 (Yoast SEO v27.4) - https:\/\/yoast.com\/product\/yoast-seo-premium-wordpress\/ -->\n<title>About Filtnor - Filtnor<\/title>\n<meta name=\"description\" content=\"Filtnor og Roxia Norge er spesialisert p\u00e5 press filter og filtering, og f\u00f8rer Roxia og AquaChem filterpresser.\" \/>\n<meta name=\"robots\" content=\"index, follow, max-snippet:-1, max-image-preview:large, max-video-preview:-1\" \/>\n<link rel=\"canonical\" href=\"https:\/\/www.filtnor.com\/is\/um-okkur\/\" \/>\n<meta property=\"og:locale\" content=\"is_IS\" \/>\n<meta property=\"og:type\" content=\"article\" \/>\n<meta property=\"og:title\" content=\"About Filtnor\" \/>\n<meta property=\"og:description\" content=\"Filtnor og Roxia Norge er spesialisert p\u00e5 press filter og filtering, og f\u00f8rer Roxia og AquaChem filterpresser.\" \/>\n<meta property=\"og:url\" content=\"https:\/\/www.filtnor.com\/is\/um-okkur\/\" \/>\n<meta property=\"og:site_name\" content=\"Filtnor\" \/>\n<meta property=\"article:modified_time\" content=\"2025-09-28T13:54:08+00:00\" \/>\n<meta name=\"twitter:card\" content=\"summary_large_image\" \/>\n<meta name=\"twitter:label1\" content=\"Est. reading time\" \/>\n\t<meta name=\"twitter:data1\" content=\"3 minutes\" \/>\n<script type=\"application\/ld+json\" class=\"yoast-schema-graph\">{\"@context\":\"https:\\\/\\\/schema.org\",\"@graph\":[{\"@type\":\"WebPage\",\"@id\":\"https:\\\/\\\/www.filtnor.com\\\/about-us\\\/\",\"url\":\"https:\\\/\\\/www.filtnor.com\\\/about-us\\\/\",\"name\":\"About Filtnor - Filtnor\",\"isPartOf\":{\"@id\":\"https:\\\/\\\/www.filtnor.com\\\/#website\"},\"datePublished\":\"2017-10-09T13:13:37+00:00\",\"dateModified\":\"2025-09-28T13:54:08+00:00\",\"description\":\"Filtnor og Roxia Norge er spesialisert p\u00e5 press filter og filtering, og f\u00f8rer Roxia og AquaChem filterpresser.\",\"breadcrumb\":{\"@id\":\"https:\\\/\\\/www.filtnor.com\\\/about-us\\\/#breadcrumb\"},\"inLanguage\":\"is\",\"potentialAction\":[{\"@type\":\"ReadAction\",\"target\":[\"https:\\\/\\\/www.filtnor.com\\\/about-us\\\/\"]}]},{\"@type\":\"BreadcrumbList\",\"@id\":\"https:\\\/\\\/www.filtnor.com\\\/about-us\\\/#breadcrumb\",\"itemListElement\":[{\"@type\":\"ListItem\",\"position\":1,\"name\":\"Home\",\"item\":\"https:\\\/\\\/www.filtnor.com\\\/\"},{\"@type\":\"ListItem\",\"position\":2,\"name\":\"About Filtnor\"}]},{\"@type\":\"WebSite\",\"@id\":\"https:\\\/\\\/www.filtnor.com\\\/#website\",\"url\":\"https:\\\/\\\/www.filtnor.com\\\/\",\"name\":\"Filtnor\",\"description\":\"Filtration you can trust. Performance that lasts.\",\"potentialAction\":[{\"@type\":\"SearchAction\",\"target\":{\"@type\":\"EntryPoint\",\"urlTemplate\":\"https:\\\/\\\/www.filtnor.com\\\/?s={search_term_string}\"},\"query-input\":{\"@type\":\"PropertyValueSpecification\",\"valueRequired\":true,\"valueName\":\"search_term_string\"}}],\"inLanguage\":\"is\"}]}<\/script>\n<!-- \/ Yoast SEO Premium plugin. -->","yoast_head_json":{"title":"Um Filtnor - Filtnor","description":"Filtnor og Roxia Noregur er s\u00e9rh\u00e6f\u00f0ur \u00e1 pressus\u00edu og s\u00edun, og b\u00fd\u00f0ur Roxia og AquaChem filterpresser.","robots":{"index":"index","follow":"follow","max-snippet":"max-snippet:-1","max-image-preview":"max-image-preview:large","max-video-preview":"max-video-preview:-1"},"canonical":"https:\/\/www.filtnor.com\/is\/um-okkur\/","og_locale":"is_IS","og_type":"article","og_title":"About Filtnor","og_description":"Filtnor og Roxia Norge er spesialisert p\u00e5 press filter og filtering, og f\u00f8rer Roxia og AquaChem filterpresser.","og_url":"https:\/\/www.filtnor.com\/is\/um-okkur\/","og_site_name":"Filtnor","article_modified_time":"2025-09-28T13:54:08+00:00","twitter_card":"summary_large_image","twitter_misc":{"Est. reading time":"3 minutes"},"schema":{"@context":"https:\/\/schema.org","@graph":[{"@type":"WebPage","@id":"https:\/\/www.filtnor.com\/about-us\/","url":"https:\/\/www.filtnor.com\/about-us\/","name":"Um Filtnor - Filtnor","isPartOf":{"@id":"https:\/\/www.filtnor.com\/#website"},"datePublished":"2017-10-09T13:13:37+00:00","dateModified":"2025-09-28T13:54:08+00:00","description":"Filtnor og Roxia Noregur er s\u00e9rh\u00e6f\u00f0ur \u00e1 pressus\u00edu og s\u00edun, og b\u00fd\u00f0ur Roxia og AquaChem filterpresser.","breadcrumb":{"@id":"https:\/\/www.filtnor.com\/about-us\/#breadcrumb"},"inLanguage":"is","potentialAction":[{"@type":"ReadAction","target":["https:\/\/www.filtnor.com\/about-us\/"]}]},{"@type":"BreadcrumbList","@id":"https:\/\/www.filtnor.com\/about-us\/#breadcrumb","itemListElement":[{"@type":"ListItem","position":1,"name":"Home","item":"https:\/\/www.filtnor.com\/"},{"@type":"ListItem","position":2,"name":"About Filtnor"}]},{"@type":"WebSite","@id":"https:\/\/www.filtnor.com\/#website","url":"https:\/\/www.filtnor.com\/","name":"Filtnor","description":"S\u00edun sem \u00fe\u00fa getur treyst. Afk\u00f6st sem endast.","potentialAction":[{"@type":"SearchAction","target":{"@type":"EntryPoint","urlTemplate":"https:\/\/www.filtnor.com\/?s={search_term_string}"},"query-input":{"@type":"PropertyValueSpecification","valueRequired":true,"valueName":"search_term_string"}}],"inLanguage":"is"}]}},"_links":{"self":[{"href":"https:\/\/www.filtnor.com\/is\/wp-json\/wp\/v2\/pages\/4057","targetHints":{"allow":["GET"]}}],"collection":[{"href":"https:\/\/www.filtnor.com\/is\/wp-json\/wp\/v2\/pages"}],"about":[{"href":"https:\/\/www.filtnor.com\/is\/wp-json\/wp\/v2\/types\/page"}],"author":[{"embeddable":true,"href":"https:\/\/www.filtnor.com\/is\/wp-json\/wp\/v2\/users\/1"}],"replies":[{"embeddable":true,"href":"https:\/\/www.filtnor.com\/is\/wp-json\/wp\/v2\/comments?post=4057"}],"version-history":[{"count":51,"href":"https:\/\/www.filtnor.com\/is\/wp-json\/wp\/v2\/pages\/4057\/revisions"}],"predecessor-version":[{"id":6298,"href":"https:\/\/www.filtnor.com\/is\/wp-json\/wp\/v2\/pages\/4057\/revisions\/6298"}],"wp:attachment":[{"href":"https:\/\/www.filtnor.com\/is\/wp-json\/wp\/v2\/media?parent=4057"}],"curies":[{"name":"wp","href":"https:\/\/api.w.org\/{rel}","templated":true}]}}