{"id":4056,"date":"2023-07-31T09:07:24","date_gmt":"2023-07-31T09:07:24","guid":{"rendered":"https:\/\/www.filtnor.no\/?page_id=3"},"modified":"2025-04-12T00:29:32","modified_gmt":"2025-04-11T22:29:32","slug":"personuverndarstefna","status":"publish","type":"page","link":"https:\/\/www.filtnor.com\/is\/personuverndarstefna\/","title":{"rendered":"Pers\u00f3nuverndarstefna"},"content":{"rendered":"<div class=\"wpb-content-wrapper\"><div class=\"vc_row wpb_row vc_row-fluid vc_custom_1744410503235\"><div class=\"wpb_column vc_column_container vc_col-sm-12\"><div class=\"vc_column-inner\"><div class=\"wpb_wrapper\">\n\t<div class=\"wpb_text_column wpb_content_element\" >\n\t\t<div class=\"wpb_wrapper\">\n\t\t\t<h2 class=\"wp-block-heading\">Pers\u00f3nuverndaryfirl\u00fdsing<\/h2>\n<p>Pers\u00f3nuverndarstefnan (einnig \u00feekkt sem Pers\u00f3nuverndarstefna) gildir um heims\u00f3knir \u00e1 vefs\u00ed\u00f0una filtnor.com. \u00d6ll vinnsla pers\u00f3nuuppl\u00fdsinga hj\u00e1 fyrirt\u00e6kinu fer fram \u00ed samr\u00e6mi vi\u00f0 l\u00f6g um pers\u00f3nuvernd. \u00cd grundvallaratri\u00f0um eru gestir \u00e1 vefs\u00ed\u00f0u okkar nafnlausir, \u00fea\u00f0 eina sem er skr\u00e1\u00f0 er IP-tala t\u00f6lvunnar \u00feinnar.<\/p>\n<h4>Skr\u00e1r og vafrak\u00f6kur<\/h4>\n<p>\u00deessi vefs\u00ed\u00f0a notar sta\u00f0la\u00f0ar greiningarforrit sem safna takm\u00f6rku\u00f0um uppl\u00fdsingum um gesti vefs\u00ed\u00f0unnar okkar sj\u00e1lfkrafa og geyma \u00feessar nafnlausu uppl\u00fdsingar \u00ed skr\u00e1m net\u00fej\u00f3na. \u00deessar uppl\u00fdsingar geta innihaldi\u00f0 IP-t\u00f6lur, tegund vafra, grunnuppl\u00fdsingar um IP-t\u00f6lur, tilv\u00edsandi s\u00ed\u00f0ur, st\u00fdrikerfi og dagsetningar-\/t\u00edmastimpla. \u00deessar uppl\u00fdsingar au\u00f0kenna ekki einstaka notendur, \u00fe\u00e6r eru eing\u00f6ngu nota\u00f0ar til a\u00f0 stj\u00f3rna vefs\u00ed\u00f0unni, sem og til a\u00f0 greina notkun og \u00fer\u00f3un vefs\u00ed\u00f0unnar.<\/p>\n<p>A\u00f0 auki er h\u00e6gt a\u00f0 nota vafrak\u00f6kur til a\u00f0 au\u00f0velda og hra\u00f0a a\u00f0gang a\u00f0 a\u00f0ger\u00f0um eins og r\u00f6kfr\u00e6\u00f0i og\/e\u00f0a endurteknum heims\u00f3knum. Vafrak\u00f6kur eru mj\u00f6g litlar textaskr\u00e1r sem eru geymdar \u00e1 einkat\u00f6lvum til vi\u00f0mi\u00f0unar. Vi\u00f0 tengjum ekki uppl\u00fdsingarnar sem vi\u00f0 geymum \u00ed vafrak\u00f6kum vi\u00f0 neinar pers\u00f3nugreinanlegar uppl\u00fdsingar sem \u00fe\u00fa hefur sent inn \u00e1 s\u00ed\u00f0unni okkar.<\/p>\n<p>Vi\u00f0 notum b\u00e6\u00f0i lotu-au\u00f0kennis-k\u00f6kur og varanlegar vafrak\u00f6kur. Lotu-k\u00f6kur renna \u00fat \u00feegar vafranum er loka\u00f0 og varanlegar vafrak\u00f6kur geta veri\u00f0 geymdar \u00e1 har\u00f0a diskinum \u00fe\u00ednum \u00ed lengri t\u00edma. Lotu-k\u00f6kur au\u00f0velda \u00fe\u00e9r a\u00f0 vafra um vefs\u00ed\u00f0una okkar, varanlegar vafrak\u00f6kur geta framkv\u00e6mt athafnir eins og a\u00f0 vista lykilor\u00f0 fyrir spjallsv\u00e6\u00f0i e\u00f0a blogg svo \u00fe\u00fa \u00feurfir ekki a\u00f0 skr\u00e1 \u00feig inn \u00ed hvert skipti sem \u00fe\u00fa heims\u00e6kir \u00feessi sv\u00e6\u00f0i og\/e\u00f0a geta veri\u00f0 nota\u00f0ar til a\u00f0 virkja okkur til a\u00f0 rekja og mi\u00f0a \u00e1 \u00e1hugam\u00e1l notenda okkar, til d\u00e6mis til a\u00f0 b\u00e6ta heildarupplifun af notkun vefs\u00ed\u00f0unnar okkar.<\/p>\n<p>Notkun Google \u00e1 DART-k\u00f6kunni gerir \u00fev\u00ed kleift a\u00f0 birta notendum okkar augl\u00fdsingar bygg\u00f0ar \u00e1 heims\u00f3knum \u00feeirra \u00e1 vefs\u00ed\u00f0u okkar og a\u00f0rar vefs\u00ed\u00f0ur \u00e1 Netinu. Notendur geta af\u00feakka\u00f0 notkun DART-k\u00f6kunnar me\u00f0 \u00fev\u00ed a\u00f0 sko\u00f0a pers\u00f3nuverndarstefnu Google Advertising and Content Network \u00e1 http:\/\/www.google.com\/privacy_ads.php<\/p>\n<p>Vi\u00f0 h\u00f6fum engan a\u00f0gang a\u00f0 n\u00e9 stj\u00f3rnunarm\u00f6guleika yfir neinum vafrak\u00f6kum sem allir augl\u00fdsendur nota \u00e1 s\u00ed\u00f0unni okkar.<\/p>\n<h4>Tenglar \u00e1 a\u00f0rar vefs\u00ed\u00f0ur<\/h4>\n<p>\u00deessi vefs\u00ed\u00f0a inniheldur tengla \u00e1 a\u00f0rar vefs\u00ed\u00f0ur sem vi\u00f0 stj\u00f3rnum ekki \u00e1 nokkurn h\u00e1tt. Vinsamlegast athugi\u00f0 a\u00f0 \u00feegar \u00fe\u00fa smellir \u00e1 sl\u00edka tengla berum vi\u00f0 ekki \u00e1byrg\u00f0 \u00e1 pers\u00f3nuverndarstefnu og\/e\u00f0a lei\u00f0beiningum annarra vefs\u00ed\u00f0na en okkar eigin. \u00deess vegna skaltu g\u00e6ta \u00feess a\u00f0 lesa pers\u00f3nuverndarstefnu allra vefs\u00ed\u00f0na sem \u00fe\u00fa heims\u00e6kir.<\/p>\n<p>&nbsp;<\/p>\n<h4>Notkun pers\u00f3nuuppl\u00fdsinga<\/h4>\n<p>Vi\u00f0 gefum gestum vefs\u00ed\u00f0u okkar t\u00e6kif\u00e6ri til a\u00f0 f\u00e1 uppl\u00fdsingar fr\u00e1 okkur. \u00cd sl\u00edkum tilfellum bi\u00f0jum vi\u00f0 gesti um netfang og nafn. \u00deessi uppl\u00fdsingar munu innihalda \u00f3keypis fr\u00e9ttabr\u00e9f okkar, v\u00f6rukynningar og a\u00f0rar uppl\u00fdsingar sem vi\u00f0 teljum a\u00f0 g\u00e6tu skipt m\u00e1li fyrir gesti okkar. \u00de\u00fa getur h\u00e6tt vi\u00f0 uppl\u00fdsingarnar hven\u00e6r sem er me\u00f0 \u00fev\u00ed a\u00f0 smella \u00e1 tengilinn \u201cafskr\u00e1\u201d \u00ed t\u00f6lvup\u00f3stinum sem vi\u00f0 sendum \u00fe\u00e9r.<\/p>\n<h4>A\u00f0gangur a\u00f0 pers\u00f3nugreinanlegum uppl\u00fdsingum<\/h4>\n<p>Ef pers\u00f3nuuppl\u00fdsingar \u00fe\u00ednar breytast, e\u00f0a ef \u00fe\u00fa vilt ekki lengur a\u00f0 vi\u00f0 eigum uppl\u00fdsingar um \u00feig, getur \u00fe\u00fa \u00f3ska\u00f0 eftir lei\u00f0r\u00e9ttingu, uppf\u00e6rslu e\u00f0a ey\u00f0ingu uppl\u00fdsinga me\u00f0 \u00fev\u00ed a\u00f0 hafa samband vi\u00f0 okkur.<\/p>\n<h4>\u00d6ryggi<\/h4>\n<p>Vi\u00f0 fylgjum vi\u00f0urkenndum st\u00f6\u00f0lum \u00ed greininni til a\u00f0 vernda pers\u00f3nuuppl\u00fdsingar sem \u00fe\u00fa hefur l\u00e1ti\u00f0 okkur \u00ed t\u00e9. Vinsamlegast athugi\u00f0 \u00fe\u00f3 a\u00f0 engin rafr\u00e6n geymslua\u00f0fer\u00f0 getur nokkurn t\u00edmann veri\u00f0 \u00f6rugg. \u00deess vegna \u2013 eins og gildir um allar stofnanir \u2013 erum vi\u00f0 ekki \u00ed a\u00f0st\u00f6\u00f0u til a\u00f0 \u00e1byrgjast algj\u00f6rt \u00f6ryggi uppl\u00fdsinga \u00feinna.<\/p>\n<p>\u00de\u00fa getur haft samband vi\u00f0 okkur ef \u00fe\u00fa hefur einhverjar spurningar var\u00f0andi \u00f6ryggisferla okkar.<\/p>\n<h4>Fyrirvari<\/h4>\n<p>Vi\u00f0 \u00e1skiljum okkur r\u00e9tt til a\u00f0 birta pers\u00f3nuuppl\u00fdsingar eins og l\u00f6g kve\u00f0a \u00e1 um og \u00feegar vi\u00f0 teljum a\u00f0 \u00fea\u00f0 s\u00e9 nau\u00f0synlegt til a\u00f0 vernda r\u00e9ttindi okkar og\/e\u00f0a til a\u00f0 uppfylla d\u00f3msm\u00e1l, d\u00f3ms\u00farskur\u00f0 e\u00f0a lagalega me\u00f0fer\u00f0 sem birt hefur veri\u00f0 \u00e1 vefs\u00ed\u00f0um okkar.<\/p>\n<h4>Tengili\u00f0auppl\u00fdsingar<\/h4>\n<p>Ef \u00fe\u00fa hefur spurningar var\u00f0andi \u00feessar lei\u00f0beiningar, e\u00f0a ef \u00fe\u00fa vilt hafa samband vi\u00f0 okkur \u00ed s\u00edma e\u00f0a me\u00f0 venjulegum p\u00f3sti, \u00fe\u00e1 er h\u00e6gt a\u00f0 finna uppl\u00fdsingar um tengili\u00f0i okkar \u00e1 https:\/\/www.filtnor.com\/contact-us\/<\/p>\n<p>N\u00e1nari uppl\u00fdsingar um pers\u00f3nuvernd er a\u00f0 finna \u00e1 vefs\u00ed\u00f0u Pers\u00f3nuverndarstofnunarinnar http:\/\/www.datatilsynet.no<\/p>\n<p>&nbsp;<\/p>\n\n\t\t<\/div>\n\t<\/div>\n<\/div><\/div><\/div><\/div><\/div>","protected":false},"excerpt":{"rendered":"Pers\u00f3nuverndaryfirl\u00fdsing Pers\u00f3nuverndarstefnan (einnig \u00feekkt sem Pers\u00f3nuverndarstefna) gildir um heims\u00f3knir \u00e1 vefs\u00ed\u00f0una filtnor.com. \u00d6ll vinnsla pers\u00f3nuuppl\u00fdsinga hj\u00e1 fyrirt\u00e6kinu fer fram \u00ed samr\u00e6mi vi\u00f0 l\u00f6g um pers\u00f3nuvernd. \u00cd grundvallaratri\u00f0um eru gestir \u00e1 vefs\u00ed\u00f0u okkar nafnlausir, \u00fea\u00f0 eina sem er skr\u00e1\u00f0 er IP-tala t\u00f6lvunnar \u00feinnar. Skr\u00e1r og vafrak\u00f6kur \u00deessi vefs\u00ed\u00f0a","protected":false},"author":1,"featured_media":0,"parent":0,"menu_order":0,"comment_status":"closed","ping_status":"open","template":"","meta":{"om_disable_all_campaigns":false,"footnotes":""},"class_list":["post-4056","page","type-page","status-publish","hentry"],"yoast_head":"<!-- This site is optimized with the Yoast SEO Premium plugin v26.1 (Yoast SEO v27.4) - https:\/\/yoast.com\/product\/yoast-seo-premium-wordpress\/ -->\n<title>Privacy Policy - Filtnor<\/title>\n<meta name=\"description\" content=\"Privacy Policy for all bruk og bes\u00f8k av nettsiden til Filtnor.\" \/>\n<meta name=\"robots\" content=\"noindex, follow\" \/>\n<meta property=\"og:locale\" content=\"is_IS\" \/>\n<meta property=\"og:type\" content=\"article\" \/>\n<meta property=\"og:title\" content=\"Privacy Policy\" \/>\n<meta property=\"og:description\" content=\"Privacy Policy for all bruk og bes\u00f8k av nettsiden til Filtnor.\" \/>\n<meta property=\"og:url\" content=\"https:\/\/www.filtnor.com\/is\/personuverndarstefna\/\" \/>\n<meta property=\"og:site_name\" content=\"Filtnor\" \/>\n<meta property=\"article:modified_time\" content=\"2025-04-11T22:29:32+00:00\" \/>\n<meta name=\"twitter:card\" content=\"summary_large_image\" \/>\n<meta name=\"twitter:label1\" content=\"Est. reading time\" \/>\n\t<meta name=\"twitter:data1\" content=\"3 minutes\" \/>\n<script type=\"application\/ld+json\" class=\"yoast-schema-graph\">{\"@context\":\"https:\\\/\\\/schema.org\",\"@graph\":[{\"@type\":\"WebPage\",\"@id\":\"https:\\\/\\\/www.filtnor.com\\\/privacy-policy\\\/\",\"url\":\"https:\\\/\\\/www.filtnor.com\\\/privacy-policy\\\/\",\"name\":\"Privacy Policy - Filtnor\",\"isPartOf\":{\"@id\":\"https:\\\/\\\/www.filtnor.com\\\/#website\"},\"datePublished\":\"2023-07-31T09:07:24+00:00\",\"dateModified\":\"2025-04-11T22:29:32+00:00\",\"description\":\"Privacy Policy for all bruk og bes\u00f8k av nettsiden til Filtnor.\",\"breadcrumb\":{\"@id\":\"https:\\\/\\\/www.filtnor.com\\\/privacy-policy\\\/#breadcrumb\"},\"inLanguage\":\"is\",\"potentialAction\":[{\"@type\":\"ReadAction\",\"target\":[\"https:\\\/\\\/www.filtnor.com\\\/privacy-policy\\\/\"]}]},{\"@type\":\"BreadcrumbList\",\"@id\":\"https:\\\/\\\/www.filtnor.com\\\/privacy-policy\\\/#breadcrumb\",\"itemListElement\":[{\"@type\":\"ListItem\",\"position\":1,\"name\":\"Home\",\"item\":\"https:\\\/\\\/www.filtnor.com\\\/\"},{\"@type\":\"ListItem\",\"position\":2,\"name\":\"Privacy Policy\"}]},{\"@type\":\"WebSite\",\"@id\":\"https:\\\/\\\/www.filtnor.com\\\/#website\",\"url\":\"https:\\\/\\\/www.filtnor.com\\\/\",\"name\":\"Filtnor\",\"description\":\"Filtration you can trust. Performance that lasts.\",\"potentialAction\":[{\"@type\":\"SearchAction\",\"target\":{\"@type\":\"EntryPoint\",\"urlTemplate\":\"https:\\\/\\\/www.filtnor.com\\\/?s={search_term_string}\"},\"query-input\":{\"@type\":\"PropertyValueSpecification\",\"valueRequired\":true,\"valueName\":\"search_term_string\"}}],\"inLanguage\":\"is\"}]}<\/script>\n<!-- \/ Yoast SEO Premium plugin. -->","yoast_head_json":{"title":"Pers\u00f3nuverndarstefna - Filtnor","description":"Pers\u00f3nuverndarstefna fyrir alla notkun og heims\u00f3kn \u00e1 vefs\u00ed\u00f0un til Filtnor.","robots":{"index":"noindex","follow":"follow"},"og_locale":"is_IS","og_type":"article","og_title":"Privacy Policy","og_description":"Privacy Policy for all bruk og bes\u00f8k av nettsiden til Filtnor.","og_url":"https:\/\/www.filtnor.com\/is\/personuverndarstefna\/","og_site_name":"Filtnor","article_modified_time":"2025-04-11T22:29:32+00:00","twitter_card":"summary_large_image","twitter_misc":{"Est. reading time":"3 minutes"},"schema":{"@context":"https:\/\/schema.org","@graph":[{"@type":"WebPage","@id":"https:\/\/www.filtnor.com\/privacy-policy\/","url":"https:\/\/www.filtnor.com\/privacy-policy\/","name":"Pers\u00f3nuverndarstefna - Filtnor","isPartOf":{"@id":"https:\/\/www.filtnor.com\/#website"},"datePublished":"2023-07-31T09:07:24+00:00","dateModified":"2025-04-11T22:29:32+00:00","description":"Pers\u00f3nuverndarstefna fyrir alla notkun og heims\u00f3kn \u00e1 vefs\u00ed\u00f0un til Filtnor.","breadcrumb":{"@id":"https:\/\/www.filtnor.com\/privacy-policy\/#breadcrumb"},"inLanguage":"is","potentialAction":[{"@type":"ReadAction","target":["https:\/\/www.filtnor.com\/privacy-policy\/"]}]},{"@type":"BreadcrumbList","@id":"https:\/\/www.filtnor.com\/privacy-policy\/#breadcrumb","itemListElement":[{"@type":"ListItem","position":1,"name":"Home","item":"https:\/\/www.filtnor.com\/"},{"@type":"ListItem","position":2,"name":"Privacy Policy"}]},{"@type":"WebSite","@id":"https:\/\/www.filtnor.com\/#website","url":"https:\/\/www.filtnor.com\/","name":"Filtnor","description":"S\u00edun sem \u00fe\u00fa getur treyst. Afk\u00f6st sem endast.","potentialAction":[{"@type":"SearchAction","target":{"@type":"EntryPoint","urlTemplate":"https:\/\/www.filtnor.com\/?s={search_term_string}"},"query-input":{"@type":"PropertyValueSpecification","valueRequired":true,"valueName":"search_term_string"}}],"inLanguage":"is"}]}},"_links":{"self":[{"href":"https:\/\/www.filtnor.com\/is\/wp-json\/wp\/v2\/pages\/4056","targetHints":{"allow":["GET"]}}],"collection":[{"href":"https:\/\/www.filtnor.com\/is\/wp-json\/wp\/v2\/pages"}],"about":[{"href":"https:\/\/www.filtnor.com\/is\/wp-json\/wp\/v2\/types\/page"}],"author":[{"embeddable":true,"href":"https:\/\/www.filtnor.com\/is\/wp-json\/wp\/v2\/users\/1"}],"replies":[{"embeddable":true,"href":"https:\/\/www.filtnor.com\/is\/wp-json\/wp\/v2\/comments?post=4056"}],"version-history":[{"count":12,"href":"https:\/\/www.filtnor.com\/is\/wp-json\/wp\/v2\/pages\/4056\/revisions"}],"predecessor-version":[{"id":5960,"href":"https:\/\/www.filtnor.com\/is\/wp-json\/wp\/v2\/pages\/4056\/revisions\/5960"}],"wp:attachment":[{"href":"https:\/\/www.filtnor.com\/is\/wp-json\/wp\/v2\/media?parent=4056"}],"curies":[{"name":"wp","href":"https:\/\/api.w.org\/{rel}","templated":true}]}}