{"id":4029,"date":"2024-03-04T20:05:46","date_gmt":"2024-03-04T19:05:46","guid":{"rendered":"https:\/\/www.filtnor.no\/?page_id=4029"},"modified":"2024-06-25T20:41:54","modified_gmt":"2024-06-25T18:41:54","slug":"siunarprofanir","status":"publish","type":"page","link":"https:\/\/www.filtnor.com\/is\/thjonustur\/siunarprofanir\/","title":{"rendered":"S\u00edunarpr\u00f3fanir"},"content":{"rendered":"<div class=\"wpb-content-wrapper\"><div class=\"vc_row wpb_row vc_row-fluid vc_custom_1691587735553\"><div class=\"wpb_column vc_column_container vc_col-sm-12 vc_col-lg-6 vc_col-md-6\"><div class=\"vc_column-inner\"><div class=\"wpb_wrapper\"><div class=\"section-title-wrapper shortcode-rand-2 induzy-inline-css\" data-css=\"&quot;.shortcode-rand-2 .title-separator.separator-border { background-color: ; }.shortcode-rand-2 .section-title { text-transform: none; }&quot;\"><div class=\"title-wrap\"><h2 class=\"section-title\">Forpr\u00f3fanir <span class=\"title-suffix theme-color\">af s\u00eduk\u00f6ku og s\u00eduv\u00f6kva<\/span><\/h2><span class=\"title-separator separator-border theme-color-bg\"><\/span><\/div><!-- .title-wrap --><div class=\"section-description\">Rekstrarskilyr\u00f0i breytast me\u00f0 t\u00edmanum og \u00fev\u00ed eru regluleg pr\u00f3f mikilv\u00e6g til a\u00f0 vi\u00f0halda bestu m\u00f6gulegu s\u00edunarferli.<\/p>\n<p>Forpr\u00f3fun \u00e1 s\u00edunarni\u00f0urst\u00f6\u00f0um ef \u00fe\u00fa vilt t.d. sm\u00e6rri pr\u00f3fun me\u00f0 n\u00fdrri le\u00f0ju e\u00f0a vilt h\u00e1marka n\u00faverandi s\u00edunarferli. Pr\u00f3funina er h\u00e6gt a\u00f0 framkv\u00e6ma b\u00e6\u00f0i \u00ed ranns\u00f3knarstofu okkar \u00ed Finnlandi e\u00f0a me\u00f0 \u00fev\u00ed a\u00f0 f\u00e1 einn af \u00fej\u00f3nustut\u00e6knim\u00f6nnum okkar til \u00fe\u00edn me\u00f0 f\u00e6ranlegan pr\u00f3funarb\u00fana\u00f0.<\/div><!-- .section-description --><\/div><!-- .section-title-wrapper --><div class=\"feature-box-wrapper feature-box-style-1 vc_custom_1719340531144 shortcode-rand-3 induzy-inline-css\" data-css=\"&quot;.shortcode-rand-3.feature-box-wrapper {background: -moz-linear-gradient(141deg,  0%,  51%,  75%);\\r\\n\\t\\t\\t\\tbackground: -webkit-linear-gradient(141deg,  0%,  51%,  75%);\\r\\n\\t\\t\\t\\tbackground: linear-gradient(141deg,  0%,  51%,  75%);}.shortcode-rand-3 .feature-box-icon { font-size: 24px; }.shortcode-rand-3 .feature-box-icon { height: 48px; width: 48px; }.shortcode-rand-3 .feature-box-icon &gt; span { line-height: 2; }.shortcode-rand-3:hover .feature-box-icon { background: none; }&quot;\" ><div class=\"feature-box-btn\"><a class=\"btn default\" href=\"https:\/\/www.filtnor.com\/is\/hafdu-samband-vid-okkur\/\" title=\"SENDA FYRIRSPURN \u00bb\">SENDA FYRIRSPURN \u00bb<\/a><\/div><!-- .feature-box-btn --><\/div><!-- .feature-box-wrapper --><\/div><\/div><\/div><div class=\"wpb_column vc_column_container vc_col-sm-12 vc_col-lg-6 vc_col-md-6\"><div class=\"vc_column-inner\"><div class=\"wpb_wrapper\">\n\t<div  class=\"wpb_single_image wpb_content_element vc_align_left wpb_content_element\">\n\t\t\n\t\t<figure class=\"wpb_wrapper vc_figure\">\n\t\t\t<div class=\"vc_single_image-wrapper   vc_box_border_grey\"><img loading=\"lazy\" decoding=\"async\" width=\"640\" height=\"360\" src=\"https:\/\/www.filtnor.com\/wp-content\/uploads\/2023\/08\/tjenester_filtreringstest_01.jpg\" class=\"vc_single_image-img attachment-full\" alt=\"S\u00edunarpr\u00f3f fr\u00e1 Filtnor\" title=\"S\u00edunarpr\u00f3f fr\u00e1 Filtnor\" srcset=\"https:\/\/www.filtnor.com\/wp-content\/uploads\/2023\/08\/tjenester_filtreringstest_01.jpg 640w, https:\/\/www.filtnor.com\/wp-content\/uploads\/2023\/08\/tjenester_filtreringstest_01-600x338.jpg 600w\" sizes=\"auto, (max-width: 640px) 100vw, 640px\" \/><\/div>\n\t\t<\/figure>\n\t<\/div>\n<\/div><\/div><\/div><\/div><div class=\"vc_row wpb_row vc_row-fluid vc_custom_1691588774257\"><div class=\"wpb_column vc_column_container vc_col-sm-6\"><div class=\"vc_column-inner\"><div class=\"wpb_wrapper\"><div class=\"section-title-wrapper shortcode-rand-5 induzy-inline-css\" data-css=\"&quot;.shortcode-rand-5 .title-separator.separator-border { background-color: ; }.shortcode-rand-5 .section-title { text-transform: none; }&quot;\"><div class=\"title-wrap\"><h4 class=\"section-title\">Sj\u00e1\u00f0u ni\u00f0urst\u00f6\u00f0una fyrirfram<\/h4><span class=\"title-separator separator-border theme-color-bg\"><\/span><\/div><!-- .title-wrap --><div class=\"section-description\">Vi\u00f0 getum forpr\u00f3fa\u00f0 \u00ed litlum m\u00e6li hvernig s\u00edunarni\u00f0ursta\u00f0an me\u00f0 s\u00eduk\u00f6ku og s\u00eduv\u00f6kva ver\u00f0ur. \u00deetta er oft \u00e6skilegt til a\u00f0 pr\u00f3fa ef breytingar ver\u00f0a ger\u00f0ar \u00e1 le\u00f0junni e\u00f0a s\u00edupressunni, \u00feannig a\u00f0 h\u00e6gt s\u00e9 a\u00f0 athuga ni\u00f0urst\u00f6\u00f0una \u00ed litlum m\u00e6li \u00e1\u00f0ur en framlei\u00f0sla hefst \u00ed fullri st\u00e6r\u00f0.<\/p>\n<p>Vi\u00f0 s\u00edunarpr\u00f3fanir getum vi\u00f0 einnig pr\u00f3fa\u00f0 \u00fdmsa \u00fe\u00e6tti, til d\u00e6mis til a\u00f0 finna hentugasta s\u00edukl\u00e6\u00f0i\u00f0 e\u00f0a besta f\u00f3\u00f0runart\u00edma. \u00deetta er gagnlegt a\u00f0 gera reglulega \u00fear sem rekstrarskilyr\u00f0i breytast oft me\u00f0 t\u00edmanum og \u00fea\u00f0 sem voru bestu skilyr\u00f0in \u00ed fort\u00ed\u00f0inni er hugsanlega ekki lengur \u00fea\u00f0 n\u00fana.<\/p>\n<p>\u00deegar keypt er n\u00fd s\u00edunarb\u00fana\u00f0ur er mikilv\u00e6gt a\u00f0 skilja a\u00f0 a\u00f0skilna\u00f0arferli er undir \u00e1hrifum \u00f3tal breytna og me\u00f0 pr\u00f3funum getum vi\u00f0 fengi\u00f0 betri skilning \u00e1 mikilv\u00e6gustu breytunum fyrir ferli\u00f0 \u00feitt. Hvert ferli er einstakt og \u00fev\u00ed ver\u00f0ur a\u00f0 f\u00ednstilla s\u00edunina \u00ed samr\u00e6mi vi\u00f0 \u00fea\u00f0 til a\u00f0 n\u00e1 sem bestum \u00e1rangri.<\/p>\n<p>Vi\u00f0 bj\u00f3\u00f0um einnig upp \u00e1 s\u00f6lu og leigu \u00e1 pr\u00f3funarb\u00fana\u00f0i til vi\u00f0skiptavina eins og eg sem \u00fearfnast st\u00f6\u00f0ugra pr\u00f3fana \u00e1 n\u00fdjum slurry.<\/div><!-- .section-description --><\/div><!-- .section-title-wrapper --><\/div><\/div><\/div><div class=\"wpb_column vc_column_container vc_col-sm-6\"><div class=\"vc_column-inner\"><div class=\"wpb_wrapper\"><div class=\"section-title-wrapper margin-bottom-30 shortcode-rand-6 induzy-inline-css\" data-css=\"&quot;.shortcode-rand-6 .title-separator.separator-border { background-color: ; }.shortcode-rand-6 .section-title { text-transform: none; }&quot;\"><div class=\"title-wrap\"><h4 class=\"section-title\">F\u00e1\u00f0u inns\u00fdn \u00ed ferli\u00f0:<\/h4><span class=\"title-separator separator-border theme-color-bg\"><\/span><\/div><!-- .title-wrap --><div class=\"section-description\"><\/div><!-- .section-description --><\/div><!-- .section-title-wrapper --><div class=\"list-item-wrapper\" data-css=\"&quot;&quot;\"><div class=\"list-item-inner\" data-css=\"&quot;&quot;\"><div class=\"list-item-title media\"><span class=\"mr-3 icon-light fas fa-check\"><\/span><div class=\"media-body align-self-center list-item-desc\">F\u00ednstilltu n\u00faverandi s\u00edunarferli<\/div><\/div><!-- .list-item-title --><\/div><!-- .list-item-inner --><div class=\"list-item-inner\" data-css=\"&quot;&quot;\"><div class=\"list-item-title media\"><span class=\"mr-3 icon-light fas fa-check\"><\/span><div class=\"media-body align-self-center list-item-desc\">Veldu s\u00edukl\u00fat \u00fat fr\u00e1 raunverulegum a\u00f0st\u00e6\u00f0um<\/div><\/div><!-- .list-item-title --><\/div><!-- .list-item-inner --><div class=\"list-item-inner\" data-css=\"&quot;&quot;\"><div class=\"list-item-title media\"><span class=\"mr-3 icon-light fas fa-check\"><\/span><div class=\"media-body align-self-center list-item-desc\">Pr\u00f3fa\u00f0u hvernig s\u00edupressan virkar \u00ed raun<\/div><\/div><!-- .list-item-title --><\/div><!-- .list-item-inner --><div class=\"list-item-inner\" data-css=\"&quot;&quot;\"><div class=\"list-item-title media\"><span class=\"mr-3 icon-light fas fa-check\"><\/span><div class=\"media-body align-self-center list-item-desc\">Finndu allar breytur vi\u00f0 h\u00f6nnun n\u00fdrrar s\u00edupressu<\/div><\/div><!-- .list-item-title --><\/div><!-- .list-item-inner --><div class=\"list-item-inner\" data-css=\"&quot;&quot;\"><div class=\"list-item-title media\"><span class=\"mr-3 icon-light fas fa-check\"><\/span><div class=\"media-body align-self-center list-item-desc\">Unng\u00e5 mislykkede installationer<\/div><\/div><!-- .list-item-title --><\/div><!-- .list-item-inner --><\/div><!-- .list-item-wrapper --><\/div><\/div><\/div><\/div><div class=\"vc_row wpb_row vc_row-fluid vc_custom_1691587893368\"><div class=\"wpb_column vc_column_container vc_col-sm-12\"><div class=\"vc_column-inner\"><div class=\"wpb_wrapper\"><div class=\"vc_separator wpb_content_element vc_separator_align_center vc_sep_width_100 vc_sep_dashed vc_sep_pos_align_center vc_separator_no_text wpb_content_element  wpb_content_element\" ><span class=\"vc_sep_holder vc_sep_holder_l\"><span class=\"vc_sep_line\"><\/span><\/span><span class=\"vc_sep_holder vc_sep_holder_r\"><span class=\"vc_sep_line\"><\/span><\/span>\n<\/div><\/div><\/div><\/div><\/div><div data-vc-full-width=\"true\" data-vc-full-width-init=\"false\" class=\"vc_row wpb_row vc_row-fluid additional-call-to-action vc_custom_1691588100630 vc_row-has-fill\"><div class=\"wpb_column vc_column_container vc_col-sm-12\"><div class=\"vc_column-inner\"><div class=\"wpb_wrapper\"><div class=\"vc_row wpb_row vc_inner vc_row-fluid\"><div class=\"wpb_column vc_column_container vc_col-sm-12 vc_col-lg-9 vc_col-md-12\"><div class=\"vc_column-inner\"><div class=\"wpb_wrapper\"><div class=\"feature-box-wrapper feature-box-style-1 shortcode-rand-15 induzy-inline-css feature-list-1\" data-css=\"&quot;.shortcode-rand-15.feature-box-wrapper { color: #000000; }.shortcode-rand-15.feature-box-wrapper {background: -moz-linear-gradient(141deg,  0%,  51%,  75%);\\r\\n\\t\\t\\t\\tbackground: -webkit-linear-gradient(141deg,  0%,  51%,  75%);\\r\\n\\t\\t\\t\\tbackground: linear-gradient(141deg,  0%,  51%,  75%);}.shortcode-rand-15 .feature-box-icon { font-size: 30px; }.shortcode-rand-15 .feature-box-icon { height: 60px; width: 60px; }.shortcode-rand-15 .feature-box-icon &gt; span { line-height: 2; }.shortcode-rand-15:hover .feature-box-icon { background: none; }&quot;\" ><div class=\"fbox-list\"><div class=\"media\"><div class=\"feature-box-icon mr-3 text-center rounded-circle none\"><span class=\"\"><\/span><\/div><!-- .feature-box-icon --><div class=\"media-body\"><div class=\"feature-box-title\"><h4 class=\"section-title\">Finnur \u00fe\u00fa ekki \u00fea\u00f0 sem \u00fe\u00fa ert a\u00f0 leita a\u00f0?<\/h4><\/div><!-- .feature-box-title --><div class=\"feature-box-content\">Haf\u00f0u samband vi\u00f0 okkur og vi\u00f0 hj\u00e1lpum \u00fe\u00e9r a\u00f0 finna \u00fea\u00f0 \u00fat!<\/div><!-- .feature-box-content --><\/div><\/div><\/div><\/div><!-- .feature-box-wrapper --><\/div><\/div><\/div><div class=\"wpb_column vc_column_container vc_col-sm-12 vc_col-lg-3 vc_col-md-12\"><div class=\"vc_column-inner vc_custom_1691588352947\"><div class=\"wpb_wrapper\"><div class=\"vc_btn3-container  additional-btn vc_btn3-right vc_custom_1719340610126 vc_do_btn\" ><a style=\"background-color:#06295e; color:#ffffff;\" class=\"vc_general vc_btn3 vc_btn3-size-md vc_btn3-shape-rounded vc_btn3-style-custom\" href=\"https:\/\/www.filtnor.com\/is\/hafdu-samband-vid-okkur\/\" title=\"Haf\u00f0u samband vi\u00f0 okkur\">SENDA FYRIRSPURN \u00bb<\/a><\/div><\/div><\/div><\/div><\/div><\/div><\/div><\/div><\/div><div class=\"vc_row-full-width vc_clearfix\"><\/div>\n<\/div>","protected":false},"excerpt":{"rendered":"Forpr\u00f3fun \u00e1 s\u00eduk\u00f6ku og s\u00eduv\u00f6kva. Rekstrarskilyr\u00f0i breytast me\u00f0 t\u00edmanum og \u00fev\u00ed eru reglulegar pr\u00f3fanir mikilv\u00e6gar til a\u00f0 vi\u00f0halda bestu m\u00f6gulegu s\u00edunarferli. Forpr\u00f3fun \u00e1 s\u00edunarni\u00f0urst\u00f6\u00f0um ef \u00fe\u00fa vilt t.d. gera litla pr\u00f3fun me\u00f0 n\u00fdrri le\u00f0ju e\u00f0a vilt h\u00e1marka n\u00faverandi s\u00edunarferli. Pr\u00f3funina er h\u00e6gt a\u00f0 framkv\u00e6ma.","protected":false},"author":1,"featured_media":0,"parent":4004,"menu_order":0,"comment_status":"closed","ping_status":"closed","template":"","meta":{"om_disable_all_campaigns":false,"footnotes":""},"class_list":["post-4029","page","type-page","status-publish","hentry"],"yoast_head":"<!-- This site is optimized with the Yoast SEO Premium plugin v26.1 (Yoast SEO v27.4) - https:\/\/yoast.com\/product\/yoast-seo-premium-wordpress\/ -->\n<title>Filtration testing - Filtnor<\/title>\n<meta name=\"description\" content=\"Filtration testing of filter cake and filtrate. Test can be done at out lab or on site. See the achievable moisture level of your slurry.\" \/>\n<meta name=\"robots\" content=\"index, follow, max-snippet:-1, max-image-preview:large, max-video-preview:-1\" \/>\n<link rel=\"canonical\" href=\"https:\/\/www.filtnor.com\/is\/thjonustur\/siunarprofanir\/\" \/>\n<meta property=\"og:locale\" content=\"is_IS\" \/>\n<meta property=\"og:type\" content=\"article\" \/>\n<meta property=\"og:title\" content=\"Filtration testing\" \/>\n<meta property=\"og:description\" content=\"Filtration testing of filter cake and filtrate. Test can be done at out lab or on site. See the achievable moisture level of your slurry.\" \/>\n<meta property=\"og:url\" content=\"https:\/\/www.filtnor.com\/is\/thjonustur\/siunarprofanir\/\" \/>\n<meta property=\"og:site_name\" content=\"Filtnor\" \/>\n<meta property=\"article:modified_time\" content=\"2024-06-25T18:41:54+00:00\" \/>\n<meta name=\"twitter:card\" content=\"summary_large_image\" \/>\n<meta name=\"twitter:label1\" content=\"Est. reading time\" \/>\n\t<meta name=\"twitter:data1\" content=\"3 minutes\" \/>\n<script type=\"application\/ld+json\" class=\"yoast-schema-graph\">{\"@context\":\"https:\\\/\\\/schema.org\",\"@graph\":[{\"@type\":\"WebPage\",\"@id\":\"https:\\\/\\\/www.filtnor.com\\\/services\\\/filtration-testing\\\/\",\"url\":\"https:\\\/\\\/www.filtnor.com\\\/services\\\/filtration-testing\\\/\",\"name\":\"Filtration testing - Filtnor\",\"isPartOf\":{\"@id\":\"https:\\\/\\\/www.filtnor.com\\\/#website\"},\"datePublished\":\"2024-03-04T19:05:46+00:00\",\"dateModified\":\"2024-06-25T18:41:54+00:00\",\"description\":\"Filtration testing of filter cake and filtrate. Test can be done at out lab or on site. See the achievable moisture level of your slurry.\",\"breadcrumb\":{\"@id\":\"https:\\\/\\\/www.filtnor.com\\\/services\\\/filtration-testing\\\/#breadcrumb\"},\"inLanguage\":\"is\",\"potentialAction\":[{\"@type\":\"ReadAction\",\"target\":[\"https:\\\/\\\/www.filtnor.com\\\/services\\\/filtration-testing\\\/\"]}]},{\"@type\":\"BreadcrumbList\",\"@id\":\"https:\\\/\\\/www.filtnor.com\\\/services\\\/filtration-testing\\\/#breadcrumb\",\"itemListElement\":[{\"@type\":\"ListItem\",\"position\":1,\"name\":\"Home\",\"item\":\"https:\\\/\\\/www.filtnor.com\\\/\"},{\"@type\":\"ListItem\",\"position\":2,\"name\":\"Services from Filtnor\",\"item\":\"https:\\\/\\\/www.filtnor.com\\\/services\\\/\"},{\"@type\":\"ListItem\",\"position\":3,\"name\":\"Filtration testing\"}]},{\"@type\":\"WebSite\",\"@id\":\"https:\\\/\\\/www.filtnor.com\\\/#website\",\"url\":\"https:\\\/\\\/www.filtnor.com\\\/\",\"name\":\"Filtnor\",\"description\":\"Filtration you can trust. Performance that lasts.\",\"potentialAction\":[{\"@type\":\"SearchAction\",\"target\":{\"@type\":\"EntryPoint\",\"urlTemplate\":\"https:\\\/\\\/www.filtnor.com\\\/?s={search_term_string}\"},\"query-input\":{\"@type\":\"PropertyValueSpecification\",\"valueRequired\":true,\"valueName\":\"search_term_string\"}}],\"inLanguage\":\"is\"}]}<\/script>\n<!-- \/ Yoast SEO Premium plugin. -->","yoast_head_json":{"title":"S\u00edunarpr\u00f3fanir - Filtnor","description":"S\u00edunarpr\u00f3fun \u00e1 s\u00eduk\u00f6ku og s\u00eduv\u00f6kva. Pr\u00f3funin er h\u00e6gt a\u00f0 framkv\u00e6ma \u00ed ranns\u00f3knarstofu okkar e\u00f0a \u00e1 sta\u00f0num. Sj\u00e1\u00f0u m\u00f6gulega rakastig \u00ed sey\u00f0unni \u00feinni.","robots":{"index":"index","follow":"follow","max-snippet":"max-snippet:-1","max-image-preview":"max-image-preview:large","max-video-preview":"max-video-preview:-1"},"canonical":"https:\/\/www.filtnor.com\/is\/thjonustur\/siunarprofanir\/","og_locale":"is_IS","og_type":"article","og_title":"Filtration testing","og_description":"Filtration testing of filter cake and filtrate. Test can be done at out lab or on site. See the achievable moisture level of your slurry.","og_url":"https:\/\/www.filtnor.com\/is\/thjonustur\/siunarprofanir\/","og_site_name":"Filtnor","article_modified_time":"2024-06-25T18:41:54+00:00","twitter_card":"summary_large_image","twitter_misc":{"Est. reading time":"3 minutes"},"schema":{"@context":"https:\/\/schema.org","@graph":[{"@type":"WebPage","@id":"https:\/\/www.filtnor.com\/services\/filtration-testing\/","url":"https:\/\/www.filtnor.com\/services\/filtration-testing\/","name":"S\u00edunarpr\u00f3fanir - Filtnor","isPartOf":{"@id":"https:\/\/www.filtnor.com\/#website"},"datePublished":"2024-03-04T19:05:46+00:00","dateModified":"2024-06-25T18:41:54+00:00","description":"S\u00edunarpr\u00f3fun \u00e1 s\u00eduk\u00f6ku og s\u00eduv\u00f6kva. Pr\u00f3funin er h\u00e6gt a\u00f0 framkv\u00e6ma \u00ed ranns\u00f3knarstofu okkar e\u00f0a \u00e1 sta\u00f0num. Sj\u00e1\u00f0u m\u00f6gulega rakastig \u00ed sey\u00f0unni \u00feinni.","breadcrumb":{"@id":"https:\/\/www.filtnor.com\/services\/filtration-testing\/#breadcrumb"},"inLanguage":"is","potentialAction":[{"@type":"ReadAction","target":["https:\/\/www.filtnor.com\/services\/filtration-testing\/"]}]},{"@type":"BreadcrumbList","@id":"https:\/\/www.filtnor.com\/services\/filtration-testing\/#breadcrumb","itemListElement":[{"@type":"ListItem","position":1,"name":"Home","item":"https:\/\/www.filtnor.com\/"},{"@type":"ListItem","position":2,"name":"Services from Filtnor","item":"https:\/\/www.filtnor.com\/services\/"},{"@type":"ListItem","position":3,"name":"Filtration testing"}]},{"@type":"WebSite","@id":"https:\/\/www.filtnor.com\/#website","url":"https:\/\/www.filtnor.com\/","name":"Filtnor","description":"S\u00edun sem \u00fe\u00fa getur treyst. Afk\u00f6st sem endast.","potentialAction":[{"@type":"SearchAction","target":{"@type":"EntryPoint","urlTemplate":"https:\/\/www.filtnor.com\/?s={search_term_string}"},"query-input":{"@type":"PropertyValueSpecification","valueRequired":true,"valueName":"search_term_string"}}],"inLanguage":"is"}]}},"_links":{"self":[{"href":"https:\/\/www.filtnor.com\/is\/wp-json\/wp\/v2\/pages\/4029","targetHints":{"allow":["GET"]}}],"collection":[{"href":"https:\/\/www.filtnor.com\/is\/wp-json\/wp\/v2\/pages"}],"about":[{"href":"https:\/\/www.filtnor.com\/is\/wp-json\/wp\/v2\/types\/page"}],"author":[{"embeddable":true,"href":"https:\/\/www.filtnor.com\/is\/wp-json\/wp\/v2\/users\/1"}],"replies":[{"embeddable":true,"href":"https:\/\/www.filtnor.com\/is\/wp-json\/wp\/v2\/comments?post=4029"}],"version-history":[{"count":4,"href":"https:\/\/www.filtnor.com\/is\/wp-json\/wp\/v2\/pages\/4029\/revisions"}],"predecessor-version":[{"id":4728,"href":"https:\/\/www.filtnor.com\/is\/wp-json\/wp\/v2\/pages\/4029\/revisions\/4728"}],"up":[{"embeddable":true,"href":"https:\/\/www.filtnor.com\/is\/wp-json\/wp\/v2\/pages\/4004"}],"wp:attachment":[{"href":"https:\/\/www.filtnor.com\/is\/wp-json\/wp\/v2\/media?parent=4029"}],"curies":[{"name":"wp","href":"https:\/\/api.w.org\/{rel}","templated":true}]}}