{"id":4016,"date":"2024-03-04T19:47:46","date_gmt":"2024-03-04T18:47:46","guid":{"rendered":"https:\/\/www.filtnor.no\/?page_id=4016"},"modified":"2024-12-03T17:57:26","modified_gmt":"2024-12-03T16:57:26","slug":"siuthjonusta","status":"publish","type":"page","link":"https:\/\/www.filtnor.com\/is\/thjonustur\/siuthjonusta\/","title":{"rendered":"S\u00edunar\u00fej\u00f3nusta"},"content":{"rendered":"<div class=\"wpb-content-wrapper\"><div class=\"vc_row wpb_row vc_row-fluid vc_custom_1691587735553\"><div class=\"wpb_column vc_column_container vc_col-sm-12 vc_col-lg-6 vc_col-md-6\"><div class=\"vc_column-inner\"><div class=\"wpb_wrapper\"><div class=\"section-title-wrapper shortcode-rand-2 induzy-inline-css\" data-css=\"&quot;.shortcode-rand-2 .title-separator.separator-border { background-color: ; }.shortcode-rand-2 .section-title { text-transform: none; }&quot;\"><div class=\"title-wrap\"><h2 class=\"section-title\">Sko\u00f0anir, vi\u00f0hald og vi\u00f0ger\u00f0ir<\/h2><span class=\"title-separator separator-border theme-color-bg\"><\/span><\/div><!-- .title-wrap --><div class=\"section-description\">Filtnor b\u00fd\u00f0ur upp \u00e1 s\u00edu\u00fej\u00f3nustu eins og t\u00e6knilegar sko\u00f0anir, vi\u00f0hald og vi\u00f0ger\u00f0ir. Vi\u00f0 bj\u00f3\u00f0um einnig upp \u00e1 uppf\u00e6rslur og uppf\u00e6rslur \u00e1 \u00fer\u00fdstis\u00edum \u00fe\u00ednum. Vi\u00f0 h\u00f6fum stuttan vi\u00f0brag\u00f0st\u00edma og stuttan afhendingart\u00edma fyrir varahluti. Vi\u00f0 vinnum b\u00e6\u00f0i einst\u00f6k verkefni og bj\u00f3\u00f0um upp \u00e1 heildar\u00fej\u00f3nustusamninga.<\/p>\n<p>S\u00edupressa er fl\u00f3kin og hefur marga slithluta og \u00fev\u00ed er reglulegt vi\u00f0hald nau\u00f0synlegt til a\u00f0 tryggja langan l\u00edft\u00edma og mikinn rekstrart\u00edma. Slit sem ekki er laga\u00f0 getur einnig flj\u00f3tt brei\u00f0st \u00fat til annarra hluta og or\u00f0i\u00f0 mun d\u00fdrara m\u00e1l en ella hef\u00f0i veri\u00f0.<\/p>\n<p>&nbsp;<\/p>\n<p><\/div><!-- .section-description --><\/div><!-- .section-title-wrapper --><div class=\"feature-box-wrapper feature-box-style-1 vc_custom_1719341327208 shortcode-rand-3 induzy-inline-css\" data-css=\"&quot;.shortcode-rand-3.feature-box-wrapper {background: -moz-linear-gradient(141deg,  0%,  51%,  75%);\\r\\n\\t\\t\\t\\tbackground: -webkit-linear-gradient(141deg,  0%,  51%,  75%);\\r\\n\\t\\t\\t\\tbackground: linear-gradient(141deg,  0%,  51%,  75%);}.shortcode-rand-3 .feature-box-icon { font-size: 24px; }.shortcode-rand-3 .feature-box-icon { height: 48px; width: 48px; }.shortcode-rand-3 .feature-box-icon &gt; span { line-height: 2; }.shortcode-rand-3:hover .feature-box-icon { background: none; }&quot;\" ><div class=\"feature-box-btn\"><a class=\"btn default\" href=\"https:\/\/www.filtnor.com\/is\/hafdu-samband-vid-okkur\/\" title=\"SENDA FYRIRSPURN \u00bb\">SENDA FYRIRSPURN \u00bb<\/a><\/div><!-- .feature-box-btn --><\/div><!-- .feature-box-wrapper --><\/div><\/div><\/div><div class=\"wpb_column vc_column_container vc_col-sm-12 vc_col-lg-6 vc_col-md-6\"><div class=\"vc_column-inner\"><div class=\"wpb_wrapper\">\n\t<div  class=\"wpb_single_image wpb_content_element vc_align_left wpb_content_element\">\n\t\t\n\t\t<figure class=\"wpb_wrapper vc_figure\">\n\t\t\t<div class=\"vc_single_image-wrapper   vc_box_border_grey\"><img loading=\"lazy\" decoding=\"async\" width=\"1280\" height=\"720\" src=\"https:\/\/www.filtnor.com\/wp-content\/uploads\/2024\/06\/services_maintenances-repairs.jpg\" class=\"vc_single_image-img attachment-full\" alt=\"Vi\u00f0hald og vi\u00f0ger\u00f0ir \u00e1 \u00fer\u00fdstis\u00edum\" title=\"\u00fej\u00f3nusta_vi\u00f0hald-vi\u00f0ger\u00f0ir-01\" srcset=\"https:\/\/www.filtnor.com\/wp-content\/uploads\/2024\/06\/services_maintenances-repairs.jpg 1280w, https:\/\/www.filtnor.com\/wp-content\/uploads\/2024\/06\/services_maintenances-repairs-768x432.jpg 768w, https:\/\/www.filtnor.com\/wp-content\/uploads\/2024\/06\/services_maintenances-repairs-18x10.jpg 18w, https:\/\/www.filtnor.com\/wp-content\/uploads\/2024\/06\/services_maintenances-repairs-600x338.jpg 600w\" sizes=\"auto, (max-width: 1280px) 100vw, 1280px\" \/><\/div>\n\t\t<\/figure>\n\t<\/div>\n<\/div><\/div><\/div><\/div><div class=\"vc_row wpb_row vc_row-fluid vc_custom_1691588774257\"><div class=\"wpb_column vc_column_container vc_col-sm-6\"><div class=\"vc_column-inner\"><div class=\"wpb_wrapper\"><div class=\"section-title-wrapper shortcode-rand-5 induzy-inline-css\" data-css=\"&quot;.shortcode-rand-5 .title-separator.separator-border { background-color: ; }.shortcode-rand-5 .section-title { text-transform: none; }&quot;\"><div class=\"title-wrap\"><h4 class=\"section-title\">Kl\u00e1ra\u00f0u verki\u00f0 r\u00e9tt<\/h4><span class=\"title-separator separator-border theme-color-bg\"><\/span><\/div><!-- .title-wrap --><div class=\"section-description\">Filtnor framkv\u00e6mir sko\u00f0anir \u00e1 s\u00edupressum, hvort sem \u00fe\u00e6r eru stakar e\u00f0a me\u00f0 samkomulagi. Vi\u00f0 getum einnig gert \u00farb\u00e6tur ef \u00fe\u00f6rf krefur. Reynsla okkar og s\u00e9r\u00feekking hj\u00e1lpar okkur a\u00f0 vita hva\u00f0 vi\u00f0 eigum a\u00f0 leita a\u00f0 og getum \u00fev\u00ed fundi\u00f0 galla \u00e1\u00f0ur en \u00feeir ver\u00f0a a\u00f0 st\u00e6rra vandam\u00e1li.<\/p>\n<p>Eftir sko\u00f0unina f\u00e6r\u00f0u sk\u00fdrslu me\u00f0 t\u00e6knilegu \u00e1standi og \u00f6llum r\u00e1\u00f0l\u00f6g\u00f0um a\u00f0ger\u00f0um. Til d\u00e6mis g\u00e6tu veri\u00f0 r\u00e1\u00f0lag\u00f0ar \u00farb\u00e6tur e\u00f0a a\u00f0ger\u00f0ir til a\u00f0 h\u00e1marka ferli\u00f0.<\/p>\n<p>Vi\u00f0 athugum einnig hvort \u00f6llum kr\u00f6fum og regluger\u00f0um HSE s\u00e9 fylgt.<\/div><!-- .section-description --><\/div><!-- .section-title-wrapper --><div class=\"section-title-wrapper shortcode-rand-6 induzy-inline-css\" data-css=\"&quot;.shortcode-rand-6 .title-separator.separator-border { background-color: ; }.shortcode-rand-6 .section-title { text-transform: none; }&quot;\"><div class=\"title-wrap\"><h4 class=\"section-title\">Sko\u00f0unar\u00e1\u00e6tlun<\/h4><span class=\"title-separator separator-border theme-color-bg\"><\/span><\/div><!-- .title-wrap --><div class=\"section-description\">Filtnor framkv\u00e6mir sko\u00f0anir \u00e1 s\u00edupressum, hvort sem \u00fe\u00e6r eru stakar e\u00f0a me\u00f0 samkomulagi. Vi\u00f0 getum einnig gert \u00farb\u00e6tur ef \u00fe\u00f6rf krefur. Reynsla okkar og s\u00e9r\u00feekking hj\u00e1lpar okkur a\u00f0 vita hva\u00f0 vi\u00f0 eigum a\u00f0 leita a\u00f0 og getum \u00fev\u00ed fundi\u00f0 galla \u00e1\u00f0ur en \u00feeir ver\u00f0a a\u00f0 st\u00e6rra vandam\u00e1li.<br \/>\nEftir sko\u00f0unina f\u00e6r\u00f0u sk\u00fdrslu me\u00f0 t\u00e6knilegu \u00e1standi og \u00f6llum r\u00e1\u00f0l\u00f6g\u00f0um a\u00f0ger\u00f0um. Til d\u00e6mis g\u00e6tu veri\u00f0 r\u00e1\u00f0lag\u00f0ar \u00farb\u00e6tur e\u00f0a a\u00f0ger\u00f0ir til a\u00f0 h\u00e1marka ferli\u00f0.<\/p>\n<p>Vi\u00f0 athugum einnig hvort \u00f6llum kr\u00f6fum og regluger\u00f0um HSE s\u00e9 fylgt.<\/p>\n<p>&nbsp;<\/p>\n<p><\/div><!-- .section-description --><\/div><!-- .section-title-wrapper --><\/div><\/div><\/div><div class=\"wpb_column vc_column_container vc_col-sm-6\"><div class=\"vc_column-inner\"><div class=\"wpb_wrapper\"><div class=\"section-title-wrapper margin-bottom-30 shortcode-rand-7 induzy-inline-css\" data-css=\"&quot;.shortcode-rand-7 .title-separator.separator-border { background-color: ; }.shortcode-rand-7 .section-title { text-transform: none; }&quot;\"><div class=\"title-wrap\"><h4 class=\"section-title\">Vi\u00f0 a\u00f0sto\u00f0um vi\u00f0:<\/h4><span class=\"title-separator separator-border theme-color-bg\"><\/span><\/div><!-- .title-wrap --><div class=\"section-description\"><\/div><!-- .section-description --><\/div><!-- .section-title-wrapper --><div class=\"list-item-wrapper\" data-css=\"&quot;&quot;\"><div class=\"list-item-inner\" data-css=\"&quot;&quot;\"><div class=\"list-item-title media\"><span class=\"mr-3 icon-light fas fa-check\"><\/span><div class=\"media-body align-self-center list-item-desc\">Vi\u00f0halds\u00e1\u00e6tlun<\/div><\/div><!-- .list-item-title --><\/div><!-- .list-item-inner --><div class=\"list-item-inner\" data-css=\"&quot;&quot;\"><div class=\"list-item-title media\"><span class=\"mr-3 icon-light fas fa-check\"><\/span><div class=\"media-body align-self-center list-item-desc\">Framkv\u00e6md vi\u00f0halds<\/div><\/div><!-- .list-item-title --><\/div><!-- .list-item-inner --><div class=\"list-item-inner\" data-css=\"&quot;&quot;\"><div class=\"list-item-title media\"><span class=\"mr-3 icon-light fas fa-check\"><\/span><div class=\"media-body align-self-center list-item-desc\">\u00dej\u00e1lfun fyrir daglegt vi\u00f0hald<\/div><\/div><!-- .list-item-title --><\/div><!-- .list-item-inner --><div class=\"list-item-inner\" data-css=\"&quot;&quot;\"><div class=\"list-item-title media\"><span class=\"mr-3 icon-light fas fa-check\"><\/span><div class=\"media-body align-self-center list-item-desc\">Vi\u00f0ger\u00f0ir og uppf\u00e6rslur<\/div><\/div><!-- .list-item-title --><\/div><!-- .list-item-inner --><\/div><!-- .list-item-wrapper -->\n\t<div  class=\"wpb_single_image wpb_content_element vc_align_left wpb_content_element\">\n\t\t\n\t\t<figure class=\"wpb_wrapper vc_figure\">\n\t\t\t<div class=\"vc_single_image-wrapper   vc_box_border_grey\"><img loading=\"lazy\" decoding=\"async\" width=\"1224\" height=\"850\" src=\"https:\/\/www.filtnor.com\/wp-content\/uploads\/2023\/08\/tjenester_inspeksjon_01.png\" class=\"vc_single_image-img attachment-full\" alt=\"\u00der\u00fdstis\u00edu\u00fej\u00f3nusta\" title=\"\u00der\u00fdstis\u00edu\u00fej\u00f3nusta\" srcset=\"https:\/\/www.filtnor.com\/wp-content\/uploads\/2023\/08\/tjenester_inspeksjon_01.png 1224w, https:\/\/www.filtnor.com\/wp-content\/uploads\/2023\/08\/tjenester_inspeksjon_01-600x417.png 600w, https:\/\/www.filtnor.com\/wp-content\/uploads\/2023\/08\/tjenester_inspeksjon_01-768x533.png 768w\" sizes=\"auto, (max-width: 1224px) 100vw, 1224px\" \/><\/div>\n\t\t<\/figure>\n\t<\/div>\n<\/div><\/div><\/div><\/div><div class=\"vc_row wpb_row vc_row-fluid vc_custom_1691587893368\"><div class=\"wpb_column vc_column_container vc_col-sm-12\"><div class=\"vc_column-inner\"><div class=\"wpb_wrapper\"><div class=\"vc_separator wpb_content_element vc_separator_align_center vc_sep_width_100 vc_sep_dashed vc_sep_pos_align_center vc_separator_no_text wpb_content_element  wpb_content_element\" ><span class=\"vc_sep_holder vc_sep_holder_l\"><span class=\"vc_sep_line\"><\/span><\/span><span class=\"vc_sep_holder vc_sep_holder_r\"><span class=\"vc_sep_line\"><\/span><\/span>\n<\/div><\/div><\/div><\/div><\/div><div data-vc-full-width=\"true\" data-vc-full-width-init=\"false\" class=\"vc_row wpb_row vc_row-fluid additional-call-to-action vc_custom_1691588100630 vc_row-has-fill\"><div class=\"wpb_column vc_column_container vc_col-sm-12\"><div class=\"vc_column-inner\"><div class=\"wpb_wrapper\"><div class=\"vc_row wpb_row vc_inner vc_row-fluid\"><div class=\"wpb_column vc_column_container vc_col-sm-12 vc_col-lg-9 vc_col-md-12\"><div class=\"vc_column-inner\"><div class=\"wpb_wrapper\"><div class=\"feature-box-wrapper feature-box-style-1 shortcode-rand-15 induzy-inline-css feature-list-1\" data-css=\"&quot;.shortcode-rand-15.feature-box-wrapper { color: #000000; }.shortcode-rand-15.feature-box-wrapper {background: -moz-linear-gradient(141deg,  0%,  51%,  75%);\\r\\n\\t\\t\\t\\tbackground: -webkit-linear-gradient(141deg,  0%,  51%,  75%);\\r\\n\\t\\t\\t\\tbackground: linear-gradient(141deg,  0%,  51%,  75%);}.shortcode-rand-15 .feature-box-icon { font-size: 30px; }.shortcode-rand-15 .feature-box-icon { height: 60px; width: 60px; }.shortcode-rand-15 .feature-box-icon &gt; span { line-height: 2; }.shortcode-rand-15:hover .feature-box-icon { background: none; }&quot;\" ><div class=\"fbox-list\"><div class=\"media\"><div class=\"feature-box-icon mr-3 text-center rounded-circle none\"><span class=\"\"><\/span><\/div><!-- .feature-box-icon --><div class=\"media-body\"><div class=\"feature-box-title\"><h4 class=\"section-title\">Finnur \u00fe\u00fa ekki \u00fea\u00f0 sem \u00fe\u00fa ert a\u00f0 leita a\u00f0?<\/h4><\/div><!-- .feature-box-title --><div class=\"feature-box-content\">Haf\u00f0u samband vi\u00f0 okkur og vi\u00f0 hj\u00e1lpum \u00fe\u00e9r a\u00f0 finna \u00fea\u00f0 \u00fat!<\/div><!-- .feature-box-content --><\/div><\/div><\/div><\/div><!-- .feature-box-wrapper --><\/div><\/div><\/div><div class=\"wpb_column vc_column_container vc_col-sm-12 vc_col-lg-3 vc_col-md-12\"><div class=\"vc_column-inner vc_custom_1691588352947\"><div class=\"wpb_wrapper\"><div class=\"vc_btn3-container  additional-btn vc_btn3-right vc_custom_1719341269352 vc_do_btn\" ><a style=\"background-color:#06295e; color:#ffffff;\" class=\"vc_general vc_btn3 vc_btn3-size-md vc_btn3-shape-rounded vc_btn3-style-custom\" href=\"https:\/\/www.filtnor.com\/is\/hafdu-samband-vid-okkur\/\" title=\"Haf\u00f0u samband vi\u00f0 okkur\">SENDA FYRIRSPURN \u00bb<\/a><\/div><\/div><\/div><\/div><\/div><\/div><\/div><\/div><\/div><div class=\"vc_row-full-width vc_clearfix\"><\/div>\n<\/div>","protected":false},"excerpt":{"rendered":"Sko\u00f0anir, vi\u00f0hald og vi\u00f0ger\u00f0irFiltnor b\u00fd\u00f0ur upp \u00e1 s\u00edu\u00fej\u00f3nustu eins og t\u00e6knilegar sko\u00f0anir, vi\u00f0hald og vi\u00f0ger\u00f0ir. Vi\u00f0 bj\u00f3\u00f0um einnig upp \u00e1 uppf\u00e6rslur og uppf\u00e6rslur \u00e1 \u00fer\u00fdstis\u00edum \u00fe\u00ednum. Vi\u00f0 h\u00f6fum stuttan vi\u00f0brag\u00f0st\u00edma og stuttan afhendingart\u00edma fyrir varahluti. Vi\u00f0 framkv\u00e6mum b\u00e6\u00f0i einst\u00f6k verkefni og bj\u00f3\u00f0um upp \u00e1 heildar\u00fej\u00f3nustusamninga. S\u00edupressa er fl\u00f3kin og","protected":false},"author":1,"featured_media":0,"parent":4004,"menu_order":0,"comment_status":"closed","ping_status":"closed","template":"","meta":{"om_disable_all_campaigns":false,"footnotes":""},"class_list":["post-4016","page","type-page","status-publish","hentry"],"yoast_head":"<!-- This site is optimized with the Yoast SEO Premium plugin v26.1 (Yoast SEO v27.4) - https:\/\/yoast.com\/product\/yoast-seo-premium-wordpress\/ -->\n<title>Filter service - Filtnor<\/title>\n<meta name=\"description\" content=\"Maintenancen and repairs of filters such as pressure filters, filter presses, tower presses, vacuum disc filter. Short delivery times on parts.\" \/>\n<meta name=\"robots\" content=\"index, follow, max-snippet:-1, max-image-preview:large, max-video-preview:-1\" \/>\n<link rel=\"canonical\" href=\"https:\/\/www.filtnor.com\/is\/thjonustur\/siuthjonusta\/\" \/>\n<meta property=\"og:locale\" content=\"is_IS\" \/>\n<meta property=\"og:type\" content=\"article\" \/>\n<meta property=\"og:title\" content=\"Filter service\" \/>\n<meta property=\"og:description\" content=\"Maintenancen and repairs of filters such as pressure filters, filter presses, tower presses, vacuum disc filter. Short delivery times on parts.\" \/>\n<meta property=\"og:url\" content=\"https:\/\/www.filtnor.com\/is\/thjonustur\/siuthjonusta\/\" \/>\n<meta property=\"og:site_name\" content=\"Filtnor\" \/>\n<meta property=\"article:modified_time\" content=\"2024-12-03T16:57:26+00:00\" \/>\n<meta name=\"twitter:card\" content=\"summary_large_image\" \/>\n<meta name=\"twitter:label1\" content=\"Est. reading time\" \/>\n\t<meta name=\"twitter:data1\" content=\"3 minutes\" \/>\n<script type=\"application\/ld+json\" class=\"yoast-schema-graph\">{\"@context\":\"https:\\\/\\\/schema.org\",\"@graph\":[{\"@type\":\"WebPage\",\"@id\":\"https:\\\/\\\/www.filtnor.com\\\/services\\\/filter-service\\\/\",\"url\":\"https:\\\/\\\/www.filtnor.com\\\/services\\\/filter-service\\\/\",\"name\":\"Filter service - Filtnor\",\"isPartOf\":{\"@id\":\"https:\\\/\\\/www.filtnor.com\\\/#website\"},\"datePublished\":\"2024-03-04T18:47:46+00:00\",\"dateModified\":\"2024-12-03T16:57:26+00:00\",\"description\":\"Maintenancen and repairs of filters such as pressure filters, filter presses, tower presses, vacuum disc filter. Short delivery times on parts.\",\"breadcrumb\":{\"@id\":\"https:\\\/\\\/www.filtnor.com\\\/services\\\/filter-service\\\/#breadcrumb\"},\"inLanguage\":\"is\",\"potentialAction\":[{\"@type\":\"ReadAction\",\"target\":[\"https:\\\/\\\/www.filtnor.com\\\/services\\\/filter-service\\\/\"]}]},{\"@type\":\"BreadcrumbList\",\"@id\":\"https:\\\/\\\/www.filtnor.com\\\/services\\\/filter-service\\\/#breadcrumb\",\"itemListElement\":[{\"@type\":\"ListItem\",\"position\":1,\"name\":\"Home\",\"item\":\"https:\\\/\\\/www.filtnor.com\\\/\"},{\"@type\":\"ListItem\",\"position\":2,\"name\":\"Services from Filtnor\",\"item\":\"https:\\\/\\\/www.filtnor.com\\\/services\\\/\"},{\"@type\":\"ListItem\",\"position\":3,\"name\":\"Filter service\"}]},{\"@type\":\"WebSite\",\"@id\":\"https:\\\/\\\/www.filtnor.com\\\/#website\",\"url\":\"https:\\\/\\\/www.filtnor.com\\\/\",\"name\":\"Filtnor\",\"description\":\"Filtration you can trust. Performance that lasts.\",\"potentialAction\":[{\"@type\":\"SearchAction\",\"target\":{\"@type\":\"EntryPoint\",\"urlTemplate\":\"https:\\\/\\\/www.filtnor.com\\\/?s={search_term_string}\"},\"query-input\":{\"@type\":\"PropertyValueSpecification\",\"valueRequired\":true,\"valueName\":\"search_term_string\"}}],\"inLanguage\":\"is\"}]}<\/script>\n<!-- \/ Yoast SEO Premium plugin. -->","yoast_head_json":{"title":"S\u00edunar\u00fej\u00f3nusta - Filtnor","description":"Vi\u00f0hald og vi\u00f0ger\u00f0ir \u00e1 s\u00edum eins og \u00fer\u00fdstis\u00edum, s\u00edupressum, turnpressum, loftt\u00e6misdisks\u00edum. Stuttur afhendingart\u00edmi \u00e1 varahlutum.","robots":{"index":"index","follow":"follow","max-snippet":"max-snippet:-1","max-image-preview":"max-image-preview:large","max-video-preview":"max-video-preview:-1"},"canonical":"https:\/\/www.filtnor.com\/is\/thjonustur\/siuthjonusta\/","og_locale":"is_IS","og_type":"article","og_title":"Filter service","og_description":"Maintenancen and repairs of filters such as pressure filters, filter presses, tower presses, vacuum disc filter. Short delivery times on parts.","og_url":"https:\/\/www.filtnor.com\/is\/thjonustur\/siuthjonusta\/","og_site_name":"Filtnor","article_modified_time":"2024-12-03T16:57:26+00:00","twitter_card":"summary_large_image","twitter_misc":{"Est. reading time":"3 minutes"},"schema":{"@context":"https:\/\/schema.org","@graph":[{"@type":"WebPage","@id":"https:\/\/www.filtnor.com\/services\/filter-service\/","url":"https:\/\/www.filtnor.com\/services\/filter-service\/","name":"S\u00edunar\u00fej\u00f3nusta - Filtnor","isPartOf":{"@id":"https:\/\/www.filtnor.com\/#website"},"datePublished":"2024-03-04T18:47:46+00:00","dateModified":"2024-12-03T16:57:26+00:00","description":"Vi\u00f0hald og vi\u00f0ger\u00f0ir \u00e1 s\u00edum eins og \u00fer\u00fdstis\u00edum, s\u00edupressum, turnpressum, loftt\u00e6misdisks\u00edum. Stuttur afhendingart\u00edmi \u00e1 varahlutum.","breadcrumb":{"@id":"https:\/\/www.filtnor.com\/services\/filter-service\/#breadcrumb"},"inLanguage":"is","potentialAction":[{"@type":"ReadAction","target":["https:\/\/www.filtnor.com\/services\/filter-service\/"]}]},{"@type":"BreadcrumbList","@id":"https:\/\/www.filtnor.com\/services\/filter-service\/#breadcrumb","itemListElement":[{"@type":"ListItem","position":1,"name":"Home","item":"https:\/\/www.filtnor.com\/"},{"@type":"ListItem","position":2,"name":"Services from Filtnor","item":"https:\/\/www.filtnor.com\/services\/"},{"@type":"ListItem","position":3,"name":"Filter service"}]},{"@type":"WebSite","@id":"https:\/\/www.filtnor.com\/#website","url":"https:\/\/www.filtnor.com\/","name":"Filtnor","description":"S\u00edun sem \u00fe\u00fa getur treyst. Afk\u00f6st sem endast.","potentialAction":[{"@type":"SearchAction","target":{"@type":"EntryPoint","urlTemplate":"https:\/\/www.filtnor.com\/?s={search_term_string}"},"query-input":{"@type":"PropertyValueSpecification","valueRequired":true,"valueName":"search_term_string"}}],"inLanguage":"is"}]}},"_links":{"self":[{"href":"https:\/\/www.filtnor.com\/is\/wp-json\/wp\/v2\/pages\/4016","targetHints":{"allow":["GET"]}}],"collection":[{"href":"https:\/\/www.filtnor.com\/is\/wp-json\/wp\/v2\/pages"}],"about":[{"href":"https:\/\/www.filtnor.com\/is\/wp-json\/wp\/v2\/types\/page"}],"author":[{"embeddable":true,"href":"https:\/\/www.filtnor.com\/is\/wp-json\/wp\/v2\/users\/1"}],"replies":[{"embeddable":true,"href":"https:\/\/www.filtnor.com\/is\/wp-json\/wp\/v2\/comments?post=4016"}],"version-history":[{"count":8,"href":"https:\/\/www.filtnor.com\/is\/wp-json\/wp\/v2\/pages\/4016\/revisions"}],"predecessor-version":[{"id":4710,"href":"https:\/\/www.filtnor.com\/is\/wp-json\/wp\/v2\/pages\/4016\/revisions\/4710"}],"up":[{"embeddable":true,"href":"https:\/\/www.filtnor.com\/is\/wp-json\/wp\/v2\/pages\/4004"}],"wp:attachment":[{"href":"https:\/\/www.filtnor.com\/is\/wp-json\/wp\/v2\/media?parent=4016"}],"curies":[{"name":"wp","href":"https:\/\/api.w.org\/{rel}","templated":true}]}}