{"id":4004,"date":"2024-03-04T09:48:35","date_gmt":"2024-03-04T08:48:35","guid":{"rendered":"https:\/\/www.filtnor.no\/?page_id=4004"},"modified":"2025-02-24T11:22:11","modified_gmt":"2025-02-24T10:22:11","slug":"thjonustur","status":"publish","type":"page","link":"https:\/\/www.filtnor.com\/is\/thjonustur\/","title":{"rendered":"\u00dej\u00f3nusta fr\u00e1 Filtnor"},"content":{"rendered":"<div class=\"wpb-content-wrapper\"><div class=\"vc_row wpb_row vc_row-fluid vc_custom_1709581808595\"><div class=\"wpb_column vc_column_container vc_col-sm-12\"><div class=\"vc_column-inner\"><div class=\"wpb_wrapper\"><div class=\"section-title-wrapper shortcode-rand-2 induzy-inline-css\" data-css=\"&quot;.shortcode-rand-2 .title-separator.separator-border { background-color: ; }.shortcode-rand-2 .section-title { text-transform: none; }&quot;\"><div class=\"title-wrap\"><h4 class=\"section-title\">Okkar <span class=\"title-suffix theme-color\">\u00fej\u00f3nustur<\/span><\/h4><span class=\"title-separator separator-border theme-color-bg\"><\/span><\/div><!-- .title-wrap --><div class=\"section-description\"><\/p>\n<h5>Filtnor er \u00fej\u00f3nustua\u00f0ili fyrir s\u00edunarkerfi og fl\u00e6\u00f0ib\u00fana\u00f0.<\/h5>\n<p><\/div><!-- .section-description --><\/div><!-- .section-title-wrapper --><\/div><\/div><\/div><\/div><div class=\"vc_row wpb_row vc_row-fluid vc_custom_1709405200673\"><div class=\"wpb_column vc_column_container vc_col-sm-12 vc_col-lg-6 vc_col-md-6\"><div class=\"vc_column-inner\"><div class=\"wpb_wrapper\"><div class=\"section-title-wrapper shortcode-rand-4 induzy-inline-css\" data-css=\"&quot;.shortcode-rand-4 .title-separator.separator-border { background-color: ; }.shortcode-rand-4 .section-title { text-transform: none; }&quot;\"><div class=\"title-wrap\"><h2 class=\"section-title\">S\u00edunarpr\u00f3fanir<\/h2><span class=\"title-separator separator-border theme-color-bg\"><\/span><\/div><!-- .title-wrap --><div class=\"section-description\">\u00cdtarleg s\u00edunarpr\u00f3fun \u00e1 eiginleikum le\u00f0junnar og greining \u00e1 s\u00edunarni\u00f0urst\u00f6\u00f0um. \u00deetta getur veri\u00f0 til a\u00f0:<\/p>\n<p>\u2013 Finndu besta s\u00edunarkerfi\u00f0<br \/>\n\u2013 Finndu besta hentuga pressus\u00edud\u00fakinn<br \/>\n\u2013 Breytingar \u00e1 slurry fyrir pr\u00f3fun<br \/>\n\u2013 A\u00f0 f\u00ednstilla n\u00faverandi ferli<\/p>\n<p>S\u00edunarpr\u00f3fanirnar er h\u00e6gt a\u00f0 framkv\u00e6ma b\u00e6\u00f0i \u00e1 ranns\u00f3knarstofu okkar \u00ed Finnlandi e\u00f0a me\u00f0 f\u00e6ranlegum pr\u00f3funarb\u00fana\u00f0i \u00e1 sta\u00f0num.<\/p>\n<p><\/div><!-- .section-description --><\/div><!-- .section-title-wrapper --><div class=\"feature-box-wrapper feature-box-style-1 vc_custom_1733160903285 shortcode-rand-5 induzy-inline-css\" data-css=\"&quot;.shortcode-rand-5.feature-box-wrapper {background: -moz-linear-gradient(141deg,  0%,  51%,  75%);\\r\\n\\t\\t\\t\\tbackground: -webkit-linear-gradient(141deg,  0%,  51%,  75%);\\r\\n\\t\\t\\t\\tbackground: linear-gradient(141deg,  0%,  51%,  75%);}.shortcode-rand-5 .feature-box-icon { font-size: 24px; }.shortcode-rand-5 .feature-box-icon { height: 48px; width: 48px; }.shortcode-rand-5 .feature-box-icon &gt; span { line-height: 2; }.shortcode-rand-5:hover .feature-box-icon { background: none; }&quot;\" ><div class=\"feature-box-btn\"><a class=\"btn default\" href=\"https:\/\/www.filtnor.com\/is\/thjonustur\/siunarprofanir\/\" title=\"FARA \u00cd S\u00cdUNARPR\u00d3FUN \u00bb\">FARA \u00cd S\u00cdUNARPR\u00d3FUN \u00bb<\/a><\/div><!-- .feature-box-btn --><\/div><!-- .feature-box-wrapper --><\/div><\/div><\/div><div class=\"wpb_column vc_column_container vc_col-sm-12 vc_col-lg-6 vc_col-md-6\"><div class=\"vc_column-inner\"><div class=\"wpb_wrapper\">\n\t<div  class=\"wpb_single_image wpb_content_element vc_align_left wpb_content_element\">\n\t\t\n\t\t<figure class=\"wpb_wrapper vc_figure\">\n\t\t\t<div class=\"vc_single_image-wrapper   vc_box_border_grey\"><img loading=\"lazy\" decoding=\"async\" width=\"640\" height=\"360\" src=\"https:\/\/www.filtnor.com\/wp-content\/uploads\/2023\/08\/hjem_filtreringslosninger_forhandstesting.png\" class=\"vc_single_image-img attachment-full\" alt=\"Forhandstesting av filtreringskvaliteten\" title=\"Forhandstesting av filtreringskvaliteten\" srcset=\"https:\/\/www.filtnor.com\/wp-content\/uploads\/2023\/08\/hjem_filtreringslosninger_forhandstesting.png 640w, https:\/\/www.filtnor.com\/wp-content\/uploads\/2023\/08\/hjem_filtreringslosninger_forhandstesting-600x338.png 600w\" sizes=\"auto, (max-width: 640px) 100vw, 640px\" \/><\/div>\n\t\t<\/figure>\n\t<\/div>\n<\/div><\/div><\/div><\/div><div class=\"vc_row wpb_row vc_row-fluid vc_custom_1709405285494\"><div class=\"wpb_column vc_column_container vc_col-sm-12\"><div class=\"vc_column-inner\"><div class=\"wpb_wrapper\"><div class=\"vc_separator wpb_content_element vc_separator_align_center vc_sep_width_100 vc_sep_dashed vc_sep_pos_align_center vc_separator_no_text wpb_content_element  wpb_content_element\" ><span class=\"vc_sep_holder vc_sep_holder_l\"><span class=\"vc_sep_line\"><\/span><\/span><span class=\"vc_sep_holder vc_sep_holder_r\"><span class=\"vc_sep_line\"><\/span><\/span>\n<\/div><\/div><\/div><\/div><\/div><div class=\"vc_row wpb_row vc_row-fluid vc_custom_1709405208930\"><div class=\"wpb_column vc_column_container vc_col-sm-12 vc_col-lg-6 vc_col-md-6\"><div class=\"vc_column-inner\"><div class=\"wpb_wrapper\"><div class=\"section-title-wrapper shortcode-rand-8 induzy-inline-css\" data-css=\"&quot;.shortcode-rand-8 .title-separator.separator-border { background-color: ; }.shortcode-rand-8 .section-title { text-transform: none; }&quot;\"><div class=\"title-wrap\"><h2 class=\"section-title\">S\u00eda \u00fej\u00f3nustu<\/h2><span class=\"title-separator separator-border theme-color-bg\"><\/span><\/div><!-- .title-wrap --><div class=\"section-description\">Vi\u00f0 bj\u00f3\u00f0um upp \u00e1 sko\u00f0anir, vi\u00f0hald og vi\u00f0ger\u00f0ir \u00e1 \u00fer\u00fdstis\u00edum og diskas\u00edum. Vi\u00f0 bj\u00f3\u00f0um einnig upp \u00e1 uppf\u00e6rslur og uppf\u00e6rslur \u00e1 flestum s\u00edum. Vi\u00f0 h\u00f6fum stuttan vi\u00f0brag\u00f0st\u00edma og afhendingart\u00edma fyrir alla varahluti. Vi\u00f0 afhendum b\u00e6\u00f0i einst\u00f6k verkefni og heildar\u00fej\u00f3nustusamninga.<\/p>\n<p><\/div><!-- .section-description --><\/div><!-- .section-title-wrapper --><div class=\"feature-box-wrapper feature-box-style-1 vc_custom_1733160884151 shortcode-rand-9 induzy-inline-css\" data-css=\"&quot;.shortcode-rand-9.feature-box-wrapper {background: -moz-linear-gradient(141deg,  0%,  51%,  75%);\\r\\n\\t\\t\\t\\tbackground: -webkit-linear-gradient(141deg,  0%,  51%,  75%);\\r\\n\\t\\t\\t\\tbackground: linear-gradient(141deg,  0%,  51%,  75%);}.shortcode-rand-9 .feature-box-icon { font-size: 24px; }.shortcode-rand-9 .feature-box-icon { height: 48px; width: 48px; }.shortcode-rand-9 .feature-box-icon &gt; span { line-height: 2; }.shortcode-rand-9:hover .feature-box-icon { background: none; }&quot;\" ><div class=\"feature-box-btn\"><a class=\"btn default\" href=\"https:\/\/www.filtnor.com\/is\/thjonustur\/filter-services\/\" title=\"FARA \u00cd S\u00cdUNAR\u00deJ\u00d3NUSTU \u00bb\">FARA \u00cd S\u00cdUNAR\u00deJ\u00d3NUSTU \u00bb<\/a><\/div><!-- .feature-box-btn --><\/div><!-- .feature-box-wrapper --><\/div><\/div><\/div><div class=\"wpb_column vc_column_container vc_col-sm-12 vc_col-lg-6 vc_col-md-6\"><div class=\"vc_column-inner\"><div class=\"wpb_wrapper\">\n\t<div  class=\"wpb_single_image wpb_content_element vc_align_left wpb_content_element\">\n\t\t\n\t\t<figure class=\"wpb_wrapper vc_figure\">\n\t\t\t<div class=\"vc_single_image-wrapper   vc_box_border_grey\"><img loading=\"lazy\" decoding=\"async\" width=\"1280\" height=\"720\" src=\"https:\/\/www.filtnor.com\/wp-content\/uploads\/2024\/06\/services_maintenances-repairs.jpg\" class=\"vc_single_image-img attachment-full\" alt=\"Vi\u00f0hald og vi\u00f0ger\u00f0ir \u00e1 \u00fer\u00fdstis\u00edum\" title=\"\u00fej\u00f3nusta_vi\u00f0hald-vi\u00f0ger\u00f0ir-01\" srcset=\"https:\/\/www.filtnor.com\/wp-content\/uploads\/2024\/06\/services_maintenances-repairs.jpg 1280w, https:\/\/www.filtnor.com\/wp-content\/uploads\/2024\/06\/services_maintenances-repairs-768x432.jpg 768w, https:\/\/www.filtnor.com\/wp-content\/uploads\/2024\/06\/services_maintenances-repairs-18x10.jpg 18w, https:\/\/www.filtnor.com\/wp-content\/uploads\/2024\/06\/services_maintenances-repairs-600x338.jpg 600w\" sizes=\"auto, (max-width: 1280px) 100vw, 1280px\" \/><\/div>\n\t\t<\/figure>\n\t<\/div>\n<\/div><\/div><\/div><\/div><div class=\"vc_row wpb_row vc_row-fluid vc_custom_1709405285494\"><div class=\"wpb_column vc_column_container vc_col-sm-12\"><div class=\"vc_column-inner\"><div class=\"wpb_wrapper\"><div class=\"vc_separator wpb_content_element vc_separator_align_center vc_sep_width_100 vc_sep_dashed vc_sep_pos_align_center vc_separator_no_text wpb_content_element  wpb_content_element\" ><span class=\"vc_sep_holder vc_sep_holder_l\"><span class=\"vc_sep_line\"><\/span><\/span><span class=\"vc_sep_holder vc_sep_holder_r\"><span class=\"vc_sep_line\"><\/span><\/span>\n<\/div><\/div><\/div><\/div><\/div><div class=\"vc_row wpb_row vc_row-fluid vc_custom_1709405208930\"><div class=\"wpb_column vc_column_container vc_col-sm-12 vc_col-lg-6 vc_col-md-6\"><div class=\"vc_column-inner\"><div class=\"wpb_wrapper\"><div class=\"section-title-wrapper shortcode-rand-12 induzy-inline-css\" data-css=\"&quot;.shortcode-rand-12 .title-separator.separator-border { background-color: ; }.shortcode-rand-12 .section-title { text-transform: none; }&quot;\"><div class=\"title-wrap\"><h2 class=\"section-title\">Notenda\u00fej\u00e1lfun<\/h2><span class=\"title-separator separator-border theme-color-bg\"><\/span><\/div><!-- .title-wrap --><div class=\"section-description\">Filtnor b\u00fd\u00f0ur upp \u00e1 n\u00e1mskei\u00f0 og \u00fej\u00e1lfun fyrir starfsmenn \u00fe\u00edna. Vi\u00f0 getum a\u00f0laga\u00f0 n\u00e1mskei\u00f0in b\u00e6\u00f0i sem kynningu fyrir n\u00fdja starfsmenn e\u00f0a sem upprifjun fyrir n\u00faverandi starfsmenn.<\/p>\n<p>Flest n\u00e1mskei\u00f0 er einnig h\u00e6gt a\u00f0 halda \u00e1 ykkar sta\u00f0.<\/p>\n<p><\/div><!-- .section-description --><\/div><!-- .section-title-wrapper --><div class=\"feature-box-wrapper feature-box-style-1 vc_custom_1733160915470 shortcode-rand-13 induzy-inline-css\" data-css=\"&quot;.shortcode-rand-13.feature-box-wrapper {background: -moz-linear-gradient(141deg,  0%,  51%,  75%);\\r\\n\\t\\t\\t\\tbackground: -webkit-linear-gradient(141deg,  0%,  51%,  75%);\\r\\n\\t\\t\\t\\tbackground: linear-gradient(141deg,  0%,  51%,  75%);}.shortcode-rand-13 .feature-box-icon { font-size: 24px; }.shortcode-rand-13 .feature-box-icon { height: 48px; width: 48px; }.shortcode-rand-13 .feature-box-icon &gt; span { line-height: 2; }.shortcode-rand-13:hover .feature-box-icon { background: none; }&quot;\" ><div class=\"feature-box-btn\"><a class=\"btn default\" href=\"https:\/\/www.filtnor.com\/is\/thjonustur\/thjalfun\/\" title=\"FARA \u00cd \u00c6FINGAR \u00bb\">FARA \u00cd \u00c6FINGAR \u00bb<\/a><\/div><!-- .feature-box-btn --><\/div><!-- .feature-box-wrapper --><\/div><\/div><\/div><div class=\"wpb_column vc_column_container vc_col-sm-12 vc_col-lg-6 vc_col-md-6\"><div class=\"vc_column-inner\"><div class=\"wpb_wrapper\">\n\t<div  class=\"wpb_single_image wpb_content_element vc_align_left wpb_content_element\">\n\t\t\n\t\t<figure class=\"wpb_wrapper vc_figure\">\n\t\t\t<div class=\"vc_single_image-wrapper   vc_box_border_grey\"><img loading=\"lazy\" decoding=\"async\" width=\"1280\" height=\"848\" src=\"https:\/\/www.filtnor.com\/wp-content\/uploads\/2023\/08\/tjenester_kurs.jpg\" class=\"vc_single_image-img attachment-full\" alt=\"Kurs og \u00fej\u00e1lfun fr\u00e1 Filtnor\" title=\"Kurs og \u00fej\u00e1lfun fr\u00e1 Filtnor\" srcset=\"https:\/\/www.filtnor.com\/wp-content\/uploads\/2023\/08\/tjenester_kurs.jpg 1280w, https:\/\/www.filtnor.com\/wp-content\/uploads\/2023\/08\/tjenester_kurs-600x398.jpg 600w, https:\/\/www.filtnor.com\/wp-content\/uploads\/2023\/08\/tjenester_kurs-768x509.jpg 768w\" sizes=\"auto, (max-width: 1280px) 100vw, 1280px\" \/><\/div>\n\t\t<\/figure>\n\t<\/div>\n<\/div><\/div><\/div><\/div><div class=\"vc_row wpb_row vc_row-fluid vc_custom_1709405294469\"><div class=\"wpb_column vc_column_container vc_col-sm-12\"><div class=\"vc_column-inner\"><div class=\"wpb_wrapper\"><div class=\"vc_separator wpb_content_element vc_separator_align_center vc_sep_width_100 vc_sep_dashed vc_sep_pos_align_center vc_separator_no_text wpb_content_element  wpb_content_element\" ><span class=\"vc_sep_holder vc_sep_holder_l\"><span class=\"vc_sep_line\"><\/span><\/span><span class=\"vc_sep_holder vc_sep_holder_r\"><span class=\"vc_sep_line\"><\/span><\/span>\n<\/div><\/div><\/div><\/div><\/div><div class=\"vc_row wpb_row vc_row-fluid vc_custom_1729106548725\"><div class=\"wpb_column vc_column_container vc_col-sm-12 vc_col-lg-6 vc_col-md-6\"><div class=\"vc_column-inner\"><div class=\"wpb_wrapper\"><div class=\"section-title-wrapper shortcode-rand-16 induzy-inline-css\" data-css=\"&quot;.shortcode-rand-16 .title-separator.separator-border { background-color: ; }.shortcode-rand-16 .section-title { text-transform: none; }&quot;\"><div class=\"title-wrap\"><h2 class=\"section-title\">Sko\u00f0anir \u00e1 \u00fatv\u00edkkunarsamskeytum<\/h2><span class=\"title-separator separator-border theme-color-bg\"><\/span><\/div><!-- .title-wrap --><div class=\"section-description\">Vi\u00f0 h\u00f6fum \u00fej\u00f3nustut\u00e6knimenn sem geta komi\u00f0 og sko\u00f0a\u00f0 t\u00e6knilegt \u00e1stand s\u00edupressunnar \u00feinnar. Eftir sko\u00f0unina f\u00e6r vi\u00f0skiptavinurinn sk\u00fdrslu sem skr\u00e1ir t\u00e6knilegt \u00e1stand \u00e1samt r\u00e1\u00f0leggingum um \u00farb\u00e6tur. Sl\u00edkar sko\u00f0anir er h\u00e6gt a\u00f0 panta staka e\u00f0a framkv\u00e6ma me\u00f0 \u00e1kve\u00f0nu millibili.<\/p>\n<p><\/div><!-- .section-description --><\/div><!-- .section-title-wrapper --><div class=\"feature-box-wrapper feature-box-style-1 vc_custom_1733160945691 shortcode-rand-17 induzy-inline-css\" data-css=\"&quot;.shortcode-rand-17.feature-box-wrapper {background: -moz-linear-gradient(141deg,  0%,  51%,  75%);\\r\\n\\t\\t\\t\\tbackground: -webkit-linear-gradient(141deg,  0%,  51%,  75%);\\r\\n\\t\\t\\t\\tbackground: linear-gradient(141deg,  0%,  51%,  75%);}.shortcode-rand-17 .feature-box-icon { font-size: 24px; }.shortcode-rand-17 .feature-box-icon { height: 48px; width: 48px; }.shortcode-rand-17 .feature-box-icon &gt; span { line-height: 2; }.shortcode-rand-17:hover .feature-box-icon { background: none; }&quot;\" ><div class=\"feature-box-btn\"><a class=\"btn default\" href=\"https:\/\/www.filtnor.com\/is\/thjonustur\/skodanir-a-utvikkunarsamskeytum\/\" title=\"FARA \u00c1 SKO\u00d0ANIR \u00c1 \u00daTST\u00c6KJUSAMLEGGJUM \u00bb\">FARA \u00c1 SKO\u00d0ANIR \u00c1 \u00daTST\u00c6KJUSAMLEGGJUM \u00bb<\/a><\/div><!-- .feature-box-btn --><\/div><!-- .feature-box-wrapper --><\/div><\/div><\/div><div class=\"wpb_column vc_column_container vc_col-sm-12 vc_col-lg-6 vc_col-md-6\"><div class=\"vc_column-inner\"><div class=\"wpb_wrapper\">\n\t<div  class=\"wpb_single_image wpb_content_element vc_align_left wpb_content_element\">\n\t\t\n\t\t<figure class=\"wpb_wrapper vc_figure\">\n\t\t\t<div class=\"vc_single_image-wrapper   vc_box_border_grey\"><img loading=\"lazy\" decoding=\"async\" width=\"1280\" height=\"768\" src=\"https:\/\/www.filtnor.com\/wp-content\/uploads\/2024\/06\/products_flow_expansion-joints-01.jpg\" class=\"vc_single_image-img attachment-full\" alt=\"\u00datv\u00edkkunarli\u00f0ir \u00far m\u00e1lmi\" title=\"products_flow_expansion-joints-01\" srcset=\"https:\/\/www.filtnor.com\/wp-content\/uploads\/2024\/06\/products_flow_expansion-joints-01.jpg 1280w, https:\/\/www.filtnor.com\/wp-content\/uploads\/2024\/06\/products_flow_expansion-joints-01-768x461.jpg 768w, https:\/\/www.filtnor.com\/wp-content\/uploads\/2024\/06\/products_flow_expansion-joints-01-18x12.jpg 18w, https:\/\/www.filtnor.com\/wp-content\/uploads\/2024\/06\/products_flow_expansion-joints-01-600x360.jpg 600w\" sizes=\"auto, (max-width: 1280px) 100vw, 1280px\" \/><\/div>\n\t\t<\/figure>\n\t<\/div>\n<\/div><\/div><\/div><\/div><div data-vc-full-width=\"true\" data-vc-full-width-init=\"false\" class=\"vc_row wpb_row vc_row-fluid additional-call-to-action vc_custom_1691588100630 vc_row-has-fill\"><div class=\"wpb_column vc_column_container vc_col-sm-12\"><div class=\"vc_column-inner\"><div class=\"wpb_wrapper\"><div class=\"vc_row wpb_row vc_inner vc_row-fluid\"><div class=\"wpb_column vc_column_container vc_col-sm-12 vc_col-lg-9 vc_col-md-12\"><div class=\"vc_column-inner\"><div class=\"wpb_wrapper\"><div class=\"feature-box-wrapper feature-box-style-1 shortcode-rand-19 induzy-inline-css feature-list-1\" data-css=\"&quot;.shortcode-rand-19.feature-box-wrapper { color: #000000; }.shortcode-rand-19.feature-box-wrapper {background: -moz-linear-gradient(141deg,  0%,  51%,  75%);\\r\\n\\t\\t\\t\\tbackground: -webkit-linear-gradient(141deg,  0%,  51%,  75%);\\r\\n\\t\\t\\t\\tbackground: linear-gradient(141deg,  0%,  51%,  75%);}.shortcode-rand-19 .feature-box-icon { font-size: 30px; }.shortcode-rand-19 .feature-box-icon { height: 60px; width: 60px; }.shortcode-rand-19 .feature-box-icon &gt; span { line-height: 2; }.shortcode-rand-19:hover .feature-box-icon { background: none; }&quot;\" ><div class=\"fbox-list\"><div class=\"media\"><div class=\"feature-box-icon mr-3 text-center rounded-circle none\"><span class=\"\"><\/span><\/div><!-- .feature-box-icon --><div class=\"media-body\"><div class=\"feature-box-title\"><h4 class=\"section-title\">Finnur \u00fe\u00fa ekki \u00fea\u00f0 sem \u00fe\u00fa ert a\u00f0 leita a\u00f0?<\/h4><\/div><!-- .feature-box-title --><div class=\"feature-box-content\">Haf\u00f0u samband vi\u00f0 okkur og vi\u00f0 hj\u00e1lpum \u00fe\u00e9r a\u00f0 finna \u00fea\u00f0 \u00fat!<\/div><!-- .feature-box-content --><\/div><\/div><\/div><\/div><!-- .feature-box-wrapper --><\/div><\/div><\/div><div class=\"wpb_column vc_column_container vc_col-sm-12 vc_col-lg-3 vc_col-md-12\"><div class=\"vc_column-inner vc_custom_1691588352947\"><div class=\"wpb_wrapper\"><div class=\"vc_btn3-container  additional-btn vc_btn3-right vc_custom_1719250021432 vc_do_btn\" ><a style=\"background-color:#06295e; color:#ffffff;\" class=\"vc_general vc_btn3 vc_btn3-size-md vc_btn3-shape-rounded vc_btn3-style-custom\" href=\"https:\/\/www.filtnor.com\/is\/hafdu-samband-vid-okkur\/\" title=\"Haf\u00f0u samband vi\u00f0 okkur\">SENDA FYRIRSPURN \u00bb<\/a><\/div><\/div><\/div><\/div><\/div><\/div><\/div><\/div><\/div><div class=\"vc_row-full-width vc_clearfix\"><\/div>\n<\/div>","protected":false},"excerpt":{"rendered":"\u00dej\u00f3nusta okkar Filtnor er \u00fej\u00f3nustua\u00f0ili fyrir s\u00edunarkerfi og fl\u00e6\u00f0ib\u00fana\u00f0. S\u00edunarpr\u00f3fanir\u00cdtarlegar s\u00edunarpr\u00f3fanir \u00e1 eiginleikum le\u00f0junnar og greining \u00e1 s\u00edunarni\u00f0urst\u00f6\u00f0um. \u00deetta getur veri\u00f0 til a\u00f0: - Finna besta s\u00edunarkerfi\u00f0 - Finna besta pressus\u00edukl\u00fatinn - Forpr\u00f3fa breytingar \u00e1 le\u00f0junni -","protected":false},"author":1,"featured_media":0,"parent":0,"menu_order":0,"comment_status":"closed","ping_status":"closed","template":"","meta":{"om_disable_all_campaigns":false,"footnotes":""},"class_list":["post-4004","page","type-page","status-publish","hentry"],"yoast_head":"<!-- This site is optimized with the Yoast SEO Premium plugin v26.1 (Yoast SEO v27.4) - https:\/\/yoast.com\/product\/yoast-seo-premium-wordpress\/ -->\n<title>Services from Filtnor - Filtnor<\/title>\n<meta name=\"description\" content=\"Pressure filter services such as inspections, maintenance, repairs, filtration testing, expansion join inspections and more from Filtnor.\" \/>\n<meta name=\"robots\" content=\"index, follow, max-snippet:-1, max-image-preview:large, max-video-preview:-1\" \/>\n<link rel=\"canonical\" href=\"https:\/\/www.filtnor.com\/is\/thjonustur\/\" \/>\n<meta property=\"og:locale\" content=\"is_IS\" \/>\n<meta property=\"og:type\" content=\"article\" \/>\n<meta property=\"og:title\" content=\"Services from Filtnor\" \/>\n<meta property=\"og:description\" content=\"Pressure filter services such as inspections, maintenance, repairs, filtration testing, expansion join inspections and more from Filtnor.\" \/>\n<meta property=\"og:url\" content=\"https:\/\/www.filtnor.com\/is\/thjonustur\/\" \/>\n<meta property=\"og:site_name\" content=\"Filtnor\" \/>\n<meta property=\"article:modified_time\" content=\"2025-02-24T10:22:11+00:00\" \/>\n<meta name=\"twitter:card\" content=\"summary_large_image\" \/>\n<meta name=\"twitter:label1\" content=\"Est. reading time\" \/>\n\t<meta name=\"twitter:data1\" content=\"3 minutes\" \/>\n<script type=\"application\/ld+json\" class=\"yoast-schema-graph\">{\"@context\":\"https:\\\/\\\/schema.org\",\"@graph\":[{\"@type\":\"WebPage\",\"@id\":\"https:\\\/\\\/www.filtnor.com\\\/services\\\/\",\"url\":\"https:\\\/\\\/www.filtnor.com\\\/services\\\/\",\"name\":\"Services from Filtnor - Filtnor\",\"isPartOf\":{\"@id\":\"https:\\\/\\\/www.filtnor.com\\\/#website\"},\"datePublished\":\"2024-03-04T08:48:35+00:00\",\"dateModified\":\"2025-02-24T10:22:11+00:00\",\"description\":\"Pressure filter services such as inspections, maintenance, repairs, filtration testing, expansion join inspections and more from Filtnor.\",\"breadcrumb\":{\"@id\":\"https:\\\/\\\/www.filtnor.com\\\/services\\\/#breadcrumb\"},\"inLanguage\":\"is\",\"potentialAction\":[{\"@type\":\"ReadAction\",\"target\":[\"https:\\\/\\\/www.filtnor.com\\\/services\\\/\"]}]},{\"@type\":\"BreadcrumbList\",\"@id\":\"https:\\\/\\\/www.filtnor.com\\\/services\\\/#breadcrumb\",\"itemListElement\":[{\"@type\":\"ListItem\",\"position\":1,\"name\":\"Home\",\"item\":\"https:\\\/\\\/www.filtnor.com\\\/\"},{\"@type\":\"ListItem\",\"position\":2,\"name\":\"Services from Filtnor\"}]},{\"@type\":\"WebSite\",\"@id\":\"https:\\\/\\\/www.filtnor.com\\\/#website\",\"url\":\"https:\\\/\\\/www.filtnor.com\\\/\",\"name\":\"Filtnor\",\"description\":\"Filtration you can trust. Performance that lasts.\",\"potentialAction\":[{\"@type\":\"SearchAction\",\"target\":{\"@type\":\"EntryPoint\",\"urlTemplate\":\"https:\\\/\\\/www.filtnor.com\\\/?s={search_term_string}\"},\"query-input\":{\"@type\":\"PropertyValueSpecification\",\"valueRequired\":true,\"valueName\":\"search_term_string\"}}],\"inLanguage\":\"is\"}]}<\/script>\n<!-- \/ Yoast SEO Premium plugin. -->","yoast_head_json":{"title":"\u00dej\u00f3nusta fr\u00e1 Filtnor - Filtnor","description":"\u00dej\u00f3nusta vi\u00f0 \u00fer\u00fdstis\u00edukerfi eins og sko\u00f0anir, vi\u00f0hald, vi\u00f0ger\u00f0ir, s\u00edunarpr\u00f3fanir, sko\u00f0anir \u00e1 \u00feenslutengingum og fleira fr\u00e1 Filtnor.","robots":{"index":"index","follow":"follow","max-snippet":"max-snippet:-1","max-image-preview":"max-image-preview:large","max-video-preview":"max-video-preview:-1"},"canonical":"https:\/\/www.filtnor.com\/is\/thjonustur\/","og_locale":"is_IS","og_type":"article","og_title":"Services from Filtnor","og_description":"Pressure filter services such as inspections, maintenance, repairs, filtration testing, expansion join inspections and more from Filtnor.","og_url":"https:\/\/www.filtnor.com\/is\/thjonustur\/","og_site_name":"Filtnor","article_modified_time":"2025-02-24T10:22:11+00:00","twitter_card":"summary_large_image","twitter_misc":{"Est. reading time":"3 minutes"},"schema":{"@context":"https:\/\/schema.org","@graph":[{"@type":"WebPage","@id":"https:\/\/www.filtnor.com\/services\/","url":"https:\/\/www.filtnor.com\/services\/","name":"\u00dej\u00f3nusta fr\u00e1 Filtnor - Filtnor","isPartOf":{"@id":"https:\/\/www.filtnor.com\/#website"},"datePublished":"2024-03-04T08:48:35+00:00","dateModified":"2025-02-24T10:22:11+00:00","description":"\u00dej\u00f3nusta vi\u00f0 \u00fer\u00fdstis\u00edukerfi eins og sko\u00f0anir, vi\u00f0hald, vi\u00f0ger\u00f0ir, s\u00edunarpr\u00f3fanir, sko\u00f0anir \u00e1 \u00feenslutengingum og fleira fr\u00e1 Filtnor.","breadcrumb":{"@id":"https:\/\/www.filtnor.com\/services\/#breadcrumb"},"inLanguage":"is","potentialAction":[{"@type":"ReadAction","target":["https:\/\/www.filtnor.com\/services\/"]}]},{"@type":"BreadcrumbList","@id":"https:\/\/www.filtnor.com\/services\/#breadcrumb","itemListElement":[{"@type":"ListItem","position":1,"name":"Home","item":"https:\/\/www.filtnor.com\/"},{"@type":"ListItem","position":2,"name":"Services from Filtnor"}]},{"@type":"WebSite","@id":"https:\/\/www.filtnor.com\/#website","url":"https:\/\/www.filtnor.com\/","name":"Filtnor","description":"S\u00edun sem \u00fe\u00fa getur treyst. Afk\u00f6st sem endast.","potentialAction":[{"@type":"SearchAction","target":{"@type":"EntryPoint","urlTemplate":"https:\/\/www.filtnor.com\/?s={search_term_string}"},"query-input":{"@type":"PropertyValueSpecification","valueRequired":true,"valueName":"search_term_string"}}],"inLanguage":"is"}]}},"_links":{"self":[{"href":"https:\/\/www.filtnor.com\/is\/wp-json\/wp\/v2\/pages\/4004","targetHints":{"allow":["GET"]}}],"collection":[{"href":"https:\/\/www.filtnor.com\/is\/wp-json\/wp\/v2\/pages"}],"about":[{"href":"https:\/\/www.filtnor.com\/is\/wp-json\/wp\/v2\/types\/page"}],"author":[{"embeddable":true,"href":"https:\/\/www.filtnor.com\/is\/wp-json\/wp\/v2\/users\/1"}],"replies":[{"embeddable":true,"href":"https:\/\/www.filtnor.com\/is\/wp-json\/wp\/v2\/comments?post=4004"}],"version-history":[{"count":10,"href":"https:\/\/www.filtnor.com\/is\/wp-json\/wp\/v2\/pages\/4004\/revisions"}],"predecessor-version":[{"id":5793,"href":"https:\/\/www.filtnor.com\/is\/wp-json\/wp\/v2\/pages\/4004\/revisions\/5793"}],"wp:attachment":[{"href":"https:\/\/www.filtnor.com\/is\/wp-json\/wp\/v2\/media?parent=4004"}],"curies":[{"name":"wp","href":"https:\/\/api.w.org\/{rel}","templated":true}]}}