{"id":3996,"date":"2024-03-03T19:39:53","date_gmt":"2024-03-03T18:39:53","guid":{"rendered":"https:\/\/www.filtnor.no\/?page_id=3996"},"modified":"2025-05-12T20:07:26","modified_gmt":"2025-05-12T18:07:26","slug":"vatnsmedferd","status":"publish","type":"page","link":"https:\/\/www.filtnor.com\/is\/vorur\/vatnsmedferd\/","title":{"rendered":"Vatnsme\u00f0fer\u00f0"},"content":{"rendered":"<div class=\"wpb-content-wrapper\"><div class=\"vc_row wpb_row vc_row-fluid vc_custom_1709489854154\"><div class=\"wpb_column vc_column_container vc_col-sm-12\"><div class=\"vc_column-inner\"><div class=\"wpb_wrapper\"><div class=\"section-title-wrapper shortcode-rand-2 induzy-inline-css\" data-css=\"&quot;.shortcode-rand-2 .title-separator.separator-border { background-color: ; }.shortcode-rand-2 .section-title { text-transform: none; }&quot;\"><div class=\"title-wrap\"><h4 class=\"section-title\">Vatn <span class=\"title-suffix theme-color\">me\u00f0fer\u00f0<\/span><\/h4><span class=\"title-separator separator-border theme-color-bg\"><\/span><\/div><!-- .title-wrap --><div class=\"section-description\">Filtnor b\u00fd\u00f0ur upp \u00e1 \u00fdmsar lausnir fyrir vatnshreinsun, svo sem h\u00e1\u00fer\u00f3a\u00f0a vatnshreinsun me\u00f0 plasma- og vatnsloftunart\u00e6kjum.<\/div><!-- .section-description --><\/div><!-- .section-title-wrapper --><\/div><\/div><\/div><\/div><div class=\"vc_row wpb_row vc_row-fluid vc_custom_1709405342198\"><div class=\"wpb_column vc_column_container vc_col-sm-12 vc_col-lg-6 vc_col-md-6\"><div class=\"vc_column-inner\"><div class=\"wpb_wrapper\"><div class=\"section-title-wrapper shortcode-rand-4 induzy-inline-css\" data-css=\"&quot;.shortcode-rand-4 .title-separator.separator-border { background-color: ; }.shortcode-rand-4 .section-title { text-transform: none; }&quot;\"><div class=\"title-wrap\"><h2 class=\"section-title\">VuOxi <span class=\"title-suffix theme-color\">Yfirbor\u00f0sloftari fyrir t\u00farb\u00ednu<\/span><\/h2><span class=\"title-separator separator-border theme-color-bg\"><\/span><\/div><!-- .title-wrap --><div class=\"section-description\">VuOxi flj\u00f3tandi loftari er t\u00farb\u00ednulaga yfirbor\u00f0sloftari fyrir s\u00farefnisb\u00e6ttingu vatns. \u00deessi vatnsloftari krefst l\u00edtillar fj\u00e1rfestingar og hefur litla orkunotkun. Hann hefur veri\u00f0 s\u00e9rstaklega \u00fer\u00f3a\u00f0ur til me\u00f0h\u00f6ndlunar \u00e1 i\u00f0na\u00f0ar- og sveitarf\u00e9lagssk\u00f3lpi, \u00fear sem hann flytur og b\u00e6tir s\u00farefni vi\u00f0 vatni\u00f0 \u00e1 \u00e1hrifar\u00edkan h\u00e1tt \u00e1n \u00feess a\u00f0 valda lykt.<\/p>\n<p>VuOxi flj\u00f3tandi loftari er h\u00e6gt a\u00f0 afhenda sem snjallvara me\u00f0 fullkomlega sj\u00e1lfvirku kerfi sem a\u00f0lagast ferlinu.<\/div><!-- .section-description --><\/div><!-- .section-title-wrapper --><div class=\"feature-box-wrapper feature-box-style-1 vc_custom_1725384984599 shortcode-rand-5 induzy-inline-css\" data-css=\"&quot;.shortcode-rand-5.feature-box-wrapper {background: -moz-linear-gradient(141deg,  0%,  51%,  75%);\\r\\n\\t\\t\\t\\tbackground: -webkit-linear-gradient(141deg,  0%,  51%,  75%);\\r\\n\\t\\t\\t\\tbackground: linear-gradient(141deg,  0%,  51%,  75%);}.shortcode-rand-5 .feature-box-icon { font-size: 24px; }.shortcode-rand-5 .feature-box-icon { height: 48px; width: 48px; }.shortcode-rand-5 .feature-box-icon &gt; span { line-height: 2; }.shortcode-rand-5:hover .feature-box-icon { background: none; }&quot;\" ><div class=\"feature-box-btn\"><a class=\"btn default\" href=\"https:\/\/www.filtnor.com\/is\/vorur\/vatnsmedferd\/yfirbordsloftari-fyrir-turbinu\/\" title=\"LESA MEIRA \u00bb\">LESA MEIRA \u00bb<\/a><\/div><!-- .feature-box-btn --><\/div><!-- .feature-box-wrapper --><\/div><\/div><\/div><div class=\"wpb_column vc_column_container vc_col-sm-12 vc_col-lg-6 vc_col-md-6\"><div class=\"vc_column-inner\"><div class=\"wpb_wrapper\">\n\t<div  class=\"wpb_single_image wpb_content_element vc_align_left wpb_content_element\">\n\t\t\n\t\t<figure class=\"wpb_wrapper vc_figure\">\n\t\t\t<div class=\"vc_single_image-wrapper   vc_box_border_grey\"><img loading=\"lazy\" decoding=\"async\" width=\"628\" height=\"459\" src=\"https:\/\/www.filtnor.com\/wp-content\/uploads\/2023\/09\/produkter_roxia-floating-aerato_01.png\" class=\"vc_single_image-img attachment-full\" alt=\"Roxia t\u00farb\u00ednu yfirbor\u00f0sloftari\" title=\"Roxia flj\u00f3tandi loftari t\u00farb\u00ednuofnloftari\" srcset=\"https:\/\/www.filtnor.com\/wp-content\/uploads\/2023\/09\/produkter_roxia-floating-aerato_01.png 628w, https:\/\/www.filtnor.com\/wp-content\/uploads\/2023\/09\/produkter_roxia-floating-aerato_01-600x439.png 600w\" sizes=\"auto, (max-width: 628px) 100vw, 628px\" \/><\/div>\n\t\t<\/figure>\n\t<\/div>\n<\/div><\/div><\/div><\/div><div class=\"vc_row wpb_row vc_row-fluid vc_custom_1709405274198\"><div class=\"wpb_column vc_column_container vc_col-sm-12\"><div class=\"vc_column-inner\"><div class=\"wpb_wrapper\"><div class=\"vc_separator wpb_content_element vc_separator_align_center vc_sep_width_100 vc_sep_dashed vc_sep_pos_align_center vc_separator_no_text wpb_content_element  wpb_content_element\" ><span class=\"vc_sep_holder vc_sep_holder_l\"><span class=\"vc_sep_line\"><\/span><\/span><span class=\"vc_sep_holder vc_sep_holder_r\"><span class=\"vc_sep_line\"><\/span><\/span>\n<\/div><\/div><\/div><\/div><\/div><div class=\"vc_row wpb_row vc_row-fluid vc_custom_1709405200673\"><div class=\"wpb_column vc_column_container vc_col-sm-12 vc_col-lg-6 vc_col-md-6\"><div class=\"vc_column-inner\"><div class=\"wpb_wrapper\"><div class=\"section-title-wrapper shortcode-rand-8 induzy-inline-css\" data-css=\"&quot;.shortcode-rand-8 .title-separator.separator-border { background-color: ; }.shortcode-rand-8 .section-title { text-transform: none; }&quot;\"><div class=\"title-wrap\"><h2 class=\"section-title\">VuOxi <span class=\"title-suffix theme-color\">Plasmaoxunarefni<\/span><\/h2><span class=\"title-separator separator-border theme-color-bg\"><\/span><\/div><!-- .title-wrap --><div class=\"section-description\">Mj\u00f6g \u00e1hrifar\u00edk og efnalaus vatnshreinsun bygg\u00f0 \u00e1 hitalausri plasmat\u00e6kni. Vatnshreinsunin fer fram me\u00f0 plasmamyndu\u00f0um oxunarefnum sem fjarl\u00e6gja \u00e1 \u00e1hrifar\u00edkan h\u00e1tt lit, lykt og l\u00edfr\u00e6nar leifar \u00e1 sama t\u00edma og vatni\u00f0 er s\u00f3tthreinsa\u00f0. Ferli\u00f0 er orkusparandi og sj\u00e1lfvirkt og \u00feetta gerir \u00fea\u00f0 a\u00f0 fr\u00e1b\u00e6rum valkosti vi\u00f0 \u00f3son-, \u00fatfj\u00f3lubl\u00e1a og efname\u00f0fer\u00f0.<\/p>\n<p>VuOxi Plasma Ozidizer er mj\u00f6g \u00e1hrifar\u00edkur til a\u00f0 fjarl\u00e6gja lyf og s\u00fdklalyfja\u00f3n\u00e6mar bakter\u00edur \u00far sk\u00f3lpi og \u00fev\u00ed vel til \u00feess fallinn a\u00f0 hreinsa sk\u00f3lp fr\u00e1 sj\u00fakrah\u00fasum og hj\u00fakrunarheimilum \u00e1\u00f0ur en vatni\u00f0 er leitt \u00fat \u00ed fr\u00e1veitukerfi sveitarf\u00e9lagsins.<\/p>\n<p>Fullkomi\u00f0 og umhverfisv\u00e6nt valkost vi\u00f0 \u00f3son og \u00fatfj\u00f3lubl\u00e1a geislun, sem kemur \u00ed veg fyrir flutning og me\u00f0h\u00f6ndlun h\u00e6ttulegra efna.<\/div><!-- .section-description --><\/div><!-- .section-title-wrapper --><div class=\"feature-box-wrapper feature-box-style-1 vc_custom_1725384999912 shortcode-rand-9 induzy-inline-css\" data-css=\"&quot;.shortcode-rand-9.feature-box-wrapper {background: -moz-linear-gradient(141deg,  0%,  51%,  75%);\\r\\n\\t\\t\\t\\tbackground: -webkit-linear-gradient(141deg,  0%,  51%,  75%);\\r\\n\\t\\t\\t\\tbackground: linear-gradient(141deg,  0%,  51%,  75%);}.shortcode-rand-9 .feature-box-icon { font-size: 24px; }.shortcode-rand-9 .feature-box-icon { height: 48px; width: 48px; }.shortcode-rand-9 .feature-box-icon &gt; span { line-height: 2; }.shortcode-rand-9:hover .feature-box-icon { background: none; }&quot;\" ><div class=\"feature-box-btn\"><a class=\"btn default\" href=\"https:\/\/www.filtnor.com\/is\/vorur\/vatnsmedferd\/plasmaoxunarefni\/\" title=\"LESA MEIRA \u00bb\">LESA MEIRA \u00bb<\/a><\/div><!-- .feature-box-btn --><\/div><!-- .feature-box-wrapper --><\/div><\/div><\/div><div class=\"wpb_column vc_column_container vc_col-sm-12 vc_col-lg-6 vc_col-md-6\"><div class=\"vc_column-inner\"><div class=\"wpb_wrapper\">\n\t<div  class=\"wpb_single_image wpb_content_element vc_align_left wpb_content_element\">\n\t\t\n\t\t<figure class=\"wpb_wrapper vc_figure\">\n\t\t\t<div class=\"vc_single_image-wrapper   vc_box_border_grey\"><img loading=\"lazy\" decoding=\"async\" width=\"800\" height=\"640\" src=\"https:\/\/www.filtnor.com\/wp-content\/uploads\/2025\/05\/products_water-treatment_plasma-oxidizer-003.png\" class=\"vc_single_image-img attachment-full\" alt=\"Vuoxi plasmaoxunarefni\" title=\"products_water-treating_plasma-oxidizer-003\" srcset=\"https:\/\/www.filtnor.com\/wp-content\/uploads\/2025\/05\/products_water-treatment_plasma-oxidizer-003.png 800w, https:\/\/www.filtnor.com\/wp-content\/uploads\/2025\/05\/products_water-treatment_plasma-oxidizer-003-768x614.png 768w, https:\/\/www.filtnor.com\/wp-content\/uploads\/2025\/05\/products_water-treatment_plasma-oxidizer-003-15x12.png 15w, https:\/\/www.filtnor.com\/wp-content\/uploads\/2025\/05\/products_water-treatment_plasma-oxidizer-003-600x480.png 600w\" sizes=\"auto, (max-width: 800px) 100vw, 800px\" \/><\/div>\n\t\t<\/figure>\n\t<\/div>\n<\/div><\/div><\/div><\/div><div class=\"vc_row wpb_row vc_row-fluid vc_custom_1691587893368\"><div class=\"wpb_column vc_column_container vc_col-sm-12\"><div class=\"vc_column-inner\"><div class=\"wpb_wrapper\"><div class=\"vc_separator wpb_content_element vc_separator_align_center vc_sep_width_100 vc_sep_dashed vc_sep_pos_align_center vc_separator_no_text wpb_content_element  wpb_content_element\" ><span class=\"vc_sep_holder vc_sep_holder_l\"><span class=\"vc_sep_line\"><\/span><\/span><span class=\"vc_sep_holder vc_sep_holder_r\"><span class=\"vc_sep_line\"><\/span><\/span>\n<\/div><\/div><\/div><\/div><\/div><div data-vc-full-width=\"true\" data-vc-full-width-init=\"false\" class=\"vc_row wpb_row vc_row-fluid additional-call-to-action vc_custom_1691588100630 vc_row-has-fill\"><div class=\"wpb_column vc_column_container vc_col-sm-12\"><div class=\"vc_column-inner\"><div class=\"wpb_wrapper\"><div class=\"vc_row wpb_row vc_inner vc_row-fluid\"><div class=\"wpb_column vc_column_container vc_col-sm-12 vc_col-lg-9 vc_col-md-12\"><div class=\"vc_column-inner\"><div class=\"wpb_wrapper\"><div class=\"feature-box-wrapper feature-box-style-1 shortcode-rand-12 induzy-inline-css feature-list-1\" data-css=\"&quot;.shortcode-rand-12.feature-box-wrapper { color: #000000; }.shortcode-rand-12.feature-box-wrapper {background: -moz-linear-gradient(141deg,  0%,  51%,  75%);\\r\\n\\t\\t\\t\\tbackground: -webkit-linear-gradient(141deg,  0%,  51%,  75%);\\r\\n\\t\\t\\t\\tbackground: linear-gradient(141deg,  0%,  51%,  75%);}.shortcode-rand-12 .feature-box-icon { font-size: 30px; }.shortcode-rand-12 .feature-box-icon { height: 60px; width: 60px; }.shortcode-rand-12 .feature-box-icon &gt; span { line-height: 2; }.shortcode-rand-12:hover .feature-box-icon { background: none; }&quot;\" ><div class=\"fbox-list\"><div class=\"media\"><div class=\"feature-box-icon mr-3 text-center rounded-circle none\"><span class=\"\"><\/span><\/div><!-- .feature-box-icon --><div class=\"media-body\"><div class=\"feature-box-title\"><h4 class=\"section-title\">Finnur \u00fe\u00fa ekki \u00fea\u00f0 sem \u00fe\u00fa ert a\u00f0 leita a\u00f0?<\/h4><\/div><!-- .feature-box-title --><div class=\"feature-box-content\">Haf\u00f0u samband vi\u00f0 okkur og vi\u00f0 hj\u00e1lpum \u00fe\u00e9r a\u00f0 finna \u00fea\u00f0 \u00fat!<\/div><!-- .feature-box-content --><\/div><\/div><\/div><\/div><!-- .feature-box-wrapper --><\/div><\/div><\/div><div class=\"wpb_column vc_column_container vc_col-sm-12 vc_col-lg-3 vc_col-md-12\"><div class=\"vc_column-inner vc_custom_1691588352947\"><div class=\"wpb_wrapper\"><div class=\"vc_btn3-container  additional-btn vc_btn3-right vc_custom_1719170661818 vc_do_btn\" ><a style=\"background-color:#06295e; color:#ffffff;\" class=\"vc_general vc_btn3 vc_btn3-size-md vc_btn3-shape-rounded vc_btn3-style-custom\" href=\"https:\/\/www.filtnor.com\/is\/hafdu-samband-vid-okkur\/\" title=\"Haf\u00f0u samband vi\u00f0 okkur\">SENDA FYRIRSPURN \u00bb<\/a><\/div><\/div><\/div><\/div><\/div><\/div><\/div><\/div><\/div><div class=\"vc_row-full-width vc_clearfix\"><\/div>\n<\/div>","protected":false},"excerpt":{"rendered":"VatnshreinsunFiltnor b\u00fd\u00f0ur upp \u00e1 \u00fdmsar lausnir fyrir vatnshreinsun, svo sem h\u00e1\u00fer\u00f3a\u00f0a vatnshreinsun me\u00f0 plasma- og vatnslofturum.VuOxi t\u00farb\u00ednuyfirbor\u00f0sloftariVuOxi flj\u00f3tandi loftari er t\u00farb\u00ednuyfirbor\u00f0sloftari fyrir s\u00farefnisb\u00e6tt vatn. \u00deessi vatnsloftari krefst l\u00edtillar fj\u00e1rfestingar og hefur litla orkunotkun. Hann hefur veri\u00f0 s\u00e9rstaklega \u00fer\u00f3a\u00f0ur fyrir me\u00f0h\u00f6ndlun i\u00f0na\u00f0ar- og sveitarf\u00e9laga.","protected":false},"author":1,"featured_media":0,"parent":3954,"menu_order":0,"comment_status":"closed","ping_status":"closed","template":"","meta":{"om_disable_all_campaigns":false,"footnotes":""},"class_list":["post-3996","page","type-page","status-publish","hentry"],"yoast_head":"<!-- This site is optimized with the Yoast SEO Premium plugin v26.1 (Yoast SEO v27.4) - https:\/\/yoast.com\/product\/yoast-seo-premium-wordpress\/ -->\n<title>Water treatment - Filtnor<\/title>\n<meta name=\"description\" content=\"Water treatment such as water aerators and turbine surface aerators for cleaning and oxygenation of water and plasma water purification.\" \/>\n<meta name=\"robots\" content=\"index, follow, max-snippet:-1, max-image-preview:large, max-video-preview:-1\" \/>\n<link rel=\"canonical\" href=\"https:\/\/www.filtnor.com\/is\/vorur\/vatnsmedferd\/\" \/>\n<meta property=\"og:locale\" content=\"is_IS\" \/>\n<meta property=\"og:type\" content=\"article\" \/>\n<meta property=\"og:title\" content=\"Water treatment\" \/>\n<meta property=\"og:description\" content=\"Water treatment such as water aerators and turbine surface aerators for cleaning and oxygenation of water and plasma water purification.\" \/>\n<meta property=\"og:url\" content=\"https:\/\/www.filtnor.com\/is\/vorur\/vatnsmedferd\/\" \/>\n<meta property=\"og:site_name\" content=\"Filtnor\" \/>\n<meta property=\"article:modified_time\" content=\"2025-05-12T18:07:26+00:00\" \/>\n<meta name=\"twitter:card\" content=\"summary_large_image\" \/>\n<meta name=\"twitter:label1\" content=\"Est. reading time\" \/>\n\t<meta name=\"twitter:data1\" content=\"2 minutes\" \/>\n<script type=\"application\/ld+json\" class=\"yoast-schema-graph\">{\"@context\":\"https:\\\/\\\/schema.org\",\"@graph\":[{\"@type\":\"WebPage\",\"@id\":\"https:\\\/\\\/www.filtnor.com\\\/products\\\/water-treatment\\\/\",\"url\":\"https:\\\/\\\/www.filtnor.com\\\/products\\\/water-treatment\\\/\",\"name\":\"Water treatment - Filtnor\",\"isPartOf\":{\"@id\":\"https:\\\/\\\/www.filtnor.com\\\/#website\"},\"datePublished\":\"2024-03-03T18:39:53+00:00\",\"dateModified\":\"2025-05-12T18:07:26+00:00\",\"description\":\"Water treatment such as water aerators and turbine surface aerators for cleaning and oxygenation of water and plasma water purification.\",\"breadcrumb\":{\"@id\":\"https:\\\/\\\/www.filtnor.com\\\/products\\\/water-treatment\\\/#breadcrumb\"},\"inLanguage\":\"is\",\"potentialAction\":[{\"@type\":\"ReadAction\",\"target\":[\"https:\\\/\\\/www.filtnor.com\\\/products\\\/water-treatment\\\/\"]}]},{\"@type\":\"BreadcrumbList\",\"@id\":\"https:\\\/\\\/www.filtnor.com\\\/products\\\/water-treatment\\\/#breadcrumb\",\"itemListElement\":[{\"@type\":\"ListItem\",\"position\":1,\"name\":\"Home\",\"item\":\"https:\\\/\\\/www.filtnor.com\\\/\"},{\"@type\":\"ListItem\",\"position\":2,\"name\":\"Product groups from Filtnor\",\"item\":\"https:\\\/\\\/www.filtnor.com\\\/products\\\/\"},{\"@type\":\"ListItem\",\"position\":3,\"name\":\"Water treatment\"}]},{\"@type\":\"WebSite\",\"@id\":\"https:\\\/\\\/www.filtnor.com\\\/#website\",\"url\":\"https:\\\/\\\/www.filtnor.com\\\/\",\"name\":\"Filtnor\",\"description\":\"Filtration you can trust. Performance that lasts.\",\"potentialAction\":[{\"@type\":\"SearchAction\",\"target\":{\"@type\":\"EntryPoint\",\"urlTemplate\":\"https:\\\/\\\/www.filtnor.com\\\/?s={search_term_string}\"},\"query-input\":{\"@type\":\"PropertyValueSpecification\",\"valueRequired\":true,\"valueName\":\"search_term_string\"}}],\"inLanguage\":\"is\"}]}<\/script>\n<!-- \/ Yoast SEO Premium plugin. -->","yoast_head_json":{"title":"Vatnshreinsun - Filtnor","description":"Vatnshreinsun eins og vatnsloftarar og t\u00farb\u00ednuloftarar til a\u00f0 hreinsa og s\u00farefnismetta vatn og plasmahreinsun vatns.","robots":{"index":"index","follow":"follow","max-snippet":"max-snippet:-1","max-image-preview":"max-image-preview:large","max-video-preview":"max-video-preview:-1"},"canonical":"https:\/\/www.filtnor.com\/is\/vorur\/vatnsmedferd\/","og_locale":"is_IS","og_type":"article","og_title":"Water treatment","og_description":"Water treatment such as water aerators and turbine surface aerators for cleaning and oxygenation of water and plasma water purification.","og_url":"https:\/\/www.filtnor.com\/is\/vorur\/vatnsmedferd\/","og_site_name":"Filtnor","article_modified_time":"2025-05-12T18:07:26+00:00","twitter_card":"summary_large_image","twitter_misc":{"Est. reading time":"2 minutes"},"schema":{"@context":"https:\/\/schema.org","@graph":[{"@type":"WebPage","@id":"https:\/\/www.filtnor.com\/products\/water-treatment\/","url":"https:\/\/www.filtnor.com\/products\/water-treatment\/","name":"Vatnshreinsun - Filtnor","isPartOf":{"@id":"https:\/\/www.filtnor.com\/#website"},"datePublished":"2024-03-03T18:39:53+00:00","dateModified":"2025-05-12T18:07:26+00:00","description":"Vatnshreinsun eins og vatnsloftarar og t\u00farb\u00ednuloftarar til a\u00f0 hreinsa og s\u00farefnismetta vatn og plasmahreinsun vatns.","breadcrumb":{"@id":"https:\/\/www.filtnor.com\/products\/water-treatment\/#breadcrumb"},"inLanguage":"is","potentialAction":[{"@type":"ReadAction","target":["https:\/\/www.filtnor.com\/products\/water-treatment\/"]}]},{"@type":"BreadcrumbList","@id":"https:\/\/www.filtnor.com\/products\/water-treatment\/#breadcrumb","itemListElement":[{"@type":"ListItem","position":1,"name":"Home","item":"https:\/\/www.filtnor.com\/"},{"@type":"ListItem","position":2,"name":"Product groups from Filtnor","item":"https:\/\/www.filtnor.com\/products\/"},{"@type":"ListItem","position":3,"name":"Water treatment"}]},{"@type":"WebSite","@id":"https:\/\/www.filtnor.com\/#website","url":"https:\/\/www.filtnor.com\/","name":"Filtnor","description":"S\u00edun sem \u00fe\u00fa getur treyst. Afk\u00f6st sem endast.","potentialAction":[{"@type":"SearchAction","target":{"@type":"EntryPoint","urlTemplate":"https:\/\/www.filtnor.com\/?s={search_term_string}"},"query-input":{"@type":"PropertyValueSpecification","valueRequired":true,"valueName":"search_term_string"}}],"inLanguage":"is"}]}},"_links":{"self":[{"href":"https:\/\/www.filtnor.com\/is\/wp-json\/wp\/v2\/pages\/3996","targetHints":{"allow":["GET"]}}],"collection":[{"href":"https:\/\/www.filtnor.com\/is\/wp-json\/wp\/v2\/pages"}],"about":[{"href":"https:\/\/www.filtnor.com\/is\/wp-json\/wp\/v2\/types\/page"}],"author":[{"embeddable":true,"href":"https:\/\/www.filtnor.com\/is\/wp-json\/wp\/v2\/users\/1"}],"replies":[{"embeddable":true,"href":"https:\/\/www.filtnor.com\/is\/wp-json\/wp\/v2\/comments?post=3996"}],"version-history":[{"count":10,"href":"https:\/\/www.filtnor.com\/is\/wp-json\/wp\/v2\/pages\/3996\/revisions"}],"predecessor-version":[{"id":6088,"href":"https:\/\/www.filtnor.com\/is\/wp-json\/wp\/v2\/pages\/3996\/revisions\/6088"}],"up":[{"embeddable":true,"href":"https:\/\/www.filtnor.com\/is\/wp-json\/wp\/v2\/pages\/3954"}],"wp:attachment":[{"href":"https:\/\/www.filtnor.com\/is\/wp-json\/wp\/v2\/media?parent=3996"}],"curies":[{"name":"wp","href":"https:\/\/api.w.org\/{rel}","templated":true}]}}