{"id":3982,"date":"2024-03-03T19:26:20","date_gmt":"2024-03-03T18:26:20","guid":{"rendered":"https:\/\/www.filtnor.no\/?page_id=3982"},"modified":"2025-06-12T15:39:16","modified_gmt":"2025-06-12T13:39:16","slug":"thrystisiudukar","status":"publish","type":"page","link":"https:\/\/www.filtnor.com\/is\/vorur\/siun\/siuefni\/thrystisiudukar\/","title":{"rendered":"\u00der\u00fdstis\u00edud\u00fakar"},"content":{"rendered":"<div class=\"wpb-content-wrapper\"><div class=\"vc_row wpb_row vc_row-fluid vc_custom_1709489854154\"><div class=\"wpb_column vc_column_container vc_col-sm-12\"><div class=\"vc_column-inner\"><div class=\"wpb_wrapper\"><div class=\"section-title-wrapper shortcode-rand-2 induzy-inline-css\" data-css=\"&quot;.shortcode-rand-2 .title-separator.separator-border { background-color: ; }.shortcode-rand-2 .section-title { text-transform: none; }&quot;\"><div class=\"title-wrap\"><h4 class=\"section-title\">S\u00edukl\u00fatar <span class=\"title-suffix theme-color\">fyrir \u00fer\u00fdstis\u00edur<\/span><\/h4><span class=\"title-separator separator-border theme-color-bg\"><\/span><\/div><!-- .title-wrap --><div class=\"section-description\">S\u00edukl\u00fatar af h\u00e6sta g\u00e6\u00f0aflokki fyrir s\u00edupressur, turnpressur og a\u00f0rar pressus\u00edur. Pressus\u00edukl\u00fatarnir okkar eru framleiddir me\u00f0 n\u00fdjustu t\u00e6kni, sem veitir h\u00e6rri g\u00e6\u00f0i kl\u00fatsins en \u00e1\u00f0ur hefur veri\u00f0 m\u00f6gulegt. Me\u00f0 pressus\u00edukl\u00fatunum okkar n\u00e6r\u00f0u:<br \/>\n\u2013 Fleiri hringr\u00e1sir (Lengri l\u00edft\u00edmi)<br \/>\n\u2013 Hreinni s\u00eduv\u00f6kvi og \u00feurrari s\u00edukaka<br \/>\n\u2013 Mj\u00f6g au\u00f0veld losun s\u00eduk\u00f6kunnar<\/p>\n<p>&nbsp;<\/p>\n<p>Allir sta\u00f0la\u00f0ir pressus\u00edukl\u00fatar eru geymdir \u00e1 lager \u00e1 Nor\u00f0url\u00f6ndum fyrir stuttan afhendingart\u00edma og mikla afhendingar\u00e1rei\u00f0anleika.<\/p>\n<h5>Pressus\u00edud\u00fakar \u00far h\u00e6sta g\u00e6\u00f0aflokki<\/h5>\n<p>S\u00edukl\u00fatarnir okkar eru framleiddir me\u00f0 \u00fer\u00e1\u00f0um af h\u00e6sta g\u00e6\u00f0aflokki, sem gefur \u00fe\u00e9r endingarg\u00f3\u00f0an kl\u00fat me\u00f0 langan l\u00edft\u00edma.<\/p>\n<h5>Pressus\u00edud\u00fakar me\u00f0 n\u00fdjustu framlei\u00f0slut\u00e6kni<\/h5>\n<p>Vi\u00f0 bj\u00f3\u00f0um upp \u00e1 s\u00edukl\u00fata sem eru framleiddir \u00ed fullkomnustu vefna\u00f0arv\u00e9lum sem gera kleift a\u00f0 framlei\u00f0a betri v\u00f6rug\u00e6\u00f0i en \u00e1\u00f0ur hefur veri\u00f0 \u00ed bo\u00f0i. \u00deetta dregur \u00far \u00fe\u00e9ttingu og gefur s\u00edukl\u00fatnum meiri v\u00e9lr\u00e6nan styrk.<\/p>\n<p><\/div><!-- .section-description --><\/div><!-- .section-title-wrapper --><\/div><\/div><\/div><\/div><div class=\"vc_row wpb_row vc_row-fluid vc_custom_1709405342198\"><div class=\"wpb_column vc_column_container vc_col-sm-12 vc_col-lg-6 vc_col-md-6\"><div class=\"vc_column-inner\"><div class=\"wpb_wrapper\"><div class=\"section-title-wrapper shortcode-rand-4 induzy-inline-css\" data-css=\"&quot;.shortcode-rand-4 .title-separator.separator-border { background-color: ; }.shortcode-rand-4 .section-title { text-transform: none; }&quot;\"><div class=\"title-wrap\"><h2 class=\"section-title\">S\u00edupressukl\u00fatar <span class=\"title-suffix theme-color\">fyrir turnpressur<\/span><\/h2><span class=\"title-separator separator-border theme-color-bg\"><\/span><\/div><!-- .title-wrap --><div class=\"section-description\">S\u00edukl\u00fatar fyrir turnpressus\u00edur. Vi\u00f0 h\u00f6fum 15 mismunandi \u00fe\u00e9ttleika \u00e1 kl\u00fatunum okkar, \u00fear sem vi\u00f0 finnum \u00fe\u00e9ttleika sem gefur \u00e6skilega s\u00edunarg\u00e6\u00f0i \u00ed bland vi\u00f0 h\u00e6sta m\u00f6gulega l\u00edft\u00edma.<\/p>\n<p>S\u00edupressukl\u00fatar okkar hafa yfirbur\u00f0a v\u00e9lr\u00e6nan styrk, einnig \u00e1 hli\u00f0unum. En \u00fea\u00f0 er m\u00f6gulegt a\u00f0 f\u00e1 styrktan br\u00fan \u00e1 kl\u00fatinn ef \u00fe\u00fa ver\u00f0ur fyrir miklu v\u00e9lr\u00e6nu \u00e1lagi \u00e1 br\u00fanir kl\u00fatsins.<\/p>\n<p>D\u00fakarnir okkar eru me\u00f0 b\u00e6ttri samskeyti sem au\u00f0veldar samskeytisskynjara v\u00e9larinnar a\u00f0 lesa samskeytin. \u00deetta dregur \u00far h\u00e6ttu \u00e1 a\u00f0 samskeytin festist inni \u00ed s\u00edunni.<\/p>\n<p>Haf\u00f0u samband vi\u00f0 okkur og vi\u00f0 a\u00f0sto\u00f0um \u00feig vi\u00f0 a\u00f0 finna r\u00e9tta efni\u00f0 fyrir s\u00edunarferli\u00f0 \u00feitt.<\/div><!-- .section-description --><\/div><!-- .section-title-wrapper --><div class=\"feature-box-wrapper feature-box-style-1 vc_custom_1719249042988 shortcode-rand-5 induzy-inline-css\" data-css=\"&quot;.shortcode-rand-5.feature-box-wrapper {background: -moz-linear-gradient(141deg,  0%,  51%,  75%);\\r\\n\\t\\t\\t\\tbackground: -webkit-linear-gradient(141deg,  0%,  51%,  75%);\\r\\n\\t\\t\\t\\tbackground: linear-gradient(141deg,  0%,  51%,  75%);}.shortcode-rand-5 .feature-box-icon { font-size: 24px; }.shortcode-rand-5 .feature-box-icon { height: 48px; width: 48px; }.shortcode-rand-5 .feature-box-icon &gt; span { line-height: 2; }.shortcode-rand-5:hover .feature-box-icon { background: none; }&quot;\" ><div class=\"feature-box-btn\"><a class=\"btn default\" href=\"https:\/\/www.filtnor.com\/is\/hafdu-samband-vid-okkur\/\" title=\"SENDA FYRIRSPURN \u00bb\">SENDA FYRIRSPURN \u00bb<\/a><\/div><!-- .feature-box-btn --><\/div><!-- .feature-box-wrapper --><\/div><\/div><\/div><div class=\"wpb_column vc_column_container vc_col-sm-12 vc_col-lg-6 vc_col-md-6\"><div class=\"vc_column-inner\"><div class=\"wpb_wrapper\">\n\t<div  class=\"wpb_single_image wpb_content_element vc_align_left wpb_content_element\">\n\t\t\n\t\t<figure class=\"wpb_wrapper vc_figure\">\n\t\t\t<div class=\"vc_single_image-wrapper   vc_box_border_grey\"><img loading=\"lazy\" decoding=\"async\" width=\"1280\" height=\"720\" src=\"https:\/\/www.filtnor.com\/wp-content\/uploads\/2024\/09\/products_filtercloths_001.jpg\" class=\"vc_single_image-img attachment-full\" alt=\"Pressus\u00edud\u00fakur fyrir turnpressu\" title=\"products_s\u00edud\u00fakar_001\" srcset=\"https:\/\/www.filtnor.com\/wp-content\/uploads\/2024\/09\/products_filtercloths_001.jpg 1280w, https:\/\/www.filtnor.com\/wp-content\/uploads\/2024\/09\/products_filtercloths_001-768x432.jpg 768w, https:\/\/www.filtnor.com\/wp-content\/uploads\/2024\/09\/products_filtercloths_001-18x10.jpg 18w, https:\/\/www.filtnor.com\/wp-content\/uploads\/2024\/09\/products_filtercloths_001-600x338.jpg 600w\" sizes=\"auto, (max-width: 1280px) 100vw, 1280px\" \/><\/div>\n\t\t<\/figure>\n\t<\/div>\n<\/div><\/div><\/div><\/div><div class=\"vc_row wpb_row vc_row-fluid vc_custom_1709405274198\"><div class=\"wpb_column vc_column_container vc_col-sm-12\"><div class=\"vc_column-inner\"><div class=\"wpb_wrapper\"><div class=\"vc_separator wpb_content_element vc_separator_align_center vc_sep_width_100 vc_sep_dashed vc_sep_pos_align_center vc_separator_no_text wpb_content_element  wpb_content_element\" ><span class=\"vc_sep_holder vc_sep_holder_l\"><span class=\"vc_sep_line\"><\/span><\/span><span class=\"vc_sep_holder vc_sep_holder_r\"><span class=\"vc_sep_line\"><\/span><\/span>\n<\/div><\/div><\/div><\/div><\/div><div class=\"vc_row wpb_row vc_row-fluid vc_custom_1709405200673\"><div class=\"wpb_column vc_column_container vc_col-sm-12 vc_col-lg-6 vc_col-md-6\"><div class=\"vc_column-inner\"><div class=\"wpb_wrapper\"><div class=\"section-title-wrapper shortcode-rand-8 induzy-inline-css\" data-css=\"&quot;.shortcode-rand-8 .title-separator.separator-border { background-color: ; }.shortcode-rand-8 .section-title { text-transform: none; }&quot;\"><div class=\"title-wrap\"><h2 class=\"section-title\">S\u00edupressukl\u00fatar <span class=\"title-suffix theme-color\">fyrir s\u00edupressur<\/span><\/h2><span class=\"title-separator separator-border theme-color-bg\"><\/span><\/div><!-- .title-wrap --><div class=\"section-description\">Vi\u00f0 \u00fatvegum s\u00edupressukl\u00fata fyrir langflestar l\u00e1r\u00e9ttar s\u00edupressur me\u00f0 h\u00f3lfi.<\/p>\n<p>Sendu okkur l\u00fdsingu og\/e\u00f0a myndir af s\u00edupressukl\u00fatnum sem \u00fe\u00fa \u00e1tt og vi\u00f0 munum a\u00f0sto\u00f0a \u00feig vi\u00f0 a\u00f0 tryggja a\u00f0 n\u00fdi d\u00fakurinn ver\u00f0i r\u00e9ttur.<\/div><!-- .section-description --><\/div><!-- .section-title-wrapper --><div class=\"feature-box-wrapper feature-box-style-1 vc_custom_1719249363241 shortcode-rand-9 induzy-inline-css\" data-css=\"&quot;.shortcode-rand-9.feature-box-wrapper {background: -moz-linear-gradient(141deg,  0%,  51%,  75%);\\r\\n\\t\\t\\t\\tbackground: -webkit-linear-gradient(141deg,  0%,  51%,  75%);\\r\\n\\t\\t\\t\\tbackground: linear-gradient(141deg,  0%,  51%,  75%);}.shortcode-rand-9 .feature-box-icon { font-size: 24px; }.shortcode-rand-9 .feature-box-icon { height: 48px; width: 48px; }.shortcode-rand-9 .feature-box-icon &gt; span { line-height: 2; }.shortcode-rand-9:hover .feature-box-icon { background: none; }&quot;\" ><div class=\"feature-box-btn\"><a class=\"btn default\" href=\"https:\/\/www.filtnor.com\/is\/hafdu-samband-vid-okkur\/\" title=\"SENDA FYRIRSPURN \u00bb\">SENDA FYRIRSPURN \u00bb<\/a><\/div><!-- .feature-box-btn --><\/div><!-- .feature-box-wrapper --><\/div><\/div><\/div><div class=\"wpb_column vc_column_container vc_col-sm-12 vc_col-lg-6 vc_col-md-6\"><div class=\"vc_column-inner\"><div class=\"wpb_wrapper\">\n\t<div  class=\"wpb_single_image wpb_content_element vc_align_left wpb_content_element\">\n\t\t\n\t\t<figure class=\"wpb_wrapper vc_figure\">\n\t\t\t<div class=\"vc_single_image-wrapper   vc_box_border_grey\"><img loading=\"lazy\" decoding=\"async\" width=\"1280\" height=\"720\" src=\"https:\/\/www.filtnor.com\/wp-content\/uploads\/2024\/09\/products_filtercloths_002.jpg\" class=\"vc_single_image-img attachment-full\" alt=\"Pressus\u00edud\u00fakur fyrir s\u00edupressu\" title=\"products_s\u00edud\u00fakar_002\" srcset=\"https:\/\/www.filtnor.com\/wp-content\/uploads\/2024\/09\/products_filtercloths_002.jpg 1280w, https:\/\/www.filtnor.com\/wp-content\/uploads\/2024\/09\/products_filtercloths_002-768x432.jpg 768w, https:\/\/www.filtnor.com\/wp-content\/uploads\/2024\/09\/products_filtercloths_002-18x10.jpg 18w, https:\/\/www.filtnor.com\/wp-content\/uploads\/2024\/09\/products_filtercloths_002-600x338.jpg 600w\" sizes=\"auto, (max-width: 1280px) 100vw, 1280px\" \/><\/div>\n\t\t<\/figure>\n\t<\/div>\n<\/div><\/div><\/div><\/div><div class=\"vc_row wpb_row vc_row-fluid vc_custom_1709405285494\"><div class=\"wpb_column vc_column_container vc_col-sm-12\"><div class=\"vc_column-inner\"><div class=\"wpb_wrapper\"><div class=\"vc_separator wpb_content_element vc_separator_align_center vc_sep_width_100 vc_sep_dashed vc_sep_pos_align_center vc_separator_no_text wpb_content_element  wpb_content_element\" ><span class=\"vc_sep_holder vc_sep_holder_l\"><span class=\"vc_sep_line\"><\/span><\/span><span class=\"vc_sep_holder vc_sep_holder_r\"><span class=\"vc_sep_line\"><\/span><\/span>\n<\/div><\/div><\/div><\/div><\/div><div class=\"vc_row wpb_row vc_row-fluid vc_custom_1709405208930\"><div class=\"wpb_column vc_column_container vc_col-sm-12 vc_col-lg-6 vc_col-md-6\"><div class=\"vc_column-inner\"><div class=\"wpb_wrapper\"><div class=\"section-title-wrapper shortcode-rand-12 induzy-inline-css\" data-css=\"&quot;.shortcode-rand-12 .title-separator.separator-border { background-color: ; }.shortcode-rand-12 .section-title { text-transform: none; }&quot;\"><div class=\"title-wrap\"><h2 class=\"section-title\">S\u00edupressukl\u00fatar <span class=\"title-suffix theme-color\">me\u00f0 tunnuh\u00e1lsi<\/span><\/h2><span class=\"title-separator separator-border theme-color-bg\"><\/span><\/div><!-- .title-wrap --><div class=\"section-description\">Filtnor \u00fatvegar s\u00edukl\u00fata me\u00f0 tunnuh\u00e1lsi og f\u00f3\u00f0urg\u00f6tum fyrir pressus\u00edur.<\/p>\n<p>S\u00edupr\u00fdstud\u00fakarnir okkar eru f\u00e1anlegir me\u00f0 \u00fdmsum festingara\u00f0fer\u00f0um, svo sem r\u00e6mum e\u00f0a Velcro.<\/p>\n<p>Haf\u00f0u samband vi\u00f0 okkur til a\u00f0 f\u00e1 a\u00f0sto\u00f0 vi\u00f0 a\u00f0 finna r\u00e9ttar m\u00e1l \u00e1 s\u00edukl\u00fatum me\u00f0 tunnuh\u00e1lsi fyrir pressus\u00eduna \u00fe\u00edna.<\/div><!-- .section-description --><\/div><!-- .section-title-wrapper --><div class=\"feature-box-wrapper feature-box-style-1 vc_custom_1719249382025 shortcode-rand-13 induzy-inline-css\" data-css=\"&quot;.shortcode-rand-13.feature-box-wrapper {background: -moz-linear-gradient(141deg,  0%,  51%,  75%);\\r\\n\\t\\t\\t\\tbackground: -webkit-linear-gradient(141deg,  0%,  51%,  75%);\\r\\n\\t\\t\\t\\tbackground: linear-gradient(141deg,  0%,  51%,  75%);}.shortcode-rand-13 .feature-box-icon { font-size: 24px; }.shortcode-rand-13 .feature-box-icon { height: 48px; width: 48px; }.shortcode-rand-13 .feature-box-icon &gt; span { line-height: 2; }.shortcode-rand-13:hover .feature-box-icon { background: none; }&quot;\" ><div class=\"feature-box-btn\"><a class=\"btn default\" href=\"https:\/\/www.filtnor.com\/is\/hafdu-samband-vid-okkur\/\" title=\"SENDA FYRIRSPURN \u00bb\">SENDA FYRIRSPURN \u00bb<\/a><\/div><!-- .feature-box-btn --><\/div><!-- .feature-box-wrapper --><\/div><\/div><\/div><div class=\"wpb_column vc_column_container vc_col-sm-12 vc_col-lg-6 vc_col-md-6\"><div class=\"vc_column-inner\"><div class=\"wpb_wrapper\">\n\t<div  class=\"wpb_single_image wpb_content_element vc_align_left wpb_content_element\">\n\t\t\n\t\t<figure class=\"wpb_wrapper vc_figure\">\n\t\t\t<div class=\"vc_single_image-wrapper   vc_box_border_grey\"><img loading=\"lazy\" decoding=\"async\" width=\"1280\" height=\"720\" src=\"https:\/\/www.filtnor.com\/wp-content\/uploads\/2024\/09\/products_filtercloths_003.jpg\" class=\"vc_single_image-img attachment-full\" alt=\"Pressus\u00edud\u00fakur me\u00f0 tunnuh\u00e1lsh\u00f6nnun\" title=\"products_s\u00edud\u00fakar_003\" srcset=\"https:\/\/www.filtnor.com\/wp-content\/uploads\/2024\/09\/products_filtercloths_003.jpg 1280w, https:\/\/www.filtnor.com\/wp-content\/uploads\/2024\/09\/products_filtercloths_003-768x432.jpg 768w, https:\/\/www.filtnor.com\/wp-content\/uploads\/2024\/09\/products_filtercloths_003-18x10.jpg 18w, https:\/\/www.filtnor.com\/wp-content\/uploads\/2024\/09\/products_filtercloths_003-600x338.jpg 600w\" sizes=\"auto, (max-width: 1280px) 100vw, 1280px\" \/><\/div>\n\t\t<\/figure>\n\t<\/div>\n<\/div><\/div><\/div><\/div><div class=\"vc_row wpb_row vc_row-fluid vc_custom_1691587893368\"><div class=\"wpb_column vc_column_container vc_col-sm-12\"><div class=\"vc_column-inner\"><div class=\"wpb_wrapper\"><div class=\"vc_separator wpb_content_element vc_separator_align_center vc_sep_width_100 vc_sep_dashed vc_sep_pos_align_center vc_separator_no_text wpb_content_element  wpb_content_element\" ><span class=\"vc_sep_holder vc_sep_holder_l\"><span class=\"vc_sep_line\"><\/span><\/span><span class=\"vc_sep_holder vc_sep_holder_r\"><span class=\"vc_sep_line\"><\/span><\/span>\n<\/div><\/div><\/div><\/div><\/div><div data-vc-full-width=\"true\" data-vc-full-width-init=\"false\" class=\"vc_row wpb_row vc_row-fluid additional-call-to-action vc_custom_1691588100630 vc_row-has-fill\"><div class=\"wpb_column vc_column_container vc_col-sm-12\"><div class=\"vc_column-inner\"><div class=\"wpb_wrapper\"><div class=\"vc_row wpb_row vc_inner vc_row-fluid\"><div class=\"wpb_column vc_column_container vc_col-sm-12 vc_col-lg-9 vc_col-md-12\"><div class=\"vc_column-inner\"><div class=\"wpb_wrapper\"><div class=\"feature-box-wrapper feature-box-style-1 shortcode-rand-16 induzy-inline-css feature-list-1\" data-css=\"&quot;.shortcode-rand-16.feature-box-wrapper { color: #000000; }.shortcode-rand-16.feature-box-wrapper {background: -moz-linear-gradient(141deg,  0%,  51%,  75%);\\r\\n\\t\\t\\t\\tbackground: -webkit-linear-gradient(141deg,  0%,  51%,  75%);\\r\\n\\t\\t\\t\\tbackground: linear-gradient(141deg,  0%,  51%,  75%);}.shortcode-rand-16 .feature-box-icon { font-size: 30px; }.shortcode-rand-16 .feature-box-icon { height: 60px; width: 60px; }.shortcode-rand-16 .feature-box-icon &gt; span { line-height: 2; }.shortcode-rand-16:hover .feature-box-icon { background: none; }&quot;\" ><div class=\"fbox-list\"><div class=\"media\"><div class=\"feature-box-icon mr-3 text-center rounded-circle none\"><span class=\"\"><\/span><\/div><!-- .feature-box-icon --><div class=\"media-body\"><div class=\"feature-box-title\"><h4 class=\"section-title\">Finnur \u00fe\u00fa ekki \u00fea\u00f0 sem \u00fe\u00fa ert a\u00f0 leita a\u00f0?<\/h4><\/div><!-- .feature-box-title --><div class=\"feature-box-content\">Haf\u00f0u samband vi\u00f0 okkur og vi\u00f0 hj\u00e1lpum \u00fe\u00e9r a\u00f0 finna \u00fea\u00f0 \u00fat!<\/div><!-- .feature-box-content --><\/div><\/div><\/div><\/div><!-- .feature-box-wrapper --><\/div><\/div><\/div><div class=\"wpb_column vc_column_container vc_col-sm-12 vc_col-lg-3 vc_col-md-12\"><div class=\"vc_column-inner vc_custom_1691588352947\"><div class=\"wpb_wrapper\"><div class=\"vc_btn3-container  additional-btn vc_btn3-right vc_custom_1719230455955 vc_do_btn\" ><a style=\"background-color:#06295e; color:#ffffff;\" class=\"vc_general vc_btn3 vc_btn3-size-md vc_btn3-shape-rounded vc_btn3-style-custom\" href=\"https:\/\/www.filtnor.com\/is\/hafdu-samband-vid-okkur\/\" title=\"Haf\u00f0u samband vi\u00f0 okkur\">SENDA FYRIRSPURN \u00bb<\/a><\/div><\/div><\/div><\/div><\/div><\/div><\/div><\/div><\/div><div class=\"vc_row-full-width vc_clearfix\"><\/div>\n<\/div>","protected":false},"excerpt":{"rendered":"S\u00edukl\u00fatar fyrir \u00fer\u00fdstis\u00edurS\u00edukl\u00fatar af h\u00e6sta g\u00e6\u00f0aflokki fyrir s\u00edupressur, turnpressur og a\u00f0rar pressus\u00edur. Pressus\u00edukl\u00fatarnir okkar eru framleiddir me\u00f0 n\u00fdjustu t\u00e6kni, sem veitir h\u00e6rri g\u00e6\u00f0i kl\u00fatsins en \u00e1\u00f0ur hefur veri\u00f0 m\u00f6gulegt. Me\u00f0 pressus\u00edukl\u00fatunum okkar n\u00e6r\u00f0u: \u2013 Fleiri hringr\u00e1sum (Lengri l\u00edft\u00edmi) \u2013 Hreinni s\u00eduv\u00f6kva og","protected":false},"author":1,"featured_media":0,"parent":6104,"menu_order":0,"comment_status":"closed","ping_status":"closed","template":"","meta":{"om_disable_all_campaigns":false,"footnotes":""},"class_list":["post-3982","page","type-page","status-publish","hentry"],"yoast_head":"<!-- This site is optimized with the Yoast SEO Premium plugin v26.1 (Yoast SEO v27.5) - https:\/\/yoast.com\/product\/yoast-seo-premium-wordpress\/ -->\n<title>Pressure filter cloths - Filtnor<\/title>\n<meta name=\"description\" content=\"Filter press cloths for pressure filters. Filter press cloth for tower presses, filter presses and other chamber filter presses.\" \/>\n<meta name=\"robots\" content=\"index, follow, max-snippet:-1, max-image-preview:large, max-video-preview:-1\" \/>\n<link rel=\"canonical\" href=\"https:\/\/www.filtnor.com\/is\/vorur\/siun\/siuefni\/thrystisiudukar\/\" \/>\n<meta property=\"og:locale\" content=\"is_IS\" \/>\n<meta property=\"og:type\" content=\"article\" \/>\n<meta property=\"og:title\" content=\"Pressure filter cloths\" \/>\n<meta property=\"og:description\" content=\"Filter press cloths for pressure filters. Filter press cloth for tower presses, filter presses and other chamber filter presses.\" \/>\n<meta property=\"og:url\" content=\"https:\/\/www.filtnor.com\/is\/vorur\/siun\/siuefni\/thrystisiudukar\/\" \/>\n<meta property=\"og:site_name\" content=\"Filtnor\" \/>\n<meta property=\"article:modified_time\" content=\"2025-06-12T13:39:16+00:00\" \/>\n<meta name=\"twitter:card\" content=\"summary_large_image\" \/>\n<meta name=\"twitter:label1\" content=\"Est. reading time\" \/>\n\t<meta name=\"twitter:data1\" content=\"3 minutes\" \/>\n<script type=\"application\/ld+json\" class=\"yoast-schema-graph\">{\"@context\":\"https:\\\/\\\/schema.org\",\"@graph\":[{\"@type\":\"WebPage\",\"@id\":\"https:\\\/\\\/www.filtnor.com\\\/products\\\/filtration\\\/filter-fabrics\\\/pressure-filter-cloths\\\/\",\"url\":\"https:\\\/\\\/www.filtnor.com\\\/products\\\/filtration\\\/filter-fabrics\\\/pressure-filter-cloths\\\/\",\"name\":\"Pressure filter cloths - Filtnor\",\"isPartOf\":{\"@id\":\"https:\\\/\\\/www.filtnor.com\\\/#website\"},\"datePublished\":\"2024-03-03T18:26:20+00:00\",\"dateModified\":\"2025-06-12T13:39:16+00:00\",\"description\":\"Filter press cloths for pressure filters. Filter press cloth for tower presses, filter presses and other chamber filter presses.\",\"breadcrumb\":{\"@id\":\"https:\\\/\\\/www.filtnor.com\\\/products\\\/filtration\\\/filter-fabrics\\\/pressure-filter-cloths\\\/#breadcrumb\"},\"inLanguage\":\"is\",\"potentialAction\":[{\"@type\":\"ReadAction\",\"target\":[\"https:\\\/\\\/www.filtnor.com\\\/products\\\/filtration\\\/filter-fabrics\\\/pressure-filter-cloths\\\/\"]}]},{\"@type\":\"BreadcrumbList\",\"@id\":\"https:\\\/\\\/www.filtnor.com\\\/products\\\/filtration\\\/filter-fabrics\\\/pressure-filter-cloths\\\/#breadcrumb\",\"itemListElement\":[{\"@type\":\"ListItem\",\"position\":1,\"name\":\"Home\",\"item\":\"https:\\\/\\\/www.filtnor.com\\\/\"},{\"@type\":\"ListItem\",\"position\":2,\"name\":\"Product groups from Filtnor\",\"item\":\"https:\\\/\\\/www.filtnor.com\\\/products\\\/\"},{\"@type\":\"ListItem\",\"position\":3,\"name\":\"Filtration\",\"item\":\"https:\\\/\\\/www.filtnor.com\\\/products\\\/filtration\\\/\"},{\"@type\":\"ListItem\",\"position\":4,\"name\":\"Filter Fabrics\",\"item\":\"https:\\\/\\\/www.filtnor.com\\\/products\\\/filtration\\\/filter-fabrics\\\/\"},{\"@type\":\"ListItem\",\"position\":5,\"name\":\"Pressure filter cloths\"}]},{\"@type\":\"WebSite\",\"@id\":\"https:\\\/\\\/www.filtnor.com\\\/#website\",\"url\":\"https:\\\/\\\/www.filtnor.com\\\/\",\"name\":\"Filtnor\",\"description\":\"Filtration you can trust. Performance that lasts.\",\"potentialAction\":[{\"@type\":\"SearchAction\",\"target\":{\"@type\":\"EntryPoint\",\"urlTemplate\":\"https:\\\/\\\/www.filtnor.com\\\/?s={search_term_string}\"},\"query-input\":{\"@type\":\"PropertyValueSpecification\",\"valueRequired\":true,\"valueName\":\"search_term_string\"}}],\"inLanguage\":\"is\"}]}<\/script>\n<!-- \/ Yoast SEO Premium plugin. -->","yoast_head_json":{"title":"\u00der\u00fdstis\u00edud\u00fakar - Filtnor","description":"S\u00edupressukl\u00fatar fyrir \u00fer\u00fdstis\u00edur. S\u00edupressukl\u00fatur fyrir turnpressur, s\u00edupressur og a\u00f0rar h\u00f3lfs\u00edupressur.","robots":{"index":"index","follow":"follow","max-snippet":"max-snippet:-1","max-image-preview":"max-image-preview:large","max-video-preview":"max-video-preview:-1"},"canonical":"https:\/\/www.filtnor.com\/is\/vorur\/siun\/siuefni\/thrystisiudukar\/","og_locale":"is_IS","og_type":"article","og_title":"Pressure filter cloths","og_description":"Filter press cloths for pressure filters. Filter press cloth for tower presses, filter presses and other chamber filter presses.","og_url":"https:\/\/www.filtnor.com\/is\/vorur\/siun\/siuefni\/thrystisiudukar\/","og_site_name":"Filtnor","article_modified_time":"2025-06-12T13:39:16+00:00","twitter_card":"summary_large_image","twitter_misc":{"Est. reading time":"3 minutes"},"schema":{"@context":"https:\/\/schema.org","@graph":[{"@type":"WebPage","@id":"https:\/\/www.filtnor.com\/products\/filtration\/filter-fabrics\/pressure-filter-cloths\/","url":"https:\/\/www.filtnor.com\/products\/filtration\/filter-fabrics\/pressure-filter-cloths\/","name":"\u00der\u00fdstis\u00edud\u00fakar - Filtnor","isPartOf":{"@id":"https:\/\/www.filtnor.com\/#website"},"datePublished":"2024-03-03T18:26:20+00:00","dateModified":"2025-06-12T13:39:16+00:00","description":"S\u00edupressukl\u00fatar fyrir \u00fer\u00fdstis\u00edur. S\u00edupressukl\u00fatur fyrir turnpressur, s\u00edupressur og a\u00f0rar h\u00f3lfs\u00edupressur.","breadcrumb":{"@id":"https:\/\/www.filtnor.com\/products\/filtration\/filter-fabrics\/pressure-filter-cloths\/#breadcrumb"},"inLanguage":"is","potentialAction":[{"@type":"ReadAction","target":["https:\/\/www.filtnor.com\/products\/filtration\/filter-fabrics\/pressure-filter-cloths\/"]}]},{"@type":"BreadcrumbList","@id":"https:\/\/www.filtnor.com\/products\/filtration\/filter-fabrics\/pressure-filter-cloths\/#breadcrumb","itemListElement":[{"@type":"ListItem","position":1,"name":"Home","item":"https:\/\/www.filtnor.com\/"},{"@type":"ListItem","position":2,"name":"Product groups from Filtnor","item":"https:\/\/www.filtnor.com\/products\/"},{"@type":"ListItem","position":3,"name":"Filtration","item":"https:\/\/www.filtnor.com\/products\/filtration\/"},{"@type":"ListItem","position":4,"name":"Filter Fabrics","item":"https:\/\/www.filtnor.com\/products\/filtration\/filter-fabrics\/"},{"@type":"ListItem","position":5,"name":"Pressure filter cloths"}]},{"@type":"WebSite","@id":"https:\/\/www.filtnor.com\/#website","url":"https:\/\/www.filtnor.com\/","name":"Filtnor","description":"S\u00edun sem \u00fe\u00fa getur treyst. Afk\u00f6st sem endast.","potentialAction":[{"@type":"SearchAction","target":{"@type":"EntryPoint","urlTemplate":"https:\/\/www.filtnor.com\/?s={search_term_string}"},"query-input":{"@type":"PropertyValueSpecification","valueRequired":true,"valueName":"search_term_string"}}],"inLanguage":"is"}]}},"_links":{"self":[{"href":"https:\/\/www.filtnor.com\/is\/wp-json\/wp\/v2\/pages\/3982","targetHints":{"allow":["GET"]}}],"collection":[{"href":"https:\/\/www.filtnor.com\/is\/wp-json\/wp\/v2\/pages"}],"about":[{"href":"https:\/\/www.filtnor.com\/is\/wp-json\/wp\/v2\/types\/page"}],"author":[{"embeddable":true,"href":"https:\/\/www.filtnor.com\/is\/wp-json\/wp\/v2\/users\/1"}],"replies":[{"embeddable":true,"href":"https:\/\/www.filtnor.com\/is\/wp-json\/wp\/v2\/comments?post=3982"}],"version-history":[{"count":14,"href":"https:\/\/www.filtnor.com\/is\/wp-json\/wp\/v2\/pages\/3982\/revisions"}],"predecessor-version":[{"id":5725,"href":"https:\/\/www.filtnor.com\/is\/wp-json\/wp\/v2\/pages\/3982\/revisions\/5725"}],"up":[{"embeddable":true,"href":"https:\/\/www.filtnor.com\/is\/wp-json\/wp\/v2\/pages\/6104"}],"wp:attachment":[{"href":"https:\/\/www.filtnor.com\/is\/wp-json\/wp\/v2\/media?parent=3982"}],"curies":[{"name":"wp","href":"https:\/\/api.w.org\/{rel}","templated":true}]}}