{"id":3976,"date":"2024-03-03T19:32:51","date_gmt":"2024-03-03T18:32:51","guid":{"rendered":"https:\/\/www.filtnor.no\/?page_id=3976"},"modified":"2024-06-23T21:38:13","modified_gmt":"2024-06-23T19:38:13","slug":"snjallar-lausnir","status":"publish","type":"page","link":"https:\/\/www.filtnor.com\/is\/vorur\/snjallar-lausnir\/","title":{"rendered":"Snjallar lausnir"},"content":{"rendered":"<div class=\"wpb-content-wrapper\"><div class=\"vc_row wpb_row vc_row-fluid vc_custom_1691587735553\"><div class=\"wpb_column vc_column_container vc_col-sm-12 vc_col-lg-6 vc_col-md-6\"><div class=\"vc_column-inner\"><div class=\"wpb_wrapper\"><div class=\"section-title-wrapper shortcode-rand-2 induzy-inline-css\" data-css=\"&quot;.shortcode-rand-2 .title-separator.separator-border { background-color: ; }.shortcode-rand-2 .section-title { text-transform: none; }&quot;\"><div class=\"title-wrap\"><h2 class=\"section-title\">Roxia <span class=\"title-suffix theme-color\">Mal\u00edb\u00fa<\/span><\/h2><span class=\"title-separator separator-border theme-color-bg\"><\/span><\/div><!-- .title-wrap --><div class=\"section-description\">Roxia Malibu er vefg\u00e1tt sem sameinar IIoT vi\u00f0 t\u00f3l til a\u00f0 fylgjast me\u00f0 ferlum, vi\u00f0halda \u00feeim og greina \u00fe\u00e1.<\/p>\n<p>Forriti\u00f0 er mj\u00f6g notendav\u00e6nt og h\u00e6gt er a\u00f0 a\u00f0laga \u00fea\u00f0 a\u00f0 \u00fe\u00f6rfum vi\u00f0skiptavinarins.<\/div><!-- .section-description --><\/div><!-- .section-title-wrapper --><div class=\"feature-box-wrapper feature-box-style-1 vc_custom_1719170944067 shortcode-rand-3 induzy-inline-css\" data-css=\"&quot;.shortcode-rand-3.feature-box-wrapper {background: -moz-linear-gradient(141deg,  0%,  51%,  75%);\\r\\n\\t\\t\\t\\tbackground: -webkit-linear-gradient(141deg,  0%,  51%,  75%);\\r\\n\\t\\t\\t\\tbackground: linear-gradient(141deg,  0%,  51%,  75%);}.shortcode-rand-3 .feature-box-icon { font-size: 24px; }.shortcode-rand-3 .feature-box-icon { height: 48px; width: 48px; }.shortcode-rand-3 .feature-box-icon &gt; span { line-height: 2; }.shortcode-rand-3:hover .feature-box-icon { background: none; }&quot;\" ><div class=\"feature-box-btn\"><a class=\"btn default\" href=\"https:\/\/www.filtnor.com\/is\/hafdu-samband-vid-okkur\/\" title=\"SENDA FYRIRSPURN \u00bb\">SENDA FYRIRSPURN \u00bb<\/a><\/div><!-- .feature-box-btn --><\/div><!-- .feature-box-wrapper --><\/div><\/div><\/div><div class=\"wpb_column vc_column_container vc_col-sm-12 vc_col-lg-6 vc_col-md-6\"><div class=\"vc_column-inner\"><div class=\"wpb_wrapper\">\n\t<div  class=\"wpb_single_image wpb_content_element vc_align_left wpb_content_element\">\n\t\t\n\t\t<figure class=\"wpb_wrapper vc_figure\">\n\t\t\t<div class=\"vc_single_image-wrapper   vc_box_border_grey\"><img loading=\"lazy\" decoding=\"async\" width=\"1280\" height=\"850\" src=\"https:\/\/www.filtnor.com\/wp-content\/uploads\/2023\/08\/produkter_smart-losninger_01.png\" class=\"vc_single_image-img attachment-full\" alt=\"Snjallv\u00f6rur fr\u00e1 Filtnor\" title=\"Snjallv\u00f6rur fr\u00e1 Filtnor\" srcset=\"https:\/\/www.filtnor.com\/wp-content\/uploads\/2023\/08\/produkter_smart-losninger_01.png 1280w, https:\/\/www.filtnor.com\/wp-content\/uploads\/2023\/08\/produkter_smart-losninger_01-600x398.png 600w, https:\/\/www.filtnor.com\/wp-content\/uploads\/2023\/08\/produkter_smart-losninger_01-768x510.png 768w\" sizes=\"auto, (max-width: 1280px) 100vw, 1280px\" \/><\/div>\n\t\t<\/figure>\n\t<\/div>\n<\/div><\/div><\/div><\/div><div class=\"vc_row wpb_row vc_row-fluid vc_custom_1691588774257\"><div class=\"wpb_column vc_column_container vc_col-sm-6\"><div class=\"vc_column-inner\"><div class=\"wpb_wrapper\"><div class=\"section-title-wrapper shortcode-rand-5 induzy-inline-css\" data-css=\"&quot;.shortcode-rand-5 .title-separator.separator-border { background-color: ; }.shortcode-rand-5 .section-title { text-transform: none; }&quot;\"><div class=\"title-wrap\"><h4 class=\"section-title\">Eftirlit me\u00f0 ferlum <span class=\"title-suffix theme-color\">og greining<\/span><\/h4><span class=\"title-separator separator-border theme-color-bg\"><\/span><\/div><!-- .title-wrap --><div class=\"section-description\">Roxia Malibu er vefg\u00e1tt sem sameinar ferlaeftirlit og greiningu. G\u00f6gnin sem safna\u00f0 er \u00far ferlaeftirlitinu eru vandlega greind og h\u00e6gt er a\u00f0 \u00fatb\u00faa sk\u00fdrslur sem s\u00fdna bestu m\u00f6gulegu rekstrarskilyr\u00f0i. \u00deetta hj\u00e1lpar til vi\u00f0 a\u00f0 draga \u00far orkunotkun og h\u00e1marka vi\u00f0haldsvinnu.<\/p>\n<p>Roxia Malibu er IIoT-g\u00e1tt sem er mj\u00f6g sk\u00fdr og au\u00f0veld \u00ed notkun fyrir alla. \u00dear sem \u00feetta er eftirlits- og greiningart\u00f3l, \u00fe\u00e1 er engin \u00f6ryggis\u00e1h\u00e6tta \u00ed \u00fev\u00ed a\u00f0 hnekkja ferlinu og \u00fev\u00ed \u00fearf ekki a\u00f0 hafa \u00e1hyggjur af \u00fev\u00ed a\u00f0 gagnaleki geti haft \u00e1hrif \u00e1 stj\u00f3rnun ferla.<\/p>\n<p>Stafr\u00e6n umbreyting ferlisins stu\u00f0lar a\u00f0 mikilli kostna\u00f0arl\u00e6kkun, me\u00f0al annars me\u00f0 \u00fev\u00ed a\u00f0 draga \u00far \u00f3\u00fearfa vi\u00f0haldi og for\u00f0ast \u00f3fyrirs\u00e9\u00f0an ni\u00f0urt\u00edma, en einnig me\u00f0 \u00fev\u00ed a\u00f0 h\u00e1marka ferli\u00f0 me\u00f0 minni orkunotkun og aukinni afkastagetu. Me\u00f0 \u00fev\u00ed a\u00f0 nota Roxia Malibu hafa nokkrir vi\u00f0skiptavinir okkar minnka\u00f0 orkunotkun d\u00e6lna sinna um \u00fea\u00f0 bil 15%, sem hefur gefi\u00f0 ar\u00f0semi fj\u00e1rfestingar a\u00f0eins nokkra m\u00e1nu\u00f0i.<\/div><!-- .section-description --><\/div><!-- .section-title-wrapper --><\/div><\/div><\/div><div class=\"wpb_column vc_column_container vc_col-sm-6\"><div class=\"vc_column-inner\"><div class=\"wpb_wrapper\"><div class=\"section-title-wrapper margin-bottom-30 shortcode-rand-6 induzy-inline-css\" data-css=\"&quot;.shortcode-rand-6 .title-separator.separator-border { background-color: ; }.shortcode-rand-6 .section-title { text-transform: none; }&quot;\"><div class=\"title-wrap\"><h4 class=\"section-title\">Sumir af kostunum me\u00f0 <span class=\"title-suffix theme-color\">Roxia Malibu<\/span><\/h4><span class=\"title-separator separator-border theme-color-bg\"><\/span><\/div><!-- .title-wrap --><div class=\"section-description\"><\/div><!-- .section-description --><\/div><!-- .section-title-wrapper --><div class=\"list-item-wrapper\" data-css=\"&quot;&quot;\"><div class=\"list-item-inner\" data-css=\"&quot;&quot;\"><div class=\"list-item-title media\"><span class=\"mr-3 icon-light fas fa-check\"><\/span><div class=\"media-body align-self-center list-item-desc\">Minnka\u00f0 ni\u00f0urt\u00edmi<\/div><\/div><!-- .list-item-title --><\/div><!-- .list-item-inner --><div class=\"list-item-inner\" data-css=\"&quot;&quot;\"><div class=\"list-item-title media\"><span class=\"mr-3 icon-light fas fa-check\"><\/span><div class=\"media-body align-self-center list-item-desc\">Au\u00f0veldur a\u00f0gangur a\u00f0 skj\u00f6lum<\/div><\/div><!-- .list-item-title --><\/div><!-- .list-item-inner --><div class=\"list-item-inner\" data-css=\"&quot;&quot;\"><div class=\"list-item-title media\"><span class=\"mr-3 icon-light fas fa-check\"><\/span><div class=\"media-body align-self-center list-item-desc\">Skilvirkari vi\u00f0haldsvinna<\/div><\/div><!-- .list-item-title --><\/div><!-- .list-item-inner --><div class=\"list-item-inner\" data-css=\"&quot;&quot;\"><div class=\"list-item-title media\"><span class=\"mr-3 icon-light fas fa-check\"><\/span><div class=\"media-body align-self-center list-item-desc\">Aukin framlei\u00f0slugeta<\/div><\/div><!-- .list-item-title --><\/div><!-- .list-item-inner --><\/div><!-- .list-item-wrapper --><\/div><\/div><\/div><\/div><div class=\"vc_row wpb_row vc_row-fluid vc_custom_1691588774257\"><div class=\"wpb_column vc_column_container vc_col-sm-6\"><div class=\"vc_column-inner\"><div class=\"wpb_wrapper\"><div class=\"section-title-wrapper shortcode-rand-13 induzy-inline-css\" data-css=\"&quot;.shortcode-rand-13 .title-separator.separator-border { background-color: ; }.shortcode-rand-13 .section-title { text-transform: none; }&quot;\"><div class=\"title-wrap\"><h4 class=\"section-title\">Snjall s\u00edun <span class=\"title-suffix theme-color\">og snjallar v\u00f6rur<\/span><\/h4><span class=\"title-separator separator-border theme-color-bg\"><\/span><\/div><!-- .title-wrap --><div class=\"section-description\">Me\u00f0 \u00fev\u00ed a\u00f0 sameina s\u00edupressu vi\u00f0 Roxia Malibu f\u00e6r\u00f0u stafr\u00e6nt s\u00edunarferli me\u00f0 m\u00f6guleikum sem ekki voru tilt\u00e6kir \u00e1\u00f0ur. \u00deetta einfaldar daglegt l\u00edf, l\u00e6kkar rekstrarkostna\u00f0 og eykur afkastagetu.<\/p>\n<p>Forriti\u00f0 sj\u00e1lft er mj\u00f6g au\u00f0velt \u00ed notkun og \u00fatliti\u00f0 er a\u00f0laga\u00f0 me\u00f0 \u00fer\u00edv\u00edddar teikningu af ferlinu svo notendur geti au\u00f0veldlega fundi\u00f0 lei\u00f0 s\u00edna og fundi\u00f0 r\u00e9ttar g\u00f6gn.<\/p>\n<p>\u00dea\u00f0 er heldur ekki st\u00f3rt vandam\u00e1l a\u00f0 taka me\u00f0 n\u00faverandi \u00edhluti sem eru ekki snjallv\u00f6rur, \u00fev\u00ed \u00fea\u00f0 er h\u00e6gt a\u00f0 leysa me\u00f0 \u00fev\u00ed a\u00f0 setja upp skynjara og m\u00e6la eftir \u00e1.<\/div><!-- .section-description --><\/div><!-- .section-title-wrapper --><\/div><\/div><\/div><div class=\"wpb_column vc_column_container vc_col-sm-6\"><div class=\"vc_column-inner\"><div class=\"wpb_wrapper\">\n\t<div  class=\"wpb_single_image wpb_content_element vc_align_left wpb_content_element\">\n\t\t\n\t\t<figure class=\"wpb_wrapper vc_figure\">\n\t\t\t<div class=\"vc_single_image-wrapper   vc_box_border_grey\"><img loading=\"lazy\" decoding=\"async\" width=\"640\" height=\"360\" src=\"https:\/\/www.filtnor.com\/wp-content\/uploads\/2024\/06\/products_smart-solutions-02.png\" class=\"vc_single_image-img attachment-medium\" alt=\"Snjalllausnakerfi\" title=\"products_snjallar-lausnir-02\" srcset=\"https:\/\/www.filtnor.com\/wp-content\/uploads\/2024\/06\/products_smart-solutions-02.png 640w, https:\/\/www.filtnor.com\/wp-content\/uploads\/2024\/06\/products_smart-solutions-02-18x10.png 18w, https:\/\/www.filtnor.com\/wp-content\/uploads\/2024\/06\/products_smart-solutions-02-600x338.png 600w\" sizes=\"auto, (max-width: 640px) 100vw, 640px\" \/><\/div>\n\t\t<\/figure>\n\t<\/div>\n<\/div><\/div><\/div><\/div><div class=\"vc_row wpb_row vc_row-fluid vc_custom_1691587893368\"><div class=\"wpb_column vc_column_container vc_col-sm-12\"><div class=\"vc_column-inner\"><div class=\"wpb_wrapper\"><div class=\"vc_separator wpb_content_element vc_separator_align_center vc_sep_width_100 vc_sep_dashed vc_sep_pos_align_center vc_separator_no_text wpb_content_element  wpb_content_element\" ><span class=\"vc_sep_holder vc_sep_holder_l\"><span class=\"vc_sep_line\"><\/span><\/span><span class=\"vc_sep_holder vc_sep_holder_r\"><span class=\"vc_sep_line\"><\/span><\/span>\n<\/div><\/div><\/div><\/div><\/div><div data-vc-full-width=\"true\" data-vc-full-width-init=\"false\" class=\"vc_row wpb_row vc_row-fluid additional-call-to-action vc_custom_1691588100630 vc_row-has-fill\"><div class=\"wpb_column vc_column_container vc_col-sm-12\"><div class=\"vc_column-inner\"><div class=\"wpb_wrapper\"><div class=\"vc_row wpb_row vc_inner vc_row-fluid\"><div class=\"wpb_column vc_column_container vc_col-sm-12 vc_col-lg-9 vc_col-md-12\"><div class=\"vc_column-inner\"><div class=\"wpb_wrapper\"><div class=\"feature-box-wrapper feature-box-style-1 shortcode-rand-16 induzy-inline-css feature-list-1\" data-css=\"&quot;.shortcode-rand-16.feature-box-wrapper { color: #000000; }.shortcode-rand-16.feature-box-wrapper {background: -moz-linear-gradient(141deg,  0%,  51%,  75%);\\r\\n\\t\\t\\t\\tbackground: -webkit-linear-gradient(141deg,  0%,  51%,  75%);\\r\\n\\t\\t\\t\\tbackground: linear-gradient(141deg,  0%,  51%,  75%);}.shortcode-rand-16 .feature-box-icon { font-size: 30px; }.shortcode-rand-16 .feature-box-icon { height: 60px; width: 60px; }.shortcode-rand-16 .feature-box-icon &gt; span { line-height: 2; }.shortcode-rand-16:hover .feature-box-icon { background: none; }&quot;\" ><div class=\"fbox-list\"><div class=\"media\"><div class=\"feature-box-icon mr-3 text-center rounded-circle none\"><span class=\"\"><\/span><\/div><!-- .feature-box-icon --><div class=\"media-body\"><div class=\"feature-box-title\"><h4 class=\"section-title\">Finnur \u00fe\u00fa ekki \u00fea\u00f0 sem \u00fe\u00fa ert a\u00f0 leita a\u00f0?<\/h4><\/div><!-- .feature-box-title --><div class=\"feature-box-content\">Haf\u00f0u samband vi\u00f0 okkur og vi\u00f0 hj\u00e1lpum \u00fe\u00e9r a\u00f0 finna \u00fea\u00f0 \u00fat!<\/div><!-- .feature-box-content --><\/div><\/div><\/div><\/div><!-- .feature-box-wrapper --><\/div><\/div><\/div><div class=\"wpb_column vc_column_container vc_col-sm-12 vc_col-lg-3 vc_col-md-12\"><div class=\"vc_column-inner vc_custom_1691588352947\"><div class=\"wpb_wrapper\"><div class=\"vc_btn3-container  additional-btn vc_btn3-right vc_custom_1719171031114 vc_do_btn\" ><a style=\"background-color:#06295e; color:#ffffff;\" class=\"vc_general vc_btn3 vc_btn3-size-md vc_btn3-shape-rounded vc_btn3-style-custom\" href=\"https:\/\/www.filtnor.com\/is\/hafdu-samband-vid-okkur\/\" title=\"Haf\u00f0u samband vi\u00f0 okkur\">SENDA FYRIRSPURN \u00bb<\/a><\/div><\/div><\/div><\/div><\/div><\/div><\/div><\/div><\/div><div class=\"vc_row-full-width vc_clearfix\"><\/div>\n<\/div>","protected":false},"excerpt":{"rendered":"Roxia MalibuRoxia Malibu er vefg\u00e1tt sem sameinar IIoT vi\u00f0 t\u00f3l fyrir ferlaeftirlit, vi\u00f0hald og greiningu. Forriti\u00f0 er mj\u00f6g notendav\u00e6nt og h\u00e6gt er a\u00f0 a\u00f0laga \u00fea\u00f0 a\u00f0 ferlum vi\u00f0skiptavinarins. SENDA FYRIRSPURN \u00bb Ferlaeftirlit og greiningRoxia Malibu er vefg\u00e1tt sem sameinar ferlaeftirlit og greiningu. G\u00f6gnin sem safna\u00f0 er \u00far ferlaeftirlitinu eru","protected":false},"author":1,"featured_media":0,"parent":3954,"menu_order":0,"comment_status":"closed","ping_status":"closed","template":"","meta":{"om_disable_all_campaigns":false,"footnotes":""},"class_list":["post-3976","page","type-page","status-publish","hentry"],"yoast_head":"<!-- This site is optimized with the Yoast SEO Premium plugin v26.1 (Yoast SEO v27.4) - https:\/\/yoast.com\/product\/yoast-seo-premium-wordpress\/ -->\n<title>Smart solutions - Filtnor<\/title>\n<meta name=\"description\" content=\"Smart solutions and smart products for your filtration process. We have IoT \/ IIoT smart products for pressure filters, filter presses, valves and pumps.\" \/>\n<meta name=\"robots\" content=\"index, follow, max-snippet:-1, max-image-preview:large, max-video-preview:-1\" \/>\n<link rel=\"canonical\" href=\"https:\/\/www.filtnor.com\/is\/vorur\/snjallar-lausnir\/\" \/>\n<meta property=\"og:locale\" content=\"is_IS\" \/>\n<meta property=\"og:type\" content=\"article\" \/>\n<meta property=\"og:title\" content=\"Smart solutions\" \/>\n<meta property=\"og:description\" content=\"Smart solutions and smart products for your filtration process. We have IoT \/ IIoT smart products for pressure filters, filter presses, valves and pumps.\" \/>\n<meta property=\"og:url\" content=\"https:\/\/www.filtnor.com\/is\/vorur\/snjallar-lausnir\/\" \/>\n<meta property=\"og:site_name\" content=\"Filtnor\" \/>\n<meta property=\"article:modified_time\" content=\"2024-06-23T19:38:13+00:00\" \/>\n<meta name=\"twitter:card\" content=\"summary_large_image\" \/>\n<meta name=\"twitter:label1\" content=\"Est. reading time\" \/>\n\t<meta name=\"twitter:data1\" content=\"3 minutes\" \/>\n<script type=\"application\/ld+json\" class=\"yoast-schema-graph\">{\"@context\":\"https:\\\/\\\/schema.org\",\"@graph\":[{\"@type\":\"WebPage\",\"@id\":\"https:\\\/\\\/www.filtnor.com\\\/products\\\/smart-solutions\\\/\",\"url\":\"https:\\\/\\\/www.filtnor.com\\\/products\\\/smart-solutions\\\/\",\"name\":\"Smart solutions - Filtnor\",\"isPartOf\":{\"@id\":\"https:\\\/\\\/www.filtnor.com\\\/#website\"},\"datePublished\":\"2024-03-03T18:32:51+00:00\",\"dateModified\":\"2024-06-23T19:38:13+00:00\",\"description\":\"Smart solutions and smart products for your filtration process. We have IoT \\\/ IIoT smart products for pressure filters, filter presses, valves and pumps.\",\"breadcrumb\":{\"@id\":\"https:\\\/\\\/www.filtnor.com\\\/products\\\/smart-solutions\\\/#breadcrumb\"},\"inLanguage\":\"is\",\"potentialAction\":[{\"@type\":\"ReadAction\",\"target\":[\"https:\\\/\\\/www.filtnor.com\\\/products\\\/smart-solutions\\\/\"]}]},{\"@type\":\"BreadcrumbList\",\"@id\":\"https:\\\/\\\/www.filtnor.com\\\/products\\\/smart-solutions\\\/#breadcrumb\",\"itemListElement\":[{\"@type\":\"ListItem\",\"position\":1,\"name\":\"Home\",\"item\":\"https:\\\/\\\/www.filtnor.com\\\/\"},{\"@type\":\"ListItem\",\"position\":2,\"name\":\"Product groups from Filtnor\",\"item\":\"https:\\\/\\\/www.filtnor.com\\\/products\\\/\"},{\"@type\":\"ListItem\",\"position\":3,\"name\":\"Smart solutions\"}]},{\"@type\":\"WebSite\",\"@id\":\"https:\\\/\\\/www.filtnor.com\\\/#website\",\"url\":\"https:\\\/\\\/www.filtnor.com\\\/\",\"name\":\"Filtnor\",\"description\":\"Filtration you can trust. Performance that lasts.\",\"potentialAction\":[{\"@type\":\"SearchAction\",\"target\":{\"@type\":\"EntryPoint\",\"urlTemplate\":\"https:\\\/\\\/www.filtnor.com\\\/?s={search_term_string}\"},\"query-input\":{\"@type\":\"PropertyValueSpecification\",\"valueRequired\":true,\"valueName\":\"search_term_string\"}}],\"inLanguage\":\"is\"}]}<\/script>\n<!-- \/ Yoast SEO Premium plugin. -->","yoast_head_json":{"title":"Snjallar lausnir - Filtnor","description":"Snjallar lausnir og snjallar v\u00f6rur fyrir s\u00edunarferli\u00f0 \u00feitt. Vi\u00f0 h\u00f6fum snjallar IoT \/ IIoT v\u00f6rur fyrir \u00fer\u00fdstis\u00edur, s\u00edupressur, loka og d\u00e6lur.","robots":{"index":"index","follow":"follow","max-snippet":"max-snippet:-1","max-image-preview":"max-image-preview:large","max-video-preview":"max-video-preview:-1"},"canonical":"https:\/\/www.filtnor.com\/is\/vorur\/snjallar-lausnir\/","og_locale":"is_IS","og_type":"article","og_title":"Smart solutions","og_description":"Smart solutions and smart products for your filtration process. We have IoT \/ IIoT smart products for pressure filters, filter presses, valves and pumps.","og_url":"https:\/\/www.filtnor.com\/is\/vorur\/snjallar-lausnir\/","og_site_name":"Filtnor","article_modified_time":"2024-06-23T19:38:13+00:00","twitter_card":"summary_large_image","twitter_misc":{"Est. reading time":"3 minutes"},"schema":{"@context":"https:\/\/schema.org","@graph":[{"@type":"WebPage","@id":"https:\/\/www.filtnor.com\/products\/smart-solutions\/","url":"https:\/\/www.filtnor.com\/products\/smart-solutions\/","name":"Snjallar lausnir - Filtnor","isPartOf":{"@id":"https:\/\/www.filtnor.com\/#website"},"datePublished":"2024-03-03T18:32:51+00:00","dateModified":"2024-06-23T19:38:13+00:00","description":"Snjallar lausnir og snjallar v\u00f6rur fyrir s\u00edunarferli\u00f0 \u00feitt. Vi\u00f0 h\u00f6fum snjallar IoT \/ IIoT v\u00f6rur fyrir \u00fer\u00fdstis\u00edur, s\u00edupressur, loka og d\u00e6lur.","breadcrumb":{"@id":"https:\/\/www.filtnor.com\/products\/smart-solutions\/#breadcrumb"},"inLanguage":"is","potentialAction":[{"@type":"ReadAction","target":["https:\/\/www.filtnor.com\/products\/smart-solutions\/"]}]},{"@type":"BreadcrumbList","@id":"https:\/\/www.filtnor.com\/products\/smart-solutions\/#breadcrumb","itemListElement":[{"@type":"ListItem","position":1,"name":"Home","item":"https:\/\/www.filtnor.com\/"},{"@type":"ListItem","position":2,"name":"Product groups from Filtnor","item":"https:\/\/www.filtnor.com\/products\/"},{"@type":"ListItem","position":3,"name":"Smart solutions"}]},{"@type":"WebSite","@id":"https:\/\/www.filtnor.com\/#website","url":"https:\/\/www.filtnor.com\/","name":"Filtnor","description":"S\u00edun sem \u00fe\u00fa getur treyst. Afk\u00f6st sem endast.","potentialAction":[{"@type":"SearchAction","target":{"@type":"EntryPoint","urlTemplate":"https:\/\/www.filtnor.com\/?s={search_term_string}"},"query-input":{"@type":"PropertyValueSpecification","valueRequired":true,"valueName":"search_term_string"}}],"inLanguage":"is"}]}},"_links":{"self":[{"href":"https:\/\/www.filtnor.com\/is\/wp-json\/wp\/v2\/pages\/3976","targetHints":{"allow":["GET"]}}],"collection":[{"href":"https:\/\/www.filtnor.com\/is\/wp-json\/wp\/v2\/pages"}],"about":[{"href":"https:\/\/www.filtnor.com\/is\/wp-json\/wp\/v2\/types\/page"}],"author":[{"embeddable":true,"href":"https:\/\/www.filtnor.com\/is\/wp-json\/wp\/v2\/users\/1"}],"replies":[{"embeddable":true,"href":"https:\/\/www.filtnor.com\/is\/wp-json\/wp\/v2\/comments?post=3976"}],"version-history":[{"count":4,"href":"https:\/\/www.filtnor.com\/is\/wp-json\/wp\/v2\/pages\/3976\/revisions"}],"predecessor-version":[{"id":4657,"href":"https:\/\/www.filtnor.com\/is\/wp-json\/wp\/v2\/pages\/3976\/revisions\/4657"}],"up":[{"embeddable":true,"href":"https:\/\/www.filtnor.com\/is\/wp-json\/wp\/v2\/pages\/3954"}],"wp:attachment":[{"href":"https:\/\/www.filtnor.com\/is\/wp-json\/wp\/v2\/media?parent=3976"}],"curies":[{"name":"wp","href":"https:\/\/api.w.org\/{rel}","templated":true}]}}