{"id":3768,"date":"2023-10-08T00:23:08","date_gmt":"2023-10-07T22:23:08","guid":{"rendered":"https:\/\/www.filtnor.no\/?page_id=3768"},"modified":"2025-09-02T21:31:56","modified_gmt":"2025-09-02T19:31:56","slug":"siur-fyrir-bjorbruggun","status":"publish","type":"page","link":"https:\/\/www.filtnor.com\/is\/notkunarsvid-thrystisina\/siur-fyrir-bjorbruggun\/","title":{"rendered":"S\u00edur fyrir bj\u00f3rbruggun"},"content":{"rendered":"<div class=\"wpb-content-wrapper\"><div class=\"vc_row wpb_row vc_row-fluid vc_custom_1691587735553\"><div class=\"wpb_column vc_column_container vc_col-sm-12 vc_col-lg-6 vc_col-md-6\"><div class=\"vc_column-inner\"><div class=\"wpb_wrapper\"><div class=\"section-title-wrapper shortcode-rand-2 induzy-inline-css\" data-css=\"&quot;.shortcode-rand-2 .title-separator.separator-border { background-color: ; }.shortcode-rand-2 .section-title { text-transform: none; }&quot;\"><div class=\"title-wrap\"><h2 class=\"section-title\">S\u00edun \u00ed bj\u00f3rbruggun<\/h2><span class=\"title-separator separator-border theme-color-bg\"><\/span><\/div><!-- .title-wrap --><div class=\"section-description\"><\/p>\n<p data-start=\"192\" data-end=\"410\">T\u00e6r og h\u00e1g\u00e6\u00f0a bj\u00f3r byrjar me\u00f0 virkri s\u00edun. \u00cd bruggunarferlinu er nau\u00f0synlegt a\u00f0 fjarl\u00e6gja ger, pr\u00f3tein og a\u00f0rar f\u00ednar agnir til a\u00f0 n\u00e1 fram \u00feeim t\u00e6rleika, st\u00f6\u00f0ugleika og brag\u00f0einkennum sem \u00f3ska\u00f0 er eftir.<\/p>\n<p data-start=\"412\" data-end=\"676\">Hj\u00e1 Filtnor h\u00f6fum vi\u00f0 mikla reynslu af <strong data-start=\"458\" data-end=\"496\">s\u00edupressur fyrir bj\u00f3rframlei\u00f0slu<\/strong>, sem tryggir bestu m\u00f6gulegu t\u00e6rleika bj\u00f3rsins. Lausnir okkar eru s\u00e9rstaklega sni\u00f0nar a\u00f0 bruggh\u00fasum og eru a\u00f0 fullu sam\u00feykktar fyrir matv\u00e6laframlei\u00f0slu, sem gerir \u00fe\u00e6r tilvaldar fyrir bruggh\u00fasai\u00f0na\u00f0inn.<\/p>\n<p><\/div><!-- .section-description --><\/div><!-- .section-title-wrapper --><div class=\"feature-box-wrapper feature-box-style-1 vc_custom_1691588732498 shortcode-rand-3 induzy-inline-css\" data-css=\"&quot;.shortcode-rand-3.feature-box-wrapper {background: -moz-linear-gradient(141deg,  0%,  51%,  75%);\\r\\n\\t\\t\\t\\tbackground: -webkit-linear-gradient(141deg,  0%,  51%,  75%);\\r\\n\\t\\t\\t\\tbackground: linear-gradient(141deg,  0%,  51%,  75%);}.shortcode-rand-3 .feature-box-icon { font-size: 24px; }.shortcode-rand-3 .feature-box-icon { height: 48px; width: 48px; }.shortcode-rand-3 .feature-box-icon &gt; span { line-height: 2; }.shortcode-rand-3:hover .feature-box-icon { background: none; }&quot;\" ><div class=\"feature-box-btn\"><a class=\"btn default\" href=\"https:\/\/www.filtnor.no\/kontakt-oss\/\" title=\"Senda fyrirspurn\">Senda fyrirspurn<\/a><\/div><!-- .feature-box-btn --><\/div><!-- .feature-box-wrapper --><\/div><\/div><\/div><div class=\"wpb_column vc_column_container vc_col-sm-12 vc_col-lg-6 vc_col-md-6\"><div class=\"vc_column-inner\"><div class=\"wpb_wrapper\">\n\t<div  class=\"wpb_single_image wpb_content_element vc_align_left wpb_content_element\">\n\t\t\n\t\t<figure class=\"wpb_wrapper vc_figure\">\n\t\t\t<div class=\"vc_single_image-wrapper   vc_box_border_grey\"><\/div>\n\t\t<\/figure>\n\t<\/div>\n<\/div><\/div><\/div><\/div><div class=\"vc_row wpb_row vc_row-fluid vc_custom_1691588774257\"><div class=\"wpb_column vc_column_container vc_col-sm-6\"><div class=\"vc_column-inner\"><div class=\"wpb_wrapper\"><div class=\"section-title-wrapper shortcode-rand-5 induzy-inline-css\" data-css=\"&quot;.shortcode-rand-5 .title-separator.separator-border { background-color: ; }.shortcode-rand-5 .section-title { text-transform: none; }&quot;\"><div class=\"title-wrap\"><h4 class=\"section-title\"><\/h4><span class=\"title-separator separator-border theme-color-bg\"><\/span><\/div><!-- .title-wrap --><div class=\"section-description\"><\/p>\n<h3 data-start=\"678\" data-end=\"719\">S\u00edupressur s\u00e9rsni\u00f0nar fyrir bruggun<\/h3>\n<p data-start=\"721\" data-end=\"979\">S\u00edupressur okkar fyrir bj\u00f3rbruggun eru hanna\u00f0ar til a\u00f0 starfa me\u00f0 mikilli sj\u00e1lfvirkni og krefjast l\u00e1gmarks \u00fe\u00e1ttt\u00f6ku rekstrara\u00f0ila. \u00de\u00e6r eru \u00e1rei\u00f0anleg, sj\u00e1lfstillandi kerfi me\u00f0 fr\u00e1b\u00e6ran rekstrart\u00edma, sem gerir \u00fe\u00e6r vel til \u00feess fallnar a\u00f0 vera \u00ed st\u00f6\u00f0ugri notkun bruggh\u00fasa.<\/p>\n<p data-start=\"981\" data-end=\"1004\">Helstu eiginleikar eru me\u00f0al annars:<\/p>\n<ul data-start=\"1005\" data-end=\"1606\">\n<li data-start=\"1005\" data-end=\"1194\">\n<p data-start=\"1007\" data-end=\"1194\"><strong data-start=\"1007\" data-end=\"1043\">Skilvirk og hreinl\u00e6tisleg rekstur<\/strong> \u2013 allt ferli\u00f0 er innan hreinnar sk\u00e1pah\u00f6nnunar sem h\u00e6gt er a\u00f0 setja upp beint \u00ed bruggh\u00fasumhverfi \u00e1n mengunarh\u00e6ttu.<\/p>\n<\/li>\n<li data-start=\"1195\" data-end=\"1329\">\n<p data-start=\"1197\" data-end=\"1329\"><strong data-start=\"1197\" data-end=\"1217\">Au\u00f0velt vi\u00f0hald<\/strong> \u2013 skipti \u00e1 s\u00edukl\u00fatum og reglubundi\u00f0 vi\u00f0hald er h\u00e6gt a\u00f0 framkv\u00e6ma flj\u00f3tt og \u00f6rugglega, oft af einum starfsmanni.<\/p>\n<\/li>\n<li data-start=\"1330\" data-end=\"1473\">\n<p data-start=\"1332\" data-end=\"1473\"><strong data-start=\"1332\" data-end=\"1355\">Valkostur fyrir lyktarstj\u00f3rnun<\/strong> \u2013 fyrir bruggh\u00fas sem eru vi\u00f0kv\u00e6m fyrir lykt er h\u00e6gt a\u00f0 b\u00e6ta vi\u00f0 innbygg\u00f0ri loftr\u00e6stingu til a\u00f0 fjarl\u00e6gja \u00f3\u00e6skilega lykt \u00far ferlinu.<\/p>\n<\/li>\n<li data-start=\"1474\" data-end=\"1606\">\n<p data-start=\"1476\" data-end=\"1606\"><strong data-start=\"1476\" data-end=\"1501\">Fylgni vi\u00f0 matv\u00e6lakr\u00f6fur<\/strong> \u2013 allir \u00edhlutir sem komast \u00ed snertingu vi\u00f0 v\u00f6runa uppfylla str\u00f6ngustu i\u00f0na\u00f0arsta\u00f0la fyrir notkun \u00ed matv\u00e6lum og drykkjum.<\/p>\n<\/li>\n<\/ul>\n<h3 data-start=\"1608\" data-end=\"1636\">\u00c1vinningur fyrir bruggh\u00fas<\/h3>\n<ul data-start=\"1637\" data-end=\"1844\">\n<li data-start=\"1637\" data-end=\"1686\">\n<p data-start=\"1639\" data-end=\"1686\">Bj\u00f6rt, st\u00f6\u00f0ug bj\u00f3r me\u00f0 b\u00e6ttri geymslu\u00feol.<\/p>\n<\/li>\n<li data-start=\"1687\" data-end=\"1733\">\n<p data-start=\"1689\" data-end=\"1733\">Minni \u00fargangur og meiri endurheimt afur\u00f0a.<\/p>\n<\/li>\n<li data-start=\"1734\" data-end=\"1791\">\n<p data-start=\"1736\" data-end=\"1791\">\u00c1rei\u00f0anleg, samfelld rekstur me\u00f0 l\u00e1gmarks ni\u00f0urt\u00edma.<\/p>\n<\/li>\n<li data-start=\"1792\" data-end=\"1844\">\n<p data-start=\"1794\" data-end=\"1844\">Au\u00f0veld sam\u00fe\u00e6tting vi\u00f0 n\u00fat\u00edma bruggh\u00fas.<\/p>\n<\/li>\n<\/ul>\n<p data-start=\"1846\" data-end=\"2069\">Hvort sem \u00fe\u00fa ert handverksbruggh\u00fas sem leitar a\u00f0 st\u00f6\u00f0ugri hreinleika e\u00f0a st\u00f3r framlei\u00f0andi sem stefnir a\u00f0 skilvirkri st\u00f3rfelldri starfsemi, \u00fe\u00e1 bj\u00f3\u00f0a s\u00edupressur Filtnor fyrir bruggh\u00fas hreinl\u00e6tislega, skilvirka og sj\u00e1lfb\u00e6ra bj\u00f3rs\u00edun.<\/p>\n<p><\/div><!-- .section-description --><\/div><!-- .section-title-wrapper --><\/div><\/div><\/div><div class=\"wpb_column vc_column_container vc_col-sm-6\"><div class=\"vc_column-inner\"><div class=\"wpb_wrapper\"><div class=\"section-title-wrapper margin-bottom-30 shortcode-rand-6 induzy-inline-css\" data-css=\"&quot;.shortcode-rand-6 .title-separator.separator-border { background-color: ; }.shortcode-rand-6 .section-title { text-transform: none; }&quot;\"><div class=\"title-wrap\"><h4 class=\"section-title\">Deila<\/h4><span class=\"title-separator separator-border theme-color-bg\"><\/span><\/div><!-- .title-wrap --><div class=\"section-description\"><\/div><!-- .section-description --><\/div><!-- .section-title-wrapper --><div class=\"list-item-wrapper\" data-css=\"&quot;&quot;\"><div class=\"list-item-inner\" data-css=\"&quot;&quot;\"><div class=\"list-item-title media\"><span class=\"mr-3 icon-light fas fa-check\"><\/span><div class=\"media-body align-self-center list-item-desc\">H\u00e1marks sk\u00fdrleiki \u00e1 \u00f3linni<\/div><\/div><!-- .list-item-title --><\/div><!-- .list-item-inner --><div class=\"list-item-inner\" data-css=\"&quot;&quot;\"><div class=\"list-item-title media\"><span class=\"mr-3 icon-light fas fa-check\"><\/span><div class=\"media-body align-self-center list-item-desc\">Lavt orkuframlei\u00f0sla<\/div><\/div><!-- .list-item-title --><\/div><!-- .list-item-inner --><div class=\"list-item-inner\" data-css=\"&quot;&quot;\"><div class=\"list-item-title media\"><span class=\"mr-3 icon-light fas fa-check\"><\/span><div class=\"media-body align-self-center list-item-desc\">Snjalls\u00edupressa sem \u00fearf til rekstrara\u00f0ila<\/div><\/div><!-- .list-item-title --><\/div><!-- .list-item-inner --><div class=\"list-item-inner\" data-css=\"&quot;&quot;\"><div class=\"list-item-title media\"><span class=\"mr-3 icon-light fas fa-check\"><\/span><div class=\"media-body align-self-center list-item-desc\">N\u00e6ringarmi\u00f0ill g\u00f3\u00f0kynja<\/div><\/div><!-- .list-item-title --><\/div><!-- .list-item-inner --><\/div><!-- .list-item-wrapper --><\/div><\/div><\/div><\/div><div data-vc-full-width=\"true\" data-vc-full-width-init=\"false\" class=\"vc_row wpb_row vc_row-fluid additional-call-to-action vc_custom_1691588100630 vc_row-has-fill\"><div class=\"wpb_column vc_column_container vc_col-sm-12\"><div class=\"vc_column-inner\"><div class=\"wpb_wrapper\"><div class=\"vc_row wpb_row vc_inner vc_row-fluid\"><div class=\"wpb_column vc_column_container vc_col-sm-12 vc_col-lg-9 vc_col-md-12\"><div class=\"vc_column-inner\"><div class=\"wpb_wrapper\"><div class=\"feature-box-wrapper feature-box-style-1 shortcode-rand-13 induzy-inline-css feature-list-1\" data-css=\"&quot;.shortcode-rand-13.feature-box-wrapper { color: #000000; }.shortcode-rand-13.feature-box-wrapper {background: -moz-linear-gradient(141deg,  0%,  51%,  75%);\\r\\n\\t\\t\\t\\tbackground: -webkit-linear-gradient(141deg,  0%,  51%,  75%);\\r\\n\\t\\t\\t\\tbackground: linear-gradient(141deg,  0%,  51%,  75%);}.shortcode-rand-13 .feature-box-icon { font-size: 30px; }.shortcode-rand-13 .feature-box-icon { height: 60px; width: 60px; }.shortcode-rand-13 .feature-box-icon &gt; span { line-height: 2; }.shortcode-rand-13:hover .feature-box-icon { background: none; }&quot;\" ><div class=\"fbox-list\"><div class=\"media\"><div class=\"feature-box-icon mr-3 text-center rounded-circle none\"><span class=\"\"><\/span><\/div><!-- .feature-box-icon --><div class=\"media-body\"><div class=\"feature-box-title\"><h4 class=\"section-title\">Viltu bj\u00f3\u00f0a m\u00e9r?<\/h4><\/div><!-- .feature-box-title --><div class=\"feature-box-content\">Haf\u00f0u samband vi\u00f0 okkur fyrir \u00f3skyld tilbo\u00f0!<\/div><!-- .feature-box-content --><\/div><\/div><\/div><\/div><!-- .feature-box-wrapper --><\/div><\/div><\/div><div class=\"wpb_column vc_column_container vc_col-sm-12 vc_col-lg-3 vc_col-md-12\"><div class=\"vc_column-inner vc_custom_1691588352947\"><div class=\"wpb_wrapper\"><div class=\"vc_btn3-container  additional-btn vc_btn3-right vc_custom_1691589162716 vc_do_btn\" ><a style=\"background-color:#06295e; color:#ffffff;\" class=\"vc_general vc_btn3 vc_btn3-size-md vc_btn3-shape-rounded vc_btn3-style-custom\" href=\"https:\/\/www.filtnor.no\/kontakt-oss\/\" title=\"\">Senda fyrirspurn<\/a><\/div><\/div><\/div><\/div><\/div><\/div><\/div><\/div><\/div><div class=\"vc_row-full-width vc_clearfix\"><\/div>\n<\/div>","protected":false},"excerpt":{"rendered":"S\u00edun \u00ed bj\u00f3rbruggun T\u00e6r, h\u00e1g\u00e6\u00f0a bj\u00f3r byrjar me\u00f0 virkri s\u00edun. \u00cd bruggunarferlinu er nau\u00f0synlegt a\u00f0 fjarl\u00e6gja ger, pr\u00f3tein og a\u00f0rar f\u00ednar agnir til a\u00f0 n\u00e1 fram \u00feeim t\u00e6rleika, st\u00f6\u00f0ugleika og brag\u00f0i sem \u00f3ska\u00f0 er eftir. Hj\u00e1 Filtnor h\u00f6fum vi\u00f0 mikla reynslu af s\u00edupressum fyrir bj\u00f3rframlei\u00f0slu, sem tryggir besta m\u00f6gulega t\u00e6rleika bj\u00f3rsins. Lausnir okkar","protected":false},"author":1,"featured_media":0,"parent":4070,"menu_order":0,"comment_status":"closed","ping_status":"closed","template":"","meta":{"om_disable_all_campaigns":false,"footnotes":""},"class_list":["post-3768","page","type-page","status-publish","hentry"],"yoast_head":"<!-- This site is optimized with the Yoast SEO Premium plugin v26.1 (Yoast SEO v27.5) - https:\/\/yoast.com\/product\/yoast-seo-premium-wordpress\/ -->\n<title>Filters for Beer Brewing - Filtnor<\/title>\n<meta name=\"description\" content=\"Filterpresser til \u00f8lbrygging for filtrering av \u00f8l og n\u00e6ringsmidler. Energieffektive pressfilter for brygging og \u00f8lfiltrering.\" \/>\n<meta name=\"robots\" content=\"index, follow, max-snippet:-1, max-image-preview:large, max-video-preview:-1\" \/>\n<link rel=\"canonical\" href=\"https:\/\/www.filtnor.com\/is\/notkunarsvid-thrystisina\/siur-fyrir-bjorbruggun\/\" \/>\n<meta property=\"og:locale\" content=\"is_IS\" \/>\n<meta property=\"og:type\" content=\"article\" \/>\n<meta property=\"og:title\" content=\"Filters for Beer Brewing\" \/>\n<meta property=\"og:description\" content=\"Filterpresser til \u00f8lbrygging for filtrering av \u00f8l og n\u00e6ringsmidler. Energieffektive pressfilter for brygging og \u00f8lfiltrering.\" \/>\n<meta property=\"og:url\" content=\"https:\/\/www.filtnor.com\/is\/notkunarsvid-thrystisina\/siur-fyrir-bjorbruggun\/\" \/>\n<meta property=\"og:site_name\" content=\"Filtnor\" \/>\n<meta property=\"article:modified_time\" content=\"2025-09-02T19:31:56+00:00\" \/>\n<meta name=\"twitter:card\" content=\"summary_large_image\" \/>\n<meta name=\"twitter:label1\" content=\"Est. reading time\" \/>\n\t<meta name=\"twitter:data1\" content=\"3 minutes\" \/>\n<script type=\"application\/ld+json\" class=\"yoast-schema-graph\">{\"@context\":\"https:\\\/\\\/schema.org\",\"@graph\":[{\"@type\":\"WebPage\",\"@id\":\"https:\\\/\\\/www.filtnor.com\\\/areas-of-use-for-pressure-filters\\\/filters-for-beer-brewing\\\/\",\"url\":\"https:\\\/\\\/www.filtnor.com\\\/areas-of-use-for-pressure-filters\\\/filters-for-beer-brewing\\\/\",\"name\":\"Filters for Beer Brewing - Filtnor\",\"isPartOf\":{\"@id\":\"https:\\\/\\\/www.filtnor.com\\\/#website\"},\"datePublished\":\"2023-10-07T22:23:08+00:00\",\"dateModified\":\"2025-09-02T19:31:56+00:00\",\"description\":\"Filterpresser til \u00f8lbrygging for filtrering av \u00f8l og n\u00e6ringsmidler. Energieffektive pressfilter for brygging og \u00f8lfiltrering.\",\"breadcrumb\":{\"@id\":\"https:\\\/\\\/www.filtnor.com\\\/areas-of-use-for-pressure-filters\\\/filters-for-beer-brewing\\\/#breadcrumb\"},\"inLanguage\":\"is\",\"potentialAction\":[{\"@type\":\"ReadAction\",\"target\":[\"https:\\\/\\\/www.filtnor.com\\\/areas-of-use-for-pressure-filters\\\/filters-for-beer-brewing\\\/\"]}]},{\"@type\":\"BreadcrumbList\",\"@id\":\"https:\\\/\\\/www.filtnor.com\\\/areas-of-use-for-pressure-filters\\\/filters-for-beer-brewing\\\/#breadcrumb\",\"itemListElement\":[{\"@type\":\"ListItem\",\"position\":1,\"name\":\"Home\",\"item\":\"https:\\\/\\\/www.filtnor.com\\\/\"},{\"@type\":\"ListItem\",\"position\":2,\"name\":\"Areas of Use for Pressure Filters\",\"item\":\"https:\\\/\\\/www.filtnor.com\\\/areas-of-use-for-pressure-filters\\\/\"},{\"@type\":\"ListItem\",\"position\":3,\"name\":\"Filters for Beer Brewing\"}]},{\"@type\":\"WebSite\",\"@id\":\"https:\\\/\\\/www.filtnor.com\\\/#website\",\"url\":\"https:\\\/\\\/www.filtnor.com\\\/\",\"name\":\"Filtnor\",\"description\":\"Filtration you can trust. Performance that lasts.\",\"potentialAction\":[{\"@type\":\"SearchAction\",\"target\":{\"@type\":\"EntryPoint\",\"urlTemplate\":\"https:\\\/\\\/www.filtnor.com\\\/?s={search_term_string}\"},\"query-input\":{\"@type\":\"PropertyValueSpecification\",\"valueRequired\":true,\"valueName\":\"search_term_string\"}}],\"inLanguage\":\"is\"}]}<\/script>\n<!-- \/ Yoast SEO Premium plugin. -->","yoast_head_json":{"title":"S\u00edur fyrir bj\u00f3rbruggun - Filtnor","description":"Filterpresser til \u00f8lbrygging til s\u00edunar af \u00f6l og n\u00e6ring. Orkuhagkv\u00e6m pressus\u00eda fyrir bryggju og \u00f8lfiltrering.","robots":{"index":"index","follow":"follow","max-snippet":"max-snippet:-1","max-image-preview":"max-image-preview:large","max-video-preview":"max-video-preview:-1"},"canonical":"https:\/\/www.filtnor.com\/is\/notkunarsvid-thrystisina\/siur-fyrir-bjorbruggun\/","og_locale":"is_IS","og_type":"article","og_title":"Filters for Beer Brewing","og_description":"Filterpresser til \u00f8lbrygging for filtrering av \u00f8l og n\u00e6ringsmidler. Energieffektive pressfilter for brygging og \u00f8lfiltrering.","og_url":"https:\/\/www.filtnor.com\/is\/notkunarsvid-thrystisina\/siur-fyrir-bjorbruggun\/","og_site_name":"Filtnor","article_modified_time":"2025-09-02T19:31:56+00:00","twitter_card":"summary_large_image","twitter_misc":{"Est. reading time":"3 minutes"},"schema":{"@context":"https:\/\/schema.org","@graph":[{"@type":"WebPage","@id":"https:\/\/www.filtnor.com\/areas-of-use-for-pressure-filters\/filters-for-beer-brewing\/","url":"https:\/\/www.filtnor.com\/areas-of-use-for-pressure-filters\/filters-for-beer-brewing\/","name":"S\u00edur fyrir bj\u00f3rbruggun - Filtnor","isPartOf":{"@id":"https:\/\/www.filtnor.com\/#website"},"datePublished":"2023-10-07T22:23:08+00:00","dateModified":"2025-09-02T19:31:56+00:00","description":"Filterpresser til \u00f8lbrygging til s\u00edunar af \u00f6l og n\u00e6ring. Orkuhagkv\u00e6m pressus\u00eda fyrir bryggju og \u00f8lfiltrering.","breadcrumb":{"@id":"https:\/\/www.filtnor.com\/areas-of-use-for-pressure-filters\/filters-for-beer-brewing\/#breadcrumb"},"inLanguage":"is","potentialAction":[{"@type":"ReadAction","target":["https:\/\/www.filtnor.com\/areas-of-use-for-pressure-filters\/filters-for-beer-brewing\/"]}]},{"@type":"BreadcrumbList","@id":"https:\/\/www.filtnor.com\/areas-of-use-for-pressure-filters\/filters-for-beer-brewing\/#breadcrumb","itemListElement":[{"@type":"ListItem","position":1,"name":"Home","item":"https:\/\/www.filtnor.com\/"},{"@type":"ListItem","position":2,"name":"Areas of Use for Pressure Filters","item":"https:\/\/www.filtnor.com\/areas-of-use-for-pressure-filters\/"},{"@type":"ListItem","position":3,"name":"Filters for Beer Brewing"}]},{"@type":"WebSite","@id":"https:\/\/www.filtnor.com\/#website","url":"https:\/\/www.filtnor.com\/","name":"Filtnor","description":"S\u00edun sem \u00fe\u00fa getur treyst. Afk\u00f6st sem endast.","potentialAction":[{"@type":"SearchAction","target":{"@type":"EntryPoint","urlTemplate":"https:\/\/www.filtnor.com\/?s={search_term_string}"},"query-input":{"@type":"PropertyValueSpecification","valueRequired":true,"valueName":"search_term_string"}}],"inLanguage":"is"}]}},"_links":{"self":[{"href":"https:\/\/www.filtnor.com\/is\/wp-json\/wp\/v2\/pages\/3768","targetHints":{"allow":["GET"]}}],"collection":[{"href":"https:\/\/www.filtnor.com\/is\/wp-json\/wp\/v2\/pages"}],"about":[{"href":"https:\/\/www.filtnor.com\/is\/wp-json\/wp\/v2\/types\/page"}],"author":[{"embeddable":true,"href":"https:\/\/www.filtnor.com\/is\/wp-json\/wp\/v2\/users\/1"}],"replies":[{"embeddable":true,"href":"https:\/\/www.filtnor.com\/is\/wp-json\/wp\/v2\/comments?post=3768"}],"version-history":[{"count":4,"href":"https:\/\/www.filtnor.com\/is\/wp-json\/wp\/v2\/pages\/3768\/revisions"}],"predecessor-version":[{"id":4939,"href":"https:\/\/www.filtnor.com\/is\/wp-json\/wp\/v2\/pages\/3768\/revisions\/4939"}],"up":[{"embeddable":true,"href":"https:\/\/www.filtnor.com\/is\/wp-json\/wp\/v2\/pages\/4070"}],"wp:attachment":[{"href":"https:\/\/www.filtnor.com\/is\/wp-json\/wp\/v2\/media?parent=3768"}],"curies":[{"name":"wp","href":"https:\/\/api.w.org\/{rel}","templated":true}]}}