{"id":3616,"date":"2024-04-19T20:24:36","date_gmt":"2024-04-19T19:24:36","guid":{"rendered":"https:\/\/www.filtnor.no\/?page_id=3616"},"modified":"2024-08-26T15:45:25","modified_gmt":"2024-08-26T13:45:25","slug":"skilgreiningarskyring","status":"publish","type":"page","link":"https:\/\/www.filtnor.com\/is\/skilgreiningarskyring\/","title":{"rendered":"Sk\u00fdring \u00e1 skilgreiningu"},"content":{"rendered":"<div class=\"wpb-content-wrapper\"><div class=\"vc_row wpb_row vc_row-fluid vc_custom_1713555533163\"><div class=\"wpb_column vc_column_container vc_col-sm-12\"><div class=\"vc_column-inner\"><div class=\"wpb_wrapper\">\n\t<div class=\"wpb_text_column wpb_content_element\" >\n\t\t<div class=\"wpb_wrapper\">\n\t\t\t<p>\u00cd s\u00edun og a\u00f0skilna\u00f0i eru notu\u00f0 m\u00f6rg t\u00e6knileg hugt\u00f6k, svo h\u00e9r munum vi\u00f0 skilgreina mismunandi or\u00f0 sem oft eru notu\u00f0 \u00feegar r\u00e6tt er um s\u00edur.<\/p>\n\n\t\t<\/div>\n\t<\/div>\n<\/div><\/div><\/div><\/div><div class=\"vc_row wpb_row vc_row-fluid vc_custom_1713555391237\"><div class=\"wpb_column vc_column_container vc_col-sm-6\"><div class=\"vc_column-inner vc_custom_1713555476537\"><div class=\"wpb_wrapper\"><div class=\"vc_tta-container\" data-vc-action=\"collapse\"><div class=\"vc_general vc_tta vc_tta-accordion vc_tta-color-grey vc_tta-style-flat vc_tta-shape-rounded vc_tta-o-shape-group vc_tta-gap-5 vc_tta-controls-align-default\"><div class=\"vc_tta-panels-container\"><div class=\"vc_tta-panels\"><div class=\"vc_tta-panel vc_active\" id=\"1509077769794-fba1842b-1469\" data-vc-content=\".vc_tta-panel-body\"><div class=\"vc_tta-panel-heading\"><h4 class=\"vc_tta-panel-title vc_tta-controls-icon-position-left\"><a href=\"#1509077769794-fba1842b-1469\" data-vc-accordion data-vc-container=\".vc_tta-container\"><span class=\"vc_tta-title-text\">Hva\u00f0 er \u00fer\u00fdstis\u00eda?<\/span><i class=\"vc_tta-controls-icon vc_tta-controls-icon-chevron\"><\/i><\/a><\/h4><\/div><div class=\"vc_tta-panel-body\">\n\t<div class=\"wpb_text_column wpb_content_element\" >\n\t\t<div class=\"wpb_wrapper\">\n\t\t\t<p>\u00der\u00fdstis\u00eda er t\u00e6knilegt t\u00e6ki sem er nota\u00f0 til a\u00f0 a\u00f0skilja f\u00f6st efni og v\u00f6kva hvort fr\u00e1 \u00f6\u00f0ru me\u00f0 \u00fev\u00ed a\u00f0 nota h\u00e1\u00fer\u00fdsting til a\u00f0 \u00fer\u00fdsta le\u00f0junni \u00ed gegnum s\u00edu sem fangar f\u00f6stu efnin.<\/p>\n\n\t\t<\/div>\n\t<\/div>\n<\/div><\/div><div class=\"vc_tta-panel\" id=\"1509021575243-589346ee-3847\" data-vc-content=\".vc_tta-panel-body\"><div class=\"vc_tta-panel-heading\"><h4 class=\"vc_tta-panel-title vc_tta-controls-icon-position-left\"><a href=\"#1509021575243-589346ee-3847\" data-vc-accordion data-vc-container=\".vc_tta-container\"><span class=\"vc_tta-title-text\">Hva\u00f0 er s\u00edupressa?<\/span><i class=\"vc_tta-controls-icon vc_tta-controls-icon-chevron\"><\/i><\/a><\/h4><\/div><div class=\"vc_tta-panel-body\">\n\t<div class=\"wpb_text_column wpb_content_element\" >\n\t\t<div class=\"wpb_wrapper\">\n\t\t\t<p>S\u00edupressa er ein ger\u00f0 \u00fer\u00fdstis\u00edu og er oftast nefnd l\u00e1r\u00e9tt \u00fer\u00fdstis\u00eda \u00fear sem s\u00edupl\u00f6turnar eru \u00fer\u00fdstar til hli\u00f0ar.<\/p>\n\n\t\t<\/div>\n\t<\/div>\n<\/div><\/div><div class=\"vc_tta-panel\" id=\"1509021575289-b134d249-782d\" data-vc-content=\".vc_tta-panel-body\"><div class=\"vc_tta-panel-heading\"><h4 class=\"vc_tta-panel-title vc_tta-controls-icon-position-left\"><a href=\"#1509021575289-b134d249-782d\" data-vc-accordion data-vc-container=\".vc_tta-container\"><span class=\"vc_tta-title-text\">Hva\u00f0 er s\u00edukaka?<\/span><i class=\"vc_tta-controls-icon vc_tta-controls-icon-chevron\"><\/i><\/a><\/h4><\/div><div class=\"vc_tta-panel-body\">\n\t<div class=\"wpb_text_column wpb_content_element\" >\n\t\t<div class=\"wpb_wrapper\">\n\t\t\t<p>S\u00edukakan er safn fastra agna sem hafa veri\u00f0 s\u00eda\u00f0ar fr\u00e1 v\u00f6kvanum og \u00fer\u00fdst \u00ed \u201ck\u00f6ku\u201d.<\/p>\n\n\t\t<\/div>\n\t<\/div>\n<\/div><\/div><div class=\"vc_tta-panel\" id=\"1509023573481-e113de9e-c3c3\" data-vc-content=\".vc_tta-panel-body\"><div class=\"vc_tta-panel-heading\"><h4 class=\"vc_tta-panel-title vc_tta-controls-icon-position-left\"><a href=\"#1509023573481-e113de9e-c3c3\" data-vc-accordion data-vc-container=\".vc_tta-container\"><span class=\"vc_tta-title-text\">Hva\u00f0 er s\u00eduv\u00f6kvi?<\/span><i class=\"vc_tta-controls-icon vc_tta-controls-icon-chevron\"><\/i><\/a><\/h4><\/div><div class=\"vc_tta-panel-body\">\n\t<div class=\"wpb_text_column wpb_content_element\" >\n\t\t<div class=\"wpb_wrapper\">\n\t\t\t<p>S\u00eduv\u00f6kvinn er v\u00f6kvinn sem hefur veri\u00f0 a\u00f0skilinn \u00ed gegnum s\u00eduna.<\/p>\n\n\t\t<\/div>\n\t<\/div>\n<\/div><\/div><div class=\"vc_tta-panel\" id=\"1509023604746-e6524ac8-64f3\" data-vc-content=\".vc_tta-panel-body\"><div class=\"vc_tta-panel-heading\"><h4 class=\"vc_tta-panel-title vc_tta-controls-icon-position-left\"><a href=\"#1509023604746-e6524ac8-64f3\" data-vc-accordion data-vc-container=\".vc_tta-container\"><span class=\"vc_tta-title-text\">Hva\u00f0 er slurry?<\/span><i class=\"vc_tta-controls-icon vc_tta-controls-icon-chevron\"><\/i><\/a><\/h4><\/div><div class=\"vc_tta-panel-body\">\n\t<div class=\"wpb_text_column wpb_content_element\" >\n\t\t<div class=\"wpb_wrapper\">\n\t\t\t<p>Hugtaki\u00f0 \u201eslurry\u201c er nota\u00f0 yfir bl\u00f6ndu\u00f0u mi\u00f0li sem samanstendur b\u00e6\u00f0i af f\u00f6stum \u00f6gnum og v\u00f6kva.<\/p>\n\n\t\t<\/div>\n\t<\/div>\n<\/div><\/div><div class=\"vc_tta-panel\" id=\"1509023631488-e8b3cb2b-1ff6\" data-vc-content=\".vc_tta-panel-body\"><div class=\"vc_tta-panel-heading\"><h4 class=\"vc_tta-panel-title vc_tta-controls-icon-position-left\"><a href=\"#1509023631488-e8b3cb2b-1ff6\" data-vc-accordion data-vc-container=\".vc_tta-container\"><span class=\"vc_tta-title-text\">Hva\u00f0 er afv\u00f6tnun?<\/span><i class=\"vc_tta-controls-icon vc_tta-controls-icon-chevron\"><\/i><\/a><\/h4><\/div><div class=\"vc_tta-panel-body\">\n\t<div class=\"wpb_text_column wpb_content_element\" >\n\t\t<div class=\"wpb_wrapper\">\n\t\t\t<p>Afv\u00f6tnun er \u00e1tt vi\u00f0 a\u00f0 fjarl\u00e6gja v\u00f6kvann me\u00f0 s\u00edun \u00feannig a\u00f0 a\u00f0eins f\u00f6st efni sitji eftir.<\/p>\n\n\t\t<\/div>\n\t<\/div>\n<\/div><\/div><div class=\"vc_tta-panel\" id=\"1723544080236-22900fcc-ba68\" data-vc-content=\".vc_tta-panel-body\"><div class=\"vc_tta-panel-heading\"><h4 class=\"vc_tta-panel-title vc_tta-controls-icon-position-left\"><a href=\"#1723544080236-22900fcc-ba68\" data-vc-accordion data-vc-container=\".vc_tta-container\"><span class=\"vc_tta-title-text\">Hva\u00f0 er flokkunarefni?<\/span><i class=\"vc_tta-controls-icon vc_tta-controls-icon-chevron\"><\/i><\/a><\/h4><\/div><div class=\"vc_tta-panel-body\">\n\t<div class=\"wpb_text_column wpb_content_element\" >\n\t\t<div class=\"wpb_wrapper\">\n\t\t\t<p>Flokkunarefni eru aukefni sem valda \u00fev\u00ed a\u00f0 sm\u00e1ar agnir safnast saman \u00ed st\u00e6rri flokka, sem hafa \u00e1hrif \u00e1 s\u00edunareiginleika. Flokkunarefni eru oft notu\u00f0 til a\u00f0 b\u00e6ta s\u00edunarhagkv\u00e6mni, \u00feurrleika k\u00f6kunnar og t\u00e6rleika s\u00eduv\u00f6kvans.<\/p>\n\n\t\t<\/div>\n\t<\/div>\n<\/div><\/div><\/div><\/div><\/div><\/div><\/div><\/div><\/div><\/div><div data-vc-full-width=\"true\" data-vc-full-width-init=\"false\" class=\"vc_row wpb_row vc_row-fluid additional-call-to-action vc_custom_1693336638186 vc_row-has-fill\"><div class=\"wpb_column vc_column_container vc_col-sm-12\"><div class=\"vc_column-inner\"><div class=\"wpb_wrapper\"><div class=\"vc_row wpb_row vc_inner vc_row-fluid\"><div class=\"wpb_column vc_column_container vc_col-sm-12 vc_col-lg-9 vc_col-md-12\"><div class=\"vc_column-inner\"><div class=\"wpb_wrapper\"><div class=\"feature-box-wrapper feature-box-style-1 vc_custom_1722335111860 shortcode-rand-4 induzy-inline-css feature-list-1\" data-css=\"&quot;.shortcode-rand-4.feature-box-wrapper .section-title { color: #ffffff; }.shortcode-rand-4.feature-box-wrapper { color: #ffffff; }.shortcode-rand-4.feature-box-wrapper {background: -moz-linear-gradient(141deg,  0%,  51%,  75%);\\r\\n\\t\\t\\t\\tbackground: -webkit-linear-gradient(141deg,  0%,  51%,  75%);\\r\\n\\t\\t\\t\\tbackground: linear-gradient(141deg,  0%,  51%,  75%);}.shortcode-rand-4 .feature-box-icon { font-size: 30px; }.shortcode-rand-4 .feature-box-icon { height: 60px; width: 60px; }.shortcode-rand-4 .feature-box-icon &gt; span { line-height: 2; }.shortcode-rand-4 .feature-box-icon { color: #ffffff; }.shortcode-rand-4:hover .feature-box-icon { background: none; }.shortcode-rand-4 .feature-box-icon { border-style: solid; border-color: #ffffff; }.shortcode-rand-4 .feature-box-icon { border-width: 2px; }&quot;\" ><div class=\"fbox-list\"><div class=\"media\"><div class=\"feature-box-icon mr-3 text-center rounded-circle none\"><span class=\"fa fa-phone\"><\/span><\/div><!-- .feature-box-icon --><div class=\"media-body\"><div class=\"feature-box-title\"><h4 class=\"section-title\">Finnur \u00fe\u00fa ekki \u00fea\u00f0 sem \u00fe\u00fa ert a\u00f0 leita a\u00f0?<\/h4><\/div><!-- .feature-box-title --><div class=\"feature-box-content\">Haf\u00f0u samband vi\u00f0 okkur og vi\u00f0 hj\u00e1lpum \u00fe\u00e9r a\u00f0 finna \u00fea\u00f0 \u00fat!<\/div><!-- .feature-box-content --><\/div><\/div><\/div><\/div><!-- .feature-box-wrapper --><\/div><\/div><\/div><div class=\"wpb_column vc_column_container vc_col-sm-12 vc_col-lg-3 vc_col-md-12\"><div class=\"vc_column-inner vc_custom_1507708598258\"><div class=\"wpb_wrapper\"><div class=\"vc_btn3-container  additional-btn vc_btn3-right vc_custom_1722335090517 vc_do_btn\" ><a style=\"background-color:#ffffff; color:#06295e;\" class=\"vc_general vc_btn3 vc_btn3-size-md vc_btn3-shape-square vc_btn3-style-custom\" href=\"https:\/\/www.filtnor.com\/is\/hafdu-samband-vid-okkur\/\" title=\"Haf\u00f0u samband vi\u00f0 okkur\">SENDA FYRIRSPURN \u00bb<\/a><\/div><\/div><\/div><\/div><\/div><\/div><\/div><\/div><\/div><div class=\"vc_row-full-width vc_clearfix\"><\/div>\n<\/div>","protected":false},"excerpt":{"rendered":"\u00cd s\u00edun og a\u00f0skilna\u00f0i eru notu\u00f0 m\u00f6rg t\u00e6knileg hugt\u00f6k, svo h\u00e9r munum vi\u00f0 skilgreina mismunandi or\u00f0 sem oft eru notu\u00f0 \u00feegar tala\u00f0 er um s\u00edur. Hva\u00f0 er \u00fer\u00fdstis\u00eda? \u00der\u00fdstis\u00eda er t\u00e6knilegt t\u00e6ki sem nota\u00f0 er til a\u00f0 a\u00f0skilja f\u00f6st efni og v\u00f6kva fr\u00e1 hvort \u00f6\u00f0ru me\u00f0 \u00fev\u00ed a\u00f0 nota mikinn \u00fer\u00fdsting til a\u00f0 \u00fer\u00fdsta \u00e1 ...","protected":false},"author":1,"featured_media":0,"parent":0,"menu_order":0,"comment_status":"closed","ping_status":"closed","template":"","meta":{"om_disable_all_campaigns":false,"footnotes":""},"class_list":["post-3616","page","type-page","status-publish","hentry"],"yoast_head":"<!-- This site is optimized with the Yoast SEO Premium plugin v26.1 (Yoast SEO v27.4) - https:\/\/yoast.com\/product\/yoast-seo-premium-wordpress\/ -->\n<title>Definition clarification - Filtnor<\/title>\n<meta name=\"description\" content=\"Definition clarification for tehnical terms about pressure filters, filtration and separation technology for filtering.\" \/>\n<meta name=\"robots\" content=\"index, follow, max-snippet:-1, max-image-preview:large, max-video-preview:-1\" \/>\n<link rel=\"canonical\" href=\"https:\/\/www.filtnor.com\/is\/skilgreiningarskyring\/\" \/>\n<meta property=\"og:locale\" content=\"is_IS\" \/>\n<meta property=\"og:type\" content=\"article\" \/>\n<meta property=\"og:title\" content=\"Definition clarification\" \/>\n<meta property=\"og:description\" content=\"Definition clarification for tehnical terms about pressure filters, filtration and separation technology for filtering.\" \/>\n<meta property=\"og:url\" content=\"https:\/\/www.filtnor.com\/is\/skilgreiningarskyring\/\" \/>\n<meta property=\"og:site_name\" content=\"Filtnor\" \/>\n<meta property=\"article:modified_time\" content=\"2024-08-26T13:45:25+00:00\" \/>\n<meta name=\"twitter:card\" content=\"summary_large_image\" \/>\n<meta name=\"twitter:label1\" content=\"Est. reading time\" \/>\n\t<meta name=\"twitter:data1\" content=\"2 minutes\" \/>\n<script type=\"application\/ld+json\" class=\"yoast-schema-graph\">{\"@context\":\"https:\\\/\\\/schema.org\",\"@graph\":[{\"@type\":\"WebPage\",\"@id\":\"https:\\\/\\\/www.filtnor.com\\\/definition-clarification\\\/\",\"url\":\"https:\\\/\\\/www.filtnor.com\\\/definition-clarification\\\/\",\"name\":\"Definition clarification - Filtnor\",\"isPartOf\":{\"@id\":\"https:\\\/\\\/www.filtnor.com\\\/#website\"},\"datePublished\":\"2024-04-19T19:24:36+00:00\",\"dateModified\":\"2024-08-26T13:45:25+00:00\",\"description\":\"Definition clarification for tehnical terms about pressure filters, filtration and separation technology for filtering.\",\"breadcrumb\":{\"@id\":\"https:\\\/\\\/www.filtnor.com\\\/definition-clarification\\\/#breadcrumb\"},\"inLanguage\":\"is\",\"potentialAction\":[{\"@type\":\"ReadAction\",\"target\":[\"https:\\\/\\\/www.filtnor.com\\\/definition-clarification\\\/\"]}]},{\"@type\":\"BreadcrumbList\",\"@id\":\"https:\\\/\\\/www.filtnor.com\\\/definition-clarification\\\/#breadcrumb\",\"itemListElement\":[{\"@type\":\"ListItem\",\"position\":1,\"name\":\"Home\",\"item\":\"https:\\\/\\\/www.filtnor.com\\\/\"},{\"@type\":\"ListItem\",\"position\":2,\"name\":\"Definition clarification\"}]},{\"@type\":\"WebSite\",\"@id\":\"https:\\\/\\\/www.filtnor.com\\\/#website\",\"url\":\"https:\\\/\\\/www.filtnor.com\\\/\",\"name\":\"Filtnor\",\"description\":\"Filtration you can trust. Performance that lasts.\",\"potentialAction\":[{\"@type\":\"SearchAction\",\"target\":{\"@type\":\"EntryPoint\",\"urlTemplate\":\"https:\\\/\\\/www.filtnor.com\\\/?s={search_term_string}\"},\"query-input\":{\"@type\":\"PropertyValueSpecification\",\"valueRequired\":true,\"valueName\":\"search_term_string\"}}],\"inLanguage\":\"is\"}]}<\/script>\n<!-- \/ Yoast SEO Premium plugin. -->","yoast_head_json":{"title":"Skilgreiningarsk\u00fdring - Filtnor","description":"Sk\u00fdringar \u00e1 skilgreiningum \u00e1 t\u00e6knilegum hugt\u00f6kum um \u00fer\u00fdstis\u00edur, s\u00edun og a\u00f0skilna\u00f0art\u00e6kni fyrir s\u00edun.","robots":{"index":"index","follow":"follow","max-snippet":"max-snippet:-1","max-image-preview":"max-image-preview:large","max-video-preview":"max-video-preview:-1"},"canonical":"https:\/\/www.filtnor.com\/is\/skilgreiningarskyring\/","og_locale":"is_IS","og_type":"article","og_title":"Definition clarification","og_description":"Definition clarification for tehnical terms about pressure filters, filtration and separation technology for filtering.","og_url":"https:\/\/www.filtnor.com\/is\/skilgreiningarskyring\/","og_site_name":"Filtnor","article_modified_time":"2024-08-26T13:45:25+00:00","twitter_card":"summary_large_image","twitter_misc":{"Est. reading time":"2 minutes"},"schema":{"@context":"https:\/\/schema.org","@graph":[{"@type":"WebPage","@id":"https:\/\/www.filtnor.com\/definition-clarification\/","url":"https:\/\/www.filtnor.com\/definition-clarification\/","name":"Skilgreiningarsk\u00fdring - Filtnor","isPartOf":{"@id":"https:\/\/www.filtnor.com\/#website"},"datePublished":"2024-04-19T19:24:36+00:00","dateModified":"2024-08-26T13:45:25+00:00","description":"Sk\u00fdringar \u00e1 skilgreiningum \u00e1 t\u00e6knilegum hugt\u00f6kum um \u00fer\u00fdstis\u00edur, s\u00edun og a\u00f0skilna\u00f0art\u00e6kni fyrir s\u00edun.","breadcrumb":{"@id":"https:\/\/www.filtnor.com\/definition-clarification\/#breadcrumb"},"inLanguage":"is","potentialAction":[{"@type":"ReadAction","target":["https:\/\/www.filtnor.com\/definition-clarification\/"]}]},{"@type":"BreadcrumbList","@id":"https:\/\/www.filtnor.com\/definition-clarification\/#breadcrumb","itemListElement":[{"@type":"ListItem","position":1,"name":"Home","item":"https:\/\/www.filtnor.com\/"},{"@type":"ListItem","position":2,"name":"Definition clarification"}]},{"@type":"WebSite","@id":"https:\/\/www.filtnor.com\/#website","url":"https:\/\/www.filtnor.com\/","name":"Filtnor","description":"S\u00edun sem \u00fe\u00fa getur treyst. Afk\u00f6st sem endast.","potentialAction":[{"@type":"SearchAction","target":{"@type":"EntryPoint","urlTemplate":"https:\/\/www.filtnor.com\/?s={search_term_string}"},"query-input":{"@type":"PropertyValueSpecification","valueRequired":true,"valueName":"search_term_string"}}],"inLanguage":"is"}]}},"_links":{"self":[{"href":"https:\/\/www.filtnor.com\/is\/wp-json\/wp\/v2\/pages\/3616","targetHints":{"allow":["GET"]}}],"collection":[{"href":"https:\/\/www.filtnor.com\/is\/wp-json\/wp\/v2\/pages"}],"about":[{"href":"https:\/\/www.filtnor.com\/is\/wp-json\/wp\/v2\/types\/page"}],"author":[{"embeddable":true,"href":"https:\/\/www.filtnor.com\/is\/wp-json\/wp\/v2\/users\/1"}],"replies":[{"embeddable":true,"href":"https:\/\/www.filtnor.com\/is\/wp-json\/wp\/v2\/comments?post=3616"}],"version-history":[{"count":5,"href":"https:\/\/www.filtnor.com\/is\/wp-json\/wp\/v2\/pages\/3616\/revisions"}],"predecessor-version":[{"id":5109,"href":"https:\/\/www.filtnor.com\/is\/wp-json\/wp\/v2\/pages\/3616\/revisions\/5109"}],"wp:attachment":[{"href":"https:\/\/www.filtnor.com\/is\/wp-json\/wp\/v2\/media?parent=3616"}],"curies":[{"name":"wp","href":"https:\/\/api.w.org\/{rel}","templated":true}]}}