{"id":3493,"date":"2023-08-15T17:20:31","date_gmt":"2023-08-15T17:20:31","guid":{"rendered":"https:\/\/www.filtnor.no\/?page_id=3493"},"modified":"2025-04-12T00:29:45","modified_gmt":"2025-04-11T22:29:45","slug":"gagnsaeislog","status":"publish","type":"page","link":"https:\/\/www.filtnor.com\/is\/gagnsaeislog\/","title":{"rendered":"L\u00f6g um gagns\u00e6i"},"content":{"rendered":"<div class=\"wpb-content-wrapper\"><div class=\"vc_row wpb_row vc_row-fluid vc_custom_1744410505128\"><div class=\"wpb_column vc_column_container vc_col-sm-12\"><div class=\"vc_column-inner\"><div class=\"wpb_wrapper\">\n\t<div class=\"wpb_text_column wpb_content_element\" >\n\t\t<div class=\"wpb_wrapper\">\n\t\t\t<p>Filtnor vinnur virkt a\u00f0 \u00fev\u00ed a\u00f0 tryggja gott og heilbrigt vinnuumhverfi \u00ed allri frambo\u00f0ske\u00f0junni okkar.<\/p>\n<h4 class=\"wp-block-heading\">\u00c1rei\u00f0anleikak\u00f6nnunarmat<\/h4>\n<p>Vi\u00f0 fylgjum lei\u00f0beiningum OECD og gerum st\u00f6\u00f0ugt \u00e1rei\u00f0anleikakannanir \u00e1 \u00f6llum birgjum okkar.<\/p>\n<h4>Uppl\u00fdsingaskylda<\/h4>\n<p>\u00d6llum er velkomi\u00f0 a\u00f0 hafa samband vi\u00f0 okkur ef \u00feeir hafa einhverjar spurningar, \u00fea\u00f0 er gert me\u00f0 \u00fev\u00ed a\u00f0 senda okkur skriflega fyrirspurn \u00ed gegnum tengili\u00f0auppl\u00fdsingar okkar \u00e1 https:\/\/www.filtnor.com\/contact-us\/<\/p>\n<p>&nbsp;<\/p>\n<p>&nbsp;<\/p>\n\n\t\t<\/div>\n\t<\/div>\n<\/div><\/div><\/div><\/div><\/div>","protected":false},"excerpt":{"rendered":"Filtnor vinnur virkt a\u00f0 \u00fev\u00ed a\u00f0 tryggja gott og heilbrigt vinnuumhverfi \u00ed allri frambo\u00f0ske\u00f0junni okkar. \u00c1rei\u00f0anleikak\u00f6nnun Vi\u00f0 fylgjum lei\u00f0beiningum OECD og framkv\u00e6mum st\u00f6\u00f0ugt \u00e1rei\u00f0anleikak\u00f6nnunarmat \u00e1 \u00f6llum birgjum okkar. Uppl\u00fdsingaskylda \u00d6llum er velkomi\u00f0 a\u00f0 hafa samband vi\u00f0 okkur ef \u00feeir hafa einhverjar spurningar, \u00fea\u00f0 er gert me\u00f0 \u00fev\u00ed a\u00f0 senda okkur skriflega fyrirspurn \u00ed gegnum okkar","protected":false},"author":1,"featured_media":0,"parent":0,"menu_order":0,"comment_status":"closed","ping_status":"open","template":"","meta":{"om_disable_all_campaigns":false,"footnotes":""},"class_list":["post-3493","page","type-page","status-publish","hentry"],"yoast_head":"<!-- This site is optimized with the Yoast SEO Premium plugin v26.1 (Yoast SEO v27.4) - https:\/\/yoast.com\/product\/yoast-seo-premium-wordpress\/ -->\n<title>Transparency Act - Filtnor<\/title>\n<meta name=\"description\" content=\"\u00c5penhet er viktig for Filtnor og derfor \u00f8nsker vi den nye \u00c5penhetsloven varmt velkommen.\" \/>\n<meta name=\"robots\" content=\"noindex, follow\" \/>\n<meta property=\"og:locale\" content=\"is_IS\" \/>\n<meta property=\"og:type\" content=\"article\" \/>\n<meta property=\"og:title\" content=\"Transparency Act\" \/>\n<meta property=\"og:description\" content=\"\u00c5penhet er viktig for Filtnor og derfor \u00f8nsker vi den nye \u00c5penhetsloven varmt velkommen.\" \/>\n<meta property=\"og:url\" content=\"https:\/\/www.filtnor.com\/is\/gagnsaeislog\/\" \/>\n<meta property=\"og:site_name\" content=\"Filtnor\" \/>\n<meta property=\"article:modified_time\" content=\"2025-04-11T22:29:45+00:00\" \/>\n<meta name=\"twitter:card\" content=\"summary_large_image\" \/>\n<meta name=\"twitter:label1\" content=\"Est. reading time\" \/>\n\t<meta name=\"twitter:data1\" content=\"1 minute\" \/>\n<script type=\"application\/ld+json\" class=\"yoast-schema-graph\">{\"@context\":\"https:\\\/\\\/schema.org\",\"@graph\":[{\"@type\":\"WebPage\",\"@id\":\"https:\\\/\\\/www.filtnor.com\\\/transparency-act\\\/\",\"url\":\"https:\\\/\\\/www.filtnor.com\\\/transparency-act\\\/\",\"name\":\"Transparency Act - Filtnor\",\"isPartOf\":{\"@id\":\"https:\\\/\\\/www.filtnor.com\\\/#website\"},\"datePublished\":\"2023-08-15T17:20:31+00:00\",\"dateModified\":\"2025-04-11T22:29:45+00:00\",\"description\":\"\u00c5penhet er viktig for Filtnor og derfor \u00f8nsker vi den nye \u00c5penhetsloven varmt velkommen.\",\"breadcrumb\":{\"@id\":\"https:\\\/\\\/www.filtnor.com\\\/transparency-act\\\/#breadcrumb\"},\"inLanguage\":\"is\",\"potentialAction\":[{\"@type\":\"ReadAction\",\"target\":[\"https:\\\/\\\/www.filtnor.com\\\/transparency-act\\\/\"]}]},{\"@type\":\"BreadcrumbList\",\"@id\":\"https:\\\/\\\/www.filtnor.com\\\/transparency-act\\\/#breadcrumb\",\"itemListElement\":[{\"@type\":\"ListItem\",\"position\":1,\"name\":\"Home\",\"item\":\"https:\\\/\\\/www.filtnor.com\\\/\"},{\"@type\":\"ListItem\",\"position\":2,\"name\":\"Transparency Act\"}]},{\"@type\":\"WebSite\",\"@id\":\"https:\\\/\\\/www.filtnor.com\\\/#website\",\"url\":\"https:\\\/\\\/www.filtnor.com\\\/\",\"name\":\"Filtnor\",\"description\":\"Filtration you can trust. Performance that lasts.\",\"potentialAction\":[{\"@type\":\"SearchAction\",\"target\":{\"@type\":\"EntryPoint\",\"urlTemplate\":\"https:\\\/\\\/www.filtnor.com\\\/?s={search_term_string}\"},\"query-input\":{\"@type\":\"PropertyValueSpecification\",\"valueRequired\":true,\"valueName\":\"search_term_string\"}}],\"inLanguage\":\"is\"}]}<\/script>\n<!-- \/ Yoast SEO Premium plugin. -->","yoast_head_json":{"title":"L\u00f6g um gagns\u00e6i - Filtnor","description":"\u00c5penhet er mikilv\u00e6g fyrir Filtnor og \u00fev\u00ed vill vi den nye \u00c5penhetsloven varmt velkommen.","robots":{"index":"noindex","follow":"follow"},"og_locale":"is_IS","og_type":"article","og_title":"Transparency Act","og_description":"\u00c5penhet er viktig for Filtnor og derfor \u00f8nsker vi den nye \u00c5penhetsloven varmt velkommen.","og_url":"https:\/\/www.filtnor.com\/is\/gagnsaeislog\/","og_site_name":"Filtnor","article_modified_time":"2025-04-11T22:29:45+00:00","twitter_card":"summary_large_image","twitter_misc":{"Est. reading time":"1 minute"},"schema":{"@context":"https:\/\/schema.org","@graph":[{"@type":"WebPage","@id":"https:\/\/www.filtnor.com\/transparency-act\/","url":"https:\/\/www.filtnor.com\/transparency-act\/","name":"L\u00f6g um gagns\u00e6i - Filtnor","isPartOf":{"@id":"https:\/\/www.filtnor.com\/#website"},"datePublished":"2023-08-15T17:20:31+00:00","dateModified":"2025-04-11T22:29:45+00:00","description":"\u00c5penhet er mikilv\u00e6g fyrir Filtnor og \u00fev\u00ed vill vi den nye \u00c5penhetsloven varmt velkommen.","breadcrumb":{"@id":"https:\/\/www.filtnor.com\/transparency-act\/#breadcrumb"},"inLanguage":"is","potentialAction":[{"@type":"ReadAction","target":["https:\/\/www.filtnor.com\/transparency-act\/"]}]},{"@type":"BreadcrumbList","@id":"https:\/\/www.filtnor.com\/transparency-act\/#breadcrumb","itemListElement":[{"@type":"ListItem","position":1,"name":"Home","item":"https:\/\/www.filtnor.com\/"},{"@type":"ListItem","position":2,"name":"Transparency Act"}]},{"@type":"WebSite","@id":"https:\/\/www.filtnor.com\/#website","url":"https:\/\/www.filtnor.com\/","name":"Filtnor","description":"S\u00edun sem \u00fe\u00fa getur treyst. Afk\u00f6st sem endast.","potentialAction":[{"@type":"SearchAction","target":{"@type":"EntryPoint","urlTemplate":"https:\/\/www.filtnor.com\/?s={search_term_string}"},"query-input":{"@type":"PropertyValueSpecification","valueRequired":true,"valueName":"search_term_string"}}],"inLanguage":"is"}]}},"_links":{"self":[{"href":"https:\/\/www.filtnor.com\/is\/wp-json\/wp\/v2\/pages\/3493","targetHints":{"allow":["GET"]}}],"collection":[{"href":"https:\/\/www.filtnor.com\/is\/wp-json\/wp\/v2\/pages"}],"about":[{"href":"https:\/\/www.filtnor.com\/is\/wp-json\/wp\/v2\/types\/page"}],"author":[{"embeddable":true,"href":"https:\/\/www.filtnor.com\/is\/wp-json\/wp\/v2\/users\/1"}],"replies":[{"embeddable":true,"href":"https:\/\/www.filtnor.com\/is\/wp-json\/wp\/v2\/comments?post=3493"}],"version-history":[{"count":6,"href":"https:\/\/www.filtnor.com\/is\/wp-json\/wp\/v2\/pages\/3493\/revisions"}],"predecessor-version":[{"id":5961,"href":"https:\/\/www.filtnor.com\/is\/wp-json\/wp\/v2\/pages\/3493\/revisions\/5961"}],"wp:attachment":[{"href":"https:\/\/www.filtnor.com\/is\/wp-json\/wp\/v2\/media?parent=3493"}],"curies":[{"name":"wp","href":"https:\/\/api.w.org\/{rel}","templated":true}]}}