{"id":3352,"date":"2023-08-08T09:50:42","date_gmt":"2023-08-08T09:50:42","guid":{"rendered":"https:\/\/www.filtnor.no\/?page_id=3352"},"modified":"2025-04-12T00:28:43","modified_gmt":"2025-04-11T22:28:43","slug":"lagaleg-skilmalar","status":"publish","type":"page","link":"https:\/\/www.filtnor.com\/is\/lagaleg-skilmalar\/","title":{"rendered":"Lagaleg skilm\u00e1lar"},"content":{"rendered":"<div class=\"wpb-content-wrapper\"><div class=\"vc_row wpb_row vc_row-fluid vc_custom_1744410497457\"><div class=\"wpb_column vc_column_container vc_col-sm-12\"><div class=\"vc_column-inner\"><div class=\"wpb_wrapper\">\n\t<div class=\"wpb_text_column wpb_content_element\" >\n\t\t<div class=\"wpb_wrapper\">\n\t\t\t<h2 class=\"wp-block-heading\">L\u00f6glegir skilm\u00e1lar<\/h2>\n<p>Me\u00f0 \u00fev\u00ed a\u00f0 heims\u00e6kja filtnor.com sam\u00feykkir \u00fe\u00fa eftirfarandi skilm\u00e1la. Ef \u00fe\u00fa ert \u00f3samm\u00e1la einhverjum skilm\u00e1lanna ver\u00f0ur \u00fe\u00fa a\u00f0 yfirgefa vefs\u00ed\u00f0una tafarlaust.<\/p>\n<h4>H\u00f6fundarr\u00e9ttur<\/h4>\n<p>Allt efni \u00e1 \u00feessari s\u00ed\u00f0u er \u00ed eigu Filtnor og er vari\u00f0 me\u00f0 h\u00f6fundarr\u00e9tti.<\/p>\n<h4>Engin \u00e1byrg\u00f0\/\u00e1byrg\u00f0<\/h4>\n<p>Allt efni \u00e1 filtnor.com er nota\u00f0 \u00e1 eigin \u00e1byrg\u00f0 og fyrir utan \u00fea\u00f0 sem gildandi l\u00f6g kve\u00f0a \u00e1 um ber Filtnor enga \u00e1byrg\u00f0 \u00e1 notkuninni og veitir notendum engar \u00e1byrg\u00f0ir.<\/p>\n<h4>Innsending efnis<\/h4>\n<p>Notendum filtnor.com er velkomi\u00f0 a\u00f0 senda okkur efni sem ekki er tr\u00fana\u00f0arm\u00e1l \u00ed gegnum vefs\u00ed\u00f0una, en me\u00f0 \u00fev\u00ed a\u00f0 senda okkur efni sam\u00feykkir \u00fe\u00fa eftirfarandi skilyr\u00f0i: 1) \u00de\u00fa munt tryggja a\u00f0 \u00fea\u00f0 sem \u00fe\u00fa sendir innihaldi ekki t\u00f6lvuveirur e\u00f0a annan ska\u00f0legan hugb\u00fana\u00f0. 2) \u00de\u00fa gerir efni\u00f0 a\u00f0gengilegt me\u00f0 \u00feeirri vitneskju a\u00f0 vi\u00f0 g\u00e6tum birt \u00fea\u00f0. 3) \u00de\u00fa ert r\u00e9ttm\u00e6tur eigandi alls sem sent er til okkar og munt l\u00e1ta okkur vita tafarlaust ef \u00feetta breytist.<\/p>\n<h4>\u00d6ll r\u00e9ttindi \u00e1skilin<\/h4>\n<p>\u00d6ll r\u00e9ttindi sem ekki eru s\u00e9rstaklega veitt \u00e1 annan h\u00e1tt eru \u00e1skilin Filtnor.<\/p>\n<h4>Eigandi \u00feessarar vefs\u00ed\u00f0u<\/h4>\n<p>\u00deessi vefs\u00ed\u00f0a er \u00ed eigu og gefin \u00fat af:<br \/>Filtnor AS<br \/>\u00d3skarshli\u00f0 27<br \/>NO-0352 \u00d3sl\u00f3<br \/>Noregur<br \/>S\u00edmi: +47 21 95 58 00<\/p>\n<p>Haf\u00f0u samband<br \/>Ef \u00fe\u00fa hefur einhverjar spurningar, vinsamlegast haf\u00f0u samband vi\u00f0 okkur tafarlaust \u00ed gegnum tengili\u00f0auppl\u00fdsingarnar okkar \u00e1 https:\/\/www.filtnor.com\/contact-us\/<\/p>\n\n\t\t<\/div>\n\t<\/div>\n<\/div><\/div><\/div><\/div><\/div>","protected":false},"excerpt":{"rendered":"Lagaleg skilm\u00e1lar Me\u00f0 \u00fev\u00ed a\u00f0 heims\u00e6kja filtnor.com sam\u00feykkir \u00fe\u00fa eftirfarandi skilm\u00e1la. Ef \u00fe\u00fa ert \u00f3samm\u00e1la einhverjum skilm\u00e1lanna ver\u00f0ur \u00fe\u00fa a\u00f0 yfirgefa vefs\u00ed\u00f0una tafarlaust. H\u00f6fundarr\u00e9ttur Allt efni \u00e1 \u00feessari s\u00ed\u00f0u er \u00ed eigu Filtnor og er vari\u00f0 me\u00f0 h\u00f6fundarr\u00e9tti. Engin \u00e1byrg\u00f0 ber \u00e1 \u00f6llu efni \u00e1 filtnor.com. Notkun \u00feess er \u00e1 eigin \u00e1byrg\u00f0, og fyrir utan...","protected":false},"author":1,"featured_media":0,"parent":0,"menu_order":0,"comment_status":"closed","ping_status":"open","template":"","meta":{"om_disable_all_campaigns":false,"footnotes":""},"class_list":["post-3352","page","type-page","status-publish","hentry"],"yoast_head":"<!-- This site is optimized with the Yoast SEO Premium plugin v26.1 (Yoast SEO v27.4) - https:\/\/yoast.com\/product\/yoast-seo-premium-wordpress\/ -->\n<title>Legal terms and conditions - Filtnor<\/title>\n<meta name=\"description\" content=\"Juridiske vilk\u00e5r og betingelser ved \u00e5 handle fra Filtnor.\" \/>\n<meta name=\"robots\" content=\"noindex, follow\" \/>\n<meta property=\"og:locale\" content=\"is_IS\" \/>\n<meta property=\"og:type\" content=\"article\" \/>\n<meta property=\"og:title\" content=\"Legal terms and conditions\" \/>\n<meta property=\"og:description\" content=\"Juridiske vilk\u00e5r og betingelser ved \u00e5 handle fra Filtnor.\" \/>\n<meta property=\"og:url\" content=\"https:\/\/www.filtnor.com\/is\/lagaleg-skilmalar\/\" \/>\n<meta property=\"og:site_name\" content=\"Filtnor\" \/>\n<meta property=\"article:modified_time\" content=\"2025-04-11T22:28:43+00:00\" \/>\n<meta name=\"twitter:card\" content=\"summary_large_image\" \/>\n<meta name=\"twitter:label1\" content=\"Est. reading time\" \/>\n\t<meta name=\"twitter:data1\" content=\"1 minute\" \/>\n<script type=\"application\/ld+json\" class=\"yoast-schema-graph\">{\"@context\":\"https:\\\/\\\/schema.org\",\"@graph\":[{\"@type\":\"WebPage\",\"@id\":\"https:\\\/\\\/www.filtnor.com\\\/legal-terms-and-conditions\\\/\",\"url\":\"https:\\\/\\\/www.filtnor.com\\\/legal-terms-and-conditions\\\/\",\"name\":\"Legal terms and conditions - Filtnor\",\"isPartOf\":{\"@id\":\"https:\\\/\\\/www.filtnor.com\\\/#website\"},\"datePublished\":\"2023-08-08T09:50:42+00:00\",\"dateModified\":\"2025-04-11T22:28:43+00:00\",\"description\":\"Juridiske vilk\u00e5r og betingelser ved \u00e5 handle fra Filtnor.\",\"breadcrumb\":{\"@id\":\"https:\\\/\\\/www.filtnor.com\\\/legal-terms-and-conditions\\\/#breadcrumb\"},\"inLanguage\":\"is\",\"potentialAction\":[{\"@type\":\"ReadAction\",\"target\":[\"https:\\\/\\\/www.filtnor.com\\\/legal-terms-and-conditions\\\/\"]}]},{\"@type\":\"BreadcrumbList\",\"@id\":\"https:\\\/\\\/www.filtnor.com\\\/legal-terms-and-conditions\\\/#breadcrumb\",\"itemListElement\":[{\"@type\":\"ListItem\",\"position\":1,\"name\":\"Home\",\"item\":\"https:\\\/\\\/www.filtnor.com\\\/\"},{\"@type\":\"ListItem\",\"position\":2,\"name\":\"Legal terms and conditions\"}]},{\"@type\":\"WebSite\",\"@id\":\"https:\\\/\\\/www.filtnor.com\\\/#website\",\"url\":\"https:\\\/\\\/www.filtnor.com\\\/\",\"name\":\"Filtnor\",\"description\":\"Filtration you can trust. Performance that lasts.\",\"potentialAction\":[{\"@type\":\"SearchAction\",\"target\":{\"@type\":\"EntryPoint\",\"urlTemplate\":\"https:\\\/\\\/www.filtnor.com\\\/?s={search_term_string}\"},\"query-input\":{\"@type\":\"PropertyValueSpecification\",\"valueRequired\":true,\"valueName\":\"search_term_string\"}}],\"inLanguage\":\"is\"}]}<\/script>\n<!-- \/ Yoast SEO Premium plugin. -->","yoast_head_json":{"title":"Lagaleg skilm\u00e1lar - Filtnor","description":"Juridiske vilk\u00e5r og betingelser ved \u00e5 handle fra Filtnor.","robots":{"index":"noindex","follow":"follow"},"og_locale":"is_IS","og_type":"article","og_title":"Legal terms and conditions","og_description":"Juridiske vilk\u00e5r og betingelser ved \u00e5 handle fra Filtnor.","og_url":"https:\/\/www.filtnor.com\/is\/lagaleg-skilmalar\/","og_site_name":"Filtnor","article_modified_time":"2025-04-11T22:28:43+00:00","twitter_card":"summary_large_image","twitter_misc":{"Est. reading time":"1 minute"},"schema":{"@context":"https:\/\/schema.org","@graph":[{"@type":"WebPage","@id":"https:\/\/www.filtnor.com\/legal-terms-and-conditions\/","url":"https:\/\/www.filtnor.com\/legal-terms-and-conditions\/","name":"Lagaleg skilm\u00e1lar - Filtnor","isPartOf":{"@id":"https:\/\/www.filtnor.com\/#website"},"datePublished":"2023-08-08T09:50:42+00:00","dateModified":"2025-04-11T22:28:43+00:00","description":"Juridiske vilk\u00e5r og betingelser ved \u00e5 handle fra Filtnor.","breadcrumb":{"@id":"https:\/\/www.filtnor.com\/legal-terms-and-conditions\/#breadcrumb"},"inLanguage":"is","potentialAction":[{"@type":"ReadAction","target":["https:\/\/www.filtnor.com\/legal-terms-and-conditions\/"]}]},{"@type":"BreadcrumbList","@id":"https:\/\/www.filtnor.com\/legal-terms-and-conditions\/#breadcrumb","itemListElement":[{"@type":"ListItem","position":1,"name":"Home","item":"https:\/\/www.filtnor.com\/"},{"@type":"ListItem","position":2,"name":"Legal terms and conditions"}]},{"@type":"WebSite","@id":"https:\/\/www.filtnor.com\/#website","url":"https:\/\/www.filtnor.com\/","name":"Filtnor","description":"S\u00edun sem \u00fe\u00fa getur treyst. Afk\u00f6st sem endast.","potentialAction":[{"@type":"SearchAction","target":{"@type":"EntryPoint","urlTemplate":"https:\/\/www.filtnor.com\/?s={search_term_string}"},"query-input":{"@type":"PropertyValueSpecification","valueRequired":true,"valueName":"search_term_string"}}],"inLanguage":"is"}]}},"_links":{"self":[{"href":"https:\/\/www.filtnor.com\/is\/wp-json\/wp\/v2\/pages\/3352","targetHints":{"allow":["GET"]}}],"collection":[{"href":"https:\/\/www.filtnor.com\/is\/wp-json\/wp\/v2\/pages"}],"about":[{"href":"https:\/\/www.filtnor.com\/is\/wp-json\/wp\/v2\/types\/page"}],"author":[{"embeddable":true,"href":"https:\/\/www.filtnor.com\/is\/wp-json\/wp\/v2\/users\/1"}],"replies":[{"embeddable":true,"href":"https:\/\/www.filtnor.com\/is\/wp-json\/wp\/v2\/comments?post=3352"}],"version-history":[{"count":13,"href":"https:\/\/www.filtnor.com\/is\/wp-json\/wp\/v2\/pages\/3352\/revisions"}],"predecessor-version":[{"id":5959,"href":"https:\/\/www.filtnor.com\/is\/wp-json\/wp\/v2\/pages\/3352\/revisions\/5959"}],"wp:attachment":[{"href":"https:\/\/www.filtnor.com\/is\/wp-json\/wp\/v2\/media?parent=3352"}],"curies":[{"name":"wp","href":"https:\/\/api.w.org\/{rel}","templated":true}]}}