{"id":879,"date":"2017-10-23T13:07:53","date_gmt":"2017-10-23T13:07:53","guid":{"rendered":"http:\/\/demo.zozothemes.com\/induzy\/?page_id=879"},"modified":"2025-05-13T13:46:18","modified_gmt":"2025-05-13T11:46:18","slug":"uutiset","status":"publish","type":"page","link":"https:\/\/www.filtnor.com\/fi\/uutiset\/","title":{"rendered":"Filtnorin uutiset ja tarinat"},"content":{"rendered":"<div class=\"wpb-content-wrapper\"><div class=\"vc_row wpb_row vc_row-fluid vc_custom_1508750640220\"><div class=\"wpb_column vc_column_container vc_col-sm-12\"><div class=\"vc_column-inner\"><div class=\"wpb_wrapper\"><div class=\"blog-wrapper blog-style-4 blog-light\" data-css=\"&quot;&quot;\"><div class=\"row\"><div class=\"col-lg-12 col-md-12\"><div class=\"blog-inner\"><div class=\"media\"><div class=\"post-thumb\"><img loading=\"lazy\" decoding=\"async\" height=\"186\" width=\"300\" class=\"img-fluid\" alt=\"Huippuluokan ratkaisuja kitkahitsaukseen (FSW)\" src=\"https:\/\/www.filtnor.com\/wp-content\/uploads\/2024\/11\/information-state-of-the-art-solutions-for-friction-stir-welding-001-300x186.jpg\"\/><\/div><!-- .post-thumb --><div class=\"media-body\"><div class=\"entry-title\"><h3><a href=\"https:\/\/www.filtnor.com\/fi\/huippuluokan-ratkaisuja-kitkahitsaukseen\/\" class=\"post-title\">Huippuluokan ratkaisuja kitkahitsaukseen (FSW)<\/a><\/h3><\/div><!-- .entry-title --><div class=\"post-excerpt\"><p>Filtnor tarjoaa huippuluokan ratkaisuja kitkahitsaukseen (FSW) ja laajan valikoiman tuotteita, varaosia ja palveluita.<\/p>\n<\/div><!-- .post-excerpt --><div class=\"bottom-meta clearfix\"><ul class=\"bottom-meta-list\"><li><div class=\"post-author\"><a href=\"https:\/\/www.filtnor.com\/fi\/author\/filtnor\/\"><span class=\"author-img\"><img alt='' src='https:\/\/secure.gravatar.com\/avatar\/2e920c8892f33dd39298615e02a5dbcb99b08aba4b32ecea623425fc4efbaa74?s=30&#038;d=mm&#038;r=g' srcset='https:\/\/secure.gravatar.com\/avatar\/2e920c8892f33dd39298615e02a5dbcb99b08aba4b32ecea623425fc4efbaa74?s=60&#038;d=mm&#038;r=g 2x' class='avatar avatar-30 photo rounded-circle' height='30' width='30' \/><\/span><span class=\"author-name\">Filtnor<\/span><\/a><\/div><\/li><li><div class=\"post-more\"><a class=\"read-more\" href=\"https:\/\/www.filtnor.com\/fi\/huippuluokan-ratkaisuja-kitkahitsaukseen\/\">Lue lis\u00e4\u00e4<\/a><\/div><\/li><\/ul><\/div><\/div><!-- .media --><\/div><!-- .media-body --><\/div><!-- .blog-inner --><\/div><!-- .cols --><\/div><!-- .row --><div class=\"row\"><div class=\"col-lg-12 col-md-12\"><div class=\"blog-inner\"><div class=\"media\"><div class=\"post-thumb\"><img loading=\"lazy\" decoding=\"async\" height=\"186\" width=\"300\" class=\"img-fluid\" alt=\"Kuinka valita oikea tiivistemateriaali: Olennaisia huomioitavia asioita\" src=\"https:\/\/www.filtnor.com\/wp-content\/uploads\/2024\/10\/information-how-to-choose-the-correct-gasket-material-001-300x186.jpg\"\/><\/div><!-- .post-thumb --><div class=\"media-body\"><div class=\"entry-title\"><h3><a href=\"https:\/\/www.filtnor.com\/fi\/kuinka-valita-oikea-tiivistemateriaali-olennaisia-huomioita\/\" class=\"post-title\">Kuinka valita oikea tiivistemateriaali: Olennaisia huomioitavia asioita<\/a><\/h3><\/div><!-- .entry-title --><div class=\"post-excerpt\"><p>Oikean tiivistemateriaalin valinta putkilaipalle on ratkaisevan t\u00e4rke\u00e4\u00e4 vuotamattoman suorituskyvyn yll\u00e4pit\u00e4miseksi erilaisissa sovelluksissa. Laippatiivisteet<\/p>\n<\/div><!-- .post-excerpt --><div class=\"bottom-meta clearfix\"><ul class=\"bottom-meta-list\"><li><div class=\"post-author\"><a href=\"https:\/\/www.filtnor.com\/fi\/author\/filtnor\/\"><span class=\"author-img\"><img alt='' src='https:\/\/secure.gravatar.com\/avatar\/2e920c8892f33dd39298615e02a5dbcb99b08aba4b32ecea623425fc4efbaa74?s=30&#038;d=mm&#038;r=g' srcset='https:\/\/secure.gravatar.com\/avatar\/2e920c8892f33dd39298615e02a5dbcb99b08aba4b32ecea623425fc4efbaa74?s=60&#038;d=mm&#038;r=g 2x' class='avatar avatar-30 photo rounded-circle' height='30' width='30' \/><\/span><span class=\"author-name\">Filtnor<\/span><\/a><\/div><\/li><li><div class=\"post-more\"><a class=\"read-more\" href=\"https:\/\/www.filtnor.com\/fi\/kuinka-valita-oikea-tiivistemateriaali-olennaisia-huomioita\/\">Lue lis\u00e4\u00e4<\/a><\/div><\/li><\/ul><\/div><\/div><!-- .media --><\/div><!-- .media-body --><\/div><!-- .blog-inner --><\/div><!-- .cols --><\/div><!-- .row --><div class=\"row\"><div class=\"col-lg-12 col-md-12\"><div class=\"blog-inner\"><div class=\"media\"><div class=\"post-thumb\"><img loading=\"lazy\" decoding=\"async\" height=\"186\" width=\"300\" class=\"img-fluid\" alt=\"Teollisuuden jauhatusprosesseihin tarkoitetut tuotteet\" src=\"https:\/\/www.filtnor.com\/wp-content\/uploads\/2024\/10\/products_grinding-001-300x186.jpg\"\/><\/div><!-- .post-thumb --><div class=\"media-body\"><div class=\"entry-title\"><h3><a href=\"https:\/\/www.filtnor.com\/fi\/teollisiin-jauhatusprosesseihin-tarkoitetut-tuotteet\/\" class=\"post-title\">Teollisuuden jauhatusprosesseihin tarkoitetut tuotteet<\/a><\/h3><\/div><!-- .entry-title --><div class=\"post-excerpt\"><p>Filtnor toimittaa useimmat tuotteet teollisiin jauhatusprosesseihin. Teollisuusmyllyt Meill\u00e4 on monenlaisia myllyj\u00e4, kuten autogeenisia<\/p>\n<\/div><!-- .post-excerpt --><div class=\"bottom-meta clearfix\"><ul class=\"bottom-meta-list\"><li><div class=\"post-author\"><a href=\"https:\/\/www.filtnor.com\/fi\/author\/filtnor\/\"><span class=\"author-img\"><img alt='' src='https:\/\/secure.gravatar.com\/avatar\/2e920c8892f33dd39298615e02a5dbcb99b08aba4b32ecea623425fc4efbaa74?s=30&#038;d=mm&#038;r=g' srcset='https:\/\/secure.gravatar.com\/avatar\/2e920c8892f33dd39298615e02a5dbcb99b08aba4b32ecea623425fc4efbaa74?s=60&#038;d=mm&#038;r=g 2x' class='avatar avatar-30 photo rounded-circle' height='30' width='30' \/><\/span><span class=\"author-name\">Filtnor<\/span><\/a><\/div><\/li><li><div class=\"post-more\"><a class=\"read-more\" href=\"https:\/\/www.filtnor.com\/fi\/teollisiin-jauhatusprosesseihin-tarkoitetut-tuotteet\/\">Lue lis\u00e4\u00e4<\/a><\/div><\/li><\/ul><\/div><\/div><!-- .media --><\/div><!-- .media-body --><\/div><!-- .blog-inner --><\/div><!-- .cols --><\/div><!-- .row --><div class=\"row\"><div class=\"col-lg-12 col-md-12\"><div class=\"blog-inner\"><div class=\"media\"><div class=\"post-thumb\"><img loading=\"lazy\" decoding=\"async\" height=\"186\" width=\"300\" class=\"img-fluid\" alt=\"Hoesch-suodatinpuristimen varaosat ja huolto\" src=\"https:\/\/www.filtnor.com\/wp-content\/uploads\/2023\/11\/hoesch-300x186.jpg\"\/><\/div><!-- .post-thumb --><div class=\"media-body\"><div class=\"entry-title\"><h3><a href=\"https:\/\/www.filtnor.com\/fi\/hoesch\/\" class=\"post-title\">Hoesch-suodatinpuristimen varaosat ja huolto<\/a><\/h3><\/div><!-- .entry-title --><div class=\"post-excerpt\"><p>Hoesch oli aiemmin painesuodattimien valmistaja, ja markkinoilla on edelleen useita aktiivisia Hoeschin suodatinpuristimia.<\/p>\n<\/div><!-- .post-excerpt --><div class=\"bottom-meta clearfix\"><ul class=\"bottom-meta-list\"><li><div class=\"post-author\"><a href=\"https:\/\/www.filtnor.com\/fi\/author\/filtnor\/\"><span class=\"author-img\"><img alt='' src='https:\/\/secure.gravatar.com\/avatar\/2e920c8892f33dd39298615e02a5dbcb99b08aba4b32ecea623425fc4efbaa74?s=30&#038;d=mm&#038;r=g' srcset='https:\/\/secure.gravatar.com\/avatar\/2e920c8892f33dd39298615e02a5dbcb99b08aba4b32ecea623425fc4efbaa74?s=60&#038;d=mm&#038;r=g 2x' class='avatar avatar-30 photo rounded-circle' height='30' width='30' \/><\/span><span class=\"author-name\">Filtnor<\/span><\/a><\/div><\/li><li><div class=\"post-more\"><a class=\"read-more\" href=\"https:\/\/www.filtnor.com\/fi\/hoesch\/\">Lue lis\u00e4\u00e4<\/a><\/div><\/li><\/ul><\/div><\/div><!-- .media --><\/div><!-- .media-body --><\/div><!-- .blog-inner --><\/div><!-- .cols --><\/div><!-- .row --><div class=\"row\"><div class=\"col-lg-12 col-md-12\"><div class=\"blog-inner\"><div class=\"media\"><div class=\"post-thumb\"><img loading=\"lazy\" decoding=\"async\" height=\"169\" width=\"301\" class=\"img-fluid\" alt=\"NovaTekin varaosat ja huolto\" src=\"https:\/\/www.filtnor.com\/wp-content\/uploads\/2024\/09\/novatek-001.png\"\/><\/div><!-- .post-thumb --><div class=\"media-body\"><div class=\"entry-title\"><h3><a href=\"https:\/\/www.filtnor.com\/fi\/novatek\/\" class=\"post-title\">NovaTekin varaosat ja huolto<\/a><\/h3><\/div><!-- .entry-title --><div class=\"post-excerpt\"><p>Vuonna 2018 NovaTek AB:st\u00e4 tuli osa Roxiaa (entinen Flowrox), ja Roxian edustajana Norjassa, Ruotsissa ja Islannissa Filtnorista tuli osa Roxiaa.<\/p>\n<\/div><!-- .post-excerpt --><div class=\"bottom-meta clearfix\"><ul class=\"bottom-meta-list\"><li><div class=\"post-author\"><a href=\"https:\/\/www.filtnor.com\/fi\/author\/filtnor\/\"><span class=\"author-img\"><img alt='' src='https:\/\/secure.gravatar.com\/avatar\/2e920c8892f33dd39298615e02a5dbcb99b08aba4b32ecea623425fc4efbaa74?s=30&#038;d=mm&#038;r=g' srcset='https:\/\/secure.gravatar.com\/avatar\/2e920c8892f33dd39298615e02a5dbcb99b08aba4b32ecea623425fc4efbaa74?s=60&#038;d=mm&#038;r=g 2x' class='avatar avatar-30 photo rounded-circle' height='30' width='30' \/><\/span><span class=\"author-name\">Filtnor<\/span><\/a><\/div><\/li><li><div class=\"post-more\"><a class=\"read-more\" href=\"https:\/\/www.filtnor.com\/fi\/novatek\/\">Lue lis\u00e4\u00e4<\/a><\/div><\/li><\/ul><\/div><\/div><!-- .media --><\/div><!-- .media-body --><\/div><!-- .blog-inner --><\/div><!-- .cols --><\/div><!-- .row --><\/div><!-- .blog-wrapper --><\/div><\/div><\/div><\/div>\n<\/div>","protected":false},"excerpt":{"rendered":"Vuonna 2018 NovaTek AB:st\u00e4 tuli osa Roxiaa (entinen Flowrox), ja Roxian edustajana Norjassa, Ruotsissa ja Islannissa Filtnorista tuli osa Roxiaa.","protected":false},"author":1,"featured_media":0,"parent":0,"menu_order":0,"comment_status":"closed","ping_status":"closed","template":"","meta":{"om_disable_all_campaigns":false,"footnotes":""},"class_list":["post-879","page","type-page","status-publish","hentry"],"yoast_head":"<!-- This site is optimized with the Yoast SEO Premium plugin v26.1 (Yoast SEO v27.4) - https:\/\/yoast.com\/product\/yoast-seo-premium-wordpress\/ -->\n<title>Filtnor News and Stories - Filtnor<\/title>\n<meta name=\"description\" content=\"Information about industrial filtration processes and flow equipment.\" \/>\n<meta name=\"robots\" content=\"index, follow, max-snippet:-1, max-image-preview:large, max-video-preview:-1\" \/>\n<link rel=\"canonical\" href=\"https:\/\/www.filtnor.com\/fi\/uutiset\/\" \/>\n<meta property=\"og:locale\" content=\"fi_FI\" \/>\n<meta property=\"og:type\" content=\"article\" \/>\n<meta property=\"og:title\" content=\"Filtnor News and Stories\" \/>\n<meta property=\"og:description\" content=\"Information about industrial filtration processes and flow equipment.\" \/>\n<meta property=\"og:url\" content=\"https:\/\/www.filtnor.com\/fi\/uutiset\/\" \/>\n<meta property=\"og:site_name\" content=\"Filtnor\" \/>\n<meta property=\"article:modified_time\" content=\"2025-05-13T11:46:18+00:00\" \/>\n<meta name=\"twitter:card\" content=\"summary_large_image\" \/>\n<meta name=\"twitter:label1\" content=\"Arvioitu lukuaika\" \/>\n\t<meta name=\"twitter:data1\" content=\"1 minuutti\" \/>\n<script type=\"application\/ld+json\" class=\"yoast-schema-graph\">{\"@context\":\"https:\\\/\\\/schema.org\",\"@graph\":[{\"@type\":\"WebPage\",\"@id\":\"https:\\\/\\\/www.filtnor.com\\\/news\\\/\",\"url\":\"https:\\\/\\\/www.filtnor.com\\\/news\\\/\",\"name\":\"Filtnor News and Stories - Filtnor\",\"isPartOf\":{\"@id\":\"https:\\\/\\\/www.filtnor.com\\\/#website\"},\"datePublished\":\"2017-10-23T13:07:53+00:00\",\"dateModified\":\"2025-05-13T11:46:18+00:00\",\"description\":\"Information about industrial filtration processes and flow equipment.\",\"breadcrumb\":{\"@id\":\"https:\\\/\\\/www.filtnor.com\\\/news\\\/#breadcrumb\"},\"inLanguage\":\"fi\",\"potentialAction\":[{\"@type\":\"ReadAction\",\"target\":[\"https:\\\/\\\/www.filtnor.com\\\/news\\\/\"]}]},{\"@type\":\"BreadcrumbList\",\"@id\":\"https:\\\/\\\/www.filtnor.com\\\/news\\\/#breadcrumb\",\"itemListElement\":[{\"@type\":\"ListItem\",\"position\":1,\"name\":\"Home\",\"item\":\"https:\\\/\\\/www.filtnor.com\\\/\"},{\"@type\":\"ListItem\",\"position\":2,\"name\":\"Filtnor News and Stories\"}]},{\"@type\":\"WebSite\",\"@id\":\"https:\\\/\\\/www.filtnor.com\\\/#website\",\"url\":\"https:\\\/\\\/www.filtnor.com\\\/\",\"name\":\"Filtnor\",\"description\":\"Filtration you can trust. Performance that lasts.\",\"potentialAction\":[{\"@type\":\"SearchAction\",\"target\":{\"@type\":\"EntryPoint\",\"urlTemplate\":\"https:\\\/\\\/www.filtnor.com\\\/?s={search_term_string}\"},\"query-input\":{\"@type\":\"PropertyValueSpecification\",\"valueRequired\":true,\"valueName\":\"search_term_string\"}}],\"inLanguage\":\"fi\"}]}<\/script>\n<!-- \/ Yoast SEO Premium plugin. -->","yoast_head_json":{"title":"Filtnorin uutiset ja tarinat - Filtnor","description":"Tietoa teollisuuden suodatusprosesseista ja virtauslaitteista.","robots":{"index":"index","follow":"follow","max-snippet":"max-snippet:-1","max-image-preview":"max-image-preview:large","max-video-preview":"max-video-preview:-1"},"canonical":"https:\/\/www.filtnor.com\/fi\/uutiset\/","og_locale":"fi_FI","og_type":"article","og_title":"Filtnor News and Stories","og_description":"Information about industrial filtration processes and flow equipment.","og_url":"https:\/\/www.filtnor.com\/fi\/uutiset\/","og_site_name":"Filtnor","article_modified_time":"2025-05-13T11:46:18+00:00","twitter_card":"summary_large_image","twitter_misc":{"Arvioitu lukuaika":"1 minuutti"},"schema":{"@context":"https:\/\/schema.org","@graph":[{"@type":"WebPage","@id":"https:\/\/www.filtnor.com\/news\/","url":"https:\/\/www.filtnor.com\/news\/","name":"Filtnorin uutiset ja tarinat - Filtnor","isPartOf":{"@id":"https:\/\/www.filtnor.com\/#website"},"datePublished":"2017-10-23T13:07:53+00:00","dateModified":"2025-05-13T11:46:18+00:00","description":"Tietoa teollisuuden suodatusprosesseista ja virtauslaitteista.","breadcrumb":{"@id":"https:\/\/www.filtnor.com\/news\/#breadcrumb"},"inLanguage":"fi","potentialAction":[{"@type":"ReadAction","target":["https:\/\/www.filtnor.com\/news\/"]}]},{"@type":"BreadcrumbList","@id":"https:\/\/www.filtnor.com\/news\/#breadcrumb","itemListElement":[{"@type":"ListItem","position":1,"name":"Home","item":"https:\/\/www.filtnor.com\/"},{"@type":"ListItem","position":2,"name":"Filtnor News and Stories"}]},{"@type":"WebSite","@id":"https:\/\/www.filtnor.com\/#website","url":"https:\/\/www.filtnor.com\/","name":"Filtnor","description":"Suodatus, johon voit luottaa. Suorituskyky\u00e4, joka kest\u00e4\u00e4.","potentialAction":[{"@type":"SearchAction","target":{"@type":"EntryPoint","urlTemplate":"https:\/\/www.filtnor.com\/?s={search_term_string}"},"query-input":{"@type":"PropertyValueSpecification","valueRequired":true,"valueName":"search_term_string"}}],"inLanguage":"fi"}]}},"_links":{"self":[{"href":"https:\/\/www.filtnor.com\/fi\/wp-json\/wp\/v2\/pages\/879","targetHints":{"allow":["GET"]}}],"collection":[{"href":"https:\/\/www.filtnor.com\/fi\/wp-json\/wp\/v2\/pages"}],"about":[{"href":"https:\/\/www.filtnor.com\/fi\/wp-json\/wp\/v2\/types\/page"}],"author":[{"embeddable":true,"href":"https:\/\/www.filtnor.com\/fi\/wp-json\/wp\/v2\/users\/1"}],"replies":[{"embeddable":true,"href":"https:\/\/www.filtnor.com\/fi\/wp-json\/wp\/v2\/comments?post=879"}],"version-history":[{"count":4,"href":"https:\/\/www.filtnor.com\/fi\/wp-json\/wp\/v2\/pages\/879\/revisions"}],"predecessor-version":[{"id":6095,"href":"https:\/\/www.filtnor.com\/fi\/wp-json\/wp\/v2\/pages\/879\/revisions\/6095"}],"wp:attachment":[{"href":"https:\/\/www.filtnor.com\/fi\/wp-json\/wp\/v2\/media?parent=879"}],"curies":[{"name":"wp","href":"https:\/\/api.w.org\/{rel}","templated":true}]}}