{"id":6322,"date":"2025-11-17T11:21:19","date_gmt":"2025-11-17T10:21:19","guid":{"rendered":"https:\/\/www.filtnor.com\/?page_id=6322"},"modified":"2025-11-17T14:01:43","modified_gmt":"2025-11-17T13:01:43","slug":"kuivakaasusuodatusjarjestelmien-lisavarusteet","status":"publish","type":"page","link":"https:\/\/www.filtnor.com\/fi\/tuotteet\/suodatus\/kuivasuodatus\/kuivakaasusuodatusjarjestelmien-lisavarusteet\/","title":{"rendered":"Kuivakaasusuodatusj\u00e4rjestelm\u00e4t ja -tarvikkeet"},"content":{"rendered":"<div class=\"wpb-content-wrapper\"><div class=\"vc_row wpb_row vc_row-fluid vc_custom_1763375879235\"><div class=\"wpb_column vc_column_container vc_col-sm-12\"><div class=\"vc_column-inner\"><div class=\"wpb_wrapper\"><div class=\"section-title-wrapper shortcode-rand-2 induzy-inline-css\" data-css=\"&quot;.shortcode-rand-2 .title-separator.separator-border { background-color: ; }.shortcode-rand-2 .section-title { text-transform: none; }&quot;\"><div class=\"title-wrap\"><h4 class=\"section-title\">Teollinen kuivasuodatus<\/h4><span class=\"title-separator separator-border theme-color-bg\"><\/span><\/div><!-- .title-wrap --><div class=\"section-description\">T\u00e4ydelliset kuivakaasusuodatusj\u00e4rjestelm\u00e4t ja lis\u00e4varusteet, mukaan lukien kotelot, suodatinkennot, pussisuodattimet ja vaihtomoduulit. N\u00e4m\u00e4 ratkaisut on rakennettu suurta l\u00e4pivirtausta, vaativia teollisuusymp\u00e4rist\u00f6j\u00e4 ja p\u00e4\u00e4st\u00f6rajojen noudattamista varten. Filtnor tukee asennusta, huoltosopimuksia ja j\u00e4lkiasennuksia j\u00e4rjestelm\u00e4n k\u00e4ytt\u00f6ajan ja suorituskyvyn maksimoimiseksi.<\/div><!-- .section-description --><\/div><!-- .section-title-wrapper --><\/div><\/div><\/div><\/div><div class=\"vc_row wpb_row vc_row-fluid vc_custom_1709405285494\"><div class=\"wpb_column vc_column_container vc_col-sm-12\"><div class=\"vc_column-inner\"><div class=\"wpb_wrapper\"><div class=\"vc_separator wpb_content_element vc_separator_align_center vc_sep_width_100 vc_sep_dashed vc_sep_pos_align_center vc_separator_no_text wpb_content_element  wpb_content_element\" ><span class=\"vc_sep_holder vc_sep_holder_l\"><span class=\"vc_sep_line\"><\/span><\/span><span class=\"vc_sep_holder vc_sep_holder_r\"><span class=\"vc_sep_line\"><\/span><\/span>\n<\/div><\/div><\/div><\/div><\/div><div class=\"vc_row wpb_row vc_row-fluid vc_custom_1745520978306\"><div class=\"wpb_column vc_column_container vc_col-sm-12 vc_col-lg-6 vc_col-md-6\"><div class=\"vc_column-inner\"><div class=\"wpb_wrapper\"><div class=\"section-title-wrapper shortcode-rand-5 induzy-inline-css\" data-css=\"&quot;.shortcode-rand-5 .title-separator.separator-border { background-color: ; }.shortcode-rand-5 .section-title { text-transform: none; }&quot;\"><div class=\"title-wrap\"><h2 class=\"section-title\">Korkean l\u00e4mp\u00f6tilan suodattimet<\/h2><span class=\"title-separator separator-border theme-color-bg\"><\/span><\/div><!-- .title-wrap --><div class=\"section-description\">Kest\u00e4v\u00e4t korkean l\u00e4mp\u00f6tilan suodattimet, jotka on suunniteltu kuumille kaasuille, l\u00e4mp\u00f6prosesseille ja \u00e4\u00e4rimm\u00e4isille teollisuusymp\u00e4rist\u00f6ille. L\u00e4mm\u00f6nkest\u00e4vist\u00e4 materiaaleista valmistetut suodattimet varmistavat luotettavan suodatuksen metallinjalostuksessa, polttolaitoksissa, valimoissa ja korkeaenergisiss\u00e4 tuotantolinjoissa. Filtnor tarjoaa korkean l\u00e4mp\u00f6tilan moduuleja, asennusohjeita ja pitk\u00e4ik\u00e4isi\u00e4 vaihtostrategioita.<\/div><!-- .section-description --><\/div><!-- .section-title-wrapper --><div class=\"feature-box-wrapper feature-box-style-1 vc_custom_1728552758399 shortcode-rand-6 induzy-inline-css\" data-css=\"&quot;.shortcode-rand-6.feature-box-wrapper {background: -moz-linear-gradient(141deg,  0%,  51%,  75%);\\r\\n\\t\\t\\t\\tbackground: -webkit-linear-gradient(141deg,  0%,  51%,  75%);\\r\\n\\t\\t\\t\\tbackground: linear-gradient(141deg,  0%,  51%,  75%);}.shortcode-rand-6 .feature-box-icon { font-size: 24px; }.shortcode-rand-6 .feature-box-icon { height: 48px; width: 48px; }.shortcode-rand-6 .feature-box-icon &gt; span { line-height: 2; }.shortcode-rand-6:hover .feature-box-icon { background: none; }&quot;\" ><div class=\"feature-box-btn\"><a class=\"btn default\" href=\"https:\/\/www.filtnor.com\/fi\/ota-meihin-yhteytta\/\" title=\"L\u00c4HET\u00c4 KYSYMYS \u00bb\">L\u00c4HET\u00c4 KYSYMYS \u00bb<\/a><\/div><!-- .feature-box-btn --><\/div><!-- .feature-box-wrapper --><\/div><\/div><\/div><div class=\"wpb_column vc_column_container vc_col-sm-12 vc_col-lg-6 vc_col-md-6\"><div class=\"vc_column-inner\"><div class=\"wpb_wrapper\">\n\t<div  class=\"wpb_single_image wpb_content_element vc_align_left wpb_content_element\">\n\t\t\n\t\t<figure class=\"wpb_wrapper vc_figure\">\n\t\t\t<div class=\"vc_single_image-wrapper   vc_box_border_grey\"><img loading=\"lazy\" decoding=\"async\" width=\"768\" height=\"456\" src=\"https:\/\/www.filtnor.com\/wp-content\/uploads\/2025\/04\/products_filtration_dry-filtration_cassette-filters_001-768x456.png\" class=\"vc_single_image-img attachment-medium\" alt=\"Teollinen kasettisuodatin\" title=\"tuotteet_suodatus_kuivasuodatus_kasettisuodattimet_001\" srcset=\"https:\/\/www.filtnor.com\/wp-content\/uploads\/2025\/04\/products_filtration_dry-filtration_cassette-filters_001-768x456.png 768w, https:\/\/www.filtnor.com\/wp-content\/uploads\/2025\/04\/products_filtration_dry-filtration_cassette-filters_001-440x260.png 440w, https:\/\/www.filtnor.com\/wp-content\/uploads\/2025\/04\/products_filtration_dry-filtration_cassette-filters_001-390x231.png 390w, https:\/\/www.filtnor.com\/wp-content\/uploads\/2025\/04\/products_filtration_dry-filtration_cassette-filters_001-220x130.png 220w\" sizes=\"auto, (max-width: 768px) 100vw, 768px\" \/><\/div>\n\t\t<\/figure>\n\t<\/div>\n<\/div><\/div><\/div><\/div><div class=\"vc_row wpb_row vc_row-fluid vc_custom_1709405285494\"><div class=\"wpb_column vc_column_container vc_col-sm-12\"><div class=\"vc_column-inner\"><div class=\"wpb_wrapper\"><div class=\"vc_separator wpb_content_element vc_separator_align_center vc_sep_width_100 vc_sep_dashed vc_sep_pos_align_center vc_separator_no_text wpb_content_element  wpb_content_element\" ><span class=\"vc_sep_holder vc_sep_holder_l\"><span class=\"vc_sep_line\"><\/span><\/span><span class=\"vc_sep_holder vc_sep_holder_r\"><span class=\"vc_sep_line\"><\/span><\/span>\n<\/div><\/div><\/div><\/div><\/div><div class=\"vc_row wpb_row vc_row-fluid vc_custom_1709405208930\"><div class=\"wpb_column vc_column_container vc_col-sm-12 vc_col-lg-6 vc_col-md-6\"><div class=\"vc_column-inner\"><div class=\"wpb_wrapper\"><div class=\"section-title-wrapper shortcode-rand-9 induzy-inline-css\" data-css=\"&quot;.shortcode-rand-9 .title-separator.separator-border { background-color: ; }.shortcode-rand-9 .section-title { text-transform: none; }&quot;\"><div class=\"title-wrap\"><h2 class=\"section-title\">Suodata solut<\/h2><span class=\"title-separator separator-border theme-color-bg\"><\/span><\/div><!-- .title-wrap --><div class=\"section-description\">Modulaariset suodatinkennot on suunniteltu suurille ilmavirroille, suurelle p\u00f6lym\u00e4\u00e4r\u00e4lle ja vaativille teollisuussuodatusj\u00e4rjestelmille. N\u00e4m\u00e4 kennot tarjoavat vakaan suorituskyvyn p\u00f6lynker\u00e4\u00e4jiss\u00e4, pussisuodattimissa ja prosessi-ilmayksik\u00f6iss\u00e4, mik\u00e4 mahdollistaa nopean huollon ja tasaisen suodatuksen. Filtnor tarjoaa r\u00e4\u00e4t\u00e4l\u00f6ityj\u00e4 kennomuotoja, OEM-vaihtoja ja t\u00e4yden tuen j\u00e4rjestelm\u00e4p\u00e4ivityksille.<\/div><!-- .section-description --><\/div><!-- .section-title-wrapper --><div class=\"feature-box-wrapper feature-box-style-1 vc_custom_1728552758399 shortcode-rand-10 induzy-inline-css\" data-css=\"&quot;.shortcode-rand-10.feature-box-wrapper {background: -moz-linear-gradient(141deg,  0%,  51%,  75%);\\r\\n\\t\\t\\t\\tbackground: -webkit-linear-gradient(141deg,  0%,  51%,  75%);\\r\\n\\t\\t\\t\\tbackground: linear-gradient(141deg,  0%,  51%,  75%);}.shortcode-rand-10 .feature-box-icon { font-size: 24px; }.shortcode-rand-10 .feature-box-icon { height: 48px; width: 48px; }.shortcode-rand-10 .feature-box-icon &gt; span { line-height: 2; }.shortcode-rand-10:hover .feature-box-icon { background: none; }&quot;\" ><div class=\"feature-box-btn\"><a class=\"btn default\" href=\"https:\/\/www.filtnor.com\/fi\/ota-meihin-yhteytta\/\" title=\"L\u00c4HET\u00c4 KYSYMYS \u00bb\">L\u00c4HET\u00c4 KYSYMYS \u00bb<\/a><\/div><!-- .feature-box-btn --><\/div><!-- .feature-box-wrapper --><\/div><\/div><\/div><div class=\"wpb_column vc_column_container vc_col-sm-12 vc_col-lg-6 vc_col-md-6\"><div class=\"vc_column-inner\"><div class=\"wpb_wrapper\">\n\t<div  class=\"wpb_single_image wpb_content_element vc_align_left wpb_content_element\">\n\t\t\n\t\t<figure class=\"wpb_wrapper vc_figure\">\n\t\t\t<div class=\"vc_single_image-wrapper   vc_box_border_grey\"><img loading=\"lazy\" decoding=\"async\" width=\"768\" height=\"456\" src=\"https:\/\/www.filtnor.com\/wp-content\/uploads\/2025\/04\/products_filtration_dry-filtration_pocket-filters_001-768x456.png\" class=\"vc_single_image-img attachment-medium\" alt=\"Teollisuuden taskusuodatin\" title=\"tuotteet_suodatus_kuivasuodatus_taskusuodattimet_001\" srcset=\"https:\/\/www.filtnor.com\/wp-content\/uploads\/2025\/04\/products_filtration_dry-filtration_pocket-filters_001-768x456.png 768w, https:\/\/www.filtnor.com\/wp-content\/uploads\/2025\/04\/products_filtration_dry-filtration_pocket-filters_001-440x260.png 440w, https:\/\/www.filtnor.com\/wp-content\/uploads\/2025\/04\/products_filtration_dry-filtration_pocket-filters_001-390x231.png 390w, https:\/\/www.filtnor.com\/wp-content\/uploads\/2025\/04\/products_filtration_dry-filtration_pocket-filters_001-220x130.png 220w\" sizes=\"auto, (max-width: 768px) 100vw, 768px\" \/><\/div>\n\t\t<\/figure>\n\t<\/div>\n<\/div><\/div><\/div><\/div><div class=\"vc_row wpb_row vc_row-fluid vc_custom_1709405285494\"><div class=\"wpb_column vc_column_container vc_col-sm-12\"><div class=\"vc_column-inner\"><div class=\"wpb_wrapper\"><div class=\"vc_separator wpb_content_element vc_separator_align_center vc_sep_width_100 vc_sep_dashed vc_sep_pos_align_center vc_separator_no_text wpb_content_element  wpb_content_element\" ><span class=\"vc_sep_holder vc_sep_holder_l\"><span class=\"vc_sep_line\"><\/span><\/span><span class=\"vc_sep_holder vc_sep_holder_r\"><span class=\"vc_sep_line\"><\/span><\/span>\n<\/div><\/div><\/div><\/div><\/div><div class=\"vc_row wpb_row vc_row-fluid vc_custom_1763376760641\"><div class=\"wpb_column vc_column_container vc_col-sm-12 vc_col-lg-6 vc_col-md-6\"><div class=\"vc_column-inner\"><div class=\"wpb_wrapper\"><div class=\"section-title-wrapper shortcode-rand-13 induzy-inline-css\" data-css=\"&quot;.shortcode-rand-13 .title-separator.separator-border { background-color: ; }.shortcode-rand-13 .section-title { text-transform: none; }&quot;\"><div class=\"title-wrap\"><h2 class=\"section-title\">Suodatintarvikkeet<\/h2><span class=\"title-separator separator-border theme-color-bg\"><\/span><\/div><!-- .title-wrap --><div class=\"section-description\">T\u00e4ydellinen valikoima lis\u00e4varusteita teollisuuden kuivakaasusuodatusj\u00e4rjestelmiin \u2013 mukaan lukien tiivisteet, kehykset, kotelot, tiivistyssarjat ja kiinnitystarvikkeet. N\u00e4m\u00e4 komponentit varmistavat oikean istuvuuden, luotettavan tiivistyksen ja nopean huollon kaikissa suodatusvaiheissa. Filtnor toimittaa yhteensopivia lis\u00e4varustesarjoja, asennusapua ja kattavaa elinkaaritukea.<\/div><!-- .section-description --><\/div><!-- .section-title-wrapper --><div class=\"feature-box-wrapper feature-box-style-1 vc_custom_1728552758399 shortcode-rand-14 induzy-inline-css\" data-css=\"&quot;.shortcode-rand-14.feature-box-wrapper {background: -moz-linear-gradient(141deg,  0%,  51%,  75%);\\r\\n\\t\\t\\t\\tbackground: -webkit-linear-gradient(141deg,  0%,  51%,  75%);\\r\\n\\t\\t\\t\\tbackground: linear-gradient(141deg,  0%,  51%,  75%);}.shortcode-rand-14 .feature-box-icon { font-size: 24px; }.shortcode-rand-14 .feature-box-icon { height: 48px; width: 48px; }.shortcode-rand-14 .feature-box-icon &gt; span { line-height: 2; }.shortcode-rand-14:hover .feature-box-icon { background: none; }&quot;\" ><div class=\"feature-box-btn\"><a class=\"btn default\" href=\"https:\/\/www.filtnor.com\/fi\/ota-meihin-yhteytta\/\" title=\"L\u00c4HET\u00c4 KYSYMYS \u00bb\">L\u00c4HET\u00c4 KYSYMYS \u00bb<\/a><\/div><!-- .feature-box-btn --><\/div><!-- .feature-box-wrapper --><\/div><\/div><\/div><div class=\"wpb_column vc_column_container vc_col-sm-12 vc_col-lg-6 vc_col-md-6\"><div class=\"vc_column-inner\"><div class=\"wpb_wrapper\">\n\t<div  class=\"wpb_single_image wpb_content_element vc_align_left wpb_content_element\">\n\t\t\n\t\t<figure class=\"wpb_wrapper vc_figure\">\n\t\t\t<div class=\"vc_single_image-wrapper   vc_box_border_grey\"><img loading=\"lazy\" decoding=\"async\" width=\"768\" height=\"456\" src=\"https:\/\/www.filtnor.com\/wp-content\/uploads\/2025\/04\/products_filtration_dry-filtration_filter-mats_001-768x456.png\" class=\"vc_single_image-img attachment-medium\" alt=\"Teollisuuden suodatinmatto\" title=\"products_filtration_dry-filtration_filter-mats_001\" srcset=\"https:\/\/www.filtnor.com\/wp-content\/uploads\/2025\/04\/products_filtration_dry-filtration_filter-mats_001-768x456.png 768w, https:\/\/www.filtnor.com\/wp-content\/uploads\/2025\/04\/products_filtration_dry-filtration_filter-mats_001-440x260.png 440w, https:\/\/www.filtnor.com\/wp-content\/uploads\/2025\/04\/products_filtration_dry-filtration_filter-mats_001-390x231.png 390w, https:\/\/www.filtnor.com\/wp-content\/uploads\/2025\/04\/products_filtration_dry-filtration_filter-mats_001-220x130.png 220w\" sizes=\"auto, (max-width: 768px) 100vw, 768px\" \/><\/div>\n\t\t<\/figure>\n\t<\/div>\n<\/div><\/div><\/div><\/div><div data-vc-full-width=\"true\" data-vc-full-width-init=\"false\" class=\"vc_row wpb_row vc_row-fluid additional-call-to-action vc_custom_1691588100630 vc_row-has-fill\"><div class=\"wpb_column vc_column_container vc_col-sm-12\"><div class=\"vc_column-inner\"><div class=\"wpb_wrapper\"><div class=\"vc_row wpb_row vc_inner vc_row-fluid\"><div class=\"wpb_column vc_column_container vc_col-sm-12 vc_col-lg-9 vc_col-md-12\"><div class=\"vc_column-inner\"><div class=\"wpb_wrapper\"><div class=\"feature-box-wrapper feature-box-style-1 shortcode-rand-16 induzy-inline-css feature-list-1\" data-css=\"&quot;.shortcode-rand-16.feature-box-wrapper { color: #000000; }.shortcode-rand-16.feature-box-wrapper {background: -moz-linear-gradient(141deg,  0%,  51%,  75%);\\r\\n\\t\\t\\t\\tbackground: -webkit-linear-gradient(141deg,  0%,  51%,  75%);\\r\\n\\t\\t\\t\\tbackground: linear-gradient(141deg,  0%,  51%,  75%);}.shortcode-rand-16 .feature-box-icon { font-size: 30px; }.shortcode-rand-16 .feature-box-icon { height: 60px; width: 60px; }.shortcode-rand-16 .feature-box-icon &gt; span { line-height: 2; }.shortcode-rand-16:hover .feature-box-icon { background: none; }&quot;\" ><div class=\"fbox-list\"><div class=\"media\"><div class=\"feature-box-icon mr-3 text-center rounded-circle none\"><span class=\"\"><\/span><\/div><!-- .feature-box-icon --><div class=\"media-body\"><div class=\"feature-box-title\"><h4 class=\"section-title\">Etk\u00f6 l\u00f6yd\u00e4 etsim\u00e4\u00e4si?<\/h4><\/div><!-- .feature-box-title --><div class=\"feature-box-content\">Ota yhteytt\u00e4, niin autamme sinua l\u00f6yt\u00e4m\u00e4\u00e4n sen!<\/div><!-- .feature-box-content --><\/div><\/div><\/div><\/div><!-- .feature-box-wrapper --><\/div><\/div><\/div><div class=\"wpb_column vc_column_container vc_col-sm-12 vc_col-lg-3 vc_col-md-12\"><div class=\"vc_column-inner vc_custom_1691588352947\"><div class=\"wpb_wrapper\"><div class=\"vc_btn3-container  additional-btn vc_btn3-right vc_custom_1719435518333 vc_do_btn\" ><a style=\"background-color:#06295e; color:#ffffff;\" class=\"vc_general vc_btn3 vc_btn3-size-md vc_btn3-shape-rounded vc_btn3-style-custom\" href=\"https:\/\/www.filtnor.com\/fi\/ota-meihin-yhteytta\/\" title=\"Ota yhteytt\u00e4\">L\u00c4HET\u00c4 KYSYMYS \u00bb<\/a><\/div><\/div><\/div><\/div><\/div><\/div><\/div><\/div><\/div><div class=\"vc_row-full-width vc_clearfix\"><\/div>\n<\/div>","protected":false},"excerpt":{"rendered":"Teollinen kuivasuodatusT\u00e4ydelliset kuivakaasusuodatusj\u00e4rjestelm\u00e4t ja lis\u00e4varusteet, mukaan lukien kotelot, suodatinkennot, suodatinpussiyksik\u00f6t ja vaihtomoduulit. N\u00e4m\u00e4 ratkaisut on rakennettu suurta l\u00e4pivirtausta, vaativia teollisuusymp\u00e4rist\u00f6j\u00e4 ja p\u00e4\u00e4st\u00f6rajojen noudattamista varten. Filtnor tukee asennusta, huoltosopimuksia ja j\u00e4lkiasennuksia j\u00e4rjestelm\u00e4n k\u00e4ytt\u00f6ajan ja suorituskyvyn maksimoimiseksi. Korkean l\u00e4mp\u00f6tilan suodattimetKest\u00e4v\u00e4t korkean l\u00e4mp\u00f6tilan suodattimet, jotka on suunniteltu kuumille kaasuille, l\u00e4mp\u00f6tiloille","protected":false},"author":1,"featured_media":0,"parent":5476,"menu_order":0,"comment_status":"closed","ping_status":"closed","template":"","meta":{"om_disable_all_campaigns":false,"footnotes":""},"class_list":["post-6322","page","type-page","status-publish","hentry"],"yoast_head":"<!-- This site is optimized with the Yoast SEO Premium plugin v26.1 (Yoast SEO v27.4) - https:\/\/yoast.com\/product\/yoast-seo-premium-wordpress\/ -->\n<title>Dry-Gas Filtration Systems &amp; Accessories - Filtnor<\/title>\n<meta name=\"description\" content=\"Dry-gas filtration systems and industrial filter accessories for high-temperature, high-volume and dust-laden processes. Filter cells, housings and OEM replacement components.\" \/>\n<meta name=\"robots\" content=\"index, follow, max-snippet:-1, max-image-preview:large, max-video-preview:-1\" \/>\n<link rel=\"canonical\" href=\"https:\/\/www.filtnor.com\/fi\/tuotteet\/suodatus\/kuivasuodatus\/kuivakaasusuodatusjarjestelmien-lisavarusteet\/\" \/>\n<meta property=\"og:locale\" content=\"fi_FI\" \/>\n<meta property=\"og:type\" content=\"article\" \/>\n<meta property=\"og:title\" content=\"Dry-Gas Filtration Systems &amp; Accessories\" \/>\n<meta property=\"og:description\" content=\"Dry-gas filtration systems and industrial filter accessories for high-temperature, high-volume and dust-laden processes. Filter cells, housings and OEM replacement components.\" \/>\n<meta property=\"og:url\" content=\"https:\/\/www.filtnor.com\/fi\/tuotteet\/suodatus\/kuivasuodatus\/kuivakaasusuodatusjarjestelmien-lisavarusteet\/\" \/>\n<meta property=\"og:site_name\" content=\"Filtnor\" \/>\n<meta property=\"article:modified_time\" content=\"2025-11-17T13:01:43+00:00\" \/>\n<meta name=\"twitter:card\" content=\"summary_large_image\" \/>\n<meta name=\"twitter:label1\" content=\"Arvioitu lukuaika\" \/>\n\t<meta name=\"twitter:data1\" content=\"2 minuuttia\" \/>\n<script type=\"application\/ld+json\" class=\"yoast-schema-graph\">{\"@context\":\"https:\\\/\\\/schema.org\",\"@graph\":[{\"@type\":\"WebPage\",\"@id\":\"https:\\\/\\\/www.filtnor.com\\\/products\\\/filtration\\\/dry-filtration\\\/dry-gas-filtration-systems-accessories\\\/\",\"url\":\"https:\\\/\\\/www.filtnor.com\\\/products\\\/filtration\\\/dry-filtration\\\/dry-gas-filtration-systems-accessories\\\/\",\"name\":\"Dry-Gas Filtration Systems & Accessories - Filtnor\",\"isPartOf\":{\"@id\":\"https:\\\/\\\/www.filtnor.com\\\/#website\"},\"datePublished\":\"2025-11-17T10:21:19+00:00\",\"dateModified\":\"2025-11-17T13:01:43+00:00\",\"description\":\"Dry-gas filtration systems and industrial filter accessories for high-temperature, high-volume and dust-laden processes. Filter cells, housings and OEM replacement components.\",\"breadcrumb\":{\"@id\":\"https:\\\/\\\/www.filtnor.com\\\/products\\\/filtration\\\/dry-filtration\\\/dry-gas-filtration-systems-accessories\\\/#breadcrumb\"},\"inLanguage\":\"fi\",\"potentialAction\":[{\"@type\":\"ReadAction\",\"target\":[\"https:\\\/\\\/www.filtnor.com\\\/products\\\/filtration\\\/dry-filtration\\\/dry-gas-filtration-systems-accessories\\\/\"]}]},{\"@type\":\"BreadcrumbList\",\"@id\":\"https:\\\/\\\/www.filtnor.com\\\/products\\\/filtration\\\/dry-filtration\\\/dry-gas-filtration-systems-accessories\\\/#breadcrumb\",\"itemListElement\":[{\"@type\":\"ListItem\",\"position\":1,\"name\":\"Home\",\"item\":\"https:\\\/\\\/www.filtnor.com\\\/\"},{\"@type\":\"ListItem\",\"position\":2,\"name\":\"Product groups from Filtnor\",\"item\":\"https:\\\/\\\/www.filtnor.com\\\/products\\\/\"},{\"@type\":\"ListItem\",\"position\":3,\"name\":\"Filtration\",\"item\":\"https:\\\/\\\/www.filtnor.com\\\/products\\\/filtration\\\/\"},{\"@type\":\"ListItem\",\"position\":4,\"name\":\"Dry filtration\",\"item\":\"https:\\\/\\\/www.filtnor.com\\\/products\\\/filtration\\\/dry-filtration\\\/\"},{\"@type\":\"ListItem\",\"position\":5,\"name\":\"Dry-Gas Filtration Systems &#038; Accessories\"}]},{\"@type\":\"WebSite\",\"@id\":\"https:\\\/\\\/www.filtnor.com\\\/#website\",\"url\":\"https:\\\/\\\/www.filtnor.com\\\/\",\"name\":\"Filtnor\",\"description\":\"Filtration you can trust. Performance that lasts.\",\"potentialAction\":[{\"@type\":\"SearchAction\",\"target\":{\"@type\":\"EntryPoint\",\"urlTemplate\":\"https:\\\/\\\/www.filtnor.com\\\/?s={search_term_string}\"},\"query-input\":{\"@type\":\"PropertyValueSpecification\",\"valueRequired\":true,\"valueName\":\"search_term_string\"}}],\"inLanguage\":\"fi\"}]}<\/script>\n<!-- \/ Yoast SEO Premium plugin. -->","yoast_head_json":{"title":"Kuivakaasusuodatusj\u00e4rjestelm\u00e4t ja -tarvikkeet - Filtnor","description":"Kuivakaasusuodatusj\u00e4rjestelm\u00e4t ja teollisuussuodatintarvikkeet korkean l\u00e4mp\u00f6tilan, suurten tilavuuksien ja p\u00f6lyisten prosessien tarpeisiin. Suodatinkennot, kotelot ja alkuper\u00e4isvalmistajan varaosat.","robots":{"index":"index","follow":"follow","max-snippet":"max-snippet:-1","max-image-preview":"max-image-preview:large","max-video-preview":"max-video-preview:-1"},"canonical":"https:\/\/www.filtnor.com\/fi\/tuotteet\/suodatus\/kuivasuodatus\/kuivakaasusuodatusjarjestelmien-lisavarusteet\/","og_locale":"fi_FI","og_type":"article","og_title":"Dry-Gas Filtration Systems & Accessories","og_description":"Dry-gas filtration systems and industrial filter accessories for high-temperature, high-volume and dust-laden processes. Filter cells, housings and OEM replacement components.","og_url":"https:\/\/www.filtnor.com\/fi\/tuotteet\/suodatus\/kuivasuodatus\/kuivakaasusuodatusjarjestelmien-lisavarusteet\/","og_site_name":"Filtnor","article_modified_time":"2025-11-17T13:01:43+00:00","twitter_card":"summary_large_image","twitter_misc":{"Arvioitu lukuaika":"2 minuuttia"},"schema":{"@context":"https:\/\/schema.org","@graph":[{"@type":"WebPage","@id":"https:\/\/www.filtnor.com\/products\/filtration\/dry-filtration\/dry-gas-filtration-systems-accessories\/","url":"https:\/\/www.filtnor.com\/products\/filtration\/dry-filtration\/dry-gas-filtration-systems-accessories\/","name":"Kuivakaasusuodatusj\u00e4rjestelm\u00e4t ja -tarvikkeet - Filtnor","isPartOf":{"@id":"https:\/\/www.filtnor.com\/#website"},"datePublished":"2025-11-17T10:21:19+00:00","dateModified":"2025-11-17T13:01:43+00:00","description":"Kuivakaasusuodatusj\u00e4rjestelm\u00e4t ja teollisuussuodatintarvikkeet korkean l\u00e4mp\u00f6tilan, suurten tilavuuksien ja p\u00f6lyisten prosessien tarpeisiin. Suodatinkennot, kotelot ja alkuper\u00e4isvalmistajan varaosat.","breadcrumb":{"@id":"https:\/\/www.filtnor.com\/products\/filtration\/dry-filtration\/dry-gas-filtration-systems-accessories\/#breadcrumb"},"inLanguage":"fi","potentialAction":[{"@type":"ReadAction","target":["https:\/\/www.filtnor.com\/products\/filtration\/dry-filtration\/dry-gas-filtration-systems-accessories\/"]}]},{"@type":"BreadcrumbList","@id":"https:\/\/www.filtnor.com\/products\/filtration\/dry-filtration\/dry-gas-filtration-systems-accessories\/#breadcrumb","itemListElement":[{"@type":"ListItem","position":1,"name":"Home","item":"https:\/\/www.filtnor.com\/"},{"@type":"ListItem","position":2,"name":"Product groups from Filtnor","item":"https:\/\/www.filtnor.com\/products\/"},{"@type":"ListItem","position":3,"name":"Filtration","item":"https:\/\/www.filtnor.com\/products\/filtration\/"},{"@type":"ListItem","position":4,"name":"Dry filtration","item":"https:\/\/www.filtnor.com\/products\/filtration\/dry-filtration\/"},{"@type":"ListItem","position":5,"name":"Dry-Gas Filtration Systems &#038; Accessories"}]},{"@type":"WebSite","@id":"https:\/\/www.filtnor.com\/#website","url":"https:\/\/www.filtnor.com\/","name":"Filtnor","description":"Suodatus, johon voit luottaa. Suorituskyky\u00e4, joka kest\u00e4\u00e4.","potentialAction":[{"@type":"SearchAction","target":{"@type":"EntryPoint","urlTemplate":"https:\/\/www.filtnor.com\/?s={search_term_string}"},"query-input":{"@type":"PropertyValueSpecification","valueRequired":true,"valueName":"search_term_string"}}],"inLanguage":"fi"}]}},"_links":{"self":[{"href":"https:\/\/www.filtnor.com\/fi\/wp-json\/wp\/v2\/pages\/6322","targetHints":{"allow":["GET"]}}],"collection":[{"href":"https:\/\/www.filtnor.com\/fi\/wp-json\/wp\/v2\/pages"}],"about":[{"href":"https:\/\/www.filtnor.com\/fi\/wp-json\/wp\/v2\/types\/page"}],"author":[{"embeddable":true,"href":"https:\/\/www.filtnor.com\/fi\/wp-json\/wp\/v2\/users\/1"}],"replies":[{"embeddable":true,"href":"https:\/\/www.filtnor.com\/fi\/wp-json\/wp\/v2\/comments?post=6322"}],"version-history":[{"count":6,"href":"https:\/\/www.filtnor.com\/fi\/wp-json\/wp\/v2\/pages\/6322\/revisions"}],"predecessor-version":[{"id":6344,"href":"https:\/\/www.filtnor.com\/fi\/wp-json\/wp\/v2\/pages\/6322\/revisions\/6344"}],"up":[{"embeddable":true,"href":"https:\/\/www.filtnor.com\/fi\/wp-json\/wp\/v2\/pages\/5476"}],"wp:attachment":[{"href":"https:\/\/www.filtnor.com\/fi\/wp-json\/wp\/v2\/media?parent=6322"}],"curies":[{"name":"wp","href":"https:\/\/api.w.org\/{rel}","templated":true}]}}