{"id":6305,"date":"2025-11-11T14:06:32","date_gmt":"2025-11-11T13:06:32","guid":{"rendered":"https:\/\/www.filtnor.com\/?page_id=6305"},"modified":"2025-11-11T14:22:56","modified_gmt":"2025-11-11T13:22:56","slug":"suodattimet-betonituotantoon","status":"publish","type":"page","link":"https:\/\/www.filtnor.com\/fi\/painesuodattimien-kayttoalueet\/suodattimet-betonituotantoon\/","title":{"rendered":"Suodattimet betonituotantoon"},"content":{"rendered":"<div class=\"wpb-content-wrapper\"><div class=\"vc_row wpb_row vc_row-fluid vc_custom_1762867343120\"><div class=\"wpb_column vc_column_container vc_col-sm-12 vc_col-lg-6 vc_col-md-6\"><div class=\"vc_column-inner\"><div class=\"wpb_wrapper\"><div class=\"section-title-wrapper shortcode-rand-2 induzy-inline-css\" data-css=\"&quot;.shortcode-rand-2 .title-separator.separator-border { background-color: ; }.shortcode-rand-2 .section-title { text-transform: none; }&quot;\"><div class=\"title-wrap\"><h2 class=\"section-title\">Suodatusratkaisut betonituotantoon<\/h2><span class=\"title-separator separator-border theme-color-bg\"><\/span><\/div><!-- .title-wrap --><div class=\"section-description\">Betonin tuotannossa prosessiveden ja lietteen hallinta on olennaista sek\u00e4 toiminnan tehokkuuden ett\u00e4 ymp\u00e4rist\u00f6vaatimustenmukaisuuden kannalta. Suodatinpuristimet ovat todistettu ratkaisu kiinteiden aineiden ja nesteiden erottamiseen pesuvedest\u00e4, jota syntyy betonin sekoittamisen, kiviaineksen pesun ja betoniautojen puhdistuksen aikana.<\/p>\n<p>Suodatinpuristimen avulla betonivalmistajat voivat ottaa talteen puhdasta vett\u00e4 uudelleenk\u00e4ytt\u00f6\u00e4 varten tuotannossa, ja kuivattu liete on helppo k\u00e4sitell\u00e4 ja h\u00e4vitt\u00e4\u00e4. T\u00e4m\u00e4 ei ainoastaan v\u00e4henn\u00e4 j\u00e4tem\u00e4\u00e4r\u00e4\u00e4, vaan my\u00f6s minimoi kalliiden vedenk\u00e4sittely- ja p\u00e4\u00e4st\u00f6maksujen tarpeen \u2013 mik\u00e4 tarjoaa sek\u00e4 taloudellisia ett\u00e4 ymp\u00e4rist\u00f6hy\u00f6tyj\u00e4.<\/p>\n<p>Filtnor toimittaa betonitehtaille t\u00e4ydellisi\u00e4 suodatusratkaisuja, mukaan lukien suodatinpuristimet, varaosat sek\u00e4 tekninen tuki optimointiin ja huoltoon. Kokemuksemme teollisten prosessien suodatuksesta varmistaa luotettavan toiminnan my\u00f6s vaativissa sovelluksissa, kuten betonin pesuveden suodatuksessa.<\/div><!-- .section-description --><\/div><!-- .section-title-wrapper --><div class=\"feature-box-wrapper feature-box-style-1 vc_custom_1762866973136 shortcode-rand-3 induzy-inline-css\" data-css=\"&quot;.shortcode-rand-3.feature-box-wrapper {background: -moz-linear-gradient(141deg,  0%,  51%,  75%);\\r\\n\\t\\t\\t\\tbackground: -webkit-linear-gradient(141deg,  0%,  51%,  75%);\\r\\n\\t\\t\\t\\tbackground: linear-gradient(141deg,  0%,  51%,  75%);}.shortcode-rand-3 .feature-box-icon { font-size: 24px; }.shortcode-rand-3 .feature-box-icon { height: 48px; width: 48px; }.shortcode-rand-3 .feature-box-icon &gt; span { line-height: 2; }.shortcode-rand-3:hover .feature-box-icon { background: none; }&quot;\" ><div class=\"feature-box-btn\"><a class=\"btn default\" href=\"https:\/\/www.filtnor.com\/fi\/ota-meihin-yhteytta\/\" title=\"L\u00c4HET\u00c4 KYSYMYS \u00bb\">L\u00c4HET\u00c4 KYSYMYS \u00bb<\/a><\/div><!-- .feature-box-btn --><\/div><!-- .feature-box-wrapper --><\/div><\/div><\/div><div class=\"wpb_column vc_column_container vc_col-sm-12 vc_col-lg-6 vc_col-md-6\"><div class=\"vc_column-inner\"><div class=\"wpb_wrapper\">\n\t<div  class=\"wpb_single_image wpb_content_element vc_align_left wpb_content_element\">\n\t\t\n\t\t<figure class=\"wpb_wrapper vc_figure\">\n\t\t\t<div class=\"vc_single_image-wrapper   vc_box_border_grey\"><img loading=\"lazy\" decoding=\"async\" width=\"1024\" height=\"1024\" src=\"https:\/\/www.filtnor.com\/wp-content\/uploads\/2025\/11\/areas-of-use_concrete-production.png\" class=\"vc_single_image-img attachment-full\" alt=\"Suodatinkankaat suodatinpuristimille, joita k\u00e4ytet\u00e4\u00e4n betonituotannossa pesuveden puhdistamiseen ja kierr\u00e4tt\u00e4miseen.\" title=\"suodatinkankaan-betonin-tuotanto-Filtnor\" srcset=\"https:\/\/www.filtnor.com\/wp-content\/uploads\/2025\/11\/areas-of-use_concrete-production.png 1024w, https:\/\/www.filtnor.com\/wp-content\/uploads\/2025\/11\/areas-of-use_concrete-production-80x80.png 80w, https:\/\/www.filtnor.com\/wp-content\/uploads\/2025\/11\/areas-of-use_concrete-production-768x768.png 768w, https:\/\/www.filtnor.com\/wp-content\/uploads\/2025\/11\/areas-of-use_concrete-production-12x12.png 12w, https:\/\/www.filtnor.com\/wp-content\/uploads\/2025\/11\/areas-of-use_concrete-production-600x600.png 600w, https:\/\/www.filtnor.com\/wp-content\/uploads\/2025\/11\/areas-of-use_concrete-production-300x300.png 300w, https:\/\/www.filtnor.com\/wp-content\/uploads\/2025\/11\/areas-of-use_concrete-production-100x100.png 100w\" sizes=\"auto, (max-width: 1024px) 100vw, 1024px\" \/><\/div>\n\t\t<\/figure>\n\t<\/div>\n<\/div><\/div><\/div><\/div><div class=\"vc_row wpb_row vc_row-fluid vc_custom_1691588774257\"><div class=\"wpb_column vc_column_container vc_col-sm-6\"><div class=\"vc_column-inner\"><div class=\"wpb_wrapper\"><div class=\"section-title-wrapper shortcode-rand-5 induzy-inline-css\" data-css=\"&quot;.shortcode-rand-5 .title-separator.separator-border { background-color: ; }.shortcode-rand-5 .section-title { text-transform: none; }&quot;\"><div class=\"title-wrap\"><h4 class=\"section-title\">Suodatinkankaat suodatinpuristimille betonituotannossa<\/h4><span class=\"title-separator separator-border theme-color-bg\"><\/span><\/div><!-- .title-wrap --><div class=\"section-description\"><\/p>\n<p data-start=\"1289\" data-end=\"1584\">Suodatinkangas on suodatinpuristimen kriittisin osa, joka m\u00e4\u00e4r\u00e4\u00e4 suoraan suodatustehokkuuden, kakun kuivumisasteen ja sykliajan. Betonisovelluksissa kankaat altistuvat hankaaville hiukkasille, kuten hiekalle ja sementtij\u00e4\u00e4mille, mik\u00e4 vaatii kest\u00e4vi\u00e4 ja tarkasti sopivia materiaaleja.<\/p>\n<p data-start=\"1586\" data-end=\"1788\">Filtnor tarjoaa r\u00e4\u00e4t\u00e4l\u00f6ityj\u00e4 suodatinkankaita kaikkiin betoniteollisuudessa k\u00e4ytettyihin yleisiin suodatinpuristimiin. Kankaamme on valmistettu korkealaatuisista monofilamentti- tai multifilamenttikankaista, jotka on optimoitu seuraaviin k\u00e4ytt\u00f6tarkoituksiin:<\/p>\n<ul data-start=\"1789\" data-end=\"2052\">\n<li data-start=\"1789\" data-end=\"1841\">\n<p data-start=\"1791\" data-end=\"1841\"><strong data-start=\"1791\" data-end=\"1819\">Korkea mekaaninen lujuus<\/strong> ja kulutuskest\u00e4vyys<\/p>\n<\/li>\n<li data-start=\"1842\" data-end=\"1908\">\n<p data-start=\"1844\" data-end=\"1908\"><strong data-start=\"1844\" data-end=\"1874\">Erinomainen suodoksen kirkkaus<\/strong> jopa hienojen sementtihiukkasten kanssa<\/p>\n<\/li>\n<li data-start=\"1909\" data-end=\"1975\">\n<p data-start=\"1911\" data-end=\"1975\"><strong data-start=\"1911\" data-end=\"1937\">Tehokas kakun irrotus<\/strong> nopeita ja puhtaita tyhjennysjaksoja varten<\/p>\n<\/li>\n<li data-start=\"1976\" data-end=\"2052\">\n<p data-start=\"1978\" data-end=\"2052\"><strong data-start=\"1978\" data-end=\"1997\">Tarkka sovitus<\/strong> levyn mittojen ja reikien kokoonpanon mukaan<\/p>\n<\/li>\n<\/ul>\n<p data-start=\"2054\" data-end=\"2320\">Toimitamme kankaita mm. <strong data-start=\"2075\" data-end=\"2114\">kammio- ja kalvosuodatinpuristimet<\/strong> eri valmistajilta ja voi auttaa sek\u00e4 optimoinnissa ett\u00e4 vaihtosuunnittelussa. Tarvitsetpa sitten yksitt\u00e4isen kankaan tai kokonaisen setin, Filtnor varmistaa oikean suunnittelun ja materiaalin prosessiisi.<\/p>\n<p><\/div><!-- .section-description --><\/div><!-- .section-title-wrapper --><\/div><\/div><\/div><div class=\"wpb_column vc_column_container vc_col-sm-6\"><div class=\"vc_column-inner\"><div class=\"wpb_wrapper\"><div class=\"section-title-wrapper margin-bottom-30 shortcode-rand-6 induzy-inline-css\" data-css=\"&quot;.shortcode-rand-6 .title-separator.separator-border { background-color: ; }.shortcode-rand-6 .section-title { text-transform: none; }&quot;\"><div class=\"title-wrap\"><h4 class=\"section-title\">Joitakin suodatinkankaamme etuja<\/h4><span class=\"title-separator separator-border theme-color-bg\"><\/span><\/div><!-- .title-wrap --><div class=\"section-description\"><\/div><!-- .section-description --><\/div><!-- .section-title-wrapper --><div class=\"list-item-wrapper\" data-css=\"&quot;&quot;\"><div class=\"list-item-inner\" data-css=\"&quot;&quot;\"><div class=\"list-item-title media\"><span class=\"mr-3 icon-light fa fa-solid fa-check\"><\/span><div class=\"media-body align-self-center list-item-desc\">Pitk\u00e4 k\u00e4ytt\u00f6ik\u00e4 \u2013 Korkea mekaaninen lujuus ja kulutuskest\u00e4vyys betonilietteelle.<\/div><\/div><!-- .list-item-title --><\/div><!-- .list-item-inner --><div class=\"list-item-inner\" data-css=\"&quot;&quot;\"><div class=\"list-item-title media\"><span class=\"mr-3 icon-light fa fa-solid fa-check\"><\/span><div class=\"media-body align-self-center list-item-desc\">Puhdas suodos \u2013 Optimoitu kankaan rakenne varmistaa kierr\u00e4tetyn veden erinomaisen kirkkauden.<\/div><\/div><!-- .list-item-title --><\/div><!-- .list-item-inner --><div class=\"list-item-inner\" data-css=\"&quot;&quot;\"><div class=\"list-item-title media\"><span class=\"mr-3 icon-light fa fa-solid fa-check\"><\/span><div class=\"media-body align-self-center list-item-desc\">Helppo kakun irrotus \u2013 Sile\u00e4 pinta ja tarkka istuvuus lyhent\u00e4v\u00e4t sykli\u00e4 ja puhdistuksen vaivaa.<\/div><\/div><!-- .list-item-title --><\/div><!-- .list-item-inner --><div class=\"list-item-inner\" data-css=\"&quot;&quot;\"><div class=\"list-item-title media\"><span class=\"mr-3 icon-light fa fa-solid fa-check\"><\/span><div class=\"media-body align-self-center list-item-desc\">T\u00e4ydellinen istuvuus \u2013 R\u00e4\u00e4t\u00e4l\u00f6ity kullekin suodatinpuristintyypille optimaalisen tiivistyksen ja suorituskyvyn takaamiseksi.<\/div><\/div><!-- .list-item-title --><\/div><!-- .list-item-inner --><\/div><!-- .list-item-wrapper --><\/div><\/div><\/div><\/div><div data-vc-full-width=\"true\" data-vc-full-width-init=\"false\" class=\"vc_row wpb_row vc_row-fluid additional-call-to-action vc_custom_1691588100630 vc_row-has-fill\"><div class=\"wpb_column vc_column_container vc_col-sm-12\"><div class=\"vc_column-inner\"><div class=\"wpb_wrapper\"><div class=\"vc_row wpb_row vc_inner vc_row-fluid\"><div class=\"wpb_column vc_column_container vc_col-sm-12 vc_col-lg-9 vc_col-md-12\"><div class=\"vc_column-inner\"><div class=\"wpb_wrapper\"><div class=\"feature-box-wrapper feature-box-style-1 shortcode-rand-13 induzy-inline-css feature-list-1\" data-css=\"&quot;.shortcode-rand-13.feature-box-wrapper { color: #000000; }.shortcode-rand-13.feature-box-wrapper {background: -moz-linear-gradient(141deg,  0%,  51%,  75%);\\r\\n\\t\\t\\t\\tbackground: -webkit-linear-gradient(141deg,  0%,  51%,  75%);\\r\\n\\t\\t\\t\\tbackground: linear-gradient(141deg,  0%,  51%,  75%);}.shortcode-rand-13 .feature-box-icon { font-size: 30px; }.shortcode-rand-13 .feature-box-icon { height: 60px; width: 60px; }.shortcode-rand-13 .feature-box-icon &gt; span { line-height: 2; }.shortcode-rand-13:hover .feature-box-icon { background: none; }&quot;\" ><div class=\"fbox-list\"><div class=\"media\"><div class=\"feature-box-icon mr-3 text-center rounded-circle none\"><span class=\"\"><\/span><\/div><!-- .feature-box-icon --><div class=\"media-body\"><div class=\"feature-box-title\"><h4 class=\"section-title\">Etk\u00f6 l\u00f6yd\u00e4 etsim\u00e4\u00e4si?<\/h4><\/div><!-- .feature-box-title --><div class=\"feature-box-content\">Ota yhteytt\u00e4, niin autamme sinua l\u00f6yt\u00e4m\u00e4\u00e4n sen!<\/div><!-- .feature-box-content --><\/div><\/div><\/div><\/div><!-- .feature-box-wrapper --><\/div><\/div><\/div><div class=\"wpb_column vc_column_container vc_col-sm-12 vc_col-lg-3 vc_col-md-12\"><div class=\"vc_column-inner vc_custom_1691588352947\"><div class=\"wpb_wrapper\"><div class=\"vc_btn3-container  additional-btn vc_btn3-right vc_custom_1762866940096 vc_do_btn\" ><a style=\"background-color:#06295e; color:#ffffff;\" class=\"vc_general vc_btn3 vc_btn3-size-md vc_btn3-shape-rounded vc_btn3-style-custom\" href=\"https:\/\/www.filtnor.com\/fi\/ota-meihin-yhteytta\/\" title=\"Ota yhteytt\u00e4\">L\u00c4HET\u00c4 KYSYMYS \u00bb<\/a><\/div><\/div><\/div><\/div><\/div><\/div><\/div><\/div><\/div><div class=\"vc_row-full-width vc_clearfix\"><\/div>\n<\/div>","protected":false},"excerpt":{"rendered":"Suodatusratkaisut betonituotantoonBetonituotannossa prosessiveden ja lietteen hallinta on olennaista sek\u00e4 toiminnan tehokkuuden ett\u00e4 ymp\u00e4rist\u00f6vaatimustenmukaisuuden kannalta. Suodatinpuristimet ovat todistettu ratkaisu kiinteiden aineiden ja nesteiden erottamiseen pesuvedest\u00e4, jota syntyy betonin sekoittamisen, kiviaineksen pesun ja betoniautojen puhdistuksen aikana. Suodatinpuristimen avulla betonintuottajat","protected":false},"author":1,"featured_media":0,"parent":4070,"menu_order":0,"comment_status":"closed","ping_status":"closed","template":"","meta":{"om_disable_all_campaigns":false,"footnotes":""},"class_list":["post-6305","page","type-page","status-publish","hentry"],"yoast_head":"<!-- This site is optimized with the Yoast SEO Premium plugin v26.1 (Yoast SEO v27.5) - https:\/\/yoast.com\/product\/yoast-seo-premium-wordpress\/ -->\n<title>Filters for Concrete Production - Filtnor<\/title>\n<meta name=\"description\" content=\"Filter presses and filter cloths for concrete production \u2013 long lifetime, clean filtrate, fast release, and perfect fit for all filter presses.\" \/>\n<meta name=\"robots\" content=\"index, follow, max-snippet:-1, max-image-preview:large, max-video-preview:-1\" \/>\n<link rel=\"canonical\" href=\"https:\/\/www.filtnor.com\/fi\/painesuodattimien-kayttoalueet\/suodattimet-betonituotantoon\/\" \/>\n<meta property=\"og:locale\" content=\"fi_FI\" \/>\n<meta property=\"og:type\" content=\"article\" \/>\n<meta property=\"og:title\" content=\"Filters for Concrete Production\" \/>\n<meta property=\"og:description\" content=\"Filter presses and filter cloths for concrete production \u2013 long lifetime, clean filtrate, fast release, and perfect fit for all filter presses.\" \/>\n<meta property=\"og:url\" content=\"https:\/\/www.filtnor.com\/fi\/painesuodattimien-kayttoalueet\/suodattimet-betonituotantoon\/\" \/>\n<meta property=\"og:site_name\" content=\"Filtnor\" \/>\n<meta property=\"article:modified_time\" content=\"2025-11-11T13:22:56+00:00\" \/>\n<meta name=\"twitter:card\" content=\"summary_large_image\" \/>\n<meta name=\"twitter:label1\" content=\"Arvioitu lukuaika\" \/>\n\t<meta name=\"twitter:data1\" content=\"3 minuuttia\" \/>\n<script type=\"application\/ld+json\" class=\"yoast-schema-graph\">{\"@context\":\"https:\\\/\\\/schema.org\",\"@graph\":[{\"@type\":\"WebPage\",\"@id\":\"https:\\\/\\\/www.filtnor.com\\\/areas-of-use-for-pressure-filters\\\/filters-for-concrete-production\\\/\",\"url\":\"https:\\\/\\\/www.filtnor.com\\\/areas-of-use-for-pressure-filters\\\/filters-for-concrete-production\\\/\",\"name\":\"Filters for Concrete Production - Filtnor\",\"isPartOf\":{\"@id\":\"https:\\\/\\\/www.filtnor.com\\\/#website\"},\"datePublished\":\"2025-11-11T13:06:32+00:00\",\"dateModified\":\"2025-11-11T13:22:56+00:00\",\"description\":\"Filter presses and filter cloths for concrete production \u2013 long lifetime, clean filtrate, fast release, and perfect fit for all filter presses.\",\"breadcrumb\":{\"@id\":\"https:\\\/\\\/www.filtnor.com\\\/areas-of-use-for-pressure-filters\\\/filters-for-concrete-production\\\/#breadcrumb\"},\"inLanguage\":\"fi\",\"potentialAction\":[{\"@type\":\"ReadAction\",\"target\":[\"https:\\\/\\\/www.filtnor.com\\\/areas-of-use-for-pressure-filters\\\/filters-for-concrete-production\\\/\"]}]},{\"@type\":\"BreadcrumbList\",\"@id\":\"https:\\\/\\\/www.filtnor.com\\\/areas-of-use-for-pressure-filters\\\/filters-for-concrete-production\\\/#breadcrumb\",\"itemListElement\":[{\"@type\":\"ListItem\",\"position\":1,\"name\":\"Home\",\"item\":\"https:\\\/\\\/www.filtnor.com\\\/\"},{\"@type\":\"ListItem\",\"position\":2,\"name\":\"Areas of Use for Pressure Filters\",\"item\":\"https:\\\/\\\/www.filtnor.com\\\/areas-of-use-for-pressure-filters\\\/\"},{\"@type\":\"ListItem\",\"position\":3,\"name\":\"Filters for Concrete Production\"}]},{\"@type\":\"WebSite\",\"@id\":\"https:\\\/\\\/www.filtnor.com\\\/#website\",\"url\":\"https:\\\/\\\/www.filtnor.com\\\/\",\"name\":\"Filtnor\",\"description\":\"Filtration you can trust. Performance that lasts.\",\"potentialAction\":[{\"@type\":\"SearchAction\",\"target\":{\"@type\":\"EntryPoint\",\"urlTemplate\":\"https:\\\/\\\/www.filtnor.com\\\/?s={search_term_string}\"},\"query-input\":{\"@type\":\"PropertyValueSpecification\",\"valueRequired\":true,\"valueName\":\"search_term_string\"}}],\"inLanguage\":\"fi\"}]}<\/script>\n<!-- \/ Yoast SEO Premium plugin. -->","yoast_head_json":{"title":"Suodattimet betonituotantoon - Filtnor","description":"Suodatinpuristimet ja suodatinkankaat betonituotantoon \u2013 pitk\u00e4 k\u00e4ytt\u00f6ik\u00e4, puhdas suodos, nopea irtoaminen ja t\u00e4ydellinen sopivuus kaikkiin suodatinpuristimiin.","robots":{"index":"index","follow":"follow","max-snippet":"max-snippet:-1","max-image-preview":"max-image-preview:large","max-video-preview":"max-video-preview:-1"},"canonical":"https:\/\/www.filtnor.com\/fi\/painesuodattimien-kayttoalueet\/suodattimet-betonituotantoon\/","og_locale":"fi_FI","og_type":"article","og_title":"Filters for Concrete Production","og_description":"Filter presses and filter cloths for concrete production \u2013 long lifetime, clean filtrate, fast release, and perfect fit for all filter presses.","og_url":"https:\/\/www.filtnor.com\/fi\/painesuodattimien-kayttoalueet\/suodattimet-betonituotantoon\/","og_site_name":"Filtnor","article_modified_time":"2025-11-11T13:22:56+00:00","twitter_card":"summary_large_image","twitter_misc":{"Arvioitu lukuaika":"3 minuuttia"},"schema":{"@context":"https:\/\/schema.org","@graph":[{"@type":"WebPage","@id":"https:\/\/www.filtnor.com\/areas-of-use-for-pressure-filters\/filters-for-concrete-production\/","url":"https:\/\/www.filtnor.com\/areas-of-use-for-pressure-filters\/filters-for-concrete-production\/","name":"Suodattimet betonituotantoon - Filtnor","isPartOf":{"@id":"https:\/\/www.filtnor.com\/#website"},"datePublished":"2025-11-11T13:06:32+00:00","dateModified":"2025-11-11T13:22:56+00:00","description":"Suodatinpuristimet ja suodatinkankaat betonituotantoon \u2013 pitk\u00e4 k\u00e4ytt\u00f6ik\u00e4, puhdas suodos, nopea irtoaminen ja t\u00e4ydellinen sopivuus kaikkiin suodatinpuristimiin.","breadcrumb":{"@id":"https:\/\/www.filtnor.com\/areas-of-use-for-pressure-filters\/filters-for-concrete-production\/#breadcrumb"},"inLanguage":"fi","potentialAction":[{"@type":"ReadAction","target":["https:\/\/www.filtnor.com\/areas-of-use-for-pressure-filters\/filters-for-concrete-production\/"]}]},{"@type":"BreadcrumbList","@id":"https:\/\/www.filtnor.com\/areas-of-use-for-pressure-filters\/filters-for-concrete-production\/#breadcrumb","itemListElement":[{"@type":"ListItem","position":1,"name":"Home","item":"https:\/\/www.filtnor.com\/"},{"@type":"ListItem","position":2,"name":"Areas of Use for Pressure Filters","item":"https:\/\/www.filtnor.com\/areas-of-use-for-pressure-filters\/"},{"@type":"ListItem","position":3,"name":"Filters for Concrete Production"}]},{"@type":"WebSite","@id":"https:\/\/www.filtnor.com\/#website","url":"https:\/\/www.filtnor.com\/","name":"Filtnor","description":"Suodatus, johon voit luottaa. Suorituskyky\u00e4, joka kest\u00e4\u00e4.","potentialAction":[{"@type":"SearchAction","target":{"@type":"EntryPoint","urlTemplate":"https:\/\/www.filtnor.com\/?s={search_term_string}"},"query-input":{"@type":"PropertyValueSpecification","valueRequired":true,"valueName":"search_term_string"}}],"inLanguage":"fi"}]}},"_links":{"self":[{"href":"https:\/\/www.filtnor.com\/fi\/wp-json\/wp\/v2\/pages\/6305","targetHints":{"allow":["GET"]}}],"collection":[{"href":"https:\/\/www.filtnor.com\/fi\/wp-json\/wp\/v2\/pages"}],"about":[{"href":"https:\/\/www.filtnor.com\/fi\/wp-json\/wp\/v2\/types\/page"}],"author":[{"embeddable":true,"href":"https:\/\/www.filtnor.com\/fi\/wp-json\/wp\/v2\/users\/1"}],"replies":[{"embeddable":true,"href":"https:\/\/www.filtnor.com\/fi\/wp-json\/wp\/v2\/comments?post=6305"}],"version-history":[{"count":9,"href":"https:\/\/www.filtnor.com\/fi\/wp-json\/wp\/v2\/pages\/6305\/revisions"}],"predecessor-version":[{"id":6316,"href":"https:\/\/www.filtnor.com\/fi\/wp-json\/wp\/v2\/pages\/6305\/revisions\/6316"}],"up":[{"embeddable":true,"href":"https:\/\/www.filtnor.com\/fi\/wp-json\/wp\/v2\/pages\/4070"}],"wp:attachment":[{"href":"https:\/\/www.filtnor.com\/fi\/wp-json\/wp\/v2\/media?parent=6305"}],"curies":[{"name":"wp","href":"https:\/\/api.w.org\/{rel}","templated":true}]}}