{"id":6245,"date":"2025-08-23T17:30:37","date_gmt":"2025-08-23T15:30:37","guid":{"rendered":"https:\/\/www.filtnor.com\/?page_id=6245"},"modified":"2025-08-23T20:24:49","modified_gmt":"2025-08-23T18:24:49","slug":"tornipuristimen-suodatinlevyt","status":"publish","type":"page","link":"https:\/\/www.filtnor.com\/fi\/tuotteet\/suodatus\/vedenpoistojarjestelmat\/suodatinpuristimet-2\/tornipuristimet\/tornipuristimen-varaosat\/tornipuristimen-suodatinlevyt\/","title":{"rendered":"Tornipuristimet Suodatinlevyt"},"content":{"rendered":"<div class=\"wpb-content-wrapper\"><div class=\"vc_row wpb_row vc_row-fluid vc_custom_1691587735553\"><div class=\"wpb_column vc_column_container vc_col-sm-12 vc_col-lg-6 vc_col-md-6\"><div class=\"vc_column-inner\"><div class=\"wpb_wrapper\"><div class=\"section-title-wrapper shortcode-rand-2 induzy-inline-css\" data-css=\"&quot;.shortcode-rand-2 .title-separator.separator-border { background-color: ; }.shortcode-rand-2 .section-title { text-transform: none; }&quot;\"><div class=\"title-wrap\"><h2 class=\"section-title\">Suodatinlevyt tornipuristimille<\/h2><span class=\"title-separator separator-border theme-color-bg\"><\/span><\/div><!-- .title-wrap --><div class=\"section-description\">Tornipuristimet on suunniteltu jatkuvaan, suuren kapasiteetin kiinte\u00e4n aineen ja nesteen erotteluun \u2013 ja suodatinlevyt ovat avain vakaaseen ja tehokkaaseen toimintaan. Filtnorilla toimitamme korkealaatuisia tornipuristimen suodatinlevyj\u00e4, jotka on suunniteltu k\u00e4sittelem\u00e4\u00e4n vaativia teollisia prosesseja maksimaalisella luotettavuudella ja pitk\u00e4ll\u00e4 k\u00e4ytt\u00f6i\u00e4ll\u00e4.<\/div><!-- .section-description --><\/div><!-- .section-title-wrapper --><div class=\"feature-box-wrapper feature-box-style-1 vc_custom_1719170944067 shortcode-rand-3 induzy-inline-css\" data-css=\"&quot;.shortcode-rand-3.feature-box-wrapper {background: -moz-linear-gradient(141deg,  0%,  51%,  75%);\\r\\n\\t\\t\\t\\tbackground: -webkit-linear-gradient(141deg,  0%,  51%,  75%);\\r\\n\\t\\t\\t\\tbackground: linear-gradient(141deg,  0%,  51%,  75%);}.shortcode-rand-3 .feature-box-icon { font-size: 24px; }.shortcode-rand-3 .feature-box-icon { height: 48px; width: 48px; }.shortcode-rand-3 .feature-box-icon &gt; span { line-height: 2; }.shortcode-rand-3:hover .feature-box-icon { background: none; }&quot;\" ><div class=\"feature-box-btn\"><a class=\"btn default\" href=\"https:\/\/www.filtnor.com\/fi\/ota-meihin-yhteytta\/\" title=\"L\u00c4HET\u00c4 KYSYMYS \u00bb\">L\u00c4HET\u00c4 KYSYMYS \u00bb<\/a><\/div><!-- .feature-box-btn --><\/div><!-- .feature-box-wrapper --><\/div><\/div><\/div><div class=\"wpb_column vc_column_container vc_col-sm-12 vc_col-lg-6 vc_col-md-6\"><div class=\"vc_column-inner\"><div class=\"wpb_wrapper\">\n\t<div  class=\"wpb_single_image wpb_content_element vc_align_left wpb_content_element\">\n\t\t\n\t\t<figure class=\"wpb_wrapper vc_figure\">\n\t\t\t<div class=\"vc_single_image-wrapper   vc_box_border_grey\"><img loading=\"lazy\" decoding=\"async\" width=\"1024\" height=\"1024\" src=\"https:\/\/www.filtnor.com\/wp-content\/uploads\/2025\/08\/products_filtration_dewatering-systems_pressure-filters_filter-presses_tower-press-spare-parts_tower-press-filter-plates-001.png\" class=\"vc_single_image-img attachment-full\" alt=\"Tornipuristussuodatinlevyt t\u00e4ydellisess\u00e4 levypakkauksessa suuren kapasiteetin teollisuussuodatukseen.\" title=\"Levypakkaus tornipuristimille\" srcset=\"https:\/\/www.filtnor.com\/wp-content\/uploads\/2025\/08\/products_filtration_dewatering-systems_pressure-filters_filter-presses_tower-press-spare-parts_tower-press-filter-plates-001.png 1024w, https:\/\/www.filtnor.com\/wp-content\/uploads\/2025\/08\/products_filtration_dewatering-systems_pressure-filters_filter-presses_tower-press-spare-parts_tower-press-filter-plates-001-80x80.png 80w, https:\/\/www.filtnor.com\/wp-content\/uploads\/2025\/08\/products_filtration_dewatering-systems_pressure-filters_filter-presses_tower-press-spare-parts_tower-press-filter-plates-001-768x768.png 768w, https:\/\/www.filtnor.com\/wp-content\/uploads\/2025\/08\/products_filtration_dewatering-systems_pressure-filters_filter-presses_tower-press-spare-parts_tower-press-filter-plates-001-12x12.png 12w, https:\/\/www.filtnor.com\/wp-content\/uploads\/2025\/08\/products_filtration_dewatering-systems_pressure-filters_filter-presses_tower-press-spare-parts_tower-press-filter-plates-001-600x600.png 600w, https:\/\/www.filtnor.com\/wp-content\/uploads\/2025\/08\/products_filtration_dewatering-systems_pressure-filters_filter-presses_tower-press-spare-parts_tower-press-filter-plates-001-300x300.png 300w, https:\/\/www.filtnor.com\/wp-content\/uploads\/2025\/08\/products_filtration_dewatering-systems_pressure-filters_filter-presses_tower-press-spare-parts_tower-press-filter-plates-001-100x100.png 100w\" sizes=\"auto, (max-width: 1024px) 100vw, 1024px\" \/><\/div>\n\t\t<\/figure>\n\t<\/div>\n<\/div><\/div><\/div><\/div><div class=\"vc_row wpb_row vc_row-fluid vc_custom_1691588774257\"><div class=\"wpb_column vc_column_container vc_col-sm-6\"><div class=\"vc_column-inner\"><div class=\"wpb_wrapper\"><div class=\"section-title-wrapper shortcode-rand-5 induzy-inline-css\" data-css=\"&quot;.shortcode-rand-5 .title-separator.separator-border { background-color: ; }.shortcode-rand-5 .section-title { text-transform: none; }&quot;\"><div class=\"title-wrap\"><h4 class=\"section-title\">Tyypillisi\u00e4 ongelmia Tower Press -suodatinlevyjen kanssa<\/h4><span class=\"title-separator separator-border theme-color-bg\"><\/span><\/div><!-- .title-wrap --><div class=\"section-description\"><\/p>\n<p data-start=\"602\" data-end=\"780\">Tornipuristimissa suodatinlevyt altistuvat jatkuvalle mekaaniselle rasitukselle, paineenvaihteluille ja vaativille lieteolosuhteille. Ajan my\u00f6t\u00e4 kuluminen tai vaurioituminen voi aiheuttaa vakavia ongelmia:<\/p>\n<ul data-start=\"781\" data-end=\"1029\">\n<li data-start=\"781\" data-end=\"841\">\n<p data-start=\"783\" data-end=\"841\">Suodatinkankaiden lis\u00e4\u00e4ntynyt kuluminen, mik\u00e4 lyhent\u00e4\u00e4 niiden k\u00e4ytt\u00f6ik\u00e4\u00e4<\/p>\n<\/li>\n<li data-start=\"842\" data-end=\"922\">\n<p data-start=\"844\" data-end=\"922\">Halkeamat, kolhut tai muodonmuutokset, jotka vaikuttavat kakun irtoamiseen ja suodoksen laatuun<\/p>\n<\/li>\n<li data-start=\"923\" data-end=\"1029\">\n<p data-start=\"925\" data-end=\"1029\">V\u00e4\u00e4r\u00e4n linjauksen tai levyvaurion levi\u00e4minen viereisiin levyihin, mik\u00e4 johtaa kalliisiin korjauksiin ja seisokkeihin<\/p>\n<\/li>\n<\/ul>\n<p data-start=\"1031\" data-end=\"1159\">Tasaisen suorituskyvyn yll\u00e4pit\u00e4miseksi vaurioituneet levyt tulee aina vaihtaa v\u00e4litt\u00f6m\u00e4sti ennen kuin ne aiheuttavat toissijaisia vikoja.<\/p>\n<p><\/div><!-- .section-description --><\/div><!-- .section-title-wrapper --><\/div><\/div><\/div><div class=\"wpb_column vc_column_container vc_col-sm-6\"><div class=\"vc_column-inner\"><div class=\"wpb_wrapper\"><div class=\"section-title-wrapper margin-bottom-30 shortcode-rand-6 induzy-inline-css\" data-css=\"&quot;.shortcode-rand-6 .title-separator.separator-border { background-color: ; }.shortcode-rand-6 .section-title { text-transform: none; }&quot;\"><div class=\"title-wrap\"><h4 class=\"section-title\">Joitakin etuja<\/h4><span class=\"title-separator separator-border theme-color-bg\"><\/span><\/div><!-- .title-wrap --><div class=\"section-description\"><\/div><!-- .section-description --><\/div><!-- .section-title-wrapper --><div class=\"list-item-wrapper\" data-css=\"&quot;&quot;\"><div class=\"list-item-inner\" data-css=\"&quot;&quot;\"><div class=\"list-item-title media\"><span class=\"mr-3 icon-light fa fa-solid fa-check\"><\/span><div class=\"media-body align-self-center list-item-desc\">Lyhyempi seisokkiaika<\/div><\/div><!-- .list-item-title --><\/div><!-- .list-item-inner --><div class=\"list-item-inner\" data-css=\"&quot;&quot;\"><div class=\"list-item-title media\"><span class=\"mr-3 icon-light fa fa-solid fa-check\"><\/span><div class=\"media-body align-self-center list-item-desc\">Optimoitu suodatus<\/div><\/div><!-- .list-item-title --><\/div><!-- .list-item-inner --><div class=\"list-item-inner\" data-css=\"&quot;&quot;\"><div class=\"list-item-title media\"><span class=\"mr-3 icon-light fa fa-solid fa-check\"><\/span><div class=\"media-body align-self-center list-item-desc\">Pitk\u00e4 k\u00e4ytt\u00f6ik\u00e4<\/div><\/div><!-- .list-item-title --><\/div><!-- .list-item-inner --><div class=\"list-item-inner\" data-css=\"&quot;&quot;\"><div class=\"list-item-title media\"><span class=\"mr-3 icon-light fa fa-solid fa-check\"><\/span><div class=\"media-body align-self-center list-item-desc\">V\u00e4hemm\u00e4n huoltoa<\/div><\/div><!-- .list-item-title --><\/div><!-- .list-item-inner --><\/div><!-- .list-item-wrapper --><\/div><\/div><\/div><\/div><div class=\"vc_row wpb_row vc_row-fluid vc_custom_1691588774257\"><div class=\"wpb_column vc_column_container vc_col-sm-6\"><div class=\"vc_column-inner\"><div class=\"wpb_wrapper\"><div class=\"section-title-wrapper shortcode-rand-13 induzy-inline-css\" data-css=\"&quot;.shortcode-rand-13 .title-separator.separator-border { background-color: ; }.shortcode-rand-13 .section-title { text-transform: none; }&quot;\"><div class=\"title-wrap\"><h4 class=\"section-title\">Vaihtolevyt ja optimoidut ratkaisut<\/h4><span class=\"title-separator separator-border theme-color-bg\"><\/span><\/div><!-- .title-wrap --><div class=\"section-description\"><\/p>\n<p data-start=\"1227\" data-end=\"1497\">Filtnor toimittaa identtiset varalevyt kaikkiin t\u00e4rkeimpiin tornipuristinmalleihin, mik\u00e4 varmistaa t\u00e4ydellisen istuvuuden ja nopean vaihdon. Asiakkaille, jotka haluavat parantaa suorituskyky\u00e4, voimme my\u00f6s suunnitella ja toimittaa t\u00e4ydellisen levypaketin, joka on optimoitu heid\u00e4n erityisiin prosessivaatimuksiinsa.<\/p>\n<p data-start=\"1499\" data-end=\"1807\">Tornipuristuslevymme valmistetaan standardin <strong data-start=\"1546\" data-end=\"1581\">korkeimmat kansainv\u00e4liset standardit<\/strong> \u2013 vahvasti keskittyen <strong data-start=\"1607\" data-end=\"1685\">pitk\u00e4 k\u00e4ytt\u00f6ik\u00e4, v\u00e4hemm\u00e4n kankaan kulumista ja optimoitu suodatustehokkuus<\/strong>. Keskittym\u00e4ll\u00e4 kokonaiskustannuksiin autamme asiakkaitamme saavuttamaan luotettavan toiminnan ja alentamaan elinkaarikustannuksia.<\/p>\n<p><\/div><!-- .section-description --><\/div><!-- .section-title-wrapper --><\/div><\/div><\/div><div class=\"wpb_column vc_column_container vc_col-sm-6\"><div class=\"vc_column-inner\"><div class=\"wpb_wrapper\">\n\t<div  class=\"wpb_single_image wpb_content_element vc_align_left wpb_content_element\">\n\t\t\n\t\t<figure class=\"wpb_wrapper vc_figure\">\n\t\t\t<div class=\"vc_single_image-wrapper   vc_box_border_grey\"><img loading=\"lazy\" decoding=\"async\" width=\"768\" height=\"456\" src=\"https:\/\/www.filtnor.com\/wp-content\/uploads\/2025\/08\/products_filtration_dewatering-systems_pressure-filters_filter-presses_tower-press-spare-parts_tower-press-filter-plates-002-768x456.png\" class=\"vc_single_image-img attachment-medium\" alt=\"T\u00e4ysi levypakkaus tornipuristinsuodatinlevyj\u00e4, jotka on suunniteltu jatkuvaan kiinte\u00e4n ja nestem\u00e4isen aineen erotukseen.\" title=\"Tower Press -levypakkaus\" srcset=\"https:\/\/www.filtnor.com\/wp-content\/uploads\/2025\/08\/products_filtration_dewatering-systems_pressure-filters_filter-presses_tower-press-spare-parts_tower-press-filter-plates-002-768x456.png 768w, https:\/\/www.filtnor.com\/wp-content\/uploads\/2025\/08\/products_filtration_dewatering-systems_pressure-filters_filter-presses_tower-press-spare-parts_tower-press-filter-plates-002-18x12.png 18w, https:\/\/www.filtnor.com\/wp-content\/uploads\/2025\/08\/products_filtration_dewatering-systems_pressure-filters_filter-presses_tower-press-spare-parts_tower-press-filter-plates-002-440x260.png 440w, https:\/\/www.filtnor.com\/wp-content\/uploads\/2025\/08\/products_filtration_dewatering-systems_pressure-filters_filter-presses_tower-press-spare-parts_tower-press-filter-plates-002-390x231.png 390w, https:\/\/www.filtnor.com\/wp-content\/uploads\/2025\/08\/products_filtration_dewatering-systems_pressure-filters_filter-presses_tower-press-spare-parts_tower-press-filter-plates-002-220x130.png 220w\" sizes=\"auto, (max-width: 768px) 100vw, 768px\" \/><\/div>\n\t\t<\/figure>\n\t<\/div>\n<\/div><\/div><\/div><\/div><div data-vc-full-width=\"true\" data-vc-full-width-init=\"false\" class=\"vc_row wpb_row vc_row-fluid additional-call-to-action vc_custom_1691588100630 vc_row-has-fill\"><div class=\"wpb_column vc_column_container vc_col-sm-12\"><div class=\"vc_column-inner\"><div class=\"wpb_wrapper\"><div class=\"vc_row wpb_row vc_inner vc_row-fluid\"><div class=\"wpb_column vc_column_container vc_col-sm-12 vc_col-lg-9 vc_col-md-12\"><div class=\"vc_column-inner\"><div class=\"wpb_wrapper\"><div class=\"feature-box-wrapper feature-box-style-1 shortcode-rand-15 induzy-inline-css feature-list-1\" data-css=\"&quot;.shortcode-rand-15.feature-box-wrapper { color: #000000; }.shortcode-rand-15.feature-box-wrapper {background: -moz-linear-gradient(141deg,  0%,  51%,  75%);\\r\\n\\t\\t\\t\\tbackground: -webkit-linear-gradient(141deg,  0%,  51%,  75%);\\r\\n\\t\\t\\t\\tbackground: linear-gradient(141deg,  0%,  51%,  75%);}.shortcode-rand-15 .feature-box-icon { font-size: 30px; }.shortcode-rand-15 .feature-box-icon { height: 60px; width: 60px; }.shortcode-rand-15 .feature-box-icon &gt; span { line-height: 2; }.shortcode-rand-15:hover .feature-box-icon { background: none; }&quot;\" ><div class=\"fbox-list\"><div class=\"media\"><div class=\"feature-box-icon mr-3 text-center rounded-circle none\"><span class=\"\"><\/span><\/div><!-- .feature-box-icon --><div class=\"media-body\"><div class=\"feature-box-title\"><h4 class=\"section-title\">Etk\u00f6 l\u00f6yd\u00e4 etsim\u00e4\u00e4si?<\/h4><\/div><!-- .feature-box-title --><div class=\"feature-box-content\">Ota yhteytt\u00e4, niin autamme sinua l\u00f6yt\u00e4m\u00e4\u00e4n sen!<\/div><!-- .feature-box-content --><\/div><\/div><\/div><\/div><!-- .feature-box-wrapper --><\/div><\/div><\/div><div class=\"wpb_column vc_column_container vc_col-sm-12 vc_col-lg-3 vc_col-md-12\"><div class=\"vc_column-inner vc_custom_1691588352947\"><div class=\"wpb_wrapper\"><div class=\"vc_btn3-container  additional-btn vc_btn3-right vc_custom_1719171031114 vc_do_btn\" ><a style=\"background-color:#06295e; color:#ffffff;\" class=\"vc_general vc_btn3 vc_btn3-size-md vc_btn3-shape-rounded vc_btn3-style-custom\" href=\"https:\/\/www.filtnor.com\/fi\/ota-meihin-yhteytta\/\" title=\"Ota yhteytt\u00e4\">L\u00c4HET\u00c4 KYSYMYS \u00bb<\/a><\/div><\/div><\/div><\/div><\/div><\/div><\/div><\/div><\/div><div class=\"vc_row-full-width vc_clearfix\"><\/div>\n<\/div>","protected":false},"excerpt":{"rendered":"Tornipuristimen suodatinlevytTornipuristimet on suunniteltu jatkuvaan, suuren kapasiteetin kiinte\u00e4n aineen ja nesteen erotteluun \u2013 ja suodatinlevyt ovat avain vakaaseen ja tehokkaaseen toimintaan. Filtnorilla toimitamme korkealaatuisia tornipuristimen suodatinlevyj\u00e4, jotka on suunniteltu k\u00e4sittelem\u00e4\u00e4n vaativia teollisia prosesseja maksimaalisella luotettavuudella ja pitk\u00e4ll\u00e4 k\u00e4ytt\u00f6i\u00e4ll\u00e4.L\u00c4HET\u00c4 KYSELY \u00bb Tyypillisi\u00e4 ongelmia tornipuristimen suodattimessa","protected":false},"author":1,"featured_media":0,"parent":3983,"menu_order":0,"comment_status":"closed","ping_status":"closed","template":"","meta":{"om_disable_all_campaigns":false,"footnotes":""},"class_list":["post-6245","page","type-page","status-publish","hentry"],"yoast_head":"<!-- This site is optimized with the Yoast SEO Premium plugin v26.1 (Yoast SEO v27.4) - https:\/\/yoast.com\/product\/yoast-seo-premium-wordpress\/ -->\n<title>Tower Presses Filter Plates - Filtnor<\/title>\n<meta name=\"description\" content=\"Filtnor supplies durable tower press filter plates \u2013 long life, reduced cloth wear, and optimized filtration for demanding processes.\" \/>\n<meta name=\"robots\" content=\"index, follow, max-snippet:-1, max-image-preview:large, max-video-preview:-1\" \/>\n<link rel=\"canonical\" href=\"https:\/\/www.filtnor.com\/fi\/tuotteet\/suodatus\/vedenpoistojarjestelmat\/suodatinpuristimet-2\/tornipuristimet\/tornipuristimen-varaosat\/tornipuristimen-suodatinlevyt\/\" \/>\n<meta property=\"og:locale\" content=\"fi_FI\" \/>\n<meta property=\"og:type\" content=\"article\" \/>\n<meta property=\"og:title\" content=\"Tower Presses Filter Plates\" \/>\n<meta property=\"og:description\" content=\"Filtnor supplies durable tower press filter plates \u2013 long life, reduced cloth wear, and optimized filtration for demanding processes.\" \/>\n<meta property=\"og:url\" content=\"https:\/\/www.filtnor.com\/fi\/tuotteet\/suodatus\/vedenpoistojarjestelmat\/suodatinpuristimet-2\/tornipuristimet\/tornipuristimen-varaosat\/tornipuristimen-suodatinlevyt\/\" \/>\n<meta property=\"og:site_name\" content=\"Filtnor\" \/>\n<meta property=\"article:modified_time\" content=\"2025-08-23T18:24:49+00:00\" \/>\n<meta name=\"twitter:card\" content=\"summary_large_image\" \/>\n<meta name=\"twitter:label1\" content=\"Arvioitu lukuaika\" \/>\n\t<meta name=\"twitter:data1\" content=\"3 minuuttia\" \/>\n<script type=\"application\/ld+json\" class=\"yoast-schema-graph\">{\"@context\":\"https:\\\/\\\/schema.org\",\"@graph\":[{\"@type\":\"WebPage\",\"@id\":\"https:\\\/\\\/www.filtnor.com\\\/products\\\/filtration\\\/dewatering-systems\\\/pressure-filters\\\/tower-presses\\\/tower-press-spare-parts\\\/tower-press-filter-plates\\\/\",\"url\":\"https:\\\/\\\/www.filtnor.com\\\/products\\\/filtration\\\/dewatering-systems\\\/pressure-filters\\\/tower-presses\\\/tower-press-spare-parts\\\/tower-press-filter-plates\\\/\",\"name\":\"Tower Presses Filter Plates - Filtnor\",\"isPartOf\":{\"@id\":\"https:\\\/\\\/www.filtnor.com\\\/#website\"},\"datePublished\":\"2025-08-23T15:30:37+00:00\",\"dateModified\":\"2025-08-23T18:24:49+00:00\",\"description\":\"Filtnor supplies durable tower press filter plates \u2013 long life, reduced cloth wear, and optimized filtration for demanding processes.\",\"breadcrumb\":{\"@id\":\"https:\\\/\\\/www.filtnor.com\\\/products\\\/filtration\\\/dewatering-systems\\\/pressure-filters\\\/tower-presses\\\/tower-press-spare-parts\\\/tower-press-filter-plates\\\/#breadcrumb\"},\"inLanguage\":\"fi\",\"potentialAction\":[{\"@type\":\"ReadAction\",\"target\":[\"https:\\\/\\\/www.filtnor.com\\\/products\\\/filtration\\\/dewatering-systems\\\/pressure-filters\\\/tower-presses\\\/tower-press-spare-parts\\\/tower-press-filter-plates\\\/\"]}]},{\"@type\":\"BreadcrumbList\",\"@id\":\"https:\\\/\\\/www.filtnor.com\\\/products\\\/filtration\\\/dewatering-systems\\\/pressure-filters\\\/tower-presses\\\/tower-press-spare-parts\\\/tower-press-filter-plates\\\/#breadcrumb\",\"itemListElement\":[{\"@type\":\"ListItem\",\"position\":1,\"name\":\"Home\",\"item\":\"https:\\\/\\\/www.filtnor.com\\\/\"},{\"@type\":\"ListItem\",\"position\":2,\"name\":\"Product groups from Filtnor\",\"item\":\"https:\\\/\\\/www.filtnor.com\\\/products\\\/\"},{\"@type\":\"ListItem\",\"position\":3,\"name\":\"Filtration\",\"item\":\"https:\\\/\\\/www.filtnor.com\\\/products\\\/filtration\\\/\"},{\"@type\":\"ListItem\",\"position\":4,\"name\":\"Dewatering Systems\",\"item\":\"https:\\\/\\\/www.filtnor.com\\\/products\\\/filtration\\\/dewatering-systems\\\/\"},{\"@type\":\"ListItem\",\"position\":5,\"name\":\"Pressure filters\",\"item\":\"https:\\\/\\\/www.filtnor.com\\\/products\\\/filtration\\\/dewatering-systems\\\/pressure-filters\\\/\"},{\"@type\":\"ListItem\",\"position\":6,\"name\":\"Tower presses\",\"item\":\"https:\\\/\\\/www.filtnor.com\\\/products\\\/filtration\\\/dewatering-systems\\\/pressure-filters\\\/tower-presses\\\/\"},{\"@type\":\"ListItem\",\"position\":7,\"name\":\"Tower Press Spare Parts\",\"item\":\"https:\\\/\\\/www.filtnor.com\\\/products\\\/filtration\\\/dewatering-systems\\\/pressure-filters\\\/tower-presses\\\/tower-press-spare-parts\\\/\"},{\"@type\":\"ListItem\",\"position\":8,\"name\":\"Tower Presses Filter Plates\"}]},{\"@type\":\"WebSite\",\"@id\":\"https:\\\/\\\/www.filtnor.com\\\/#website\",\"url\":\"https:\\\/\\\/www.filtnor.com\\\/\",\"name\":\"Filtnor\",\"description\":\"Filtration you can trust. Performance that lasts.\",\"potentialAction\":[{\"@type\":\"SearchAction\",\"target\":{\"@type\":\"EntryPoint\",\"urlTemplate\":\"https:\\\/\\\/www.filtnor.com\\\/?s={search_term_string}\"},\"query-input\":{\"@type\":\"PropertyValueSpecification\",\"valueRequired\":true,\"valueName\":\"search_term_string\"}}],\"inLanguage\":\"fi\"}]}<\/script>\n<!-- \/ Yoast SEO Premium plugin. -->","yoast_head_json":{"title":"Tornipuristimet Suodatinlevyt - Filtnor","description":"Filtnor toimittaa kest\u00e4vi\u00e4 tornipuristinsuodatinlevyj\u00e4 \u2013 pitk\u00e4ik\u00e4isi\u00e4, v\u00e4hemm\u00e4n kankaan kulumista ja optimoitua suodatusta vaativiin prosesseihin.","robots":{"index":"index","follow":"follow","max-snippet":"max-snippet:-1","max-image-preview":"max-image-preview:large","max-video-preview":"max-video-preview:-1"},"canonical":"https:\/\/www.filtnor.com\/fi\/tuotteet\/suodatus\/vedenpoistojarjestelmat\/suodatinpuristimet-2\/tornipuristimet\/tornipuristimen-varaosat\/tornipuristimen-suodatinlevyt\/","og_locale":"fi_FI","og_type":"article","og_title":"Tower Presses Filter Plates","og_description":"Filtnor supplies durable tower press filter plates \u2013 long life, reduced cloth wear, and optimized filtration for demanding processes.","og_url":"https:\/\/www.filtnor.com\/fi\/tuotteet\/suodatus\/vedenpoistojarjestelmat\/suodatinpuristimet-2\/tornipuristimet\/tornipuristimen-varaosat\/tornipuristimen-suodatinlevyt\/","og_site_name":"Filtnor","article_modified_time":"2025-08-23T18:24:49+00:00","twitter_card":"summary_large_image","twitter_misc":{"Arvioitu lukuaika":"3 minuuttia"},"schema":{"@context":"https:\/\/schema.org","@graph":[{"@type":"WebPage","@id":"https:\/\/www.filtnor.com\/products\/filtration\/dewatering-systems\/pressure-filters\/tower-presses\/tower-press-spare-parts\/tower-press-filter-plates\/","url":"https:\/\/www.filtnor.com\/products\/filtration\/dewatering-systems\/pressure-filters\/tower-presses\/tower-press-spare-parts\/tower-press-filter-plates\/","name":"Tornipuristimet Suodatinlevyt - Filtnor","isPartOf":{"@id":"https:\/\/www.filtnor.com\/#website"},"datePublished":"2025-08-23T15:30:37+00:00","dateModified":"2025-08-23T18:24:49+00:00","description":"Filtnor toimittaa kest\u00e4vi\u00e4 tornipuristinsuodatinlevyj\u00e4 \u2013 pitk\u00e4ik\u00e4isi\u00e4, v\u00e4hemm\u00e4n kankaan kulumista ja optimoitua suodatusta vaativiin prosesseihin.","breadcrumb":{"@id":"https:\/\/www.filtnor.com\/products\/filtration\/dewatering-systems\/pressure-filters\/tower-presses\/tower-press-spare-parts\/tower-press-filter-plates\/#breadcrumb"},"inLanguage":"fi","potentialAction":[{"@type":"ReadAction","target":["https:\/\/www.filtnor.com\/products\/filtration\/dewatering-systems\/pressure-filters\/tower-presses\/tower-press-spare-parts\/tower-press-filter-plates\/"]}]},{"@type":"BreadcrumbList","@id":"https:\/\/www.filtnor.com\/products\/filtration\/dewatering-systems\/pressure-filters\/tower-presses\/tower-press-spare-parts\/tower-press-filter-plates\/#breadcrumb","itemListElement":[{"@type":"ListItem","position":1,"name":"Home","item":"https:\/\/www.filtnor.com\/"},{"@type":"ListItem","position":2,"name":"Product groups from Filtnor","item":"https:\/\/www.filtnor.com\/products\/"},{"@type":"ListItem","position":3,"name":"Filtration","item":"https:\/\/www.filtnor.com\/products\/filtration\/"},{"@type":"ListItem","position":4,"name":"Dewatering Systems","item":"https:\/\/www.filtnor.com\/products\/filtration\/dewatering-systems\/"},{"@type":"ListItem","position":5,"name":"Pressure filters","item":"https:\/\/www.filtnor.com\/products\/filtration\/dewatering-systems\/pressure-filters\/"},{"@type":"ListItem","position":6,"name":"Tower presses","item":"https:\/\/www.filtnor.com\/products\/filtration\/dewatering-systems\/pressure-filters\/tower-presses\/"},{"@type":"ListItem","position":7,"name":"Tower Press Spare Parts","item":"https:\/\/www.filtnor.com\/products\/filtration\/dewatering-systems\/pressure-filters\/tower-presses\/tower-press-spare-parts\/"},{"@type":"ListItem","position":8,"name":"Tower Presses Filter Plates"}]},{"@type":"WebSite","@id":"https:\/\/www.filtnor.com\/#website","url":"https:\/\/www.filtnor.com\/","name":"Filtnor","description":"Suodatus, johon voit luottaa. Suorituskyky\u00e4, joka kest\u00e4\u00e4.","potentialAction":[{"@type":"SearchAction","target":{"@type":"EntryPoint","urlTemplate":"https:\/\/www.filtnor.com\/?s={search_term_string}"},"query-input":{"@type":"PropertyValueSpecification","valueRequired":true,"valueName":"search_term_string"}}],"inLanguage":"fi"}]}},"_links":{"self":[{"href":"https:\/\/www.filtnor.com\/fi\/wp-json\/wp\/v2\/pages\/6245","targetHints":{"allow":["GET"]}}],"collection":[{"href":"https:\/\/www.filtnor.com\/fi\/wp-json\/wp\/v2\/pages"}],"about":[{"href":"https:\/\/www.filtnor.com\/fi\/wp-json\/wp\/v2\/types\/page"}],"author":[{"embeddable":true,"href":"https:\/\/www.filtnor.com\/fi\/wp-json\/wp\/v2\/users\/1"}],"replies":[{"embeddable":true,"href":"https:\/\/www.filtnor.com\/fi\/wp-json\/wp\/v2\/comments?post=6245"}],"version-history":[{"count":9,"href":"https:\/\/www.filtnor.com\/fi\/wp-json\/wp\/v2\/pages\/6245\/revisions"}],"predecessor-version":[{"id":6273,"href":"https:\/\/www.filtnor.com\/fi\/wp-json\/wp\/v2\/pages\/6245\/revisions\/6273"}],"up":[{"embeddable":true,"href":"https:\/\/www.filtnor.com\/fi\/wp-json\/wp\/v2\/pages\/3983"}],"wp:attachment":[{"href":"https:\/\/www.filtnor.com\/fi\/wp-json\/wp\/v2\/media?parent=6245"}],"curies":[{"name":"wp","href":"https:\/\/api.w.org\/{rel}","templated":true}]}}